{"id":159074,"date":"2023-06-22T08:43:13","date_gmt":"2023-06-22T08:43:13","guid":{"rendered":"http:\/\/talkpal.ai\/exercitii-de-gramatica-maori\/"},"modified":"2025-12-17T14:39:45","modified_gmt":"2025-12-17T14:39:45","slug":"exercitii-de-gramatica-maori","status":"publish","type":"page","link":"https:\/\/talkpal.ai\/ro\/exercitii-de-gramatica-maori\/","title":{"rendered":"Exerci\u021bii de gramatic\u0103 Maori"},"content":{"rendered":"\r\n\r\n\r\n<section class=\"languageChallengeSection\">\r\n    <div class=\"languageInfoWrapper\">\r\n        \r\n        <h1>Exerci\u021bii de gramatic\u0103 Maori<\/h1>\r\n        <p>Dori\u021bi s\u0103 v\u0103 consolida\u021bi competen\u021bele <a href=\"https:\/\/talkpal.ai\/culture\/how-do-i-start-learning-te-reo-maori-as-a-beginner\/\">te reo M\u0101ori<\/a>? Practicarea exerci\u021biilor gramaticale este o modalitate excelent\u0103 de a \u00een\u021belege structura propozi\u021biilor, formele verbale \u0219i modelele cheie ale limbii. \u00cencepe\u021bi ast\u0103zi explorarea gramaticii M\u0101ori \u0219i vede\u021bi cum v\u0103 cre\u0219te \u00eencrederea \u0219i abilitatea cu fiecare exerci\u021biu nou!<\/p>\r\n\r\n                            <a class=\"getStartedHidden\" href=\"https:\/\/app.talkpal.ai\/ro\/signup?lng=\">\u00cencepe<\/a>\r\n        \r\n    <\/div>\r\n\r\n    <figure>\r\n    <img decoding=\"async\" width=\"768\" height=\"768\" src=\"https:\/\/talkpal.ai\/wp-content\/uploads\/2023\/06\/maori-768x768.png\" class=\"languageImage no-lazy\" alt=\"Language learning for social and professional settings\" fetchpriority=\"high\" sizes=\"(max-width: 768px) 150px, 768px\" srcset=\"https:\/\/talkpal.ai\/wp-content\/uploads\/2023\/06\/maori-768x768.png 768w, https:\/\/talkpal.ai\/wp-content\/uploads\/2023\/06\/maori-300x300.png 300w\" \/>\r\n    \r\n\r\n    <\/figure>\r\n\r\n            <a class=\"getStartedVisible\" href=\"https:\/\/app.talkpal.ai\/ro\/signup?lng=\">\u00cencepe<\/a>\r\n    \r\n<\/section>\r\n\r\n\r\n<!-- <section class=\"grammarSection\">\r\n    <div class=\"grammarLinks\">\r\n            <\/div>\r\n<\/section> -->\r\n\r\n\r\n\r\n\r\n<section class=\"promotionalBanner\">\r\n    <p class=\"promotionalText\">Cel mai eficient mod de a \u00eenv\u0103\u021ba o limb\u0103<\/p>\r\n    <a class=\"promotionalLink\" href=\"https:\/\/app.talkpal.ai\/ro\/signup?lng=\">\u00cencerca\u021bi Talkpal gratuit<\/a>\r\n<\/section>\n<div class=\"wp-block-group pageContainerStyle\"><div class=\"wp-block-group__inner-container is-layout-constrained wp-block-group-is-layout-constrained\">\n<h2 class=\"wp-block-heading\" id=\"h-maori-grammar-topics\">Subiecte gramaticale Maori<\/h2>\n\n\n\n<p>Limba <a href=\"https:\/\/talkpal.ai\/learn-maori\/\">maori<\/a>, cunoscut\u0103 sub numele de te reo M\u0101ori, este o limb\u0103 din Polinezia de Est nativ\u0103 din Noua Zeeland\u0103. Ca limb\u0103 oficial\u0103 a \u021b\u0103rii, poart\u0103 un bogat patrimoniu cultural \u0219i caracteristici lingvistice unice. \u00cenv\u0103\u021barea gramaticii <a href=\"https:\/\/talkpal.ai\/learn-maori\/\">maori<\/a> este esen\u021bial\u0103 pentru \u00een\u021belegerea \u0219i comunicarea eficient\u0103 \u00een limb\u0103. Acest ghid ofer\u0103 o imagine de ansamblu asupra subiectelor cruciale de <a href=\"https:\/\/talkpal.ai\/maori-grammar\/\">gramatic\u0103 maori<\/a>, organizate \u00eentr-o secven\u021b\u0103 conceput\u0103 pentru a v\u0103 facilita procesul de \u00eenv\u0103\u021bare. De la timpuri \u0219i verbe la adjective \u0219i prepozi\u021bii, acest ghid v\u0103 va ajuta s\u0103 \u00een\u021belege\u021bi elementele esen\u021biale ale gramaticii maori \u0219i s\u0103 v\u0103 \u00eembarca\u021bi \u00een c\u0103l\u0103toria de \u00eenv\u0103\u021bare a limbilor str\u0103ine.<\/p>\n\n\n\n<h3 class=\"wp-block-heading\" id=\"h-1-tenses\">1. Timpuri:<\/h3>\n\n\n\n<p>\u00cen Maori, exist\u0103 dou\u0103 timpuri primare \u2013 trecut \u0219i non-trecut. Timpul trecut indic\u0103 ac\u021biuni sau evenimente care s-au \u00eent\u00e2mplat deja, \u00een timp ce timpul non-trecut cuprinde at\u00e2t ac\u021biuni prezente, c\u00e2t \u0219i viitoare. \u00cen\u021belegerea acestor timpuri este crucial\u0103 pentru formarea propozi\u021biilor \u0219i transmiterea corect\u0103 a sensului.<\/p>\n\n\n\n<h3 class=\"wp-block-heading\" id=\"h-2-tense-comparison\">2. Compara\u021bie tensionat\u0103:<\/h3>\n\n\n\n<p>Atunci c\u00e2nd compar\u0103m timpurile \u00een limba maori, este esen\u021bial s\u0103 \u00een\u021belegem cum s\u0103 form\u0103m propozi\u021bii folosind diferitele timpuri \u0219i s\u0103 facem compara\u021bii adecvate \u00eentre ele. Aceast\u0103 cunoa\u0219tere v\u0103 va ajuta s\u0103 exprima\u021bi ac\u021biuni \u0219i evenimente \u00een diferite contexte temporale.<\/p>\n\n\n\n<h3 class=\"wp-block-heading\" id=\"h-3-progressive\">3. Progresiv:<\/h3>\n\n\n\n<p>Aspectul progresiv la Maori indic\u0103 ac\u021biuni continue sau continue. \u00cenv\u0103\u021b\u00e2nd cum s\u0103 utiliza\u021bi aspectul progresiv v\u0103 va permite s\u0103 descrie\u021bi ac\u021biunile care se \u00eent\u00e2mpl\u0103 \u00een acest moment, ad\u0103ug\u00e2nd profunzime comunic\u0103rii dvs.<\/p>\n\n\n\n<h3 class=\"wp-block-heading\" id=\"h-4-perfect-progressive\">4. Progresiv perfect:<\/h3>\n\n\n\n<p>Aspectul progresiv perfect combin\u0103 elemente at\u00e2t ale aspectelor perfecte, c\u00e2t \u0219i progresive, indic\u00e2nd ac\u021biuni care au fost \u00een curs de desf\u0103\u0219urare, dar sunt acum finalizate. St\u0103p\u00e2nirea acestui aspect v\u0103 va ajuta s\u0103 transmite\u021bi idei \u0219i situa\u021bii mai complexe.<\/p>\n\n\n\n<h3 class=\"wp-block-heading\" id=\"h-5-verbs\">5. Verbe:<\/h3>\n\n\n\n<p>Verbele sunt cruciale pentru construirea propozi\u021biilor \u0219i exprimarea ac\u021biunilor sau st\u0103rilor de a fi \u00een maori. Familiarizarea cu conjugarea verbelor, verbele comune \u0219i utilizarea lor este esen\u021bial\u0103 pentru o comunicare eficient\u0103.<\/p>\n\n\n\n<h3 class=\"wp-block-heading\" id=\"h-6-nouns\">6. Substantive:<\/h3>\n\n\n\n<p>Substantivele sunt fundamentul oric\u0103rei limbi, reprezent\u00e2nd oameni, locuri, lucruri sau idei. \u00cenv\u0103\u021barea substantivelor maori v\u0103 va ajuta s\u0103 v\u0103 construi\u021bi vocabularul \u0219i s\u0103 v\u0103 \u00eembun\u0103t\u0103\u021bi\u021bi \u00een\u021belegerea general\u0103 a limbii.<\/p>\n\n\n\n<h3 class=\"wp-block-heading\" id=\"h-7-articles\">7. Articole:<\/h3>\n\n\n\n<p>Maori folose\u0219te articole pentru a specifica caracterul definitiv sau nedefinit al unui substantiv. \u00cen\u021belegerea utiliz\u0103rii articolelor v\u0103 va ajuta s\u0103 construi\u021bi propozi\u021bii cu claritate \u0219i precizie.<\/p>\n\n\n\n<h3 class=\"wp-block-heading\" id=\"h-8-pronouns-determiners\">8. Pronume\/Determinan\u021bi:<\/h3>\n\n\n\n<p>Pronumele \u0219i determinatorii joac\u0103 un rol vital \u00een <a href=\"https:\/\/talkpal.ai\/maori-grammar\/\">gramatica maori<\/a>, ajut\u00e2nd la identificarea sau specificarea unui substantiv. Familiariza\u021bi-v\u0103 cu diferite pronume \u0219i determinan\u021bi pentru a v\u0103 \u00eembun\u0103t\u0103\u021bi abilit\u0103\u021bile lingvistice.<\/p>\n\n\n\n<h3 class=\"wp-block-heading\" id=\"h-9-adjectives\">9. Adjective:<\/h3>\n\n\n\n<p>Adjectivele ofer\u0103 descrieri, calit\u0103\u021bi sau atribute substantivelor. \u00cenv\u0103\u021barea adjectivelor Maori v\u0103 va permite s\u0103 exprima\u021bi idei mai detaliate \u0219i mai nuan\u021bate.<\/p>\n\n\n\n<h3 class=\"wp-block-heading\" id=\"h-10-adverbs\">10. Adverbe:<\/h3>\n\n\n\n<p>Adverbele modific\u0103 verbe, adjective sau alte adverbe, oferind informa\u021bii suplimentare despre ac\u021biuni sau calit\u0103\u021bi. St\u0103p\u00e2nirea adverbelor Maori v\u0103 va ajuta s\u0103 transmite\u021bi sensul mai eficient \u0219i s\u0103 ad\u0103uga\u021bi varietate propozi\u021biilor dvs.<\/p>\n\n\n\n<h3 class=\"wp-block-heading\" id=\"h-11-conditionals\">11. Condi\u021bionale:<\/h3>\n\n\n\n<p>Condi\u021bionalele sunt folosite pentru a exprima situa\u021bii sau consecin\u021be ipotetice \u00een Maori. \u00cen\u021belegerea formelor condi\u021bionale v\u0103 va ajuta s\u0103 comunica\u021bi idei \u0219i posibilit\u0103\u021bi complexe.<\/p>\n\n\n\n<h3 class=\"wp-block-heading\" id=\"h-12-prepositions\">12. Prepozi\u021bii:<\/h3>\n\n\n\n<p>Prepozi\u021biile sunt esen\u021biale pentru indicarea rela\u021biilor dintre cuvinte, cum ar fi loca\u021bia, direc\u021bia sau timpul. \u00cenv\u0103\u021barea prepozi\u021biilor Maori v\u0103 va ajuta s\u0103 construi\u021bi propozi\u021bii mai complexe \u0219i mai semnificative.<\/p>\n\n\n\n<h3 class=\"wp-block-heading\" id=\"h-13-sentences\">13. Propozi\u021bii:<\/h3>\n\n\n\n<p>\u00cen cele din urm\u0103, \u00een\u021belegerea structurii propozi\u021biei \u0219i a ordinii cuvintelor este crucial\u0103 pentru o comunicare eficient\u0103 \u00een Maori. Familiariza\u021bi-v\u0103 cu diferite modele de propozi\u021bii \u0219i exersa\u021bi construirea propozi\u021biilor folosind subiectele gramaticale acoperite \u00een acest ghid.<\/p>\n<\/div><\/div>\n\r\n<section class=\"learnNavigationSection\">\r\n            \r\n        <a href=\"https:\/\/talkpal.ai\/ro\/invata-maori\/\">\r\n            <div class=\"learnNavigationWrapper\">\r\n                <div class=\"learnNavigationContent\">\r\n                    <img decoding=\"async\" src=\"https:\/\/talkpal.ai\/wp-content\/uploads\/2024\/08\/Maori.jpg\" alt=\"New Zealand Flag\">\r\n                    <div>\r\n                        <h4>Lec\u021bii de gramatic\u0103 maori<\/h4>\r\n                        <p>Afla\u021bi totul despre gramatica maori.<\/p>\r\n                    <\/div>\r\n                <\/div>\r\n            <\/div>\r\n        <\/a>\r\n\r\n        \r\n        <a href=\"https:\/\/talkpal.ai\/ro\/gramatica-maori\/\">\r\n            <div class=\"learnNavigationWrapper\">\r\n                <div class=\"learnNavigationContent\">\r\n                    <img decoding=\"async\" src=\"https:\/\/talkpal.ai\/wp-content\/uploads\/2024\/08\/Maori.jpg\" alt=\"New Zealand Flag\">\r\n                    <div>\r\n                        <h4>Lec\u021bii de gramatic\u0103 maori<\/h4>\r\n                        <p>Exersa\u021bi gramatica maori.<\/p>\r\n                    <\/div>\r\n                <\/div>\r\n            <\/div>\r\n        <\/a>\r\n\r\n        \r\n        <a href=\"https:\/\/talkpal.ai\/vocabulary_language\/maori\/\">\r\n            <div class=\"learnNavigationWrapper\">\r\n                <div class=\"learnNavigationContent\">\r\n                    <img decoding=\"async\" src=\"https:\/\/talkpal.ai\/wp-content\/uploads\/2024\/08\/Maori.jpg\" alt=\"New Zealand Flag\">\r\n                    <div>\r\n                        <h4>Vocabular Maori<\/h4>\r\n                        <p>Extinde\u021bi-v\u0103 vocabularul maori.<\/p>\r\n                    <\/div>\r\n                <\/div>\r\n            <\/div>\r\n        <\/a>\r\n\r\n            <\/section>","protected":false},"excerpt":{"rendered":"<p>Subiecte gramaticale Maori Limba maori, cunoscut\u0103 sub numele de te reo M\u0101ori, este o limb\u0103 din Polinezia de Est nativ\u0103 din Noua Zeeland\u0103. Ca limb\u0103 oficial\u0103 a \u021b\u0103rii, poart\u0103 un bogat patrimoniu cultural \u0219i caracteristici lingvistice unice. \u00cenv\u0103\u021barea gramaticii maori este esen\u021bial\u0103 pentru \u00een\u021belegerea \u0219i comunicarea eficient\u0103 \u00een limb\u0103. Acest ghid ofer\u0103 o imagine de [&hellip;]<\/p>\n","protected":false},"author":6,"featured_media":116586,"parent":0,"menu_order":0,"comment_status":"closed","ping_status":"closed","template":"LearningContentPage.php","meta":{"_acf_changed":false,"footnotes":""},"class_list":["post-159074","page","type-page","status-publish","has-post-thumbnail","hentry"],"acf":[],"yoast_head":"<!-- This site is optimized with the Yoast SEO Premium plugin v27.2 (Yoast SEO v27.2) - https:\/\/yoast.com\/product\/yoast-seo-premium-wordpress\/ -->\n<title>Exerci\u021bii de gramatic\u0103 Maori - Talkpal<\/title>\n<meta name=\"description\" content=\"\u00cembun\u0103t\u0103\u021bi\u021bi-v\u0103 competen\u021bele lingvistice cu exerci\u021bii de gramatic\u0103 maori concepute pentru a v\u0103 stimula \u00een\u021belegerea \u0219i fluen\u021ba \u00een limba maori.\" \/>\n<meta name=\"robots\" content=\"index, follow, max-snippet:-1, max-image-preview:large, max-video-preview:-1\" \/>\n<link rel=\"canonical\" href=\"https:\/\/talkpal.ai\/ro\/exercitii-de-gramatica-maori\/\" \/>\n<meta property=\"og:locale\" content=\"ro_RO\" \/>\n<meta property=\"og:type\" content=\"article\" \/>\n<meta property=\"og:title\" content=\"Exerci\u021bii de gramatic\u0103 Maori\" \/>\n<meta property=\"og:description\" content=\"Subiecte gramaticale Maori Limba maori, cunoscut\u0103 sub numele de te reo M\u0101ori, este o limb\u0103 din Polinezia de Est nativ\u0103 din Noua Zeeland\u0103. Ca limb\u0103\" \/>\n<meta property=\"og:url\" content=\"https:\/\/talkpal.ai\/ro\/exercitii-de-gramatica-maori\/\" \/>\n<meta property=\"og:site_name\" content=\"Talkpal\" \/>\n<meta property=\"article:publisher\" content=\"https:\/\/www.facebook.com\/profile.php?id=100090733639311\" \/>\n<meta property=\"article:modified_time\" content=\"2025-12-17T14:39:45+00:00\" \/>\n<meta property=\"og:image\" content=\"https:\/\/talkpal.ai\/wp-content\/uploads\/2023\/05\/Maori-new-zealand.png\" \/>\n\t<meta property=\"og:image:width\" content=\"512\" \/>\n\t<meta property=\"og:image:height\" content=\"512\" \/>\n\t<meta property=\"og:image:type\" content=\"image\/png\" \/>\n<meta name=\"twitter:card\" content=\"summary_large_image\" \/>\n<meta name=\"twitter:site\" content=\"@talkpalai\" \/>\n<meta name=\"twitter:label1\" content=\"Timp estimat pentru citire\" \/>\n\t<meta name=\"twitter:data1\" content=\"3 minute\" \/>\n<script type=\"application\/ld+json\" class=\"yoast-schema-graph\">{\"@context\":\"https:\/\/schema.org\",\"@graph\":[{\"@type\":\"WebPage\",\"@id\":\"https:\/\/talkpal.ai\/ro\/exercitii-de-gramatica-maori\/\",\"url\":\"https:\/\/talkpal.ai\/ro\/exercitii-de-gramatica-maori\/\",\"name\":\"Exerci\u021bii de gramatic\u0103 Maori - Talkpal\",\"isPartOf\":{\"@id\":\"https:\/\/talkpal.ai\/ro\/#website\"},\"primaryImageOfPage\":{\"@id\":\"https:\/\/talkpal.ai\/ro\/exercitii-de-gramatica-maori\/#primaryimage\"},\"image\":{\"@id\":\"https:\/\/talkpal.ai\/ro\/exercitii-de-gramatica-maori\/#primaryimage\"},\"thumbnailUrl\":\"https:\/\/talkpal.ai\/wp-content\/uploads\/2023\/05\/Maori-new-zealand.png\",\"datePublished\":\"2023-06-22T08:43:13+00:00\",\"dateModified\":\"2025-12-17T14:39:45+00:00\",\"description\":\"\u00cembun\u0103t\u0103\u021bi\u021bi-v\u0103 competen\u021bele lingvistice cu exerci\u021bii de gramatic\u0103 maori concepute pentru a v\u0103 stimula \u00een\u021belegerea \u0219i fluen\u021ba \u00een limba maori.\",\"breadcrumb\":{\"@id\":\"https:\/\/talkpal.ai\/ro\/exercitii-de-gramatica-maori\/#breadcrumb\"},\"inLanguage\":\"ro-RO\",\"potentialAction\":[{\"@type\":\"ReadAction\",\"target\":[\"https:\/\/talkpal.ai\/ro\/exercitii-de-gramatica-maori\/\"]}]},{\"@type\":\"ImageObject\",\"inLanguage\":\"ro-RO\",\"@id\":\"https:\/\/talkpal.ai\/ro\/exercitii-de-gramatica-maori\/#primaryimage\",\"url\":\"https:\/\/talkpal.ai\/wp-content\/uploads\/2023\/05\/Maori-new-zealand.png\",\"contentUrl\":\"https:\/\/talkpal.ai\/wp-content\/uploads\/2023\/05\/Maori-new-zealand.png\",\"width\":512,\"height\":512},{\"@type\":\"BreadcrumbList\",\"@id\":\"https:\/\/talkpal.ai\/ro\/exercitii-de-gramatica-maori\/#breadcrumb\",\"itemListElement\":[{\"@type\":\"ListItem\",\"position\":1,\"name\":\"Homepage\",\"item\":\"https:\/\/talkpal.ai\/ro\/\"},{\"@type\":\"ListItem\",\"position\":2,\"name\":\"Exerci\u021bii de gramatic\u0103 Maori\"}]},{\"@type\":\"WebSite\",\"@id\":\"https:\/\/talkpal.ai\/ro\/#website\",\"url\":\"https:\/\/talkpal.ai\/ro\/\",\"name\":\"Talkpal\",\"description\":\"AI Language Learning\",\"publisher\":{\"@id\":\"https:\/\/talkpal.ai\/ro\/#organization\"},\"alternateName\":\"Talkpal AI\",\"potentialAction\":[{\"@type\":\"SearchAction\",\"target\":{\"@type\":\"EntryPoint\",\"urlTemplate\":\"https:\/\/talkpal.ai\/ro\/?s={search_term_string}\"},\"query-input\":{\"@type\":\"PropertyValueSpecification\",\"valueRequired\":true,\"valueName\":\"search_term_string\"}}],\"inLanguage\":\"ro-RO\"},{\"@type\":\"Organization\",\"@id\":\"https:\/\/talkpal.ai\/ro\/#organization\",\"name\":\"Talkpal, Inc.\",\"alternateName\":\"Talkpal AI\",\"url\":\"https:\/\/talkpal.ai\/ro\/\",\"logo\":{\"@type\":\"ImageObject\",\"inLanguage\":\"ro-RO\",\"@id\":\"https:\/\/talkpal.ai\/ro\/#\/schema\/logo\/image\/\",\"url\":\"https:\/\/talkpal.ai\/wp-content\/uploads\/2024\/03\/Talkpal-Logo-Icon.png\",\"contentUrl\":\"https:\/\/talkpal.ai\/wp-content\/uploads\/2024\/03\/Talkpal-Logo-Icon.png\",\"width\":2880,\"height\":2880,\"caption\":\"Talkpal, Inc.\"},\"image\":{\"@id\":\"https:\/\/talkpal.ai\/ro\/#\/schema\/logo\/image\/\"},\"sameAs\":[\"https:\/\/www.facebook.com\/profile.php?id=100090733639311\",\"https:\/\/x.com\/talkpalai\",\"https:\/\/www.linkedin.com\/company\/talkpal\/\",\"https:\/\/www.youtube.com\/@TalkPal\/\",\"https:\/\/www.tiktok.com\/@talkpal\",\"https:\/\/www.instagram.com\/talkpal_ai\/\",\"https:\/\/www.crunchbase.com\/organization\/talkpal-9cde\",\"https:\/\/www.g2.com\/products\/talkpal-for-business\/\",\"https:\/\/www.trustpilot.com\/review\/talkpal.ai\",\"https:\/\/www.capterra.com\/p\/10006800\/TalkPal\/\"],\"description\":\"Talkpal is a language learning web and mobile education app, powered by the latest AI technologies, that provides engaging experiences to its customers in many different languages to help them improve their language skills. Users can chat about unlimited amount of topics with the app and use other modes to practice their language learning.\",\"email\":\"support@talkpal.ai\",\"legalName\":\"Talkpal, Inc.\",\"foundingDate\":\"2023-04-03\",\"duns\":\"118989042\",\"numberOfEmployees\":{\"@type\":\"QuantitativeValue\",\"minValue\":\"11\",\"maxValue\":\"50\"},\"publishingPrinciples\":\"https:\/\/talkpal.ai\/publishing-principles\/\",\"actionableFeedbackPolicy\":\"https:\/\/talkpal.ai\/actionable-feedback-policy\/\",\"correctionsPolicy\":\"https:\/\/talkpal.ai\/corrections-policy\/\",\"ethicsPolicy\":\"https:\/\/talkpal.ai\/ethics-policy\/\",\"diversityPolicy\":\"https:\/\/talkpal.ai\/diversity-policy\/\",\"diversityStaffingReport\":\"https:\/\/talkpal.ai\/diversity-policy\/\"}]}<\/script>\n<!-- \/ Yoast SEO Premium plugin. -->","yoast_head_json":{"title":"Exerci\u021bii de gramatic\u0103 Maori - Talkpal","description":"\u00cembun\u0103t\u0103\u021bi\u021bi-v\u0103 competen\u021bele lingvistice cu exerci\u021bii de gramatic\u0103 maori concepute pentru a v\u0103 stimula \u00een\u021belegerea \u0219i fluen\u021ba \u00een limba maori.","robots":{"index":"index","follow":"follow","max-snippet":"max-snippet:-1","max-image-preview":"max-image-preview:large","max-video-preview":"max-video-preview:-1"},"canonical":"https:\/\/talkpal.ai\/ro\/exercitii-de-gramatica-maori\/","og_locale":"ro_RO","og_type":"article","og_title":"Exerci\u021bii de gramatic\u0103 Maori","og_description":"Subiecte gramaticale Maori Limba maori, cunoscut\u0103 sub numele de te reo M\u0101ori, este o limb\u0103 din Polinezia de Est nativ\u0103 din Noua Zeeland\u0103. Ca limb\u0103","og_url":"https:\/\/talkpal.ai\/ro\/exercitii-de-gramatica-maori\/","og_site_name":"Talkpal","article_publisher":"https:\/\/www.facebook.com\/profile.php?id=100090733639311","article_modified_time":"2025-12-17T14:39:45+00:00","og_image":[{"width":512,"height":512,"url":"https:\/\/talkpal.ai\/wp-content\/uploads\/2023\/05\/Maori-new-zealand.png","type":"image\/png"}],"twitter_card":"summary_large_image","twitter_site":"@talkpalai","twitter_misc":{"Timp estimat pentru citire":"3 minute"},"schema":{"@context":"https:\/\/schema.org","@graph":[{"@type":"WebPage","@id":"https:\/\/talkpal.ai\/ro\/exercitii-de-gramatica-maori\/","url":"https:\/\/talkpal.ai\/ro\/exercitii-de-gramatica-maori\/","name":"Exerci\u021bii de gramatic\u0103 Maori - Talkpal","isPartOf":{"@id":"https:\/\/talkpal.ai\/ro\/#website"},"primaryImageOfPage":{"@id":"https:\/\/talkpal.ai\/ro\/exercitii-de-gramatica-maori\/#primaryimage"},"image":{"@id":"https:\/\/talkpal.ai\/ro\/exercitii-de-gramatica-maori\/#primaryimage"},"thumbnailUrl":"https:\/\/talkpal.ai\/wp-content\/uploads\/2023\/05\/Maori-new-zealand.png","datePublished":"2023-06-22T08:43:13+00:00","dateModified":"2025-12-17T14:39:45+00:00","description":"\u00cembun\u0103t\u0103\u021bi\u021bi-v\u0103 competen\u021bele lingvistice cu exerci\u021bii de gramatic\u0103 maori concepute pentru a v\u0103 stimula \u00een\u021belegerea \u0219i fluen\u021ba \u00een limba maori.","breadcrumb":{"@id":"https:\/\/talkpal.ai\/ro\/exercitii-de-gramatica-maori\/#breadcrumb"},"inLanguage":"ro-RO","potentialAction":[{"@type":"ReadAction","target":["https:\/\/talkpal.ai\/ro\/exercitii-de-gramatica-maori\/"]}]},{"@type":"ImageObject","inLanguage":"ro-RO","@id":"https:\/\/talkpal.ai\/ro\/exercitii-de-gramatica-maori\/#primaryimage","url":"https:\/\/talkpal.ai\/wp-content\/uploads\/2023\/05\/Maori-new-zealand.png","contentUrl":"https:\/\/talkpal.ai\/wp-content\/uploads\/2023\/05\/Maori-new-zealand.png","width":512,"height":512},{"@type":"BreadcrumbList","@id":"https:\/\/talkpal.ai\/ro\/exercitii-de-gramatica-maori\/#breadcrumb","itemListElement":[{"@type":"ListItem","position":1,"name":"Homepage","item":"https:\/\/talkpal.ai\/ro\/"},{"@type":"ListItem","position":2,"name":"Exerci\u021bii de gramatic\u0103 Maori"}]},{"@type":"WebSite","@id":"https:\/\/talkpal.ai\/ro\/#website","url":"https:\/\/talkpal.ai\/ro\/","name":"Talkpal","description":"AI Language Learning","publisher":{"@id":"https:\/\/talkpal.ai\/ro\/#organization"},"alternateName":"Talkpal AI","potentialAction":[{"@type":"SearchAction","target":{"@type":"EntryPoint","urlTemplate":"https:\/\/talkpal.ai\/ro\/?s={search_term_string}"},"query-input":{"@type":"PropertyValueSpecification","valueRequired":true,"valueName":"search_term_string"}}],"inLanguage":"ro-RO"},{"@type":"Organization","@id":"https:\/\/talkpal.ai\/ro\/#organization","name":"Talkpal, Inc.","alternateName":"Talkpal AI","url":"https:\/\/talkpal.ai\/ro\/","logo":{"@type":"ImageObject","inLanguage":"ro-RO","@id":"https:\/\/talkpal.ai\/ro\/#\/schema\/logo\/image\/","url":"https:\/\/talkpal.ai\/wp-content\/uploads\/2024\/03\/Talkpal-Logo-Icon.png","contentUrl":"https:\/\/talkpal.ai\/wp-content\/uploads\/2024\/03\/Talkpal-Logo-Icon.png","width":2880,"height":2880,"caption":"Talkpal, Inc."},"image":{"@id":"https:\/\/talkpal.ai\/ro\/#\/schema\/logo\/image\/"},"sameAs":["https:\/\/www.facebook.com\/profile.php?id=100090733639311","https:\/\/x.com\/talkpalai","https:\/\/www.linkedin.com\/company\/talkpal\/","https:\/\/www.youtube.com\/@TalkPal\/","https:\/\/www.tiktok.com\/@talkpal","https:\/\/www.instagram.com\/talkpal_ai\/","https:\/\/www.crunchbase.com\/organization\/talkpal-9cde","https:\/\/www.g2.com\/products\/talkpal-for-business\/","https:\/\/www.trustpilot.com\/review\/talkpal.ai","https:\/\/www.capterra.com\/p\/10006800\/TalkPal\/"],"description":"Talkpal is a language learning web and mobile education app, powered by the latest AI technologies, that provides engaging experiences to its customers in many different languages to help them improve their language skills. Users can chat about unlimited amount of topics with the app and use other modes to practice their language learning.","email":"support@talkpal.ai","legalName":"Talkpal, Inc.","foundingDate":"2023-04-03","duns":"118989042","numberOfEmployees":{"@type":"QuantitativeValue","minValue":"11","maxValue":"50"},"publishingPrinciples":"https:\/\/talkpal.ai\/publishing-principles\/","actionableFeedbackPolicy":"https:\/\/talkpal.ai\/actionable-feedback-policy\/","correctionsPolicy":"https:\/\/talkpal.ai\/corrections-policy\/","ethicsPolicy":"https:\/\/talkpal.ai\/ethics-policy\/","diversityPolicy":"https:\/\/talkpal.ai\/diversity-policy\/","diversityStaffingReport":"https:\/\/talkpal.ai\/diversity-policy\/"}]}},"_links":{"self":[{"href":"https:\/\/talkpal.ai\/ro\/wp-json\/wp\/v2\/pages\/159074","targetHints":{"allow":["GET"]}}],"collection":[{"href":"https:\/\/talkpal.ai\/ro\/wp-json\/wp\/v2\/pages"}],"about":[{"href":"https:\/\/talkpal.ai\/ro\/wp-json\/wp\/v2\/types\/page"}],"author":[{"embeddable":true,"href":"https:\/\/talkpal.ai\/ro\/wp-json\/wp\/v2\/users\/6"}],"replies":[{"embeddable":true,"href":"https:\/\/talkpal.ai\/ro\/wp-json\/wp\/v2\/comments?post=159074"}],"version-history":[{"count":0,"href":"https:\/\/talkpal.ai\/ro\/wp-json\/wp\/v2\/pages\/159074\/revisions"}],"wp:featuredmedia":[{"embeddable":true,"href":"https:\/\/talkpal.ai\/ro\/wp-json\/wp\/v2\/media\/116586"}],"wp:attachment":[{"href":"https:\/\/talkpal.ai\/ro\/wp-json\/wp\/v2\/media?parent=159074"}],"curies":[{"name":"wp","href":"https:\/\/api.w.org\/{rel}","templated":true}]}}