{"id":158711,"date":"2023-06-22T08:52:21","date_gmt":"2023-06-22T08:52:21","guid":{"rendered":"http:\/\/talkpal.ai\/exercitii-de-gramatica-nepaleza\/"},"modified":"2025-12-17T14:35:29","modified_gmt":"2025-12-17T14:35:29","slug":"exercitii-de-gramatica-nepaleza","status":"publish","type":"page","link":"https:\/\/talkpal.ai\/ro\/exercitii-de-gramatica-nepaleza\/","title":{"rendered":"Exerci\u021bii de gramatic\u0103 nepalez\u0103"},"content":{"rendered":"\r\n\r\n\r\n<section class=\"languageChallengeSection\">\r\n    <div class=\"languageInfoWrapper\">\r\n        \r\n        <h1>Exerci\u021bii de gramatic\u0103 nepalez\u0103<\/h1>\r\n        <p>Dori\u021bi s\u0103 deveni\u021bi mai \u00eencrez\u0103tori \u00een limba <a href=\"https:\/\/talkpal.ai\/learn-nepali\/\">nepalez\u0103<\/a>? Practicarea exerci\u021biilor gramaticale este o modalitate excelent\u0103 de a \u00een\u021belege structura propozi\u021biilor, formele verbale \u0219i modelele unice ale limbii. \u00cencepe\u021bi s\u0103 lucra\u021bi la gramatica <a href=\"https:\/\/talkpal.ai\/learn-nepali\/\">nepalez\u0103<\/a> ast\u0103zi \u0219i urm\u0103ri\u021bi cum v\u0103 cresc abilit\u0103\u021bile \u0219i fluen\u021ba cu fiecare exerci\u021biu!<\/p>\r\n\r\n                            <a class=\"getStartedHidden\" href=\"https:\/\/app.talkpal.ai\/ro\/signup?lng=\">\u00cencepe<\/a>\r\n        \r\n    <\/div>\r\n\r\n    <figure>\r\n    <img decoding=\"async\" width=\"768\" height=\"768\" src=\"https:\/\/talkpal.ai\/wp-content\/uploads\/2023\/06\/nepali-768x768.png\" class=\"languageImage no-lazy\" alt=\"Practical language learning for real-life application\" fetchpriority=\"high\" sizes=\"(max-width: 768px) 150px, 768px\" srcset=\"https:\/\/talkpal.ai\/wp-content\/uploads\/2023\/06\/nepali-768x768.png 768w, https:\/\/talkpal.ai\/wp-content\/uploads\/2023\/06\/nepali-300x300.png 300w\" \/>\r\n    \r\n\r\n    <\/figure>\r\n\r\n            <a class=\"getStartedVisible\" href=\"https:\/\/app.talkpal.ai\/ro\/signup?lng=\">\u00cencepe<\/a>\r\n    \r\n<\/section>\r\n\r\n\r\n<!-- <section class=\"grammarSection\">\r\n    <div class=\"grammarLinks\">\r\n            <\/div>\r\n<\/section> -->\r\n\r\n\r\n\r\n\r\n<section class=\"promotionalBanner\">\r\n    <p class=\"promotionalText\">Cel mai eficient mod de a \u00eenv\u0103\u021ba o limb\u0103<\/p>\r\n    <a class=\"promotionalLink\" href=\"https:\/\/app.talkpal.ai\/ro\/signup?lng=\">\u00cencerca\u021bi Talkpal gratuit<\/a>\r\n<\/section>\n<div class=\"wp-block-group pageContainerStyle\"><div class=\"wp-block-group__inner-container is-layout-constrained wp-block-group-is-layout-constrained\">\n<h2 class=\"wp-block-heading\" id=\"h-nepali-grammar-topics\">Nepalez\u0103 Subiecte gramaticale<\/h2>\n\n\n\n<p>\u00cenv\u0103\u021barea limbii nepaleze poate fi o experien\u021b\u0103 fascinant\u0103 \u0219i plin\u0103 de satisfac\u021bii pentru oricine este interesat s\u0103 se scufunde \u00een cultura \u0219i istoria bogat\u0103 a Nepalului. Ca \u0219i \u00een cazul oric\u0103rei limbi, st\u0103p\u00e2nirea gramaticii nepaleze este crucial\u0103 pentru o comunicare eficient\u0103. Acest articol v\u0103 va ghida prin subiectele gramaticale nepaleze, grupate \u00eentr-o secven\u021b\u0103 care v\u0103 va facilita c\u0103l\u0103toria de \u00eenv\u0103\u021bare a limbilor str\u0103ine. De la timpuri la structuri de propozi\u021bii, acest ghid v\u0103 va oferi o imagine de ansamblu asupra conceptelor gramaticale importante care vor pune o baz\u0103 solid\u0103 pentru abilit\u0103\u021bile dvs. de limb\u0103 nepalez\u0103.<\/p>\n\n\n\n<h3 class=\"wp-block-heading\" id=\"h-1-tenses\">1. Timpuri:<\/h3>\n\n\n\n<p>\u00cen\u021belegerea timpurilor este esen\u021bial\u0103 \u00een \u00eenv\u0103\u021barea oric\u0103rei limbi, deoarece acestea ajut\u0103 la transmiterea timpului unei ac\u021biuni sau a unui eveniment. \u00cen nepalez\u0103, exist\u0103 trei timpuri principale: trecut, prezent \u0219i viitor. Fiecare timp are propriul set de reguli de conjugare a verbelor, cu care ar trebui s\u0103 v\u0103 familiariza\u021bi pentru a descrie cu exactitate ac\u021biunile \u00een diferite intervale de timp.<\/p>\n\n\n\n<h3 class=\"wp-block-heading\" id=\"h-2-tense-comparison\">2. Compara\u021bie tensionat\u0103:<\/h3>\n\n\n\n<p>Compararea timpurilor \u00een nepalez\u0103 este un aspect crucial al st\u0103p\u00e2nirii limbii. Aceasta implic\u0103 \u00een\u021belegerea modului \u00een care timpurile diferite se rela\u021bioneaz\u0103 \u00eentre ele \u0219i cum s\u0103 le folosi\u021bi \u00eempreun\u0103 pentru o comunicare clar\u0103. Acest lucru v\u0103 va ajuta s\u0103 evita\u021bi confuzia atunci c\u00e2nd discuta\u021bi despre evenimente care au loc \u00een trecut, prezent sau viitor.<\/p>\n\n\n\n<h3 class=\"wp-block-heading\" id=\"h-3-progressive\">3. Progresiv:<\/h3>\n\n\n\n<p>Aspectul progresiv al gramaticii nepaleze indic\u0103 ac\u021biuni \u00een curs de desf\u0103\u0219urare. \u00cenv\u0103\u021barea formei progresive a verbelor este important\u0103 pentru exprimarea ac\u021biunilor care se \u00eent\u00e2mpl\u0103 \u00een prezent sau se \u00eent\u00e2mpl\u0103 la un anumit moment \u00een timp. Acest lucru v\u0103 va ajuta s\u0103 crea\u021bi conversa\u021bii mai dinamice \u0219i mai captivante \u00een nepalez\u0103.<\/p>\n\n\n\n<h3 class=\"wp-block-heading\" id=\"h-4-perfect-progressive\">4. Progresiv perfect:<\/h3>\n\n\n\n<p>Acest timp combin\u0103 conceptele de timpuri perfecte \u0219i progresive. Timpul progresiv perfect este folosit pentru a descrie o ac\u021biune care a \u00eenceput \u00een trecut \u0219i a continuat p\u00e2n\u0103 la un alt punct din trecut. St\u0103p\u00e2nirea acestui timp v\u0103 va permite s\u0103 furniza\u021bi informa\u021bii detaliate despre ac\u021biunile trecute \u0219i durata acestora.<\/p>\n\n\n\n<h3 class=\"wp-block-heading\" id=\"h-5-verbs\">5. Verbe:<\/h3>\n\n\n\n<p>Verbele sunt coloana vertebral\u0103 a oric\u0103rei limbi, iar nepaleza nu face excep\u021bie. Pentru a vorbi \u0219i a \u00een\u021belege nepaleza \u00een mod eficient, este esen\u021bial s\u0103 \u00eenv\u0103\u021ba\u021bi diferitele forme de verbe, conjug\u0103rile lor \u0219i modul \u00een care func\u021bioneaz\u0103 \u00een propozi\u021bii.<\/p>\n\n\n\n<h3 class=\"wp-block-heading\" id=\"h-6-nouns\">6. Substantive:<\/h3>\n\n\n\n<p>O \u00een\u021belegere puternic\u0103 a substantivelor nepaleze este necesar\u0103 pentru construirea unui vocabular solid. \u00cenv\u0103\u021barea despre substantivele comune \u0219i proprii, precum \u0219i despre substantivele num\u0103rabile \u0219i nenum\u0103rate, v\u0103 va ajuta s\u0103 identifica\u021bi \u0219i s\u0103 utiliza\u021bi corect aceste p\u0103r\u021bi esen\u021biale ale discursului \u00een conversa\u021biile dvs.<\/p>\n\n\n\n<h3 class=\"wp-block-heading\" id=\"h-7-articles\">7. Articole:<\/h3>\n\n\n\n<p>\u00cen nepalez\u0103, articolele nu sunt la fel de proeminente ca \u00een <a href=\"https:\/\/talkpal.ai\/learn-english-with-ai\/\">englez\u0103<\/a>, dar este totu\u0219i esen\u021bial s\u0103 \u00eenve\u021bi utilizarea lor. St\u0103p\u00e2nirea utiliz\u0103rii articolelor v\u0103 va ajuta s\u0103 identifica\u021bi \u0219i s\u0103 descrie\u021bi cu exactitate obiecte, persoane \u0219i concepte \u00een conversa\u021biile dvs.<\/p>\n\n\n\n<h3 class=\"wp-block-heading\" id=\"h-8-pronouns-determiners\">8. Pronume\/Determinan\u021bi:<\/h3>\n\n\n\n<p>Familiarizarea cu pronumele \u0219i determinatorii nepalezi este crucial\u0103 pentru o comunicare clar\u0103 \u0219i concis\u0103. Aceste p\u0103r\u021bi de vorbire ajut\u0103 la \u00eenlocuirea sau specificarea substantivelor \u00een propozi\u021bii, f\u0103c\u00e2nd conversa\u021biile mai eficiente \u0219i mai naturale.<\/p>\n\n\n\n<h3 class=\"wp-block-heading\" id=\"h-9-adjectives\">9. Adjective:<\/h3>\n\n\n\n<p>Adjectivele sunt esen\u021biale pentru a ad\u0103uga profunzime \u0219i detalii conversa\u021biilor tale nepaleze. \u00cenv\u0103\u021barea corect\u0103 a adjectivelor v\u0103 va permite s\u0103 descrie\u021bi cu exactitate persoane, locuri \u0219i lucruri, f\u0103c\u00e2nd discursul mai captivant \u0219i mai informativ.<\/p>\n\n\n\n<h3 class=\"wp-block-heading\" id=\"h-10-adverbs\">10. Adverbe<\/h3>\n\n\n\n<p>: \u00cen nepalez\u0103, adverbele joac\u0103 un rol crucial \u00een modificarea verbelor, adjectivelor sau a altor adverbe. \u00cen\u021belegerea modului de utilizare a adverbelor v\u0103 va permite s\u0103 furniza\u021bi informa\u021bii suplimentare despre ac\u021biuni, st\u0103ri sau calit\u0103\u021bi \u00een conversa\u021biile dvs.<\/p>\n\n\n\n<h3 class=\"wp-block-heading\" id=\"h-11-conditionals\">11. Condi\u021bionale:<\/h3>\n\n\n\n<p>St\u0103p\u00e2nirea condi\u021bionalelor nepaleze v\u0103 va permite s\u0103 exprima\u021bi situa\u021bii ipotetice \u0219i consecin\u021bele acestora. Acest lucru este important pentru crearea de discu\u021bii complexe, nuan\u021bate \u00een limb\u0103.<\/p>\n\n\n\n<h3 class=\"wp-block-heading\" id=\"h-12-prepositions\">12. Prepozi\u021bii:<\/h3>\n\n\n\n<p>Prepozi\u021biile sunt esen\u021biale pentru indicarea rela\u021biilor dintre cuvinte \u00eentr-o propozi\u021bie. \u00cenv\u0103\u021barea utiliz\u0103rii corecte a prepozi\u021biilor v\u0103 va ajuta s\u0103 crea\u021bi propozi\u021bii clare \u0219i coerente \u00een nepalez\u0103.<\/p>\n\n\n\n<h3 class=\"wp-block-heading\" id=\"h-13-sentences\">13. Propozi\u021bii:<\/h3>\n\n\n\n<p>\u00cen cele din urm\u0103, \u00een\u021belegerea structurii \u0219i tipurilor de propozi\u021bii nepaleze este vital\u0103 pentru o comunicare eficient\u0103. Familiariza\u021bi-v\u0103 cu propozi\u021bii simple, compuse \u0219i complexe \u0219i \u00eenv\u0103\u021ba\u021bi cum s\u0103 le construi\u021bi corect pentru a v\u0103 transmite g\u00e2ndurile \u0219i ideile \u00een limb\u0103.<\/p>\n<\/div><\/div>\n\r\n<section class=\"learnNavigationSection\">\r\n            \r\n        <a href=\"https:\/\/talkpal.ai\/ro\/invata-nepaleza\/\">\r\n            <div class=\"learnNavigationWrapper\">\r\n                <div class=\"learnNavigationContent\">\r\n                    <img decoding=\"async\" src=\"https:\/\/talkpal.ai\/wp-content\/uploads\/2024\/08\/Nepali.jpg\" alt=\"Nepali Flag\">\r\n                    <div>\r\n                        <h4>Despre Nepali Learning<\/h4>\r\n                        <p>Afla\u021bi totul despre gramatica nepalez\u0103 .<\/p>\r\n                    <\/div>\r\n                <\/div>\r\n            <\/div>\r\n        <\/a>\r\n\r\n        \r\n        <a href=\"https:\/\/talkpal.ai\/ro\/gramatica-nepaleza\/\">\r\n            <div class=\"learnNavigationWrapper\">\r\n                <div class=\"learnNavigationContent\">\r\n                    <img decoding=\"async\" src=\"https:\/\/talkpal.ai\/wp-content\/uploads\/2024\/08\/Nepali.jpg\" alt=\"Nepali Flag\">\r\n                    <div>\r\n                        <h4>Lec\u021bii de gramatic\u0103 nepalez\u0103<\/h4>\r\n                        <p>Practica\u021bi gramatica nepalez\u0103.<\/p>\r\n                    <\/div>\r\n                <\/div>\r\n            <\/div>\r\n        <\/a>\r\n\r\n        \r\n        <a href=\"https:\/\/talkpal.ai\/vocabulary_language\/nepali\/\">\r\n            <div class=\"learnNavigationWrapper\">\r\n                <div class=\"learnNavigationContent\">\r\n                    <img decoding=\"async\" src=\"https:\/\/talkpal.ai\/wp-content\/uploads\/2024\/08\/Nepali.jpg\" alt=\"Nepali Flag\">\r\n                    <div>\r\n                        <h4>Vocabular \u00een nepalez\u0103<\/h4>\r\n                        <p>Extinde\u021bi-v\u0103 vocabularul nepalez.<\/p>\r\n                    <\/div>\r\n                <\/div>\r\n            <\/div>\r\n        <\/a>\r\n\r\n            <\/section>","protected":false},"excerpt":{"rendered":"<p>Nepalez\u0103 Subiecte gramaticale \u00cenv\u0103\u021barea limbii nepaleze poate fi o experien\u021b\u0103 fascinant\u0103 \u0219i plin\u0103 de satisfac\u021bii pentru oricine este interesat s\u0103 se scufunde \u00een cultura \u0219i istoria bogat\u0103 a Nepalului. Ca \u0219i \u00een cazul oric\u0103rei limbi, st\u0103p\u00e2nirea gramaticii nepaleze este crucial\u0103 pentru o comunicare eficient\u0103. Acest articol v\u0103 va ghida prin subiectele gramaticale nepaleze, grupate \u00eentr-o [&hellip;]<\/p>\n","protected":false},"author":6,"featured_media":116218,"parent":0,"menu_order":0,"comment_status":"closed","ping_status":"closed","template":"LearningContentPage.php","meta":{"_acf_changed":false,"footnotes":""},"class_list":["post-158711","page","type-page","status-publish","has-post-thumbnail","hentry"],"acf":[],"yoast_head":"<!-- This site is optimized with the Yoast SEO Premium plugin v27.2 (Yoast SEO v27.2) - https:\/\/yoast.com\/product\/yoast-seo-premium-wordpress\/ -->\n<title>Exerci\u021bii de gramatic\u0103 nepalez\u0103 - Talkpal<\/title>\n<meta name=\"description\" content=\"Exerci\u021bii de gramatic\u0103 nepalez\u0103 pentru o comunicare eficient\u0103. Explora\u021bi timpurile \u0219i structurile propozi\u021biilor pentru fluen\u021b\u0103 lingvistic\u0103.\" \/>\n<meta name=\"robots\" content=\"index, follow, max-snippet:-1, max-image-preview:large, max-video-preview:-1\" \/>\n<link rel=\"canonical\" href=\"https:\/\/talkpal.ai\/ro\/exercitii-de-gramatica-nepaleza\/\" \/>\n<meta property=\"og:locale\" content=\"ro_RO\" \/>\n<meta property=\"og:type\" content=\"article\" \/>\n<meta property=\"og:title\" content=\"Exerci\u021bii de gramatic\u0103 nepalez\u0103\" \/>\n<meta property=\"og:description\" content=\"Nepalez\u0103 Subiecte gramaticale \u00cenv\u0103\u021barea limbii nepaleze poate fi o experien\u021b\u0103 fascinant\u0103 \u0219i plin\u0103 de satisfac\u021bii pentru oricine este interesat s\u0103 se\" \/>\n<meta property=\"og:url\" content=\"https:\/\/talkpal.ai\/ro\/exercitii-de-gramatica-nepaleza\/\" \/>\n<meta property=\"og:site_name\" content=\"Talkpal\" \/>\n<meta property=\"article:publisher\" content=\"https:\/\/www.facebook.com\/profile.php?id=100090733639311\" \/>\n<meta property=\"article:modified_time\" content=\"2025-12-17T14:35:29+00:00\" \/>\n<meta property=\"og:image\" content=\"https:\/\/talkpal.ai\/wp-content\/uploads\/2023\/05\/nepal.png\" \/>\n\t<meta property=\"og:image:width\" content=\"512\" \/>\n\t<meta property=\"og:image:height\" content=\"512\" \/>\n\t<meta property=\"og:image:type\" content=\"image\/png\" \/>\n<meta name=\"twitter:card\" content=\"summary_large_image\" \/>\n<meta name=\"twitter:site\" content=\"@talkpalai\" \/>\n<meta name=\"twitter:label1\" content=\"Timp estimat pentru citire\" \/>\n\t<meta name=\"twitter:data1\" content=\"4 minute\" \/>\n<script type=\"application\/ld+json\" class=\"yoast-schema-graph\">{\"@context\":\"https:\/\/schema.org\",\"@graph\":[{\"@type\":\"WebPage\",\"@id\":\"https:\/\/talkpal.ai\/ro\/exercitii-de-gramatica-nepaleza\/\",\"url\":\"https:\/\/talkpal.ai\/ro\/exercitii-de-gramatica-nepaleza\/\",\"name\":\"Exerci\u021bii de gramatic\u0103 nepalez\u0103 - Talkpal\",\"isPartOf\":{\"@id\":\"https:\/\/talkpal.ai\/ro\/#website\"},\"primaryImageOfPage\":{\"@id\":\"https:\/\/talkpal.ai\/ro\/exercitii-de-gramatica-nepaleza\/#primaryimage\"},\"image\":{\"@id\":\"https:\/\/talkpal.ai\/ro\/exercitii-de-gramatica-nepaleza\/#primaryimage\"},\"thumbnailUrl\":\"https:\/\/talkpal.ai\/wp-content\/uploads\/2023\/05\/nepal.png\",\"datePublished\":\"2023-06-22T08:52:21+00:00\",\"dateModified\":\"2025-12-17T14:35:29+00:00\",\"description\":\"Exerci\u021bii de gramatic\u0103 nepalez\u0103 pentru o comunicare eficient\u0103. Explora\u021bi timpurile \u0219i structurile propozi\u021biilor pentru fluen\u021b\u0103 lingvistic\u0103.\",\"breadcrumb\":{\"@id\":\"https:\/\/talkpal.ai\/ro\/exercitii-de-gramatica-nepaleza\/#breadcrumb\"},\"inLanguage\":\"ro-RO\",\"potentialAction\":[{\"@type\":\"ReadAction\",\"target\":[\"https:\/\/talkpal.ai\/ro\/exercitii-de-gramatica-nepaleza\/\"]}]},{\"@type\":\"ImageObject\",\"inLanguage\":\"ro-RO\",\"@id\":\"https:\/\/talkpal.ai\/ro\/exercitii-de-gramatica-nepaleza\/#primaryimage\",\"url\":\"https:\/\/talkpal.ai\/wp-content\/uploads\/2023\/05\/nepal.png\",\"contentUrl\":\"https:\/\/talkpal.ai\/wp-content\/uploads\/2023\/05\/nepal.png\",\"width\":512,\"height\":512},{\"@type\":\"BreadcrumbList\",\"@id\":\"https:\/\/talkpal.ai\/ro\/exercitii-de-gramatica-nepaleza\/#breadcrumb\",\"itemListElement\":[{\"@type\":\"ListItem\",\"position\":1,\"name\":\"Homepage\",\"item\":\"https:\/\/talkpal.ai\/ro\/\"},{\"@type\":\"ListItem\",\"position\":2,\"name\":\"Exerci\u021bii de gramatic\u0103 nepalez\u0103\"}]},{\"@type\":\"WebSite\",\"@id\":\"https:\/\/talkpal.ai\/ro\/#website\",\"url\":\"https:\/\/talkpal.ai\/ro\/\",\"name\":\"Talkpal\",\"description\":\"AI Language Learning\",\"publisher\":{\"@id\":\"https:\/\/talkpal.ai\/ro\/#organization\"},\"alternateName\":\"Talkpal AI\",\"potentialAction\":[{\"@type\":\"SearchAction\",\"target\":{\"@type\":\"EntryPoint\",\"urlTemplate\":\"https:\/\/talkpal.ai\/ro\/?s={search_term_string}\"},\"query-input\":{\"@type\":\"PropertyValueSpecification\",\"valueRequired\":true,\"valueName\":\"search_term_string\"}}],\"inLanguage\":\"ro-RO\"},{\"@type\":\"Organization\",\"@id\":\"https:\/\/talkpal.ai\/ro\/#organization\",\"name\":\"Talkpal, Inc.\",\"alternateName\":\"Talkpal AI\",\"url\":\"https:\/\/talkpal.ai\/ro\/\",\"logo\":{\"@type\":\"ImageObject\",\"inLanguage\":\"ro-RO\",\"@id\":\"https:\/\/talkpal.ai\/ro\/#\/schema\/logo\/image\/\",\"url\":\"https:\/\/talkpal.ai\/wp-content\/uploads\/2024\/03\/Talkpal-Logo-Icon.png\",\"contentUrl\":\"https:\/\/talkpal.ai\/wp-content\/uploads\/2024\/03\/Talkpal-Logo-Icon.png\",\"width\":2880,\"height\":2880,\"caption\":\"Talkpal, Inc.\"},\"image\":{\"@id\":\"https:\/\/talkpal.ai\/ro\/#\/schema\/logo\/image\/\"},\"sameAs\":[\"https:\/\/www.facebook.com\/profile.php?id=100090733639311\",\"https:\/\/x.com\/talkpalai\",\"https:\/\/www.linkedin.com\/company\/talkpal\/\",\"https:\/\/www.youtube.com\/@TalkPal\/\",\"https:\/\/www.tiktok.com\/@talkpal\",\"https:\/\/www.instagram.com\/talkpal_ai\/\",\"https:\/\/www.crunchbase.com\/organization\/talkpal-9cde\",\"https:\/\/www.g2.com\/products\/talkpal-for-business\/\",\"https:\/\/www.trustpilot.com\/review\/talkpal.ai\",\"https:\/\/www.capterra.com\/p\/10006800\/TalkPal\/\"],\"description\":\"Talkpal is a language learning web and mobile education app, powered by the latest AI technologies, that provides engaging experiences to its customers in many different languages to help them improve their language skills. Users can chat about unlimited amount of topics with the app and use other modes to practice their language learning.\",\"email\":\"support@talkpal.ai\",\"legalName\":\"Talkpal, Inc.\",\"foundingDate\":\"2023-04-03\",\"duns\":\"118989042\",\"numberOfEmployees\":{\"@type\":\"QuantitativeValue\",\"minValue\":\"11\",\"maxValue\":\"50\"},\"publishingPrinciples\":\"https:\/\/talkpal.ai\/publishing-principles\/\",\"actionableFeedbackPolicy\":\"https:\/\/talkpal.ai\/actionable-feedback-policy\/\",\"correctionsPolicy\":\"https:\/\/talkpal.ai\/corrections-policy\/\",\"ethicsPolicy\":\"https:\/\/talkpal.ai\/ethics-policy\/\",\"diversityPolicy\":\"https:\/\/talkpal.ai\/diversity-policy\/\",\"diversityStaffingReport\":\"https:\/\/talkpal.ai\/diversity-policy\/\"}]}<\/script>\n<!-- \/ Yoast SEO Premium plugin. -->","yoast_head_json":{"title":"Exerci\u021bii de gramatic\u0103 nepalez\u0103 - Talkpal","description":"Exerci\u021bii de gramatic\u0103 nepalez\u0103 pentru o comunicare eficient\u0103. Explora\u021bi timpurile \u0219i structurile propozi\u021biilor pentru fluen\u021b\u0103 lingvistic\u0103.","robots":{"index":"index","follow":"follow","max-snippet":"max-snippet:-1","max-image-preview":"max-image-preview:large","max-video-preview":"max-video-preview:-1"},"canonical":"https:\/\/talkpal.ai\/ro\/exercitii-de-gramatica-nepaleza\/","og_locale":"ro_RO","og_type":"article","og_title":"Exerci\u021bii de gramatic\u0103 nepalez\u0103","og_description":"Nepalez\u0103 Subiecte gramaticale \u00cenv\u0103\u021barea limbii nepaleze poate fi o experien\u021b\u0103 fascinant\u0103 \u0219i plin\u0103 de satisfac\u021bii pentru oricine este interesat s\u0103 se","og_url":"https:\/\/talkpal.ai\/ro\/exercitii-de-gramatica-nepaleza\/","og_site_name":"Talkpal","article_publisher":"https:\/\/www.facebook.com\/profile.php?id=100090733639311","article_modified_time":"2025-12-17T14:35:29+00:00","og_image":[{"width":512,"height":512,"url":"https:\/\/talkpal.ai\/wp-content\/uploads\/2023\/05\/nepal.png","type":"image\/png"}],"twitter_card":"summary_large_image","twitter_site":"@talkpalai","twitter_misc":{"Timp estimat pentru citire":"4 minute"},"schema":{"@context":"https:\/\/schema.org","@graph":[{"@type":"WebPage","@id":"https:\/\/talkpal.ai\/ro\/exercitii-de-gramatica-nepaleza\/","url":"https:\/\/talkpal.ai\/ro\/exercitii-de-gramatica-nepaleza\/","name":"Exerci\u021bii de gramatic\u0103 nepalez\u0103 - Talkpal","isPartOf":{"@id":"https:\/\/talkpal.ai\/ro\/#website"},"primaryImageOfPage":{"@id":"https:\/\/talkpal.ai\/ro\/exercitii-de-gramatica-nepaleza\/#primaryimage"},"image":{"@id":"https:\/\/talkpal.ai\/ro\/exercitii-de-gramatica-nepaleza\/#primaryimage"},"thumbnailUrl":"https:\/\/talkpal.ai\/wp-content\/uploads\/2023\/05\/nepal.png","datePublished":"2023-06-22T08:52:21+00:00","dateModified":"2025-12-17T14:35:29+00:00","description":"Exerci\u021bii de gramatic\u0103 nepalez\u0103 pentru o comunicare eficient\u0103. Explora\u021bi timpurile \u0219i structurile propozi\u021biilor pentru fluen\u021b\u0103 lingvistic\u0103.","breadcrumb":{"@id":"https:\/\/talkpal.ai\/ro\/exercitii-de-gramatica-nepaleza\/#breadcrumb"},"inLanguage":"ro-RO","potentialAction":[{"@type":"ReadAction","target":["https:\/\/talkpal.ai\/ro\/exercitii-de-gramatica-nepaleza\/"]}]},{"@type":"ImageObject","inLanguage":"ro-RO","@id":"https:\/\/talkpal.ai\/ro\/exercitii-de-gramatica-nepaleza\/#primaryimage","url":"https:\/\/talkpal.ai\/wp-content\/uploads\/2023\/05\/nepal.png","contentUrl":"https:\/\/talkpal.ai\/wp-content\/uploads\/2023\/05\/nepal.png","width":512,"height":512},{"@type":"BreadcrumbList","@id":"https:\/\/talkpal.ai\/ro\/exercitii-de-gramatica-nepaleza\/#breadcrumb","itemListElement":[{"@type":"ListItem","position":1,"name":"Homepage","item":"https:\/\/talkpal.ai\/ro\/"},{"@type":"ListItem","position":2,"name":"Exerci\u021bii de gramatic\u0103 nepalez\u0103"}]},{"@type":"WebSite","@id":"https:\/\/talkpal.ai\/ro\/#website","url":"https:\/\/talkpal.ai\/ro\/","name":"Talkpal","description":"AI Language Learning","publisher":{"@id":"https:\/\/talkpal.ai\/ro\/#organization"},"alternateName":"Talkpal AI","potentialAction":[{"@type":"SearchAction","target":{"@type":"EntryPoint","urlTemplate":"https:\/\/talkpal.ai\/ro\/?s={search_term_string}"},"query-input":{"@type":"PropertyValueSpecification","valueRequired":true,"valueName":"search_term_string"}}],"inLanguage":"ro-RO"},{"@type":"Organization","@id":"https:\/\/talkpal.ai\/ro\/#organization","name":"Talkpal, Inc.","alternateName":"Talkpal AI","url":"https:\/\/talkpal.ai\/ro\/","logo":{"@type":"ImageObject","inLanguage":"ro-RO","@id":"https:\/\/talkpal.ai\/ro\/#\/schema\/logo\/image\/","url":"https:\/\/talkpal.ai\/wp-content\/uploads\/2024\/03\/Talkpal-Logo-Icon.png","contentUrl":"https:\/\/talkpal.ai\/wp-content\/uploads\/2024\/03\/Talkpal-Logo-Icon.png","width":2880,"height":2880,"caption":"Talkpal, Inc."},"image":{"@id":"https:\/\/talkpal.ai\/ro\/#\/schema\/logo\/image\/"},"sameAs":["https:\/\/www.facebook.com\/profile.php?id=100090733639311","https:\/\/x.com\/talkpalai","https:\/\/www.linkedin.com\/company\/talkpal\/","https:\/\/www.youtube.com\/@TalkPal\/","https:\/\/www.tiktok.com\/@talkpal","https:\/\/www.instagram.com\/talkpal_ai\/","https:\/\/www.crunchbase.com\/organization\/talkpal-9cde","https:\/\/www.g2.com\/products\/talkpal-for-business\/","https:\/\/www.trustpilot.com\/review\/talkpal.ai","https:\/\/www.capterra.com\/p\/10006800\/TalkPal\/"],"description":"Talkpal is a language learning web and mobile education app, powered by the latest AI technologies, that provides engaging experiences to its customers in many different languages to help them improve their language skills. Users can chat about unlimited amount of topics with the app and use other modes to practice their language learning.","email":"support@talkpal.ai","legalName":"Talkpal, Inc.","foundingDate":"2023-04-03","duns":"118989042","numberOfEmployees":{"@type":"QuantitativeValue","minValue":"11","maxValue":"50"},"publishingPrinciples":"https:\/\/talkpal.ai\/publishing-principles\/","actionableFeedbackPolicy":"https:\/\/talkpal.ai\/actionable-feedback-policy\/","correctionsPolicy":"https:\/\/talkpal.ai\/corrections-policy\/","ethicsPolicy":"https:\/\/talkpal.ai\/ethics-policy\/","diversityPolicy":"https:\/\/talkpal.ai\/diversity-policy\/","diversityStaffingReport":"https:\/\/talkpal.ai\/diversity-policy\/"}]}},"_links":{"self":[{"href":"https:\/\/talkpal.ai\/ro\/wp-json\/wp\/v2\/pages\/158711","targetHints":{"allow":["GET"]}}],"collection":[{"href":"https:\/\/talkpal.ai\/ro\/wp-json\/wp\/v2\/pages"}],"about":[{"href":"https:\/\/talkpal.ai\/ro\/wp-json\/wp\/v2\/types\/page"}],"author":[{"embeddable":true,"href":"https:\/\/talkpal.ai\/ro\/wp-json\/wp\/v2\/users\/6"}],"replies":[{"embeddable":true,"href":"https:\/\/talkpal.ai\/ro\/wp-json\/wp\/v2\/comments?post=158711"}],"version-history":[{"count":0,"href":"https:\/\/talkpal.ai\/ro\/wp-json\/wp\/v2\/pages\/158711\/revisions"}],"wp:featuredmedia":[{"embeddable":true,"href":"https:\/\/talkpal.ai\/ro\/wp-json\/wp\/v2\/media\/116218"}],"wp:attachment":[{"href":"https:\/\/talkpal.ai\/ro\/wp-json\/wp\/v2\/media?parent=158711"}],"curies":[{"name":"wp","href":"https:\/\/api.w.org\/{rel}","templated":true}]}}