{"id":158407,"date":"2023-06-27T08:41:59","date_gmt":"2023-06-27T08:41:59","guid":{"rendered":"http:\/\/talkpal.ai\/exercitii-de-gramatica-norvegiana\/"},"modified":"2025-12-17T14:37:52","modified_gmt":"2025-12-17T14:37:52","slug":"exercitii-de-gramatica-norvegiana","status":"publish","type":"page","link":"https:\/\/talkpal.ai\/ro\/exercitii-de-gramatica-norvegiana\/","title":{"rendered":"Exerci\u021bii de gramatic\u0103 norvegian\u0103"},"content":{"rendered":"\r\n\r\n\r\n<section class=\"languageChallengeSection\">\r\n    <div class=\"languageInfoWrapper\">\r\n        \r\n        <h1>Exerci\u021bii de gramatic\u0103 norvegian\u0103<\/h1>\r\n        <p>Dori\u021bi s\u0103 deveni\u021bi mai \u00eencrez\u0103tori \u00een limba norvegian\u0103? Practicarea exerci\u021biilor gramaticale este o modalitate excelent\u0103 de a st\u0103p\u00e2ni structura propozi\u021biilor, formele verbale \u0219i modelele unice ale limbii norvegiene. \u00cencepe\u021bi s\u0103 lucra\u021bi la <a href=\"https:\/\/talkpal.ai\/norwegian-grammar\/\">gramatica norvegian\u0103<\/a> ast\u0103zi \u0219i urm\u0103ri\u021bi cum v\u0103 cresc abilit\u0103\u021bile \u0219i fluen\u021ba cu fiecare exerci\u021biu!\n\n<\/p>\r\n\r\n                            <a class=\"getStartedHidden\" href=\"https:\/\/app.talkpal.ai\/ro\/signup?lng=\">\u00cencepe<\/a>\r\n        \r\n    <\/div>\r\n\r\n    <figure>\r\n    <img decoding=\"async\" width=\"768\" height=\"768\" src=\"https:\/\/talkpal.ai\/wp-content\/uploads\/2023\/06\/norwegian-768x768.png\" class=\"languageImage no-lazy\" alt=\"Language learning for extensive vocabulary\" fetchpriority=\"high\" sizes=\"(max-width: 768px) 150px, 768px\" srcset=\"https:\/\/talkpal.ai\/wp-content\/uploads\/2023\/06\/norwegian-768x768.png 768w, https:\/\/talkpal.ai\/wp-content\/uploads\/2023\/06\/norwegian-300x300.png 300w\" \/>\r\n    \r\n\r\n    <\/figure>\r\n\r\n            <a class=\"getStartedVisible\" href=\"https:\/\/app.talkpal.ai\/ro\/signup?lng=\">\u00cencepe<\/a>\r\n    \r\n<\/section>\r\n\r\n\r\n<!-- <section class=\"grammarSection\">\r\n    <div class=\"grammarLinks\">\r\n            <\/div>\r\n<\/section> -->\r\n\r\n\r\n\r\n\r\n<section class=\"promotionalBanner\">\r\n    <p class=\"promotionalText\">Cel mai eficient mod de a \u00eenv\u0103\u021ba o limb\u0103<\/p>\r\n    <a class=\"promotionalLink\" href=\"https:\/\/app.talkpal.ai\/ro\/signup?lng=\">\u00cencerca\u021bi Talkpal gratuit<\/a>\r\n<\/section>\n<div class=\"wp-block-group pageContainerStyle\"><div class=\"wp-block-group__inner-container is-layout-constrained wp-block-group-is-layout-constrained\">\n<h2 class=\"wp-block-heading\" id=\"h-norwegian-grammar-topics\">Subiecte de gramatic\u0103 norvegian\u0103<\/h2>\n\n\n\n<p>\u00cenv\u0103\u021barea limbii norvegiene poate fi o experien\u021b\u0103 interesant\u0103 \u0219i plin\u0103 de satisfac\u021bii, deoarece deschide u\u0219ile c\u0103tre o istorie cultural\u0103 bogat\u0103, peisaje uimitoare \u0219i un mod unic de via\u021b\u0103 \u00een Norvegia. Ca limb\u0103 germanic\u0103 nordic\u0103, norvegiana \u00eemp\u0103rt\u0103\u0219e\u0219te multe asem\u0103n\u0103ri cu limbile vecine, suedeza \u0219i daneza. Cu toate acestea, se m\u00e2ndre\u0219te cu propria <a href=\"https:\/\/talkpal.ai\/grammar\/\">gramatic\u0103<\/a>, pronun\u021bie \u0219i vocabular distinct. Pentru a aborda aceast\u0103 frumoas\u0103 limb\u0103, este esen\u021bial s\u0103 \u00een\u021belege\u021bi gramatica norvegian\u0103 \u0219i diferitele <a href=\"https:\/\/talkpal.ai\/locations\/learn-english-in-sale\/\">sale<\/a> componente. \u00cen acest ghid, vom explora aspectele cheie ale gramaticii norvegiene, inclusiv timpurile, verbele, substantivele, articolele, pronumele, adjectivele, adverbele, condi\u021bionalele, prepozi\u021biile \u0219i propozi\u021biile, pentru a v\u0103 ajuta s\u0103 construi\u021bi o baz\u0103 solid\u0103 pentru c\u0103l\u0103toria dumneavoastr\u0103 de \u00eenv\u0103\u021bare a limbii.<\/p>\n\n\n\n<h3 class=\"wp-block-heading\" id=\"h-1-tenses\">1. Timpuri:<\/h3>\n\n\n\n<p>Ca punct de plecare, concentra\u021bi-v\u0103 pe \u00een\u021belegerea timpurilor norvegiene. Norvegiana are trei timpuri principale: prezent, trecut \u0219i viitor, care sunt cruciale pentru exprimarea ac\u021biunilor \u0219i evenimentelor \u00een diferite momente \u00een timp. Familiariza\u021bi-v\u0103 cu modul \u00een care verbele sunt conjugate \u0219i cum se schimb\u0103 \u00een diferite timpuri.<\/p>\n\n\n\n<h3 class=\"wp-block-heading\" id=\"h-2-tense-comparison\">2. Compara\u021bie tensionat\u0103:<\/h3>\n\n\n\n<p>Odat\u0103 ce a\u021bi \u00een\u021beles timpurile de baz\u0103, explora\u021bi modul \u00een care acestea se compar\u0103 \u0219i contrasteaz\u0103 \u00eentre ele. Acest lucru v\u0103 va ajuta s\u0103 \u00een\u021belege\u021bi nuan\u021bele de semnifica\u021bie \u0219i s\u0103 v\u0103 \u00eembun\u0103t\u0103\u021bi\u021bi abilit\u0103\u021bile de \u00een\u021belegere \u0219i comunicare.<\/p>\n\n\n\n<h3 class=\"wp-block-heading\" id=\"h-3-verbs\">3. Verbe:<\/h3>\n\n\n\n<p>Verbele norvegiene sunt vitale pentru construirea propozi\u021biilor \u0219i transmiterea sensului. Afla\u021bi despre diferitele tipuri de verbe \u0219i despre modul \u00een care acestea interac\u021bioneaz\u0103 cu subiectele \u0219i obiectele \u00eentr-o propozi\u021bie. \u00cen plus, \u00een\u021belege\u021bi conceptul de verbe modale \u0219i modul \u00een care acestea exprim\u0103 necesitatea, posibilitatea \u0219i obliga\u021bia.<\/p>\n\n\n\n<h3 class=\"wp-block-heading\" id=\"h-4-nouns\">4. Substantive:<\/h3>\n\n\n\n<p>Substantivele norvegiene sunt clasificate \u00een trei genuri: masculin, feminin \u0219i neutru. Acest lucru afecteaz\u0103 modul \u00een care articolele, adjectivele \u0219i pronumele sunt folosite cu ele. Afla\u021bi regulile pentru formarea pluralului \u0219i formele definite \u0219i nedefinite ale substantivelor.<\/p>\n\n\n\n<h3 class=\"wp-block-heading\" id=\"h-5-articles\">5. Articole:<\/h3>\n\n\n\n<p>Articolele sunt cuvinte scurte care \u00eenso\u021besc substantivele \u0219i indic\u0103 sexul \u0219i num\u0103rul acestora. Norvegiana are articole hot\u0103r\u00e2te \u0219i nehot\u0103r\u00e2te, care sunt cruciale pentru formarea corect\u0103 a propozi\u021biilor.<\/p>\n\n\n\n<h3 class=\"wp-block-heading\" id=\"h-6-pronouns-determiners\">6. Pronume\/Determinan\u021bi:<\/h3>\n\n\n\n<p>Aceste cuvinte \u00eenlocuiesc sau modific\u0103 substantivele \u0219i trebuie s\u0103 fie de acord \u00een gen \u0219i num\u0103r cu substantivul la care se refer\u0103. Studia\u021bi diferitele tipuri de pronume \u0219i determinan\u021bi, inclusiv pronumele personale, posesive, demonstrative \u0219i relative.<\/p>\n\n\n\n<h3 class=\"wp-block-heading\" id=\"h-7-adjectives\">7. Adjective:<\/h3>\n\n\n\n<p>Adjectivele descriu sau modific\u0103 substantive \u0219i pronume. Afla\u021bi cum s\u0103 utiliza\u021bi adjectivele corect, \u00een\u021beleg\u00e2nd regulile lor de acord cu genul \u0219i num\u0103rul substantivelor <a href=\"https:\/\/talkpal.ai\/culture\/how-do-i-use-pe-care-correctly\/\">pe care<\/a> le modific\u0103.<\/p>\n\n\n\n<h3 class=\"wp-block-heading\" id=\"h-8-adverbs\">8. Adverbe:<\/h3>\n\n\n\n<p>Adverbele modific\u0103 verbe, adjective sau alte adverbe, oferind informa\u021bii suplimentare despre ac\u021biuni sau calit\u0103\u021bi. Afla\u021bi diferitele tipuri de adverbe \u0219i cum s\u0103 le utiliza\u021bi eficient \u00een propozi\u021biile dvs.<\/p>\n\n\n\n<h3 class=\"wp-block-heading\" id=\"h-9-conditionals\">9. Condi\u021bionale:<\/h3>\n\n\n\n<p>Condi\u021bionalele sunt folosite pentru a exprima situa\u021bii ipotetice \u0219i consecin\u021bele acestora. Studia\u021bi diferitele tipuri de condi\u021bionale \u0219i cum s\u0103 le forma\u021bi folosind formele \u0219i conjunc\u021biile verbale corecte.<\/p>\n\n\n\n<h3 class=\"wp-block-heading\" id=\"h-10-prepositions\">10. Prepozi\u021bii:<\/h3>\n\n\n\n<p>Prepozi\u021biile sunt cuvinte scurte care indic\u0103 rela\u021biile dintre substantive, pronume \u0219i alte cuvinte dintr-o propozi\u021bie. St\u0103p\u00e2nirea utiliz\u0103rii prepozi\u021biilor este crucial\u0103 pentru \u00een\u021belegerea \u0219i formarea propozi\u021biilor exacte \u00een norvegian\u0103.<\/p>\n\n\n\n<h3 class=\"wp-block-heading\" id=\"h-11-sentences\">11. Propozi\u021bii:<\/h3>\n\n\n\n<p>\u00cen cele din urm\u0103, exersa\u021bi construirea propozi\u021biilor \u00een norvegian\u0103 combin\u00e2nd cuno\u0219tin\u021bele dvs. despre verbe, substantive, articole, pronume, adjective, adverbe, condi\u021bionale \u0219i prepozi\u021bii. Experimenta\u021bi cu diferite structuri de propozi\u021bii \u0219i exersa\u021bi formarea de \u00eentreb\u0103ri, afirma\u021bii \u0219i comenzi pentru a deveni competen\u021bi \u00een limb\u0103.<\/p>\n<\/div><\/div>\n\r\n<section class=\"learnNavigationSection\">\r\n            \r\n        <a href=\"https:\/\/talkpal.ai\/ro\/invata-norvegiana\/\">\r\n            <div class=\"learnNavigationWrapper\">\r\n                <div class=\"learnNavigationContent\">\r\n                    <img decoding=\"async\" src=\"https:\/\/talkpal.ai\/wp-content\/uploads\/2024\/08\/Norwegian.jpg\" alt=\"Norwegian Flag\">\r\n                    <div>\r\n                        <h4>Despre Norwegian Learning<\/h4>\r\n                        <p>Afla\u021bi totul despre gramatica norvegian\u0103.<\/p>\r\n                    <\/div>\r\n                <\/div>\r\n            <\/div>\r\n        <\/a>\r\n\r\n        \r\n        <a href=\"https:\/\/talkpal.ai\/ro\/gramatica-norvegiana\/\">\r\n            <div class=\"learnNavigationWrapper\">\r\n                <div class=\"learnNavigationContent\">\r\n                    <img decoding=\"async\" src=\"https:\/\/talkpal.ai\/wp-content\/uploads\/2024\/08\/Norwegian.jpg\" alt=\"Norwegian Flag\">\r\n                    <div>\r\n                        <h4>Lec\u021bii de gramatic\u0103 norvegian\u0103<\/h4>\r\n                        <p>Exersa\u021bi gramatica norvegian\u0103.<\/p>\r\n                    <\/div>\r\n                <\/div>\r\n            <\/div>\r\n        <\/a>\r\n\r\n        \r\n        <a href=\"https:\/\/talkpal.ai\/vocabulary_language\/norwegian\/\">\r\n            <div class=\"learnNavigationWrapper\">\r\n                <div class=\"learnNavigationContent\">\r\n                    <img decoding=\"async\" src=\"https:\/\/talkpal.ai\/wp-content\/uploads\/2024\/08\/Norwegian.jpg\" alt=\"Norwegian Flag\">\r\n                    <div>\r\n                        <h4>Vocabular norvegian<\/h4>\r\n                        <p>Extinde\u021bi-v\u0103 vocabularul norvegian.<\/p>\r\n                    <\/div>\r\n                <\/div>\r\n            <\/div>\r\n        <\/a>\r\n\r\n            <\/section>","protected":false},"excerpt":{"rendered":"<p>Subiecte de gramatic\u0103 norvegian\u0103 \u00cenv\u0103\u021barea limbii norvegiene poate fi o experien\u021b\u0103 interesant\u0103 \u0219i plin\u0103 de satisfac\u021bii, deoarece deschide u\u0219ile c\u0103tre o istorie cultural\u0103 bogat\u0103, peisaje uimitoare \u0219i un mod unic de via\u021b\u0103 \u00een Norvegia. Ca limb\u0103 germanic\u0103 nordic\u0103, norvegiana \u00eemp\u0103rt\u0103\u0219e\u0219te multe asem\u0103n\u0103ri cu limbile vecine, suedeza \u0219i daneza. Cu toate acestea, se m\u00e2ndre\u0219te cu propria [&hellip;]<\/p>\n","protected":false},"author":6,"featured_media":116950,"parent":0,"menu_order":0,"comment_status":"closed","ping_status":"closed","template":"LearningContentPage.php","meta":{"_acf_changed":false,"footnotes":""},"class_list":["post-158407","page","type-page","status-publish","has-post-thumbnail","hentry"],"acf":[],"yoast_head":"<!-- This site is optimized with the Yoast SEO Premium plugin v27.2 (Yoast SEO v27.2) - https:\/\/yoast.com\/product\/yoast-seo-premium-wordpress\/ -->\n<title>Exerci\u021bii de gramatic\u0103 norvegian\u0103 - Talkpal<\/title>\n<meta name=\"description\" content=\"\u00cembun\u0103t\u0103\u021bi\u021bi-v\u0103 abilit\u0103\u021bile cu exerci\u021bii captivante de gramatic\u0103 norvegian\u0103. Perfect pentru cursan\u021bii de la orice nivel pentru a exersa eficient.\" \/>\n<meta name=\"robots\" content=\"index, follow, max-snippet:-1, max-image-preview:large, max-video-preview:-1\" \/>\n<link rel=\"canonical\" href=\"https:\/\/talkpal.ai\/ro\/exercitii-de-gramatica-norvegiana\/\" \/>\n<meta property=\"og:locale\" content=\"ro_RO\" \/>\n<meta property=\"og:type\" content=\"article\" \/>\n<meta property=\"og:title\" content=\"Exerci\u021bii de gramatic\u0103 norvegian\u0103\" \/>\n<meta property=\"og:description\" content=\"Subiecte de gramatic\u0103 norvegian\u0103 \u00cenv\u0103\u021barea limbii norvegiene poate fi o experien\u021b\u0103 interesant\u0103 \u0219i plin\u0103 de satisfac\u021bii, deoarece deschide u\u0219ile c\u0103tre o\" \/>\n<meta property=\"og:url\" content=\"https:\/\/talkpal.ai\/ro\/exercitii-de-gramatica-norvegiana\/\" \/>\n<meta property=\"og:site_name\" content=\"Talkpal\" \/>\n<meta property=\"article:publisher\" content=\"https:\/\/www.facebook.com\/profile.php?id=100090733639311\" \/>\n<meta property=\"article:modified_time\" content=\"2025-12-17T14:37:52+00:00\" \/>\n<meta property=\"og:image\" content=\"https:\/\/talkpal.ai\/wp-content\/uploads\/2023\/05\/norway.png\" \/>\n\t<meta property=\"og:image:width\" content=\"512\" \/>\n\t<meta property=\"og:image:height\" content=\"512\" \/>\n\t<meta property=\"og:image:type\" content=\"image\/png\" \/>\n<meta name=\"twitter:card\" content=\"summary_large_image\" \/>\n<meta name=\"twitter:site\" content=\"@talkpalai\" \/>\n<meta name=\"twitter:label1\" content=\"Timp estimat pentru citire\" \/>\n\t<meta name=\"twitter:data1\" content=\"3 minute\" \/>\n<script type=\"application\/ld+json\" class=\"yoast-schema-graph\">{\"@context\":\"https:\/\/schema.org\",\"@graph\":[{\"@type\":\"WebPage\",\"@id\":\"https:\/\/talkpal.ai\/ro\/exercitii-de-gramatica-norvegiana\/\",\"url\":\"https:\/\/talkpal.ai\/ro\/exercitii-de-gramatica-norvegiana\/\",\"name\":\"Exerci\u021bii de gramatic\u0103 norvegian\u0103 - Talkpal\",\"isPartOf\":{\"@id\":\"https:\/\/talkpal.ai\/ro\/#website\"},\"primaryImageOfPage\":{\"@id\":\"https:\/\/talkpal.ai\/ro\/exercitii-de-gramatica-norvegiana\/#primaryimage\"},\"image\":{\"@id\":\"https:\/\/talkpal.ai\/ro\/exercitii-de-gramatica-norvegiana\/#primaryimage\"},\"thumbnailUrl\":\"https:\/\/talkpal.ai\/wp-content\/uploads\/2023\/05\/norway.png\",\"datePublished\":\"2023-06-27T08:41:59+00:00\",\"dateModified\":\"2025-12-17T14:37:52+00:00\",\"description\":\"\u00cembun\u0103t\u0103\u021bi\u021bi-v\u0103 abilit\u0103\u021bile cu exerci\u021bii captivante de gramatic\u0103 norvegian\u0103. Perfect pentru cursan\u021bii de la orice nivel pentru a exersa eficient.\",\"breadcrumb\":{\"@id\":\"https:\/\/talkpal.ai\/ro\/exercitii-de-gramatica-norvegiana\/#breadcrumb\"},\"inLanguage\":\"ro-RO\",\"potentialAction\":[{\"@type\":\"ReadAction\",\"target\":[\"https:\/\/talkpal.ai\/ro\/exercitii-de-gramatica-norvegiana\/\"]}]},{\"@type\":\"ImageObject\",\"inLanguage\":\"ro-RO\",\"@id\":\"https:\/\/talkpal.ai\/ro\/exercitii-de-gramatica-norvegiana\/#primaryimage\",\"url\":\"https:\/\/talkpal.ai\/wp-content\/uploads\/2023\/05\/norway.png\",\"contentUrl\":\"https:\/\/talkpal.ai\/wp-content\/uploads\/2023\/05\/norway.png\",\"width\":512,\"height\":512},{\"@type\":\"BreadcrumbList\",\"@id\":\"https:\/\/talkpal.ai\/ro\/exercitii-de-gramatica-norvegiana\/#breadcrumb\",\"itemListElement\":[{\"@type\":\"ListItem\",\"position\":1,\"name\":\"Homepage\",\"item\":\"https:\/\/talkpal.ai\/ro\/\"},{\"@type\":\"ListItem\",\"position\":2,\"name\":\"Exerci\u021bii de gramatic\u0103 norvegian\u0103\"}]},{\"@type\":\"WebSite\",\"@id\":\"https:\/\/talkpal.ai\/ro\/#website\",\"url\":\"https:\/\/talkpal.ai\/ro\/\",\"name\":\"Talkpal\",\"description\":\"AI Language Learning\",\"publisher\":{\"@id\":\"https:\/\/talkpal.ai\/ro\/#organization\"},\"alternateName\":\"Talkpal AI\",\"potentialAction\":[{\"@type\":\"SearchAction\",\"target\":{\"@type\":\"EntryPoint\",\"urlTemplate\":\"https:\/\/talkpal.ai\/ro\/?s={search_term_string}\"},\"query-input\":{\"@type\":\"PropertyValueSpecification\",\"valueRequired\":true,\"valueName\":\"search_term_string\"}}],\"inLanguage\":\"ro-RO\"},{\"@type\":\"Organization\",\"@id\":\"https:\/\/talkpal.ai\/ro\/#organization\",\"name\":\"Talkpal, Inc.\",\"alternateName\":\"Talkpal AI\",\"url\":\"https:\/\/talkpal.ai\/ro\/\",\"logo\":{\"@type\":\"ImageObject\",\"inLanguage\":\"ro-RO\",\"@id\":\"https:\/\/talkpal.ai\/ro\/#\/schema\/logo\/image\/\",\"url\":\"https:\/\/talkpal.ai\/wp-content\/uploads\/2024\/03\/Talkpal-Logo-Icon.png\",\"contentUrl\":\"https:\/\/talkpal.ai\/wp-content\/uploads\/2024\/03\/Talkpal-Logo-Icon.png\",\"width\":2880,\"height\":2880,\"caption\":\"Talkpal, Inc.\"},\"image\":{\"@id\":\"https:\/\/talkpal.ai\/ro\/#\/schema\/logo\/image\/\"},\"sameAs\":[\"https:\/\/www.facebook.com\/profile.php?id=100090733639311\",\"https:\/\/x.com\/talkpalai\",\"https:\/\/www.linkedin.com\/company\/talkpal\/\",\"https:\/\/www.youtube.com\/@TalkPal\/\",\"https:\/\/www.tiktok.com\/@talkpal\",\"https:\/\/www.instagram.com\/talkpal_ai\/\",\"https:\/\/www.crunchbase.com\/organization\/talkpal-9cde\",\"https:\/\/www.g2.com\/products\/talkpal-for-business\/\",\"https:\/\/www.trustpilot.com\/review\/talkpal.ai\",\"https:\/\/www.capterra.com\/p\/10006800\/TalkPal\/\"],\"description\":\"Talkpal is a language learning web and mobile education app, powered by the latest AI technologies, that provides engaging experiences to its customers in many different languages to help them improve their language skills. Users can chat about unlimited amount of topics with the app and use other modes to practice their language learning.\",\"email\":\"support@talkpal.ai\",\"legalName\":\"Talkpal, Inc.\",\"foundingDate\":\"2023-04-03\",\"duns\":\"118989042\",\"numberOfEmployees\":{\"@type\":\"QuantitativeValue\",\"minValue\":\"11\",\"maxValue\":\"50\"},\"publishingPrinciples\":\"https:\/\/talkpal.ai\/publishing-principles\/\",\"actionableFeedbackPolicy\":\"https:\/\/talkpal.ai\/actionable-feedback-policy\/\",\"correctionsPolicy\":\"https:\/\/talkpal.ai\/corrections-policy\/\",\"ethicsPolicy\":\"https:\/\/talkpal.ai\/ethics-policy\/\",\"diversityPolicy\":\"https:\/\/talkpal.ai\/diversity-policy\/\",\"diversityStaffingReport\":\"https:\/\/talkpal.ai\/diversity-policy\/\"}]}<\/script>\n<!-- \/ Yoast SEO Premium plugin. -->","yoast_head_json":{"title":"Exerci\u021bii de gramatic\u0103 norvegian\u0103 - Talkpal","description":"\u00cembun\u0103t\u0103\u021bi\u021bi-v\u0103 abilit\u0103\u021bile cu exerci\u021bii captivante de gramatic\u0103 norvegian\u0103. Perfect pentru cursan\u021bii de la orice nivel pentru a exersa eficient.","robots":{"index":"index","follow":"follow","max-snippet":"max-snippet:-1","max-image-preview":"max-image-preview:large","max-video-preview":"max-video-preview:-1"},"canonical":"https:\/\/talkpal.ai\/ro\/exercitii-de-gramatica-norvegiana\/","og_locale":"ro_RO","og_type":"article","og_title":"Exerci\u021bii de gramatic\u0103 norvegian\u0103","og_description":"Subiecte de gramatic\u0103 norvegian\u0103 \u00cenv\u0103\u021barea limbii norvegiene poate fi o experien\u021b\u0103 interesant\u0103 \u0219i plin\u0103 de satisfac\u021bii, deoarece deschide u\u0219ile c\u0103tre o","og_url":"https:\/\/talkpal.ai\/ro\/exercitii-de-gramatica-norvegiana\/","og_site_name":"Talkpal","article_publisher":"https:\/\/www.facebook.com\/profile.php?id=100090733639311","article_modified_time":"2025-12-17T14:37:52+00:00","og_image":[{"width":512,"height":512,"url":"https:\/\/talkpal.ai\/wp-content\/uploads\/2023\/05\/norway.png","type":"image\/png"}],"twitter_card":"summary_large_image","twitter_site":"@talkpalai","twitter_misc":{"Timp estimat pentru citire":"3 minute"},"schema":{"@context":"https:\/\/schema.org","@graph":[{"@type":"WebPage","@id":"https:\/\/talkpal.ai\/ro\/exercitii-de-gramatica-norvegiana\/","url":"https:\/\/talkpal.ai\/ro\/exercitii-de-gramatica-norvegiana\/","name":"Exerci\u021bii de gramatic\u0103 norvegian\u0103 - Talkpal","isPartOf":{"@id":"https:\/\/talkpal.ai\/ro\/#website"},"primaryImageOfPage":{"@id":"https:\/\/talkpal.ai\/ro\/exercitii-de-gramatica-norvegiana\/#primaryimage"},"image":{"@id":"https:\/\/talkpal.ai\/ro\/exercitii-de-gramatica-norvegiana\/#primaryimage"},"thumbnailUrl":"https:\/\/talkpal.ai\/wp-content\/uploads\/2023\/05\/norway.png","datePublished":"2023-06-27T08:41:59+00:00","dateModified":"2025-12-17T14:37:52+00:00","description":"\u00cembun\u0103t\u0103\u021bi\u021bi-v\u0103 abilit\u0103\u021bile cu exerci\u021bii captivante de gramatic\u0103 norvegian\u0103. Perfect pentru cursan\u021bii de la orice nivel pentru a exersa eficient.","breadcrumb":{"@id":"https:\/\/talkpal.ai\/ro\/exercitii-de-gramatica-norvegiana\/#breadcrumb"},"inLanguage":"ro-RO","potentialAction":[{"@type":"ReadAction","target":["https:\/\/talkpal.ai\/ro\/exercitii-de-gramatica-norvegiana\/"]}]},{"@type":"ImageObject","inLanguage":"ro-RO","@id":"https:\/\/talkpal.ai\/ro\/exercitii-de-gramatica-norvegiana\/#primaryimage","url":"https:\/\/talkpal.ai\/wp-content\/uploads\/2023\/05\/norway.png","contentUrl":"https:\/\/talkpal.ai\/wp-content\/uploads\/2023\/05\/norway.png","width":512,"height":512},{"@type":"BreadcrumbList","@id":"https:\/\/talkpal.ai\/ro\/exercitii-de-gramatica-norvegiana\/#breadcrumb","itemListElement":[{"@type":"ListItem","position":1,"name":"Homepage","item":"https:\/\/talkpal.ai\/ro\/"},{"@type":"ListItem","position":2,"name":"Exerci\u021bii de gramatic\u0103 norvegian\u0103"}]},{"@type":"WebSite","@id":"https:\/\/talkpal.ai\/ro\/#website","url":"https:\/\/talkpal.ai\/ro\/","name":"Talkpal","description":"AI Language Learning","publisher":{"@id":"https:\/\/talkpal.ai\/ro\/#organization"},"alternateName":"Talkpal AI","potentialAction":[{"@type":"SearchAction","target":{"@type":"EntryPoint","urlTemplate":"https:\/\/talkpal.ai\/ro\/?s={search_term_string}"},"query-input":{"@type":"PropertyValueSpecification","valueRequired":true,"valueName":"search_term_string"}}],"inLanguage":"ro-RO"},{"@type":"Organization","@id":"https:\/\/talkpal.ai\/ro\/#organization","name":"Talkpal, Inc.","alternateName":"Talkpal AI","url":"https:\/\/talkpal.ai\/ro\/","logo":{"@type":"ImageObject","inLanguage":"ro-RO","@id":"https:\/\/talkpal.ai\/ro\/#\/schema\/logo\/image\/","url":"https:\/\/talkpal.ai\/wp-content\/uploads\/2024\/03\/Talkpal-Logo-Icon.png","contentUrl":"https:\/\/talkpal.ai\/wp-content\/uploads\/2024\/03\/Talkpal-Logo-Icon.png","width":2880,"height":2880,"caption":"Talkpal, Inc."},"image":{"@id":"https:\/\/talkpal.ai\/ro\/#\/schema\/logo\/image\/"},"sameAs":["https:\/\/www.facebook.com\/profile.php?id=100090733639311","https:\/\/x.com\/talkpalai","https:\/\/www.linkedin.com\/company\/talkpal\/","https:\/\/www.youtube.com\/@TalkPal\/","https:\/\/www.tiktok.com\/@talkpal","https:\/\/www.instagram.com\/talkpal_ai\/","https:\/\/www.crunchbase.com\/organization\/talkpal-9cde","https:\/\/www.g2.com\/products\/talkpal-for-business\/","https:\/\/www.trustpilot.com\/review\/talkpal.ai","https:\/\/www.capterra.com\/p\/10006800\/TalkPal\/"],"description":"Talkpal is a language learning web and mobile education app, powered by the latest AI technologies, that provides engaging experiences to its customers in many different languages to help them improve their language skills. Users can chat about unlimited amount of topics with the app and use other modes to practice their language learning.","email":"support@talkpal.ai","legalName":"Talkpal, Inc.","foundingDate":"2023-04-03","duns":"118989042","numberOfEmployees":{"@type":"QuantitativeValue","minValue":"11","maxValue":"50"},"publishingPrinciples":"https:\/\/talkpal.ai\/publishing-principles\/","actionableFeedbackPolicy":"https:\/\/talkpal.ai\/actionable-feedback-policy\/","correctionsPolicy":"https:\/\/talkpal.ai\/corrections-policy\/","ethicsPolicy":"https:\/\/talkpal.ai\/ethics-policy\/","diversityPolicy":"https:\/\/talkpal.ai\/diversity-policy\/","diversityStaffingReport":"https:\/\/talkpal.ai\/diversity-policy\/"}]}},"_links":{"self":[{"href":"https:\/\/talkpal.ai\/ro\/wp-json\/wp\/v2\/pages\/158407","targetHints":{"allow":["GET"]}}],"collection":[{"href":"https:\/\/talkpal.ai\/ro\/wp-json\/wp\/v2\/pages"}],"about":[{"href":"https:\/\/talkpal.ai\/ro\/wp-json\/wp\/v2\/types\/page"}],"author":[{"embeddable":true,"href":"https:\/\/talkpal.ai\/ro\/wp-json\/wp\/v2\/users\/6"}],"replies":[{"embeddable":true,"href":"https:\/\/talkpal.ai\/ro\/wp-json\/wp\/v2\/comments?post=158407"}],"version-history":[{"count":0,"href":"https:\/\/talkpal.ai\/ro\/wp-json\/wp\/v2\/pages\/158407\/revisions"}],"wp:featuredmedia":[{"embeddable":true,"href":"https:\/\/talkpal.ai\/ro\/wp-json\/wp\/v2\/media\/116950"}],"wp:attachment":[{"href":"https:\/\/talkpal.ai\/ro\/wp-json\/wp\/v2\/media?parent=158407"}],"curies":[{"name":"wp","href":"https:\/\/api.w.org\/{rel}","templated":true}]}}