{"id":158134,"date":"2023-06-27T08:51:37","date_gmt":"2023-06-27T08:51:37","guid":{"rendered":"http:\/\/talkpal.ai\/exercitii-de-gramatica-persana\/"},"modified":"2025-12-17T15:13:56","modified_gmt":"2025-12-17T15:13:56","slug":"exercitii-de-gramatica-persana","status":"publish","type":"page","link":"https:\/\/talkpal.ai\/ro\/exercitii-de-gramatica-persana\/","title":{"rendered":"Exerci\u021bii de gramatic\u0103 persan\u0103"},"content":{"rendered":"\r\n\r\n\r\n<section class=\"languageChallengeSection\">\r\n    <div class=\"languageInfoWrapper\">\r\n        \r\n        <h1>Exerci\u021bii de gramatic\u0103 persan\u0103<\/h1>\r\n        <p>Sunte\u021bi gata s\u0103 v\u0103 \u00eembun\u0103t\u0103\u021bi\u021bi abilit\u0103\u021bile persane? Practicarea exerci\u021biilor gramaticale este o modalitate excelent\u0103 de a st\u0103p\u00e2ni structura propozi\u021biilor, formele verbale \u0219i modelele cheie ale limbii persane. \u00cencepe\u021bi ast\u0103zi s\u0103 lucra\u021bi la gramatica <a href=\"https:\/\/talkpal.ai\/learn-persian\/\">persan\u0103<\/a> \u0219i vede\u021bi cum v\u0103 cre\u0219te \u00een\u021belegerea \u0219i \u00eencrederea cu fiecare exerci\u021biu nou!<\/p>\r\n\r\n                            <a class=\"getStartedHidden\" href=\"https:\/\/app.talkpal.ai\/ro\/signup?lng=\">\u00cencepe<\/a>\r\n        \r\n    <\/div>\r\n\r\n    <figure>\r\n    <img decoding=\"async\" width=\"768\" height=\"768\" src=\"https:\/\/talkpal.ai\/wp-content\/uploads\/2023\/06\/persian-768x768.png\" class=\"languageImage no-lazy\" alt=\"Language learning to comprehend global news\" fetchpriority=\"high\" sizes=\"(max-width: 768px) 150px, 768px\" srcset=\"https:\/\/talkpal.ai\/wp-content\/uploads\/2023\/06\/persian-768x768.png 768w, https:\/\/talkpal.ai\/wp-content\/uploads\/2023\/06\/persian-300x300.png 300w\" \/>\r\n    \r\n\r\n    <\/figure>\r\n\r\n            <a class=\"getStartedVisible\" href=\"https:\/\/app.talkpal.ai\/ro\/signup?lng=\">\u00cencepe<\/a>\r\n    \r\n<\/section>\r\n\r\n\r\n<!-- <section class=\"grammarSection\">\r\n    <div class=\"grammarLinks\">\r\n            <\/div>\r\n<\/section> -->\r\n\r\n\r\n\r\n\r\n<section class=\"promotionalBanner\">\r\n    <p class=\"promotionalText\">Cel mai eficient mod de a \u00eenv\u0103\u021ba o limb\u0103<\/p>\r\n    <a class=\"promotionalLink\" href=\"https:\/\/app.talkpal.ai\/ro\/signup?lng=\">\u00cencerca\u021bi Talkpal gratuit<\/a>\r\n<\/section>\n<div class=\"wp-block-group pageContainerStyle\"><div class=\"wp-block-group__inner-container is-layout-constrained wp-block-group-is-layout-constrained\">\n<h2 class=\"wp-block-heading\" id=\"h-persian-grammar-topics\">Subiecte gramaticale persane<\/h2>\n\n\n\n<p>\u00cenv\u0103\u021barea limbii persane, cunoscut\u0103 \u0219i sub numele de farsi, poate fi o c\u0103l\u0103torie interesant\u0103 \u0219i plin\u0103 de satisfac\u021bii, deschiz\u00e2nd noi oportunit\u0103\u021bi de a \u00een\u021belege cultura \u0219i istoria bogat\u0103 a Iranului \u0219i a altor regiuni vorbitoare de persan\u0103. Ca cursant, st\u0103p\u00e2nirea diferitelor aspecte ale gramaticii persane este esen\u021bial\u0103 pentru construirea unei funda\u021bii puternice \u00een limb\u0103. \u00cen acest ghid, vom explora diferite aspecte ale gramaticii persane, inclusiv timpuri, verbe, substantive, articole \u0219i alte elemente esen\u021biale, pentru a v\u0103 ajuta s\u0103 v\u0103 structura\u021bi procesul de \u00eenv\u0103\u021bare \u00eentr-o manier\u0103 sistematic\u0103 \u0219i eficient\u0103.<\/p>\n\n\n\n<h3 class=\"wp-block-heading\" id=\"h-1-nouns\">1. Substantive:<\/h3>\n\n\n\n<p>\u00cencepe\u021bi prin a \u00eenv\u0103\u021ba no\u021biunile de baz\u0103 ale substantivelor persane, inclusiv genul acestora (toate substantivele persane sunt neutre din punct de vedere al genului), formele de singular \u0219i plural, precum \u0219i utilizarea lui &#8222;ezafe&#8221; pentru a ar\u0103ta posesia \u0219i rela\u021biile dintre substantive.<\/p>\n\n\n\n<h3 class=\"wp-block-heading\" id=\"h-2-pronouns-determiners\">2. Pronume\/Determinan\u021bi:<\/h3>\n\n\n\n<p>Odat\u0103 ce v\u0103 familiariza\u021bi cu substantivele, trece\u021bi la \u00eenv\u0103\u021barea pronumelor \u0219i a determinan\u021bilor. Acest lucru v\u0103 va ajuta s\u0103 \u00een\u021belege\u021bi cum s\u0103 v\u0103 referi\u021bi la oameni \u0219i obiecte \u00een persan\u0103 \u0219i s\u0103 utiliza\u021bi demonstrative, posesive \u0219i cuantificatori.<\/p>\n\n\n\n<h3 class=\"wp-block-heading\" id=\"h-3-adjectives\">3. Adjective:<\/h3>\n\n\n\n<p>Afla\u021bi cum s\u0103 descrie\u021bi substantivele folosind adjective, inclusiv plasarea lor \u00eentr-o propozi\u021bie \u0219i modul \u00een care sunt de acord cu substantivele <a href=\"https:\/\/talkpal.ai\/culture\/how-do-i-use-pe-care-correctly\/\">pe care<\/a> le modific\u0103.<\/p>\n\n\n\n<h3 class=\"wp-block-heading\" id=\"h-4-verbs\">4. Verbe:<\/h3>\n\n\n\n<p>Verbele sunt coloana vertebral\u0103 a oric\u0103rei limbi, iar persana nu face excep\u021bie. \u00cencepe\u021bi cu \u00een\u021belegerea structurii verbului persan \u0219i a timpului prezent simplu, \u00eenainte de a trece la alte timpuri \u0219i st\u0103ri.<\/p>\n\n\n\n<h3 class=\"wp-block-heading\" id=\"h-5-tense-comparison\">5. Compara\u021bie tensionat\u0103:<\/h3>\n\n\n\n<p>Dup\u0103 ce a\u021bi \u00eenv\u0103\u021bat elementele de baz\u0103 ale verbelor \u0219i timpul prezent simplu, compara\u021bi \u0219i contrasta\u021bi diferite timpuri pentru a \u00een\u021belege cum sunt folosite \u00een persan\u0103. Aceasta include timpurile trecut, viitor \u0219i condi\u021bionat.<\/p>\n\n\n\n<h3 class=\"wp-block-heading\" id=\"h-6-progressive-and-perfect-progressive\">6. Progresiv \u0219i perfect progresiv:<\/h3>\n\n\n\n<p>Afla\u021bi aspectele progresive \u0219i progresive perfecte ale verbelor persane pentru a exprima ac\u021biunile \u00een curs sau finalizate.<\/p>\n\n\n\n<h3 class=\"wp-block-heading\" id=\"h-7-adverbs\">7. Adverbe:<\/h3>\n\n\n\n<p>Adverbele sunt esen\u021biale pentru a ad\u0103uga nuan\u021be \u0219i context propozi\u021biilor tale persane. Afla\u021bi plasarea lor \u0219i modul \u00een care modific\u0103 verbele, adjectivele \u0219i alte adverbe.<\/p>\n\n\n\n<h3 class=\"wp-block-heading\" id=\"h-8-conditionals\">8. Condi\u021bionale:<\/h3>\n\n\n\n<p>\u00cen\u021belege\u021bi cum s\u0103 exprima\u021bi situa\u021bii \u0219i consecin\u021be ipotetice \u00eenv\u0103\u021b\u00e2nd propozi\u021bii condi\u021bionale persane.<\/p>\n\n\n\n<h3 class=\"wp-block-heading\" id=\"h-9-prepositions\">9. Prepozi\u021bii:<\/h3>\n\n\n\n<p>Prepozi\u021biile sunt necesare pentru a ar\u0103ta rela\u021biile dintre cuvinte \u0219i fraze \u00eentr-o propozi\u021bie. Afla\u021bi cele mai comune prepozi\u021bii persane \u0219i cum s\u0103 le folosi\u021bi corect.<\/p>\n\n\n\n<h3 class=\"wp-block-heading\" id=\"h-10-sentences\">10. Propozi\u021bii:<\/h3>\n\n\n\n<p>\u00cen cele din urm\u0103, exersa\u021bi punerea tuturor elementelor gramaticii persane \u00eempreun\u0103 prin formarea de propozi\u021bii complete. Concentra\u021bi-v\u0103 pe diferite structuri de propozi\u021bii, inclusiv propozi\u021bii simple, compuse \u0219i complexe, precum \u0219i \u00eentreb\u0103ri \u0219i afirma\u021bii imperative.<\/p>\n\n\n\n<p>Urm\u00e2nd aceast\u0103 secven\u021b\u0103 de \u00eenv\u0103\u021bare a subiectelor gramaticii persane, ve\u021bi construi o baz\u0103 solid\u0103 \u00een limba care v\u0103 va permite s\u0103 comunica\u021bi eficient \u0219i s\u0103 aprecia\u021bi frumuse\u021bea literaturii \u0219i culturii persane.<\/p>\n<\/div><\/div>\n\r\n<section class=\"learnNavigationSection\">\r\n            \r\n        <a href=\"https:\/\/talkpal.ai\/ro\/invata-persana\/\">\r\n            <div class=\"learnNavigationWrapper\">\r\n                <div class=\"learnNavigationContent\">\r\n                    <img decoding=\"async\" src=\"https:\/\/talkpal.ai\/wp-content\/uploads\/2024\/08\/Persian.jpg\" alt=\"Persian Flag\">\r\n                    <div>\r\n                        <h4>Despre \u00eenv\u0103\u021barea persan\u0103<\/h4>\r\n                        <p>Afla\u021bi totul despre gramatica persan\u0103 .<\/p>\r\n                    <\/div>\r\n                <\/div>\r\n            <\/div>\r\n        <\/a>\r\n\r\n        \r\n        <a href=\"https:\/\/talkpal.ai\/ro\/gramatica-persana\/\">\r\n            <div class=\"learnNavigationWrapper\">\r\n                <div class=\"learnNavigationContent\">\r\n                    <img decoding=\"async\" src=\"https:\/\/talkpal.ai\/wp-content\/uploads\/2024\/08\/Persian.jpg\" alt=\"Persian Flag\">\r\n                    <div>\r\n                        <h4>Lec\u021bii de gramatic\u0103 persan\u0103<\/h4>\r\n                        <p>Exersa\u021bi gramatica persan\u0103.<\/p>\r\n                    <\/div>\r\n                <\/div>\r\n            <\/div>\r\n        <\/a>\r\n\r\n        \r\n        <a href=\"https:\/\/talkpal.ai\/vocabulary_language\/persian\/\">\r\n            <div class=\"learnNavigationWrapper\">\r\n                <div class=\"learnNavigationContent\">\r\n                    <img decoding=\"async\" src=\"https:\/\/talkpal.ai\/wp-content\/uploads\/2024\/08\/Persian.jpg\" alt=\"Persian Flag\">\r\n                    <div>\r\n                        <h4>Vocabular persan<\/h4>\r\n                        <p>Extinde\u021bi-v\u0103 vocabularul persan.<\/p>\r\n                    <\/div>\r\n                <\/div>\r\n            <\/div>\r\n        <\/a>\r\n\r\n            <\/section>","protected":false},"excerpt":{"rendered":"<p>Subiecte gramaticale persane \u00cenv\u0103\u021barea limbii persane, cunoscut\u0103 \u0219i sub numele de farsi, poate fi o c\u0103l\u0103torie interesant\u0103 \u0219i plin\u0103 de satisfac\u021bii, deschiz\u00e2nd noi oportunit\u0103\u021bi de a \u00een\u021belege cultura \u0219i istoria bogat\u0103 a Iranului \u0219i a altor regiuni vorbitoare de persan\u0103. Ca cursant, st\u0103p\u00e2nirea diferitelor aspecte ale gramaticii persane este esen\u021bial\u0103 pentru construirea unei funda\u021bii puternice [&hellip;]<\/p>\n","protected":false},"author":6,"featured_media":117359,"parent":0,"menu_order":0,"comment_status":"closed","ping_status":"closed","template":"LearningContentPage.php","meta":{"_acf_changed":false,"footnotes":""},"class_list":["post-158134","page","type-page","status-publish","has-post-thumbnail","hentry"],"acf":[],"yoast_head":"<!-- This site is optimized with the Yoast SEO Premium plugin v27.2 (Yoast SEO v27.2) - https:\/\/yoast.com\/product\/yoast-seo-premium-wordpress\/ -->\n<title>Exerci\u021bii de gramatic\u0103 persan\u0103 - Talkpal<\/title>\n<meta name=\"description\" content=\"\u00cenv\u0103\u021ba\u021bi exerci\u021bii de gramatic\u0103 persan\u0103 pentru a v\u0103 consolida competen\u021bele lingvistice \u0219i a explora cultura regiunilor vorbitoare de persan\u0103.\" \/>\n<meta name=\"robots\" content=\"index, follow, max-snippet:-1, max-image-preview:large, max-video-preview:-1\" \/>\n<link rel=\"canonical\" href=\"https:\/\/talkpal.ai\/ro\/exercitii-de-gramatica-persana\/\" \/>\n<meta property=\"og:locale\" content=\"ro_RO\" \/>\n<meta property=\"og:type\" content=\"article\" \/>\n<meta property=\"og:title\" content=\"Exerci\u021bii de gramatic\u0103 persan\u0103\" \/>\n<meta property=\"og:description\" content=\"Subiecte gramaticale persane \u00cenv\u0103\u021barea limbii persane, cunoscut\u0103 \u0219i sub numele de farsi, poate fi o c\u0103l\u0103torie interesant\u0103 \u0219i plin\u0103 de satisfac\u021bii,\" \/>\n<meta property=\"og:url\" content=\"https:\/\/talkpal.ai\/ro\/exercitii-de-gramatica-persana\/\" \/>\n<meta property=\"og:site_name\" content=\"Talkpal\" \/>\n<meta property=\"article:publisher\" content=\"https:\/\/www.facebook.com\/profile.php?id=100090733639311\" \/>\n<meta property=\"article:modified_time\" content=\"2025-12-17T15:13:56+00:00\" \/>\n<meta property=\"og:image\" content=\"https:\/\/talkpal.ai\/wp-content\/uploads\/2023\/05\/Persian-iran.png\" \/>\n\t<meta property=\"og:image:width\" content=\"512\" \/>\n\t<meta property=\"og:image:height\" content=\"512\" \/>\n\t<meta property=\"og:image:type\" content=\"image\/png\" \/>\n<meta name=\"twitter:card\" content=\"summary_large_image\" \/>\n<meta name=\"twitter:site\" content=\"@talkpalai\" \/>\n<meta name=\"twitter:label1\" content=\"Timp estimat pentru citire\" \/>\n\t<meta name=\"twitter:data1\" content=\"3 minute\" \/>\n<script type=\"application\/ld+json\" class=\"yoast-schema-graph\">{\"@context\":\"https:\/\/schema.org\",\"@graph\":[{\"@type\":\"WebPage\",\"@id\":\"https:\/\/talkpal.ai\/ro\/exercitii-de-gramatica-persana\/\",\"url\":\"https:\/\/talkpal.ai\/ro\/exercitii-de-gramatica-persana\/\",\"name\":\"Exerci\u021bii de gramatic\u0103 persan\u0103 - Talkpal\",\"isPartOf\":{\"@id\":\"https:\/\/talkpal.ai\/ro\/#website\"},\"primaryImageOfPage\":{\"@id\":\"https:\/\/talkpal.ai\/ro\/exercitii-de-gramatica-persana\/#primaryimage\"},\"image\":{\"@id\":\"https:\/\/talkpal.ai\/ro\/exercitii-de-gramatica-persana\/#primaryimage\"},\"thumbnailUrl\":\"https:\/\/talkpal.ai\/wp-content\/uploads\/2023\/05\/Persian-iran.png\",\"datePublished\":\"2023-06-27T08:51:37+00:00\",\"dateModified\":\"2025-12-17T15:13:56+00:00\",\"description\":\"\u00cenv\u0103\u021ba\u021bi exerci\u021bii de gramatic\u0103 persan\u0103 pentru a v\u0103 consolida competen\u021bele lingvistice \u0219i a explora cultura regiunilor vorbitoare de persan\u0103.\",\"breadcrumb\":{\"@id\":\"https:\/\/talkpal.ai\/ro\/exercitii-de-gramatica-persana\/#breadcrumb\"},\"inLanguage\":\"ro-RO\",\"potentialAction\":[{\"@type\":\"ReadAction\",\"target\":[\"https:\/\/talkpal.ai\/ro\/exercitii-de-gramatica-persana\/\"]}]},{\"@type\":\"ImageObject\",\"inLanguage\":\"ro-RO\",\"@id\":\"https:\/\/talkpal.ai\/ro\/exercitii-de-gramatica-persana\/#primaryimage\",\"url\":\"https:\/\/talkpal.ai\/wp-content\/uploads\/2023\/05\/Persian-iran.png\",\"contentUrl\":\"https:\/\/talkpal.ai\/wp-content\/uploads\/2023\/05\/Persian-iran.png\",\"width\":512,\"height\":512},{\"@type\":\"BreadcrumbList\",\"@id\":\"https:\/\/talkpal.ai\/ro\/exercitii-de-gramatica-persana\/#breadcrumb\",\"itemListElement\":[{\"@type\":\"ListItem\",\"position\":1,\"name\":\"Homepage\",\"item\":\"https:\/\/talkpal.ai\/ro\/\"},{\"@type\":\"ListItem\",\"position\":2,\"name\":\"Exerci\u021bii de gramatic\u0103 persan\u0103\"}]},{\"@type\":\"WebSite\",\"@id\":\"https:\/\/talkpal.ai\/ro\/#website\",\"url\":\"https:\/\/talkpal.ai\/ro\/\",\"name\":\"Talkpal\",\"description\":\"AI Language Learning\",\"publisher\":{\"@id\":\"https:\/\/talkpal.ai\/ro\/#organization\"},\"alternateName\":\"Talkpal AI\",\"potentialAction\":[{\"@type\":\"SearchAction\",\"target\":{\"@type\":\"EntryPoint\",\"urlTemplate\":\"https:\/\/talkpal.ai\/ro\/?s={search_term_string}\"},\"query-input\":{\"@type\":\"PropertyValueSpecification\",\"valueRequired\":true,\"valueName\":\"search_term_string\"}}],\"inLanguage\":\"ro-RO\"},{\"@type\":\"Organization\",\"@id\":\"https:\/\/talkpal.ai\/ro\/#organization\",\"name\":\"Talkpal, Inc.\",\"alternateName\":\"Talkpal AI\",\"url\":\"https:\/\/talkpal.ai\/ro\/\",\"logo\":{\"@type\":\"ImageObject\",\"inLanguage\":\"ro-RO\",\"@id\":\"https:\/\/talkpal.ai\/ro\/#\/schema\/logo\/image\/\",\"url\":\"https:\/\/talkpal.ai\/wp-content\/uploads\/2024\/03\/Talkpal-Logo-Icon.png\",\"contentUrl\":\"https:\/\/talkpal.ai\/wp-content\/uploads\/2024\/03\/Talkpal-Logo-Icon.png\",\"width\":2880,\"height\":2880,\"caption\":\"Talkpal, Inc.\"},\"image\":{\"@id\":\"https:\/\/talkpal.ai\/ro\/#\/schema\/logo\/image\/\"},\"sameAs\":[\"https:\/\/www.facebook.com\/profile.php?id=100090733639311\",\"https:\/\/x.com\/talkpalai\",\"https:\/\/www.linkedin.com\/company\/talkpal\/\",\"https:\/\/www.youtube.com\/@TalkPal\/\",\"https:\/\/www.tiktok.com\/@talkpal\",\"https:\/\/www.instagram.com\/talkpal_ai\/\",\"https:\/\/www.crunchbase.com\/organization\/talkpal-9cde\",\"https:\/\/www.g2.com\/products\/talkpal-for-business\/\",\"https:\/\/www.trustpilot.com\/review\/talkpal.ai\",\"https:\/\/www.capterra.com\/p\/10006800\/TalkPal\/\"],\"description\":\"Talkpal is a language learning web and mobile education app, powered by the latest AI technologies, that provides engaging experiences to its customers in many different languages to help them improve their language skills. Users can chat about unlimited amount of topics with the app and use other modes to practice their language learning.\",\"email\":\"support@talkpal.ai\",\"legalName\":\"Talkpal, Inc.\",\"foundingDate\":\"2023-04-03\",\"duns\":\"118989042\",\"numberOfEmployees\":{\"@type\":\"QuantitativeValue\",\"minValue\":\"11\",\"maxValue\":\"50\"},\"publishingPrinciples\":\"https:\/\/talkpal.ai\/publishing-principles\/\",\"actionableFeedbackPolicy\":\"https:\/\/talkpal.ai\/actionable-feedback-policy\/\",\"correctionsPolicy\":\"https:\/\/talkpal.ai\/corrections-policy\/\",\"ethicsPolicy\":\"https:\/\/talkpal.ai\/ethics-policy\/\",\"diversityPolicy\":\"https:\/\/talkpal.ai\/diversity-policy\/\",\"diversityStaffingReport\":\"https:\/\/talkpal.ai\/diversity-policy\/\"}]}<\/script>\n<!-- \/ Yoast SEO Premium plugin. -->","yoast_head_json":{"title":"Exerci\u021bii de gramatic\u0103 persan\u0103 - Talkpal","description":"\u00cenv\u0103\u021ba\u021bi exerci\u021bii de gramatic\u0103 persan\u0103 pentru a v\u0103 consolida competen\u021bele lingvistice \u0219i a explora cultura regiunilor vorbitoare de persan\u0103.","robots":{"index":"index","follow":"follow","max-snippet":"max-snippet:-1","max-image-preview":"max-image-preview:large","max-video-preview":"max-video-preview:-1"},"canonical":"https:\/\/talkpal.ai\/ro\/exercitii-de-gramatica-persana\/","og_locale":"ro_RO","og_type":"article","og_title":"Exerci\u021bii de gramatic\u0103 persan\u0103","og_description":"Subiecte gramaticale persane \u00cenv\u0103\u021barea limbii persane, cunoscut\u0103 \u0219i sub numele de farsi, poate fi o c\u0103l\u0103torie interesant\u0103 \u0219i plin\u0103 de satisfac\u021bii,","og_url":"https:\/\/talkpal.ai\/ro\/exercitii-de-gramatica-persana\/","og_site_name":"Talkpal","article_publisher":"https:\/\/www.facebook.com\/profile.php?id=100090733639311","article_modified_time":"2025-12-17T15:13:56+00:00","og_image":[{"width":512,"height":512,"url":"https:\/\/talkpal.ai\/wp-content\/uploads\/2023\/05\/Persian-iran.png","type":"image\/png"}],"twitter_card":"summary_large_image","twitter_site":"@talkpalai","twitter_misc":{"Timp estimat pentru citire":"3 minute"},"schema":{"@context":"https:\/\/schema.org","@graph":[{"@type":"WebPage","@id":"https:\/\/talkpal.ai\/ro\/exercitii-de-gramatica-persana\/","url":"https:\/\/talkpal.ai\/ro\/exercitii-de-gramatica-persana\/","name":"Exerci\u021bii de gramatic\u0103 persan\u0103 - Talkpal","isPartOf":{"@id":"https:\/\/talkpal.ai\/ro\/#website"},"primaryImageOfPage":{"@id":"https:\/\/talkpal.ai\/ro\/exercitii-de-gramatica-persana\/#primaryimage"},"image":{"@id":"https:\/\/talkpal.ai\/ro\/exercitii-de-gramatica-persana\/#primaryimage"},"thumbnailUrl":"https:\/\/talkpal.ai\/wp-content\/uploads\/2023\/05\/Persian-iran.png","datePublished":"2023-06-27T08:51:37+00:00","dateModified":"2025-12-17T15:13:56+00:00","description":"\u00cenv\u0103\u021ba\u021bi exerci\u021bii de gramatic\u0103 persan\u0103 pentru a v\u0103 consolida competen\u021bele lingvistice \u0219i a explora cultura regiunilor vorbitoare de persan\u0103.","breadcrumb":{"@id":"https:\/\/talkpal.ai\/ro\/exercitii-de-gramatica-persana\/#breadcrumb"},"inLanguage":"ro-RO","potentialAction":[{"@type":"ReadAction","target":["https:\/\/talkpal.ai\/ro\/exercitii-de-gramatica-persana\/"]}]},{"@type":"ImageObject","inLanguage":"ro-RO","@id":"https:\/\/talkpal.ai\/ro\/exercitii-de-gramatica-persana\/#primaryimage","url":"https:\/\/talkpal.ai\/wp-content\/uploads\/2023\/05\/Persian-iran.png","contentUrl":"https:\/\/talkpal.ai\/wp-content\/uploads\/2023\/05\/Persian-iran.png","width":512,"height":512},{"@type":"BreadcrumbList","@id":"https:\/\/talkpal.ai\/ro\/exercitii-de-gramatica-persana\/#breadcrumb","itemListElement":[{"@type":"ListItem","position":1,"name":"Homepage","item":"https:\/\/talkpal.ai\/ro\/"},{"@type":"ListItem","position":2,"name":"Exerci\u021bii de gramatic\u0103 persan\u0103"}]},{"@type":"WebSite","@id":"https:\/\/talkpal.ai\/ro\/#website","url":"https:\/\/talkpal.ai\/ro\/","name":"Talkpal","description":"AI Language Learning","publisher":{"@id":"https:\/\/talkpal.ai\/ro\/#organization"},"alternateName":"Talkpal AI","potentialAction":[{"@type":"SearchAction","target":{"@type":"EntryPoint","urlTemplate":"https:\/\/talkpal.ai\/ro\/?s={search_term_string}"},"query-input":{"@type":"PropertyValueSpecification","valueRequired":true,"valueName":"search_term_string"}}],"inLanguage":"ro-RO"},{"@type":"Organization","@id":"https:\/\/talkpal.ai\/ro\/#organization","name":"Talkpal, Inc.","alternateName":"Talkpal AI","url":"https:\/\/talkpal.ai\/ro\/","logo":{"@type":"ImageObject","inLanguage":"ro-RO","@id":"https:\/\/talkpal.ai\/ro\/#\/schema\/logo\/image\/","url":"https:\/\/talkpal.ai\/wp-content\/uploads\/2024\/03\/Talkpal-Logo-Icon.png","contentUrl":"https:\/\/talkpal.ai\/wp-content\/uploads\/2024\/03\/Talkpal-Logo-Icon.png","width":2880,"height":2880,"caption":"Talkpal, Inc."},"image":{"@id":"https:\/\/talkpal.ai\/ro\/#\/schema\/logo\/image\/"},"sameAs":["https:\/\/www.facebook.com\/profile.php?id=100090733639311","https:\/\/x.com\/talkpalai","https:\/\/www.linkedin.com\/company\/talkpal\/","https:\/\/www.youtube.com\/@TalkPal\/","https:\/\/www.tiktok.com\/@talkpal","https:\/\/www.instagram.com\/talkpal_ai\/","https:\/\/www.crunchbase.com\/organization\/talkpal-9cde","https:\/\/www.g2.com\/products\/talkpal-for-business\/","https:\/\/www.trustpilot.com\/review\/talkpal.ai","https:\/\/www.capterra.com\/p\/10006800\/TalkPal\/"],"description":"Talkpal is a language learning web and mobile education app, powered by the latest AI technologies, that provides engaging experiences to its customers in many different languages to help them improve their language skills. Users can chat about unlimited amount of topics with the app and use other modes to practice their language learning.","email":"support@talkpal.ai","legalName":"Talkpal, Inc.","foundingDate":"2023-04-03","duns":"118989042","numberOfEmployees":{"@type":"QuantitativeValue","minValue":"11","maxValue":"50"},"publishingPrinciples":"https:\/\/talkpal.ai\/publishing-principles\/","actionableFeedbackPolicy":"https:\/\/talkpal.ai\/actionable-feedback-policy\/","correctionsPolicy":"https:\/\/talkpal.ai\/corrections-policy\/","ethicsPolicy":"https:\/\/talkpal.ai\/ethics-policy\/","diversityPolicy":"https:\/\/talkpal.ai\/diversity-policy\/","diversityStaffingReport":"https:\/\/talkpal.ai\/diversity-policy\/"}]}},"_links":{"self":[{"href":"https:\/\/talkpal.ai\/ro\/wp-json\/wp\/v2\/pages\/158134","targetHints":{"allow":["GET"]}}],"collection":[{"href":"https:\/\/talkpal.ai\/ro\/wp-json\/wp\/v2\/pages"}],"about":[{"href":"https:\/\/talkpal.ai\/ro\/wp-json\/wp\/v2\/types\/page"}],"author":[{"embeddable":true,"href":"https:\/\/talkpal.ai\/ro\/wp-json\/wp\/v2\/users\/6"}],"replies":[{"embeddable":true,"href":"https:\/\/talkpal.ai\/ro\/wp-json\/wp\/v2\/comments?post=158134"}],"version-history":[{"count":0,"href":"https:\/\/talkpal.ai\/ro\/wp-json\/wp\/v2\/pages\/158134\/revisions"}],"wp:featuredmedia":[{"embeddable":true,"href":"https:\/\/talkpal.ai\/ro\/wp-json\/wp\/v2\/media\/117359"}],"wp:attachment":[{"href":"https:\/\/talkpal.ai\/ro\/wp-json\/wp\/v2\/media?parent=158134"}],"curies":[{"name":"wp","href":"https:\/\/api.w.org\/{rel}","templated":true}]}}