{"id":157838,"date":"2023-06-27T09:07:34","date_gmt":"2023-06-27T09:07:34","guid":{"rendered":"http:\/\/talkpal.ai\/exercitii-de-gramatica-poloneza\/"},"modified":"2025-12-17T09:57:01","modified_gmt":"2025-12-17T09:57:01","slug":"exercitii-de-gramatica-poloneza","status":"publish","type":"page","link":"https:\/\/talkpal.ai\/ro\/exercitii-de-gramatica-poloneza\/","title":{"rendered":"Exerci\u021bii de gramatic\u0103 polonez\u0103"},"content":{"rendered":"\r\n\r\n\r\n<section class=\"languageChallengeSection\">\r\n    <div class=\"languageInfoWrapper\">\r\n        \r\n        <h1>Exerci\u021bii de gramatic\u0103 polonez\u0103<\/h1>\r\n        <p>Sunte\u021bi gata s\u0103 v\u0103 perfec\u021biona\u021bi cuno\u0219tin\u021bele de limba polonez\u0103? Practicarea exerci\u021biilor gramaticale este o modalitate excelent\u0103 de a st\u0103p\u00e2ni structura propozi\u021biilor, conjugarea verbelor \u0219i modelele unice ale limbii poloneze. \u00cencepe\u021bi s\u0103 lucra\u021bi ast\u0103zi la gramatica polonez\u0103 \u0219i vede\u021bi cum \u00eencrederea \u0219i fluen\u021ba dumneavoastr\u0103 se \u00eembun\u0103t\u0103\u021besc cu fiecare exerci\u021biu!\n\n<\/p>\r\n\r\n                            <a class=\"getStartedHidden\" href=\"https:\/\/app.talkpal.ai\/ro\/signup?lng=\">\u00cencepe<\/a>\r\n        \r\n    <\/div>\r\n\r\n    <figure>\r\n    <img decoding=\"async\" width=\"768\" height=\"768\" src=\"https:\/\/talkpal.ai\/wp-content\/uploads\/2023\/06\/polish-768x768.png\" class=\"languageImage no-lazy\" alt=\"Practical tips on language learning techniques\" fetchpriority=\"high\" sizes=\"(max-width: 768px) 150px, 768px\" srcset=\"https:\/\/talkpal.ai\/wp-content\/uploads\/2023\/06\/polish-768x768.png 768w, https:\/\/talkpal.ai\/wp-content\/uploads\/2023\/06\/polish-300x300.png 300w\" \/>\r\n    \r\n\r\n    <\/figure>\r\n\r\n            <a class=\"getStartedVisible\" href=\"https:\/\/app.talkpal.ai\/ro\/signup?lng=\">\u00cencepe<\/a>\r\n    \r\n<\/section>\r\n\r\n\r\n<!-- <section class=\"grammarSection\">\r\n    <div class=\"grammarLinks\">\r\n            <\/div>\r\n<\/section> -->\r\n\r\n\r\n\r\n\r\n<section class=\"promotionalBanner\">\r\n    <p class=\"promotionalText\">Cel mai eficient mod de a \u00eenv\u0103\u021ba o limb\u0103<\/p>\r\n    <a class=\"promotionalLink\" href=\"https:\/\/app.talkpal.ai\/ro\/signup?lng=\">\u00cencerca\u021bi Talkpal gratuit<\/a>\r\n<\/section>\n<div class=\"wp-block-group pageContainerStyle\"><div class=\"wp-block-group__inner-container is-layout-constrained wp-block-group-is-layout-constrained\">\n<h2 class=\"wp-block-heading\" id=\"h-polish-grammar-topics\">Subiecte gramaticale poloneze<\/h2>\n\n\n\n<p>Poloneza, o limb\u0103 slav\u0103 de vest, este limba nativ\u0103 a Poloniei \u0219i vorbit\u0103 de milioane de oameni din \u00eentreaga lume. Cu sistemul s\u0103u gramatical complex \u0219i pronun\u021bia unic\u0103, \u00eenv\u0103\u021barea limbii poloneze poate fi destul de dificil\u0103, dar \u0219i plin\u0103 de satisfac\u021bii. Pentru a ob\u021bine o bun\u0103 \u00een\u021belegere \u0219i st\u0103p\u00e2nire a limbii, este esen\u021bial s\u0103 \u00eenve\u021bi regulile gramaticale \u00eentr-o succesiune structurat\u0103 \u0219i logic\u0103. \u00cen acest ghid, vom explora principalele subiecte gramaticale \u00een limba polonez\u0103, cum ar fi timpurile, verbele, substantivele, articolele, pronumele, adjectivele, adverbele, condi\u021bionalele, prepozi\u021biile \u0219i structurile propozi\u021biilor. Urm\u00e2nd aceast\u0103 secven\u021b\u0103, ve\u021bi putea s\u0103 v\u0103 construi\u021bi progresiv abilit\u0103\u021bile de limb\u0103 polonez\u0103 \u0219i s\u0103 comunica\u021bi eficient.<\/p>\n\n\n\n<h3 class=\"wp-block-heading\" id=\"h-1-nouns\">1. Substantive:<\/h3>\n\n\n\n<p>\u00cen polonez\u0103, substantivele sunt \u00eemp\u0103r\u021bite \u00een trei genuri: masculin, feminin \u0219i neutru. Ei au, de asemenea, \u0219apte cazuri: nominativ, genitiv, dativ, acuzativ, instrumental, locativ \u0219i vocativ. \u00cenv\u0103\u021barea genului \u0219i a sistemului de cazuri este crucial\u0103 pentru \u00een\u021belegerea structurilor propozi\u021biilor \u0219i utilizarea formelor corecte ale altor elemente gramaticale, cum ar fi adjectivele \u0219i pronumele.<\/p>\n\n\n\n<h3 class=\"wp-block-heading\" id=\"h-2-pronouns-determiners\">2. Pronume\/Determinan\u021bi:<\/h3>\n\n\n\n<p>Pronumele \u0219i determinan\u021bii polonezi sunt de acord cu substantivele \u00een gen, num\u0103r \u0219i caz. Acestea includ pronume personale, posesive, demonstrative, interogative \u0219i relative. St\u0103p\u00e2nirea utiliz\u0103rii pronumelor \u0219i determinan\u021bilor ajut\u0103 la construirea unor propozi\u021bii mai complexe \u0219i la exprimarea diferitelor rela\u021bii \u00eentre cuvinte.<\/p>\n\n\n\n<h3 class=\"wp-block-heading\" id=\"h-3-adjectives\">3. Adjective:<\/h3>\n\n\n\n<p>Adjectivele \u00een polonez\u0103 sunt de acord cu substantivele \u00een gen, num\u0103r \u0219i caz. Ele au forme diferite bazate pe ace\u0219ti factori, astfel \u00eenc\u00e2t \u00eenv\u0103\u021barea modelelor de declinare pentru adjective este esen\u021bial\u0103 pentru utilizarea \u0219i \u00een\u021belegerea corect\u0103 a frazelor descriptive.<\/p>\n\n\n\n<h3 class=\"wp-block-heading\" id=\"h-4-verbs\">4. Verbe:<\/h3>\n\n\n\n<p>Sistemul verbelor poloneze const\u0103 din trei timpuri: trecut, prezent \u0219i viitor. Verbele au, de asemenea, forme diferite bazate pe aspect (perfectiv sau imperfectiv) \u0219i modele de conjugare. \u00cenv\u0103\u021barea elementelor de baz\u0103 ale conjug\u0103rii \u0219i aspectului verbelor este fundamental\u0103 pentru exprimarea ac\u021biunilor, evenimentelor \u0219i st\u0103rilor \u00een diferite intervale de timp.<\/p>\n\n\n\n<h3 class=\"wp-block-heading\" id=\"h-5-tense-comparison\">5. Compara\u021bie tensionat\u0103:<\/h3>\n\n\n\n<p>\u00cen\u021belegerea diferen\u021belor \u0219i asem\u0103n\u0103rilor dintre cele trei timpuri \u00een polonez\u0103 v\u0103 permite s\u0103 exprima\u021bi cu exactitate rela\u021biile de timp. Aceasta include formarea \u0219i utilizarea unor forme progresive simple, progresive \u0219i perfecte.<\/p>\n\n\n\n<h3 class=\"wp-block-heading\" id=\"h-6-adverbs\">6. Adverbe:<\/h3>\n\n\n\n<p>Adverbele \u00een polonez\u0103 ofer\u0103 informa\u021bii suplimentare despre verbe, adjective sau alte adverbe. De obicei nu \u00ee\u0219i schimb\u0103 forma, ceea ce le face relativ u\u0219or de \u00eenv\u0103\u021bat. \u0218tiind cum s\u0103 utiliza\u021bi adverbele \u00een mod corespunz\u0103tor spore\u0219te expresivitatea limbii dvs.<\/p>\n\n\n\n<h3 class=\"wp-block-heading\" id=\"h-7-prepositions\">7. Prepozi\u021bii:<\/h3>\n\n\n\n<p>Prepozi\u021biile poloneze guverneaz\u0103 cazuri specifice \u0219i arat\u0103 rela\u021biile dintre cuvintele dintr-o propozi\u021bie. \u00cenv\u0103\u021barea utiliz\u0103rii corecte a prepozi\u021biilor \u0219i a cazurilor lor corespunz\u0103toare este vital\u0103 pentru construirea unor propozi\u021bii mai complexe \u0219i exprimarea diferitelor rela\u021bii \u00eentre cuvinte.<\/p>\n\n\n\n<h3 class=\"wp-block-heading\" id=\"h-8-conditionals\">8. Condi\u021bionale:<\/h3>\n\n\n\n<p>Propozi\u021biile condi\u021bionate \u00een limba polonez\u0103 exprim\u0103 situa\u021bii ipotetice \u0219i consecin\u021bele acestora. Acestea constau de obicei din dou\u0103 clauze: condi\u021bia (clauza if) \u0219i rezultatul (clauza principal\u0103). \u00cenv\u0103\u021barea form\u0103rii \u0219i utiliz\u0103rii condi\u021bionalelor v\u0103 permite s\u0103 exprima\u021bi cu exactitate situa\u021bii ipotetice \u0219i consecin\u021bele acestora.<\/p>\n\n\n\n<h3 class=\"wp-block-heading\" id=\"h-9-sentences\">9. Propozi\u021bii:<\/h3>\n\n\n\n<p>Pentru a comunica eficient \u00een polonez\u0103, este esen\u021bial s\u0103 \u00een\u021belege\u021bi structurile de baz\u0103 ale propozi\u021biilor, inclusiv propozi\u021biile declarative, interogative, imperative \u0219i exclamative. St\u0103p\u00e2nirea structurilor propozi\u021biilor ajut\u0103 la exprimarea g\u00e2ndurilor, la punerea \u00eentreb\u0103rilor, la emiterea ordinelor \u0219i la transmiterea emo\u021biilor \u00een limba polonez\u0103.<\/p>\n<\/div><\/div>\n\r\n<section class=\"learnNavigationSection\">\r\n            \r\n        <a href=\"https:\/\/talkpal.ai\/ro\/invata-poloneza\/\">\r\n            <div class=\"learnNavigationWrapper\">\r\n                <div class=\"learnNavigationContent\">\r\n                    <img decoding=\"async\" src=\"https:\/\/talkpal.ai\/wp-content\/uploads\/2024\/08\/Polish.jpg\" alt=\"Polish Flag\">\r\n                    <div>\r\n                        <h4>Despre \u00eenv\u0103\u021barea polonez\u0103<\/h4>\r\n                        <p>Afla\u021bi totul despre gramatica polonez\u0103.<\/p>\r\n                    <\/div>\r\n                <\/div>\r\n            <\/div>\r\n        <\/a>\r\n\r\n        \r\n        <a href=\"https:\/\/talkpal.ai\/ro\/gramatica-poloneza\/\">\r\n            <div class=\"learnNavigationWrapper\">\r\n                <div class=\"learnNavigationContent\">\r\n                    <img decoding=\"async\" src=\"https:\/\/talkpal.ai\/wp-content\/uploads\/2024\/08\/Polish.jpg\" alt=\"Polish Flag\">\r\n                    <div>\r\n                        <h4>Lec\u021bii de gramatic\u0103 polonez\u0103<\/h4>\r\n                        <p>Exersa\u021bi gramatica polonez\u0103.<\/p>\r\n                    <\/div>\r\n                <\/div>\r\n            <\/div>\r\n        <\/a>\r\n\r\n        \r\n        <a href=\"https:\/\/talkpal.ai\/vocabulary_language\/polish\/\">\r\n            <div class=\"learnNavigationWrapper\">\r\n                <div class=\"learnNavigationContent\">\r\n                    <img decoding=\"async\" src=\"https:\/\/talkpal.ai\/wp-content\/uploads\/2024\/08\/Polish.jpg\" alt=\"Polish Flag\">\r\n                    <div>\r\n                        <h4>Vocabular polonez<\/h4>\r\n                        <p>Extinde\u021bi-v\u0103 vocabularul polonez.<\/p>\r\n                    <\/div>\r\n                <\/div>\r\n            <\/div>\r\n        <\/a>\r\n\r\n            <\/section>","protected":false},"excerpt":{"rendered":"<p>Subiecte gramaticale poloneze Poloneza, o limb\u0103 slav\u0103 de vest, este limba nativ\u0103 a Poloniei \u0219i vorbit\u0103 de milioane de oameni din \u00eentreaga lume. Cu sistemul s\u0103u gramatical complex \u0219i pronun\u021bia unic\u0103, \u00eenv\u0103\u021barea limbii poloneze poate fi destul de dificil\u0103, dar \u0219i plin\u0103 de satisfac\u021bii. Pentru a ob\u021bine o bun\u0103 \u00een\u021belegere \u0219i st\u0103p\u00e2nire a limbii, este [&hellip;]<\/p>\n","protected":false},"author":6,"featured_media":117533,"parent":0,"menu_order":0,"comment_status":"closed","ping_status":"closed","template":"LearningContentPage.php","meta":{"_acf_changed":false,"footnotes":""},"class_list":["post-157838","page","type-page","status-publish","has-post-thumbnail","hentry"],"acf":[],"yoast_head":"<!-- This site is optimized with the Yoast SEO Premium plugin v27.2 (Yoast SEO v27.2) - https:\/\/yoast.com\/product\/yoast-seo-premium-wordpress\/ -->\n<title>Exerci\u021bii de gramatic\u0103 polonez\u0103 - Talkpal<\/title>\n<meta name=\"description\" content=\"\u00cenv\u0103\u021ba\u021bi gramatica polonez\u0103 cu exerci\u021bii interactive concepute pentru toate nivelurile. Exerseaz\u0103 \u0219i \u00eembun\u0103t\u0103\u021be\u0219te-\u021bi competen\u021bele lingvistice!\" \/>\n<meta name=\"robots\" content=\"index, follow, max-snippet:-1, max-image-preview:large, max-video-preview:-1\" \/>\n<link rel=\"canonical\" href=\"https:\/\/talkpal.ai\/ro\/exercitii-de-gramatica-poloneza\/\" \/>\n<meta property=\"og:locale\" content=\"ro_RO\" \/>\n<meta property=\"og:type\" content=\"article\" \/>\n<meta property=\"og:title\" content=\"Exerci\u021bii de gramatic\u0103 polonez\u0103\" \/>\n<meta property=\"og:description\" content=\"Subiecte gramaticale poloneze Poloneza, o limb\u0103 slav\u0103 de vest, este limba nativ\u0103 a Poloniei \u0219i vorbit\u0103 de milioane de oameni din \u00eentreaga lume. Cu\" \/>\n<meta property=\"og:url\" content=\"https:\/\/talkpal.ai\/ro\/exercitii-de-gramatica-poloneza\/\" \/>\n<meta property=\"og:site_name\" content=\"Talkpal\" \/>\n<meta property=\"article:publisher\" content=\"https:\/\/www.facebook.com\/profile.php?id=100090733639311\" \/>\n<meta property=\"article:modified_time\" content=\"2025-12-17T09:57:01+00:00\" \/>\n<meta property=\"og:image\" content=\"https:\/\/talkpal.ai\/wp-content\/uploads\/2023\/05\/poland.png\" \/>\n\t<meta property=\"og:image:width\" content=\"512\" \/>\n\t<meta property=\"og:image:height\" content=\"512\" \/>\n\t<meta property=\"og:image:type\" content=\"image\/png\" \/>\n<meta name=\"twitter:card\" content=\"summary_large_image\" \/>\n<meta name=\"twitter:site\" content=\"@talkpalai\" \/>\n<meta name=\"twitter:label1\" content=\"Timp estimat pentru citire\" \/>\n\t<meta name=\"twitter:data1\" content=\"3 minute\" \/>\n<script type=\"application\/ld+json\" class=\"yoast-schema-graph\">{\"@context\":\"https:\/\/schema.org\",\"@graph\":[{\"@type\":\"WebPage\",\"@id\":\"https:\/\/talkpal.ai\/ro\/exercitii-de-gramatica-poloneza\/\",\"url\":\"https:\/\/talkpal.ai\/ro\/exercitii-de-gramatica-poloneza\/\",\"name\":\"Exerci\u021bii de gramatic\u0103 polonez\u0103 - Talkpal\",\"isPartOf\":{\"@id\":\"https:\/\/talkpal.ai\/ro\/#website\"},\"primaryImageOfPage\":{\"@id\":\"https:\/\/talkpal.ai\/ro\/exercitii-de-gramatica-poloneza\/#primaryimage\"},\"image\":{\"@id\":\"https:\/\/talkpal.ai\/ro\/exercitii-de-gramatica-poloneza\/#primaryimage\"},\"thumbnailUrl\":\"https:\/\/talkpal.ai\/wp-content\/uploads\/2023\/05\/poland.png\",\"datePublished\":\"2023-06-27T09:07:34+00:00\",\"dateModified\":\"2025-12-17T09:57:01+00:00\",\"description\":\"\u00cenv\u0103\u021ba\u021bi gramatica polonez\u0103 cu exerci\u021bii interactive concepute pentru toate nivelurile. Exerseaz\u0103 \u0219i \u00eembun\u0103t\u0103\u021be\u0219te-\u021bi competen\u021bele lingvistice!\",\"breadcrumb\":{\"@id\":\"https:\/\/talkpal.ai\/ro\/exercitii-de-gramatica-poloneza\/#breadcrumb\"},\"inLanguage\":\"ro-RO\",\"potentialAction\":[{\"@type\":\"ReadAction\",\"target\":[\"https:\/\/talkpal.ai\/ro\/exercitii-de-gramatica-poloneza\/\"]}]},{\"@type\":\"ImageObject\",\"inLanguage\":\"ro-RO\",\"@id\":\"https:\/\/talkpal.ai\/ro\/exercitii-de-gramatica-poloneza\/#primaryimage\",\"url\":\"https:\/\/talkpal.ai\/wp-content\/uploads\/2023\/05\/poland.png\",\"contentUrl\":\"https:\/\/talkpal.ai\/wp-content\/uploads\/2023\/05\/poland.png\",\"width\":512,\"height\":512},{\"@type\":\"BreadcrumbList\",\"@id\":\"https:\/\/talkpal.ai\/ro\/exercitii-de-gramatica-poloneza\/#breadcrumb\",\"itemListElement\":[{\"@type\":\"ListItem\",\"position\":1,\"name\":\"Homepage\",\"item\":\"https:\/\/talkpal.ai\/ro\/\"},{\"@type\":\"ListItem\",\"position\":2,\"name\":\"Exerci\u021bii de gramatic\u0103 polonez\u0103\"}]},{\"@type\":\"WebSite\",\"@id\":\"https:\/\/talkpal.ai\/ro\/#website\",\"url\":\"https:\/\/talkpal.ai\/ro\/\",\"name\":\"Talkpal\",\"description\":\"AI Language Learning\",\"publisher\":{\"@id\":\"https:\/\/talkpal.ai\/ro\/#organization\"},\"alternateName\":\"Talkpal AI\",\"potentialAction\":[{\"@type\":\"SearchAction\",\"target\":{\"@type\":\"EntryPoint\",\"urlTemplate\":\"https:\/\/talkpal.ai\/ro\/?s={search_term_string}\"},\"query-input\":{\"@type\":\"PropertyValueSpecification\",\"valueRequired\":true,\"valueName\":\"search_term_string\"}}],\"inLanguage\":\"ro-RO\"},{\"@type\":\"Organization\",\"@id\":\"https:\/\/talkpal.ai\/ro\/#organization\",\"name\":\"Talkpal, Inc.\",\"alternateName\":\"Talkpal AI\",\"url\":\"https:\/\/talkpal.ai\/ro\/\",\"logo\":{\"@type\":\"ImageObject\",\"inLanguage\":\"ro-RO\",\"@id\":\"https:\/\/talkpal.ai\/ro\/#\/schema\/logo\/image\/\",\"url\":\"https:\/\/talkpal.ai\/wp-content\/uploads\/2024\/03\/Talkpal-Logo-Icon.png\",\"contentUrl\":\"https:\/\/talkpal.ai\/wp-content\/uploads\/2024\/03\/Talkpal-Logo-Icon.png\",\"width\":2880,\"height\":2880,\"caption\":\"Talkpal, Inc.\"},\"image\":{\"@id\":\"https:\/\/talkpal.ai\/ro\/#\/schema\/logo\/image\/\"},\"sameAs\":[\"https:\/\/www.facebook.com\/profile.php?id=100090733639311\",\"https:\/\/x.com\/talkpalai\",\"https:\/\/www.linkedin.com\/company\/talkpal\/\",\"https:\/\/www.youtube.com\/@TalkPal\/\",\"https:\/\/www.tiktok.com\/@talkpal\",\"https:\/\/www.instagram.com\/talkpal_ai\/\",\"https:\/\/www.crunchbase.com\/organization\/talkpal-9cde\",\"https:\/\/www.g2.com\/products\/talkpal-for-business\/\",\"https:\/\/www.trustpilot.com\/review\/talkpal.ai\",\"https:\/\/www.capterra.com\/p\/10006800\/TalkPal\/\"],\"description\":\"Talkpal is a language learning web and mobile education app, powered by the latest AI technologies, that provides engaging experiences to its customers in many different languages to help them improve their language skills. Users can chat about unlimited amount of topics with the app and use other modes to practice their language learning.\",\"email\":\"support@talkpal.ai\",\"legalName\":\"Talkpal, Inc.\",\"foundingDate\":\"2023-04-03\",\"duns\":\"118989042\",\"numberOfEmployees\":{\"@type\":\"QuantitativeValue\",\"minValue\":\"11\",\"maxValue\":\"50\"},\"publishingPrinciples\":\"https:\/\/talkpal.ai\/publishing-principles\/\",\"actionableFeedbackPolicy\":\"https:\/\/talkpal.ai\/actionable-feedback-policy\/\",\"correctionsPolicy\":\"https:\/\/talkpal.ai\/corrections-policy\/\",\"ethicsPolicy\":\"https:\/\/talkpal.ai\/ethics-policy\/\",\"diversityPolicy\":\"https:\/\/talkpal.ai\/diversity-policy\/\",\"diversityStaffingReport\":\"https:\/\/talkpal.ai\/diversity-policy\/\"}]}<\/script>\n<!-- \/ Yoast SEO Premium plugin. -->","yoast_head_json":{"title":"Exerci\u021bii de gramatic\u0103 polonez\u0103 - Talkpal","description":"\u00cenv\u0103\u021ba\u021bi gramatica polonez\u0103 cu exerci\u021bii interactive concepute pentru toate nivelurile. Exerseaz\u0103 \u0219i \u00eembun\u0103t\u0103\u021be\u0219te-\u021bi competen\u021bele lingvistice!","robots":{"index":"index","follow":"follow","max-snippet":"max-snippet:-1","max-image-preview":"max-image-preview:large","max-video-preview":"max-video-preview:-1"},"canonical":"https:\/\/talkpal.ai\/ro\/exercitii-de-gramatica-poloneza\/","og_locale":"ro_RO","og_type":"article","og_title":"Exerci\u021bii de gramatic\u0103 polonez\u0103","og_description":"Subiecte gramaticale poloneze Poloneza, o limb\u0103 slav\u0103 de vest, este limba nativ\u0103 a Poloniei \u0219i vorbit\u0103 de milioane de oameni din \u00eentreaga lume. Cu","og_url":"https:\/\/talkpal.ai\/ro\/exercitii-de-gramatica-poloneza\/","og_site_name":"Talkpal","article_publisher":"https:\/\/www.facebook.com\/profile.php?id=100090733639311","article_modified_time":"2025-12-17T09:57:01+00:00","og_image":[{"width":512,"height":512,"url":"https:\/\/talkpal.ai\/wp-content\/uploads\/2023\/05\/poland.png","type":"image\/png"}],"twitter_card":"summary_large_image","twitter_site":"@talkpalai","twitter_misc":{"Timp estimat pentru citire":"3 minute"},"schema":{"@context":"https:\/\/schema.org","@graph":[{"@type":"WebPage","@id":"https:\/\/talkpal.ai\/ro\/exercitii-de-gramatica-poloneza\/","url":"https:\/\/talkpal.ai\/ro\/exercitii-de-gramatica-poloneza\/","name":"Exerci\u021bii de gramatic\u0103 polonez\u0103 - Talkpal","isPartOf":{"@id":"https:\/\/talkpal.ai\/ro\/#website"},"primaryImageOfPage":{"@id":"https:\/\/talkpal.ai\/ro\/exercitii-de-gramatica-poloneza\/#primaryimage"},"image":{"@id":"https:\/\/talkpal.ai\/ro\/exercitii-de-gramatica-poloneza\/#primaryimage"},"thumbnailUrl":"https:\/\/talkpal.ai\/wp-content\/uploads\/2023\/05\/poland.png","datePublished":"2023-06-27T09:07:34+00:00","dateModified":"2025-12-17T09:57:01+00:00","description":"\u00cenv\u0103\u021ba\u021bi gramatica polonez\u0103 cu exerci\u021bii interactive concepute pentru toate nivelurile. Exerseaz\u0103 \u0219i \u00eembun\u0103t\u0103\u021be\u0219te-\u021bi competen\u021bele lingvistice!","breadcrumb":{"@id":"https:\/\/talkpal.ai\/ro\/exercitii-de-gramatica-poloneza\/#breadcrumb"},"inLanguage":"ro-RO","potentialAction":[{"@type":"ReadAction","target":["https:\/\/talkpal.ai\/ro\/exercitii-de-gramatica-poloneza\/"]}]},{"@type":"ImageObject","inLanguage":"ro-RO","@id":"https:\/\/talkpal.ai\/ro\/exercitii-de-gramatica-poloneza\/#primaryimage","url":"https:\/\/talkpal.ai\/wp-content\/uploads\/2023\/05\/poland.png","contentUrl":"https:\/\/talkpal.ai\/wp-content\/uploads\/2023\/05\/poland.png","width":512,"height":512},{"@type":"BreadcrumbList","@id":"https:\/\/talkpal.ai\/ro\/exercitii-de-gramatica-poloneza\/#breadcrumb","itemListElement":[{"@type":"ListItem","position":1,"name":"Homepage","item":"https:\/\/talkpal.ai\/ro\/"},{"@type":"ListItem","position":2,"name":"Exerci\u021bii de gramatic\u0103 polonez\u0103"}]},{"@type":"WebSite","@id":"https:\/\/talkpal.ai\/ro\/#website","url":"https:\/\/talkpal.ai\/ro\/","name":"Talkpal","description":"AI Language Learning","publisher":{"@id":"https:\/\/talkpal.ai\/ro\/#organization"},"alternateName":"Talkpal AI","potentialAction":[{"@type":"SearchAction","target":{"@type":"EntryPoint","urlTemplate":"https:\/\/talkpal.ai\/ro\/?s={search_term_string}"},"query-input":{"@type":"PropertyValueSpecification","valueRequired":true,"valueName":"search_term_string"}}],"inLanguage":"ro-RO"},{"@type":"Organization","@id":"https:\/\/talkpal.ai\/ro\/#organization","name":"Talkpal, Inc.","alternateName":"Talkpal AI","url":"https:\/\/talkpal.ai\/ro\/","logo":{"@type":"ImageObject","inLanguage":"ro-RO","@id":"https:\/\/talkpal.ai\/ro\/#\/schema\/logo\/image\/","url":"https:\/\/talkpal.ai\/wp-content\/uploads\/2024\/03\/Talkpal-Logo-Icon.png","contentUrl":"https:\/\/talkpal.ai\/wp-content\/uploads\/2024\/03\/Talkpal-Logo-Icon.png","width":2880,"height":2880,"caption":"Talkpal, Inc."},"image":{"@id":"https:\/\/talkpal.ai\/ro\/#\/schema\/logo\/image\/"},"sameAs":["https:\/\/www.facebook.com\/profile.php?id=100090733639311","https:\/\/x.com\/talkpalai","https:\/\/www.linkedin.com\/company\/talkpal\/","https:\/\/www.youtube.com\/@TalkPal\/","https:\/\/www.tiktok.com\/@talkpal","https:\/\/www.instagram.com\/talkpal_ai\/","https:\/\/www.crunchbase.com\/organization\/talkpal-9cde","https:\/\/www.g2.com\/products\/talkpal-for-business\/","https:\/\/www.trustpilot.com\/review\/talkpal.ai","https:\/\/www.capterra.com\/p\/10006800\/TalkPal\/"],"description":"Talkpal is a language learning web and mobile education app, powered by the latest AI technologies, that provides engaging experiences to its customers in many different languages to help them improve their language skills. Users can chat about unlimited amount of topics with the app and use other modes to practice their language learning.","email":"support@talkpal.ai","legalName":"Talkpal, Inc.","foundingDate":"2023-04-03","duns":"118989042","numberOfEmployees":{"@type":"QuantitativeValue","minValue":"11","maxValue":"50"},"publishingPrinciples":"https:\/\/talkpal.ai\/publishing-principles\/","actionableFeedbackPolicy":"https:\/\/talkpal.ai\/actionable-feedback-policy\/","correctionsPolicy":"https:\/\/talkpal.ai\/corrections-policy\/","ethicsPolicy":"https:\/\/talkpal.ai\/ethics-policy\/","diversityPolicy":"https:\/\/talkpal.ai\/diversity-policy\/","diversityStaffingReport":"https:\/\/talkpal.ai\/diversity-policy\/"}]}},"_links":{"self":[{"href":"https:\/\/talkpal.ai\/ro\/wp-json\/wp\/v2\/pages\/157838","targetHints":{"allow":["GET"]}}],"collection":[{"href":"https:\/\/talkpal.ai\/ro\/wp-json\/wp\/v2\/pages"}],"about":[{"href":"https:\/\/talkpal.ai\/ro\/wp-json\/wp\/v2\/types\/page"}],"author":[{"embeddable":true,"href":"https:\/\/talkpal.ai\/ro\/wp-json\/wp\/v2\/users\/6"}],"replies":[{"embeddable":true,"href":"https:\/\/talkpal.ai\/ro\/wp-json\/wp\/v2\/comments?post=157838"}],"version-history":[{"count":0,"href":"https:\/\/talkpal.ai\/ro\/wp-json\/wp\/v2\/pages\/157838\/revisions"}],"wp:featuredmedia":[{"embeddable":true,"href":"https:\/\/talkpal.ai\/ro\/wp-json\/wp\/v2\/media\/117533"}],"wp:attachment":[{"href":"https:\/\/talkpal.ai\/ro\/wp-json\/wp\/v2\/media?parent=157838"}],"curies":[{"name":"wp","href":"https:\/\/api.w.org\/{rel}","templated":true}]}}