{"id":156663,"date":"2023-06-28T14:00:55","date_gmt":"2023-06-28T14:00:55","guid":{"rendered":"http:\/\/talkpal.ai\/exercitii-de-gramatica-swahili\/"},"modified":"2025-12-17T09:59:41","modified_gmt":"2025-12-17T09:59:41","slug":"exercitii-de-gramatica-swahili","status":"publish","type":"page","link":"https:\/\/talkpal.ai\/ro\/exercitii-de-gramatica-swahili\/","title":{"rendered":"Exerci\u021bii de gramatic\u0103 swahili"},"content":{"rendered":"\r\n\r\n\r\n<section class=\"languageChallengeSection\">\r\n    <div class=\"languageInfoWrapper\">\r\n        \r\n        <h1>Exerci\u021bii de gramatic\u0103 swahili<\/h1>\r\n        <p>Sunte\u021bi gata s\u0103 v\u0103 consolida\u021bi competen\u021bele \u00een limba <a href=\"https:\/\/talkpal.ai\/learn-swahili\/\">swahili<\/a>? Exerci\u021biile gramaticale focalizate sunt modalitatea perfect\u0103 de a \u00een\u021belege structura propozi\u021biilor, modelele verbale \u0219i formele esen\u021biale ale cuvintelor. Scufunda\u021bi-v\u0103 \u00een practica gramaticii swahili pentru a v\u0103 consolida \u00eencrederea, a v\u0103 extinde vocabularul \u0219i a face ca fiecare conversa\u021bie s\u0103 curg\u0103 mai natural. \u00cencepe\u021bi s\u0103 exersa\u021bi ast\u0103zi \u0219i ve\u021bi vedea c\u00e2t de repede v\u0103 \u00eembun\u0103t\u0103\u021bi\u021bi limba swahili!<\/p>\r\n\r\n                            <a class=\"getStartedHidden\" href=\"https:\/\/app.talkpal.ai\/ro\/signup?lng=\">\u00cencepe<\/a>\r\n        \r\n    <\/div>\r\n\r\n    <figure>\r\n    <img decoding=\"async\" width=\"768\" height=\"768\" src=\"https:\/\/talkpal.ai\/wp-content\/uploads\/2023\/06\/Swahili-768x768.png\" class=\"languageImage no-lazy\" alt=\"Secrets to master language learning\" fetchpriority=\"high\" sizes=\"(max-width: 768px) 150px, 768px\" srcset=\"https:\/\/talkpal.ai\/wp-content\/uploads\/2023\/06\/Swahili-768x768.png 768w, https:\/\/talkpal.ai\/wp-content\/uploads\/2023\/06\/Swahili-300x300.png 300w\" \/>\r\n    \r\n\r\n    <\/figure>\r\n\r\n            <a class=\"getStartedVisible\" href=\"https:\/\/app.talkpal.ai\/ro\/signup?lng=\">\u00cencepe<\/a>\r\n    \r\n<\/section>\r\n\r\n\r\n<!-- <section class=\"grammarSection\">\r\n    <div class=\"grammarLinks\">\r\n            <\/div>\r\n<\/section> -->\r\n\r\n\r\n\r\n\r\n<section class=\"promotionalBanner\">\r\n    <p class=\"promotionalText\">Cel mai eficient mod de a \u00eenv\u0103\u021ba o limb\u0103<\/p>\r\n    <a class=\"promotionalLink\" href=\"https:\/\/app.talkpal.ai\/ro\/signup?lng=\">\u00cencerca\u021bi Talkpal gratuit<\/a>\r\n<\/section>\n<div class=\"wp-block-group pageContainerStyle\"><div class=\"wp-block-group__inner-container is-layout-constrained wp-block-group-is-layout-constrained\">\n<h2 class=\"wp-block-heading\" id=\"h-swahili-grammar-topics\">Subiecte de gramatic\u0103 swahili<\/h2>\n\n\n\n<p>\u00cenv\u0103\u021barea limbii swahili este o c\u0103l\u0103torie interesant\u0103 \u00eentr-una dintre <a href=\"https:\/\/talkpal.ai\/the-10-most-spoken-languages-in-the-world\/\">cele mai vorbite limbi<\/a> din Africa. Este o limb\u0103 bantu, vorbit\u0103 \u00een principal \u00een Africa de Est, cu aproximativ 50-100 de milioane de vorbitori \u00een \u00eentreaga lume. Gramatica limbii swahili este distinctiv\u0103 \u0219i ofer\u0103 o perspectiv\u0103 fascinant\u0103 asupra structurii limbii. Pentru a \u00eenv\u0103\u021ba swahili eficient, este esen\u021bial s\u0103 urma\u021bi o abordare structurat\u0103, concentr\u00e2ndu-v\u0103 pe subiecte cheie de <a href=\"https:\/\/talkpal.ai\/grammar\/\">gramatic\u0103<\/a>, cum ar fi timpuri, verbe, substantive, articole, pronume \/ determinan\u021bi, adjective, adverbe, condi\u021bionale, prepozi\u021bii \u0219i construc\u021bia propozi\u021biei. Fiecare dintre aceste componente este parte integrant\u0103 a \u00een\u021belegerii \u0219i st\u0103p\u00e2nirii limbii.<\/p>\n\n\n\n<h3 class=\"wp-block-heading\" id=\"h-1-nouns\">1. Substantive:<\/h3>\n\n\n\n<p>\u00cencepe\u021bi cu \u00eenv\u0103\u021barea substantivelor swahili. \u00cen Swahili, substantivele sunt clasificate \u00een func\u021bie de clasele substantivale, care influen\u021beaz\u0103 forma adjectivelor, pronumelor \u0219i verbelor care se refer\u0103 la ele. \u00cen\u021belegerea acestor clase de substantive este baza pentru \u00eenv\u0103\u021barea altor aspecte ale gramaticii swahili.<\/p>\n\n\n\n<h3 class=\"wp-block-heading\" id=\"h-2-articles\">2. Articole:<\/h3>\n\n\n\n<p>Odat\u0103 ce a\u021bi \u00een\u021beles substantivele, trece\u021bi la articole. \u00cen limba swahili, nu exist\u0103 articole definite sau nedefinite precum &#8222;a&#8221;, &#8222;an&#8221; sau &#8222;the&#8221;. Cu toate acestea, sistemul de clase de substantive joac\u0103 un rol similar, a\u0219a c\u0103 este important s\u0103 \u00eel st\u0103p\u00e2ni\u021bi.<\/p>\n\n\n\n<h3 class=\"wp-block-heading\" id=\"h-3-pronouns-determiners\">3. Pronume\/Determinan\u021bi:<\/h3>\n\n\n\n<p>Pronumele \u0219i determinan\u021bii \u00een swahili se schimb\u0103 \u00een func\u021bie de clasa substantival\u0103 a substantivului la care se refer\u0103. \u00cenv\u0103\u021barea acestor schimb\u0103ri va ajuta la construirea unor propozi\u021bii complete.<\/p>\n\n\n\n<h3 class=\"wp-block-heading\" id=\"h-4-adjectives\">4. Adjective:<\/h3>\n\n\n\n<p>Adjectivele Swahili sunt de acord cu substantivul <a href=\"https:\/\/talkpal.ai\/culture\/how-do-i-use-pe-care-correctly\/\">pe care<\/a> \u00eel descriu. Aceasta \u00eenseamn\u0103 c\u0103 adjectivul \u00ee\u0219i schimb\u0103 forma pentru a se potrivi cu clasa substantivului. \u00cen\u021belegerea acestui lucru v\u0103 va \u00eembun\u0103t\u0103\u021bi construc\u021bia propozi\u021biei.<\/p>\n\n\n\n<h3 class=\"wp-block-heading\" id=\"h-5-verbs\">5. Verbe:<\/h3>\n\n\n\n<p>Verbele swahili sunt esen\u021biale pentru a exprima ac\u021biuni \u0219i st\u0103ri. Ele poart\u0103, de asemenea, informa\u021bii despre tensiune, aspect \u0219i dispozi\u021bie. Cunoa\u0219terea regulilor de conjugare a verbelor este crucial\u0103 pentru o comunicare eficient\u0103.<\/p>\n\n\n\n<h3 class=\"wp-block-heading\" id=\"h-6-tenses\">6. Timpuri:<\/h3>\n\n\n\n<p>\u00cen\u021belegerea timpurilor este esen\u021bial\u0103 pentru comunicarea evenimentelor care au loc \u00een momente diferite. Swahili are timpuri diferite pentru evenimente trecute, prezente \u0219i viitoare.<\/p>\n\n\n\n<h3 class=\"wp-block-heading\" id=\"h-7-tense-comparison\">7. Compara\u021bie tensionat\u0103:<\/h3>\n\n\n\n<p>Dup\u0103 ce a\u021bi \u00een\u021beles timpurile de baz\u0103, trebuie s\u0103 \u00eenv\u0103\u021ba\u021bi cum s\u0103 le compara\u021bi. Acest lucru v\u0103 va ajuta s\u0103 exprima\u021bi g\u00e2nduri \u0219i situa\u021bii complexe.<\/p>\n\n\n\n<h3 class=\"wp-block-heading\" id=\"h-8-progressive-and-perfect-progressive\">8. Progresiv \u0219i perfect progresiv:<\/h3>\n\n\n\n<p>Aceste aspecte ale timpurilor exprim\u0103 ac\u021biuni \u00een curs sau ac\u021biuni care au fost finalizate. \u00cen\u021belegerea acestora v\u0103 va \u00eembog\u0103\u021bi capacit\u0103\u021bile de exprimare \u00een swahili.<\/p>\n\n\n\n<h3 class=\"wp-block-heading\" id=\"h-9-adverbs\">9. Adverbe:<\/h3>\n\n\n\n<p>Adverbele modific\u0103 verbele, adjectivele \u0219i alte adverbe. Acestea ofer\u0103 informa\u021bii suplimentare despre ac\u021biuni, calit\u0103\u021bi sau alte circumstan\u021be.<\/p>\n\n\n\n<h3 class=\"wp-block-heading\" id=\"h-10-conditionals\">10. Condi\u021bionale:<\/h3>\n\n\n\n<p>Condi\u021bionalele exprim\u0103 situa\u021bii ipotetice sau dependen\u021be \u00eentre evenimente. Ele sunt utile pentru comunicarea avansat\u0103 \u00een limba swahili.<\/p>\n\n\n\n<h3 class=\"wp-block-heading\" id=\"h-11-prepositions\">11. Prepozi\u021bii:<\/h3>\n\n\n\n<p>Prepozi\u021biile v\u0103 vor permite s\u0103 exprima\u021bi rela\u021bii \u00eentre diferite p\u0103r\u021bi ale propozi\u021biei, cum ar fi loca\u021bia, direc\u021bia, timpul, cauza etc.<\/p>\n\n\n\n<h3 class=\"wp-block-heading\" id=\"h-12-sentences\">12. Propozi\u021bii:<\/h3>\n\n\n\n<p>\u00cen cele din urm\u0103, \u00een\u021belegerea modului de construire a propozi\u021biilor folosind toate p\u0103r\u021bile \u00eenv\u0103\u021bate ale vorbirii este punctul culminant al c\u0103l\u0103toriei dvs. de \u00eenv\u0103\u021bare swahili. Aceasta implic\u0103 aranjarea cuvintelor \u0219i frazelor pentru a crea g\u00e2nduri complete.<\/p>\n<\/div><\/div>\n\r\n<section class=\"learnNavigationSection\">\r\n            \r\n        <a href=\"https:\/\/talkpal.ai\/ro\/invata-swahili\/\">\r\n            <div class=\"learnNavigationWrapper\">\r\n                <div class=\"learnNavigationContent\">\r\n                    <img decoding=\"async\" src=\"https:\/\/talkpal.ai\/wp-content\/uploads\/2024\/08\/Swahili.jpg\" alt=\"Kenya and Tanzania Flags\">\r\n                    <div>\r\n                        <h4>Despre Swahili Learning<\/h4>\r\n                        <p>Afla\u021bi totul despre gramatica swahili .<\/p>\r\n                    <\/div>\r\n                <\/div>\r\n            <\/div>\r\n        <\/a>\r\n\r\n        \r\n        <a href=\"https:\/\/talkpal.ai\/ro\/gramatica-swahili\/\">\r\n            <div class=\"learnNavigationWrapper\">\r\n                <div class=\"learnNavigationContent\">\r\n                    <img decoding=\"async\" src=\"https:\/\/talkpal.ai\/wp-content\/uploads\/2024\/08\/Swahili.jpg\" alt=\"Kenya and Tanzania Flags\">\r\n                    <div>\r\n                        <h4>Lec\u021bii de gramatic\u0103 swahili<\/h4>\r\n                        <p>Exersa\u021bi gramatica swahili.<\/p>\r\n                    <\/div>\r\n                <\/div>\r\n            <\/div>\r\n        <\/a>\r\n\r\n        \r\n        <a href=\"https:\/\/talkpal.ai\/vocabulary_language\/swahili\/\">\r\n            <div class=\"learnNavigationWrapper\">\r\n                <div class=\"learnNavigationContent\">\r\n                    <img decoding=\"async\" src=\"https:\/\/talkpal.ai\/wp-content\/uploads\/2024\/08\/Swahili.jpg\" alt=\"Kenya and Tanzania Flags\">\r\n                    <div>\r\n                        <h4>Vocabular \u00een swahili<\/h4>\r\n                        <p>Extinde\u021bi-v\u0103 vocabularul \u00een swahili.<\/p>\r\n                    <\/div>\r\n                <\/div>\r\n            <\/div>\r\n        <\/a>\r\n\r\n            <\/section>","protected":false},"excerpt":{"rendered":"<p>Subiecte de gramatic\u0103 swahili \u00cenv\u0103\u021barea limbii swahili este o c\u0103l\u0103torie interesant\u0103 \u00eentr-una dintre cele mai vorbite limbi din Africa. Este o limb\u0103 bantu, vorbit\u0103 \u00een principal \u00een Africa de Est, cu aproximativ 50-100 de milioane de vorbitori \u00een \u00eentreaga lume. Gramatica limbii swahili este distinctiv\u0103 \u0219i ofer\u0103 o perspectiv\u0103 fascinant\u0103 asupra structurii limbii. Pentru a [&hellip;]<\/p>\n","protected":false},"author":6,"featured_media":119096,"parent":0,"menu_order":0,"comment_status":"closed","ping_status":"closed","template":"LearningContentPage.php","meta":{"_acf_changed":false,"footnotes":""},"class_list":["post-156663","page","type-page","status-publish","has-post-thumbnail","hentry"],"acf":[],"yoast_head":"<!-- This site is optimized with the Yoast SEO Premium plugin v27.2 (Yoast SEO v27.2) - https:\/\/yoast.com\/product\/yoast-seo-premium-wordpress\/ -->\n<title>Exerci\u021bii de gramatic\u0103 swahili - Talkpal<\/title>\n<meta name=\"description\" content=\"Explora\u021bi exerci\u021bii captivante de gramatic\u0103 swahili pentru a v\u0103 \u00eembun\u0103t\u0103\u021bi competen\u021bele lingvistice \u0219i a v\u0103 \u00eembun\u0103t\u0103\u021bi \u00een\u021belegerea limbii swahili.\" \/>\n<meta name=\"robots\" content=\"index, follow, max-snippet:-1, max-image-preview:large, max-video-preview:-1\" \/>\n<link rel=\"canonical\" href=\"https:\/\/talkpal.ai\/ro\/exercitii-de-gramatica-swahili\/\" \/>\n<meta property=\"og:locale\" content=\"ro_RO\" \/>\n<meta property=\"og:type\" content=\"article\" \/>\n<meta property=\"og:title\" content=\"Exerci\u021bii de gramatic\u0103 swahili\" \/>\n<meta property=\"og:description\" content=\"Subiecte de gramatic\u0103 swahili \u00cenv\u0103\u021barea limbii swahili este o c\u0103l\u0103torie interesant\u0103 \u00eentr-una dintre cele mai vorbite limbi din Africa. Este o limb\u0103 bantu,\" \/>\n<meta property=\"og:url\" content=\"https:\/\/talkpal.ai\/ro\/exercitii-de-gramatica-swahili\/\" \/>\n<meta property=\"og:site_name\" content=\"Talkpal\" \/>\n<meta property=\"article:publisher\" content=\"https:\/\/www.facebook.com\/profile.php?id=100090733639311\" \/>\n<meta property=\"article:modified_time\" content=\"2025-12-17T09:59:41+00:00\" \/>\n<meta property=\"og:image\" content=\"https:\/\/talkpal.ai\/wp-content\/uploads\/2023\/05\/Swahili-tanzania.png\" \/>\n\t<meta property=\"og:image:width\" content=\"512\" \/>\n\t<meta property=\"og:image:height\" content=\"512\" \/>\n\t<meta property=\"og:image:type\" content=\"image\/png\" \/>\n<meta name=\"twitter:card\" content=\"summary_large_image\" \/>\n<meta name=\"twitter:site\" content=\"@talkpalai\" \/>\n<meta name=\"twitter:label1\" content=\"Timp estimat pentru citire\" \/>\n\t<meta name=\"twitter:data1\" content=\"3 minute\" \/>\n<script type=\"application\/ld+json\" class=\"yoast-schema-graph\">{\"@context\":\"https:\/\/schema.org\",\"@graph\":[{\"@type\":\"WebPage\",\"@id\":\"https:\/\/talkpal.ai\/ro\/exercitii-de-gramatica-swahili\/\",\"url\":\"https:\/\/talkpal.ai\/ro\/exercitii-de-gramatica-swahili\/\",\"name\":\"Exerci\u021bii de gramatic\u0103 swahili - Talkpal\",\"isPartOf\":{\"@id\":\"https:\/\/talkpal.ai\/ro\/#website\"},\"primaryImageOfPage\":{\"@id\":\"https:\/\/talkpal.ai\/ro\/exercitii-de-gramatica-swahili\/#primaryimage\"},\"image\":{\"@id\":\"https:\/\/talkpal.ai\/ro\/exercitii-de-gramatica-swahili\/#primaryimage\"},\"thumbnailUrl\":\"https:\/\/talkpal.ai\/wp-content\/uploads\/2023\/05\/Swahili-tanzania.png\",\"datePublished\":\"2023-06-28T14:00:55+00:00\",\"dateModified\":\"2025-12-17T09:59:41+00:00\",\"description\":\"Explora\u021bi exerci\u021bii captivante de gramatic\u0103 swahili pentru a v\u0103 \u00eembun\u0103t\u0103\u021bi competen\u021bele lingvistice \u0219i a v\u0103 \u00eembun\u0103t\u0103\u021bi \u00een\u021belegerea limbii swahili.\",\"breadcrumb\":{\"@id\":\"https:\/\/talkpal.ai\/ro\/exercitii-de-gramatica-swahili\/#breadcrumb\"},\"inLanguage\":\"ro-RO\",\"potentialAction\":[{\"@type\":\"ReadAction\",\"target\":[\"https:\/\/talkpal.ai\/ro\/exercitii-de-gramatica-swahili\/\"]}]},{\"@type\":\"ImageObject\",\"inLanguage\":\"ro-RO\",\"@id\":\"https:\/\/talkpal.ai\/ro\/exercitii-de-gramatica-swahili\/#primaryimage\",\"url\":\"https:\/\/talkpal.ai\/wp-content\/uploads\/2023\/05\/Swahili-tanzania.png\",\"contentUrl\":\"https:\/\/talkpal.ai\/wp-content\/uploads\/2023\/05\/Swahili-tanzania.png\",\"width\":512,\"height\":512},{\"@type\":\"BreadcrumbList\",\"@id\":\"https:\/\/talkpal.ai\/ro\/exercitii-de-gramatica-swahili\/#breadcrumb\",\"itemListElement\":[{\"@type\":\"ListItem\",\"position\":1,\"name\":\"Homepage\",\"item\":\"https:\/\/talkpal.ai\/ro\/\"},{\"@type\":\"ListItem\",\"position\":2,\"name\":\"Exerci\u021bii de gramatic\u0103 swahili\"}]},{\"@type\":\"WebSite\",\"@id\":\"https:\/\/talkpal.ai\/ro\/#website\",\"url\":\"https:\/\/talkpal.ai\/ro\/\",\"name\":\"Talkpal\",\"description\":\"AI Language Learning\",\"publisher\":{\"@id\":\"https:\/\/talkpal.ai\/ro\/#organization\"},\"alternateName\":\"Talkpal AI\",\"potentialAction\":[{\"@type\":\"SearchAction\",\"target\":{\"@type\":\"EntryPoint\",\"urlTemplate\":\"https:\/\/talkpal.ai\/ro\/?s={search_term_string}\"},\"query-input\":{\"@type\":\"PropertyValueSpecification\",\"valueRequired\":true,\"valueName\":\"search_term_string\"}}],\"inLanguage\":\"ro-RO\"},{\"@type\":\"Organization\",\"@id\":\"https:\/\/talkpal.ai\/ro\/#organization\",\"name\":\"Talkpal, Inc.\",\"alternateName\":\"Talkpal AI\",\"url\":\"https:\/\/talkpal.ai\/ro\/\",\"logo\":{\"@type\":\"ImageObject\",\"inLanguage\":\"ro-RO\",\"@id\":\"https:\/\/talkpal.ai\/ro\/#\/schema\/logo\/image\/\",\"url\":\"https:\/\/talkpal.ai\/wp-content\/uploads\/2024\/03\/Talkpal-Logo-Icon.png\",\"contentUrl\":\"https:\/\/talkpal.ai\/wp-content\/uploads\/2024\/03\/Talkpal-Logo-Icon.png\",\"width\":2880,\"height\":2880,\"caption\":\"Talkpal, Inc.\"},\"image\":{\"@id\":\"https:\/\/talkpal.ai\/ro\/#\/schema\/logo\/image\/\"},\"sameAs\":[\"https:\/\/www.facebook.com\/profile.php?id=100090733639311\",\"https:\/\/x.com\/talkpalai\",\"https:\/\/www.linkedin.com\/company\/talkpal\/\",\"https:\/\/www.youtube.com\/@TalkPal\/\",\"https:\/\/www.tiktok.com\/@talkpal\",\"https:\/\/www.instagram.com\/talkpal_ai\/\",\"https:\/\/www.crunchbase.com\/organization\/talkpal-9cde\",\"https:\/\/www.g2.com\/products\/talkpal-for-business\/\",\"https:\/\/www.trustpilot.com\/review\/talkpal.ai\",\"https:\/\/www.capterra.com\/p\/10006800\/TalkPal\/\"],\"description\":\"Talkpal is a language learning web and mobile education app, powered by the latest AI technologies, that provides engaging experiences to its customers in many different languages to help them improve their language skills. Users can chat about unlimited amount of topics with the app and use other modes to practice their language learning.\",\"email\":\"support@talkpal.ai\",\"legalName\":\"Talkpal, Inc.\",\"foundingDate\":\"2023-04-03\",\"duns\":\"118989042\",\"numberOfEmployees\":{\"@type\":\"QuantitativeValue\",\"minValue\":\"11\",\"maxValue\":\"50\"},\"publishingPrinciples\":\"https:\/\/talkpal.ai\/publishing-principles\/\",\"actionableFeedbackPolicy\":\"https:\/\/talkpal.ai\/actionable-feedback-policy\/\",\"correctionsPolicy\":\"https:\/\/talkpal.ai\/corrections-policy\/\",\"ethicsPolicy\":\"https:\/\/talkpal.ai\/ethics-policy\/\",\"diversityPolicy\":\"https:\/\/talkpal.ai\/diversity-policy\/\",\"diversityStaffingReport\":\"https:\/\/talkpal.ai\/diversity-policy\/\"}]}<\/script>\n<!-- \/ Yoast SEO Premium plugin. -->","yoast_head_json":{"title":"Exerci\u021bii de gramatic\u0103 swahili - Talkpal","description":"Explora\u021bi exerci\u021bii captivante de gramatic\u0103 swahili pentru a v\u0103 \u00eembun\u0103t\u0103\u021bi competen\u021bele lingvistice \u0219i a v\u0103 \u00eembun\u0103t\u0103\u021bi \u00een\u021belegerea limbii swahili.","robots":{"index":"index","follow":"follow","max-snippet":"max-snippet:-1","max-image-preview":"max-image-preview:large","max-video-preview":"max-video-preview:-1"},"canonical":"https:\/\/talkpal.ai\/ro\/exercitii-de-gramatica-swahili\/","og_locale":"ro_RO","og_type":"article","og_title":"Exerci\u021bii de gramatic\u0103 swahili","og_description":"Subiecte de gramatic\u0103 swahili \u00cenv\u0103\u021barea limbii swahili este o c\u0103l\u0103torie interesant\u0103 \u00eentr-una dintre cele mai vorbite limbi din Africa. Este o limb\u0103 bantu,","og_url":"https:\/\/talkpal.ai\/ro\/exercitii-de-gramatica-swahili\/","og_site_name":"Talkpal","article_publisher":"https:\/\/www.facebook.com\/profile.php?id=100090733639311","article_modified_time":"2025-12-17T09:59:41+00:00","og_image":[{"width":512,"height":512,"url":"https:\/\/talkpal.ai\/wp-content\/uploads\/2023\/05\/Swahili-tanzania.png","type":"image\/png"}],"twitter_card":"summary_large_image","twitter_site":"@talkpalai","twitter_misc":{"Timp estimat pentru citire":"3 minute"},"schema":{"@context":"https:\/\/schema.org","@graph":[{"@type":"WebPage","@id":"https:\/\/talkpal.ai\/ro\/exercitii-de-gramatica-swahili\/","url":"https:\/\/talkpal.ai\/ro\/exercitii-de-gramatica-swahili\/","name":"Exerci\u021bii de gramatic\u0103 swahili - Talkpal","isPartOf":{"@id":"https:\/\/talkpal.ai\/ro\/#website"},"primaryImageOfPage":{"@id":"https:\/\/talkpal.ai\/ro\/exercitii-de-gramatica-swahili\/#primaryimage"},"image":{"@id":"https:\/\/talkpal.ai\/ro\/exercitii-de-gramatica-swahili\/#primaryimage"},"thumbnailUrl":"https:\/\/talkpal.ai\/wp-content\/uploads\/2023\/05\/Swahili-tanzania.png","datePublished":"2023-06-28T14:00:55+00:00","dateModified":"2025-12-17T09:59:41+00:00","description":"Explora\u021bi exerci\u021bii captivante de gramatic\u0103 swahili pentru a v\u0103 \u00eembun\u0103t\u0103\u021bi competen\u021bele lingvistice \u0219i a v\u0103 \u00eembun\u0103t\u0103\u021bi \u00een\u021belegerea limbii swahili.","breadcrumb":{"@id":"https:\/\/talkpal.ai\/ro\/exercitii-de-gramatica-swahili\/#breadcrumb"},"inLanguage":"ro-RO","potentialAction":[{"@type":"ReadAction","target":["https:\/\/talkpal.ai\/ro\/exercitii-de-gramatica-swahili\/"]}]},{"@type":"ImageObject","inLanguage":"ro-RO","@id":"https:\/\/talkpal.ai\/ro\/exercitii-de-gramatica-swahili\/#primaryimage","url":"https:\/\/talkpal.ai\/wp-content\/uploads\/2023\/05\/Swahili-tanzania.png","contentUrl":"https:\/\/talkpal.ai\/wp-content\/uploads\/2023\/05\/Swahili-tanzania.png","width":512,"height":512},{"@type":"BreadcrumbList","@id":"https:\/\/talkpal.ai\/ro\/exercitii-de-gramatica-swahili\/#breadcrumb","itemListElement":[{"@type":"ListItem","position":1,"name":"Homepage","item":"https:\/\/talkpal.ai\/ro\/"},{"@type":"ListItem","position":2,"name":"Exerci\u021bii de gramatic\u0103 swahili"}]},{"@type":"WebSite","@id":"https:\/\/talkpal.ai\/ro\/#website","url":"https:\/\/talkpal.ai\/ro\/","name":"Talkpal","description":"AI Language Learning","publisher":{"@id":"https:\/\/talkpal.ai\/ro\/#organization"},"alternateName":"Talkpal AI","potentialAction":[{"@type":"SearchAction","target":{"@type":"EntryPoint","urlTemplate":"https:\/\/talkpal.ai\/ro\/?s={search_term_string}"},"query-input":{"@type":"PropertyValueSpecification","valueRequired":true,"valueName":"search_term_string"}}],"inLanguage":"ro-RO"},{"@type":"Organization","@id":"https:\/\/talkpal.ai\/ro\/#organization","name":"Talkpal, Inc.","alternateName":"Talkpal AI","url":"https:\/\/talkpal.ai\/ro\/","logo":{"@type":"ImageObject","inLanguage":"ro-RO","@id":"https:\/\/talkpal.ai\/ro\/#\/schema\/logo\/image\/","url":"https:\/\/talkpal.ai\/wp-content\/uploads\/2024\/03\/Talkpal-Logo-Icon.png","contentUrl":"https:\/\/talkpal.ai\/wp-content\/uploads\/2024\/03\/Talkpal-Logo-Icon.png","width":2880,"height":2880,"caption":"Talkpal, Inc."},"image":{"@id":"https:\/\/talkpal.ai\/ro\/#\/schema\/logo\/image\/"},"sameAs":["https:\/\/www.facebook.com\/profile.php?id=100090733639311","https:\/\/x.com\/talkpalai","https:\/\/www.linkedin.com\/company\/talkpal\/","https:\/\/www.youtube.com\/@TalkPal\/","https:\/\/www.tiktok.com\/@talkpal","https:\/\/www.instagram.com\/talkpal_ai\/","https:\/\/www.crunchbase.com\/organization\/talkpal-9cde","https:\/\/www.g2.com\/products\/talkpal-for-business\/","https:\/\/www.trustpilot.com\/review\/talkpal.ai","https:\/\/www.capterra.com\/p\/10006800\/TalkPal\/"],"description":"Talkpal is a language learning web and mobile education app, powered by the latest AI technologies, that provides engaging experiences to its customers in many different languages to help them improve their language skills. Users can chat about unlimited amount of topics with the app and use other modes to practice their language learning.","email":"support@talkpal.ai","legalName":"Talkpal, Inc.","foundingDate":"2023-04-03","duns":"118989042","numberOfEmployees":{"@type":"QuantitativeValue","minValue":"11","maxValue":"50"},"publishingPrinciples":"https:\/\/talkpal.ai\/publishing-principles\/","actionableFeedbackPolicy":"https:\/\/talkpal.ai\/actionable-feedback-policy\/","correctionsPolicy":"https:\/\/talkpal.ai\/corrections-policy\/","ethicsPolicy":"https:\/\/talkpal.ai\/ethics-policy\/","diversityPolicy":"https:\/\/talkpal.ai\/diversity-policy\/","diversityStaffingReport":"https:\/\/talkpal.ai\/diversity-policy\/"}]}},"_links":{"self":[{"href":"https:\/\/talkpal.ai\/ro\/wp-json\/wp\/v2\/pages\/156663","targetHints":{"allow":["GET"]}}],"collection":[{"href":"https:\/\/talkpal.ai\/ro\/wp-json\/wp\/v2\/pages"}],"about":[{"href":"https:\/\/talkpal.ai\/ro\/wp-json\/wp\/v2\/types\/page"}],"author":[{"embeddable":true,"href":"https:\/\/talkpal.ai\/ro\/wp-json\/wp\/v2\/users\/6"}],"replies":[{"embeddable":true,"href":"https:\/\/talkpal.ai\/ro\/wp-json\/wp\/v2\/comments?post=156663"}],"version-history":[{"count":0,"href":"https:\/\/talkpal.ai\/ro\/wp-json\/wp\/v2\/pages\/156663\/revisions"}],"wp:featuredmedia":[{"embeddable":true,"href":"https:\/\/talkpal.ai\/ro\/wp-json\/wp\/v2\/media\/119096"}],"wp:attachment":[{"href":"https:\/\/talkpal.ai\/ro\/wp-json\/wp\/v2\/media?parent=156663"}],"curies":[{"name":"wp","href":"https:\/\/api.w.org\/{rel}","templated":true}]}}