{"id":153827,"date":"2023-05-14T14:25:05","date_gmt":"2023-05-14T14:25:05","guid":{"rendered":"http:\/\/talkpal.ai\/gramatica-swahili\/"},"modified":"2025-12-13T15:50:48","modified_gmt":"2025-12-13T15:50:48","slug":"gramatica-swahili","status":"publish","type":"page","link":"https:\/\/talkpal.ai\/ro\/gramatica-swahili\/","title":{"rendered":"Gramatica swahili"},"content":{"rendered":"\r\n\r\n\r\n<section class=\"languageChallengeSection\">\r\n    <div class=\"languageInfoWrapper\">\r\n        \r\n        <h1>Gramatica swahili<\/h1>\r\n        <p>Descoperi\u021bi secretele gramaticii <a href=\"https:\/\/talkpal.ai\/learn-swahili\/\">swahili<\/a> \u0219i \u00eembun\u0103t\u0103\u021bi\u021bi-v\u0103 competen\u021bele lingvistice cu lec\u021bii captivante \u0219i exemple din via\u021ba real\u0103. P\u0103trunde\u021bi \u00een elementele fundamentale ale structurii propozi\u021biilor, ale verbelor \u0219i ale regulilor gramaticale esen\u021biale. Practica\u021bi ceea ce \u00eenv\u0103\u021ba\u021bi cu exerci\u021bii interactive concepute pentru a v\u0103 consolida \u00een\u021belegerea. \u00cencepe\u021bi ast\u0103zi s\u0103 st\u0103p\u00e2ni\u021bi gramatica swahili \u0219i comunica\u021bi cu mai mult\u0103 \u00eencredere!<\/p>\r\n\r\n                            <a class=\"getStartedHidden\" href=\"https:\/\/app.talkpal.ai\/ro\/signup?lng=\">\u00cencepe<\/a>\r\n        \r\n    <\/div>\r\n\r\n    <figure>\r\n    <img decoding=\"async\" width=\"768\" height=\"768\" src=\"https:\/\/talkpal.ai\/wp-content\/uploads\/2023\/06\/Swahili-768x768.png\" class=\"languageImage no-lazy\" alt=\"Secrets to master language learning\" fetchpriority=\"high\" sizes=\"(max-width: 768px) 150px, 768px\" srcset=\"https:\/\/talkpal.ai\/wp-content\/uploads\/2023\/06\/Swahili-768x768.png 768w, https:\/\/talkpal.ai\/wp-content\/uploads\/2023\/06\/Swahili-300x300.png 300w\" \/>\r\n    \r\n\r\n    <\/figure>\r\n\r\n            <a class=\"getStartedVisible\" href=\"https:\/\/app.talkpal.ai\/ro\/signup?lng=\">\u00cencepe<\/a>\r\n    \r\n<\/section>\r\n<section class=\"promotionalBanner\">\r\n    <p class=\"promotionalText\">Cel mai eficient mod de a \u00eenv\u0103\u021ba o limb\u0103<\/p>\r\n    <a class=\"promotionalLink\" href=\"https:\/\/app.talkpal.ai\/ro\/signup?lng=\">\u00cencerca\u021bi Talkpal gratuit<\/a>\r\n<\/section>\n<div class=\"wp-block-group pageContainerStyle\"><div class=\"wp-block-group__inner-container is-layout-constrained wp-block-group-is-layout-constrained\">\n<h2 class=\"wp-block-heading\" id=\"h-swahili-grammar-demystifying-the-linguistic-adventure\">Gramatica swahili: demistificarea aventurii lingvistice<\/h2>\n\n\n\n<p>Gramatica swahili &#8211; primitoare, dar enigmatic\u0103, fluid\u0103, dar intrigant\u0103, vibrant\u0103, dar fascinant\u0103. Pe m\u0103sur\u0103 ce v\u0103 \u00eembarca\u021bi \u00een c\u0103l\u0103toria lingvistic\u0103 \u00een limba swahili, s-ar putea s\u0103 \u00eent\u00e2lni\u021bi un amestec de fascina\u021bie \u0219i incertitudine. Nu v\u0103 \u00eengrijora\u021bi, colegi fanatici <a href=\"https:\/\/talkpal.ai\/speaking-with-ai\/\">ai<\/a> limbii! Suntem aici pentru a v\u0103 ajuta s\u0103 naviga\u021bi \u00een aceste ape lingvistice interesante!<\/p>\n\n\n\n<p>\u00cen acest articol, vom oferi o imagine de ansamblu cuprinz\u0103toare a gramaticii swahili, explor\u00e2nd componentele cheie, oferind explica\u021bii \u0219i exemple \u0219i simplific\u00e2nd complexit\u0103\u021bile. A\u0219adar, haide\u021bi s\u0103 dezl\u0103n\u021buim magia limbii swahili \u0219i s\u0103 descoperim misterele gramaticii <a href=\"https:\/\/talkpal.ai\/locations\/learn-english-in-sale\/\">sale<\/a>!<\/p>\n\n\n\n<h3 class=\"wp-block-heading\" id=\"h-1-noun-classes-from-people-to-abstract-ideas\">1. Clase de substantive: de la oameni la idei abstracte<\/h3>\n\n\n\n<p>Gramatica swahili se \u00eenv\u00e2rte \u00een jurul unui sistem distinctiv, dar esen\u021bial de clasificare a substantivelor. Substantivele sunt organizate \u00een diferite clase pe baza semnifica\u021biei sau caracteristicilor lor \u0219i fiecare clas\u0103 are un prefix specific. De\u0219i acest lucru ar putea p\u0103rea intimidant, este crucial \u00een formarea unui acord \u00eentre substantive, adjective \u0219i verbe.<\/p>\n\n\n\n<p>Pentru a simplifica acest proces, \u00eencepe\u021bi prin a v\u0103 concentra pe cele mai comune clase de substantive:<\/p>\n\n\n\n<p><strong>&#8211; Clasa 1: Oameni (de exemplu, mtu &#8211; persoan\u0103)<\/strong><\/p>\n\n\n\n<p><strong>&#8211; Clasa 2: Pluralul substantivelor din clasa 1 (de exemplu, watu &#8211; oameni)<\/strong><\/p>\n\n\n\n<p><strong>&#8211; Clasa 3: Arbori, plante \u0219i substantive abstracte (de exemplu, mti &#8211; copac)<\/strong><\/p>\n\n\n\n<p><strong>&#8211; Clasa 4: Obiecte ne\u00eensufle\u021bite \u0219i substantive abstracte (de exemplu, kiti &#8211; scaun)<\/strong><\/p>\n\n\n\n<p>Aminti\u021bi-v\u0103, practica face perfect, iar \u00een\u021belegerea claselor substantivale va deveni mai u\u0219oar\u0103 \u00een timp!<\/p>\n\n\n\n<h3 class=\"wp-block-heading\" id=\"h-2-adjectives-from-basic-to-intricate-agreement\">2. Adjective: de la acordul de baz\u0103 la acordul complicat<\/h3>\n\n\n\n<p>Adjectivele \u00een swahili sunt de acord cu clasa substantival\u0103 \u0219i num\u0103rul <a href=\"https:\/\/talkpal.ai\/culture\/how-do-i-use-pe-care-correctly\/\">pe care<\/a> \u00eel modific\u0103. Ca rezultat, adjectivele au mai multe prefixe pentru a corespunde diferitelor clase de substantive. Vestea bun\u0103 este c\u0103 multe adjective \u00eemp\u0103rt\u0103\u0219esc acela\u0219i cuv\u00e2nt r\u0103d\u0103cin\u0103, ceea ce face ca \u00eenv\u0103\u021barea lor s\u0103 fie mai u\u0219or de gestionat.<\/p>\n\n\n\n<p>De exemplu, r\u0103d\u0103cina &#8222;-refu&#8221; \u00eenseamn\u0103 &#8222;lung&#8221;. \u00cen func\u021bie de clasa substantivului s\u0103u, poate ap\u0103rea ca &#8222;mrefu&#8221; (clasa 1), &#8222;wazuri&#8221; (clasa 2), &#8222;jurefu&#8221; (clasa 3) \u0219i a\u0219a mai departe. Cu practica, obtinerea unei intelegeri a acordului adjectiv-substantiv va fi o briza!<\/p>\n\n\n\n<h3 class=\"wp-block-heading\" id=\"h-3-verbs-tense-subject-and-object\">3. Verbe: timp, subiect \u0219i obiect<\/h3>\n\n\n\n<p>Verbele swahili sunt ca ni\u0219te cu\u021bite eficiente ale armatei elve\u021biene, transmi\u021b\u00e2nd compact timpul, subiectul \u0219i obiectul, toate \u00eentr-un singur pachet \u00eengrijit. Timpurile se formeaz\u0103 prin ata\u0219area markerilor tensiona\u021bi la r\u0103d\u0103cina verbului, \u00een timp ce marcatorii de subiect \u0219i obiect exprim\u0103 cine este implicat \u00een ac\u021biune.<\/p>\n\n\n\n<p>De exemplu, r\u0103d\u0103cina &#8222;-soma&#8221; \u00eenseamn\u0103 &#8222;a citi&#8221;. Ad\u0103ug\u00e2nd diverse prefixe \u0219i sufixe, pute\u021bi crea numeroase variante: &#8222;anasoma&#8221; (cite\u0219te), &#8222;alisoma&#8221; (a citit) sau &#8222;atasoma&#8221; (va citi).<\/p>\n\n\n\n<h3 class=\"wp-block-heading\" id=\"h-4-word-order-subject-verb-object-for-clarity\">4. Ordinea cuvintelor: subiect-verb-obiect pentru claritate<\/h3>\n\n\n\n<p>Swahili urmeaz\u0103 o ordine simpl\u0103, dar clar\u0103 a cuvintelor subiect-verb-obiect (SVO), similar\u0103 cu engleza, ceea ce face construc\u021bia propozi\u021biei mai pu\u021bin descurajant\u0103. De exemplu, &#8222;Mwanafunzi anasoma kitabu&#8221; se traduce direct prin &#8222;Studentul (subiectul) cite\u0219te (verbul) cartea (obiectul)&#8221;.<\/p>\n\n\n\n<h3 class=\"wp-block-heading\" id=\"h-5-embrace-the-challenges-practice-is-key\">5. \u00cembr\u0103\u021bi\u0219eaz\u0103 provoc\u0103rile: practica este cheia<\/h3>\n\n\n\n<p>Scufundarea \u00een gramatica swahili se poate sim\u021bi pu\u021bin cople\u0219itoare la \u00eenceput. Cu toate acestea, re\u021bine\u021bi c\u0103 r\u0103bdarea, practica \u0219i perseveren\u021ba sunt secretele succesului. Implica\u021bi-v\u0103 cu limba prin citire, scriere, ascultare \u0219i vorbire pentru a v\u0103 \u00eembun\u0103t\u0103\u021bi \u00een\u021belegerea \u0219i \u00eencrederea.<\/p>\n\n\n\n<p>Deci, sunte\u021bi gata s\u0103 explora\u021bi minunile gramaticii swahili? \u00cembr\u0103\u021bi\u0219a\u021bi complexitatea sa, savura\u021bi nuan\u021bele \u0219i aminti\u021bi-v\u0103 c\u0103, cu d\u0103ruire \u0219i entuziasm, pute\u021bi debloca adev\u0103rata frumuse\u021be a limbii swahili. Bahati njema! (Mult noroc!)<\/p>\n<\/div><\/div>\n\r\n<section class=\"learnNavigationSection\">\r\n            \r\n        <a href=\"https:\/\/talkpal.ai\/ro\/invata-swahili\/\">\r\n            <div class=\"learnNavigationWrapper\">\r\n                <div class=\"learnNavigationContent\">\r\n                    <img decoding=\"async\" src=\"https:\/\/talkpal.ai\/wp-content\/uploads\/2024\/08\/Swahili.jpg\" alt=\"Kenya and Tanzania Flags\">\r\n                    <div>\r\n                        <h4>Despre Swahili Learning<\/h4>\r\n                        <p>Afla\u021bi totul despre gramatica swahili .<\/p>\r\n                    <\/div>\r\n                <\/div>\r\n            <\/div>\r\n        <\/a>\r\n\r\n        \r\n        <a href=\"https:\/\/talkpal.ai\/ro\/exercitii-de-gramatica-swahili\/\">\r\n            <div class=\"learnNavigationWrapper\">\r\n                <div class=\"learnNavigationContent\">\r\n                    <img decoding=\"async\" src=\"https:\/\/talkpal.ai\/wp-content\/uploads\/2024\/08\/Swahili.jpg\" alt=\"Kenya and Tanzania Flags\">\r\n                    <div>\r\n                        <h4>Exerci\u021biu de gramatic\u0103 Swahili<\/h4>\r\n                        <p>Exersa\u021bi gramatica swahili.<\/p>\r\n                    <\/div>\r\n                <\/div>\r\n            <\/div>\r\n        <\/a>\r\n\r\n        \r\n        <a href=\"https:\/\/talkpal.ai\/vocabulary_language\/swahili\/\">\r\n            <div class=\"learnNavigationWrapper\">\r\n                <div class=\"learnNavigationContent\">\r\n                    <img decoding=\"async\" src=\"https:\/\/talkpal.ai\/wp-content\/uploads\/2024\/08\/Swahili.jpg\" alt=\"Kenya and Tanzania Flags\">\r\n                    <div>\r\n                        <h4>Vocabular \u00een swahili<\/h4>\r\n                        <p>Extinde\u021bi-v\u0103 vocabularul \u00een swahili.<\/p>\r\n                    <\/div>\r\n                <\/div>\r\n            <\/div>\r\n        <\/a>\r\n\r\n            <\/section>","protected":false},"excerpt":{"rendered":"<p>Gramatica swahili: demistificarea aventurii lingvistice Gramatica swahili &#8211; primitoare, dar enigmatic\u0103, fluid\u0103, dar intrigant\u0103, vibrant\u0103, dar fascinant\u0103. Pe m\u0103sur\u0103 ce v\u0103 \u00eembarca\u021bi \u00een c\u0103l\u0103toria lingvistic\u0103 \u00een limba swahili, s-ar putea s\u0103 \u00eent\u00e2lni\u021bi un amestec de fascina\u021bie \u0219i incertitudine. Nu v\u0103 \u00eengrijora\u021bi, colegi fanatici ai limbii! Suntem aici pentru a v\u0103 ajuta s\u0103 naviga\u021bi \u00een aceste [&hellip;]<\/p>\n","protected":false},"author":1,"featured_media":119096,"parent":0,"menu_order":0,"comment_status":"closed","ping_status":"closed","template":"LearningContentPage.php","meta":{"_acf_changed":false,"footnotes":""},"class_list":["post-153827","page","type-page","status-publish","has-post-thumbnail","hentry"],"acf":[],"yoast_head":"<!-- This site is optimized with the Yoast SEO Premium plugin v27.2 (Yoast SEO v27.2) - https:\/\/yoast.com\/product\/yoast-seo-premium-wordpress\/ -->\n<title>Gramatica swahili - Talkpal<\/title>\n<meta name=\"description\" content=\"Descoperi\u021bi secretele gramaticii swahili cu ajutorul ghidului nostru complet! Descoperi\u021bi clasele sale unice de noxe \u0219i componentele cheie.\" \/>\n<meta name=\"robots\" content=\"index, follow, max-snippet:-1, max-image-preview:large, max-video-preview:-1\" \/>\n<link rel=\"canonical\" href=\"https:\/\/talkpal.ai\/ro\/gramatica-swahili\/\" \/>\n<meta property=\"og:locale\" content=\"ro_RO\" \/>\n<meta property=\"og:type\" content=\"article\" \/>\n<meta property=\"og:title\" content=\"Gramatica swahili\" \/>\n<meta property=\"og:description\" content=\"Gramatica swahili: demistificarea aventurii lingvistice Gramatica swahili - primitoare, dar enigmatic\u0103, fluid\u0103, dar intrigant\u0103, vibrant\u0103, dar fascinant\u0103.\" \/>\n<meta property=\"og:url\" content=\"https:\/\/talkpal.ai\/ro\/gramatica-swahili\/\" \/>\n<meta property=\"og:site_name\" content=\"Talkpal\" \/>\n<meta property=\"article:publisher\" content=\"https:\/\/www.facebook.com\/profile.php?id=100090733639311\" \/>\n<meta property=\"article:modified_time\" content=\"2025-12-13T15:50:48+00:00\" \/>\n<meta property=\"og:image\" content=\"https:\/\/talkpal.ai\/wp-content\/uploads\/2023\/05\/Swahili-tanzania.png\" \/>\n\t<meta property=\"og:image:width\" content=\"512\" \/>\n\t<meta property=\"og:image:height\" content=\"512\" \/>\n\t<meta property=\"og:image:type\" content=\"image\/png\" \/>\n<meta name=\"twitter:card\" content=\"summary_large_image\" \/>\n<meta name=\"twitter:site\" content=\"@talkpalai\" \/>\n<meta name=\"twitter:label1\" content=\"Timp estimat pentru citire\" \/>\n\t<meta name=\"twitter:data1\" content=\"3 minute\" \/>\n<script type=\"application\/ld+json\" class=\"yoast-schema-graph\">{\"@context\":\"https:\/\/schema.org\",\"@graph\":[{\"@type\":\"WebPage\",\"@id\":\"https:\/\/talkpal.ai\/ro\/gramatica-swahili\/\",\"url\":\"https:\/\/talkpal.ai\/ro\/gramatica-swahili\/\",\"name\":\"Gramatica swahili - Talkpal\",\"isPartOf\":{\"@id\":\"https:\/\/talkpal.ai\/ro\/#website\"},\"primaryImageOfPage\":{\"@id\":\"https:\/\/talkpal.ai\/ro\/gramatica-swahili\/#primaryimage\"},\"image\":{\"@id\":\"https:\/\/talkpal.ai\/ro\/gramatica-swahili\/#primaryimage\"},\"thumbnailUrl\":\"https:\/\/talkpal.ai\/wp-content\/uploads\/2023\/05\/Swahili-tanzania.png\",\"datePublished\":\"2023-05-14T14:25:05+00:00\",\"dateModified\":\"2025-12-13T15:50:48+00:00\",\"description\":\"Descoperi\u021bi secretele gramaticii swahili cu ajutorul ghidului nostru complet! Descoperi\u021bi clasele sale unice de noxe \u0219i componentele cheie.\",\"breadcrumb\":{\"@id\":\"https:\/\/talkpal.ai\/ro\/gramatica-swahili\/#breadcrumb\"},\"inLanguage\":\"ro-RO\",\"potentialAction\":[{\"@type\":\"ReadAction\",\"target\":[\"https:\/\/talkpal.ai\/ro\/gramatica-swahili\/\"]}]},{\"@type\":\"ImageObject\",\"inLanguage\":\"ro-RO\",\"@id\":\"https:\/\/talkpal.ai\/ro\/gramatica-swahili\/#primaryimage\",\"url\":\"https:\/\/talkpal.ai\/wp-content\/uploads\/2023\/05\/Swahili-tanzania.png\",\"contentUrl\":\"https:\/\/talkpal.ai\/wp-content\/uploads\/2023\/05\/Swahili-tanzania.png\",\"width\":512,\"height\":512},{\"@type\":\"BreadcrumbList\",\"@id\":\"https:\/\/talkpal.ai\/ro\/gramatica-swahili\/#breadcrumb\",\"itemListElement\":[{\"@type\":\"ListItem\",\"position\":1,\"name\":\"Homepage\",\"item\":\"https:\/\/talkpal.ai\/ro\/\"},{\"@type\":\"ListItem\",\"position\":2,\"name\":\"Gramatica swahili\"}]},{\"@type\":\"WebSite\",\"@id\":\"https:\/\/talkpal.ai\/ro\/#website\",\"url\":\"https:\/\/talkpal.ai\/ro\/\",\"name\":\"Talkpal\",\"description\":\"AI Language Learning\",\"publisher\":{\"@id\":\"https:\/\/talkpal.ai\/ro\/#organization\"},\"alternateName\":\"Talkpal AI\",\"potentialAction\":[{\"@type\":\"SearchAction\",\"target\":{\"@type\":\"EntryPoint\",\"urlTemplate\":\"https:\/\/talkpal.ai\/ro\/?s={search_term_string}\"},\"query-input\":{\"@type\":\"PropertyValueSpecification\",\"valueRequired\":true,\"valueName\":\"search_term_string\"}}],\"inLanguage\":\"ro-RO\"},{\"@type\":\"Organization\",\"@id\":\"https:\/\/talkpal.ai\/ro\/#organization\",\"name\":\"Talkpal, Inc.\",\"alternateName\":\"Talkpal AI\",\"url\":\"https:\/\/talkpal.ai\/ro\/\",\"logo\":{\"@type\":\"ImageObject\",\"inLanguage\":\"ro-RO\",\"@id\":\"https:\/\/talkpal.ai\/ro\/#\/schema\/logo\/image\/\",\"url\":\"https:\/\/talkpal.ai\/wp-content\/uploads\/2024\/03\/Talkpal-Logo-Icon.png\",\"contentUrl\":\"https:\/\/talkpal.ai\/wp-content\/uploads\/2024\/03\/Talkpal-Logo-Icon.png\",\"width\":2880,\"height\":2880,\"caption\":\"Talkpal, Inc.\"},\"image\":{\"@id\":\"https:\/\/talkpal.ai\/ro\/#\/schema\/logo\/image\/\"},\"sameAs\":[\"https:\/\/www.facebook.com\/profile.php?id=100090733639311\",\"https:\/\/x.com\/talkpalai\",\"https:\/\/www.linkedin.com\/company\/talkpal\/\",\"https:\/\/www.youtube.com\/@TalkPal\/\",\"https:\/\/www.tiktok.com\/@talkpal\",\"https:\/\/www.instagram.com\/talkpal_ai\/\",\"https:\/\/www.crunchbase.com\/organization\/talkpal-9cde\",\"https:\/\/www.g2.com\/products\/talkpal-for-business\/\",\"https:\/\/www.trustpilot.com\/review\/talkpal.ai\",\"https:\/\/www.capterra.com\/p\/10006800\/TalkPal\/\"],\"description\":\"Talkpal is a language learning web and mobile education app, powered by the latest AI technologies, that provides engaging experiences to its customers in many different languages to help them improve their language skills. Users can chat about unlimited amount of topics with the app and use other modes to practice their language learning.\",\"email\":\"support@talkpal.ai\",\"legalName\":\"Talkpal, Inc.\",\"foundingDate\":\"2023-04-03\",\"duns\":\"118989042\",\"numberOfEmployees\":{\"@type\":\"QuantitativeValue\",\"minValue\":\"11\",\"maxValue\":\"50\"},\"publishingPrinciples\":\"https:\/\/talkpal.ai\/publishing-principles\/\",\"actionableFeedbackPolicy\":\"https:\/\/talkpal.ai\/actionable-feedback-policy\/\",\"correctionsPolicy\":\"https:\/\/talkpal.ai\/corrections-policy\/\",\"ethicsPolicy\":\"https:\/\/talkpal.ai\/ethics-policy\/\",\"diversityPolicy\":\"https:\/\/talkpal.ai\/diversity-policy\/\",\"diversityStaffingReport\":\"https:\/\/talkpal.ai\/diversity-policy\/\"}]}<\/script>\n<!-- \/ Yoast SEO Premium plugin. -->","yoast_head_json":{"title":"Gramatica swahili - Talkpal","description":"Descoperi\u021bi secretele gramaticii swahili cu ajutorul ghidului nostru complet! Descoperi\u021bi clasele sale unice de noxe \u0219i componentele cheie.","robots":{"index":"index","follow":"follow","max-snippet":"max-snippet:-1","max-image-preview":"max-image-preview:large","max-video-preview":"max-video-preview:-1"},"canonical":"https:\/\/talkpal.ai\/ro\/gramatica-swahili\/","og_locale":"ro_RO","og_type":"article","og_title":"Gramatica swahili","og_description":"Gramatica swahili: demistificarea aventurii lingvistice Gramatica swahili - primitoare, dar enigmatic\u0103, fluid\u0103, dar intrigant\u0103, vibrant\u0103, dar fascinant\u0103.","og_url":"https:\/\/talkpal.ai\/ro\/gramatica-swahili\/","og_site_name":"Talkpal","article_publisher":"https:\/\/www.facebook.com\/profile.php?id=100090733639311","article_modified_time":"2025-12-13T15:50:48+00:00","og_image":[{"width":512,"height":512,"url":"https:\/\/talkpal.ai\/wp-content\/uploads\/2023\/05\/Swahili-tanzania.png","type":"image\/png"}],"twitter_card":"summary_large_image","twitter_site":"@talkpalai","twitter_misc":{"Timp estimat pentru citire":"3 minute"},"schema":{"@context":"https:\/\/schema.org","@graph":[{"@type":"WebPage","@id":"https:\/\/talkpal.ai\/ro\/gramatica-swahili\/","url":"https:\/\/talkpal.ai\/ro\/gramatica-swahili\/","name":"Gramatica swahili - Talkpal","isPartOf":{"@id":"https:\/\/talkpal.ai\/ro\/#website"},"primaryImageOfPage":{"@id":"https:\/\/talkpal.ai\/ro\/gramatica-swahili\/#primaryimage"},"image":{"@id":"https:\/\/talkpal.ai\/ro\/gramatica-swahili\/#primaryimage"},"thumbnailUrl":"https:\/\/talkpal.ai\/wp-content\/uploads\/2023\/05\/Swahili-tanzania.png","datePublished":"2023-05-14T14:25:05+00:00","dateModified":"2025-12-13T15:50:48+00:00","description":"Descoperi\u021bi secretele gramaticii swahili cu ajutorul ghidului nostru complet! Descoperi\u021bi clasele sale unice de noxe \u0219i componentele cheie.","breadcrumb":{"@id":"https:\/\/talkpal.ai\/ro\/gramatica-swahili\/#breadcrumb"},"inLanguage":"ro-RO","potentialAction":[{"@type":"ReadAction","target":["https:\/\/talkpal.ai\/ro\/gramatica-swahili\/"]}]},{"@type":"ImageObject","inLanguage":"ro-RO","@id":"https:\/\/talkpal.ai\/ro\/gramatica-swahili\/#primaryimage","url":"https:\/\/talkpal.ai\/wp-content\/uploads\/2023\/05\/Swahili-tanzania.png","contentUrl":"https:\/\/talkpal.ai\/wp-content\/uploads\/2023\/05\/Swahili-tanzania.png","width":512,"height":512},{"@type":"BreadcrumbList","@id":"https:\/\/talkpal.ai\/ro\/gramatica-swahili\/#breadcrumb","itemListElement":[{"@type":"ListItem","position":1,"name":"Homepage","item":"https:\/\/talkpal.ai\/ro\/"},{"@type":"ListItem","position":2,"name":"Gramatica swahili"}]},{"@type":"WebSite","@id":"https:\/\/talkpal.ai\/ro\/#website","url":"https:\/\/talkpal.ai\/ro\/","name":"Talkpal","description":"AI Language Learning","publisher":{"@id":"https:\/\/talkpal.ai\/ro\/#organization"},"alternateName":"Talkpal AI","potentialAction":[{"@type":"SearchAction","target":{"@type":"EntryPoint","urlTemplate":"https:\/\/talkpal.ai\/ro\/?s={search_term_string}"},"query-input":{"@type":"PropertyValueSpecification","valueRequired":true,"valueName":"search_term_string"}}],"inLanguage":"ro-RO"},{"@type":"Organization","@id":"https:\/\/talkpal.ai\/ro\/#organization","name":"Talkpal, Inc.","alternateName":"Talkpal AI","url":"https:\/\/talkpal.ai\/ro\/","logo":{"@type":"ImageObject","inLanguage":"ro-RO","@id":"https:\/\/talkpal.ai\/ro\/#\/schema\/logo\/image\/","url":"https:\/\/talkpal.ai\/wp-content\/uploads\/2024\/03\/Talkpal-Logo-Icon.png","contentUrl":"https:\/\/talkpal.ai\/wp-content\/uploads\/2024\/03\/Talkpal-Logo-Icon.png","width":2880,"height":2880,"caption":"Talkpal, Inc."},"image":{"@id":"https:\/\/talkpal.ai\/ro\/#\/schema\/logo\/image\/"},"sameAs":["https:\/\/www.facebook.com\/profile.php?id=100090733639311","https:\/\/x.com\/talkpalai","https:\/\/www.linkedin.com\/company\/talkpal\/","https:\/\/www.youtube.com\/@TalkPal\/","https:\/\/www.tiktok.com\/@talkpal","https:\/\/www.instagram.com\/talkpal_ai\/","https:\/\/www.crunchbase.com\/organization\/talkpal-9cde","https:\/\/www.g2.com\/products\/talkpal-for-business\/","https:\/\/www.trustpilot.com\/review\/talkpal.ai","https:\/\/www.capterra.com\/p\/10006800\/TalkPal\/"],"description":"Talkpal is a language learning web and mobile education app, powered by the latest AI technologies, that provides engaging experiences to its customers in many different languages to help them improve their language skills. Users can chat about unlimited amount of topics with the app and use other modes to practice their language learning.","email":"support@talkpal.ai","legalName":"Talkpal, Inc.","foundingDate":"2023-04-03","duns":"118989042","numberOfEmployees":{"@type":"QuantitativeValue","minValue":"11","maxValue":"50"},"publishingPrinciples":"https:\/\/talkpal.ai\/publishing-principles\/","actionableFeedbackPolicy":"https:\/\/talkpal.ai\/actionable-feedback-policy\/","correctionsPolicy":"https:\/\/talkpal.ai\/corrections-policy\/","ethicsPolicy":"https:\/\/talkpal.ai\/ethics-policy\/","diversityPolicy":"https:\/\/talkpal.ai\/diversity-policy\/","diversityStaffingReport":"https:\/\/talkpal.ai\/diversity-policy\/"}]}},"_links":{"self":[{"href":"https:\/\/talkpal.ai\/ro\/wp-json\/wp\/v2\/pages\/153827","targetHints":{"allow":["GET"]}}],"collection":[{"href":"https:\/\/talkpal.ai\/ro\/wp-json\/wp\/v2\/pages"}],"about":[{"href":"https:\/\/talkpal.ai\/ro\/wp-json\/wp\/v2\/types\/page"}],"author":[{"embeddable":true,"href":"https:\/\/talkpal.ai\/ro\/wp-json\/wp\/v2\/users\/1"}],"replies":[{"embeddable":true,"href":"https:\/\/talkpal.ai\/ro\/wp-json\/wp\/v2\/comments?post=153827"}],"version-history":[{"count":0,"href":"https:\/\/talkpal.ai\/ro\/wp-json\/wp\/v2\/pages\/153827\/revisions"}],"wp:featuredmedia":[{"embeddable":true,"href":"https:\/\/talkpal.ai\/ro\/wp-json\/wp\/v2\/media\/119096"}],"wp:attachment":[{"href":"https:\/\/talkpal.ai\/ro\/wp-json\/wp\/v2\/media?parent=153827"}],"curies":[{"name":"wp","href":"https:\/\/api.w.org\/{rel}","templated":true}]}}