{"id":153500,"date":"2023-05-14T14:24:42","date_gmt":"2023-05-14T14:24:42","guid":{"rendered":"http:\/\/talkpal.ai\/gramatica-thailandeza\/"},"modified":"2025-12-13T15:46:59","modified_gmt":"2025-12-13T15:46:59","slug":"gramatica-thailandeza","status":"publish","type":"page","link":"https:\/\/talkpal.ai\/ro\/gramatica-thailandeza\/","title":{"rendered":"Gramatica thailandez\u0103"},"content":{"rendered":"\r\n\r\n\r\n<section class=\"languageChallengeSection\">\r\n    <div class=\"languageInfoWrapper\">\r\n        \r\n        <h1>Gramatica thailandez\u0103<\/h1>\r\n        <p>\u00cenv\u0103\u021ba\u021bi gramatica thailandez\u0103 \u0219i experimenta\u021bi frumuse\u021bea unei limbi care este at\u00e2t logic\u0103, c\u00e2t \u0219i expresiv\u0103. \u00cencepe\u021bi c\u0103l\u0103toria \u0219i deschide\u021bi u\u0219a c\u0103tre un mod fascinant de a g\u00e2ndi \u0219i de a vorbi!<\/p>\r\n\r\n                            <a class=\"getStartedHidden\" href=\"https:\/\/app.talkpal.ai\/ro\/signup?lng=\">\u00cencepe<\/a>\r\n        \r\n    <\/div>\r\n\r\n    <figure>\r\n    <img decoding=\"async\" width=\"768\" height=\"768\" src=\"https:\/\/talkpal.ai\/wp-content\/uploads\/2023\/06\/thai-768x768.png\" class=\"languageImage no-lazy\" alt=\"Language learning for improved thought process\" fetchpriority=\"high\" sizes=\"(max-width: 768px) 150px, 768px\" srcset=\"https:\/\/talkpal.ai\/wp-content\/uploads\/2023\/06\/thai-768x768.png 768w, https:\/\/talkpal.ai\/wp-content\/uploads\/2023\/06\/thai-300x300.png 300w\" \/>\r\n    \r\n\r\n    <\/figure>\r\n\r\n            <a class=\"getStartedVisible\" href=\"https:\/\/app.talkpal.ai\/ro\/signup?lng=\">\u00cencepe<\/a>\r\n    \r\n<\/section>\r\n<section class=\"promotionalBanner\">\r\n    <p class=\"promotionalText\">Cel mai eficient mod de a \u00eenv\u0103\u021ba o limb\u0103<\/p>\r\n    <a class=\"promotionalLink\" href=\"https:\/\/app.talkpal.ai\/ro\/signup?lng=\">\u00cencerca\u021bi Talkpal gratuit<\/a>\r\n<\/section>\n<div class=\"wp-block-group pageContainerStyle\"><div class=\"wp-block-group__inner-container is-layout-constrained wp-block-group-is-layout-constrained\">\n<h2 class=\"wp-block-heading\" id=\"h-thai-grammar-exploring-a-unique-linguistic-world\">Gramatica thailandez\u0103: explorarea unei lumi lingvistice unice<\/h2>\n\n\n\n<p>Gramatica thailandez\u0103 &#8211; aparent enigmatic\u0103, exotic\u0103 \u0219i captivant\u0103. Pe m\u0103sur\u0103 ce porni\u021bi \u00een c\u0103l\u0103toria dvs. pentru a \u00eenv\u0103\u021ba limba thailandez\u0103, s-ar putea s\u0103 v\u0103 afla\u021bi \u00een mod nea\u0219teptat captivat de gramatica sa. Nu v\u0103 teme\u021bi, tovar\u0103\u0219ii mei exploratori lingvistici! Suntem aici pentru a oferi \u00eendrumare \u0219i sprijin \u00een aceast\u0103 aventur\u0103 fascinant\u0103!<\/p>\n\n\n\n<p>\u00cen acest articol, ne ad\u00e2ncim \u00een aspectele de baz\u0103 ale gramaticii thailandeze, descompun\u00e2nd concepte cheie, explic\u00e2nd reguli \u0219i chiar simplific\u00e2nd complexit\u0103\u021bile. Al\u0103tura\u021bi-v\u0103 nou\u0103 \u00een timp ce ridic\u0103m v\u0103lul asupra gramaticii thailandeze \u0219i v\u0103 aprindem pasiunea pentru aceast\u0103 limb\u0103 minunat\u0103 unic\u0103!<\/p>\n\n\n\n<h3 class=\"wp-block-heading\" id=\"h-1-nouns-no-plurals-no-genders-no-worries\">1. Substantive: F\u0103r\u0103 plural, f\u0103r\u0103 genuri, f\u0103r\u0103 griji!<\/h3>\n\n\n\n<p>Frumuse\u021bea gramaticii thailandeze const\u0103 \u00een simplitatea sa \u00een ceea ce prive\u0219te substantivele. Substantivele thailandeze nu au forme de gen sau plural, ceea ce le face u\u0219or de utilizat \u0219i de \u00een\u021beles. Pentru a indica pluralitatea, este suficient s\u0103 ad\u0103uga\u021bi un cuv\u00e2nt de cantitate, cum ar fi &#8222;mul\u021bi&#8221; (\u0e21\u0e32\u0e01, m\u00e2ak) sau &#8222;unii&#8221; (\u0e1a\u0e49\u0e32\u0e07, b\u00e2ang) sau s\u0103 repeta\u021bi substantivul pentru a sublinia sensul plural.<\/p>\n\n\n\n<h3 class=\"wp-block-heading\" id=\"h-2-pronouns-choose-wisely-based-on-politeness\">2. Pronume: alege\u021bi cu \u00een\u021belepciune pe baza polite\u021bii<\/h3>\n\n\n\n<p>Selectarea pronumelui adecvat este esen\u021bial\u0103 \u00een gramatica thailandez\u0103 pentru a ar\u0103ta respect \u0219i umilin\u021b\u0103. Pronumele thailandeze variaz\u0103 \u00een func\u021bie de sexul, v\u00e2rsta \u0219i rela\u021bia dintre vorbitor \u0219i ascult\u0103tor. De exemplu, &#8222;\u0e09\u0e31\u0e19&#8221; (ch\u0103n) este un pronume informal comun la persoana \u00eent\u00e2i, \u00een timp ce &#8222;\u0e1c\u0e21&#8221; (p\u014fm) este folosit frecvent de b\u0103rba\u021bi \u00een situa\u021bii mai formale.<\/p>\n\n\n\n<p>Pentru a fi mai politico\u0219i, folosi\u021bi &#8222;\u0e04\u0e38\u0e13&#8221; (kun) pentru &#8222;tu&#8221; \u0219i &#8222;\u0e40\u0e02\u0e32&#8221; (k\u0103o) pentru &#8222;el\/ea\/ei&#8221;.<\/p>\n\n\n\n<h3 class=\"wp-block-heading\" id=\"h-3-verbs-no-conjugation-or-tenses-only-particles\">3. Verbe: f\u0103r\u0103 conjugare sau timpuri, doar particule<\/h3>\n\n\n\n<p>\u00cen gramatica thailandez\u0103, verbele r\u0103m\u00e2n neschimbate indiferent de timp, dispozi\u021bie sau subiect. \u00cen schimb, thailandeza se bazeaz\u0103 pe cuvinte simple cunoscute sub numele de particule pentru a indica timpul sau atitudinea propozi\u021biei. Aceste particule sunt plasate la sf\u00e2r\u0219itul propozi\u021biei.<\/p>\n\n\n\n<p>De exemplu, particula &#8222;\u0e41\u0e25\u0e49\u0e27&#8221; (l\u00e1ew) indic\u0103 timpul trecut sau o ac\u021biune \u00eencheiat\u0103, iar &#8222;\u0e01\u0e33\u0e25\u0e31\u0e07&#8221; (gam-lang) este folosit\u0103 pentru ac\u021biuni \u00een curs de desf\u0103\u0219urare. Prin urmare, &#8222;\u0e40\u0e02\u0e32\u0e01\u0e34\u0e19&#8221; (k\u0103o gin) \u00eenseamn\u0103 &#8222;el\/ea m\u0103n\u00e2nc\u0103&#8221;, \u00een timp ce &#8222;\u0e40\u0e02\u0e32\u0e01\u0e34\u0e19\u0e41\u0e25\u0e49\u0e27&#8221; (k\u0103o gin l\u00e1ew) \u00eenseamn\u0103 &#8222;el\/ea a m\u00e2ncat&#8221;.<\/p>\n\n\n\n<h3 class=\"wp-block-heading\" id=\"h-4-sentence-structure-clear-and-straightforward\">4. Structura propozi\u021biei: clar\u0103 \u0219i direct\u0103<\/h3>\n\n\n\n<p>Gramatica thailandez\u0103 urmeaz\u0103 o structur\u0103 de propozi\u021bie subiect-verb-obiect (SVO), similar\u0103 cu engleza, ceea ce simplific\u0103 \u00een\u021belegerea pentru vorbitorii de <a href=\"https:\/\/talkpal.ai\/learn-english-with-ai\/\">englez\u0103<\/a>. Principala regul\u0103 este c\u0103 adjectivele, adverbele \u0219i alte cuvinte descriptive urmeaz\u0103 substantivul sau verbul <a href=\"https:\/\/talkpal.ai\/culture\/how-do-i-use-pe-care-correctly\/\">pe care<\/a> \u00eel descriu.<\/p>\n\n\n\n<p>De exemplu, &#8222;\u0e1c\u0e21\u0e0a\u0e2d\u0e1a\u0e2b\u0e19\u0e31\u0e07\u0e2a\u0e37\u0e2d\u0e19\u0e35\u0e49&#8221; (p\u014fm ch\u00e2wp n\u0103ng s\u011bu n\u00e9e) se traduce prin &#8222;Mie (subiect) \u00eemi place (verb) aceast\u0103 carte (obiect)&#8221;.<\/p>\n\n\n\n<h3 class=\"wp-block-heading\" id=\"h-5-immerse-yourself-in-thai-practice-makes-perfect\">5. Cufunda\u021bi-v\u0103 \u00een thailandez\u0103: practica face perfect<\/h3>\n\n\n\n<p>\u00cen\u021belegerea \u0219i st\u0103p\u00e2nirea gramaticii thailandeze poate p\u0103rea ini\u021bial o provocare, dar cheia este persisten\u021ba \u0219i practica consecvent\u0103. Implica\u021bi-v\u0103 toate sim\u021burile scufund\u00e2ndu-v\u0103 \u00een limb\u0103, citind, scriind, ascult\u00e2nd \u0219i convers\u00e2nd cu vorbitori nativi. Cu c\u00e2t ave\u021bi mai mult\u0103 expunere la gramatica thailandez\u0103, cu at\u00e2t mai mult aceste concepte exotice se vor sim\u021bi familiare \u0219i confortabile.<\/p>\n\n\n\n<p>Deci, sunte\u021bi gata s\u0103 v\u0103 scufunda\u021bi \u00een lumea fascinant\u0103 a gramaticii thailandeze? \u00cembr\u0103\u021bi\u0219a\u021bi provocarea \u0219i caracteristicile unice ale gramaticii thailandeze \u0219i, cu timp, dedicare \u0219i un sentiment de aventur\u0103, pute\u021bi debloca frumuse\u021bea captivant\u0103 a limbii thailandeze.<\/p>\n<\/div><\/div>\n\r\n<section class=\"learnNavigationSection\">\r\n            \r\n        <a href=\"https:\/\/talkpal.ai\/ro\/invata-thailandeza\/\">\r\n            <div class=\"learnNavigationWrapper\">\r\n                <div class=\"learnNavigationContent\">\r\n                    <img decoding=\"async\" src=\"https:\/\/talkpal.ai\/wp-content\/uploads\/2024\/08\/Thai.jpg\" alt=\"Thai Flag\">\r\n                    <div>\r\n                        <h4>Despre Thai Learning<\/h4>\r\n                        <p>Afla\u021bi totul despre gramatica thailandez\u0103 .<\/p>\r\n                    <\/div>\r\n                <\/div>\r\n            <\/div>\r\n        <\/a>\r\n\r\n        \r\n        <a href=\"https:\/\/talkpal.ai\/ro\/exercitii-de-gramatica-thailandeza\/\">\r\n            <div class=\"learnNavigationWrapper\">\r\n                <div class=\"learnNavigationContent\">\r\n                    <img decoding=\"async\" src=\"https:\/\/talkpal.ai\/wp-content\/uploads\/2024\/08\/Thai.jpg\" alt=\"Thai Flag\">\r\n                    <div>\r\n                        <h4>Exerci\u021biu de gramatic\u0103 thailandez\u0103<\/h4>\r\n                        <p>Exersa\u021bi gramatica thailandez\u0103.<\/p>\r\n                    <\/div>\r\n                <\/div>\r\n            <\/div>\r\n        <\/a>\r\n\r\n        \r\n        <a href=\"https:\/\/talkpal.ai\/vocabulary_language\/thai\/\">\r\n            <div class=\"learnNavigationWrapper\">\r\n                <div class=\"learnNavigationContent\">\r\n                    <img decoding=\"async\" src=\"https:\/\/talkpal.ai\/wp-content\/uploads\/2024\/08\/Thai.jpg\" alt=\"Thai Flag\">\r\n                    <div>\r\n                        <h4>Vocabular thailandez<\/h4>\r\n                        <p>Extinde\u021bi-v\u0103 vocabularul thailandez.<\/p>\r\n                    <\/div>\r\n                <\/div>\r\n            <\/div>\r\n        <\/a>\r\n\r\n            <\/section>","protected":false},"excerpt":{"rendered":"<p>Gramatica thailandez\u0103: explorarea unei lumi lingvistice unice Gramatica thailandez\u0103 &#8211; aparent enigmatic\u0103, exotic\u0103 \u0219i captivant\u0103. Pe m\u0103sur\u0103 ce porni\u021bi \u00een c\u0103l\u0103toria dvs. pentru a \u00eenv\u0103\u021ba limba thailandez\u0103, s-ar putea s\u0103 v\u0103 afla\u021bi \u00een mod nea\u0219teptat captivat de gramatica sa. Nu v\u0103 teme\u021bi, tovar\u0103\u0219ii mei exploratori lingvistici! Suntem aici pentru a oferi \u00eendrumare \u0219i sprijin \u00een [&hellip;]<\/p>\n","protected":false},"author":1,"featured_media":120701,"parent":0,"menu_order":0,"comment_status":"closed","ping_status":"closed","template":"LearningContentPage.php","meta":{"_acf_changed":false,"footnotes":""},"class_list":["post-153500","page","type-page","status-publish","has-post-thumbnail","hentry"],"acf":[],"yoast_head":"<!-- This site is optimized with the Yoast SEO Premium plugin v27.2 (Yoast SEO v27.2) - https:\/\/yoast.com\/product\/yoast-seo-premium-wordpress\/ -->\n<title>Gramatica thailandez\u0103 - Talkpal<\/title>\n<meta name=\"description\" content=\"Explora\u021bi lumea fascinant\u0103 a gramaticii thailandeze. Descoperi\u021bi simplitatea \u0219i caracteristicile sale unice care fac \u00eenv\u0103\u021barea pl\u0103cut\u0103.\" \/>\n<meta name=\"robots\" content=\"index, follow, max-snippet:-1, max-image-preview:large, max-video-preview:-1\" \/>\n<link rel=\"canonical\" href=\"https:\/\/talkpal.ai\/ro\/gramatica-thailandeza\/\" \/>\n<meta property=\"og:locale\" content=\"ro_RO\" \/>\n<meta property=\"og:type\" content=\"article\" \/>\n<meta property=\"og:title\" content=\"Gramatica thailandez\u0103\" \/>\n<meta property=\"og:description\" content=\"Gramatica thailandez\u0103: explorarea unei lumi lingvistice unice Gramatica thailandez\u0103 - aparent enigmatic\u0103, exotic\u0103 \u0219i captivant\u0103. Pe m\u0103sur\u0103 ce porni\u021bi \u00een\" \/>\n<meta property=\"og:url\" content=\"https:\/\/talkpal.ai\/ro\/gramatica-thailandeza\/\" \/>\n<meta property=\"og:site_name\" content=\"Talkpal\" \/>\n<meta property=\"article:publisher\" content=\"https:\/\/www.facebook.com\/profile.php?id=100090733639311\" \/>\n<meta property=\"article:modified_time\" content=\"2025-12-13T15:46:59+00:00\" \/>\n<meta property=\"og:image\" content=\"https:\/\/talkpal.ai\/wp-content\/uploads\/2023\/05\/thailand.png\" \/>\n\t<meta property=\"og:image:width\" content=\"512\" \/>\n\t<meta property=\"og:image:height\" content=\"512\" \/>\n\t<meta property=\"og:image:type\" content=\"image\/png\" \/>\n<meta name=\"twitter:card\" content=\"summary_large_image\" \/>\n<meta name=\"twitter:site\" content=\"@talkpalai\" \/>\n<meta name=\"twitter:label1\" content=\"Timp estimat pentru citire\" \/>\n\t<meta name=\"twitter:data1\" content=\"3 minute\" \/>\n<script type=\"application\/ld+json\" class=\"yoast-schema-graph\">{\"@context\":\"https:\/\/schema.org\",\"@graph\":[{\"@type\":\"WebPage\",\"@id\":\"https:\/\/talkpal.ai\/ro\/gramatica-thailandeza\/\",\"url\":\"https:\/\/talkpal.ai\/ro\/gramatica-thailandeza\/\",\"name\":\"Gramatica thailandez\u0103 - Talkpal\",\"isPartOf\":{\"@id\":\"https:\/\/talkpal.ai\/ro\/#website\"},\"primaryImageOfPage\":{\"@id\":\"https:\/\/talkpal.ai\/ro\/gramatica-thailandeza\/#primaryimage\"},\"image\":{\"@id\":\"https:\/\/talkpal.ai\/ro\/gramatica-thailandeza\/#primaryimage\"},\"thumbnailUrl\":\"https:\/\/talkpal.ai\/wp-content\/uploads\/2023\/05\/thailand.png\",\"datePublished\":\"2023-05-14T14:24:42+00:00\",\"dateModified\":\"2025-12-13T15:46:59+00:00\",\"description\":\"Explora\u021bi lumea fascinant\u0103 a gramaticii thailandeze. Descoperi\u021bi simplitatea \u0219i caracteristicile sale unice care fac \u00eenv\u0103\u021barea pl\u0103cut\u0103.\",\"breadcrumb\":{\"@id\":\"https:\/\/talkpal.ai\/ro\/gramatica-thailandeza\/#breadcrumb\"},\"inLanguage\":\"ro-RO\",\"potentialAction\":[{\"@type\":\"ReadAction\",\"target\":[\"https:\/\/talkpal.ai\/ro\/gramatica-thailandeza\/\"]}]},{\"@type\":\"ImageObject\",\"inLanguage\":\"ro-RO\",\"@id\":\"https:\/\/talkpal.ai\/ro\/gramatica-thailandeza\/#primaryimage\",\"url\":\"https:\/\/talkpal.ai\/wp-content\/uploads\/2023\/05\/thailand.png\",\"contentUrl\":\"https:\/\/talkpal.ai\/wp-content\/uploads\/2023\/05\/thailand.png\",\"width\":512,\"height\":512},{\"@type\":\"BreadcrumbList\",\"@id\":\"https:\/\/talkpal.ai\/ro\/gramatica-thailandeza\/#breadcrumb\",\"itemListElement\":[{\"@type\":\"ListItem\",\"position\":1,\"name\":\"Homepage\",\"item\":\"https:\/\/talkpal.ai\/ro\/\"},{\"@type\":\"ListItem\",\"position\":2,\"name\":\"Gramatica thailandez\u0103\"}]},{\"@type\":\"WebSite\",\"@id\":\"https:\/\/talkpal.ai\/ro\/#website\",\"url\":\"https:\/\/talkpal.ai\/ro\/\",\"name\":\"Talkpal\",\"description\":\"AI Language Learning\",\"publisher\":{\"@id\":\"https:\/\/talkpal.ai\/ro\/#organization\"},\"alternateName\":\"Talkpal AI\",\"potentialAction\":[{\"@type\":\"SearchAction\",\"target\":{\"@type\":\"EntryPoint\",\"urlTemplate\":\"https:\/\/talkpal.ai\/ro\/?s={search_term_string}\"},\"query-input\":{\"@type\":\"PropertyValueSpecification\",\"valueRequired\":true,\"valueName\":\"search_term_string\"}}],\"inLanguage\":\"ro-RO\"},{\"@type\":\"Organization\",\"@id\":\"https:\/\/talkpal.ai\/ro\/#organization\",\"name\":\"Talkpal, Inc.\",\"alternateName\":\"Talkpal AI\",\"url\":\"https:\/\/talkpal.ai\/ro\/\",\"logo\":{\"@type\":\"ImageObject\",\"inLanguage\":\"ro-RO\",\"@id\":\"https:\/\/talkpal.ai\/ro\/#\/schema\/logo\/image\/\",\"url\":\"https:\/\/talkpal.ai\/wp-content\/uploads\/2024\/03\/Talkpal-Logo-Icon.png\",\"contentUrl\":\"https:\/\/talkpal.ai\/wp-content\/uploads\/2024\/03\/Talkpal-Logo-Icon.png\",\"width\":2880,\"height\":2880,\"caption\":\"Talkpal, Inc.\"},\"image\":{\"@id\":\"https:\/\/talkpal.ai\/ro\/#\/schema\/logo\/image\/\"},\"sameAs\":[\"https:\/\/www.facebook.com\/profile.php?id=100090733639311\",\"https:\/\/x.com\/talkpalai\",\"https:\/\/www.linkedin.com\/company\/talkpal\/\",\"https:\/\/www.youtube.com\/@TalkPal\/\",\"https:\/\/www.tiktok.com\/@talkpal\",\"https:\/\/www.instagram.com\/talkpal_ai\/\",\"https:\/\/www.crunchbase.com\/organization\/talkpal-9cde\",\"https:\/\/www.g2.com\/products\/talkpal-for-business\/\",\"https:\/\/www.trustpilot.com\/review\/talkpal.ai\",\"https:\/\/www.capterra.com\/p\/10006800\/TalkPal\/\"],\"description\":\"Talkpal is a language learning web and mobile education app, powered by the latest AI technologies, that provides engaging experiences to its customers in many different languages to help them improve their language skills. Users can chat about unlimited amount of topics with the app and use other modes to practice their language learning.\",\"email\":\"support@talkpal.ai\",\"legalName\":\"Talkpal, Inc.\",\"foundingDate\":\"2023-04-03\",\"duns\":\"118989042\",\"numberOfEmployees\":{\"@type\":\"QuantitativeValue\",\"minValue\":\"11\",\"maxValue\":\"50\"},\"publishingPrinciples\":\"https:\/\/talkpal.ai\/publishing-principles\/\",\"actionableFeedbackPolicy\":\"https:\/\/talkpal.ai\/actionable-feedback-policy\/\",\"correctionsPolicy\":\"https:\/\/talkpal.ai\/corrections-policy\/\",\"ethicsPolicy\":\"https:\/\/talkpal.ai\/ethics-policy\/\",\"diversityPolicy\":\"https:\/\/talkpal.ai\/diversity-policy\/\",\"diversityStaffingReport\":\"https:\/\/talkpal.ai\/diversity-policy\/\"}]}<\/script>\n<!-- \/ Yoast SEO Premium plugin. -->","yoast_head_json":{"title":"Gramatica thailandez\u0103 - Talkpal","description":"Explora\u021bi lumea fascinant\u0103 a gramaticii thailandeze. Descoperi\u021bi simplitatea \u0219i caracteristicile sale unice care fac \u00eenv\u0103\u021barea pl\u0103cut\u0103.","robots":{"index":"index","follow":"follow","max-snippet":"max-snippet:-1","max-image-preview":"max-image-preview:large","max-video-preview":"max-video-preview:-1"},"canonical":"https:\/\/talkpal.ai\/ro\/gramatica-thailandeza\/","og_locale":"ro_RO","og_type":"article","og_title":"Gramatica thailandez\u0103","og_description":"Gramatica thailandez\u0103: explorarea unei lumi lingvistice unice Gramatica thailandez\u0103 - aparent enigmatic\u0103, exotic\u0103 \u0219i captivant\u0103. Pe m\u0103sur\u0103 ce porni\u021bi \u00een","og_url":"https:\/\/talkpal.ai\/ro\/gramatica-thailandeza\/","og_site_name":"Talkpal","article_publisher":"https:\/\/www.facebook.com\/profile.php?id=100090733639311","article_modified_time":"2025-12-13T15:46:59+00:00","og_image":[{"width":512,"height":512,"url":"https:\/\/talkpal.ai\/wp-content\/uploads\/2023\/05\/thailand.png","type":"image\/png"}],"twitter_card":"summary_large_image","twitter_site":"@talkpalai","twitter_misc":{"Timp estimat pentru citire":"3 minute"},"schema":{"@context":"https:\/\/schema.org","@graph":[{"@type":"WebPage","@id":"https:\/\/talkpal.ai\/ro\/gramatica-thailandeza\/","url":"https:\/\/talkpal.ai\/ro\/gramatica-thailandeza\/","name":"Gramatica thailandez\u0103 - Talkpal","isPartOf":{"@id":"https:\/\/talkpal.ai\/ro\/#website"},"primaryImageOfPage":{"@id":"https:\/\/talkpal.ai\/ro\/gramatica-thailandeza\/#primaryimage"},"image":{"@id":"https:\/\/talkpal.ai\/ro\/gramatica-thailandeza\/#primaryimage"},"thumbnailUrl":"https:\/\/talkpal.ai\/wp-content\/uploads\/2023\/05\/thailand.png","datePublished":"2023-05-14T14:24:42+00:00","dateModified":"2025-12-13T15:46:59+00:00","description":"Explora\u021bi lumea fascinant\u0103 a gramaticii thailandeze. Descoperi\u021bi simplitatea \u0219i caracteristicile sale unice care fac \u00eenv\u0103\u021barea pl\u0103cut\u0103.","breadcrumb":{"@id":"https:\/\/talkpal.ai\/ro\/gramatica-thailandeza\/#breadcrumb"},"inLanguage":"ro-RO","potentialAction":[{"@type":"ReadAction","target":["https:\/\/talkpal.ai\/ro\/gramatica-thailandeza\/"]}]},{"@type":"ImageObject","inLanguage":"ro-RO","@id":"https:\/\/talkpal.ai\/ro\/gramatica-thailandeza\/#primaryimage","url":"https:\/\/talkpal.ai\/wp-content\/uploads\/2023\/05\/thailand.png","contentUrl":"https:\/\/talkpal.ai\/wp-content\/uploads\/2023\/05\/thailand.png","width":512,"height":512},{"@type":"BreadcrumbList","@id":"https:\/\/talkpal.ai\/ro\/gramatica-thailandeza\/#breadcrumb","itemListElement":[{"@type":"ListItem","position":1,"name":"Homepage","item":"https:\/\/talkpal.ai\/ro\/"},{"@type":"ListItem","position":2,"name":"Gramatica thailandez\u0103"}]},{"@type":"WebSite","@id":"https:\/\/talkpal.ai\/ro\/#website","url":"https:\/\/talkpal.ai\/ro\/","name":"Talkpal","description":"AI Language Learning","publisher":{"@id":"https:\/\/talkpal.ai\/ro\/#organization"},"alternateName":"Talkpal AI","potentialAction":[{"@type":"SearchAction","target":{"@type":"EntryPoint","urlTemplate":"https:\/\/talkpal.ai\/ro\/?s={search_term_string}"},"query-input":{"@type":"PropertyValueSpecification","valueRequired":true,"valueName":"search_term_string"}}],"inLanguage":"ro-RO"},{"@type":"Organization","@id":"https:\/\/talkpal.ai\/ro\/#organization","name":"Talkpal, Inc.","alternateName":"Talkpal AI","url":"https:\/\/talkpal.ai\/ro\/","logo":{"@type":"ImageObject","inLanguage":"ro-RO","@id":"https:\/\/talkpal.ai\/ro\/#\/schema\/logo\/image\/","url":"https:\/\/talkpal.ai\/wp-content\/uploads\/2024\/03\/Talkpal-Logo-Icon.png","contentUrl":"https:\/\/talkpal.ai\/wp-content\/uploads\/2024\/03\/Talkpal-Logo-Icon.png","width":2880,"height":2880,"caption":"Talkpal, Inc."},"image":{"@id":"https:\/\/talkpal.ai\/ro\/#\/schema\/logo\/image\/"},"sameAs":["https:\/\/www.facebook.com\/profile.php?id=100090733639311","https:\/\/x.com\/talkpalai","https:\/\/www.linkedin.com\/company\/talkpal\/","https:\/\/www.youtube.com\/@TalkPal\/","https:\/\/www.tiktok.com\/@talkpal","https:\/\/www.instagram.com\/talkpal_ai\/","https:\/\/www.crunchbase.com\/organization\/talkpal-9cde","https:\/\/www.g2.com\/products\/talkpal-for-business\/","https:\/\/www.trustpilot.com\/review\/talkpal.ai","https:\/\/www.capterra.com\/p\/10006800\/TalkPal\/"],"description":"Talkpal is a language learning web and mobile education app, powered by the latest AI technologies, that provides engaging experiences to its customers in many different languages to help them improve their language skills. Users can chat about unlimited amount of topics with the app and use other modes to practice their language learning.","email":"support@talkpal.ai","legalName":"Talkpal, Inc.","foundingDate":"2023-04-03","duns":"118989042","numberOfEmployees":{"@type":"QuantitativeValue","minValue":"11","maxValue":"50"},"publishingPrinciples":"https:\/\/talkpal.ai\/publishing-principles\/","actionableFeedbackPolicy":"https:\/\/talkpal.ai\/actionable-feedback-policy\/","correctionsPolicy":"https:\/\/talkpal.ai\/corrections-policy\/","ethicsPolicy":"https:\/\/talkpal.ai\/ethics-policy\/","diversityPolicy":"https:\/\/talkpal.ai\/diversity-policy\/","diversityStaffingReport":"https:\/\/talkpal.ai\/diversity-policy\/"}]}},"_links":{"self":[{"href":"https:\/\/talkpal.ai\/ro\/wp-json\/wp\/v2\/pages\/153500","targetHints":{"allow":["GET"]}}],"collection":[{"href":"https:\/\/talkpal.ai\/ro\/wp-json\/wp\/v2\/pages"}],"about":[{"href":"https:\/\/talkpal.ai\/ro\/wp-json\/wp\/v2\/types\/page"}],"author":[{"embeddable":true,"href":"https:\/\/talkpal.ai\/ro\/wp-json\/wp\/v2\/users\/1"}],"replies":[{"embeddable":true,"href":"https:\/\/talkpal.ai\/ro\/wp-json\/wp\/v2\/comments?post=153500"}],"version-history":[{"count":0,"href":"https:\/\/talkpal.ai\/ro\/wp-json\/wp\/v2\/pages\/153500\/revisions"}],"wp:featuredmedia":[{"embeddable":true,"href":"https:\/\/talkpal.ai\/ro\/wp-json\/wp\/v2\/media\/120701"}],"wp:attachment":[{"href":"https:\/\/talkpal.ai\/ro\/wp-json\/wp\/v2\/media?parent=153500"}],"curies":[{"name":"wp","href":"https:\/\/api.w.org\/{rel}","templated":true}]}}