{"id":153192,"date":"2023-05-14T14:23:49","date_gmt":"2023-05-14T14:23:49","guid":{"rendered":"http:\/\/talkpal.ai\/gramatica-turca\/"},"modified":"2025-12-13T15:45:45","modified_gmt":"2025-12-13T15:45:45","slug":"gramatica-turca","status":"publish","type":"page","link":"https:\/\/talkpal.ai\/ro\/gramatica-turca\/","title":{"rendered":"Gramatica turc\u0103"},"content":{"rendered":"\r\n\r\n\r\n<section class=\"languageChallengeSection\">\r\n    <div class=\"languageInfoWrapper\">\r\n        \r\n        <h1>Gramatica turc\u0103<\/h1>\r\n        <p>Sunte\u021bi curio\u0219i s\u0103 \u00eenv\u0103\u021ba\u021bi turc\u0103? Explora\u021bi gramatica turc\u0103 \u0219i vede\u021bi cum structura sa logic\u0103, armonia vocalelor \u0219i modelele verbale u\u0219or de urmat o fac fascinant\u0103 \u0219i accesibil\u0103. \u00cencepe\u021bi c\u0103l\u0103toria ast\u0103zi &#8211; st\u0103p\u00e2nirea gramaticii turce\u0219ti este cheia dvs. pentru o comunicare fluent\u0103 \u0219i pentru deblocarea unei lumi vibrante de cultur\u0103 \u0219i conexiune!<\/p>\r\n\r\n                            <a class=\"getStartedHidden\" href=\"https:\/\/app.talkpal.ai\/ro\/signup?lng=\">\u00cencepe<\/a>\r\n        \r\n    <\/div>\r\n\r\n    <figure>\r\n    <img decoding=\"async\" width=\"768\" height=\"768\" src=\"https:\/\/talkpal.ai\/wp-content\/uploads\/2023\/06\/turkish-768x768.png\" class=\"languageImage no-lazy\" alt=\"Language learning for increased focus\" fetchpriority=\"high\" sizes=\"(max-width: 768px) 150px, 768px\" srcset=\"https:\/\/talkpal.ai\/wp-content\/uploads\/2023\/06\/turkish-768x768.png 768w, https:\/\/talkpal.ai\/wp-content\/uploads\/2023\/06\/turkish-300x300.png 300w\" \/>\r\n    \r\n\r\n    <\/figure>\r\n\r\n            <a class=\"getStartedVisible\" href=\"https:\/\/app.talkpal.ai\/ro\/signup?lng=\">\u00cencepe<\/a>\r\n    \r\n<\/section>\r\n<section class=\"promotionalBanner\">\r\n    <p class=\"promotionalText\">Cel mai eficient mod de a \u00eenv\u0103\u021ba o limb\u0103<\/p>\r\n    <a class=\"promotionalLink\" href=\"https:\/\/app.talkpal.ai\/ro\/signup?lng=\">\u00cencerca\u021bi Talkpal gratuit<\/a>\r\n<\/section>\n<div class=\"wp-block-group pageContainerStyle\"><div class=\"wp-block-group__inner-container is-layout-constrained wp-block-group-is-layout-constrained\">\n<h2 class=\"wp-block-heading\" id=\"h-the-ultimate-guide-to-turkish-grammar-navigating-the-intricacies-of-a-unique-language\">Ghidul final al gramaticii turce\u0219ti: navigarea \u00een complexitatea unei limbi unice<\/h2>\n\n\n\n<p>Gramatica turc\u0103, ca \u0219i limba \u00eens\u0103\u0219i, prezint\u0103 o bogat\u0103 \u0219i fascinant\u0103 tapiserie de elemente lingvistice. Ca membru al familiei de limbi turcice, turca captiveaz\u0103 cursan\u021bii cu tr\u0103s\u0103turile <a href=\"https:\/\/talkpal.ai\/locations\/learn-english-in-sale\/\">sale<\/a> diverse \u0219i provoac\u0103 chiar \u0219i cei mai competen\u021bi vorbitori. \u00cen acest ghid, vom explora principiile cheie ale gramaticii turce\u0219ti, \u00eei vom demistifica complexitatea \u0219i v\u0103 vom sprijini \u00een c\u0103l\u0103toria dumneavoastr\u0103 pentru a deveni fluent \u00een aceast\u0103 limb\u0103 captivant\u0103. S\u0103 \u00eencepem!<\/p>\n\n\n\n<h3 class=\"wp-block-heading\" id=\"h-the-nuts-and-bolts-turkish-sentence-structure\">Piuli\u021bele \u0219i \u0219uruburile: structura propozi\u021biei turce\u0219ti<\/h3>\n\n\n\n<p>\u00cen esen\u021b\u0103, gramatica turc\u0103 este destul de simpl\u0103. Limba urmeaz\u0103 \u00een general structura propozi\u021biei subiect-obiect-verb (SOV), spre deosebire de <a href=\"https:\/\/talkpal.ai\/learn-english-with-ai\/\">englez\u0103<\/a> \u0219i multe alte limbi. De exemplu, propozi\u021bia &#8222;M\u0103n\u00e2nc un m\u0103r&#8221; se traduce prin &#8222;Ben elma yiyorum&#8221; (Ben=eu, elma=m\u0103r, yiyorum=m\u0103n\u00e2nc). Simplu, nu? Cu toate acestea, pe m\u0103sur\u0103 ce vom aprofunda mai mult, ve\u021bi \u00eent\u00e2lni c\u00e2teva tr\u0103s\u0103turi intrigante \u0219i distinctive ale gramaticii turce\u0219ti.<\/p>\n\n\n\n<h3 class=\"wp-block-heading\" id=\"h-meet-the-family-turkish-nouns-and-their-suffixes\">Face\u021bi cuno\u0219tin\u021b\u0103 cu familia: substantive turce\u0219ti \u0219i sufixele lor<\/h3>\n\n\n\n<p>Una dintre cele mai ciudate caracteristici ale gramaticii turce\u0219ti este utilizarea sufixelor pentru a exprima diferite rela\u021bii gramaticale. Nu exist\u0103 prepozi\u021bii \u00een limba turc\u0103; \u00cen locul lor, sufixele sunt ata\u0219ate substantivelor pentru a indica posesia, obiectele directe \u0219i loca\u021bia.<\/p>\n\n\n\n<p>De exemplu, s\u0103 lu\u0103m cuv\u00e2ntul &#8222;elma&#8221; (elma), care \u00eenseamn\u0103 &#8222;m\u0103r&#8221;:<\/p>\n\n\n\n<p><strong>&#8211; Posesie: Benim elmam (m\u0103rul meu)<\/strong><\/p>\n\n\n\n<p><strong>&#8211; Obiect direct: Elmay\u0131 yedim (Am m\u00e2ncat m\u0103rul)<\/strong><\/p>\n\n\n\n<p><strong>&#8211; Loca\u021bie: Elmada (La m\u0103r)<\/strong><\/p>\n\n\n\n<p>Este important s\u0103 v\u0103 familiariza\u021bi cu aceste sufixe, deoarece ele pot schimba dramatic sensul propozi\u021biilor dumneavoastr\u0103.<\/p>\n\n\n\n<h3 class=\"wp-block-heading\" id=\"h-playing-with-numbers-turkish-plurals-and-genders\">Jocul cu numerele: plural \u0219i genuri turce\u0219ti<\/h3>\n\n\n\n<p>La formarea pluralului \u00een turc\u0103, este esen\u021bial s\u0103 se adauge un singur sufix: -ler sau -lar, \u00een func\u021bie de vocala cea mai apropiat\u0103 din cuv\u00e2nt. Spre deosebire de multe alte limbi, turca nu are gen gramatical. Acest lucru \u00eenseamn\u0103 c\u0103 nu va trebui s\u0103 v\u0103 face\u021bi griji cu privire la \u00eenv\u0103\u021barea diferitelor termina\u021bii sau forme pentru substantive masculine, feminine sau neutre.<\/p>\n\n\n\n<p>De exemplu, &#8222;k\u00f6pek&#8221; (k\u00f6pek, un substantiv care \u00eenseamn\u0103 &#8222;c\u00e2ine&#8221;) devine &#8222;k\u00f6pekler&#8221; (k\u00f6pekler, c\u00e2ini), iar &#8222;kedi&#8221; (kedi, un substantiv care \u00eenseamn\u0103 &#8222;pisic\u0103&#8221;) devine &#8222;kediler&#8221; (kediler, pisici).<\/p>\n\n\n\n<h3 class=\"wp-block-heading\" id=\"h-the-art-of-conjugation-turkish-verbs\">Arta conjug\u0103rii: verbe turce\u0219ti<\/h3>\n\n\n\n<p>Verbele turce\u0219ti ar putea p\u0103rea descurajante la \u00eenceput, datorit\u0103 numeroaselor lor timpuri, st\u0103ri \u0219i conjug\u0103ri. Cu toate acestea, cheia \u00een\u021belegerii lor este recunoa\u0219terea modelelor comune \u0219i practicarea \u00een mod regulat.<\/p>\n\n\n\n<p>\u00cen turc\u0103, verbele folosesc o varietate de sufixe pentru a indica timpul, starea de spirit \u0219i persoana. Verbul stem r\u0103m\u00e2ne neschimbat. S\u0103 lu\u0103m ca exemplu verbul &#8222;yemek&#8221; (yemek, &#8222;a m\u00e2nca&#8221;):<\/p>\n\n\n\n<p><strong>Timpul prezent continuu: Yiyorum (m\u0103n\u00e2nc)<\/strong><\/p>\n\n\n\n<p><strong>Timpul trecut: Yedim (am m\u00e2ncat)<\/strong><\/p>\n\n\n\n<p><strong>Timpul viitor: Yiyece\u011fim (Voi m\u00e2nca)<\/strong><\/p>\n\n\n\n<p>Dup\u0103 cum pute\u021bi vedea, finalurile se schimb\u0103 \u00een func\u021bie de timp \u0219i persoan\u0103. Cu exerci\u021biu \u0219i r\u0103bdare, ve\u021bi \u00eencepe s\u0103 recunoa\u0219te\u021bi tiparele \u0219i ve\u021bi \u00eenvinge aceast\u0103 provocare.<\/p>\n\n\n\n<h3 class=\"wp-block-heading\" id=\"h-the-finishing-touches-turkish-adjectives-adverbs-and-more\">Retu\u0219urile finale: adjective turce\u0219ti, adverbe \u0219i multe altele<\/h3>\n\n\n\n<p>C\u00e2nd vine vorba de adjective \u0219i adverbe turce\u0219ti, acestea joac\u0103 un rol critic \u00een ad\u0103ugarea de profunzime \u0219i complexitate discursului t\u0103u. Adjectivele \u00een turc\u0103 nu trebuie s\u0103 fie \u00een acord cu substantivele <a href=\"https:\/\/talkpal.ai\/culture\/how-do-i-use-pe-care-correctly\/\">pe care<\/a> le modific\u0103, ceea ce le face mai u\u0219or de folosit dec\u00e2t \u00een multe alte limbi.<\/p>\n\n\n\n<p>De exemplu, &#8222;g\u00fczel&#8221; (g\u00fczel) \u00eenseamn\u0103 &#8222;frumos&#8221; \u0219i s-ar putea s\u0103 \u00eel vede\u021bi ca &#8222;g\u00fczel \u00e7i\u00e7ek&#8221; (g\u00fczel \u00e7i\u00e7ek, &#8222;floare frumoas\u0103&#8221;) sau &#8222;g\u00fczel k\u00f6pek&#8221; (g\u00fczel k\u00f6pek, &#8222;c\u00e2ine frumos&#8221;), f\u0103r\u0103 nicio schimbare \u00een ceea ce prive\u0219te pluralul sau genul.<\/p>\n\n\n\n<p>Adverbele urmeaz\u0103 de obicei modele similare, adesea derivate din adjective. \u00cen turc\u0103, multe adverbe pot fi formate prin ad\u0103ugarea sufixului -ce sau -ca la adjective, \u00een func\u021bie de cea mai apropiat\u0103 vocal\u0103.<\/p>\n\n\n\n<p>\u00cen concluzie, complexitatea \u0219i particularit\u0103\u021bile gramaticii turce\u0219ti, de\u0219i reprezint\u0103 o provocare, confer\u0103 limbii frumuse\u021bea \u0219i caracterul s\u0103u captivant. Cu o combina\u021bie de perseveren\u021b\u0103, curiozitate \u0219i aplica\u021bii practice, ve\u021bi naviga \u00een cur\u00e2nd prin gramatica turc\u0103 cu u\u0219urin\u021b\u0103 \u0219i \u00eencredere. Spor la invatat!<\/p>\n<\/div><\/div>\n\r\n<section class=\"learnNavigationSection\">\r\n            \r\n        <a href=\"https:\/\/talkpal.ai\/ro\/invata-turca\/\">\r\n            <div class=\"learnNavigationWrapper\">\r\n                <div class=\"learnNavigationContent\">\r\n                    <img decoding=\"async\" src=\"https:\/\/talkpal.ai\/wp-content\/uploads\/2024\/08\/Turkish.jpg\" alt=\"Turkish Flag\">\r\n                    <div>\r\n                        <h4>Despre \u00eenv\u0103\u021barea turc\u0103<\/h4>\r\n                        <p>Afla\u021bi totul despre gramatica limbii turce .<\/p>\r\n                    <\/div>\r\n                <\/div>\r\n            <\/div>\r\n        <\/a>\r\n\r\n        \r\n        <a href=\"https:\/\/talkpal.ai\/ro\/exercitii-de-gramatica-turca\/\">\r\n            <div class=\"learnNavigationWrapper\">\r\n                <div class=\"learnNavigationContent\">\r\n                    <img decoding=\"async\" src=\"https:\/\/talkpal.ai\/wp-content\/uploads\/2024\/08\/Turkish.jpg\" alt=\"Turkish Flag\">\r\n                    <div>\r\n                        <h4>Exerci\u021biu de gramatic\u0103 turc\u0103<\/h4>\r\n                        <p>Exersa\u021bi gramatica turc\u0103.<\/p>\r\n                    <\/div>\r\n                <\/div>\r\n            <\/div>\r\n        <\/a>\r\n\r\n        \r\n        <a href=\"https:\/\/talkpal.ai\/vocabulary_language\/turkish\/\">\r\n            <div class=\"learnNavigationWrapper\">\r\n                <div class=\"learnNavigationContent\">\r\n                    <img decoding=\"async\" src=\"https:\/\/talkpal.ai\/wp-content\/uploads\/2024\/08\/Turkish.jpg\" alt=\"Turkish Flag\">\r\n                    <div>\r\n                        <h4>Vocabular turcesc<\/h4>\r\n                        <p>Extinde\u021bi-v\u0103 vocabularul turcesc.<\/p>\r\n                    <\/div>\r\n                <\/div>\r\n            <\/div>\r\n        <\/a>\r\n\r\n            <\/section>","protected":false},"excerpt":{"rendered":"<p>Ghidul final al gramaticii turce\u0219ti: navigarea \u00een complexitatea unei limbi unice Gramatica turc\u0103, ca \u0219i limba \u00eens\u0103\u0219i, prezint\u0103 o bogat\u0103 \u0219i fascinant\u0103 tapiserie de elemente lingvistice. Ca membru al familiei de limbi turcice, turca captiveaz\u0103 cursan\u021bii cu tr\u0103s\u0103turile sale diverse \u0219i provoac\u0103 chiar \u0219i cei mai competen\u021bi vorbitori. \u00cen acest ghid, vom explora principiile cheie [&hellip;]<\/p>\n","protected":false},"author":1,"featured_media":121109,"parent":0,"menu_order":0,"comment_status":"closed","ping_status":"closed","template":"LearningContentPage.php","meta":{"_acf_changed":false,"footnotes":""},"class_list":["post-153192","page","type-page","status-publish","has-post-thumbnail","hentry"],"acf":[],"yoast_head":"<!-- This site is optimized with the Yoast SEO Premium plugin v27.2 (Yoast SEO v27.2) - https:\/\/yoast.com\/product\/yoast-seo-premium-wordpress\/ -->\n<title>Gramatica turc\u0103 - Talkpal<\/title>\n<meta name=\"description\" content=\"Descoperi\u021bi secretele gramaticii turce\u0219ti cu ajutorul ghidului nostru cuprinz\u0103tor despre principiile sale cheie \u0219i structura propozi\u021biilor.\" \/>\n<meta name=\"robots\" content=\"index, follow, max-snippet:-1, max-image-preview:large, max-video-preview:-1\" \/>\n<link rel=\"canonical\" href=\"https:\/\/talkpal.ai\/ro\/gramatica-turca\/\" \/>\n<meta property=\"og:locale\" content=\"ro_RO\" \/>\n<meta property=\"og:type\" content=\"article\" \/>\n<meta property=\"og:title\" content=\"Gramatica turc\u0103\" \/>\n<meta property=\"og:description\" content=\"Ghidul final al gramaticii turce\u0219ti: navigarea \u00een complexitatea unei limbi unice Gramatica turc\u0103, ca \u0219i limba \u00eens\u0103\u0219i, prezint\u0103 o bogat\u0103 \u0219i fascinant\u0103\" \/>\n<meta property=\"og:url\" content=\"https:\/\/talkpal.ai\/ro\/gramatica-turca\/\" \/>\n<meta property=\"og:site_name\" content=\"Talkpal\" \/>\n<meta property=\"article:publisher\" content=\"https:\/\/www.facebook.com\/profile.php?id=100090733639311\" \/>\n<meta property=\"article:modified_time\" content=\"2025-12-13T15:45:45+00:00\" \/>\n<meta property=\"og:image\" content=\"https:\/\/talkpal.ai\/wp-content\/uploads\/2023\/05\/turkish.png\" \/>\n\t<meta property=\"og:image:width\" content=\"512\" \/>\n\t<meta property=\"og:image:height\" content=\"512\" \/>\n\t<meta property=\"og:image:type\" content=\"image\/png\" \/>\n<meta name=\"twitter:card\" content=\"summary_large_image\" \/>\n<meta name=\"twitter:site\" content=\"@talkpalai\" \/>\n<meta name=\"twitter:label1\" content=\"Timp estimat pentru citire\" \/>\n\t<meta name=\"twitter:data1\" content=\"4 minute\" \/>\n<script type=\"application\/ld+json\" class=\"yoast-schema-graph\">{\"@context\":\"https:\/\/schema.org\",\"@graph\":[{\"@type\":\"WebPage\",\"@id\":\"https:\/\/talkpal.ai\/ro\/gramatica-turca\/\",\"url\":\"https:\/\/talkpal.ai\/ro\/gramatica-turca\/\",\"name\":\"Gramatica turc\u0103 - Talkpal\",\"isPartOf\":{\"@id\":\"https:\/\/talkpal.ai\/ro\/#website\"},\"primaryImageOfPage\":{\"@id\":\"https:\/\/talkpal.ai\/ro\/gramatica-turca\/#primaryimage\"},\"image\":{\"@id\":\"https:\/\/talkpal.ai\/ro\/gramatica-turca\/#primaryimage\"},\"thumbnailUrl\":\"https:\/\/talkpal.ai\/wp-content\/uploads\/2023\/05\/turkish.png\",\"datePublished\":\"2023-05-14T14:23:49+00:00\",\"dateModified\":\"2025-12-13T15:45:45+00:00\",\"description\":\"Descoperi\u021bi secretele gramaticii turce\u0219ti cu ajutorul ghidului nostru cuprinz\u0103tor despre principiile sale cheie \u0219i structura propozi\u021biilor.\",\"breadcrumb\":{\"@id\":\"https:\/\/talkpal.ai\/ro\/gramatica-turca\/#breadcrumb\"},\"inLanguage\":\"ro-RO\",\"potentialAction\":[{\"@type\":\"ReadAction\",\"target\":[\"https:\/\/talkpal.ai\/ro\/gramatica-turca\/\"]}]},{\"@type\":\"ImageObject\",\"inLanguage\":\"ro-RO\",\"@id\":\"https:\/\/talkpal.ai\/ro\/gramatica-turca\/#primaryimage\",\"url\":\"https:\/\/talkpal.ai\/wp-content\/uploads\/2023\/05\/turkish.png\",\"contentUrl\":\"https:\/\/talkpal.ai\/wp-content\/uploads\/2023\/05\/turkish.png\",\"width\":512,\"height\":512},{\"@type\":\"BreadcrumbList\",\"@id\":\"https:\/\/talkpal.ai\/ro\/gramatica-turca\/#breadcrumb\",\"itemListElement\":[{\"@type\":\"ListItem\",\"position\":1,\"name\":\"Homepage\",\"item\":\"https:\/\/talkpal.ai\/ro\/\"},{\"@type\":\"ListItem\",\"position\":2,\"name\":\"Gramatica turc\u0103\"}]},{\"@type\":\"WebSite\",\"@id\":\"https:\/\/talkpal.ai\/ro\/#website\",\"url\":\"https:\/\/talkpal.ai\/ro\/\",\"name\":\"Talkpal\",\"description\":\"AI Language Learning\",\"publisher\":{\"@id\":\"https:\/\/talkpal.ai\/ro\/#organization\"},\"alternateName\":\"Talkpal AI\",\"potentialAction\":[{\"@type\":\"SearchAction\",\"target\":{\"@type\":\"EntryPoint\",\"urlTemplate\":\"https:\/\/talkpal.ai\/ro\/?s={search_term_string}\"},\"query-input\":{\"@type\":\"PropertyValueSpecification\",\"valueRequired\":true,\"valueName\":\"search_term_string\"}}],\"inLanguage\":\"ro-RO\"},{\"@type\":\"Organization\",\"@id\":\"https:\/\/talkpal.ai\/ro\/#organization\",\"name\":\"Talkpal, Inc.\",\"alternateName\":\"Talkpal AI\",\"url\":\"https:\/\/talkpal.ai\/ro\/\",\"logo\":{\"@type\":\"ImageObject\",\"inLanguage\":\"ro-RO\",\"@id\":\"https:\/\/talkpal.ai\/ro\/#\/schema\/logo\/image\/\",\"url\":\"https:\/\/talkpal.ai\/wp-content\/uploads\/2024\/03\/Talkpal-Logo-Icon.png\",\"contentUrl\":\"https:\/\/talkpal.ai\/wp-content\/uploads\/2024\/03\/Talkpal-Logo-Icon.png\",\"width\":2880,\"height\":2880,\"caption\":\"Talkpal, Inc.\"},\"image\":{\"@id\":\"https:\/\/talkpal.ai\/ro\/#\/schema\/logo\/image\/\"},\"sameAs\":[\"https:\/\/www.facebook.com\/profile.php?id=100090733639311\",\"https:\/\/x.com\/talkpalai\",\"https:\/\/www.linkedin.com\/company\/talkpal\/\",\"https:\/\/www.youtube.com\/@TalkPal\/\",\"https:\/\/www.tiktok.com\/@talkpal\",\"https:\/\/www.instagram.com\/talkpal_ai\/\",\"https:\/\/www.crunchbase.com\/organization\/talkpal-9cde\",\"https:\/\/www.g2.com\/products\/talkpal-for-business\/\",\"https:\/\/www.trustpilot.com\/review\/talkpal.ai\",\"https:\/\/www.capterra.com\/p\/10006800\/TalkPal\/\"],\"description\":\"Talkpal is a language learning web and mobile education app, powered by the latest AI technologies, that provides engaging experiences to its customers in many different languages to help them improve their language skills. Users can chat about unlimited amount of topics with the app and use other modes to practice their language learning.\",\"email\":\"support@talkpal.ai\",\"legalName\":\"Talkpal, Inc.\",\"foundingDate\":\"2023-04-03\",\"duns\":\"118989042\",\"numberOfEmployees\":{\"@type\":\"QuantitativeValue\",\"minValue\":\"11\",\"maxValue\":\"50\"},\"publishingPrinciples\":\"https:\/\/talkpal.ai\/publishing-principles\/\",\"actionableFeedbackPolicy\":\"https:\/\/talkpal.ai\/actionable-feedback-policy\/\",\"correctionsPolicy\":\"https:\/\/talkpal.ai\/corrections-policy\/\",\"ethicsPolicy\":\"https:\/\/talkpal.ai\/ethics-policy\/\",\"diversityPolicy\":\"https:\/\/talkpal.ai\/diversity-policy\/\",\"diversityStaffingReport\":\"https:\/\/talkpal.ai\/diversity-policy\/\"}]}<\/script>\n<!-- \/ Yoast SEO Premium plugin. -->","yoast_head_json":{"title":"Gramatica turc\u0103 - Talkpal","description":"Descoperi\u021bi secretele gramaticii turce\u0219ti cu ajutorul ghidului nostru cuprinz\u0103tor despre principiile sale cheie \u0219i structura propozi\u021biilor.","robots":{"index":"index","follow":"follow","max-snippet":"max-snippet:-1","max-image-preview":"max-image-preview:large","max-video-preview":"max-video-preview:-1"},"canonical":"https:\/\/talkpal.ai\/ro\/gramatica-turca\/","og_locale":"ro_RO","og_type":"article","og_title":"Gramatica turc\u0103","og_description":"Ghidul final al gramaticii turce\u0219ti: navigarea \u00een complexitatea unei limbi unice Gramatica turc\u0103, ca \u0219i limba \u00eens\u0103\u0219i, prezint\u0103 o bogat\u0103 \u0219i fascinant\u0103","og_url":"https:\/\/talkpal.ai\/ro\/gramatica-turca\/","og_site_name":"Talkpal","article_publisher":"https:\/\/www.facebook.com\/profile.php?id=100090733639311","article_modified_time":"2025-12-13T15:45:45+00:00","og_image":[{"width":512,"height":512,"url":"https:\/\/talkpal.ai\/wp-content\/uploads\/2023\/05\/turkish.png","type":"image\/png"}],"twitter_card":"summary_large_image","twitter_site":"@talkpalai","twitter_misc":{"Timp estimat pentru citire":"4 minute"},"schema":{"@context":"https:\/\/schema.org","@graph":[{"@type":"WebPage","@id":"https:\/\/talkpal.ai\/ro\/gramatica-turca\/","url":"https:\/\/talkpal.ai\/ro\/gramatica-turca\/","name":"Gramatica turc\u0103 - Talkpal","isPartOf":{"@id":"https:\/\/talkpal.ai\/ro\/#website"},"primaryImageOfPage":{"@id":"https:\/\/talkpal.ai\/ro\/gramatica-turca\/#primaryimage"},"image":{"@id":"https:\/\/talkpal.ai\/ro\/gramatica-turca\/#primaryimage"},"thumbnailUrl":"https:\/\/talkpal.ai\/wp-content\/uploads\/2023\/05\/turkish.png","datePublished":"2023-05-14T14:23:49+00:00","dateModified":"2025-12-13T15:45:45+00:00","description":"Descoperi\u021bi secretele gramaticii turce\u0219ti cu ajutorul ghidului nostru cuprinz\u0103tor despre principiile sale cheie \u0219i structura propozi\u021biilor.","breadcrumb":{"@id":"https:\/\/talkpal.ai\/ro\/gramatica-turca\/#breadcrumb"},"inLanguage":"ro-RO","potentialAction":[{"@type":"ReadAction","target":["https:\/\/talkpal.ai\/ro\/gramatica-turca\/"]}]},{"@type":"ImageObject","inLanguage":"ro-RO","@id":"https:\/\/talkpal.ai\/ro\/gramatica-turca\/#primaryimage","url":"https:\/\/talkpal.ai\/wp-content\/uploads\/2023\/05\/turkish.png","contentUrl":"https:\/\/talkpal.ai\/wp-content\/uploads\/2023\/05\/turkish.png","width":512,"height":512},{"@type":"BreadcrumbList","@id":"https:\/\/talkpal.ai\/ro\/gramatica-turca\/#breadcrumb","itemListElement":[{"@type":"ListItem","position":1,"name":"Homepage","item":"https:\/\/talkpal.ai\/ro\/"},{"@type":"ListItem","position":2,"name":"Gramatica turc\u0103"}]},{"@type":"WebSite","@id":"https:\/\/talkpal.ai\/ro\/#website","url":"https:\/\/talkpal.ai\/ro\/","name":"Talkpal","description":"AI Language Learning","publisher":{"@id":"https:\/\/talkpal.ai\/ro\/#organization"},"alternateName":"Talkpal AI","potentialAction":[{"@type":"SearchAction","target":{"@type":"EntryPoint","urlTemplate":"https:\/\/talkpal.ai\/ro\/?s={search_term_string}"},"query-input":{"@type":"PropertyValueSpecification","valueRequired":true,"valueName":"search_term_string"}}],"inLanguage":"ro-RO"},{"@type":"Organization","@id":"https:\/\/talkpal.ai\/ro\/#organization","name":"Talkpal, Inc.","alternateName":"Talkpal AI","url":"https:\/\/talkpal.ai\/ro\/","logo":{"@type":"ImageObject","inLanguage":"ro-RO","@id":"https:\/\/talkpal.ai\/ro\/#\/schema\/logo\/image\/","url":"https:\/\/talkpal.ai\/wp-content\/uploads\/2024\/03\/Talkpal-Logo-Icon.png","contentUrl":"https:\/\/talkpal.ai\/wp-content\/uploads\/2024\/03\/Talkpal-Logo-Icon.png","width":2880,"height":2880,"caption":"Talkpal, Inc."},"image":{"@id":"https:\/\/talkpal.ai\/ro\/#\/schema\/logo\/image\/"},"sameAs":["https:\/\/www.facebook.com\/profile.php?id=100090733639311","https:\/\/x.com\/talkpalai","https:\/\/www.linkedin.com\/company\/talkpal\/","https:\/\/www.youtube.com\/@TalkPal\/","https:\/\/www.tiktok.com\/@talkpal","https:\/\/www.instagram.com\/talkpal_ai\/","https:\/\/www.crunchbase.com\/organization\/talkpal-9cde","https:\/\/www.g2.com\/products\/talkpal-for-business\/","https:\/\/www.trustpilot.com\/review\/talkpal.ai","https:\/\/www.capterra.com\/p\/10006800\/TalkPal\/"],"description":"Talkpal is a language learning web and mobile education app, powered by the latest AI technologies, that provides engaging experiences to its customers in many different languages to help them improve their language skills. Users can chat about unlimited amount of topics with the app and use other modes to practice their language learning.","email":"support@talkpal.ai","legalName":"Talkpal, Inc.","foundingDate":"2023-04-03","duns":"118989042","numberOfEmployees":{"@type":"QuantitativeValue","minValue":"11","maxValue":"50"},"publishingPrinciples":"https:\/\/talkpal.ai\/publishing-principles\/","actionableFeedbackPolicy":"https:\/\/talkpal.ai\/actionable-feedback-policy\/","correctionsPolicy":"https:\/\/talkpal.ai\/corrections-policy\/","ethicsPolicy":"https:\/\/talkpal.ai\/ethics-policy\/","diversityPolicy":"https:\/\/talkpal.ai\/diversity-policy\/","diversityStaffingReport":"https:\/\/talkpal.ai\/diversity-policy\/"}]}},"_links":{"self":[{"href":"https:\/\/talkpal.ai\/ro\/wp-json\/wp\/v2\/pages\/153192","targetHints":{"allow":["GET"]}}],"collection":[{"href":"https:\/\/talkpal.ai\/ro\/wp-json\/wp\/v2\/pages"}],"about":[{"href":"https:\/\/talkpal.ai\/ro\/wp-json\/wp\/v2\/types\/page"}],"author":[{"embeddable":true,"href":"https:\/\/talkpal.ai\/ro\/wp-json\/wp\/v2\/users\/1"}],"replies":[{"embeddable":true,"href":"https:\/\/talkpal.ai\/ro\/wp-json\/wp\/v2\/comments?post=153192"}],"version-history":[{"count":0,"href":"https:\/\/talkpal.ai\/ro\/wp-json\/wp\/v2\/pages\/153192\/revisions"}],"wp:featuredmedia":[{"embeddable":true,"href":"https:\/\/talkpal.ai\/ro\/wp-json\/wp\/v2\/media\/121109"}],"wp:attachment":[{"href":"https:\/\/talkpal.ai\/ro\/wp-json\/wp\/v2\/media?parent=153192"}],"curies":[{"name":"wp","href":"https:\/\/api.w.org\/{rel}","templated":true}]}}