{"id":152879,"date":"2023-05-14T14:23:21","date_gmt":"2023-05-14T14:23:21","guid":{"rendered":"http:\/\/talkpal.ai\/gramatica-tagalog\/"},"modified":"2025-12-17T15:38:40","modified_gmt":"2025-12-17T15:38:40","slug":"gramatica-tagalog","status":"publish","type":"page","link":"https:\/\/talkpal.ai\/ro\/gramatica-tagalog\/","title":{"rendered":"Gramatica tagalog"},"content":{"rendered":"\r\n\r\n\r\n<section class=\"languageChallengeSection\">\r\n    <div class=\"languageInfoWrapper\">\r\n        \r\n        <h1>Gramatica tagalog<\/h1>\r\n        <p>E\u0219ti \u00eenc\u00e2ntat s\u0103 \u00eenve\u021bi <a href=\"https:\/\/talkpal.ai\/learn-tagalog\/\">tagalog<\/a>? Explora\u021bi gramatica tagalogului, unde sistemele unice de focalizare a verbelor, ordinea flexibil\u0103 a propozi\u021biilor \u0219i particulele utile creeaz\u0103 un limbaj pe c\u00e2t de expresiv, pe at\u00e2t de interesant. \u00cencepe\u021bi-v\u0103 c\u0103l\u0103toria acum &#8211; st\u0103p\u00e2nirea gramaticii tagalog v\u0103 va permite s\u0103 comunica\u021bi cu \u00eencredere \u0219i s\u0103 v\u0103 scufunda\u021bi \u00een cultura vibrant\u0103 a Filipinelor!<\/p>\r\n\r\n                            <a class=\"getStartedHidden\" href=\"https:\/\/app.talkpal.ai\/ro\/signup?lng=\">\u00cencepe<\/a>\r\n        \r\n    <\/div>\r\n\r\n    <figure>\r\n    <img decoding=\"async\" width=\"768\" height=\"768\" src=\"https:\/\/talkpal.ai\/wp-content\/uploads\/2023\/06\/tagalog-768x768.png\" class=\"languageImage no-lazy\" alt=\"Overcoming challenges in language learning\" fetchpriority=\"high\" sizes=\"(max-width: 768px) 150px, 768px\" srcset=\"https:\/\/talkpal.ai\/wp-content\/uploads\/2023\/06\/tagalog-768x768.png 768w, https:\/\/talkpal.ai\/wp-content\/uploads\/2023\/06\/tagalog-300x300.png 300w\" \/>\r\n    \r\n\r\n    <\/figure>\r\n\r\n            <a class=\"getStartedVisible\" href=\"https:\/\/app.talkpal.ai\/ro\/signup?lng=\">\u00cencepe<\/a>\r\n    \r\n<\/section>\r\n<section class=\"promotionalBanner\">\r\n    <p class=\"promotionalText\">Cel mai eficient mod de a \u00eenv\u0103\u021ba o limb\u0103<\/p>\r\n    <a class=\"promotionalLink\" href=\"https:\/\/app.talkpal.ai\/ro\/signup?lng=\">\u00cencerca\u021bi Talkpal gratuit<\/a>\r\n<\/section>\n<div class=\"wp-block-group pageContainerStyle\"><div class=\"wp-block-group__inner-container is-layout-constrained wp-block-group-is-layout-constrained\">\n<h1 class=\"wp-block-heading\" id=\"h-tagalog-grammar-get-to-know-the-heart-of-filipino-language\">Gramatica tagalog: cunoa\u0219te\u021bi inima limbii filipineze<\/h1>\n\n\n\n<p>Tagalogul, baza pentru limba na\u021bional\u0103 a Filipinelor, filipinez\u0103, este vorbit\u0103 de milioane de oameni din \u00eentreaga lume. Pentru a \u00eenv\u0103\u021ba tagalog, trebuie mai \u00eent\u00e2i s\u0103 \u00een\u021belege\u021bi gramatica sa complicat\u0103 \u0219i fascinant\u0103. \u00cen acest articol, vom aprofunda aspectele esen\u021biale ale gramaticii tagalog, ajut\u00e2ndu-v\u0103 s\u0103 aprecia\u021bi aceast\u0103 limb\u0103 frumoas\u0103 \u00eentr-o manier\u0103 conversa\u021bional\u0103 \u0219i prietenoas\u0103.<\/p>\n\n\n\n<h3 class=\"wp-block-heading\" id=\"h-1-nouns-genderless-countable-and-uncountable\">1. Substantive &#8211; f\u0103r\u0103 gen, num\u0103rabile \u0219i nenum\u0103rabile<\/h3>\n\n\n\n<p>\u00cen tagalog, substantivele (pangngalan) nu sunt clasificate dup\u0103 gen, ceea ce face mai u\u0219or de gestionat dec\u00e2t alte limbi. Substantivele comune se refer\u0103 la oameni, animale, locuri, lucruri sau idei, cu substantive proprii care denot\u0103 nume specifice. Ve\u021bi \u00eent\u00e2lni at\u00e2t substantive num\u0103rabile (tahanan, care \u00eenseamn\u0103 &#8222;cas\u0103&#8221;), c\u00e2t \u0219i substantive nenum\u0103rabile (tubig, care \u00eenseamn\u0103 &#8222;ap\u0103&#8221;). Substantivele pot fi, de asemenea, transformate \u00een forme de plural prin ad\u0103ugarea unor markeri specifici precum &#8222;mga&#8221;.<\/p>\n\n\n\n<h3 class=\"wp-block-heading\" id=\"h-2-adjectives-describing-with-flair\">2. Adjective \u2013 A descrie cu fler<\/h3>\n\n\n\n<p>Adjectivele (pang-uri) ofer\u0103 mai multe informa\u021bii despre substantive, cu mai multe moduri de utilizare a adjectivelor \u00een tagalog. Compararea substantivelor se realizeaz\u0103 prin intermediul adjectivelor prin utilizarea markerilor &#8222;mas&#8221; \u0219i &#8222;pinaka&#8221; pentru a crea grade comparative \u0219i superlative. De exemplu, &#8222;maganda&#8221; \u00eenseamn\u0103 &#8222;frumos&#8221;, \u00een timp ce &#8222;mas maganda&#8221; \u00eenseamn\u0103 &#8222;mai frumos&#8221;, iar &#8222;pinakamaganda&#8221; \u00eenseamn\u0103 &#8222;cel mai frumos&#8221;.<\/p>\n\n\n\n<h3 class=\"wp-block-heading\" id=\"h-3-pronouns-keeping-it-personal\">3. Pronume &#8211; P\u0103stra\u021bi-l personal<\/h3>\n\n\n\n<p>Gramatica tagalog const\u0103 din pronume personale, posesive, demonstrative, interogative \u0219i relative. Pronumele personale vin \u00een trei cazuri: nominativ (indic\u00e2nd subiectul), genitiv (indic\u00e2nd posesia) \u0219i acuzativ (indic\u00e2nd obiectul). Pronumele demonstrative, cum ar fi &#8222;ito&#8221; (this) \u0219i &#8222;iyan&#8221; (that), sunt folosite pentru a indica lucruri specifice, \u00een timp ce pronumele interogative sunt folosite pentru a pune \u00eentreb\u0103ri.<\/p>\n\n\n\n<h3 class=\"wp-block-heading\" id=\"h-4-verbs-conjugation-and-focus\">4. Verbe \u2013 conjugare \u0219i focalizare<\/h3>\n\n\n\n<p>Verbele tagalog (pandiwa) joac\u0103 un rol vital \u00een construc\u021bia propozi\u021biilor, iar conjugarea lor este distinct\u0103. \u00cen loc de schimb\u0103ri tensionate, conjug\u0103rile verbelor \u00een tagalog implic\u0103 schimb\u0103ri de aspect. Exist\u0103 trei aspecte verbale: completat (perfectiv), neterminat (imperfectiv) \u0219i contemplat (viitor).  <\/p>\n\n\n\n<p>Mai mult, tagalogul are un sistem unic de focalizare legat de verbe. \u00cen acest sistem, forma verbului se schimb\u0103 \u00een func\u021bie de ce parte a propozi\u021biei este concentrat\u0103, cum ar fi obiectul, subiectul sau direc\u021bia ac\u021biunii. Markerii cheie, cum ar fi &#8222;um-&#8222;, &#8222;mag-&#8221; \u0219i &#8222;-in&#8221;, ajut\u0103 la transmiterea diferitelor nuan\u021be \u00een cadrul propozi\u021biilor.<\/p>\n\n\n\n<h3 class=\"wp-block-heading\" id=\"h-5-embracing-the-journey\">5. \u00cembr\u0103\u021bi\u0219area c\u0103l\u0103toriei<\/h3>\n\n\n\n<p>\u00cenv\u0103\u021barea gramaticii tagalog necesit\u0103 timp, efort \u0219i un dram de r\u0103bdare. Cu toate acestea, unicitatea sa, odat\u0103 st\u0103p\u00e2nit\u0103, ofer\u0103 perspective de neegalat asupra culturii \u0219i patrimoniului filipinez. P\u0103stra\u021bi-v\u0103 o minte deschis\u0103, exersa\u021bi \u00een mod constant \u0219i nu v\u0103 teme\u021bi s\u0103 face\u021bi gre\u0219eli \u00een timp ce vorbi\u021bi.<\/p>\n\n\n\n<p>Pe m\u0103sur\u0103 ce v\u0103 scufunda\u021bi mai ad\u00e2nc \u00een nuan\u021bele gramaticii tagalog, face\u021bi-v\u0103 timp pentru a savura vibra\u021bia \u0219i bog\u0103\u021bia <a href=\"https:\/\/talkpal.ai\/culture\/how-do-i-use-pe-care-correctly\/\">pe care<\/a> le ofer\u0103. Savura\u021bi-v\u0103 \u00een\u021belegerea complexit\u0103\u021bii care face ca aceast\u0103 limb\u0103 s\u0103 fie cu adev\u0103rat excep\u021bional\u0103. Maligayang pag-aaral &#8211; \u00eenv\u0103\u021bare fericit\u0103!<\/p>\n<\/div><\/div>\n\r\n<section class=\"learnNavigationSection\">\r\n            \r\n        <a href=\"https:\/\/talkpal.ai\/ro\/invata-tagalog\/\">\r\n            <div class=\"learnNavigationWrapper\">\r\n                <div class=\"learnNavigationContent\">\r\n                    <img decoding=\"async\" src=\"https:\/\/talkpal.ai\/wp-content\/uploads\/2024\/08\/Tagalog.jpg\" alt=\"Philippines Flag\">\r\n                    <div>\r\n                        <h4>Despre Tagalog Learning<\/h4>\r\n                        <p>Afla\u021bi totul despre gramatica tagalog .<\/p>\r\n                    <\/div>\r\n                <\/div>\r\n            <\/div>\r\n        <\/a>\r\n\r\n        \r\n        <a href=\"https:\/\/talkpal.ai\/ro\/exercitii-de-gramatica-tagalog\/\">\r\n            <div class=\"learnNavigationWrapper\">\r\n                <div class=\"learnNavigationContent\">\r\n                    <img decoding=\"async\" src=\"https:\/\/talkpal.ai\/wp-content\/uploads\/2024\/08\/Tagalog.jpg\" alt=\"Philippines Flag\">\r\n                    <div>\r\n                        <h4>Exerci\u021biu de gramatic\u0103 Tagalog<\/h4>\r\n                        <p>Exersa\u021bi gramatica tagalog.<\/p>\r\n                    <\/div>\r\n                <\/div>\r\n            <\/div>\r\n        <\/a>\r\n\r\n        \r\n        <a href=\"https:\/\/talkpal.ai\/vocabulary_language\/tagalog\/\">\r\n            <div class=\"learnNavigationWrapper\">\r\n                <div class=\"learnNavigationContent\">\r\n                    <img decoding=\"async\" src=\"https:\/\/talkpal.ai\/wp-content\/uploads\/2024\/08\/Tagalog.jpg\" alt=\"Philippines Flag\">\r\n                    <div>\r\n                        <h4>Vocabular Tagalog<\/h4>\r\n                        <p>Extinde\u021bi-v\u0103 vocabularul \u00een tagalog.<\/p>\r\n                    <\/div>\r\n                <\/div>\r\n            <\/div>\r\n        <\/a>\r\n\r\n            <\/section>","protected":false},"excerpt":{"rendered":"<p>Gramatica tagalog: cunoa\u0219te\u021bi inima limbii filipineze Tagalogul, baza pentru limba na\u021bional\u0103 a Filipinelor, filipinez\u0103, este vorbit\u0103 de milioane de oameni din \u00eentreaga lume. Pentru a \u00eenv\u0103\u021ba tagalog, trebuie mai \u00eent\u00e2i s\u0103 \u00een\u021belege\u021bi gramatica sa complicat\u0103 \u0219i fascinant\u0103. \u00cen acest articol, vom aprofunda aspectele esen\u021biale ale gramaticii tagalog, ajut\u00e2ndu-v\u0103 s\u0103 aprecia\u021bi aceast\u0103 limb\u0103 frumoas\u0103 \u00eentr-o manier\u0103 [&hellip;]<\/p>\n","protected":false},"author":1,"featured_media":120183,"parent":0,"menu_order":0,"comment_status":"closed","ping_status":"closed","template":"LearningContentPage.php","meta":{"_acf_changed":false,"footnotes":""},"class_list":["post-152879","page","type-page","status-publish","has-post-thumbnail","hentry"],"acf":[],"yoast_head":"<!-- This site is optimized with the Yoast SEO Premium plugin v27.2 (Yoast SEO v27.2) - https:\/\/yoast.com\/product\/yoast-seo-premium-wordpress\/ -->\n<title>Gramatica tagalog - Talkpal<\/title>\n<meta name=\"description\" content=\"Explora\u021bi elementele esen\u021biale ale gramaticii tagalog \u0219i \u00eenv\u0103\u021ba\u021bi cum s\u0103 aprecia\u021bi aceast\u0103 limb\u0103 frumoas\u0103 \u00eentr-un mod simplu \u0219i prietenos.\" \/>\n<meta name=\"robots\" content=\"index, follow, max-snippet:-1, max-image-preview:large, max-video-preview:-1\" \/>\n<link rel=\"canonical\" href=\"https:\/\/talkpal.ai\/ro\/gramatica-tagalog\/\" \/>\n<meta property=\"og:locale\" content=\"ro_RO\" \/>\n<meta property=\"og:type\" content=\"article\" \/>\n<meta property=\"og:title\" content=\"Gramatica tagalog\" \/>\n<meta property=\"og:description\" content=\"Gramatica tagalog: cunoa\u0219te\u021bi inima limbii filipineze Tagalogul, baza pentru limba na\u021bional\u0103 a Filipinelor, filipinez\u0103, este vorbit\u0103 de milioane de oameni\" \/>\n<meta property=\"og:url\" content=\"https:\/\/talkpal.ai\/ro\/gramatica-tagalog\/\" \/>\n<meta property=\"og:site_name\" content=\"Talkpal\" \/>\n<meta property=\"article:publisher\" content=\"https:\/\/www.facebook.com\/profile.php?id=100090733639311\" \/>\n<meta property=\"article:modified_time\" content=\"2025-12-17T15:38:40+00:00\" \/>\n<meta property=\"og:image\" content=\"https:\/\/talkpal.ai\/wp-content\/uploads\/2023\/05\/Tagalog-philippines.png\" \/>\n\t<meta property=\"og:image:width\" content=\"512\" \/>\n\t<meta property=\"og:image:height\" content=\"512\" \/>\n\t<meta property=\"og:image:type\" content=\"image\/png\" \/>\n<meta name=\"twitter:card\" content=\"summary_large_image\" \/>\n<meta name=\"twitter:site\" content=\"@talkpalai\" \/>\n<meta name=\"twitter:label1\" content=\"Timp estimat pentru citire\" \/>\n\t<meta name=\"twitter:data1\" content=\"3 minute\" \/>\n<script type=\"application\/ld+json\" class=\"yoast-schema-graph\">{\"@context\":\"https:\/\/schema.org\",\"@graph\":[{\"@type\":\"WebPage\",\"@id\":\"https:\/\/talkpal.ai\/ro\/gramatica-tagalog\/\",\"url\":\"https:\/\/talkpal.ai\/ro\/gramatica-tagalog\/\",\"name\":\"Gramatica tagalog - Talkpal\",\"isPartOf\":{\"@id\":\"https:\/\/talkpal.ai\/ro\/#website\"},\"primaryImageOfPage\":{\"@id\":\"https:\/\/talkpal.ai\/ro\/gramatica-tagalog\/#primaryimage\"},\"image\":{\"@id\":\"https:\/\/talkpal.ai\/ro\/gramatica-tagalog\/#primaryimage\"},\"thumbnailUrl\":\"https:\/\/talkpal.ai\/wp-content\/uploads\/2023\/05\/Tagalog-philippines.png\",\"datePublished\":\"2023-05-14T14:23:21+00:00\",\"dateModified\":\"2025-12-17T15:38:40+00:00\",\"description\":\"Explora\u021bi elementele esen\u021biale ale gramaticii tagalog \u0219i \u00eenv\u0103\u021ba\u021bi cum s\u0103 aprecia\u021bi aceast\u0103 limb\u0103 frumoas\u0103 \u00eentr-un mod simplu \u0219i prietenos.\",\"breadcrumb\":{\"@id\":\"https:\/\/talkpal.ai\/ro\/gramatica-tagalog\/#breadcrumb\"},\"inLanguage\":\"ro-RO\",\"potentialAction\":[{\"@type\":\"ReadAction\",\"target\":[\"https:\/\/talkpal.ai\/ro\/gramatica-tagalog\/\"]}]},{\"@type\":\"ImageObject\",\"inLanguage\":\"ro-RO\",\"@id\":\"https:\/\/talkpal.ai\/ro\/gramatica-tagalog\/#primaryimage\",\"url\":\"https:\/\/talkpal.ai\/wp-content\/uploads\/2023\/05\/Tagalog-philippines.png\",\"contentUrl\":\"https:\/\/talkpal.ai\/wp-content\/uploads\/2023\/05\/Tagalog-philippines.png\",\"width\":512,\"height\":512},{\"@type\":\"BreadcrumbList\",\"@id\":\"https:\/\/talkpal.ai\/ro\/gramatica-tagalog\/#breadcrumb\",\"itemListElement\":[{\"@type\":\"ListItem\",\"position\":1,\"name\":\"Homepage\",\"item\":\"https:\/\/talkpal.ai\/ro\/\"},{\"@type\":\"ListItem\",\"position\":2,\"name\":\"Gramatica tagalog\"}]},{\"@type\":\"WebSite\",\"@id\":\"https:\/\/talkpal.ai\/ro\/#website\",\"url\":\"https:\/\/talkpal.ai\/ro\/\",\"name\":\"Talkpal\",\"description\":\"AI Language Learning\",\"publisher\":{\"@id\":\"https:\/\/talkpal.ai\/ro\/#organization\"},\"alternateName\":\"Talkpal AI\",\"potentialAction\":[{\"@type\":\"SearchAction\",\"target\":{\"@type\":\"EntryPoint\",\"urlTemplate\":\"https:\/\/talkpal.ai\/ro\/?s={search_term_string}\"},\"query-input\":{\"@type\":\"PropertyValueSpecification\",\"valueRequired\":true,\"valueName\":\"search_term_string\"}}],\"inLanguage\":\"ro-RO\"},{\"@type\":\"Organization\",\"@id\":\"https:\/\/talkpal.ai\/ro\/#organization\",\"name\":\"Talkpal, Inc.\",\"alternateName\":\"Talkpal AI\",\"url\":\"https:\/\/talkpal.ai\/ro\/\",\"logo\":{\"@type\":\"ImageObject\",\"inLanguage\":\"ro-RO\",\"@id\":\"https:\/\/talkpal.ai\/ro\/#\/schema\/logo\/image\/\",\"url\":\"https:\/\/talkpal.ai\/wp-content\/uploads\/2024\/03\/Talkpal-Logo-Icon.png\",\"contentUrl\":\"https:\/\/talkpal.ai\/wp-content\/uploads\/2024\/03\/Talkpal-Logo-Icon.png\",\"width\":2880,\"height\":2880,\"caption\":\"Talkpal, Inc.\"},\"image\":{\"@id\":\"https:\/\/talkpal.ai\/ro\/#\/schema\/logo\/image\/\"},\"sameAs\":[\"https:\/\/www.facebook.com\/profile.php?id=100090733639311\",\"https:\/\/x.com\/talkpalai\",\"https:\/\/www.linkedin.com\/company\/talkpal\/\",\"https:\/\/www.youtube.com\/@TalkPal\/\",\"https:\/\/www.tiktok.com\/@talkpal\",\"https:\/\/www.instagram.com\/talkpal_ai\/\",\"https:\/\/www.crunchbase.com\/organization\/talkpal-9cde\",\"https:\/\/www.g2.com\/products\/talkpal-for-business\/\",\"https:\/\/www.trustpilot.com\/review\/talkpal.ai\",\"https:\/\/www.capterra.com\/p\/10006800\/TalkPal\/\"],\"description\":\"Talkpal is a language learning web and mobile education app, powered by the latest AI technologies, that provides engaging experiences to its customers in many different languages to help them improve their language skills. Users can chat about unlimited amount of topics with the app and use other modes to practice their language learning.\",\"email\":\"support@talkpal.ai\",\"legalName\":\"Talkpal, Inc.\",\"foundingDate\":\"2023-04-03\",\"duns\":\"118989042\",\"numberOfEmployees\":{\"@type\":\"QuantitativeValue\",\"minValue\":\"11\",\"maxValue\":\"50\"},\"publishingPrinciples\":\"https:\/\/talkpal.ai\/publishing-principles\/\",\"actionableFeedbackPolicy\":\"https:\/\/talkpal.ai\/actionable-feedback-policy\/\",\"correctionsPolicy\":\"https:\/\/talkpal.ai\/corrections-policy\/\",\"ethicsPolicy\":\"https:\/\/talkpal.ai\/ethics-policy\/\",\"diversityPolicy\":\"https:\/\/talkpal.ai\/diversity-policy\/\",\"diversityStaffingReport\":\"https:\/\/talkpal.ai\/diversity-policy\/\"}]}<\/script>\n<!-- \/ Yoast SEO Premium plugin. -->","yoast_head_json":{"title":"Gramatica tagalog - Talkpal","description":"Explora\u021bi elementele esen\u021biale ale gramaticii tagalog \u0219i \u00eenv\u0103\u021ba\u021bi cum s\u0103 aprecia\u021bi aceast\u0103 limb\u0103 frumoas\u0103 \u00eentr-un mod simplu \u0219i prietenos.","robots":{"index":"index","follow":"follow","max-snippet":"max-snippet:-1","max-image-preview":"max-image-preview:large","max-video-preview":"max-video-preview:-1"},"canonical":"https:\/\/talkpal.ai\/ro\/gramatica-tagalog\/","og_locale":"ro_RO","og_type":"article","og_title":"Gramatica tagalog","og_description":"Gramatica tagalog: cunoa\u0219te\u021bi inima limbii filipineze Tagalogul, baza pentru limba na\u021bional\u0103 a Filipinelor, filipinez\u0103, este vorbit\u0103 de milioane de oameni","og_url":"https:\/\/talkpal.ai\/ro\/gramatica-tagalog\/","og_site_name":"Talkpal","article_publisher":"https:\/\/www.facebook.com\/profile.php?id=100090733639311","article_modified_time":"2025-12-17T15:38:40+00:00","og_image":[{"width":512,"height":512,"url":"https:\/\/talkpal.ai\/wp-content\/uploads\/2023\/05\/Tagalog-philippines.png","type":"image\/png"}],"twitter_card":"summary_large_image","twitter_site":"@talkpalai","twitter_misc":{"Timp estimat pentru citire":"3 minute"},"schema":{"@context":"https:\/\/schema.org","@graph":[{"@type":"WebPage","@id":"https:\/\/talkpal.ai\/ro\/gramatica-tagalog\/","url":"https:\/\/talkpal.ai\/ro\/gramatica-tagalog\/","name":"Gramatica tagalog - Talkpal","isPartOf":{"@id":"https:\/\/talkpal.ai\/ro\/#website"},"primaryImageOfPage":{"@id":"https:\/\/talkpal.ai\/ro\/gramatica-tagalog\/#primaryimage"},"image":{"@id":"https:\/\/talkpal.ai\/ro\/gramatica-tagalog\/#primaryimage"},"thumbnailUrl":"https:\/\/talkpal.ai\/wp-content\/uploads\/2023\/05\/Tagalog-philippines.png","datePublished":"2023-05-14T14:23:21+00:00","dateModified":"2025-12-17T15:38:40+00:00","description":"Explora\u021bi elementele esen\u021biale ale gramaticii tagalog \u0219i \u00eenv\u0103\u021ba\u021bi cum s\u0103 aprecia\u021bi aceast\u0103 limb\u0103 frumoas\u0103 \u00eentr-un mod simplu \u0219i prietenos.","breadcrumb":{"@id":"https:\/\/talkpal.ai\/ro\/gramatica-tagalog\/#breadcrumb"},"inLanguage":"ro-RO","potentialAction":[{"@type":"ReadAction","target":["https:\/\/talkpal.ai\/ro\/gramatica-tagalog\/"]}]},{"@type":"ImageObject","inLanguage":"ro-RO","@id":"https:\/\/talkpal.ai\/ro\/gramatica-tagalog\/#primaryimage","url":"https:\/\/talkpal.ai\/wp-content\/uploads\/2023\/05\/Tagalog-philippines.png","contentUrl":"https:\/\/talkpal.ai\/wp-content\/uploads\/2023\/05\/Tagalog-philippines.png","width":512,"height":512},{"@type":"BreadcrumbList","@id":"https:\/\/talkpal.ai\/ro\/gramatica-tagalog\/#breadcrumb","itemListElement":[{"@type":"ListItem","position":1,"name":"Homepage","item":"https:\/\/talkpal.ai\/ro\/"},{"@type":"ListItem","position":2,"name":"Gramatica tagalog"}]},{"@type":"WebSite","@id":"https:\/\/talkpal.ai\/ro\/#website","url":"https:\/\/talkpal.ai\/ro\/","name":"Talkpal","description":"AI Language Learning","publisher":{"@id":"https:\/\/talkpal.ai\/ro\/#organization"},"alternateName":"Talkpal AI","potentialAction":[{"@type":"SearchAction","target":{"@type":"EntryPoint","urlTemplate":"https:\/\/talkpal.ai\/ro\/?s={search_term_string}"},"query-input":{"@type":"PropertyValueSpecification","valueRequired":true,"valueName":"search_term_string"}}],"inLanguage":"ro-RO"},{"@type":"Organization","@id":"https:\/\/talkpal.ai\/ro\/#organization","name":"Talkpal, Inc.","alternateName":"Talkpal AI","url":"https:\/\/talkpal.ai\/ro\/","logo":{"@type":"ImageObject","inLanguage":"ro-RO","@id":"https:\/\/talkpal.ai\/ro\/#\/schema\/logo\/image\/","url":"https:\/\/talkpal.ai\/wp-content\/uploads\/2024\/03\/Talkpal-Logo-Icon.png","contentUrl":"https:\/\/talkpal.ai\/wp-content\/uploads\/2024\/03\/Talkpal-Logo-Icon.png","width":2880,"height":2880,"caption":"Talkpal, Inc."},"image":{"@id":"https:\/\/talkpal.ai\/ro\/#\/schema\/logo\/image\/"},"sameAs":["https:\/\/www.facebook.com\/profile.php?id=100090733639311","https:\/\/x.com\/talkpalai","https:\/\/www.linkedin.com\/company\/talkpal\/","https:\/\/www.youtube.com\/@TalkPal\/","https:\/\/www.tiktok.com\/@talkpal","https:\/\/www.instagram.com\/talkpal_ai\/","https:\/\/www.crunchbase.com\/organization\/talkpal-9cde","https:\/\/www.g2.com\/products\/talkpal-for-business\/","https:\/\/www.trustpilot.com\/review\/talkpal.ai","https:\/\/www.capterra.com\/p\/10006800\/TalkPal\/"],"description":"Talkpal is a language learning web and mobile education app, powered by the latest AI technologies, that provides engaging experiences to its customers in many different languages to help them improve their language skills. Users can chat about unlimited amount of topics with the app and use other modes to practice their language learning.","email":"support@talkpal.ai","legalName":"Talkpal, Inc.","foundingDate":"2023-04-03","duns":"118989042","numberOfEmployees":{"@type":"QuantitativeValue","minValue":"11","maxValue":"50"},"publishingPrinciples":"https:\/\/talkpal.ai\/publishing-principles\/","actionableFeedbackPolicy":"https:\/\/talkpal.ai\/actionable-feedback-policy\/","correctionsPolicy":"https:\/\/talkpal.ai\/corrections-policy\/","ethicsPolicy":"https:\/\/talkpal.ai\/ethics-policy\/","diversityPolicy":"https:\/\/talkpal.ai\/diversity-policy\/","diversityStaffingReport":"https:\/\/talkpal.ai\/diversity-policy\/"}]}},"_links":{"self":[{"href":"https:\/\/talkpal.ai\/ro\/wp-json\/wp\/v2\/pages\/152879","targetHints":{"allow":["GET"]}}],"collection":[{"href":"https:\/\/talkpal.ai\/ro\/wp-json\/wp\/v2\/pages"}],"about":[{"href":"https:\/\/talkpal.ai\/ro\/wp-json\/wp\/v2\/types\/page"}],"author":[{"embeddable":true,"href":"https:\/\/talkpal.ai\/ro\/wp-json\/wp\/v2\/users\/1"}],"replies":[{"embeddable":true,"href":"https:\/\/talkpal.ai\/ro\/wp-json\/wp\/v2\/comments?post=152879"}],"version-history":[{"count":0,"href":"https:\/\/talkpal.ai\/ro\/wp-json\/wp\/v2\/pages\/152879\/revisions"}],"wp:featuredmedia":[{"embeddable":true,"href":"https:\/\/talkpal.ai\/ro\/wp-json\/wp\/v2\/media\/120183"}],"wp:attachment":[{"href":"https:\/\/talkpal.ai\/ro\/wp-json\/wp\/v2\/media?parent=152879"}],"curies":[{"name":"wp","href":"https:\/\/api.w.org\/{rel}","templated":true}]}}