{"id":152585,"date":"2023-05-14T14:23:00","date_gmt":"2023-05-14T14:23:00","guid":{"rendered":"http:\/\/talkpal.ai\/gramatica-vietnameza\/"},"modified":"2025-12-12T10:55:31","modified_gmt":"2025-12-12T10:55:31","slug":"gramatica-vietnameza","status":"publish","type":"page","link":"https:\/\/talkpal.ai\/ro\/gramatica-vietnameza\/","title":{"rendered":"Gramatica vietnamez\u0103"},"content":{"rendered":"\r\n\r\n\r\n<section class=\"languageChallengeSection\">\r\n    <div class=\"languageInfoWrapper\">\r\n        \r\n        <h1>Gramatica vietnamez\u0103<\/h1>\r\n        <p>Gramatica <a href=\"https:\/\/talkpal.ai\/learn-vietnamese\/\">vietnamez\u0103<\/a> este cunoscut\u0103 pentru simplitatea \u0219i structura sa logic\u0103, ceea ce o face accesibil\u0103 pentru noii cursan\u021bi. Cu un alfabet romanizat, f\u0103r\u0103 conjug\u0103ri verbale \u0219i o utilizare minim\u0103 a pluralului, elevii se pot concentra rapid pe construirea vocabularului \u0219i a abilit\u0103\u021bilor de conversa\u021bie. Explorarea limbii vietnameze nu \u00eenseamn\u0103 doar \u00eenv\u0103\u021barea limbii &#8211; ci \u0219i deschiderea unei ferestre c\u0103tre cultura \u0219i istoria bogat\u0103 a \u021b\u0103rii.<\/p>\r\n\r\n                            <a class=\"getStartedHidden\" href=\"https:\/\/app.talkpal.ai\/ro\/signup?lng=\">\u00cencepe<\/a>\r\n        \r\n    <\/div>\r\n\r\n    <figure>\r\n    <img decoding=\"async\" width=\"768\" height=\"768\" src=\"https:\/\/talkpal.ai\/wp-content\/uploads\/2023\/06\/vietnamese-768x768.png\" class=\"languageImage no-lazy\" alt=\"Language learning for extensive cultural knowledge\" fetchpriority=\"high\" sizes=\"(max-width: 768px) 150px, 768px\" srcset=\"https:\/\/talkpal.ai\/wp-content\/uploads\/2023\/06\/vietnamese-768x768.png 768w, https:\/\/talkpal.ai\/wp-content\/uploads\/2023\/06\/vietnamese-300x300.png 300w\" \/>\r\n    \r\n\r\n    <\/figure>\r\n\r\n            <a class=\"getStartedVisible\" href=\"https:\/\/app.talkpal.ai\/ro\/signup?lng=\">\u00cencepe<\/a>\r\n    \r\n<\/section>\r\n<section class=\"promotionalBanner\">\r\n    <p class=\"promotionalText\">Cel mai eficient mod de a \u00eenv\u0103\u021ba o limb\u0103<\/p>\r\n    <a class=\"promotionalLink\" href=\"https:\/\/app.talkpal.ai\/ro\/signup?lng=\">\u00cencerca\u021bi Talkpal gratuit<\/a>\r\n<\/section>\n<div class=\"wp-block-group pageContainerStyle\"><div class=\"wp-block-group__inner-container is-layout-constrained wp-block-group-is-layout-constrained\">\n<h2 class=\"wp-block-heading\" id=\"h-the-intricacies-of-vietnamese-grammar-an-engaging-exploration\">Complexitatea gramaticii vietnameze: o explorare captivant\u0103<\/h2>\n\n\n\n<p>Limba vietnamez\u0103, cu r\u0103d\u0103cinile <a href=\"https:\/\/talkpal.ai\/locations\/learn-english-in-sale\/\">sale<\/a> istorice ad\u00e2nci \u0219i fundalul cultural unic, ofer\u0103 o aventur\u0103 atr\u0103g\u0103toare at\u00e2t pentru lingvi\u0219ti, c\u00e2t \u0219i pentru cursan\u021bii de <a href=\"https:\/\/talkpal.ai\/ro\/tutor-de-limbi-straine\/\">limbi str\u0103ine<\/a>. \u00cen timp ce <a href=\"https:\/\/talkpal.ai\/vietnamese-grammar\/\">gramatica vietnamez\u0103<\/a> ar putea ap\u0103rea ini\u021bial ca o provocare, logica sa simpl\u0103 \u0219i coeren\u021ba deschid calea pentru o experien\u021b\u0103 de \u00eenv\u0103\u021bare interesant\u0103. A\u0219adar, preg\u0103ti\u021bi-v\u0103 pentru o c\u0103l\u0103torie lingvistic\u0103 interesant\u0103 \u00een timp ce ne ad\u00e2ncim \u00een particularit\u0103\u021bile gramaticii vietnameze.<\/p>\n\n\n\n<h3 class=\"wp-block-heading\" id=\"h-1-the-alphabet-a-gift-from-the-past\">1. Alfabetul: un dar din trecut<\/h3>\n\n\n\n<p>Alfabetul <a href=\"https:\/\/talkpal.ai\/learn-vietnamese\/\">vietnamez<\/a>, format din 29 de litere, deriv\u0103 \u00een principal din alfabetul latin, cu \u00eenceputuri portugheze \u0219i franceze. Datorit\u0103 scrierii Qu\u1ed1c Ng\u1eef, trecerea la o scriere romanizat\u0103 a f\u0103cut alfabetul familiar \u0219i u\u0219or accesibil vorbitorilor altor limbi bazate pe latin\u0103. Acest lucru permite un punct de intrare neted pentru \u00eencep\u0103tori s\u0103 se concentreze asupra sunetelor unice \u0219i pronun\u021bia limbii.<\/p>\n\n\n\n<h3 class=\"wp-block-heading\" id=\"h-2-tones-vietnamese-s-musical-notation\">2. Tonuri: Nota\u021bia muzical\u0103 vietnamez\u0103<\/h3>\n\n\n\n<p>Vietnameza este o limb\u0103 tonal\u0103, cu \u0219ase tonuri distinctive care schimb\u0103 sensul unui cuv\u00e2nt prin utilizarea diferitelor semne diacritice. Dob\u00e2ndirea unei st\u0103p\u00e2niri a acestor tonuri poate fi o provocare, dar adaug\u0103 muzicalitate \u0219i nuan\u021b\u0103 limbajului, ceea ce \u00eel face \u0219i mai captivant. R\u0103bdarea \u0219i practica o vor face perfect\u0103, permi\u021b\u00e2ndu-v\u0103 s\u0103 aprecia\u021bi pe deplin frumuse\u021bea melodic\u0103 a vietnamezilor.<\/p>\n\n\n\n<h3 class=\"wp-block-heading\" id=\"h-3-word-order-unraveling-the-vietnamese-sentence-structure\">3. Ordinea cuvintelor: dezv\u0103luirea structurii propozi\u021biei vietnameze<\/h3>\n\n\n\n<p>Din fericire, ordinea cuvintelor vietnameze este destul de simpl\u0103, urm\u00e2nd formatul familiar Subiect-Verb-Obiect (SVO). Aceast\u0103 structur\u0103 accesibil\u0103 face mai u\u0219or pentru vorbitorii de <a href=\"https:\/\/talkpal.ai\/learn-english-with-ai\/\">englez\u0103<\/a> s\u0103 formeze propozi\u021bii \u00een vietnamez\u0103 f\u0103r\u0103 a experimenta o schimbare major\u0103 \u00een lingvistic\u0103. S\u0103 lu\u0103m exemplul &#8222;T\u00f4i y\u00eau Vi\u1ec7t Nam!&#8221;. (Iubesc Vietnamul!), unde ambele limbi au \u00een comun construc\u021bii paralele.<\/p>\n\n\n\n<h3 class=\"wp-block-heading\" id=\"h-4-no-more-plural-nouns-or-verb-conjugations\">4. Gata cu substantivele plurale sau conjug\u0103rile verbelor<\/h3>\n\n\n\n<p>\u00cen vietnamez\u0103, substantivele nu \u00ee\u0219i schimb\u0103 forma pentru a indica pluralitatea, iar verbele r\u0103m\u00e2n consecvente indiferent de timp sau subiect. De\u0219i acest lucru ar putea p\u0103rea confuz la \u00eenceput, simplific\u0103 semnificativ \u00eenv\u0103\u021barea regulilor gramaticale. \u00cen schimb, contextul \u0219i utilizarea cuvintelor suplimentare clarific\u0103 sensul propozi\u021biei. Deci, r\u0103sufla\u021bi u\u0219ura\u021bi \u00een timp ce v\u0103 lua\u021bi r\u0103mas bun de la dificultatea conjug\u0103rii.<\/p>\n\n\n\n<h3 class=\"wp-block-heading\" id=\"h-5-immerse-yourself-in-the-vietnamese-mindset\">5. Scufunda\u021bi-v\u0103 \u00een mentalitatea vietnamez\u0103<\/h3>\n\n\n\n<p>\u00cenv\u0103\u021barea limbii vietnameze nu \u00eenseamn\u0103 doar st\u0103p\u00e2nirea gramaticii, ci \u0219i acceptarea contextelor culturale, istorice \u0219i sociale care au modelat limba. Intra\u021bi \u00een <a href=\"https:\/\/talkpal.ai\/contact\/\">contact<\/a> cu vorbitori nativi, explora\u021bi literatura \u0219i arta vietnamez\u0103 \u0219i <a href=\"https:\/\/talkpal.ai\/ko\/ai-%ec%96%b8%ec%96%b4-%ea%b5%90%ec%82%ac\/\">\u00eencerca\u021bi<\/a> s\u0103 v\u0103 conecta\u021bi cu valorile \u0219i obiceiurile na\u021biunii. Aceast\u0103 abordare holistic\u0103 nu numai c\u0103 v\u0103 va \u00eembun\u0103t\u0103\u021bi abilit\u0103\u021bile lingvistice, ci \u0219i v\u0103 va aprofunda \u00een\u021belegerea frumuse\u021bii multilaterale a Vietnamului.<\/p>\n\n\n\n<h3 class=\"wp-block-heading\" id=\"h-in-conclusion-relish-the-charm-of-vietnamese-grammar\">\u00cen concluzie: savura\u021bi farmecul gramaticii vietnameze<\/h3>\n\n\n\n<p>De\u0219i gramatica vietnamez\u0103 ar putea p\u0103rea uimitoare la suprafa\u021b\u0103, structura sa fascinant\u0103 \u0219i simplitatea inerent\u0103 invit\u0103 cursan\u021bii s\u0103 se angajeze \u00eentr-o c\u0103l\u0103torie lingvistic\u0103 plin\u0103 de satisfac\u021bii. Pe m\u0103sur\u0103 ce p\u0103trunde\u021bi \u00een lumea vietnamez\u0103, v\u0103 ve\u021bi minuna de elegan\u021ba \u0219i frumuse\u021bea gramaticii sale \u0219i de bogata tapiserie cultural\u0103 care a modelat aceast\u0103 limb\u0103 de-a lungul secolelor. Deci, merge\u021bi mai departe \u0219i explora\u021bi minunile gramaticii vietnameze \u00een timp ce naviga\u021bi \u00een peisajul lingvistic al acestei limbi \u00eenc\u00e2nt\u0103toare.<\/p>\n<\/div><\/div>\n\r\n<section class=\"learnNavigationSection\">\r\n            \r\n        <a href=\"https:\/\/talkpal.ai\/ro\/invata-vietnameza\/\">\r\n            <div class=\"learnNavigationWrapper\">\r\n                <div class=\"learnNavigationContent\">\r\n                    <img decoding=\"async\" src=\"https:\/\/talkpal.ai\/wp-content\/uploads\/2024\/08\/Vietnamese.jpg\" alt=\"Vietnamise Flag\">\r\n                    <div>\r\n                        <h4>Despre \u00eenv\u0103\u021barea vietnamez\u0103<\/h4>\r\n                        <p>Afla\u021bi totul despre gramatica vietnamez\u0103 .<\/p>\r\n                    <\/div>\r\n                <\/div>\r\n            <\/div>\r\n        <\/a>\r\n\r\n        \r\n        <a href=\"https:\/\/talkpal.ai\/ro\/exercitii-de-gramatica-vietnameza\/\">\r\n            <div class=\"learnNavigationWrapper\">\r\n                <div class=\"learnNavigationContent\">\r\n                    <img decoding=\"async\" src=\"https:\/\/talkpal.ai\/wp-content\/uploads\/2024\/08\/Vietnamese.jpg\" alt=\"Vietnamise Flag\">\r\n                    <div>\r\n                        <h4>Exerci\u021biu de gramatic\u0103 vietnamez\u0103<\/h4>\r\n                        <p>Exersa\u021bi gramatica vietnamez\u0103.<\/p>\r\n                    <\/div>\r\n                <\/div>\r\n            <\/div>\r\n        <\/a>\r\n\r\n        \r\n        <a href=\"https:\/\/talkpal.ai\/vocabulary_language\/vietnamese\/\">\r\n            <div class=\"learnNavigationWrapper\">\r\n                <div class=\"learnNavigationContent\">\r\n                    <img decoding=\"async\" src=\"https:\/\/talkpal.ai\/wp-content\/uploads\/2024\/08\/Vietnamese.jpg\" alt=\"Vietnamise Flag\">\r\n                    <div>\r\n                        <h4>Vocabular vietnamez<\/h4>\r\n                        <p>Extinde\u021bi-v\u0103 vocabularul vietnamez.<\/p>\r\n                    <\/div>\r\n                <\/div>\r\n            <\/div>\r\n        <\/a>\r\n\r\n            <\/section>","protected":false},"excerpt":{"rendered":"<p>Complexitatea gramaticii vietnameze: o explorare captivant\u0103 Limba vietnamez\u0103, cu r\u0103d\u0103cinile sale istorice ad\u00e2nci \u0219i fundalul cultural unic, ofer\u0103 o aventur\u0103 atr\u0103g\u0103toare at\u00e2t pentru lingvi\u0219ti, c\u00e2t \u0219i pentru cursan\u021bii de limbi str\u0103ine. \u00cen timp ce gramatica vietnamez\u0103 ar putea ap\u0103rea ini\u021bial ca o provocare, logica sa simpl\u0103 \u0219i coeren\u021ba deschid calea pentru o experien\u021b\u0103 de \u00eenv\u0103\u021bare [&hellip;]<\/p>\n","protected":false},"author":1,"featured_media":120565,"parent":0,"menu_order":0,"comment_status":"closed","ping_status":"closed","template":"LearningContentPage.php","meta":{"_acf_changed":false,"footnotes":""},"class_list":["post-152585","page","type-page","status-publish","has-post-thumbnail","hentry"],"acf":[],"yoast_head":"<!-- This site is optimized with the Yoast SEO Premium plugin v27.2 (Yoast SEO v27.2) - https:\/\/yoast.com\/product\/yoast-seo-premium-wordpress\/ -->\n<title>Gramatica vietnamez\u0103 - Talkpal<\/title>\n<meta name=\"description\" content=\"Explora\u021bi aspectele fascinante ale gramaticii vietnameze \u0219i descoperi\u021bi bucuria de a \u00eenv\u0103\u021ba aceast\u0103 limb\u0103 unic\u0103.\" \/>\n<meta name=\"robots\" content=\"index, follow, max-snippet:-1, max-image-preview:large, max-video-preview:-1\" \/>\n<link rel=\"canonical\" href=\"https:\/\/talkpal.ai\/ro\/gramatica-vietnameza\/\" \/>\n<meta property=\"og:locale\" content=\"ro_RO\" \/>\n<meta property=\"og:type\" content=\"article\" \/>\n<meta property=\"og:title\" content=\"Gramatica vietnamez\u0103\" \/>\n<meta property=\"og:description\" content=\"Complexitatea gramaticii vietnameze: o explorare captivant\u0103 Limba vietnamez\u0103, cu r\u0103d\u0103cinile sale istorice ad\u00e2nci \u0219i fundalul cultural unic, ofer\u0103 o\" \/>\n<meta property=\"og:url\" content=\"https:\/\/talkpal.ai\/ro\/gramatica-vietnameza\/\" \/>\n<meta property=\"og:site_name\" content=\"Talkpal\" \/>\n<meta property=\"article:publisher\" content=\"https:\/\/www.facebook.com\/profile.php?id=100090733639311\" \/>\n<meta property=\"article:modified_time\" content=\"2025-12-12T10:55:31+00:00\" \/>\n<meta property=\"og:image\" content=\"https:\/\/talkpal.ai\/wp-content\/uploads\/2023\/05\/vietnam.png\" \/>\n\t<meta property=\"og:image:width\" content=\"512\" \/>\n\t<meta property=\"og:image:height\" content=\"512\" \/>\n\t<meta property=\"og:image:type\" content=\"image\/png\" \/>\n<meta name=\"twitter:card\" content=\"summary_large_image\" \/>\n<meta name=\"twitter:site\" content=\"@talkpalai\" \/>\n<meta name=\"twitter:label1\" content=\"Timp estimat pentru citire\" \/>\n\t<meta name=\"twitter:data1\" content=\"3 minute\" \/>\n<script type=\"application\/ld+json\" class=\"yoast-schema-graph\">{\"@context\":\"https:\/\/schema.org\",\"@graph\":[{\"@type\":\"WebPage\",\"@id\":\"https:\/\/talkpal.ai\/ro\/gramatica-vietnameza\/\",\"url\":\"https:\/\/talkpal.ai\/ro\/gramatica-vietnameza\/\",\"name\":\"Gramatica vietnamez\u0103 - Talkpal\",\"isPartOf\":{\"@id\":\"https:\/\/talkpal.ai\/ro\/#website\"},\"primaryImageOfPage\":{\"@id\":\"https:\/\/talkpal.ai\/ro\/gramatica-vietnameza\/#primaryimage\"},\"image\":{\"@id\":\"https:\/\/talkpal.ai\/ro\/gramatica-vietnameza\/#primaryimage\"},\"thumbnailUrl\":\"https:\/\/talkpal.ai\/wp-content\/uploads\/2023\/05\/vietnam.png\",\"datePublished\":\"2023-05-14T14:23:00+00:00\",\"dateModified\":\"2025-12-12T10:55:31+00:00\",\"description\":\"Explora\u021bi aspectele fascinante ale gramaticii vietnameze \u0219i descoperi\u021bi bucuria de a \u00eenv\u0103\u021ba aceast\u0103 limb\u0103 unic\u0103.\",\"breadcrumb\":{\"@id\":\"https:\/\/talkpal.ai\/ro\/gramatica-vietnameza\/#breadcrumb\"},\"inLanguage\":\"ro-RO\",\"potentialAction\":[{\"@type\":\"ReadAction\",\"target\":[\"https:\/\/talkpal.ai\/ro\/gramatica-vietnameza\/\"]}]},{\"@type\":\"ImageObject\",\"inLanguage\":\"ro-RO\",\"@id\":\"https:\/\/talkpal.ai\/ro\/gramatica-vietnameza\/#primaryimage\",\"url\":\"https:\/\/talkpal.ai\/wp-content\/uploads\/2023\/05\/vietnam.png\",\"contentUrl\":\"https:\/\/talkpal.ai\/wp-content\/uploads\/2023\/05\/vietnam.png\",\"width\":512,\"height\":512},{\"@type\":\"BreadcrumbList\",\"@id\":\"https:\/\/talkpal.ai\/ro\/gramatica-vietnameza\/#breadcrumb\",\"itemListElement\":[{\"@type\":\"ListItem\",\"position\":1,\"name\":\"Homepage\",\"item\":\"https:\/\/talkpal.ai\/ro\/\"},{\"@type\":\"ListItem\",\"position\":2,\"name\":\"Gramatica vietnamez\u0103\"}]},{\"@type\":\"WebSite\",\"@id\":\"https:\/\/talkpal.ai\/ro\/#website\",\"url\":\"https:\/\/talkpal.ai\/ro\/\",\"name\":\"Talkpal\",\"description\":\"AI Language Learning\",\"publisher\":{\"@id\":\"https:\/\/talkpal.ai\/ro\/#organization\"},\"alternateName\":\"Talkpal AI\",\"potentialAction\":[{\"@type\":\"SearchAction\",\"target\":{\"@type\":\"EntryPoint\",\"urlTemplate\":\"https:\/\/talkpal.ai\/ro\/?s={search_term_string}\"},\"query-input\":{\"@type\":\"PropertyValueSpecification\",\"valueRequired\":true,\"valueName\":\"search_term_string\"}}],\"inLanguage\":\"ro-RO\"},{\"@type\":\"Organization\",\"@id\":\"https:\/\/talkpal.ai\/ro\/#organization\",\"name\":\"Talkpal, Inc.\",\"alternateName\":\"Talkpal AI\",\"url\":\"https:\/\/talkpal.ai\/ro\/\",\"logo\":{\"@type\":\"ImageObject\",\"inLanguage\":\"ro-RO\",\"@id\":\"https:\/\/talkpal.ai\/ro\/#\/schema\/logo\/image\/\",\"url\":\"https:\/\/talkpal.ai\/wp-content\/uploads\/2024\/03\/Talkpal-Logo-Icon.png\",\"contentUrl\":\"https:\/\/talkpal.ai\/wp-content\/uploads\/2024\/03\/Talkpal-Logo-Icon.png\",\"width\":2880,\"height\":2880,\"caption\":\"Talkpal, Inc.\"},\"image\":{\"@id\":\"https:\/\/talkpal.ai\/ro\/#\/schema\/logo\/image\/\"},\"sameAs\":[\"https:\/\/www.facebook.com\/profile.php?id=100090733639311\",\"https:\/\/x.com\/talkpalai\",\"https:\/\/www.linkedin.com\/company\/talkpal\/\",\"https:\/\/www.youtube.com\/@TalkPal\/\",\"https:\/\/www.tiktok.com\/@talkpal\",\"https:\/\/www.instagram.com\/talkpal_ai\/\",\"https:\/\/www.crunchbase.com\/organization\/talkpal-9cde\",\"https:\/\/www.g2.com\/products\/talkpal-for-business\/\",\"https:\/\/www.trustpilot.com\/review\/talkpal.ai\",\"https:\/\/www.capterra.com\/p\/10006800\/TalkPal\/\"],\"description\":\"Talkpal is a language learning web and mobile education app, powered by the latest AI technologies, that provides engaging experiences to its customers in many different languages to help them improve their language skills. Users can chat about unlimited amount of topics with the app and use other modes to practice their language learning.\",\"email\":\"support@talkpal.ai\",\"legalName\":\"Talkpal, Inc.\",\"foundingDate\":\"2023-04-03\",\"duns\":\"118989042\",\"numberOfEmployees\":{\"@type\":\"QuantitativeValue\",\"minValue\":\"11\",\"maxValue\":\"50\"},\"publishingPrinciples\":\"https:\/\/talkpal.ai\/publishing-principles\/\",\"actionableFeedbackPolicy\":\"https:\/\/talkpal.ai\/actionable-feedback-policy\/\",\"correctionsPolicy\":\"https:\/\/talkpal.ai\/corrections-policy\/\",\"ethicsPolicy\":\"https:\/\/talkpal.ai\/ethics-policy\/\",\"diversityPolicy\":\"https:\/\/talkpal.ai\/diversity-policy\/\",\"diversityStaffingReport\":\"https:\/\/talkpal.ai\/diversity-policy\/\"}]}<\/script>\n<!-- \/ Yoast SEO Premium plugin. -->","yoast_head_json":{"title":"Gramatica vietnamez\u0103 - Talkpal","description":"Explora\u021bi aspectele fascinante ale gramaticii vietnameze \u0219i descoperi\u021bi bucuria de a \u00eenv\u0103\u021ba aceast\u0103 limb\u0103 unic\u0103.","robots":{"index":"index","follow":"follow","max-snippet":"max-snippet:-1","max-image-preview":"max-image-preview:large","max-video-preview":"max-video-preview:-1"},"canonical":"https:\/\/talkpal.ai\/ro\/gramatica-vietnameza\/","og_locale":"ro_RO","og_type":"article","og_title":"Gramatica vietnamez\u0103","og_description":"Complexitatea gramaticii vietnameze: o explorare captivant\u0103 Limba vietnamez\u0103, cu r\u0103d\u0103cinile sale istorice ad\u00e2nci \u0219i fundalul cultural unic, ofer\u0103 o","og_url":"https:\/\/talkpal.ai\/ro\/gramatica-vietnameza\/","og_site_name":"Talkpal","article_publisher":"https:\/\/www.facebook.com\/profile.php?id=100090733639311","article_modified_time":"2025-12-12T10:55:31+00:00","og_image":[{"width":512,"height":512,"url":"https:\/\/talkpal.ai\/wp-content\/uploads\/2023\/05\/vietnam.png","type":"image\/png"}],"twitter_card":"summary_large_image","twitter_site":"@talkpalai","twitter_misc":{"Timp estimat pentru citire":"3 minute"},"schema":{"@context":"https:\/\/schema.org","@graph":[{"@type":"WebPage","@id":"https:\/\/talkpal.ai\/ro\/gramatica-vietnameza\/","url":"https:\/\/talkpal.ai\/ro\/gramatica-vietnameza\/","name":"Gramatica vietnamez\u0103 - Talkpal","isPartOf":{"@id":"https:\/\/talkpal.ai\/ro\/#website"},"primaryImageOfPage":{"@id":"https:\/\/talkpal.ai\/ro\/gramatica-vietnameza\/#primaryimage"},"image":{"@id":"https:\/\/talkpal.ai\/ro\/gramatica-vietnameza\/#primaryimage"},"thumbnailUrl":"https:\/\/talkpal.ai\/wp-content\/uploads\/2023\/05\/vietnam.png","datePublished":"2023-05-14T14:23:00+00:00","dateModified":"2025-12-12T10:55:31+00:00","description":"Explora\u021bi aspectele fascinante ale gramaticii vietnameze \u0219i descoperi\u021bi bucuria de a \u00eenv\u0103\u021ba aceast\u0103 limb\u0103 unic\u0103.","breadcrumb":{"@id":"https:\/\/talkpal.ai\/ro\/gramatica-vietnameza\/#breadcrumb"},"inLanguage":"ro-RO","potentialAction":[{"@type":"ReadAction","target":["https:\/\/talkpal.ai\/ro\/gramatica-vietnameza\/"]}]},{"@type":"ImageObject","inLanguage":"ro-RO","@id":"https:\/\/talkpal.ai\/ro\/gramatica-vietnameza\/#primaryimage","url":"https:\/\/talkpal.ai\/wp-content\/uploads\/2023\/05\/vietnam.png","contentUrl":"https:\/\/talkpal.ai\/wp-content\/uploads\/2023\/05\/vietnam.png","width":512,"height":512},{"@type":"BreadcrumbList","@id":"https:\/\/talkpal.ai\/ro\/gramatica-vietnameza\/#breadcrumb","itemListElement":[{"@type":"ListItem","position":1,"name":"Homepage","item":"https:\/\/talkpal.ai\/ro\/"},{"@type":"ListItem","position":2,"name":"Gramatica vietnamez\u0103"}]},{"@type":"WebSite","@id":"https:\/\/talkpal.ai\/ro\/#website","url":"https:\/\/talkpal.ai\/ro\/","name":"Talkpal","description":"AI Language Learning","publisher":{"@id":"https:\/\/talkpal.ai\/ro\/#organization"},"alternateName":"Talkpal AI","potentialAction":[{"@type":"SearchAction","target":{"@type":"EntryPoint","urlTemplate":"https:\/\/talkpal.ai\/ro\/?s={search_term_string}"},"query-input":{"@type":"PropertyValueSpecification","valueRequired":true,"valueName":"search_term_string"}}],"inLanguage":"ro-RO"},{"@type":"Organization","@id":"https:\/\/talkpal.ai\/ro\/#organization","name":"Talkpal, Inc.","alternateName":"Talkpal AI","url":"https:\/\/talkpal.ai\/ro\/","logo":{"@type":"ImageObject","inLanguage":"ro-RO","@id":"https:\/\/talkpal.ai\/ro\/#\/schema\/logo\/image\/","url":"https:\/\/talkpal.ai\/wp-content\/uploads\/2024\/03\/Talkpal-Logo-Icon.png","contentUrl":"https:\/\/talkpal.ai\/wp-content\/uploads\/2024\/03\/Talkpal-Logo-Icon.png","width":2880,"height":2880,"caption":"Talkpal, Inc."},"image":{"@id":"https:\/\/talkpal.ai\/ro\/#\/schema\/logo\/image\/"},"sameAs":["https:\/\/www.facebook.com\/profile.php?id=100090733639311","https:\/\/x.com\/talkpalai","https:\/\/www.linkedin.com\/company\/talkpal\/","https:\/\/www.youtube.com\/@TalkPal\/","https:\/\/www.tiktok.com\/@talkpal","https:\/\/www.instagram.com\/talkpal_ai\/","https:\/\/www.crunchbase.com\/organization\/talkpal-9cde","https:\/\/www.g2.com\/products\/talkpal-for-business\/","https:\/\/www.trustpilot.com\/review\/talkpal.ai","https:\/\/www.capterra.com\/p\/10006800\/TalkPal\/"],"description":"Talkpal is a language learning web and mobile education app, powered by the latest AI technologies, that provides engaging experiences to its customers in many different languages to help them improve their language skills. Users can chat about unlimited amount of topics with the app and use other modes to practice their language learning.","email":"support@talkpal.ai","legalName":"Talkpal, Inc.","foundingDate":"2023-04-03","duns":"118989042","numberOfEmployees":{"@type":"QuantitativeValue","minValue":"11","maxValue":"50"},"publishingPrinciples":"https:\/\/talkpal.ai\/publishing-principles\/","actionableFeedbackPolicy":"https:\/\/talkpal.ai\/actionable-feedback-policy\/","correctionsPolicy":"https:\/\/talkpal.ai\/corrections-policy\/","ethicsPolicy":"https:\/\/talkpal.ai\/ethics-policy\/","diversityPolicy":"https:\/\/talkpal.ai\/diversity-policy\/","diversityStaffingReport":"https:\/\/talkpal.ai\/diversity-policy\/"}]}},"_links":{"self":[{"href":"https:\/\/talkpal.ai\/ro\/wp-json\/wp\/v2\/pages\/152585","targetHints":{"allow":["GET"]}}],"collection":[{"href":"https:\/\/talkpal.ai\/ro\/wp-json\/wp\/v2\/pages"}],"about":[{"href":"https:\/\/talkpal.ai\/ro\/wp-json\/wp\/v2\/types\/page"}],"author":[{"embeddable":true,"href":"https:\/\/talkpal.ai\/ro\/wp-json\/wp\/v2\/users\/1"}],"replies":[{"embeddable":true,"href":"https:\/\/talkpal.ai\/ro\/wp-json\/wp\/v2\/comments?post=152585"}],"version-history":[{"count":0,"href":"https:\/\/talkpal.ai\/ro\/wp-json\/wp\/v2\/pages\/152585\/revisions"}],"wp:featuredmedia":[{"embeddable":true,"href":"https:\/\/talkpal.ai\/ro\/wp-json\/wp\/v2\/media\/120565"}],"wp:attachment":[{"href":"https:\/\/talkpal.ai\/ro\/wp-json\/wp\/v2\/media?parent=152585"}],"curies":[{"name":"wp","href":"https:\/\/api.w.org\/{rel}","templated":true}]}}