{"id":152276,"date":"2023-05-14T14:22:39","date_gmt":"2023-05-14T14:22:39","guid":{"rendered":"http:\/\/talkpal.ai\/gramatica-urdu\/"},"modified":"2025-12-11T16:25:49","modified_gmt":"2025-12-11T16:25:49","slug":"gramatica-urdu","status":"publish","type":"page","link":"https:\/\/talkpal.ai\/ro\/gramatica-urdu\/","title":{"rendered":"Gramatica urdu"},"content":{"rendered":"\r\n\r\n\r\n<section class=\"languageChallengeSection\">\r\n    <div class=\"languageInfoWrapper\">\r\n        \r\n        <h1>Gramatica urdu<\/h1>\r\n        <p>V\u0103 intereseaz\u0103 s\u0103 \u00eenv\u0103\u021ba\u021bi <a href=\"https:\/\/talkpal.ai\/learn-urdu\/\">urdu<\/a>? P\u0103trunde\u021bi \u00een gramatica urdu, unde scrierea elegant\u0103, substantivele de gen \u0219i formele verbale expresive creeaz\u0103 o limb\u0103 deopotriv\u0103 poetic\u0103 \u0219i practic\u0103. \u00cencepe\u021bi ast\u0103zi c\u0103l\u0103toria dumneavoastr\u0103 \u00een Urdu &#8211; st\u0103p\u00e2nirea gramaticii sale v\u0103 va deschide noi c\u0103i de comunicare \u0219i v\u0103 va conecta profund cu bogatele tradi\u021bii literare \u0219i culturale ale Asiei de Sud!<\/p>\r\n\r\n                            <a class=\"getStartedHidden\" href=\"https:\/\/app.talkpal.ai\/ro\/signup?lng=\">\u00cencepe<\/a>\r\n        \r\n    <\/div>\r\n\r\n    <figure>\r\n    <img decoding=\"async\" width=\"768\" height=\"768\" src=\"https:\/\/talkpal.ai\/wp-content\/uploads\/2023\/06\/urdu-768x768.png\" class=\"languageImage no-lazy\" alt=\"Language learning for global understanding\" fetchpriority=\"high\" sizes=\"(max-width: 768px) 150px, 768px\" srcset=\"https:\/\/talkpal.ai\/wp-content\/uploads\/2023\/06\/urdu-768x768.png 768w, https:\/\/talkpal.ai\/wp-content\/uploads\/2023\/06\/urdu-300x300.png 300w\" \/>\r\n    \r\n\r\n    <\/figure>\r\n\r\n            <a class=\"getStartedVisible\" href=\"https:\/\/app.talkpal.ai\/ro\/signup?lng=\">\u00cencepe<\/a>\r\n    \r\n<\/section>\r\n<section class=\"promotionalBanner\">\r\n    <p class=\"promotionalText\">Cel mai eficient mod de a \u00eenv\u0103\u021ba o limb\u0103<\/p>\r\n    <a class=\"promotionalLink\" href=\"https:\/\/app.talkpal.ai\/ro\/signup?lng=\">\u00cencerca\u021bi Talkpal gratuit<\/a>\r\n<\/section>\n<div class=\"wp-block-group pageContainerStyle\"><div class=\"wp-block-group__inner-container is-layout-constrained wp-block-group-is-layout-constrained\">\n<h2 class=\"wp-block-heading\" id=\"h-urdu-grammar-exploring-the-beauty-and-intricacies-of-the-indo-aryan-language\">Gramatica urdu: explorarea frumuse\u021bii \u0219i complexit\u0103\u021bii limbii indo-ariene<\/h2>\n\n\n\n<p><a href=\"https:\/\/talkpal.ai\/talkpal-discount-for-language-enthusiasts\/\">Pasiona\u021bi de limbi str\u0103ine<\/a> \u0219i cursan\u021bi curio\u0219i, sunte\u021bi gata s\u0103 v\u0103 scufunda\u021bi \u00een lumea fascinant\u0103 a gramaticii urdu? Urdu, o limb\u0103 indo-arian\u0103, este limba na\u021bional\u0103 a Pakistanului \u0219i una dintre limbile oficiale ale Indiei. Cu aproximativ 70 de milioane de vorbitori \u00een \u00eentreaga lume, urdu nu este doar o limb\u0103 bogat\u0103 \u0219i expresiv\u0103, ci \u0219i o punte c\u0103tre o cultur\u0103 \u0219i o istorie vibrant\u0103. \u00cen acest articol, vom analiza aspectele unice ale gramaticii urdu \u0219i vom descoperi ce o diferen\u021biaz\u0103 de alte limbi.<\/p>\n\n\n\n<h3 class=\"wp-block-heading\" id=\"h-script-and-pronunciation-the-elegant-nastaliq\">Script \u0219i pronun\u021bie: Nastaliq elegant<\/h3>\n\n\n\n<p>Scrierea urdu se bazeaz\u0103 pe stilul persan-arab Nastaliq, care este scris \u0219i citit de la dreapta la st\u00e2nga. Cuprinz\u00e2nd 38 de litere cu semne diacritice suplimentare pentru vocale \u0219i pronun\u021bie, scrierea Nastaliq este at\u00e2t elegant\u0103, c\u00e2t \u0219i fluid\u0103. \u00cenv\u0103\u021barea alfabetului \u0219i st\u0103p\u00e2nirea pronun\u021biei sunetelor urdu va fi primul pas spre \u00een\u021belegerea gramaticii limbii.<\/p>\n\n\n\n<h3 class=\"wp-block-heading\" id=\"h-nouns-and-pronouns-exploring-gender-number-and-case\">Substantive \u0219i pronume: explorarea genului, num\u0103rului \u0219i cazului<\/h3>\n\n\n\n<p>Substantivele urdu sunt clasificate \u00een func\u021bie de gen (masculin sau feminin), num\u0103r (singular sau plural) \u0219i caz (direct sau oblic). Limba nu are articole (cum ar fi &#8222;a&#8221; sau &#8222;the&#8221;), ci se bazeaz\u0103 pe context pentru a transmite defini\u021bia. Pronumele urdu urmeaz\u0103, de asemenea, distinc\u021biile de gen, num\u0103r \u0219i caz \u0219i au diferite forme de polite\u021be \u0219i familiaritate.<\/p>\n\n\n\n<h3 class=\"wp-block-heading\" id=\"h-postpositions-and-cases-urdu-s-unique-approach-to-indicating-relationships\">Postpozi\u021bii \u0219i cazuri: Abordarea unic\u0103 a limbii urdu pentru a indica rela\u021biile<\/h3>\n\n\n\n<p>\u00cen loc de prepozi\u021bii, urdu folose\u0219te postpozi\u021bii \u2013 cuvinte care vin dup\u0103 substantivele <a href=\"https:\/\/talkpal.ai\/culture\/how-do-i-use-pe-care-correctly\/\">pe care<\/a> le guverneaz\u0103. Aceast\u0103 caracteristic\u0103 distinct\u0103 poate fi v\u0103zut\u0103 \u00een \u00eentreaga limb\u0103 \u0219i influen\u021beaz\u0103 semnificativ marcajele carcasei. Cele dou\u0103 cazuri din Urdu, direct \u0219i oblic, sunt folosite \u00een combina\u021bie cu postpozi\u021biile pentru a indica rela\u021biile dintre cuvinte.<\/p>\n\n\n\n<h3 class=\"wp-block-heading\" id=\"h-harnessing-the-power-of-verbs-tense-aspect-and-moods\">Valorificarea puterii verbelor: timp, aspect \u0219i st\u0103ri<\/h3>\n\n\n\n<p>Verbele urdu sunt fascinante prin gama lor divers\u0103 de timpuri (trecut, prezent \u0219i viitor), aspecte (perfective, imperfective \u0219i obi\u0219nuite) \u0219i st\u0103ri (indicative, imperative \u0219i conjunctive). Limba folose\u0219te, de asemenea, pe scar\u0103 larg\u0103 verbe auxiliare pentru a forma timpuri compuse, exprim\u00e2nd nuan\u021be \u00een timp \u0219i finalizarea ac\u021biunilor.<\/p>\n\n\n\n<p>Verbele sunt, de asemenea, de acord cu subiec\u021bii lor \u00een ceea ce prive\u0219te genul \u0219i num\u0103rul, ceea ce adaug\u0103 \u00een continuare straturi de complexitate \u0219i bog\u0103\u021bie gramaticii urdu.<\/p>\n\n\n\n<h3 class=\"wp-block-heading\" id=\"h-adjectives-adverbs-and-more-adding-color-to-your-language\">Adjective, adverbe \u0219i altele: ad\u0103ugarea de culoare limbii dvs.<\/h3>\n\n\n\n<p>Adjectivele urdu urmeaz\u0103 de obicei substantivele pe care le modific\u0103 \u0219i sunt de acord cu ele \u00een ceea ce prive\u0219te genul \u0219i num\u0103rul. Adjectivele pot fi intensificate folosind compara\u021bii \u0219i superlative, ad\u0103ug\u00e2nd profunzime descrierilor. Adverbele urdu, derivate din adjective sau existente independent, joac\u0103, de asemenea, un rol vital \u00een limb\u0103, oferind informa\u021bii despre timp, mod, loc \u0219i grad.<\/p>\n\n\n\n<p>Gramatica urdu se m\u00e2ndre\u0219te cu o multitudine de conjunc\u021bii, interjec\u021bii, particule \u0219i multe altele, ajut\u00e2ndu-v\u0103 s\u0103 construi\u021bi propozi\u021bii bogate, semnificative \u0219i expresive.<\/p>\n\n\n\n<h3 class=\"wp-block-heading\" id=\"h-embracing-the-world-of-urdu-grammar\">\u00cembr\u0103\u021bi\u0219\u00e2nd lumea gramaticii urdu<\/h3>\n\n\n\n<p>Gramatica urdu poate p\u0103rea complex\u0103 la \u00eenceput, dar, pe m\u0103sur\u0103 ce v\u0103 cufunda\u021bi \u00een complexitatea ei, ve\u021bi descoperi c\u0103 aceast\u0103 limb\u0103 debordeaz\u0103 de frumuse\u021be \u0219i expresivitate. \u00cenv\u0103\u021barea urdu nu numai c\u0103 v\u0103 va \u00eembun\u0103t\u0103\u021bi \u00een\u021belegerea familiei de limbi indo-ariene, ci v\u0103 va ajuta s\u0103 v\u0103 conecta\u021bi cu o cultur\u0103, literatur\u0103 \u0219i istorie \u00eenc\u00e2nt\u0103toare.<\/p>\n\n\n\n<p>Deci, de ce s\u0103 nu v\u0103 \u00eembarca\u021bi \u00een c\u0103l\u0103toria interesant\u0103 de \u00eenv\u0103\u021bare a gramaticii urdu? Cu d\u0103ruire \u0219i curiozitate, s-ar putea s\u0103 v\u0103 afla\u021bi \u00een cur\u00e2nd convers\u00e2nd cu vorbitori nativi, schimb\u00e2nd idei \u0219i pove\u0219ti \u00een aceast\u0103 limb\u0103 puternic\u0103. Spor la invatat!<\/p>\n<\/div><\/div>\n\r\n<section class=\"learnNavigationSection\">\r\n            \r\n        <a href=\"https:\/\/talkpal.ai\/ro\/invata-urdu\/\">\r\n            <div class=\"learnNavigationWrapper\">\r\n                <div class=\"learnNavigationContent\">\r\n                    <img decoding=\"async\" src=\"https:\/\/talkpal.ai\/wp-content\/uploads\/2024\/08\/Urdu.jpg\" alt=\"Pakistani Flag\">\r\n                    <div>\r\n                        <h4>Despre Urdu Learning<\/h4>\r\n                        <p>Afla\u021bi totul despre gramatica urdu .<\/p>\r\n                    <\/div>\r\n                <\/div>\r\n            <\/div>\r\n        <\/a>\r\n\r\n        \r\n        <a href=\"https:\/\/talkpal.ai\/ro\/exercitii-de-gramatica-urdu\/\">\r\n            <div class=\"learnNavigationWrapper\">\r\n                <div class=\"learnNavigationContent\">\r\n                    <img decoding=\"async\" src=\"https:\/\/talkpal.ai\/wp-content\/uploads\/2024\/08\/Urdu.jpg\" alt=\"Pakistani Flag\">\r\n                    <div>\r\n                        <h4>Exerci\u021biu de gramatic\u0103 Urdu<\/h4>\r\n                        <p>Exersa\u021bi gramatica urdu.<\/p>\r\n                    <\/div>\r\n                <\/div>\r\n            <\/div>\r\n        <\/a>\r\n\r\n        \r\n        <a href=\"https:\/\/talkpal.ai\/vocabulary_language\/urdu\/\">\r\n            <div class=\"learnNavigationWrapper\">\r\n                <div class=\"learnNavigationContent\">\r\n                    <img decoding=\"async\" src=\"https:\/\/talkpal.ai\/wp-content\/uploads\/2024\/08\/Urdu.jpg\" alt=\"Pakistani Flag\">\r\n                    <div>\r\n                        <h4>Vocabularul urdu<\/h4>\r\n                        <p>Extinde\u021bi-v\u0103 vocabularul \u00een urdu.<\/p>\r\n                    <\/div>\r\n                <\/div>\r\n            <\/div>\r\n        <\/a>\r\n\r\n            <\/section>","protected":false},"excerpt":{"rendered":"<p>Gramatica urdu: explorarea frumuse\u021bii \u0219i complexit\u0103\u021bii limbii indo-ariene Pasiona\u021bi de limbi str\u0103ine \u0219i cursan\u021bi curio\u0219i, sunte\u021bi gata s\u0103 v\u0103 scufunda\u021bi \u00een lumea fascinant\u0103 a gramaticii urdu? Urdu, o limb\u0103 indo-arian\u0103, este limba na\u021bional\u0103 a Pakistanului \u0219i una dintre limbile oficiale ale Indiei. Cu aproximativ 70 de milioane de vorbitori \u00een \u00eentreaga lume, urdu nu este [&hellip;]<\/p>\n","protected":false},"author":1,"featured_media":121334,"parent":0,"menu_order":0,"comment_status":"closed","ping_status":"closed","template":"LearningContentPage.php","meta":{"_acf_changed":false,"footnotes":""},"class_list":["post-152276","page","type-page","status-publish","has-post-thumbnail","hentry"],"acf":[],"yoast_head":"<!-- This site is optimized with the Yoast SEO Premium plugin v27.2 (Yoast SEO v27.2) - https:\/\/yoast.com\/product\/yoast-seo-premium-wordpress\/ -->\n<title>Gramatica urdu - Talkpal<\/title>\n<meta name=\"description\" content=\"Descoperi\u021bi frumuse\u021bea gramaticii urdu. Explora\u021bi aspectele sale unice, scenariul \u0219i modul \u00een care se leag\u0103 de cultur\u0103 \u0219i istorie.\" \/>\n<meta name=\"robots\" content=\"index, follow, max-snippet:-1, max-image-preview:large, max-video-preview:-1\" \/>\n<link rel=\"canonical\" href=\"https:\/\/talkpal.ai\/ro\/gramatica-urdu\/\" \/>\n<meta property=\"og:locale\" content=\"ro_RO\" \/>\n<meta property=\"og:type\" content=\"article\" \/>\n<meta property=\"og:title\" content=\"Gramatica urdu\" \/>\n<meta property=\"og:description\" content=\"Gramatica urdu: explorarea frumuse\u021bii \u0219i complexit\u0103\u021bii limbii indo-ariene Pasiona\u021bi de limbi str\u0103ine \u0219i cursan\u021bi curio\u0219i, sunte\u021bi gata s\u0103 v\u0103 scufunda\u021bi \u00een\" \/>\n<meta property=\"og:url\" content=\"https:\/\/talkpal.ai\/ro\/gramatica-urdu\/\" \/>\n<meta property=\"og:site_name\" content=\"Talkpal\" \/>\n<meta property=\"article:publisher\" content=\"https:\/\/www.facebook.com\/profile.php?id=100090733639311\" \/>\n<meta property=\"article:modified_time\" content=\"2025-12-11T16:25:49+00:00\" \/>\n<meta property=\"og:image\" content=\"https:\/\/talkpal.ai\/wp-content\/uploads\/2023\/05\/Urdu-pakistan.png\" \/>\n\t<meta property=\"og:image:width\" content=\"512\" \/>\n\t<meta property=\"og:image:height\" content=\"512\" \/>\n\t<meta property=\"og:image:type\" content=\"image\/png\" \/>\n<meta name=\"twitter:card\" content=\"summary_large_image\" \/>\n<meta name=\"twitter:site\" content=\"@talkpalai\" \/>\n<meta name=\"twitter:label1\" content=\"Timp estimat pentru citire\" \/>\n\t<meta name=\"twitter:data1\" content=\"3 minute\" \/>\n<script type=\"application\/ld+json\" class=\"yoast-schema-graph\">{\"@context\":\"https:\/\/schema.org\",\"@graph\":[{\"@type\":\"WebPage\",\"@id\":\"https:\/\/talkpal.ai\/ro\/gramatica-urdu\/\",\"url\":\"https:\/\/talkpal.ai\/ro\/gramatica-urdu\/\",\"name\":\"Gramatica urdu - Talkpal\",\"isPartOf\":{\"@id\":\"https:\/\/talkpal.ai\/ro\/#website\"},\"primaryImageOfPage\":{\"@id\":\"https:\/\/talkpal.ai\/ro\/gramatica-urdu\/#primaryimage\"},\"image\":{\"@id\":\"https:\/\/talkpal.ai\/ro\/gramatica-urdu\/#primaryimage\"},\"thumbnailUrl\":\"https:\/\/talkpal.ai\/wp-content\/uploads\/2023\/05\/Urdu-pakistan.png\",\"datePublished\":\"2023-05-14T14:22:39+00:00\",\"dateModified\":\"2025-12-11T16:25:49+00:00\",\"description\":\"Descoperi\u021bi frumuse\u021bea gramaticii urdu. Explora\u021bi aspectele sale unice, scenariul \u0219i modul \u00een care se leag\u0103 de cultur\u0103 \u0219i istorie.\",\"breadcrumb\":{\"@id\":\"https:\/\/talkpal.ai\/ro\/gramatica-urdu\/#breadcrumb\"},\"inLanguage\":\"ro-RO\",\"potentialAction\":[{\"@type\":\"ReadAction\",\"target\":[\"https:\/\/talkpal.ai\/ro\/gramatica-urdu\/\"]}]},{\"@type\":\"ImageObject\",\"inLanguage\":\"ro-RO\",\"@id\":\"https:\/\/talkpal.ai\/ro\/gramatica-urdu\/#primaryimage\",\"url\":\"https:\/\/talkpal.ai\/wp-content\/uploads\/2023\/05\/Urdu-pakistan.png\",\"contentUrl\":\"https:\/\/talkpal.ai\/wp-content\/uploads\/2023\/05\/Urdu-pakistan.png\",\"width\":512,\"height\":512},{\"@type\":\"BreadcrumbList\",\"@id\":\"https:\/\/talkpal.ai\/ro\/gramatica-urdu\/#breadcrumb\",\"itemListElement\":[{\"@type\":\"ListItem\",\"position\":1,\"name\":\"Homepage\",\"item\":\"https:\/\/talkpal.ai\/ro\/\"},{\"@type\":\"ListItem\",\"position\":2,\"name\":\"Gramatica urdu\"}]},{\"@type\":\"WebSite\",\"@id\":\"https:\/\/talkpal.ai\/ro\/#website\",\"url\":\"https:\/\/talkpal.ai\/ro\/\",\"name\":\"Talkpal\",\"description\":\"AI Language Learning\",\"publisher\":{\"@id\":\"https:\/\/talkpal.ai\/ro\/#organization\"},\"alternateName\":\"Talkpal AI\",\"potentialAction\":[{\"@type\":\"SearchAction\",\"target\":{\"@type\":\"EntryPoint\",\"urlTemplate\":\"https:\/\/talkpal.ai\/ro\/?s={search_term_string}\"},\"query-input\":{\"@type\":\"PropertyValueSpecification\",\"valueRequired\":true,\"valueName\":\"search_term_string\"}}],\"inLanguage\":\"ro-RO\"},{\"@type\":\"Organization\",\"@id\":\"https:\/\/talkpal.ai\/ro\/#organization\",\"name\":\"Talkpal, Inc.\",\"alternateName\":\"Talkpal AI\",\"url\":\"https:\/\/talkpal.ai\/ro\/\",\"logo\":{\"@type\":\"ImageObject\",\"inLanguage\":\"ro-RO\",\"@id\":\"https:\/\/talkpal.ai\/ro\/#\/schema\/logo\/image\/\",\"url\":\"https:\/\/talkpal.ai\/wp-content\/uploads\/2024\/03\/Talkpal-Logo-Icon.png\",\"contentUrl\":\"https:\/\/talkpal.ai\/wp-content\/uploads\/2024\/03\/Talkpal-Logo-Icon.png\",\"width\":2880,\"height\":2880,\"caption\":\"Talkpal, Inc.\"},\"image\":{\"@id\":\"https:\/\/talkpal.ai\/ro\/#\/schema\/logo\/image\/\"},\"sameAs\":[\"https:\/\/www.facebook.com\/profile.php?id=100090733639311\",\"https:\/\/x.com\/talkpalai\",\"https:\/\/www.linkedin.com\/company\/talkpal\/\",\"https:\/\/www.youtube.com\/@TalkPal\/\",\"https:\/\/www.tiktok.com\/@talkpal\",\"https:\/\/www.instagram.com\/talkpal_ai\/\",\"https:\/\/www.crunchbase.com\/organization\/talkpal-9cde\",\"https:\/\/www.g2.com\/products\/talkpal-for-business\/\",\"https:\/\/www.trustpilot.com\/review\/talkpal.ai\",\"https:\/\/www.capterra.com\/p\/10006800\/TalkPal\/\"],\"description\":\"Talkpal is a language learning web and mobile education app, powered by the latest AI technologies, that provides engaging experiences to its customers in many different languages to help them improve their language skills. Users can chat about unlimited amount of topics with the app and use other modes to practice their language learning.\",\"email\":\"support@talkpal.ai\",\"legalName\":\"Talkpal, Inc.\",\"foundingDate\":\"2023-04-03\",\"duns\":\"118989042\",\"numberOfEmployees\":{\"@type\":\"QuantitativeValue\",\"minValue\":\"11\",\"maxValue\":\"50\"},\"publishingPrinciples\":\"https:\/\/talkpal.ai\/publishing-principles\/\",\"actionableFeedbackPolicy\":\"https:\/\/talkpal.ai\/actionable-feedback-policy\/\",\"correctionsPolicy\":\"https:\/\/talkpal.ai\/corrections-policy\/\",\"ethicsPolicy\":\"https:\/\/talkpal.ai\/ethics-policy\/\",\"diversityPolicy\":\"https:\/\/talkpal.ai\/diversity-policy\/\",\"diversityStaffingReport\":\"https:\/\/talkpal.ai\/diversity-policy\/\"}]}<\/script>\n<!-- \/ Yoast SEO Premium plugin. -->","yoast_head_json":{"title":"Gramatica urdu - Talkpal","description":"Descoperi\u021bi frumuse\u021bea gramaticii urdu. Explora\u021bi aspectele sale unice, scenariul \u0219i modul \u00een care se leag\u0103 de cultur\u0103 \u0219i istorie.","robots":{"index":"index","follow":"follow","max-snippet":"max-snippet:-1","max-image-preview":"max-image-preview:large","max-video-preview":"max-video-preview:-1"},"canonical":"https:\/\/talkpal.ai\/ro\/gramatica-urdu\/","og_locale":"ro_RO","og_type":"article","og_title":"Gramatica urdu","og_description":"Gramatica urdu: explorarea frumuse\u021bii \u0219i complexit\u0103\u021bii limbii indo-ariene Pasiona\u021bi de limbi str\u0103ine \u0219i cursan\u021bi curio\u0219i, sunte\u021bi gata s\u0103 v\u0103 scufunda\u021bi \u00een","og_url":"https:\/\/talkpal.ai\/ro\/gramatica-urdu\/","og_site_name":"Talkpal","article_publisher":"https:\/\/www.facebook.com\/profile.php?id=100090733639311","article_modified_time":"2025-12-11T16:25:49+00:00","og_image":[{"width":512,"height":512,"url":"https:\/\/talkpal.ai\/wp-content\/uploads\/2023\/05\/Urdu-pakistan.png","type":"image\/png"}],"twitter_card":"summary_large_image","twitter_site":"@talkpalai","twitter_misc":{"Timp estimat pentru citire":"3 minute"},"schema":{"@context":"https:\/\/schema.org","@graph":[{"@type":"WebPage","@id":"https:\/\/talkpal.ai\/ro\/gramatica-urdu\/","url":"https:\/\/talkpal.ai\/ro\/gramatica-urdu\/","name":"Gramatica urdu - Talkpal","isPartOf":{"@id":"https:\/\/talkpal.ai\/ro\/#website"},"primaryImageOfPage":{"@id":"https:\/\/talkpal.ai\/ro\/gramatica-urdu\/#primaryimage"},"image":{"@id":"https:\/\/talkpal.ai\/ro\/gramatica-urdu\/#primaryimage"},"thumbnailUrl":"https:\/\/talkpal.ai\/wp-content\/uploads\/2023\/05\/Urdu-pakistan.png","datePublished":"2023-05-14T14:22:39+00:00","dateModified":"2025-12-11T16:25:49+00:00","description":"Descoperi\u021bi frumuse\u021bea gramaticii urdu. Explora\u021bi aspectele sale unice, scenariul \u0219i modul \u00een care se leag\u0103 de cultur\u0103 \u0219i istorie.","breadcrumb":{"@id":"https:\/\/talkpal.ai\/ro\/gramatica-urdu\/#breadcrumb"},"inLanguage":"ro-RO","potentialAction":[{"@type":"ReadAction","target":["https:\/\/talkpal.ai\/ro\/gramatica-urdu\/"]}]},{"@type":"ImageObject","inLanguage":"ro-RO","@id":"https:\/\/talkpal.ai\/ro\/gramatica-urdu\/#primaryimage","url":"https:\/\/talkpal.ai\/wp-content\/uploads\/2023\/05\/Urdu-pakistan.png","contentUrl":"https:\/\/talkpal.ai\/wp-content\/uploads\/2023\/05\/Urdu-pakistan.png","width":512,"height":512},{"@type":"BreadcrumbList","@id":"https:\/\/talkpal.ai\/ro\/gramatica-urdu\/#breadcrumb","itemListElement":[{"@type":"ListItem","position":1,"name":"Homepage","item":"https:\/\/talkpal.ai\/ro\/"},{"@type":"ListItem","position":2,"name":"Gramatica urdu"}]},{"@type":"WebSite","@id":"https:\/\/talkpal.ai\/ro\/#website","url":"https:\/\/talkpal.ai\/ro\/","name":"Talkpal","description":"AI Language Learning","publisher":{"@id":"https:\/\/talkpal.ai\/ro\/#organization"},"alternateName":"Talkpal AI","potentialAction":[{"@type":"SearchAction","target":{"@type":"EntryPoint","urlTemplate":"https:\/\/talkpal.ai\/ro\/?s={search_term_string}"},"query-input":{"@type":"PropertyValueSpecification","valueRequired":true,"valueName":"search_term_string"}}],"inLanguage":"ro-RO"},{"@type":"Organization","@id":"https:\/\/talkpal.ai\/ro\/#organization","name":"Talkpal, Inc.","alternateName":"Talkpal AI","url":"https:\/\/talkpal.ai\/ro\/","logo":{"@type":"ImageObject","inLanguage":"ro-RO","@id":"https:\/\/talkpal.ai\/ro\/#\/schema\/logo\/image\/","url":"https:\/\/talkpal.ai\/wp-content\/uploads\/2024\/03\/Talkpal-Logo-Icon.png","contentUrl":"https:\/\/talkpal.ai\/wp-content\/uploads\/2024\/03\/Talkpal-Logo-Icon.png","width":2880,"height":2880,"caption":"Talkpal, Inc."},"image":{"@id":"https:\/\/talkpal.ai\/ro\/#\/schema\/logo\/image\/"},"sameAs":["https:\/\/www.facebook.com\/profile.php?id=100090733639311","https:\/\/x.com\/talkpalai","https:\/\/www.linkedin.com\/company\/talkpal\/","https:\/\/www.youtube.com\/@TalkPal\/","https:\/\/www.tiktok.com\/@talkpal","https:\/\/www.instagram.com\/talkpal_ai\/","https:\/\/www.crunchbase.com\/organization\/talkpal-9cde","https:\/\/www.g2.com\/products\/talkpal-for-business\/","https:\/\/www.trustpilot.com\/review\/talkpal.ai","https:\/\/www.capterra.com\/p\/10006800\/TalkPal\/"],"description":"Talkpal is a language learning web and mobile education app, powered by the latest AI technologies, that provides engaging experiences to its customers in many different languages to help them improve their language skills. Users can chat about unlimited amount of topics with the app and use other modes to practice their language learning.","email":"support@talkpal.ai","legalName":"Talkpal, Inc.","foundingDate":"2023-04-03","duns":"118989042","numberOfEmployees":{"@type":"QuantitativeValue","minValue":"11","maxValue":"50"},"publishingPrinciples":"https:\/\/talkpal.ai\/publishing-principles\/","actionableFeedbackPolicy":"https:\/\/talkpal.ai\/actionable-feedback-policy\/","correctionsPolicy":"https:\/\/talkpal.ai\/corrections-policy\/","ethicsPolicy":"https:\/\/talkpal.ai\/ethics-policy\/","diversityPolicy":"https:\/\/talkpal.ai\/diversity-policy\/","diversityStaffingReport":"https:\/\/talkpal.ai\/diversity-policy\/"}]}},"_links":{"self":[{"href":"https:\/\/talkpal.ai\/ro\/wp-json\/wp\/v2\/pages\/152276","targetHints":{"allow":["GET"]}}],"collection":[{"href":"https:\/\/talkpal.ai\/ro\/wp-json\/wp\/v2\/pages"}],"about":[{"href":"https:\/\/talkpal.ai\/ro\/wp-json\/wp\/v2\/types\/page"}],"author":[{"embeddable":true,"href":"https:\/\/talkpal.ai\/ro\/wp-json\/wp\/v2\/users\/1"}],"replies":[{"embeddable":true,"href":"https:\/\/talkpal.ai\/ro\/wp-json\/wp\/v2\/comments?post=152276"}],"version-history":[{"count":0,"href":"https:\/\/talkpal.ai\/ro\/wp-json\/wp\/v2\/pages\/152276\/revisions"}],"wp:featuredmedia":[{"embeddable":true,"href":"https:\/\/talkpal.ai\/ro\/wp-json\/wp\/v2\/media\/121334"}],"wp:attachment":[{"href":"https:\/\/talkpal.ai\/ro\/wp-json\/wp\/v2\/media?parent=152276"}],"curies":[{"name":"wp","href":"https:\/\/api.w.org\/{rel}","templated":true}]}}