{"id":151877,"date":"2023-05-14T14:22:16","date_gmt":"2023-05-14T14:22:16","guid":{"rendered":"http:\/\/talkpal.ai\/gramatica-tamila\/"},"modified":"2025-12-12T11:01:34","modified_gmt":"2025-12-12T11:01:34","slug":"gramatica-tamila","status":"publish","type":"page","link":"https:\/\/talkpal.ai\/ro\/gramatica-tamila\/","title":{"rendered":"Gramatica tamil\u0103"},"content":{"rendered":"\r\n\r\n\r\n<section class=\"languageChallengeSection\">\r\n    <div class=\"languageInfoWrapper\">\r\n        \r\n        <h1>Gramatica tamil\u0103<\/h1>\r\n        <p>Duce\u021bi-v\u0103 abilit\u0103\u021bile <a href=\"https:\/\/talkpal.ai\/learn-tamil\/\">Tamil<\/a> la nivelul urm\u0103tor prin st\u0103p\u00e2nirea no\u021biunilor gramaticale de baz\u0103 \u0219i a conceptelor avansate. Explora\u021bi explica\u021bii clare, exemple practice \u0219i exerci\u021bii interactive concepute pentru a v\u0103 consolida \u00eencrederea. \u00cencepe\u021bi ast\u0103zi s\u0103 \u00eenv\u0103\u021ba\u021bi despre structura propozi\u021biilor, conjugarea verbelor \u0219i regulile esen\u021biale. \u00cencepe\u021bi s\u0103 vorbi\u021bi \u0219i s\u0103 scrie\u021bi tamil cu acurate\u021be \u0219i u\u0219urin\u021b\u0103!<\/p>\r\n\r\n                            <a class=\"getStartedHidden\" href=\"https:\/\/app.talkpal.ai\/ro\/signup?lng=\">\u00cencepe<\/a>\r\n        \r\n    <\/div>\r\n\r\n    <figure>\r\n    <img decoding=\"async\" width=\"768\" height=\"768\" src=\"https:\/\/talkpal.ai\/wp-content\/uploads\/2023\/06\/tamil-768x768.png\" class=\"languageImage no-lazy\" alt=\"Language learning for enhanced creativity\" fetchpriority=\"high\" sizes=\"(max-width: 768px) 150px, 768px\" srcset=\"https:\/\/talkpal.ai\/wp-content\/uploads\/2023\/06\/tamil-768x768.png 768w, https:\/\/talkpal.ai\/wp-content\/uploads\/2023\/06\/tamil-300x300.png 300w\" \/>\r\n    \r\n\r\n    <\/figure>\r\n\r\n            <a class=\"getStartedVisible\" href=\"https:\/\/app.talkpal.ai\/ro\/signup?lng=\">\u00cencepe<\/a>\r\n    \r\n<\/section>\r\n<section class=\"promotionalBanner\">\r\n    <p class=\"promotionalText\">Cel mai eficient mod de a \u00eenv\u0103\u021ba o limb\u0103<\/p>\r\n    <a class=\"promotionalLink\" href=\"https:\/\/app.talkpal.ai\/ro\/signup?lng=\">\u00cencerca\u021bi Talkpal gratuit<\/a>\r\n<\/section>\n<div class=\"wp-block-group pageContainerStyle\"><div class=\"wp-block-group__inner-container is-layout-constrained wp-block-group-is-layout-constrained\">\n<h2 class=\"wp-block-heading\" id=\"h-tamil-grammar-understanding-the-richness-of-the-tamil-language\">Gramatica tamil\u0103: \u00een\u021belegerea bog\u0103\u021biei limbii tamile<\/h2>\n\n\n\n<p>Atunci c\u00e2nd \u00eencepe\u021bi s\u0103 \u00eenv\u0103\u021ba\u021bi limba <a href=\"https:\/\/talkpal.ai\/learn-tamil\/\">tamil\u0103<\/a> &#8211; una dintre cele mai vechi limbi vii din lume &#8211; este esen\u021bial s\u0103 deslu\u0219i\u021bi complexitatea \u0219i bog\u0103\u021bia gramaticii <a href=\"https:\/\/talkpal.ai\/locations\/learn-english-in-sale\/\">sale<\/a>. Tamila, care se m\u00e2ndre\u0219te cu o tradi\u021bie scris\u0103 de peste 2.000 de ani, r\u0103m\u00e2ne limba principal\u0103 a 70 de milioane de vorbitori din \u00eentreaga lume. Pentru a v\u0103 ajuta s\u0103 \u00eencepe\u021bi, acest articol prezint\u0103 c\u00e2teva aspecte cheie ale gramaticii tamile cu o abordare conversa\u021bional\u0103 \u0219i informal\u0103.<\/p>\n\n\n\n<h3 class=\"wp-block-heading\" id=\"h-1-nouns-classifications-and-cases\">1. Substantive \u2013 Clasific\u0103ri \u0219i cazuri<\/h3>\n\n\n\n<p>Un aspect semnificativ al gramaticii tamile sunt substantivele sale, care sunt clasificate \u00een func\u021bie de gen (masculin, feminin \u0219i neutru), num\u0103r (singular \u0219i plural) \u0219i caz (nominativ, acuzativ, dativ, genitiv, locativ, instrumental, comitativ, abessiv \u0219i vocativ). De\u0219i acest lucru poate p\u0103rea cople\u0219itor, este esen\u021bial pentru a \u00een\u021belege rela\u021biile dintre cuvinte \u00een cadrul propozi\u021biilor \u0219i pentru a descifra logica inerent\u0103 a limbii Tamil.<\/p>\n\n\n\n<p>De exemplu, cuv\u00e2ntul &#8222;carte&#8221; \u00een limba tamil\u0103 este &#8222;\u0baa\u0bc1\u0ba4\u0bcd\u0ba4\u0b95\u0bae\u0bcd&#8221; (puththakam). Pentru a spune &#8222;am citit cartea&#8221;, a\u021bi folosi cazul acuzativ, care implic\u0103 faptul c\u0103 cartea este obiectul ac\u021biunii: &#8222;\u0ba8\u0bbe\u0ba9\u0bcd \u0baa\u0bc1\u0ba4\u0bcd\u0ba4\u0b95\u0ba4\u0bcd\u0ba4\u0bc8 \u0bb5\u0bbe\u0b9a\u0bbf\u0b95\u0bcd\u0b95\u0bbf\u0ba9\u0bcd\u0bb1\u0bc7\u0ba9\u0bcd&#8221; (Naan puththakaththai vaasikkiren).<\/p>\n\n\n\n<h3 class=\"wp-block-heading\" id=\"h-2-adjectives-and-pronouns-consistent-harmony\">2. Adjective \u0219i pronume \u2013 armonie consistent\u0103<\/h3>\n\n\n\n<p>\u00cen tamil\u0103, adjectivele (\u0baa\u0ba3\u0bcd\u0baa\u0bc1\u0b9f\u0bc8\u0bae\u0bc8) \u0219i pronumele (\u0ba4\u0ba9\u0bbf\u0baa\u0bcd\u0baa\u0bca\u0bb0\u0bc1\u0bb3\u0bcd) urmeaz\u0103 o regul\u0103 crucial\u0103: trebuie s\u0103 fie de acord \u00een gen \u0219i num\u0103r cu substantivele <a href=\"https:\/\/talkpal.ai\/culture\/how-do-i-use-pe-care-correctly\/\">pe care<\/a> le modific\u0103. Aceast\u0103 consecven\u021b\u0103 promoveaz\u0103 armonia lingvistic\u0103 \u0219i spore\u0219te claritatea exprim\u0103rii.<\/p>\n\n\n\n<h3 class=\"wp-block-heading\" id=\"h-3-verbs-conjugation-and-tenses\">3. Verbe \u2013 conjugare \u0219i timpuri<\/h3>\n\n\n\n<p>Verbele tamile joac\u0103 un rol crucial \u00een modelarea propozi\u021biilor. Verbele sunt supuse conjug\u0103rii bazate pe persoan\u0103, num\u0103r, timp, voce \u0219i dispozi\u021bie. Tamil are trei timpuri principale (trecut, prezent \u0219i viitor) \u0219i trei st\u0103ri (indicativ, <a href=\"https:\/\/talkpal.ai\/ja\/grammar_exercises\/imperatif-%e3%83%95%e3%83%a9%e3%83%b3%e3%82%b9%e3%81%ae%e6%96%87%e6%b3%95%e3%81%ae%e3%81%9f%e3%82%81%e3%81%ae%e6%bc%94%e7%bf%92\/\">imperativ<\/a> \u0219i conjunctiv). Conjugarea poate p\u0103rea descurajant\u0103 la \u00eenceput, dar st\u0103p\u00e2nirea ei v\u0103 va ajuta s\u0103 exprima\u021bi o multitudine de emo\u021bii, ac\u021biuni \u0219i nuan\u021be.<\/p>\n\n\n\n<h3 class=\"wp-block-heading\" id=\"h-4-sentence-structure-word-order-and-agreement\">4. Structura propozi\u021biei &#8211; ordinea cuvintelor \u0219i acordul<\/h3>\n\n\n\n<p>Tamil urmeaz\u0103 o ordine de cuvinte subiect-obiect-verb (SOV), f\u0103c\u00e2ndu-l diferit de <a href=\"https:\/\/talkpal.ai\/learn-english-with-ai\/\">englez\u0103<\/a>, care urmeaz\u0103 o structur\u0103 subiect-verb-obiect (SVO). \u00cen plus, <a href=\"https:\/\/talkpal.ai\/tamil-grammar\/\">gramatica tamil\u0103<\/a> subliniaz\u0103 acordul cuvintelor, asigur\u00e2nd coeren\u021ba \u00eentre substantive, adjective \u0219i pronume.<\/p>\n\n\n\n<p>De exemplu, \u00een limba tamil\u0103, propozi\u021bia &#8222;Ea m\u0103n\u00e2nc\u0103 un m\u0103r&#8221; se scrie &#8222;\u0b85\u0bb5\u0bb3\u0bcd \u0b92\u0bb0\u0bc1 \u0b86\u0baa\u0bcd\u0baa\u0bbf\u0bb3\u0bcd \u0b9a\u0bbe\u0baa\u0bcd\u0baa\u0bbf\u0b9f\u0bc1\u0b95\u0bbf\u0bb1\u0bbe\u0bb3\u0bcd&#8221; (Ava\u1e37 oru \u0101ppi\u1e37 s\u0101ppi\u1e6dugi\u1e5f\u0101\u1e37), unde substantivul \u0219i verbul se potrivesc \u00een gen \u0219i num\u0103r.<\/p>\n\n\n\n<h3 class=\"wp-block-heading\" id=\"h-5-embrace-the-journey\">5. \u00cembr\u0103\u021bi\u0219eaz\u0103 c\u0103l\u0103toria<\/h3>\n\n\n\n<p>\u00cenv\u0103\u021barea gramaticii tamile poate fi o provocare, dar ofer\u0103 o poart\u0103 c\u0103tre o tradi\u021bie literar\u0103 vibrant\u0103 \u0219i un bogat patrimoniu cultural. Nu uita\u021bi c\u0103 este esen\u021bial s\u0103 face\u021bi c\u00e2te un pas pe r\u00e2nd \u0219i s\u0103 aprecia\u021bi complexitatea care face ca limba tamil\u0103 s\u0103 fie at\u00e2t de special\u0103.<\/p>\n\n\n\n<p>Pe m\u0103sur\u0103 ce explora\u021bi complexitatea gramaticii tamilei, asigura\u021bi-v\u0103 c\u0103 exersa\u021bi \u00een mod regulat, c\u0103 v\u0103 implica\u021bi cu vorbitori nativi \u0219i c\u0103 ave\u021bi r\u0103bdare cu dumneavoastr\u0103. Cu dedicare, ve\u021bi descoperi frumuse\u021bea \u0219i bog\u0103\u021bia acestei limbi str\u0103vechi. \u0b87\u0ba9\u0bbf\u0baf \u0b95\u0bb1\u0bcd\u0bb1\u0bb2\u0bcd &#8211; Iniy ka\u1e5f\u1e5fal (happy learning)!<\/p>\n<\/div><\/div>\n\r\n<section class=\"learnNavigationSection\">\r\n            \r\n        <a href=\"https:\/\/talkpal.ai\/ro\/invata-limba-tamila\/\">\r\n            <div class=\"learnNavigationWrapper\">\r\n                <div class=\"learnNavigationContent\">\r\n                    <img decoding=\"async\" src=\"https:\/\/talkpal.ai\/wp-content\/uploads\/2024\/08\/Tamil.jpg\" alt=\"Indian Simplified Flag\">\r\n                    <div>\r\n                        <h4>Despre \u00eenv\u0103\u021barea limbii tamile<\/h4>\r\n                        <p>Afla\u021bi totul despre gramatica tamil\u0103 .<\/p>\r\n                    <\/div>\r\n                <\/div>\r\n            <\/div>\r\n        <\/a>\r\n\r\n        \r\n        <a href=\"https:\/\/talkpal.ai\/ro\/exercitii-de-gramatica-tamila\/\">\r\n            <div class=\"learnNavigationWrapper\">\r\n                <div class=\"learnNavigationContent\">\r\n                    <img decoding=\"async\" src=\"https:\/\/talkpal.ai\/wp-content\/uploads\/2024\/08\/Tamil.jpg\" alt=\"Indian Simplified Flag\">\r\n                    <div>\r\n                        <h4>Exerci\u021biu de gramatic\u0103 tamil\u0103<\/h4>\r\n                        <p>Exersa\u021bi gramatica tamil\u0103.<\/p>\r\n                    <\/div>\r\n                <\/div>\r\n            <\/div>\r\n        <\/a>\r\n\r\n        \r\n        <a href=\"https:\/\/talkpal.ai\/vocabulary_language\/tamil\/\">\r\n            <div class=\"learnNavigationWrapper\">\r\n                <div class=\"learnNavigationContent\">\r\n                    <img decoding=\"async\" src=\"https:\/\/talkpal.ai\/wp-content\/uploads\/2024\/08\/Tamil.jpg\" alt=\"Indian Simplified Flag\">\r\n                    <div>\r\n                        <h4>Vocabular \u00een limba tamil\u0103<\/h4>\r\n                        <p>Extinde\u021bi-v\u0103 vocabularul \u00een limba tamil\u0103.<\/p>\r\n                    <\/div>\r\n                <\/div>\r\n            <\/div>\r\n        <\/a>\r\n\r\n            <\/section>","protected":false},"excerpt":{"rendered":"<p>Gramatica tamil\u0103: \u00een\u021belegerea bog\u0103\u021biei limbii tamile Atunci c\u00e2nd \u00eencepe\u021bi s\u0103 \u00eenv\u0103\u021ba\u021bi limba tamil\u0103 &#8211; una dintre cele mai vechi limbi vii din lume &#8211; este esen\u021bial s\u0103 deslu\u0219i\u021bi complexitatea \u0219i bog\u0103\u021bia gramaticii sale. Tamila, care se m\u00e2ndre\u0219te cu o tradi\u021bie scris\u0103 de peste 2.000 de ani, r\u0103m\u00e2ne limba principal\u0103 a 70 de milioane de vorbitori [&hellip;]<\/p>\n","protected":false},"author":1,"featured_media":120222,"parent":0,"menu_order":0,"comment_status":"closed","ping_status":"closed","template":"LearningContentPage.php","meta":{"_acf_changed":false,"footnotes":""},"class_list":["post-151877","page","type-page","status-publish","has-post-thumbnail","hentry"],"acf":[],"yoast_head":"<!-- This site is optimized with the Yoast SEO Premium plugin v27.2 (Yoast SEO v27.2) - https:\/\/yoast.com\/product\/yoast-seo-premium-wordpress\/ -->\n<title>Gramatica tamil\u0103 - Talkpal<\/title>\n<meta name=\"description\" content=\"Explora\u021bi elementele fundamentale ale gramaticii tamilei \u0219i \u00eembun\u0103t\u0103\u021bi\u021bi-v\u0103 \u00een\u021belegerea acestei limbi bogate.\" \/>\n<meta name=\"robots\" content=\"index, follow, max-snippet:-1, max-image-preview:large, max-video-preview:-1\" \/>\n<link rel=\"canonical\" href=\"https:\/\/talkpal.ai\/ro\/gramatica-tamila\/\" \/>\n<meta property=\"og:locale\" content=\"ro_RO\" \/>\n<meta property=\"og:type\" content=\"article\" \/>\n<meta property=\"og:title\" content=\"Gramatica tamil\u0103\" \/>\n<meta property=\"og:description\" content=\"Gramatica tamil\u0103: \u00een\u021belegerea bog\u0103\u021biei limbii tamile Atunci c\u00e2nd \u00eencepe\u021bi s\u0103 \u00eenv\u0103\u021ba\u021bi limba tamil\u0103 - una dintre cele mai vechi limbi vii din lume - este\" \/>\n<meta property=\"og:url\" content=\"https:\/\/talkpal.ai\/ro\/gramatica-tamila\/\" \/>\n<meta property=\"og:site_name\" content=\"Talkpal\" \/>\n<meta property=\"article:publisher\" content=\"https:\/\/www.facebook.com\/profile.php?id=100090733639311\" \/>\n<meta property=\"article:modified_time\" content=\"2025-12-12T11:01:34+00:00\" \/>\n<meta property=\"og:image\" content=\"https:\/\/talkpal.ai\/wp-content\/uploads\/2023\/05\/Tamil-india.png\" \/>\n\t<meta property=\"og:image:width\" content=\"512\" \/>\n\t<meta property=\"og:image:height\" content=\"512\" \/>\n\t<meta property=\"og:image:type\" content=\"image\/png\" \/>\n<meta name=\"twitter:card\" content=\"summary_large_image\" \/>\n<meta name=\"twitter:site\" content=\"@talkpalai\" \/>\n<meta name=\"twitter:label1\" content=\"Timp estimat pentru citire\" \/>\n\t<meta name=\"twitter:data1\" content=\"3 minute\" \/>\n<script type=\"application\/ld+json\" class=\"yoast-schema-graph\">{\"@context\":\"https:\/\/schema.org\",\"@graph\":[{\"@type\":\"WebPage\",\"@id\":\"https:\/\/talkpal.ai\/ro\/gramatica-tamila\/\",\"url\":\"https:\/\/talkpal.ai\/ro\/gramatica-tamila\/\",\"name\":\"Gramatica tamil\u0103 - Talkpal\",\"isPartOf\":{\"@id\":\"https:\/\/talkpal.ai\/ro\/#website\"},\"primaryImageOfPage\":{\"@id\":\"https:\/\/talkpal.ai\/ro\/gramatica-tamila\/#primaryimage\"},\"image\":{\"@id\":\"https:\/\/talkpal.ai\/ro\/gramatica-tamila\/#primaryimage\"},\"thumbnailUrl\":\"https:\/\/talkpal.ai\/wp-content\/uploads\/2023\/05\/Tamil-india.png\",\"datePublished\":\"2023-05-14T14:22:16+00:00\",\"dateModified\":\"2025-12-12T11:01:34+00:00\",\"description\":\"Explora\u021bi elementele fundamentale ale gramaticii tamilei \u0219i \u00eembun\u0103t\u0103\u021bi\u021bi-v\u0103 \u00een\u021belegerea acestei limbi bogate.\",\"breadcrumb\":{\"@id\":\"https:\/\/talkpal.ai\/ro\/gramatica-tamila\/#breadcrumb\"},\"inLanguage\":\"ro-RO\",\"potentialAction\":[{\"@type\":\"ReadAction\",\"target\":[\"https:\/\/talkpal.ai\/ro\/gramatica-tamila\/\"]}]},{\"@type\":\"ImageObject\",\"inLanguage\":\"ro-RO\",\"@id\":\"https:\/\/talkpal.ai\/ro\/gramatica-tamila\/#primaryimage\",\"url\":\"https:\/\/talkpal.ai\/wp-content\/uploads\/2023\/05\/Tamil-india.png\",\"contentUrl\":\"https:\/\/talkpal.ai\/wp-content\/uploads\/2023\/05\/Tamil-india.png\",\"width\":512,\"height\":512},{\"@type\":\"BreadcrumbList\",\"@id\":\"https:\/\/talkpal.ai\/ro\/gramatica-tamila\/#breadcrumb\",\"itemListElement\":[{\"@type\":\"ListItem\",\"position\":1,\"name\":\"Homepage\",\"item\":\"https:\/\/talkpal.ai\/ro\/\"},{\"@type\":\"ListItem\",\"position\":2,\"name\":\"Gramatica tamil\u0103\"}]},{\"@type\":\"WebSite\",\"@id\":\"https:\/\/talkpal.ai\/ro\/#website\",\"url\":\"https:\/\/talkpal.ai\/ro\/\",\"name\":\"Talkpal\",\"description\":\"AI Language Learning\",\"publisher\":{\"@id\":\"https:\/\/talkpal.ai\/ro\/#organization\"},\"alternateName\":\"Talkpal AI\",\"potentialAction\":[{\"@type\":\"SearchAction\",\"target\":{\"@type\":\"EntryPoint\",\"urlTemplate\":\"https:\/\/talkpal.ai\/ro\/?s={search_term_string}\"},\"query-input\":{\"@type\":\"PropertyValueSpecification\",\"valueRequired\":true,\"valueName\":\"search_term_string\"}}],\"inLanguage\":\"ro-RO\"},{\"@type\":\"Organization\",\"@id\":\"https:\/\/talkpal.ai\/ro\/#organization\",\"name\":\"Talkpal, Inc.\",\"alternateName\":\"Talkpal AI\",\"url\":\"https:\/\/talkpal.ai\/ro\/\",\"logo\":{\"@type\":\"ImageObject\",\"inLanguage\":\"ro-RO\",\"@id\":\"https:\/\/talkpal.ai\/ro\/#\/schema\/logo\/image\/\",\"url\":\"https:\/\/talkpal.ai\/wp-content\/uploads\/2024\/03\/Talkpal-Logo-Icon.png\",\"contentUrl\":\"https:\/\/talkpal.ai\/wp-content\/uploads\/2024\/03\/Talkpal-Logo-Icon.png\",\"width\":2880,\"height\":2880,\"caption\":\"Talkpal, Inc.\"},\"image\":{\"@id\":\"https:\/\/talkpal.ai\/ro\/#\/schema\/logo\/image\/\"},\"sameAs\":[\"https:\/\/www.facebook.com\/profile.php?id=100090733639311\",\"https:\/\/x.com\/talkpalai\",\"https:\/\/www.linkedin.com\/company\/talkpal\/\",\"https:\/\/www.youtube.com\/@TalkPal\/\",\"https:\/\/www.tiktok.com\/@talkpal\",\"https:\/\/www.instagram.com\/talkpal_ai\/\",\"https:\/\/www.crunchbase.com\/organization\/talkpal-9cde\",\"https:\/\/www.g2.com\/products\/talkpal-for-business\/\",\"https:\/\/www.trustpilot.com\/review\/talkpal.ai\",\"https:\/\/www.capterra.com\/p\/10006800\/TalkPal\/\"],\"description\":\"Talkpal is a language learning web and mobile education app, powered by the latest AI technologies, that provides engaging experiences to its customers in many different languages to help them improve their language skills. Users can chat about unlimited amount of topics with the app and use other modes to practice their language learning.\",\"email\":\"support@talkpal.ai\",\"legalName\":\"Talkpal, Inc.\",\"foundingDate\":\"2023-04-03\",\"duns\":\"118989042\",\"numberOfEmployees\":{\"@type\":\"QuantitativeValue\",\"minValue\":\"11\",\"maxValue\":\"50\"},\"publishingPrinciples\":\"https:\/\/talkpal.ai\/publishing-principles\/\",\"actionableFeedbackPolicy\":\"https:\/\/talkpal.ai\/actionable-feedback-policy\/\",\"correctionsPolicy\":\"https:\/\/talkpal.ai\/corrections-policy\/\",\"ethicsPolicy\":\"https:\/\/talkpal.ai\/ethics-policy\/\",\"diversityPolicy\":\"https:\/\/talkpal.ai\/diversity-policy\/\",\"diversityStaffingReport\":\"https:\/\/talkpal.ai\/diversity-policy\/\"}]}<\/script>\n<!-- \/ Yoast SEO Premium plugin. -->","yoast_head_json":{"title":"Gramatica tamil\u0103 - Talkpal","description":"Explora\u021bi elementele fundamentale ale gramaticii tamilei \u0219i \u00eembun\u0103t\u0103\u021bi\u021bi-v\u0103 \u00een\u021belegerea acestei limbi bogate.","robots":{"index":"index","follow":"follow","max-snippet":"max-snippet:-1","max-image-preview":"max-image-preview:large","max-video-preview":"max-video-preview:-1"},"canonical":"https:\/\/talkpal.ai\/ro\/gramatica-tamila\/","og_locale":"ro_RO","og_type":"article","og_title":"Gramatica tamil\u0103","og_description":"Gramatica tamil\u0103: \u00een\u021belegerea bog\u0103\u021biei limbii tamile Atunci c\u00e2nd \u00eencepe\u021bi s\u0103 \u00eenv\u0103\u021ba\u021bi limba tamil\u0103 - una dintre cele mai vechi limbi vii din lume - este","og_url":"https:\/\/talkpal.ai\/ro\/gramatica-tamila\/","og_site_name":"Talkpal","article_publisher":"https:\/\/www.facebook.com\/profile.php?id=100090733639311","article_modified_time":"2025-12-12T11:01:34+00:00","og_image":[{"width":512,"height":512,"url":"https:\/\/talkpal.ai\/wp-content\/uploads\/2023\/05\/Tamil-india.png","type":"image\/png"}],"twitter_card":"summary_large_image","twitter_site":"@talkpalai","twitter_misc":{"Timp estimat pentru citire":"3 minute"},"schema":{"@context":"https:\/\/schema.org","@graph":[{"@type":"WebPage","@id":"https:\/\/talkpal.ai\/ro\/gramatica-tamila\/","url":"https:\/\/talkpal.ai\/ro\/gramatica-tamila\/","name":"Gramatica tamil\u0103 - Talkpal","isPartOf":{"@id":"https:\/\/talkpal.ai\/ro\/#website"},"primaryImageOfPage":{"@id":"https:\/\/talkpal.ai\/ro\/gramatica-tamila\/#primaryimage"},"image":{"@id":"https:\/\/talkpal.ai\/ro\/gramatica-tamila\/#primaryimage"},"thumbnailUrl":"https:\/\/talkpal.ai\/wp-content\/uploads\/2023\/05\/Tamil-india.png","datePublished":"2023-05-14T14:22:16+00:00","dateModified":"2025-12-12T11:01:34+00:00","description":"Explora\u021bi elementele fundamentale ale gramaticii tamilei \u0219i \u00eembun\u0103t\u0103\u021bi\u021bi-v\u0103 \u00een\u021belegerea acestei limbi bogate.","breadcrumb":{"@id":"https:\/\/talkpal.ai\/ro\/gramatica-tamila\/#breadcrumb"},"inLanguage":"ro-RO","potentialAction":[{"@type":"ReadAction","target":["https:\/\/talkpal.ai\/ro\/gramatica-tamila\/"]}]},{"@type":"ImageObject","inLanguage":"ro-RO","@id":"https:\/\/talkpal.ai\/ro\/gramatica-tamila\/#primaryimage","url":"https:\/\/talkpal.ai\/wp-content\/uploads\/2023\/05\/Tamil-india.png","contentUrl":"https:\/\/talkpal.ai\/wp-content\/uploads\/2023\/05\/Tamil-india.png","width":512,"height":512},{"@type":"BreadcrumbList","@id":"https:\/\/talkpal.ai\/ro\/gramatica-tamila\/#breadcrumb","itemListElement":[{"@type":"ListItem","position":1,"name":"Homepage","item":"https:\/\/talkpal.ai\/ro\/"},{"@type":"ListItem","position":2,"name":"Gramatica tamil\u0103"}]},{"@type":"WebSite","@id":"https:\/\/talkpal.ai\/ro\/#website","url":"https:\/\/talkpal.ai\/ro\/","name":"Talkpal","description":"AI Language Learning","publisher":{"@id":"https:\/\/talkpal.ai\/ro\/#organization"},"alternateName":"Talkpal AI","potentialAction":[{"@type":"SearchAction","target":{"@type":"EntryPoint","urlTemplate":"https:\/\/talkpal.ai\/ro\/?s={search_term_string}"},"query-input":{"@type":"PropertyValueSpecification","valueRequired":true,"valueName":"search_term_string"}}],"inLanguage":"ro-RO"},{"@type":"Organization","@id":"https:\/\/talkpal.ai\/ro\/#organization","name":"Talkpal, Inc.","alternateName":"Talkpal AI","url":"https:\/\/talkpal.ai\/ro\/","logo":{"@type":"ImageObject","inLanguage":"ro-RO","@id":"https:\/\/talkpal.ai\/ro\/#\/schema\/logo\/image\/","url":"https:\/\/talkpal.ai\/wp-content\/uploads\/2024\/03\/Talkpal-Logo-Icon.png","contentUrl":"https:\/\/talkpal.ai\/wp-content\/uploads\/2024\/03\/Talkpal-Logo-Icon.png","width":2880,"height":2880,"caption":"Talkpal, Inc."},"image":{"@id":"https:\/\/talkpal.ai\/ro\/#\/schema\/logo\/image\/"},"sameAs":["https:\/\/www.facebook.com\/profile.php?id=100090733639311","https:\/\/x.com\/talkpalai","https:\/\/www.linkedin.com\/company\/talkpal\/","https:\/\/www.youtube.com\/@TalkPal\/","https:\/\/www.tiktok.com\/@talkpal","https:\/\/www.instagram.com\/talkpal_ai\/","https:\/\/www.crunchbase.com\/organization\/talkpal-9cde","https:\/\/www.g2.com\/products\/talkpal-for-business\/","https:\/\/www.trustpilot.com\/review\/talkpal.ai","https:\/\/www.capterra.com\/p\/10006800\/TalkPal\/"],"description":"Talkpal is a language learning web and mobile education app, powered by the latest AI technologies, that provides engaging experiences to its customers in many different languages to help them improve their language skills. Users can chat about unlimited amount of topics with the app and use other modes to practice their language learning.","email":"support@talkpal.ai","legalName":"Talkpal, Inc.","foundingDate":"2023-04-03","duns":"118989042","numberOfEmployees":{"@type":"QuantitativeValue","minValue":"11","maxValue":"50"},"publishingPrinciples":"https:\/\/talkpal.ai\/publishing-principles\/","actionableFeedbackPolicy":"https:\/\/talkpal.ai\/actionable-feedback-policy\/","correctionsPolicy":"https:\/\/talkpal.ai\/corrections-policy\/","ethicsPolicy":"https:\/\/talkpal.ai\/ethics-policy\/","diversityPolicy":"https:\/\/talkpal.ai\/diversity-policy\/","diversityStaffingReport":"https:\/\/talkpal.ai\/diversity-policy\/"}]}},"_links":{"self":[{"href":"https:\/\/talkpal.ai\/ro\/wp-json\/wp\/v2\/pages\/151877","targetHints":{"allow":["GET"]}}],"collection":[{"href":"https:\/\/talkpal.ai\/ro\/wp-json\/wp\/v2\/pages"}],"about":[{"href":"https:\/\/talkpal.ai\/ro\/wp-json\/wp\/v2\/types\/page"}],"author":[{"embeddable":true,"href":"https:\/\/talkpal.ai\/ro\/wp-json\/wp\/v2\/users\/1"}],"replies":[{"embeddable":true,"href":"https:\/\/talkpal.ai\/ro\/wp-json\/wp\/v2\/comments?post=151877"}],"version-history":[{"count":0,"href":"https:\/\/talkpal.ai\/ro\/wp-json\/wp\/v2\/pages\/151877\/revisions"}],"wp:featuredmedia":[{"embeddable":true,"href":"https:\/\/talkpal.ai\/ro\/wp-json\/wp\/v2\/media\/120222"}],"wp:attachment":[{"href":"https:\/\/talkpal.ai\/ro\/wp-json\/wp\/v2\/media?parent=151877"}],"curies":[{"name":"wp","href":"https:\/\/api.w.org\/{rel}","templated":true}]}}