{"id":150915,"date":"2023-05-14T14:20:10","date_gmt":"2023-05-14T14:20:10","guid":{"rendered":"http:\/\/talkpal.ai\/gramatica-slovena\/"},"modified":"2025-12-12T11:15:37","modified_gmt":"2025-12-12T11:15:37","slug":"gramatica-slovena","status":"publish","type":"page","link":"https:\/\/talkpal.ai\/ro\/gramatica-slovena\/","title":{"rendered":"Gramatica sloven\u0103"},"content":{"rendered":"\r\n\r\n\r\n<section class=\"languageChallengeSection\">\r\n    <div class=\"languageInfoWrapper\">\r\n        \r\n        <h1>Gramatica sloven\u0103<\/h1>\r\n        <p>Descoperi\u021bi farmecul distinctiv al limbii slovene prin st\u0103p\u00e2nirea regulilor <a href=\"https:\/\/talkpal.ai\/locations\/learn-english-in-sale\/\">sale<\/a> gramaticale esen\u021biale. Cu o cunoa\u0219tere solid\u0103 a gramaticii slovene, ve\u021bi putea intra \u00een contact cu vorbitorii nativi \u0219i ve\u021bi aprecia mai bine patrimoniul cultural bogat al \u021b\u0103rii. \u00cencepe\u021bi ast\u0103zi s\u0103 \u00eenv\u0103\u021ba\u021bi <a href=\"https:\/\/talkpal.ai\/slovenian-grammar\/\">gramatica sloven\u0103<\/a> \u0219i face\u021bi primul pas spre fluen\u021b\u0103!<\/p>\r\n\r\n                            <a class=\"getStartedHidden\" href=\"https:\/\/app.talkpal.ai\/ro\/signup?lng=\">\u00cencepe<\/a>\r\n        \r\n    <\/div>\r\n\r\n    <figure>\r\n    <img decoding=\"async\" width=\"768\" height=\"768\" src=\"https:\/\/talkpal.ai\/wp-content\/uploads\/2023\/06\/slovenian-768x768.png\" class=\"languageImage no-lazy\" alt=\"Language learning for broader perspectives\" fetchpriority=\"high\" sizes=\"(max-width: 768px) 150px, 768px\" srcset=\"https:\/\/talkpal.ai\/wp-content\/uploads\/2023\/06\/slovenian-768x768.png 768w, https:\/\/talkpal.ai\/wp-content\/uploads\/2023\/06\/slovenian-300x300.png 300w\" \/>\r\n    \r\n\r\n    <\/figure>\r\n\r\n            <a class=\"getStartedVisible\" href=\"https:\/\/app.talkpal.ai\/ro\/signup?lng=\">\u00cencepe<\/a>\r\n    \r\n<\/section>\r\n<section class=\"promotionalBanner\">\r\n    <p class=\"promotionalText\">Cel mai eficient mod de a \u00eenv\u0103\u021ba o limb\u0103<\/p>\r\n    <a class=\"promotionalLink\" href=\"https:\/\/app.talkpal.ai\/ro\/signup?lng=\">\u00cencerca\u021bi Talkpal gratuit<\/a>\r\n<\/section>\n<div class=\"wp-block-group pageContainerStyle\"><div class=\"wp-block-group__inner-container is-layout-constrained wp-block-group-is-layout-constrained\">\n<h1 class=\"wp-block-heading\" id=\"h-slovenian-grammar-a-short-introduction-for-language-lovers\">Gramatica sloven\u0103: o scurt\u0103 introducere pentru iubitorii de limbi str\u0103ine<\/h1>\n\n\n\n<p>Sunte\u021bi gata s\u0103 v\u0103 scufunda\u021bi \u00een lumea \u00eenc\u00e2nt\u0103toare a slovenei, o limb\u0103 slav\u0103 uimitoare? Te a\u0219teapt\u0103 o surpriz\u0103! Acest scurt ghid v\u0103 va oferi o privire asupra gramaticii slovene, care este esen\u021bial\u0103 pentru \u00een\u021belegerea \u0219i st\u0103p\u00e2nirea acestei limbi captivante. A\u0219adar, haide\u021bi s\u0103 ne \u00eembarc\u0103m \u00een aceast\u0103 aventur\u0103 lingvistic\u0103 \u0219i s\u0103 explor\u0103m pas cu pas complexitatea gramaticii slovene.<\/p>\n\n\n\n<p>Slovena, cunoscut\u0103 \u0219i sub numele de <a href=\"https:\/\/talkpal.ai\/learn-slovenian\/\">sloven\u0103<\/a>, este vorbit\u0103 predominant \u00een <a href=\"https:\/\/talkpal.ai\/learn-slovenian\/\">Slovenia<\/a> de aproximativ 2,5 milioane de oameni. Ca limb\u0103 slav\u0103 sudic\u0103, \u00eemp\u0103rt\u0103\u0219e\u0219te mai multe caracteristici cu rudele sale apropiate, cum ar fi s\u00e2rba, <a href=\"https:\/\/talkpal.ai\/learn-croatian\/\">croata<\/a> \u0219i bulgara. Cu toate acestea, slovena se m\u00e2ndre\u0219te cu r\u0103sucirile \u0219i flerul s\u0103u unic.<\/p>\n\n\n\n<p>F\u0103r\u0103 alte comentarii, haide\u021bi s\u0103 ne ocup\u0103m de aspectele cheie ale gramaticii slovene:<\/p>\n\n\n\n<h3 class=\"wp-block-heading\" id=\"h-1-nouns-and-cases\">1. Substantive \u0219i cazuri:<\/h3>\n\n\n\n<p>Substantivele slovene au trei genuri \u2013 masculin, feminin \u0219i neutru. Fiecare substantiv poate fi folosit \u00eentr-unul din cele \u0219ase cazuri slovene: nominativ, genitiv, dativ, acuzativ, locativ \u0219i instrumental. Aceste cazuri exprim\u0103 diferite func\u021bii gramaticale sau rela\u021bii \u00eentre cuvinte, a\u0219a c\u0103 este esen\u021bial s\u0103 \u00eenv\u0103\u021ba\u021bi utilizarea lor corect\u0103 \u00een context.<\/p>\n\n\n\n<h3 class=\"wp-block-heading\" id=\"h-2-articles\">2. Articole:<\/h3>\n\n\n\n<p>Iat\u0103 o veste bun\u0103 &#8211; \u00een sloven\u0103 nu se folosesc articole precum &#8222;the&#8221; sau &#8222;a&#8221;! \u00cen schimb, sensul este transmis prin utilizarea cazurilor \u0219i a ordinii cuvintelor. Acest lucru ar putea face experien\u021ba de \u00eenv\u0103\u021bare a limbii slovene un pic mai u\u0219oar\u0103, mai ales dac\u0103 nu sunte\u021bi obi\u0219nuit cu limbile cu sisteme de articole complexe.<\/p>\n\n\n\n<h3 class=\"wp-block-heading\" id=\"h-3-adjectives\">3. Adjective:<\/h3>\n\n\n\n<p>La fel ca substantivele, adjectivele \u00een sloven\u0103 sunt de acord \u00een gen, num\u0103r \u0219i caz cu substantivul <a href=\"https:\/\/talkpal.ai\/culture\/how-do-i-use-pe-care-correctly\/\">pe care<\/a> \u00eel modific\u0103. Acest lucru face ca utilizarea adjectivelor s\u0103 fie pu\u021bin mai complicat\u0103 dec\u00e2t \u00een limba <a href=\"https:\/\/talkpal.ai\/learn-english-with-ai\/\">englez\u0103<\/a>, dar nu v\u0103 teme\u021bi &#8211; cu practic\u0103, ve\u021bi st\u0103p\u00e2ni adjectivele slovene \u00een cel mai scurt timp!<\/p>\n\n\n\n<h3 class=\"wp-block-heading\" id=\"h-4-verbs\">4. Verbe:<\/h3>\n\n\n\n<p>Limba sloven\u0103 are un sistem verbal cu trei niveluri: trei grupuri de conjugare \u00een func\u021bie de tulpina verbului care se termin\u0103 la infinitiv. Verbele slovene au, de asemenea, diferite timpuri \u0219i st\u0103ri, inclusiv forma dual\u0103 unic\u0103, care este folosit\u0103 atunci c\u00e2nd se refer\u0103 la dou\u0103 subiecte sau obiecte. Fi\u021bi preg\u0103ti\u021bi s\u0103 petrece\u021bi ceva timp \u00eenv\u0103\u021b\u00e2nd \u0219i practic\u00e2nd conjug\u0103rile verbelor slovene pentru a c\u00e2\u0219tiga \u00eencredere \u00een abilit\u0103\u021bile dvs. lingvistice.<\/p>\n\n\n\n<h3 class=\"wp-block-heading\" id=\"h-5-word-order\">5. Ordinea cuvintelor:<\/h3>\n\n\n\n<p>Slovena urmeaz\u0103, \u00een general, o ordine de cuvinte subiect-verb-obiect (SVO), care ar trebui s\u0103 fie familiar\u0103 vorbitorilor de englez\u0103. Cu toate acestea, limba se bucur\u0103 de un anumit grad de flexibilitate, permi\u021b\u00e2ndu-v\u0103 s\u0103 sublinia\u021bi anumite p\u0103r\u021bi ale propozi\u021biei prin schimbarea ordinii cuvintelor. Este esen\u021bial s\u0103 folosi\u021bi corect cazurile pentru a evita confuziile \u0219i pentru a transmite sensul dorit.<\/p>\n\n\n\n<h3 class=\"wp-block-heading\" id=\"h-6-pronouns-and-prepositions\">6. Pronume \u0219i prepozi\u021bii:<\/h3>\n\n\n\n<p>Pronumele slovene, ca \u0219i alte elemente ale limbii, sunt afectate de sex, num\u0103r \u0219i caz. Ele vin \u00een diferite forme, cum ar fi personale, posesive, demonstrative \u0219i reflexive. Familiarizarea cu prepozi\u021biile slovene v\u0103 va ajuta, de asemenea, s\u0103 conecta\u021bi cuvinte \u0219i fraze pentru a crea propozi\u021bii mai complexe.<\/p>\n\n\n\n<p>Acum ave\u021bi o \u00een\u021belegere de baz\u0103 a gramaticii slovene! Re\u021bine\u021bi c\u0103 a deveni competent \u00een orice limb\u0103 necesit\u0103 dedicare \u0219i practic\u0103. Accepta\u021bi provoc\u0103rile \u0219i nu ezita\u021bi s\u0103 \u00eenv\u0103\u021ba\u021bi din gre\u0219eli. Aminti\u021bi-v\u0103, \u00eenv\u0103\u021barea unei noi limbi este o c\u0103l\u0103torie interesant\u0103, plin\u0103 de experien\u021be memorabile \u0219i descoperiri pline de satisfac\u021bii. Sre\u010dno!<\/p>\n<\/div><\/div>\n\r\n<section class=\"learnNavigationSection\">\r\n            \r\n        <a href=\"https:\/\/talkpal.ai\/ro\/invata-slovena\/\">\r\n            <div class=\"learnNavigationWrapper\">\r\n                <div class=\"learnNavigationContent\">\r\n                    <img decoding=\"async\" src=\"https:\/\/talkpal.ai\/wp-content\/uploads\/2024\/08\/Slovenian.jpg\" alt=\"Slovenian Flag\">\r\n                    <div>\r\n                        <h4>Despre \u00eenv\u0103\u021barea sloven\u0103<\/h4>\r\n                        <p>Afla\u021bi totul despre gramatica sloven\u0103.<\/p>\r\n                    <\/div>\r\n                <\/div>\r\n            <\/div>\r\n        <\/a>\r\n\r\n        \r\n        <a href=\"https:\/\/talkpal.ai\/ro\/exercitii-de-gramatica-slovena\/\">\r\n            <div class=\"learnNavigationWrapper\">\r\n                <div class=\"learnNavigationContent\">\r\n                    <img decoding=\"async\" src=\"https:\/\/talkpal.ai\/wp-content\/uploads\/2024\/08\/Slovenian.jpg\" alt=\"Slovenian Flag\">\r\n                    <div>\r\n                        <h4>Exerci\u021biu de gramatic\u0103 sloven\u0103<\/h4>\r\n                        <p>Exersa\u021bi gramatica sloven\u0103.<\/p>\r\n                    <\/div>\r\n                <\/div>\r\n            <\/div>\r\n        <\/a>\r\n\r\n        \r\n        <a href=\"https:\/\/talkpal.ai\/vocabulary_language\/slovenian\/\">\r\n            <div class=\"learnNavigationWrapper\">\r\n                <div class=\"learnNavigationContent\">\r\n                    <img decoding=\"async\" src=\"https:\/\/talkpal.ai\/wp-content\/uploads\/2024\/08\/Slovenian.jpg\" alt=\"Slovenian Flag\">\r\n                    <div>\r\n                        <h4>Vocabular \u00een sloven\u0103<\/h4>\r\n                        <p>Extinde\u021bi-v\u0103 vocabularul sloven.<\/p>\r\n                    <\/div>\r\n                <\/div>\r\n            <\/div>\r\n        <\/a>\r\n\r\n            <\/section>","protected":false},"excerpt":{"rendered":"<p>Gramatica sloven\u0103: o scurt\u0103 introducere pentru iubitorii de limbi str\u0103ine Sunte\u021bi gata s\u0103 v\u0103 scufunda\u021bi \u00een lumea \u00eenc\u00e2nt\u0103toare a slovenei, o limb\u0103 slav\u0103 uimitoare? Te a\u0219teapt\u0103 o surpriz\u0103! Acest scurt ghid v\u0103 va oferi o privire asupra gramaticii slovene, care este esen\u021bial\u0103 pentru \u00een\u021belegerea \u0219i st\u0103p\u00e2nirea acestei limbi captivante. A\u0219adar, haide\u021bi s\u0103 ne \u00eembarc\u0103m \u00een [&hellip;]<\/p>\n","protected":false},"author":1,"featured_media":119636,"parent":0,"menu_order":0,"comment_status":"closed","ping_status":"closed","template":"LearningContentPage.php","meta":{"_acf_changed":false,"footnotes":""},"class_list":["post-150915","page","type-page","status-publish","has-post-thumbnail","hentry"],"acf":[],"yoast_head":"<!-- This site is optimized with the Yoast SEO Premium plugin v27.2 (Yoast SEO v27.2) - https:\/\/yoast.com\/product\/yoast-seo-premium-wordpress\/ -->\n<title>Gramatica sloven\u0103 - Talkpal<\/title>\n<meta name=\"description\" content=\"Explora\u021bi subtilit\u0103\u021bile gramaticii slovene pentru o mai bun\u0103 cunoa\u0219tere \u0219i \u00een\u021belegere a limbii. St\u0103p\u00e2ne\u0219te ast\u0103zi arta gramaticii.\" \/>\n<meta name=\"robots\" content=\"index, follow, max-snippet:-1, max-image-preview:large, max-video-preview:-1\" \/>\n<link rel=\"canonical\" href=\"https:\/\/talkpal.ai\/ro\/gramatica-slovena\/\" \/>\n<meta property=\"og:locale\" content=\"ro_RO\" \/>\n<meta property=\"og:type\" content=\"article\" \/>\n<meta property=\"og:title\" content=\"Gramatica sloven\u0103\" \/>\n<meta property=\"og:description\" content=\"Gramatica sloven\u0103: o scurt\u0103 introducere pentru iubitorii de limbi str\u0103ine Sunte\u021bi gata s\u0103 v\u0103 scufunda\u021bi \u00een lumea \u00eenc\u00e2nt\u0103toare a slovenei, o limb\u0103 slav\u0103\" \/>\n<meta property=\"og:url\" content=\"https:\/\/talkpal.ai\/ro\/gramatica-slovena\/\" \/>\n<meta property=\"og:site_name\" content=\"Talkpal\" \/>\n<meta property=\"article:publisher\" content=\"https:\/\/www.facebook.com\/profile.php?id=100090733639311\" \/>\n<meta property=\"article:modified_time\" content=\"2025-12-12T11:15:37+00:00\" \/>\n<meta property=\"og:image\" content=\"https:\/\/talkpal.ai\/wp-content\/uploads\/2023\/05\/slovenia.png\" \/>\n\t<meta property=\"og:image:width\" content=\"512\" \/>\n\t<meta property=\"og:image:height\" content=\"512\" \/>\n\t<meta property=\"og:image:type\" content=\"image\/png\" \/>\n<meta name=\"twitter:card\" content=\"summary_large_image\" \/>\n<meta name=\"twitter:site\" content=\"@talkpalai\" \/>\n<meta name=\"twitter:label1\" content=\"Timp estimat pentru citire\" \/>\n\t<meta name=\"twitter:data1\" content=\"3 minute\" \/>\n<script type=\"application\/ld+json\" class=\"yoast-schema-graph\">{\"@context\":\"https:\/\/schema.org\",\"@graph\":[{\"@type\":\"WebPage\",\"@id\":\"https:\/\/talkpal.ai\/ro\/gramatica-slovena\/\",\"url\":\"https:\/\/talkpal.ai\/ro\/gramatica-slovena\/\",\"name\":\"Gramatica sloven\u0103 - Talkpal\",\"isPartOf\":{\"@id\":\"https:\/\/talkpal.ai\/ro\/#website\"},\"primaryImageOfPage\":{\"@id\":\"https:\/\/talkpal.ai\/ro\/gramatica-slovena\/#primaryimage\"},\"image\":{\"@id\":\"https:\/\/talkpal.ai\/ro\/gramatica-slovena\/#primaryimage\"},\"thumbnailUrl\":\"https:\/\/talkpal.ai\/wp-content\/uploads\/2023\/05\/slovenia.png\",\"datePublished\":\"2023-05-14T14:20:10+00:00\",\"dateModified\":\"2025-12-12T11:15:37+00:00\",\"description\":\"Explora\u021bi subtilit\u0103\u021bile gramaticii slovene pentru o mai bun\u0103 cunoa\u0219tere \u0219i \u00een\u021belegere a limbii. St\u0103p\u00e2ne\u0219te ast\u0103zi arta gramaticii.\",\"breadcrumb\":{\"@id\":\"https:\/\/talkpal.ai\/ro\/gramatica-slovena\/#breadcrumb\"},\"inLanguage\":\"ro-RO\",\"potentialAction\":[{\"@type\":\"ReadAction\",\"target\":[\"https:\/\/talkpal.ai\/ro\/gramatica-slovena\/\"]}]},{\"@type\":\"ImageObject\",\"inLanguage\":\"ro-RO\",\"@id\":\"https:\/\/talkpal.ai\/ro\/gramatica-slovena\/#primaryimage\",\"url\":\"https:\/\/talkpal.ai\/wp-content\/uploads\/2023\/05\/slovenia.png\",\"contentUrl\":\"https:\/\/talkpal.ai\/wp-content\/uploads\/2023\/05\/slovenia.png\",\"width\":512,\"height\":512},{\"@type\":\"BreadcrumbList\",\"@id\":\"https:\/\/talkpal.ai\/ro\/gramatica-slovena\/#breadcrumb\",\"itemListElement\":[{\"@type\":\"ListItem\",\"position\":1,\"name\":\"Homepage\",\"item\":\"https:\/\/talkpal.ai\/ro\/\"},{\"@type\":\"ListItem\",\"position\":2,\"name\":\"Gramatica sloven\u0103\"}]},{\"@type\":\"WebSite\",\"@id\":\"https:\/\/talkpal.ai\/ro\/#website\",\"url\":\"https:\/\/talkpal.ai\/ro\/\",\"name\":\"Talkpal\",\"description\":\"AI Language Learning\",\"publisher\":{\"@id\":\"https:\/\/talkpal.ai\/ro\/#organization\"},\"alternateName\":\"Talkpal AI\",\"potentialAction\":[{\"@type\":\"SearchAction\",\"target\":{\"@type\":\"EntryPoint\",\"urlTemplate\":\"https:\/\/talkpal.ai\/ro\/?s={search_term_string}\"},\"query-input\":{\"@type\":\"PropertyValueSpecification\",\"valueRequired\":true,\"valueName\":\"search_term_string\"}}],\"inLanguage\":\"ro-RO\"},{\"@type\":\"Organization\",\"@id\":\"https:\/\/talkpal.ai\/ro\/#organization\",\"name\":\"Talkpal, Inc.\",\"alternateName\":\"Talkpal AI\",\"url\":\"https:\/\/talkpal.ai\/ro\/\",\"logo\":{\"@type\":\"ImageObject\",\"inLanguage\":\"ro-RO\",\"@id\":\"https:\/\/talkpal.ai\/ro\/#\/schema\/logo\/image\/\",\"url\":\"https:\/\/talkpal.ai\/wp-content\/uploads\/2024\/03\/Talkpal-Logo-Icon.png\",\"contentUrl\":\"https:\/\/talkpal.ai\/wp-content\/uploads\/2024\/03\/Talkpal-Logo-Icon.png\",\"width\":2880,\"height\":2880,\"caption\":\"Talkpal, Inc.\"},\"image\":{\"@id\":\"https:\/\/talkpal.ai\/ro\/#\/schema\/logo\/image\/\"},\"sameAs\":[\"https:\/\/www.facebook.com\/profile.php?id=100090733639311\",\"https:\/\/x.com\/talkpalai\",\"https:\/\/www.linkedin.com\/company\/talkpal\/\",\"https:\/\/www.youtube.com\/@TalkPal\/\",\"https:\/\/www.tiktok.com\/@talkpal\",\"https:\/\/www.instagram.com\/talkpal_ai\/\",\"https:\/\/www.crunchbase.com\/organization\/talkpal-9cde\",\"https:\/\/www.g2.com\/products\/talkpal-for-business\/\",\"https:\/\/www.trustpilot.com\/review\/talkpal.ai\",\"https:\/\/www.capterra.com\/p\/10006800\/TalkPal\/\"],\"description\":\"Talkpal is a language learning web and mobile education app, powered by the latest AI technologies, that provides engaging experiences to its customers in many different languages to help them improve their language skills. Users can chat about unlimited amount of topics with the app and use other modes to practice their language learning.\",\"email\":\"support@talkpal.ai\",\"legalName\":\"Talkpal, Inc.\",\"foundingDate\":\"2023-04-03\",\"duns\":\"118989042\",\"numberOfEmployees\":{\"@type\":\"QuantitativeValue\",\"minValue\":\"11\",\"maxValue\":\"50\"},\"publishingPrinciples\":\"https:\/\/talkpal.ai\/publishing-principles\/\",\"actionableFeedbackPolicy\":\"https:\/\/talkpal.ai\/actionable-feedback-policy\/\",\"correctionsPolicy\":\"https:\/\/talkpal.ai\/corrections-policy\/\",\"ethicsPolicy\":\"https:\/\/talkpal.ai\/ethics-policy\/\",\"diversityPolicy\":\"https:\/\/talkpal.ai\/diversity-policy\/\",\"diversityStaffingReport\":\"https:\/\/talkpal.ai\/diversity-policy\/\"}]}<\/script>\n<!-- \/ Yoast SEO Premium plugin. -->","yoast_head_json":{"title":"Gramatica sloven\u0103 - Talkpal","description":"Explora\u021bi subtilit\u0103\u021bile gramaticii slovene pentru o mai bun\u0103 cunoa\u0219tere \u0219i \u00een\u021belegere a limbii. St\u0103p\u00e2ne\u0219te ast\u0103zi arta gramaticii.","robots":{"index":"index","follow":"follow","max-snippet":"max-snippet:-1","max-image-preview":"max-image-preview:large","max-video-preview":"max-video-preview:-1"},"canonical":"https:\/\/talkpal.ai\/ro\/gramatica-slovena\/","og_locale":"ro_RO","og_type":"article","og_title":"Gramatica sloven\u0103","og_description":"Gramatica sloven\u0103: o scurt\u0103 introducere pentru iubitorii de limbi str\u0103ine Sunte\u021bi gata s\u0103 v\u0103 scufunda\u021bi \u00een lumea \u00eenc\u00e2nt\u0103toare a slovenei, o limb\u0103 slav\u0103","og_url":"https:\/\/talkpal.ai\/ro\/gramatica-slovena\/","og_site_name":"Talkpal","article_publisher":"https:\/\/www.facebook.com\/profile.php?id=100090733639311","article_modified_time":"2025-12-12T11:15:37+00:00","og_image":[{"width":512,"height":512,"url":"https:\/\/talkpal.ai\/wp-content\/uploads\/2023\/05\/slovenia.png","type":"image\/png"}],"twitter_card":"summary_large_image","twitter_site":"@talkpalai","twitter_misc":{"Timp estimat pentru citire":"3 minute"},"schema":{"@context":"https:\/\/schema.org","@graph":[{"@type":"WebPage","@id":"https:\/\/talkpal.ai\/ro\/gramatica-slovena\/","url":"https:\/\/talkpal.ai\/ro\/gramatica-slovena\/","name":"Gramatica sloven\u0103 - Talkpal","isPartOf":{"@id":"https:\/\/talkpal.ai\/ro\/#website"},"primaryImageOfPage":{"@id":"https:\/\/talkpal.ai\/ro\/gramatica-slovena\/#primaryimage"},"image":{"@id":"https:\/\/talkpal.ai\/ro\/gramatica-slovena\/#primaryimage"},"thumbnailUrl":"https:\/\/talkpal.ai\/wp-content\/uploads\/2023\/05\/slovenia.png","datePublished":"2023-05-14T14:20:10+00:00","dateModified":"2025-12-12T11:15:37+00:00","description":"Explora\u021bi subtilit\u0103\u021bile gramaticii slovene pentru o mai bun\u0103 cunoa\u0219tere \u0219i \u00een\u021belegere a limbii. St\u0103p\u00e2ne\u0219te ast\u0103zi arta gramaticii.","breadcrumb":{"@id":"https:\/\/talkpal.ai\/ro\/gramatica-slovena\/#breadcrumb"},"inLanguage":"ro-RO","potentialAction":[{"@type":"ReadAction","target":["https:\/\/talkpal.ai\/ro\/gramatica-slovena\/"]}]},{"@type":"ImageObject","inLanguage":"ro-RO","@id":"https:\/\/talkpal.ai\/ro\/gramatica-slovena\/#primaryimage","url":"https:\/\/talkpal.ai\/wp-content\/uploads\/2023\/05\/slovenia.png","contentUrl":"https:\/\/talkpal.ai\/wp-content\/uploads\/2023\/05\/slovenia.png","width":512,"height":512},{"@type":"BreadcrumbList","@id":"https:\/\/talkpal.ai\/ro\/gramatica-slovena\/#breadcrumb","itemListElement":[{"@type":"ListItem","position":1,"name":"Homepage","item":"https:\/\/talkpal.ai\/ro\/"},{"@type":"ListItem","position":2,"name":"Gramatica sloven\u0103"}]},{"@type":"WebSite","@id":"https:\/\/talkpal.ai\/ro\/#website","url":"https:\/\/talkpal.ai\/ro\/","name":"Talkpal","description":"AI Language Learning","publisher":{"@id":"https:\/\/talkpal.ai\/ro\/#organization"},"alternateName":"Talkpal AI","potentialAction":[{"@type":"SearchAction","target":{"@type":"EntryPoint","urlTemplate":"https:\/\/talkpal.ai\/ro\/?s={search_term_string}"},"query-input":{"@type":"PropertyValueSpecification","valueRequired":true,"valueName":"search_term_string"}}],"inLanguage":"ro-RO"},{"@type":"Organization","@id":"https:\/\/talkpal.ai\/ro\/#organization","name":"Talkpal, Inc.","alternateName":"Talkpal AI","url":"https:\/\/talkpal.ai\/ro\/","logo":{"@type":"ImageObject","inLanguage":"ro-RO","@id":"https:\/\/talkpal.ai\/ro\/#\/schema\/logo\/image\/","url":"https:\/\/talkpal.ai\/wp-content\/uploads\/2024\/03\/Talkpal-Logo-Icon.png","contentUrl":"https:\/\/talkpal.ai\/wp-content\/uploads\/2024\/03\/Talkpal-Logo-Icon.png","width":2880,"height":2880,"caption":"Talkpal, Inc."},"image":{"@id":"https:\/\/talkpal.ai\/ro\/#\/schema\/logo\/image\/"},"sameAs":["https:\/\/www.facebook.com\/profile.php?id=100090733639311","https:\/\/x.com\/talkpalai","https:\/\/www.linkedin.com\/company\/talkpal\/","https:\/\/www.youtube.com\/@TalkPal\/","https:\/\/www.tiktok.com\/@talkpal","https:\/\/www.instagram.com\/talkpal_ai\/","https:\/\/www.crunchbase.com\/organization\/talkpal-9cde","https:\/\/www.g2.com\/products\/talkpal-for-business\/","https:\/\/www.trustpilot.com\/review\/talkpal.ai","https:\/\/www.capterra.com\/p\/10006800\/TalkPal\/"],"description":"Talkpal is a language learning web and mobile education app, powered by the latest AI technologies, that provides engaging experiences to its customers in many different languages to help them improve their language skills. Users can chat about unlimited amount of topics with the app and use other modes to practice their language learning.","email":"support@talkpal.ai","legalName":"Talkpal, Inc.","foundingDate":"2023-04-03","duns":"118989042","numberOfEmployees":{"@type":"QuantitativeValue","minValue":"11","maxValue":"50"},"publishingPrinciples":"https:\/\/talkpal.ai\/publishing-principles\/","actionableFeedbackPolicy":"https:\/\/talkpal.ai\/actionable-feedback-policy\/","correctionsPolicy":"https:\/\/talkpal.ai\/corrections-policy\/","ethicsPolicy":"https:\/\/talkpal.ai\/ethics-policy\/","diversityPolicy":"https:\/\/talkpal.ai\/diversity-policy\/","diversityStaffingReport":"https:\/\/talkpal.ai\/diversity-policy\/"}]}},"_links":{"self":[{"href":"https:\/\/talkpal.ai\/ro\/wp-json\/wp\/v2\/pages\/150915","targetHints":{"allow":["GET"]}}],"collection":[{"href":"https:\/\/talkpal.ai\/ro\/wp-json\/wp\/v2\/pages"}],"about":[{"href":"https:\/\/talkpal.ai\/ro\/wp-json\/wp\/v2\/types\/page"}],"author":[{"embeddable":true,"href":"https:\/\/talkpal.ai\/ro\/wp-json\/wp\/v2\/users\/1"}],"replies":[{"embeddable":true,"href":"https:\/\/talkpal.ai\/ro\/wp-json\/wp\/v2\/comments?post=150915"}],"version-history":[{"count":0,"href":"https:\/\/talkpal.ai\/ro\/wp-json\/wp\/v2\/pages\/150915\/revisions"}],"wp:featuredmedia":[{"embeddable":true,"href":"https:\/\/talkpal.ai\/ro\/wp-json\/wp\/v2\/media\/119636"}],"wp:attachment":[{"href":"https:\/\/talkpal.ai\/ro\/wp-json\/wp\/v2\/media?parent=150915"}],"curies":[{"name":"wp","href":"https:\/\/api.w.org\/{rel}","templated":true}]}}