{"id":150258,"date":"2023-05-14T14:19:49","date_gmt":"2023-05-14T14:19:49","guid":{"rendered":"http:\/\/talkpal.ai\/gramatica-slovaca\/"},"modified":"2025-12-12T11:10:08","modified_gmt":"2025-12-12T11:10:08","slug":"gramatica-slovaca","status":"publish","type":"page","link":"https:\/\/talkpal.ai\/ro\/gramatica-slovaca\/","title":{"rendered":"Gramatica slovac\u0103"},"content":{"rendered":"\r\n\r\n\r\n<section class=\"languageChallengeSection\">\r\n    <div class=\"languageInfoWrapper\">\r\n        \r\n        <h1>Gramatica slovac\u0103<\/h1>\r\n        <p>Descoperi\u021bi frumuse\u021bea limbii slovace prin \u00eenv\u0103\u021barea regulilor sale gramaticale fundamentale. \u00cen\u021belegerea gramaticii slovace v\u0103 va ajuta s\u0103 comunica\u021bi cu \u00eencredere \u0219i s\u0103 v\u0103 conecta\u021bi mai profund cu tradi\u021biile bogate ale Slovaciei. \u00cencepe\u021bi c\u0103l\u0103toria ast\u0103zi \u0219i face\u021bi primul pas spre st\u0103p\u00e2nirea limbii slovace!\n\n<\/p>\r\n\r\n                            <a class=\"getStartedHidden\" href=\"https:\/\/app.talkpal.ai\/ro\/signup?lng=\">\u00cencepe<\/a>\r\n        \r\n    <\/div>\r\n\r\n    <figure>\r\n    <img decoding=\"async\" width=\"768\" height=\"768\" src=\"https:\/\/talkpal.ai\/wp-content\/uploads\/2023\/06\/slovak-768x768.png\" class=\"languageImage no-lazy\" alt=\"Language learning for cross-cultural competence\" fetchpriority=\"high\" sizes=\"(max-width: 768px) 150px, 768px\" srcset=\"https:\/\/talkpal.ai\/wp-content\/uploads\/2023\/06\/slovak-768x768.png 768w, https:\/\/talkpal.ai\/wp-content\/uploads\/2023\/06\/slovak-300x300.png 300w\" \/>\r\n    \r\n\r\n    <\/figure>\r\n\r\n            <a class=\"getStartedVisible\" href=\"https:\/\/app.talkpal.ai\/ro\/signup?lng=\">\u00cencepe<\/a>\r\n    \r\n<\/section>\r\n<section class=\"promotionalBanner\">\r\n    <p class=\"promotionalText\">Cel mai eficient mod de a \u00eenv\u0103\u021ba o limb\u0103<\/p>\r\n    <a class=\"promotionalLink\" href=\"https:\/\/app.talkpal.ai\/ro\/signup?lng=\">\u00cencerca\u021bi Talkpal gratuit<\/a>\r\n<\/section>\n<div class=\"wp-block-group pageContainerStyle\"><div class=\"wp-block-group__inner-container is-layout-constrained wp-block-group-is-layout-constrained\">\n<h2 class=\"wp-block-heading\" id=\"h-slovak-grammar-the-key-to-unlocking-a-beautiful-language\">Gramatica slovac\u0103: cheia pentru deblocarea unei limbi frumoase<\/h2>\n\n\n\n<p>Ave\u021bi de g\u00e2nd s\u0103 \u00eenv\u0103\u021ba\u021bi slovaca sau doar sunte\u021bi curio\u0219i de gramatica sa unic\u0103? Sunte\u021bi \u00een locul potrivit! <a href=\"https:\/\/talkpal.ai\/slovak-grammar\/\">Gramatica slovac\u0103<\/a> poate p\u0103rea intimidant\u0103 la prima vedere, dar nu v\u0103 face\u021bi griji &#8211; este de fapt destul de logic\u0103 \u0219i u\u0219or de gestionat. \u00cen acest articol, vom explora detaliile gramaticii slovace pentru a v\u0103 ajuta s\u0103 \u00een\u021belege\u021bi \u0219i s\u0103 aprecia\u021bi mai bine frumuse\u021bea ei.<\/p>\n\n\n\n<p>\u00cen primul r\u00e2nd, s\u0103 \u00eencepem cu un mic istoric. Slovaca este o limb\u0103 slav\u0103 de vest vorbit\u0103 \u00een principal \u00een Slovacia, dar pute\u021bi g\u0103si vorbitori \u0219i \u00een \u021b\u0103rile din jur. Ca limb\u0103 slav\u0103, \u00eemp\u0103rt\u0103\u0219e\u0219te multe asem\u0103n\u0103ri cu alte limbi din regiune, cum ar fi ceha \u0219i poloneza. Cu toate acestea, are propriile reguli gramaticale distincte \u0219i modele de utilizare care \u00eel diferen\u021biaz\u0103.<\/p>\n\n\n\n<p>Acum, haide\u021bi s\u0103 trecem la unele dintre cele mai importante aspecte ale gramaticii slovace.<\/p>\n\n\n\n<h3 class=\"wp-block-heading\" id=\"h-1-nouns-and-their-cases\">1. Substantivele \u0219i cazurile lor<\/h3>\n\n\n\n<p>Una dintre cele mai izbitoare tr\u0103s\u0103turi ale gramaticii slovace este sistemul s\u0103u complex de cazuri. Dac\u0103 sunte\u021bi familiariza\u021bi cu limba german\u0103 sau <a href=\"https:\/\/talkpal.ai\/learn-russian\/\">rus\u0103<\/a>, ve\u021bi \u0219ti despre ce vorbim: Substantivele slovace \u00ee\u0219i schimb\u0103 forma \u00een func\u021bie de func\u021bia <a href=\"https:\/\/talkpal.ai\/culture\/how-do-i-use-pe-care-correctly\/\">pe care<\/a> o au \u00een propozi\u021bie. Cu \u0219apte cazuri (nominativ, genitiv, dativ, acuzativ, locativ, instrumental \u0219i vocativ), acest lucru poate p\u0103rea cople\u0219itor la \u00eenceput, dar nu renun\u021ba\u021bi! Odat\u0103 ce te-ai prins de ea, este incredibil de logic\u0103 \u0219i chiar distractiv\u0103.<\/p>\n\n\n\n<p>S\u0103 lu\u0103m ca exemplu substantivul &#8222;chlapec&#8221; (b\u0103iat). Se poate schimba \u00een &#8222;chlapca&#8221;, &#8222;chlapcovi&#8221;, &#8222;chlapcom&#8221; \u0219i a\u0219a mai departe, \u00een func\u021bie de faptul c\u0103 este subiectul, obiectul sau destinatarul unei ac\u021biuni. Termina\u021biile depind \u0219i de genul substantivului (masculin, feminin sau neutru), ceea ce confer\u0103 \u0219i mai mult\u0103 varietate limbii.<\/p>\n\n\n\n<h3 class=\"wp-block-heading\" id=\"h-2-verb-conjugation-and-tenses\">2. Conjugarea verbelor \u0219i timpurile<\/h3>\n\n\n\n<p>Verbele slovace \u00ee\u0219i schimb\u0103 termina\u021biile \u00een func\u021bie de persoana \u0219i num\u0103rul (singular sau plural) al subiectului. De exemplu, verbul &#8222;vidie\u0165&#8221; (a vedea) poate deveni &#8222;vid\u00edm&#8221; (eu v\u0103d), &#8222;vid\u00ed\u0161&#8221; (tu vezi), &#8222;vidia&#8221; (ei v\u0103d) \u0219i altele.<\/p>\n\n\n\n<p>Slovaca are trei timpuri principale: trecut, prezent \u0219i viitor. Interesant este c\u0103, spre deosebire de <a href=\"https:\/\/talkpal.ai\/learn-english-with-ai\/\">englez\u0103<\/a>, slovaca nu folose\u0219te de obicei verbe auxiliare pentru a forma aceste timpuri. \u00cen schimb, ele sunt formate prin schimbarea termina\u021biilor verbelor. De exemplu, &#8222;v\u0103d&#8221; este &#8222;vid\u00edm&#8221;, &#8222;am v\u0103zut&#8221; este &#8222;videl som&#8221;, iar &#8222;voi vedea&#8221; este &#8222;uvid\u00edm&#8221;.<\/p>\n\n\n\n<h3 class=\"wp-block-heading\" id=\"h-3-sentence-structure-and-word-order\">3. Structura propozi\u021biei \u0219i ordinea cuvintelor<\/h3>\n\n\n\n<p>Slovaca are o ordine a cuvintelor relativ flexibil\u0103, datorit\u0103 cazului substantivului \u0219i sistemului de conjugare a verbelor. Acest lucru \u00eenseamn\u0103 c\u0103, spre deosebire de limba englez\u0103, pute\u021bi plasa cuvintele \u00een pozi\u021bii diferite \u00een cadrul unei propozi\u021bii f\u0103r\u0103 a schimba sensul acesteia &#8211; de exemplu, &#8222;chlapec vid\u00ed psa&#8221; (b\u0103iatul vede c\u00e2inele) poate fi \u0219i &#8222;psa vid\u00ed chlapec&#8221; \u0219i are acela\u0219i <a href=\"https:\/\/talkpal.ai\/locations\/language-courses-in-sens\/\">sens<\/a>.<\/p>\n\n\n\n<p>Acestea fiind spuse, cea mai comun\u0103 ordine de cuvinte \u00een <a href=\"https:\/\/talkpal.ai\/learn-slovak\/\">slovac\u0103<\/a> este subiect-verb-obiect sau SVO. Acest lucru este similar cu engleza \u0219i este un punct de plecare excelent pentru cei care \u00eenva\u021b\u0103. Pe m\u0103sur\u0103 ce v\u0103 sim\u021bi\u021bi mai confortabil cu limba, pute\u021bi experimenta cu diferite ordini de cuvinte pentru a ad\u0103uga accent sau nuan\u021b\u0103 propozi\u021biilor dvs.<\/p>\n\n\n\n<h3 class=\"wp-block-heading\" id=\"h-4-adjectives-and-adverbs\">4. Adjective \u0219i adverbe<\/h3>\n\n\n\n<p>La fel ca \u00een multe alte limbi, adjectivele \u0219i adverbele \u00een slovac\u0103 sunt folosite pentru a descrie substantive \u0219i verbe. Cu toate acestea, ele vin, de asemenea, cu propriile reguli privind acordul de caz \u0219i acordul de gen, ceea ce poate face lucrurile pu\u021bin mai complicate. Din fericire, odat\u0103 ce st\u0103p\u00e2ne\u0219ti cazurile substantivale \u0219i conjug\u0103rile verbelor, aceste reguli vor veni mai natural.<\/p>\n\n\n\n<p>Deci, sunte\u021bi gata s\u0103 aborda\u021bi gramatica slovac\u0103? Cu mentalitatea \u0219i resursele potrivite, \u00eenv\u0103\u021barea limbii slovace este o experien\u021b\u0103 plin\u0103 de satisfac\u021bii care poate deschide u\u0219ile c\u0103tre o cultur\u0103 bogat\u0103 \u0219i o \u021bar\u0103 frumoas\u0103. Lua\u021bi-o pas cu pas, exersa\u021bi cu regularitate \u0219i nu v\u0103 teme\u021bi s\u0103 face\u021bi gre\u0219eli &#8211; p\u00e2n\u0103 la urm\u0103, a\u0219a \u00eenv\u0103\u021b\u0103m cu to\u021bii. Ve\u013ea \u0161\u0165astia! (Mult noroc!)<\/p>\n<\/div><\/div>\n\r\n<section class=\"learnNavigationSection\">\r\n            \r\n        <a href=\"https:\/\/talkpal.ai\/ro\/invata-slovaca\/\">\r\n            <div class=\"learnNavigationWrapper\">\r\n                <div class=\"learnNavigationContent\">\r\n                    <img decoding=\"async\" src=\"https:\/\/talkpal.ai\/wp-content\/uploads\/2024\/08\/Slovak.jpg\" alt=\"Slovak Flag\">\r\n                    <div>\r\n                        <h4>Despre \u00eenv\u0103\u021barea slovac\u0103<\/h4>\r\n                        <p>Afla\u021bi totul despre gramatica slovac\u0103.<\/p>\r\n                    <\/div>\r\n                <\/div>\r\n            <\/div>\r\n        <\/a>\r\n\r\n        \r\n        <a href=\"https:\/\/talkpal.ai\/ro\/exercitii-de-gramatica-slovaca\/\">\r\n            <div class=\"learnNavigationWrapper\">\r\n                <div class=\"learnNavigationContent\">\r\n                    <img decoding=\"async\" src=\"https:\/\/talkpal.ai\/wp-content\/uploads\/2024\/08\/Slovak.jpg\" alt=\"Slovak Flag\">\r\n                    <div>\r\n                        <h4>Exerci\u021biu de gramatic\u0103 slovac\u0103<\/h4>\r\n                        <p>Exersa\u021bi gramatica slovac\u0103.<\/p>\r\n                    <\/div>\r\n                <\/div>\r\n            <\/div>\r\n        <\/a>\r\n\r\n        \r\n        <a href=\"https:\/\/talkpal.ai\/vocabulary_language\/slovak\/\">\r\n            <div class=\"learnNavigationWrapper\">\r\n                <div class=\"learnNavigationContent\">\r\n                    <img decoding=\"async\" src=\"https:\/\/talkpal.ai\/wp-content\/uploads\/2024\/08\/Slovak.jpg\" alt=\"Slovak Flag\">\r\n                    <div>\r\n                        <h4>Vocabular slovac<\/h4>\r\n                        <p>Extinde\u021bi-v\u0103 vocabularul slovac.<\/p>\r\n                    <\/div>\r\n                <\/div>\r\n            <\/div>\r\n        <\/a>\r\n\r\n            <\/section>","protected":false},"excerpt":{"rendered":"<p>Gramatica slovac\u0103: cheia pentru deblocarea unei limbi frumoase Ave\u021bi de g\u00e2nd s\u0103 \u00eenv\u0103\u021ba\u021bi slovaca sau doar sunte\u021bi curio\u0219i de gramatica sa unic\u0103? Sunte\u021bi \u00een locul potrivit! Gramatica slovac\u0103 poate p\u0103rea intimidant\u0103 la prima vedere, dar nu v\u0103 face\u021bi griji &#8211; este de fapt destul de logic\u0103 \u0219i u\u0219or de gestionat. \u00cen acest articol, vom explora [&hellip;]<\/p>\n","protected":false},"author":1,"featured_media":118646,"parent":0,"menu_order":0,"comment_status":"closed","ping_status":"closed","template":"LearningContentPage.php","meta":{"_acf_changed":false,"footnotes":""},"class_list":["post-150258","page","type-page","status-publish","has-post-thumbnail","hentry"],"acf":[],"yoast_head":"<!-- This site is optimized with the Yoast SEO Premium plugin v27.2 (Yoast SEO v27.2) - https:\/\/yoast.com\/product\/yoast-seo-premium-wordpress\/ -->\n<title>Gramatica slovac\u0103 - Talkpal<\/title>\n<meta name=\"description\" content=\"\u00cenv\u0103\u021ba\u021bi gramatica slovac\u0103 cu explica\u021bii clare, exemple practice \u0219i exerci\u021bii interactive. \u00cembun\u0103t\u0103\u021be\u0219te-\u021bi abilit\u0103\u021bile!\" \/>\n<meta name=\"robots\" content=\"index, follow, max-snippet:-1, max-image-preview:large, max-video-preview:-1\" \/>\n<link rel=\"canonical\" href=\"https:\/\/talkpal.ai\/ro\/gramatica-slovaca\/\" \/>\n<meta property=\"og:locale\" content=\"ro_RO\" \/>\n<meta property=\"og:type\" content=\"article\" \/>\n<meta property=\"og:title\" content=\"Gramatica slovac\u0103\" \/>\n<meta property=\"og:description\" content=\"Gramatica slovac\u0103: cheia pentru deblocarea unei limbi frumoase Ave\u021bi de g\u00e2nd s\u0103 \u00eenv\u0103\u021ba\u021bi slovaca sau doar sunte\u021bi curio\u0219i de gramatica sa unic\u0103? Sunte\u021bi\" \/>\n<meta property=\"og:url\" content=\"https:\/\/talkpal.ai\/ro\/gramatica-slovaca\/\" \/>\n<meta property=\"og:site_name\" content=\"Talkpal\" \/>\n<meta property=\"article:publisher\" content=\"https:\/\/www.facebook.com\/profile.php?id=100090733639311\" \/>\n<meta property=\"article:modified_time\" content=\"2025-12-12T11:10:08+00:00\" \/>\n<meta property=\"og:image\" content=\"https:\/\/talkpal.ai\/wp-content\/uploads\/2023\/05\/slovakia.png\" \/>\n\t<meta property=\"og:image:width\" content=\"512\" \/>\n\t<meta property=\"og:image:height\" content=\"512\" \/>\n\t<meta property=\"og:image:type\" content=\"image\/png\" \/>\n<meta name=\"twitter:card\" content=\"summary_large_image\" \/>\n<meta name=\"twitter:site\" content=\"@talkpalai\" \/>\n<meta name=\"twitter:label1\" content=\"Timp estimat pentru citire\" \/>\n\t<meta name=\"twitter:data1\" content=\"4 minute\" \/>\n<script type=\"application\/ld+json\" class=\"yoast-schema-graph\">{\"@context\":\"https:\/\/schema.org\",\"@graph\":[{\"@type\":\"WebPage\",\"@id\":\"https:\/\/talkpal.ai\/ro\/gramatica-slovaca\/\",\"url\":\"https:\/\/talkpal.ai\/ro\/gramatica-slovaca\/\",\"name\":\"Gramatica slovac\u0103 - Talkpal\",\"isPartOf\":{\"@id\":\"https:\/\/talkpal.ai\/ro\/#website\"},\"primaryImageOfPage\":{\"@id\":\"https:\/\/talkpal.ai\/ro\/gramatica-slovaca\/#primaryimage\"},\"image\":{\"@id\":\"https:\/\/talkpal.ai\/ro\/gramatica-slovaca\/#primaryimage\"},\"thumbnailUrl\":\"https:\/\/talkpal.ai\/wp-content\/uploads\/2023\/05\/slovakia.png\",\"datePublished\":\"2023-05-14T14:19:49+00:00\",\"dateModified\":\"2025-12-12T11:10:08+00:00\",\"description\":\"\u00cenv\u0103\u021ba\u021bi gramatica slovac\u0103 cu explica\u021bii clare, exemple practice \u0219i exerci\u021bii interactive. \u00cembun\u0103t\u0103\u021be\u0219te-\u021bi abilit\u0103\u021bile!\",\"breadcrumb\":{\"@id\":\"https:\/\/talkpal.ai\/ro\/gramatica-slovaca\/#breadcrumb\"},\"inLanguage\":\"ro-RO\",\"potentialAction\":[{\"@type\":\"ReadAction\",\"target\":[\"https:\/\/talkpal.ai\/ro\/gramatica-slovaca\/\"]}]},{\"@type\":\"ImageObject\",\"inLanguage\":\"ro-RO\",\"@id\":\"https:\/\/talkpal.ai\/ro\/gramatica-slovaca\/#primaryimage\",\"url\":\"https:\/\/talkpal.ai\/wp-content\/uploads\/2023\/05\/slovakia.png\",\"contentUrl\":\"https:\/\/talkpal.ai\/wp-content\/uploads\/2023\/05\/slovakia.png\",\"width\":512,\"height\":512},{\"@type\":\"BreadcrumbList\",\"@id\":\"https:\/\/talkpal.ai\/ro\/gramatica-slovaca\/#breadcrumb\",\"itemListElement\":[{\"@type\":\"ListItem\",\"position\":1,\"name\":\"Homepage\",\"item\":\"https:\/\/talkpal.ai\/ro\/\"},{\"@type\":\"ListItem\",\"position\":2,\"name\":\"Gramatica slovac\u0103\"}]},{\"@type\":\"WebSite\",\"@id\":\"https:\/\/talkpal.ai\/ro\/#website\",\"url\":\"https:\/\/talkpal.ai\/ro\/\",\"name\":\"Talkpal\",\"description\":\"AI Language Learning\",\"publisher\":{\"@id\":\"https:\/\/talkpal.ai\/ro\/#organization\"},\"alternateName\":\"Talkpal AI\",\"potentialAction\":[{\"@type\":\"SearchAction\",\"target\":{\"@type\":\"EntryPoint\",\"urlTemplate\":\"https:\/\/talkpal.ai\/ro\/?s={search_term_string}\"},\"query-input\":{\"@type\":\"PropertyValueSpecification\",\"valueRequired\":true,\"valueName\":\"search_term_string\"}}],\"inLanguage\":\"ro-RO\"},{\"@type\":\"Organization\",\"@id\":\"https:\/\/talkpal.ai\/ro\/#organization\",\"name\":\"Talkpal, Inc.\",\"alternateName\":\"Talkpal AI\",\"url\":\"https:\/\/talkpal.ai\/ro\/\",\"logo\":{\"@type\":\"ImageObject\",\"inLanguage\":\"ro-RO\",\"@id\":\"https:\/\/talkpal.ai\/ro\/#\/schema\/logo\/image\/\",\"url\":\"https:\/\/talkpal.ai\/wp-content\/uploads\/2024\/03\/Talkpal-Logo-Icon.png\",\"contentUrl\":\"https:\/\/talkpal.ai\/wp-content\/uploads\/2024\/03\/Talkpal-Logo-Icon.png\",\"width\":2880,\"height\":2880,\"caption\":\"Talkpal, Inc.\"},\"image\":{\"@id\":\"https:\/\/talkpal.ai\/ro\/#\/schema\/logo\/image\/\"},\"sameAs\":[\"https:\/\/www.facebook.com\/profile.php?id=100090733639311\",\"https:\/\/x.com\/talkpalai\",\"https:\/\/www.linkedin.com\/company\/talkpal\/\",\"https:\/\/www.youtube.com\/@TalkPal\/\",\"https:\/\/www.tiktok.com\/@talkpal\",\"https:\/\/www.instagram.com\/talkpal_ai\/\",\"https:\/\/www.crunchbase.com\/organization\/talkpal-9cde\",\"https:\/\/www.g2.com\/products\/talkpal-for-business\/\",\"https:\/\/www.trustpilot.com\/review\/talkpal.ai\",\"https:\/\/www.capterra.com\/p\/10006800\/TalkPal\/\"],\"description\":\"Talkpal is a language learning web and mobile education app, powered by the latest AI technologies, that provides engaging experiences to its customers in many different languages to help them improve their language skills. Users can chat about unlimited amount of topics with the app and use other modes to practice their language learning.\",\"email\":\"support@talkpal.ai\",\"legalName\":\"Talkpal, Inc.\",\"foundingDate\":\"2023-04-03\",\"duns\":\"118989042\",\"numberOfEmployees\":{\"@type\":\"QuantitativeValue\",\"minValue\":\"11\",\"maxValue\":\"50\"},\"publishingPrinciples\":\"https:\/\/talkpal.ai\/publishing-principles\/\",\"actionableFeedbackPolicy\":\"https:\/\/talkpal.ai\/actionable-feedback-policy\/\",\"correctionsPolicy\":\"https:\/\/talkpal.ai\/corrections-policy\/\",\"ethicsPolicy\":\"https:\/\/talkpal.ai\/ethics-policy\/\",\"diversityPolicy\":\"https:\/\/talkpal.ai\/diversity-policy\/\",\"diversityStaffingReport\":\"https:\/\/talkpal.ai\/diversity-policy\/\"}]}<\/script>\n<!-- \/ Yoast SEO Premium plugin. -->","yoast_head_json":{"title":"Gramatica slovac\u0103 - Talkpal","description":"\u00cenv\u0103\u021ba\u021bi gramatica slovac\u0103 cu explica\u021bii clare, exemple practice \u0219i exerci\u021bii interactive. \u00cembun\u0103t\u0103\u021be\u0219te-\u021bi abilit\u0103\u021bile!","robots":{"index":"index","follow":"follow","max-snippet":"max-snippet:-1","max-image-preview":"max-image-preview:large","max-video-preview":"max-video-preview:-1"},"canonical":"https:\/\/talkpal.ai\/ro\/gramatica-slovaca\/","og_locale":"ro_RO","og_type":"article","og_title":"Gramatica slovac\u0103","og_description":"Gramatica slovac\u0103: cheia pentru deblocarea unei limbi frumoase Ave\u021bi de g\u00e2nd s\u0103 \u00eenv\u0103\u021ba\u021bi slovaca sau doar sunte\u021bi curio\u0219i de gramatica sa unic\u0103? Sunte\u021bi","og_url":"https:\/\/talkpal.ai\/ro\/gramatica-slovaca\/","og_site_name":"Talkpal","article_publisher":"https:\/\/www.facebook.com\/profile.php?id=100090733639311","article_modified_time":"2025-12-12T11:10:08+00:00","og_image":[{"width":512,"height":512,"url":"https:\/\/talkpal.ai\/wp-content\/uploads\/2023\/05\/slovakia.png","type":"image\/png"}],"twitter_card":"summary_large_image","twitter_site":"@talkpalai","twitter_misc":{"Timp estimat pentru citire":"4 minute"},"schema":{"@context":"https:\/\/schema.org","@graph":[{"@type":"WebPage","@id":"https:\/\/talkpal.ai\/ro\/gramatica-slovaca\/","url":"https:\/\/talkpal.ai\/ro\/gramatica-slovaca\/","name":"Gramatica slovac\u0103 - Talkpal","isPartOf":{"@id":"https:\/\/talkpal.ai\/ro\/#website"},"primaryImageOfPage":{"@id":"https:\/\/talkpal.ai\/ro\/gramatica-slovaca\/#primaryimage"},"image":{"@id":"https:\/\/talkpal.ai\/ro\/gramatica-slovaca\/#primaryimage"},"thumbnailUrl":"https:\/\/talkpal.ai\/wp-content\/uploads\/2023\/05\/slovakia.png","datePublished":"2023-05-14T14:19:49+00:00","dateModified":"2025-12-12T11:10:08+00:00","description":"\u00cenv\u0103\u021ba\u021bi gramatica slovac\u0103 cu explica\u021bii clare, exemple practice \u0219i exerci\u021bii interactive. \u00cembun\u0103t\u0103\u021be\u0219te-\u021bi abilit\u0103\u021bile!","breadcrumb":{"@id":"https:\/\/talkpal.ai\/ro\/gramatica-slovaca\/#breadcrumb"},"inLanguage":"ro-RO","potentialAction":[{"@type":"ReadAction","target":["https:\/\/talkpal.ai\/ro\/gramatica-slovaca\/"]}]},{"@type":"ImageObject","inLanguage":"ro-RO","@id":"https:\/\/talkpal.ai\/ro\/gramatica-slovaca\/#primaryimage","url":"https:\/\/talkpal.ai\/wp-content\/uploads\/2023\/05\/slovakia.png","contentUrl":"https:\/\/talkpal.ai\/wp-content\/uploads\/2023\/05\/slovakia.png","width":512,"height":512},{"@type":"BreadcrumbList","@id":"https:\/\/talkpal.ai\/ro\/gramatica-slovaca\/#breadcrumb","itemListElement":[{"@type":"ListItem","position":1,"name":"Homepage","item":"https:\/\/talkpal.ai\/ro\/"},{"@type":"ListItem","position":2,"name":"Gramatica slovac\u0103"}]},{"@type":"WebSite","@id":"https:\/\/talkpal.ai\/ro\/#website","url":"https:\/\/talkpal.ai\/ro\/","name":"Talkpal","description":"AI Language Learning","publisher":{"@id":"https:\/\/talkpal.ai\/ro\/#organization"},"alternateName":"Talkpal AI","potentialAction":[{"@type":"SearchAction","target":{"@type":"EntryPoint","urlTemplate":"https:\/\/talkpal.ai\/ro\/?s={search_term_string}"},"query-input":{"@type":"PropertyValueSpecification","valueRequired":true,"valueName":"search_term_string"}}],"inLanguage":"ro-RO"},{"@type":"Organization","@id":"https:\/\/talkpal.ai\/ro\/#organization","name":"Talkpal, Inc.","alternateName":"Talkpal AI","url":"https:\/\/talkpal.ai\/ro\/","logo":{"@type":"ImageObject","inLanguage":"ro-RO","@id":"https:\/\/talkpal.ai\/ro\/#\/schema\/logo\/image\/","url":"https:\/\/talkpal.ai\/wp-content\/uploads\/2024\/03\/Talkpal-Logo-Icon.png","contentUrl":"https:\/\/talkpal.ai\/wp-content\/uploads\/2024\/03\/Talkpal-Logo-Icon.png","width":2880,"height":2880,"caption":"Talkpal, Inc."},"image":{"@id":"https:\/\/talkpal.ai\/ro\/#\/schema\/logo\/image\/"},"sameAs":["https:\/\/www.facebook.com\/profile.php?id=100090733639311","https:\/\/x.com\/talkpalai","https:\/\/www.linkedin.com\/company\/talkpal\/","https:\/\/www.youtube.com\/@TalkPal\/","https:\/\/www.tiktok.com\/@talkpal","https:\/\/www.instagram.com\/talkpal_ai\/","https:\/\/www.crunchbase.com\/organization\/talkpal-9cde","https:\/\/www.g2.com\/products\/talkpal-for-business\/","https:\/\/www.trustpilot.com\/review\/talkpal.ai","https:\/\/www.capterra.com\/p\/10006800\/TalkPal\/"],"description":"Talkpal is a language learning web and mobile education app, powered by the latest AI technologies, that provides engaging experiences to its customers in many different languages to help them improve their language skills. Users can chat about unlimited amount of topics with the app and use other modes to practice their language learning.","email":"support@talkpal.ai","legalName":"Talkpal, Inc.","foundingDate":"2023-04-03","duns":"118989042","numberOfEmployees":{"@type":"QuantitativeValue","minValue":"11","maxValue":"50"},"publishingPrinciples":"https:\/\/talkpal.ai\/publishing-principles\/","actionableFeedbackPolicy":"https:\/\/talkpal.ai\/actionable-feedback-policy\/","correctionsPolicy":"https:\/\/talkpal.ai\/corrections-policy\/","ethicsPolicy":"https:\/\/talkpal.ai\/ethics-policy\/","diversityPolicy":"https:\/\/talkpal.ai\/diversity-policy\/","diversityStaffingReport":"https:\/\/talkpal.ai\/diversity-policy\/"}]}},"_links":{"self":[{"href":"https:\/\/talkpal.ai\/ro\/wp-json\/wp\/v2\/pages\/150258","targetHints":{"allow":["GET"]}}],"collection":[{"href":"https:\/\/talkpal.ai\/ro\/wp-json\/wp\/v2\/pages"}],"about":[{"href":"https:\/\/talkpal.ai\/ro\/wp-json\/wp\/v2\/types\/page"}],"author":[{"embeddable":true,"href":"https:\/\/talkpal.ai\/ro\/wp-json\/wp\/v2\/users\/1"}],"replies":[{"embeddable":true,"href":"https:\/\/talkpal.ai\/ro\/wp-json\/wp\/v2\/comments?post=150258"}],"version-history":[{"count":0,"href":"https:\/\/talkpal.ai\/ro\/wp-json\/wp\/v2\/pages\/150258\/revisions"}],"wp:featuredmedia":[{"embeddable":true,"href":"https:\/\/talkpal.ai\/ro\/wp-json\/wp\/v2\/media\/118646"}],"wp:attachment":[{"href":"https:\/\/talkpal.ai\/ro\/wp-json\/wp\/v2\/media?parent=150258"}],"curies":[{"name":"wp","href":"https:\/\/api.w.org\/{rel}","templated":true}]}}