{"id":149893,"date":"2023-05-14T14:19:26","date_gmt":"2023-05-14T14:19:26","guid":{"rendered":"http:\/\/talkpal.ai\/gramatica-sarba\/"},"modified":"2025-12-17T15:36:30","modified_gmt":"2025-12-17T15:36:30","slug":"gramatica-sarba","status":"publish","type":"page","link":"https:\/\/talkpal.ai\/ro\/gramatica-sarba\/","title":{"rendered":"Gramatica s\u00e2rb\u0103"},"content":{"rendered":"\r\n\r\n\r\n<section class=\"languageChallengeSection\">\r\n    <div class=\"languageInfoWrapper\">\r\n        \r\n        <h1>Gramatica s\u00e2rb\u0103<\/h1>\r\n        <p>\u00cencepe\u021bi-v\u0103 aventura \u00een limba rus\u0103 \u0219i deschide\u021bi-v\u0103 por\u021bile c\u0103tre o cultur\u0103 \u0219i o istorie bogate. St\u0103p\u00e2nirea gramaticii \u0219i a vocabularului limbii ruse v\u0103 va spori oportunit\u0103\u021bile de c\u0103l\u0103torie, carier\u0103 \u0219i comunicare. \u00cencepe\u021bi s\u0103 \u00eenv\u0103\u021ba\u021bi limba rus\u0103 ast\u0103zi \u0219i face\u021bi primul pas spre fluen\u021b\u0103!\n\n<\/p>\r\n\r\n                            <a class=\"getStartedHidden\" href=\"https:\/\/app.talkpal.ai\/ro\/signup?lng=\">\u00cencepe<\/a>\r\n        \r\n    <\/div>\r\n\r\n    <figure>\r\n    <img decoding=\"async\" width=\"768\" height=\"768\" src=\"https:\/\/talkpal.ai\/wp-content\/uploads\/2023\/06\/serbian-768x768.png\" class=\"languageImage no-lazy\" alt=\"Fast-track to fluency with language learning\" fetchpriority=\"high\" sizes=\"(max-width: 768px) 150px, 768px\" srcset=\"https:\/\/talkpal.ai\/wp-content\/uploads\/2023\/06\/serbian-768x768.png 768w, https:\/\/talkpal.ai\/wp-content\/uploads\/2023\/06\/serbian-300x300.png 300w\" \/>\r\n    \r\n\r\n    <\/figure>\r\n\r\n            <a class=\"getStartedVisible\" href=\"https:\/\/app.talkpal.ai\/ro\/signup?lng=\">\u00cencepe<\/a>\r\n    \r\n<\/section>\r\n<section class=\"promotionalBanner\">\r\n    <p class=\"promotionalText\">Cel mai eficient mod de a \u00eenv\u0103\u021ba o limb\u0103<\/p>\r\n    <a class=\"promotionalLink\" href=\"https:\/\/app.talkpal.ai\/ro\/signup?lng=\">\u00cencerca\u021bi Talkpal gratuit<\/a>\r\n<\/section>\n<div class=\"wp-block-group pageContainerStyle\"><div class=\"wp-block-group__inner-container is-layout-constrained wp-block-group-is-layout-constrained\">\n<h1 class=\"wp-block-heading\" id=\"h-serbian-grammar-unraveling-the-intricacies-of-the-south-slavic-language\">Gramatica s\u00e2rb\u0103: dezv\u0103luirea complexit\u0103\u021bii limbii slave sudice<\/h1>\n\n\n\n<p>Apel c\u0103tre to\u021bi pasiona\u021bii de <a href=\"https:\/\/talkpal.ai\/ro\/tutor-de-limbi-straine\/\">limbi str\u0103ine<\/a> \u0219i pasiona\u021bii de Balcani! Te-ai g\u00e2ndit vreodat\u0103 s\u0103 te scufunzi \u00een lumea gramaticii s\u00e2rbe? S\u00e2rba, o limb\u0103 slav\u0103 de sud, este limba oficial\u0103 a Serbiei \u0219i una dintre limbile oficiale ale Bosniei \u0219i Her\u021begovinei. Cu aproximativ 9 milioane de vorbitori nativi, aceast\u0103 limb\u0103 intrigant\u0103 \u00eemp\u0103rt\u0103\u0219e\u0219te asem\u0103n\u0103ri cu <a href=\"https:\/\/talkpal.ai\/learn-croatian\/\">croata<\/a>, bosniaca \u0219i muntenegreana, dar are tr\u0103s\u0103turi distinctive care o diferen\u021biaz\u0103. \u00cen acest articol, vom explora aspectele fascinante ale gramaticii s\u00e2rbe\u0219ti.<\/p>\n\n\n\n<h3 class=\"wp-block-heading\" id=\"h-the-dual-alphabet-cyrillic-and-latin\">Alfabetul dual: chirilic \u0219i latin<\/h3>\n\n\n\n<p>Unul dintre primele lucruri <a href=\"https:\/\/talkpal.ai\/culture\/how-do-i-use-pe-care-correctly\/\">pe care<\/a> le ve\u021bi observa la s\u00e2rb\u0103 este folosirea a dou\u0103 alfabete: chirilic \u0219i latin. Alfabetul chirilic <a href=\"https:\/\/talkpal.ai\/learn-serbian\/\">s\u00e2rb<\/a>, cu 30 de litere, a fost standardizat de lingvistul Vuk Karad\u017ei\u0107 \u00een 1818 \u0219i este alfabetul oficial al \u021b\u0103rii. Cu toate acestea, alfabetul latin, format \u0219i din 30 de litere, este utilizat pe scar\u0103 larg\u0103, \u00een special pentru comunicarea digital\u0103 \u0219i contextele informale. Utilizarea a dou\u0103 alfabete confer\u0103 limbii s\u00e2rbe un caracter unic, versatil.<\/p>\n\n\n\n<h3 class=\"wp-block-heading\" id=\"h-the-building-blocks-nouns-pronouns-and-cases\">Blocurile de construc\u021bie: substantive, pronume \u0219i cazuri<\/h3>\n\n\n\n<p>Ca \u0219i alte limbi slave, <a href=\"https:\/\/talkpal.ai\/serbian-grammar\/\">gramatica s\u00e2rb\u0103<\/a> se \u00eenv\u00e2rte \u00een jurul flexiunii, unde cuvintele \u00ee\u0219i schimb\u0103 termina\u021biile \u00een func\u021bie de func\u021bia lor gramatical\u0103. Acest lucru este cel mai evident \u00een substantive, pronume \u0219i adjective. S\u00e2rba are \u0219apte cazuri:<\/p>\n\n\n\n<p><strong>1. Nominativ &#8211; indic\u0103 subiectul unei propozi\u021bii<\/strong><\/p>\n\n\n\n<p><strong>2. Genitiv &#8211; arat\u0103 posesia, obiect al nega\u021biei sau sens partitiv<\/strong><\/p>\n\n\n\n<p><strong>3. Dativul &#8211; marcheaz\u0103 obiectul indirect<\/strong><\/p>\n\n\n\n<p><strong>4. Acuzativ &#8211; semnific\u0103 obiectul direct<\/strong><\/p>\n\n\n\n<p><strong>5. Vocativ &#8211; folosit pentru a se adresa sau a chema pe cineva<\/strong><\/p>\n\n\n\n<p><strong>6. Instrumental &#8211; exprim\u0103 mijloacele sau metoda unei ac\u021biuni<\/strong><\/p>\n\n\n\n<p><strong>7. Locativ &#8211; precizeaz\u0103 locul sau obiectul anumitor prepozi\u021bii<\/strong><\/p>\n\n\n\n<p>Substantivele s\u00e2rbe au trei genuri (masculin, feminin \u0219i neutru) \u0219i dou\u0103 numere (singular \u0219i plural). Termina\u021biile specifice pentru fiecare gen \u0219i num\u0103r variaz\u0103 \u00een func\u021bie de caz, a\u0219a c\u0103 este esen\u021bial s\u0103 memora\u021bi aceste termina\u021bii pentru a construi propozi\u021bii corecte din punct de vedere gramatical.<\/p>\n\n\n\n<h3 class=\"wp-block-heading\" id=\"h-get-moving-with-verbs-tenses-aspects-and-moods\">Pune-te \u00een mi\u0219care cu verbele: timpuri, aspecte \u0219i st\u0103ri<\/h3>\n\n\n\n<p>Verbele s\u00e2rbe prezint\u0103 complexit\u0103\u021bi fascinante cu timpurile lor (trecut, prezent \u0219i viitor), aspecte (perfective \u0219i imperfective) \u0219i st\u0103ri (indicative, imperative \u0219i condi\u021bionate). Aspectul joac\u0103 un rol semnificativ \u00een verbele s\u00e2rbe\u0219ti, deoarece transmite dac\u0103 o ac\u021biune este v\u0103zut\u0103 ca finalizat\u0103 (perfectiv\u0103) sau continu\u0103 (imperfectiv\u0103). Multe verbe vin \u00een perechi care indic\u0103 diferitele aspecte, adesea prin utilizarea unor prefixe sau sufixe specifice.<\/p>\n\n\n\n<h3 class=\"wp-block-heading\" id=\"h-adjectives-adverbs-and-all-that-jazz\">Adjective, adverbe \u0219i tot jazz-ul<\/h3>\n\n\n\n<p>Adjectivele s\u00e2rbe\u0219ti sunt \u00een acord cu substantivele pe care le modific\u0103 \u00een termeni de gen, num\u0103r \u0219i caz. Ele au, de asemenea, <a href=\"https:\/\/talkpal.ai\/hi\/grammar_exercises\/forme-comparative-%e0%a4%87%e0%a4%a4%e0%a4%be%e0%a4%b2%e0%a4%b5%e0%a5%80-%e0%a4%b5%e0%a5%8d%e0%a4%af%e0%a4%be%e0%a4%95%e0%a4%b0%e0%a4%a3-%e0%a4%95%e0%a5%87-%e0%a4%b2%e0%a4%bf%e0%a4%8f-%e0%a4%b5\/\">forme comparative<\/a> \u0219i superlative pentru a exprima diferite grade de calit\u0103\u021bi. \u00cen plus, adverbele sunt adesea derivate din adjective \u0219i transmit diverse semnifica\u021bii, cum ar fi timpul, maniera, locul \u0219i gradul.<\/p>\n\n\n\n<p>Limba s\u00e2rb\u0103 se m\u00e2ndre\u0219te, de asemenea, cu o serie de conjunc\u021bii, prepozi\u021bii, cifre \u0219i particule care contribuie la frumuse\u021bea limbii \u0219i ajut\u0103 la crearea unor propozi\u021bii complexe \u0219i semnificative.<\/p>\n\n\n\n<h3 class=\"wp-block-heading\" id=\"h-embracing-the-world-of-serbian-grammar\">\u00cembr\u0103\u021bi\u0219\u00e2nd lumea gramaticii s\u00e2rbe<\/h3>\n\n\n\n<p><a href=\"https:\/\/talkpal.ai\/serbian-grammar\/\">Gramatica s\u00e2rb\u0103<\/a> ar putea p\u0103rea cople\u0219itoare la prima vedere. Cu toate acestea, pe m\u0103sur\u0103 ce ve\u021bi p\u0103trunde mai ad\u00e2nc \u00een peisajul s\u0103u bogat de cazuri, aspecte \u0219i ciud\u0103\u021benii lingvistice, ve\u021bi descoperi un limbaj vibrant \u0219i expresiv. \u00cenv\u0103\u021barea limbii s\u00e2rbe nu numai c\u0103 v\u0103 va ascu\u021bi \u00een\u021belegerea familiei de limbi slave, ci v\u0103 va ajuta s\u0103 v\u0103 conecta\u021bi cu o istorie \u0219i o cultur\u0103 captivant\u0103.<\/p>\n\n\n\n<p>Deci, de ce s\u0103 nu accept\u0103m provocarea de a explora gramatica s\u00e2rb\u0103 \u00een continuare? Cu perseveren\u021b\u0103 \u0219i pasiune, s-ar putea ca \u00eentr-o zi s\u0103 te treze\u0219ti plimb\u00e2ndu-te pe str\u0103zile Belgradului, angaj\u00e2ndu-te \u00een conversa\u021bii pline de via\u021b\u0103 cu localnicii \u00een limba lor matern\u0103. Spor la invatat!<\/p>\n<\/div><\/div>\n\r\n<section class=\"learnNavigationSection\">\r\n            \r\n        <a href=\"https:\/\/talkpal.ai\/ro\/invata-sarba\/\">\r\n            <div class=\"learnNavigationWrapper\">\r\n                <div class=\"learnNavigationContent\">\r\n                    <img decoding=\"async\" src=\"https:\/\/talkpal.ai\/wp-content\/uploads\/2024\/08\/Serbian.jpg\" alt=\"Serbian Flag\">\r\n                    <div>\r\n                        <h4>Despre Serbia Learning<\/h4>\r\n                        <p>Afla\u021bi totul despre gramatica din Serbia.<\/p>\r\n                    <\/div>\r\n                <\/div>\r\n            <\/div>\r\n        <\/a>\r\n\r\n        \r\n        <a href=\"https:\/\/talkpal.ai\/ro\/exercitii-de-gramatica-sarba\/\">\r\n            <div class=\"learnNavigationWrapper\">\r\n                <div class=\"learnNavigationContent\">\r\n                    <img decoding=\"async\" src=\"https:\/\/talkpal.ai\/wp-content\/uploads\/2024\/08\/Serbian.jpg\" alt=\"Serbian Flag\">\r\n                    <div>\r\n                        <h4>Exerci\u021biu de gramatic\u0103 s\u00e2rb\u0103<\/h4>\r\n                        <p>Exersa\u021bi gramatica s\u00e2rb\u0103.<\/p>\r\n                    <\/div>\r\n                <\/div>\r\n            <\/div>\r\n        <\/a>\r\n\r\n        \r\n        <a href=\"https:\/\/talkpal.ai\/vocabulary_language\/serbian\/\">\r\n            <div class=\"learnNavigationWrapper\">\r\n                <div class=\"learnNavigationContent\">\r\n                    <img decoding=\"async\" src=\"https:\/\/talkpal.ai\/wp-content\/uploads\/2024\/08\/Serbian.jpg\" alt=\"Serbian Flag\">\r\n                    <div>\r\n                        <h4>Vocabular s\u00e2rbesc<\/h4>\r\n                        <p>Extinde\u021bi-v\u0103 vocabularul s\u00e2rbesc.<\/p>\r\n                    <\/div>\r\n                <\/div>\r\n            <\/div>\r\n        <\/a>\r\n\r\n            <\/section>","protected":false},"excerpt":{"rendered":"<p>Gramatica s\u00e2rb\u0103: dezv\u0103luirea complexit\u0103\u021bii limbii slave sudice Apel c\u0103tre to\u021bi pasiona\u021bii de limbi str\u0103ine \u0219i pasiona\u021bii de Balcani! Te-ai g\u00e2ndit vreodat\u0103 s\u0103 te scufunzi \u00een lumea gramaticii s\u00e2rbe? S\u00e2rba, o limb\u0103 slav\u0103 de sud, este limba oficial\u0103 a Serbiei \u0219i una dintre limbile oficiale ale Bosniei \u0219i Her\u021begovinei. Cu aproximativ 9 milioane de vorbitori nativi, [&hellip;]<\/p>\n","protected":false},"author":1,"featured_media":118162,"parent":0,"menu_order":0,"comment_status":"closed","ping_status":"closed","template":"LearningContentPage.php","meta":{"_acf_changed":false,"footnotes":""},"class_list":["post-149893","page","type-page","status-publish","has-post-thumbnail","hentry"],"acf":[],"yoast_head":"<!-- This site is optimized with the Yoast SEO Premium plugin v27.2 (Yoast SEO v27.2) - https:\/\/yoast.com\/product\/yoast-seo-premium-wordpress\/ -->\n<title>Gramatica s\u00e2rb\u0103 - Talkpal<\/title>\n<meta name=\"description\" content=\"Explora\u021bi complexitatea gramaticii s\u00e2rbe \u0219i descoperi\u021bi caracteristicile unice care o deosebesc de alte limbi balcanice.\" \/>\n<meta name=\"robots\" content=\"index, follow, max-snippet:-1, max-image-preview:large, max-video-preview:-1\" \/>\n<link rel=\"canonical\" href=\"https:\/\/talkpal.ai\/ro\/gramatica-sarba\/\" \/>\n<meta property=\"og:locale\" content=\"ro_RO\" \/>\n<meta property=\"og:type\" content=\"article\" \/>\n<meta property=\"og:title\" content=\"Gramatica s\u00e2rb\u0103\" \/>\n<meta property=\"og:description\" content=\"Gramatica s\u00e2rb\u0103: dezv\u0103luirea complexit\u0103\u021bii limbii slave sudice Apel c\u0103tre to\u021bi pasiona\u021bii de limbi str\u0103ine \u0219i pasiona\u021bii de Balcani! Te-ai g\u00e2ndit vreodat\u0103\" \/>\n<meta property=\"og:url\" content=\"https:\/\/talkpal.ai\/ro\/gramatica-sarba\/\" \/>\n<meta property=\"og:site_name\" content=\"Talkpal\" \/>\n<meta property=\"article:publisher\" content=\"https:\/\/www.facebook.com\/profile.php?id=100090733639311\" \/>\n<meta property=\"article:modified_time\" content=\"2025-12-17T15:36:30+00:00\" \/>\n<meta property=\"og:image\" content=\"https:\/\/talkpal.ai\/wp-content\/uploads\/2023\/05\/serbia.png\" \/>\n\t<meta property=\"og:image:width\" content=\"512\" \/>\n\t<meta property=\"og:image:height\" content=\"512\" \/>\n\t<meta property=\"og:image:type\" content=\"image\/png\" \/>\n<meta name=\"twitter:card\" content=\"summary_large_image\" \/>\n<meta name=\"twitter:site\" content=\"@talkpalai\" \/>\n<meta name=\"twitter:label1\" content=\"Timp estimat pentru citire\" \/>\n\t<meta name=\"twitter:data1\" content=\"3 minute\" \/>\n<script type=\"application\/ld+json\" class=\"yoast-schema-graph\">{\"@context\":\"https:\/\/schema.org\",\"@graph\":[{\"@type\":\"WebPage\",\"@id\":\"https:\/\/talkpal.ai\/ro\/gramatica-sarba\/\",\"url\":\"https:\/\/talkpal.ai\/ro\/gramatica-sarba\/\",\"name\":\"Gramatica s\u00e2rb\u0103 - Talkpal\",\"isPartOf\":{\"@id\":\"https:\/\/talkpal.ai\/ro\/#website\"},\"primaryImageOfPage\":{\"@id\":\"https:\/\/talkpal.ai\/ro\/gramatica-sarba\/#primaryimage\"},\"image\":{\"@id\":\"https:\/\/talkpal.ai\/ro\/gramatica-sarba\/#primaryimage\"},\"thumbnailUrl\":\"https:\/\/talkpal.ai\/wp-content\/uploads\/2023\/05\/serbia.png\",\"datePublished\":\"2023-05-14T14:19:26+00:00\",\"dateModified\":\"2025-12-17T15:36:30+00:00\",\"description\":\"Explora\u021bi complexitatea gramaticii s\u00e2rbe \u0219i descoperi\u021bi caracteristicile unice care o deosebesc de alte limbi balcanice.\",\"breadcrumb\":{\"@id\":\"https:\/\/talkpal.ai\/ro\/gramatica-sarba\/#breadcrumb\"},\"inLanguage\":\"ro-RO\",\"potentialAction\":[{\"@type\":\"ReadAction\",\"target\":[\"https:\/\/talkpal.ai\/ro\/gramatica-sarba\/\"]}]},{\"@type\":\"ImageObject\",\"inLanguage\":\"ro-RO\",\"@id\":\"https:\/\/talkpal.ai\/ro\/gramatica-sarba\/#primaryimage\",\"url\":\"https:\/\/talkpal.ai\/wp-content\/uploads\/2023\/05\/serbia.png\",\"contentUrl\":\"https:\/\/talkpal.ai\/wp-content\/uploads\/2023\/05\/serbia.png\",\"width\":512,\"height\":512},{\"@type\":\"BreadcrumbList\",\"@id\":\"https:\/\/talkpal.ai\/ro\/gramatica-sarba\/#breadcrumb\",\"itemListElement\":[{\"@type\":\"ListItem\",\"position\":1,\"name\":\"Homepage\",\"item\":\"https:\/\/talkpal.ai\/ro\/\"},{\"@type\":\"ListItem\",\"position\":2,\"name\":\"Gramatica s\u00e2rb\u0103\"}]},{\"@type\":\"WebSite\",\"@id\":\"https:\/\/talkpal.ai\/ro\/#website\",\"url\":\"https:\/\/talkpal.ai\/ro\/\",\"name\":\"Talkpal\",\"description\":\"AI Language Learning\",\"publisher\":{\"@id\":\"https:\/\/talkpal.ai\/ro\/#organization\"},\"alternateName\":\"Talkpal AI\",\"potentialAction\":[{\"@type\":\"SearchAction\",\"target\":{\"@type\":\"EntryPoint\",\"urlTemplate\":\"https:\/\/talkpal.ai\/ro\/?s={search_term_string}\"},\"query-input\":{\"@type\":\"PropertyValueSpecification\",\"valueRequired\":true,\"valueName\":\"search_term_string\"}}],\"inLanguage\":\"ro-RO\"},{\"@type\":\"Organization\",\"@id\":\"https:\/\/talkpal.ai\/ro\/#organization\",\"name\":\"Talkpal, Inc.\",\"alternateName\":\"Talkpal AI\",\"url\":\"https:\/\/talkpal.ai\/ro\/\",\"logo\":{\"@type\":\"ImageObject\",\"inLanguage\":\"ro-RO\",\"@id\":\"https:\/\/talkpal.ai\/ro\/#\/schema\/logo\/image\/\",\"url\":\"https:\/\/talkpal.ai\/wp-content\/uploads\/2024\/03\/Talkpal-Logo-Icon.png\",\"contentUrl\":\"https:\/\/talkpal.ai\/wp-content\/uploads\/2024\/03\/Talkpal-Logo-Icon.png\",\"width\":2880,\"height\":2880,\"caption\":\"Talkpal, Inc.\"},\"image\":{\"@id\":\"https:\/\/talkpal.ai\/ro\/#\/schema\/logo\/image\/\"},\"sameAs\":[\"https:\/\/www.facebook.com\/profile.php?id=100090733639311\",\"https:\/\/x.com\/talkpalai\",\"https:\/\/www.linkedin.com\/company\/talkpal\/\",\"https:\/\/www.youtube.com\/@TalkPal\/\",\"https:\/\/www.tiktok.com\/@talkpal\",\"https:\/\/www.instagram.com\/talkpal_ai\/\",\"https:\/\/www.crunchbase.com\/organization\/talkpal-9cde\",\"https:\/\/www.g2.com\/products\/talkpal-for-business\/\",\"https:\/\/www.trustpilot.com\/review\/talkpal.ai\",\"https:\/\/www.capterra.com\/p\/10006800\/TalkPal\/\"],\"description\":\"Talkpal is a language learning web and mobile education app, powered by the latest AI technologies, that provides engaging experiences to its customers in many different languages to help them improve their language skills. Users can chat about unlimited amount of topics with the app and use other modes to practice their language learning.\",\"email\":\"support@talkpal.ai\",\"legalName\":\"Talkpal, Inc.\",\"foundingDate\":\"2023-04-03\",\"duns\":\"118989042\",\"numberOfEmployees\":{\"@type\":\"QuantitativeValue\",\"minValue\":\"11\",\"maxValue\":\"50\"},\"publishingPrinciples\":\"https:\/\/talkpal.ai\/publishing-principles\/\",\"actionableFeedbackPolicy\":\"https:\/\/talkpal.ai\/actionable-feedback-policy\/\",\"correctionsPolicy\":\"https:\/\/talkpal.ai\/corrections-policy\/\",\"ethicsPolicy\":\"https:\/\/talkpal.ai\/ethics-policy\/\",\"diversityPolicy\":\"https:\/\/talkpal.ai\/diversity-policy\/\",\"diversityStaffingReport\":\"https:\/\/talkpal.ai\/diversity-policy\/\"}]}<\/script>\n<!-- \/ Yoast SEO Premium plugin. -->","yoast_head_json":{"title":"Gramatica s\u00e2rb\u0103 - Talkpal","description":"Explora\u021bi complexitatea gramaticii s\u00e2rbe \u0219i descoperi\u021bi caracteristicile unice care o deosebesc de alte limbi balcanice.","robots":{"index":"index","follow":"follow","max-snippet":"max-snippet:-1","max-image-preview":"max-image-preview:large","max-video-preview":"max-video-preview:-1"},"canonical":"https:\/\/talkpal.ai\/ro\/gramatica-sarba\/","og_locale":"ro_RO","og_type":"article","og_title":"Gramatica s\u00e2rb\u0103","og_description":"Gramatica s\u00e2rb\u0103: dezv\u0103luirea complexit\u0103\u021bii limbii slave sudice Apel c\u0103tre to\u021bi pasiona\u021bii de limbi str\u0103ine \u0219i pasiona\u021bii de Balcani! Te-ai g\u00e2ndit vreodat\u0103","og_url":"https:\/\/talkpal.ai\/ro\/gramatica-sarba\/","og_site_name":"Talkpal","article_publisher":"https:\/\/www.facebook.com\/profile.php?id=100090733639311","article_modified_time":"2025-12-17T15:36:30+00:00","og_image":[{"width":512,"height":512,"url":"https:\/\/talkpal.ai\/wp-content\/uploads\/2023\/05\/serbia.png","type":"image\/png"}],"twitter_card":"summary_large_image","twitter_site":"@talkpalai","twitter_misc":{"Timp estimat pentru citire":"3 minute"},"schema":{"@context":"https:\/\/schema.org","@graph":[{"@type":"WebPage","@id":"https:\/\/talkpal.ai\/ro\/gramatica-sarba\/","url":"https:\/\/talkpal.ai\/ro\/gramatica-sarba\/","name":"Gramatica s\u00e2rb\u0103 - Talkpal","isPartOf":{"@id":"https:\/\/talkpal.ai\/ro\/#website"},"primaryImageOfPage":{"@id":"https:\/\/talkpal.ai\/ro\/gramatica-sarba\/#primaryimage"},"image":{"@id":"https:\/\/talkpal.ai\/ro\/gramatica-sarba\/#primaryimage"},"thumbnailUrl":"https:\/\/talkpal.ai\/wp-content\/uploads\/2023\/05\/serbia.png","datePublished":"2023-05-14T14:19:26+00:00","dateModified":"2025-12-17T15:36:30+00:00","description":"Explora\u021bi complexitatea gramaticii s\u00e2rbe \u0219i descoperi\u021bi caracteristicile unice care o deosebesc de alte limbi balcanice.","breadcrumb":{"@id":"https:\/\/talkpal.ai\/ro\/gramatica-sarba\/#breadcrumb"},"inLanguage":"ro-RO","potentialAction":[{"@type":"ReadAction","target":["https:\/\/talkpal.ai\/ro\/gramatica-sarba\/"]}]},{"@type":"ImageObject","inLanguage":"ro-RO","@id":"https:\/\/talkpal.ai\/ro\/gramatica-sarba\/#primaryimage","url":"https:\/\/talkpal.ai\/wp-content\/uploads\/2023\/05\/serbia.png","contentUrl":"https:\/\/talkpal.ai\/wp-content\/uploads\/2023\/05\/serbia.png","width":512,"height":512},{"@type":"BreadcrumbList","@id":"https:\/\/talkpal.ai\/ro\/gramatica-sarba\/#breadcrumb","itemListElement":[{"@type":"ListItem","position":1,"name":"Homepage","item":"https:\/\/talkpal.ai\/ro\/"},{"@type":"ListItem","position":2,"name":"Gramatica s\u00e2rb\u0103"}]},{"@type":"WebSite","@id":"https:\/\/talkpal.ai\/ro\/#website","url":"https:\/\/talkpal.ai\/ro\/","name":"Talkpal","description":"AI Language Learning","publisher":{"@id":"https:\/\/talkpal.ai\/ro\/#organization"},"alternateName":"Talkpal AI","potentialAction":[{"@type":"SearchAction","target":{"@type":"EntryPoint","urlTemplate":"https:\/\/talkpal.ai\/ro\/?s={search_term_string}"},"query-input":{"@type":"PropertyValueSpecification","valueRequired":true,"valueName":"search_term_string"}}],"inLanguage":"ro-RO"},{"@type":"Organization","@id":"https:\/\/talkpal.ai\/ro\/#organization","name":"Talkpal, Inc.","alternateName":"Talkpal AI","url":"https:\/\/talkpal.ai\/ro\/","logo":{"@type":"ImageObject","inLanguage":"ro-RO","@id":"https:\/\/talkpal.ai\/ro\/#\/schema\/logo\/image\/","url":"https:\/\/talkpal.ai\/wp-content\/uploads\/2024\/03\/Talkpal-Logo-Icon.png","contentUrl":"https:\/\/talkpal.ai\/wp-content\/uploads\/2024\/03\/Talkpal-Logo-Icon.png","width":2880,"height":2880,"caption":"Talkpal, Inc."},"image":{"@id":"https:\/\/talkpal.ai\/ro\/#\/schema\/logo\/image\/"},"sameAs":["https:\/\/www.facebook.com\/profile.php?id=100090733639311","https:\/\/x.com\/talkpalai","https:\/\/www.linkedin.com\/company\/talkpal\/","https:\/\/www.youtube.com\/@TalkPal\/","https:\/\/www.tiktok.com\/@talkpal","https:\/\/www.instagram.com\/talkpal_ai\/","https:\/\/www.crunchbase.com\/organization\/talkpal-9cde","https:\/\/www.g2.com\/products\/talkpal-for-business\/","https:\/\/www.trustpilot.com\/review\/talkpal.ai","https:\/\/www.capterra.com\/p\/10006800\/TalkPal\/"],"description":"Talkpal is a language learning web and mobile education app, powered by the latest AI technologies, that provides engaging experiences to its customers in many different languages to help them improve their language skills. Users can chat about unlimited amount of topics with the app and use other modes to practice their language learning.","email":"support@talkpal.ai","legalName":"Talkpal, Inc.","foundingDate":"2023-04-03","duns":"118989042","numberOfEmployees":{"@type":"QuantitativeValue","minValue":"11","maxValue":"50"},"publishingPrinciples":"https:\/\/talkpal.ai\/publishing-principles\/","actionableFeedbackPolicy":"https:\/\/talkpal.ai\/actionable-feedback-policy\/","correctionsPolicy":"https:\/\/talkpal.ai\/corrections-policy\/","ethicsPolicy":"https:\/\/talkpal.ai\/ethics-policy\/","diversityPolicy":"https:\/\/talkpal.ai\/diversity-policy\/","diversityStaffingReport":"https:\/\/talkpal.ai\/diversity-policy\/"}]}},"_links":{"self":[{"href":"https:\/\/talkpal.ai\/ro\/wp-json\/wp\/v2\/pages\/149893","targetHints":{"allow":["GET"]}}],"collection":[{"href":"https:\/\/talkpal.ai\/ro\/wp-json\/wp\/v2\/pages"}],"about":[{"href":"https:\/\/talkpal.ai\/ro\/wp-json\/wp\/v2\/types\/page"}],"author":[{"embeddable":true,"href":"https:\/\/talkpal.ai\/ro\/wp-json\/wp\/v2\/users\/1"}],"replies":[{"embeddable":true,"href":"https:\/\/talkpal.ai\/ro\/wp-json\/wp\/v2\/comments?post=149893"}],"version-history":[{"count":0,"href":"https:\/\/talkpal.ai\/ro\/wp-json\/wp\/v2\/pages\/149893\/revisions"}],"wp:featuredmedia":[{"embeddable":true,"href":"https:\/\/talkpal.ai\/ro\/wp-json\/wp\/v2\/media\/118162"}],"wp:attachment":[{"href":"https:\/\/talkpal.ai\/ro\/wp-json\/wp\/v2\/media?parent=149893"}],"curies":[{"name":"wp","href":"https:\/\/api.w.org\/{rel}","templated":true}]}}