{"id":149022,"date":"2023-05-14T14:18:46","date_gmt":"2023-05-14T14:18:46","guid":{"rendered":"http:\/\/talkpal.ai\/gramatica-poloneza\/"},"modified":"2025-12-17T17:14:50","modified_gmt":"2025-12-17T17:14:50","slug":"gramatica-poloneza","status":"publish","type":"page","link":"https:\/\/talkpal.ai\/ro\/gramatica-poloneza\/","title":{"rendered":"Gramatica polonez\u0103"},"content":{"rendered":"\r\n\r\n\r\n<section class=\"languageChallengeSection\">\r\n    <div class=\"languageInfoWrapper\">\r\n        \r\n        <h1>Gramatica polonez\u0103<\/h1>\r\n        <p>P\u0103trunde\u021bi \u00een lumea fascinant\u0103 a gramaticii poloneze \u0219i descoperi\u021bi bazele uneia dintre cele mai r\u0103sp\u00e2ndite limbi din Europa Central\u0103. Prin st\u0103p\u00e2nirea regulilor esen\u021biale, ve\u021bi comunica mai eficient \u0219i ve\u021bi ob\u021bine o \u00een\u021belegere mai profund\u0103 a culturii poloneze. \u00cencepe\u021bi ast\u0103zi s\u0103 \u00eenv\u0103\u021ba\u021bi <a href=\"https:\/\/talkpal.ai\/polish-grammar\/\">gramatica polonez\u0103<\/a> \u0219i face\u021bi primul pas spre fluen\u021b\u0103!<\/p>\r\n\r\n                            <a class=\"getStartedHidden\" href=\"https:\/\/app.talkpal.ai\/ro\/signup?lng=\">\u00cencepe<\/a>\r\n        \r\n    <\/div>\r\n\r\n    <figure>\r\n    <img decoding=\"async\" width=\"768\" height=\"768\" src=\"https:\/\/talkpal.ai\/wp-content\/uploads\/2023\/06\/polish-768x768.png\" class=\"languageImage no-lazy\" alt=\"Practical tips on language learning techniques\" fetchpriority=\"high\" sizes=\"(max-width: 768px) 150px, 768px\" srcset=\"https:\/\/talkpal.ai\/wp-content\/uploads\/2023\/06\/polish-768x768.png 768w, https:\/\/talkpal.ai\/wp-content\/uploads\/2023\/06\/polish-300x300.png 300w\" \/>\r\n    \r\n\r\n    <\/figure>\r\n\r\n            <a class=\"getStartedVisible\" href=\"https:\/\/app.talkpal.ai\/ro\/signup?lng=\">\u00cencepe<\/a>\r\n    \r\n<\/section>\r\n<section class=\"promotionalBanner\">\r\n    <p class=\"promotionalText\">Cel mai eficient mod de a \u00eenv\u0103\u021ba o limb\u0103<\/p>\r\n    <a class=\"promotionalLink\" href=\"https:\/\/app.talkpal.ai\/ro\/signup?lng=\">\u00cencerca\u021bi Talkpal gratuit<\/a>\r\n<\/section>\n<div class=\"wp-block-group pageContainerStyle\"><div class=\"wp-block-group__inner-container is-layout-constrained wp-block-group-is-layout-constrained\">\n<h2 class=\"wp-block-heading\" id=\"h-breaking-down-the-puzzle-of-polish-grammar\">Descompunerea puzzle-ului gramaticii poloneze<\/h2>\n\n\n\n<p>Poloneza, o limb\u0103 slav\u0103, este at\u00e2t provocatoare, c\u00e2t \u0219i plin\u0103 de satisfac\u021bii pentru cursan\u021bii de <a href=\"https:\/\/talkpal.ai\/ro\/tutor-de-limbi-straine\/\">limbi str\u0103ine<\/a> care caut\u0103 o aventur\u0103 lingvistic\u0103 unic\u0103. Pe m\u0103sur\u0103 ce v\u0103 scufunda\u021bi \u00een polonez\u0103, ve\u021bi descoperi o istorie \u0219i o cultur\u0103 fascinant\u0103 care completeaz\u0103 bog\u0103\u021bia limbii \u00een sine. De\u0219i gramatica polonez\u0103 poate p\u0103rea complicat\u0103, deconstruirea acesteia \u00een elemente u\u0219or de gestionat face procesul de \u00eenv\u0103\u021bare mai accesibil. Acest articol \u00ee\u0219i propune s\u0103 v\u0103 introduc\u0103 \u00een lumea captivant\u0103 a gramaticii poloneze \u0219i s\u0103 ofere \u00eendrum\u0103ri cu privire la modul de abordare a complexit\u0103\u021bii <a href=\"https:\/\/talkpal.ai\/locations\/learn-english-in-sale\/\">sale<\/a>.<\/p>\n\n\n\n<h3 class=\"wp-block-heading\" id=\"h-1-noun-gender-and-cases\">1. Substantiv Gen \u0219i cazuri<\/h3>\n\n\n\n<p>Substantivele poloneze au genuri gramaticale &#8211; masculin, feminin \u0219i neutru &#8211; care afecteaz\u0103 formele adjectivelor, pronumelor \u0219i verbelor care le \u00eenso\u021besc. \u00cen plus, poloneza are \u0219apte cazuri gramaticale: nominativ, genitiv, dativ, acuzativ, instrumental, locativ \u0219i vocativ. Familiarizarea cu sistemul de gen \u0219i caz este crucial\u0103 pentru \u00een\u021belegerea \u0219i construirea unor propozi\u021bii poloneze exacte.<\/p>\n\n\n\n<h3 class=\"wp-block-heading\" id=\"h-2-verb-conjugation-person-tense-and-aspect\">2. Conjugarea verbelor: persoan\u0103, timp \u0219i aspect<\/h3>\n\n\n\n<p>Verbele poloneze trebuie conjugate \u00een func\u021bie de timp, aspect \u0219i persoan\u0103 (primul, al doilea sau al treilea). Exist\u0103 trei timpuri principale: prezent, trecut \u0219i viitor. \u00cen plus, verbele poloneze au dou\u0103 aspecte: perfectiv (pentru ac\u021biuni finalizate) \u0219i imperfectiv (pentru ac\u021biuni \u00een curs sau efectuate \u00een mod obi\u0219nuit). St\u0103p\u00e2nirea acestor reguli de conjugare v\u0103 va \u00eembun\u0103t\u0103\u021bi semnificativ abilit\u0103\u021bile de comunicare verbal\u0103 \u00een limba polonez\u0103.<\/p>\n\n\n\n<h3 class=\"wp-block-heading\" id=\"h-3-adjectives-agreement-and-placement\">3. Adjective: acord \u0219i plasare<\/h3>\n\n\n\n<p>Adjectivele poloneze trebuie s\u0103 fie de acord cu substantivul <a href=\"https:\/\/talkpal.ai\/culture\/how-do-i-use-pe-care-correctly\/\">pe care<\/a> \u00eel modific\u0103 \u00een ceea ce prive\u0219te genul, num\u0103rul \u0219i cazul. Adjectivele preced de obicei substantivul, oferind contextul descriptiv esen\u021bial pentru propozi\u021bie.<\/p>\n\n\n\n<p>Exemple:<\/p>\n\n\n\n<p>&#8211; czerwona sukienka (o rochie ro\u0219ie)<\/p>\n\n\n\n<p>&#8211; pi\u0119kny ogr\u00f3d (o gr\u0103din\u0103 frumoas\u0103)<\/p>\n\n\n\n<h3 class=\"wp-block-heading\" id=\"h-4-pronouns-types-and-uses\">4. Pronume: tipuri \u0219i utiliz\u0103ri<\/h3>\n\n\n\n<p>Pronumele poloneze vin \u00een diferite forme, inclusiv pronume personale, posesive, reflexive, demonstrative \u0219i interogative. \u00cen\u021belegerea modului \u0219i momentului de utilizare a acestor pronume va face gramatica polonez\u0103 mai precis\u0103 \u0219i v\u0103 va \u00eembun\u0103t\u0103\u021bi abilit\u0103\u021bile lingvistice generale.<\/p>\n\n\n\n<h3 class=\"wp-block-heading\" id=\"h-5-negation-conveying-the-opposite\">5. Nega\u021bie: Transmiterea opusului<\/h3>\n\n\n\n<p>\u00cen gramatica polonez\u0103, nega\u021bia se realizeaz\u0103 prin ad\u0103ugarea cuv\u00e2ntului &#8222;nie&#8221; \u00eenaintea verbelor, adjectivelor, adverbelor sau pronumelor. Cu toate acestea, se aplic\u0103 reguli specifice pentru negate propozi\u021biile cu substantive, care pot necesita o prepozi\u021bie suplimentar\u0103 sau o form\u0103 substantival\u0103 diferit\u0103. Recunoa\u0219terea acestor modele de negare v\u0103 va ajuta s\u0103 transmite\u021bi clar sensul inten\u021bionat \u00een polonez\u0103.<\/p>\n\n\n\n<h3 class=\"wp-block-heading\" id=\"h-6-engage-with-the-language\">6. Interac\u021biona\u021bi cu limba<\/h3>\n\n\n\n<p>Cel mai eficient mod de a \u00een\u021belege \u0219i internaliza gramatica polonez\u0103 este de a interac\u021biona cu limba \u00een mod regulat. De la citirea literaturii poloneze, vizionarea filmelor poloneze sau conversa\u021bia activ\u0103 cu vorbitori nativi, scufundarea \u00een diferite contexte v\u0103 va consolida \u00een\u021belegerea gramaticii \u00een timp ce v\u0103 extinde\u021bi vocabularul.<\/p>\n\n\n\n<h3 class=\"wp-block-heading\" id=\"h-conclusion\">Concluzie<\/h3>\n\n\n\n<p>De\u0219i gramatica polonez\u0103 poate p\u0103rea complicat\u0103, practicarea \u0219i abordarea consecvent\u0103 a acesteia pas cu pas v\u0103 va ajuta s\u0103 deveni\u021bi competen\u021bi \u00een aceast\u0103 limb\u0103 unic\u0103. \u00cembr\u0103\u021bi\u0219a\u021bi provocarea pe m\u0103sur\u0103 ce \u00eencepe\u021bi c\u0103l\u0103toria \u00een limba polonez\u0103 \u0219i, \u00een cur\u00e2nd, v\u0103 ve\u021bi g\u0103si decodific\u00e2nd cu \u00eencredere complexitatea gramaticii sale. Mult noroc cu studiile dvs. \u0219i bucura\u021bi-v\u0103 de explorarea straturilor gramaticii poloneze!<\/p>\n<\/div><\/div>\n\r\n<section class=\"learnNavigationSection\">\r\n            \r\n        <a href=\"https:\/\/talkpal.ai\/ro\/invata-poloneza\/\">\r\n            <div class=\"learnNavigationWrapper\">\r\n                <div class=\"learnNavigationContent\">\r\n                    <img decoding=\"async\" src=\"https:\/\/talkpal.ai\/wp-content\/uploads\/2024\/08\/Polish.jpg\" alt=\"Polish Flag\">\r\n                    <div>\r\n                        <h4>Despre \u00eenv\u0103\u021barea polonez\u0103<\/h4>\r\n                        <p>Afla\u021bi totul despre gramatica polonez\u0103.<\/p>\r\n                    <\/div>\r\n                <\/div>\r\n            <\/div>\r\n        <\/a>\r\n\r\n        \r\n        <a href=\"https:\/\/talkpal.ai\/ro\/exercitii-de-gramatica-poloneza\/\">\r\n            <div class=\"learnNavigationWrapper\">\r\n                <div class=\"learnNavigationContent\">\r\n                    <img decoding=\"async\" src=\"https:\/\/talkpal.ai\/wp-content\/uploads\/2024\/08\/Polish.jpg\" alt=\"Polish Flag\">\r\n                    <div>\r\n                        <h4>Exerci\u021biu de gramatic\u0103 polonez\u0103<\/h4>\r\n                        <p>Exersa\u021bi gramatica polonez\u0103.<\/p>\r\n                    <\/div>\r\n                <\/div>\r\n            <\/div>\r\n        <\/a>\r\n\r\n        \r\n        <a href=\"https:\/\/talkpal.ai\/vocabulary_language\/polish\/\">\r\n            <div class=\"learnNavigationWrapper\">\r\n                <div class=\"learnNavigationContent\">\r\n                    <img decoding=\"async\" src=\"https:\/\/talkpal.ai\/wp-content\/uploads\/2024\/08\/Polish.jpg\" alt=\"Polish Flag\">\r\n                    <div>\r\n                        <h4>Vocabular polonez<\/h4>\r\n                        <p>Extinde\u021bi-v\u0103 vocabularul polonez.<\/p>\r\n                    <\/div>\r\n                <\/div>\r\n            <\/div>\r\n        <\/a>\r\n\r\n            <\/section>","protected":false},"excerpt":{"rendered":"<p>Descompunerea puzzle-ului gramaticii poloneze Poloneza, o limb\u0103 slav\u0103, este at\u00e2t provocatoare, c\u00e2t \u0219i plin\u0103 de satisfac\u021bii pentru cursan\u021bii de limbi str\u0103ine care caut\u0103 o aventur\u0103 lingvistic\u0103 unic\u0103. Pe m\u0103sur\u0103 ce v\u0103 scufunda\u021bi \u00een polonez\u0103, ve\u021bi descoperi o istorie \u0219i o cultur\u0103 fascinant\u0103 care completeaz\u0103 bog\u0103\u021bia limbii \u00een sine. De\u0219i gramatica polonez\u0103 poate p\u0103rea complicat\u0103, deconstruirea [&hellip;]<\/p>\n","protected":false},"author":1,"featured_media":117533,"parent":0,"menu_order":0,"comment_status":"closed","ping_status":"closed","template":"LearningContentPage.php","meta":{"_acf_changed":false,"footnotes":""},"class_list":["post-149022","page","type-page","status-publish","has-post-thumbnail","hentry"],"acf":[],"yoast_head":"<!-- This site is optimized with the Yoast SEO Premium plugin v27.2 (Yoast SEO v27.2) - https:\/\/yoast.com\/product\/yoast-seo-premium-wordpress\/ -->\n<title>Gramatica polonez\u0103 - Talkpal<\/title>\n<meta name=\"description\" content=\"St\u0103p\u00e2ne\u0219te gramatica polonez\u0103 cu exerci\u021bii interactive concepute pentru toate nivelurile de \u00eenv\u0103\u021bare. \u00cembun\u0103t\u0103\u021be\u0219te-\u021bi cuno\u0219tin\u021bele de polonez\u0103!\" \/>\n<meta name=\"robots\" content=\"index, follow, max-snippet:-1, max-image-preview:large, max-video-preview:-1\" \/>\n<link rel=\"canonical\" href=\"https:\/\/talkpal.ai\/ro\/gramatica-poloneza\/\" \/>\n<meta property=\"og:locale\" content=\"ro_RO\" \/>\n<meta property=\"og:type\" content=\"article\" \/>\n<meta property=\"og:title\" content=\"Gramatica polonez\u0103\" \/>\n<meta property=\"og:description\" content=\"Descompunerea puzzle-ului gramaticii poloneze Poloneza, o limb\u0103 slav\u0103, este at\u00e2t provocatoare, c\u00e2t \u0219i plin\u0103 de satisfac\u021bii pentru cursan\u021bii de limbi\" \/>\n<meta property=\"og:url\" content=\"https:\/\/talkpal.ai\/ro\/gramatica-poloneza\/\" \/>\n<meta property=\"og:site_name\" content=\"Talkpal\" \/>\n<meta property=\"article:publisher\" content=\"https:\/\/www.facebook.com\/profile.php?id=100090733639311\" \/>\n<meta property=\"article:modified_time\" content=\"2025-12-17T17:14:50+00:00\" \/>\n<meta property=\"og:image\" content=\"https:\/\/talkpal.ai\/wp-content\/uploads\/2023\/05\/poland.png\" \/>\n\t<meta property=\"og:image:width\" content=\"512\" \/>\n\t<meta property=\"og:image:height\" content=\"512\" \/>\n\t<meta property=\"og:image:type\" content=\"image\/png\" \/>\n<meta name=\"twitter:card\" content=\"summary_large_image\" \/>\n<meta name=\"twitter:site\" content=\"@talkpalai\" \/>\n<meta name=\"twitter:label1\" content=\"Timp estimat pentru citire\" \/>\n\t<meta name=\"twitter:data1\" content=\"3 minute\" \/>\n<script type=\"application\/ld+json\" class=\"yoast-schema-graph\">{\"@context\":\"https:\/\/schema.org\",\"@graph\":[{\"@type\":\"WebPage\",\"@id\":\"https:\/\/talkpal.ai\/ro\/gramatica-poloneza\/\",\"url\":\"https:\/\/talkpal.ai\/ro\/gramatica-poloneza\/\",\"name\":\"Gramatica polonez\u0103 - Talkpal\",\"isPartOf\":{\"@id\":\"https:\/\/talkpal.ai\/ro\/#website\"},\"primaryImageOfPage\":{\"@id\":\"https:\/\/talkpal.ai\/ro\/gramatica-poloneza\/#primaryimage\"},\"image\":{\"@id\":\"https:\/\/talkpal.ai\/ro\/gramatica-poloneza\/#primaryimage\"},\"thumbnailUrl\":\"https:\/\/talkpal.ai\/wp-content\/uploads\/2023\/05\/poland.png\",\"datePublished\":\"2023-05-14T14:18:46+00:00\",\"dateModified\":\"2025-12-17T17:14:50+00:00\",\"description\":\"St\u0103p\u00e2ne\u0219te gramatica polonez\u0103 cu exerci\u021bii interactive concepute pentru toate nivelurile de \u00eenv\u0103\u021bare. \u00cembun\u0103t\u0103\u021be\u0219te-\u021bi cuno\u0219tin\u021bele de polonez\u0103!\",\"breadcrumb\":{\"@id\":\"https:\/\/talkpal.ai\/ro\/gramatica-poloneza\/#breadcrumb\"},\"inLanguage\":\"ro-RO\",\"potentialAction\":[{\"@type\":\"ReadAction\",\"target\":[\"https:\/\/talkpal.ai\/ro\/gramatica-poloneza\/\"]}]},{\"@type\":\"ImageObject\",\"inLanguage\":\"ro-RO\",\"@id\":\"https:\/\/talkpal.ai\/ro\/gramatica-poloneza\/#primaryimage\",\"url\":\"https:\/\/talkpal.ai\/wp-content\/uploads\/2023\/05\/poland.png\",\"contentUrl\":\"https:\/\/talkpal.ai\/wp-content\/uploads\/2023\/05\/poland.png\",\"width\":512,\"height\":512},{\"@type\":\"BreadcrumbList\",\"@id\":\"https:\/\/talkpal.ai\/ro\/gramatica-poloneza\/#breadcrumb\",\"itemListElement\":[{\"@type\":\"ListItem\",\"position\":1,\"name\":\"Homepage\",\"item\":\"https:\/\/talkpal.ai\/ro\/\"},{\"@type\":\"ListItem\",\"position\":2,\"name\":\"Gramatica polonez\u0103\"}]},{\"@type\":\"WebSite\",\"@id\":\"https:\/\/talkpal.ai\/ro\/#website\",\"url\":\"https:\/\/talkpal.ai\/ro\/\",\"name\":\"Talkpal\",\"description\":\"AI Language Learning\",\"publisher\":{\"@id\":\"https:\/\/talkpal.ai\/ro\/#organization\"},\"alternateName\":\"Talkpal AI\",\"potentialAction\":[{\"@type\":\"SearchAction\",\"target\":{\"@type\":\"EntryPoint\",\"urlTemplate\":\"https:\/\/talkpal.ai\/ro\/?s={search_term_string}\"},\"query-input\":{\"@type\":\"PropertyValueSpecification\",\"valueRequired\":true,\"valueName\":\"search_term_string\"}}],\"inLanguage\":\"ro-RO\"},{\"@type\":\"Organization\",\"@id\":\"https:\/\/talkpal.ai\/ro\/#organization\",\"name\":\"Talkpal, Inc.\",\"alternateName\":\"Talkpal AI\",\"url\":\"https:\/\/talkpal.ai\/ro\/\",\"logo\":{\"@type\":\"ImageObject\",\"inLanguage\":\"ro-RO\",\"@id\":\"https:\/\/talkpal.ai\/ro\/#\/schema\/logo\/image\/\",\"url\":\"https:\/\/talkpal.ai\/wp-content\/uploads\/2024\/03\/Talkpal-Logo-Icon.png\",\"contentUrl\":\"https:\/\/talkpal.ai\/wp-content\/uploads\/2024\/03\/Talkpal-Logo-Icon.png\",\"width\":2880,\"height\":2880,\"caption\":\"Talkpal, Inc.\"},\"image\":{\"@id\":\"https:\/\/talkpal.ai\/ro\/#\/schema\/logo\/image\/\"},\"sameAs\":[\"https:\/\/www.facebook.com\/profile.php?id=100090733639311\",\"https:\/\/x.com\/talkpalai\",\"https:\/\/www.linkedin.com\/company\/talkpal\/\",\"https:\/\/www.youtube.com\/@TalkPal\/\",\"https:\/\/www.tiktok.com\/@talkpal\",\"https:\/\/www.instagram.com\/talkpal_ai\/\",\"https:\/\/www.crunchbase.com\/organization\/talkpal-9cde\",\"https:\/\/www.g2.com\/products\/talkpal-for-business\/\",\"https:\/\/www.trustpilot.com\/review\/talkpal.ai\",\"https:\/\/www.capterra.com\/p\/10006800\/TalkPal\/\"],\"description\":\"Talkpal is a language learning web and mobile education app, powered by the latest AI technologies, that provides engaging experiences to its customers in many different languages to help them improve their language skills. Users can chat about unlimited amount of topics with the app and use other modes to practice their language learning.\",\"email\":\"support@talkpal.ai\",\"legalName\":\"Talkpal, Inc.\",\"foundingDate\":\"2023-04-03\",\"duns\":\"118989042\",\"numberOfEmployees\":{\"@type\":\"QuantitativeValue\",\"minValue\":\"11\",\"maxValue\":\"50\"},\"publishingPrinciples\":\"https:\/\/talkpal.ai\/publishing-principles\/\",\"actionableFeedbackPolicy\":\"https:\/\/talkpal.ai\/actionable-feedback-policy\/\",\"correctionsPolicy\":\"https:\/\/talkpal.ai\/corrections-policy\/\",\"ethicsPolicy\":\"https:\/\/talkpal.ai\/ethics-policy\/\",\"diversityPolicy\":\"https:\/\/talkpal.ai\/diversity-policy\/\",\"diversityStaffingReport\":\"https:\/\/talkpal.ai\/diversity-policy\/\"}]}<\/script>\n<!-- \/ Yoast SEO Premium plugin. -->","yoast_head_json":{"title":"Gramatica polonez\u0103 - Talkpal","description":"St\u0103p\u00e2ne\u0219te gramatica polonez\u0103 cu exerci\u021bii interactive concepute pentru toate nivelurile de \u00eenv\u0103\u021bare. \u00cembun\u0103t\u0103\u021be\u0219te-\u021bi cuno\u0219tin\u021bele de polonez\u0103!","robots":{"index":"index","follow":"follow","max-snippet":"max-snippet:-1","max-image-preview":"max-image-preview:large","max-video-preview":"max-video-preview:-1"},"canonical":"https:\/\/talkpal.ai\/ro\/gramatica-poloneza\/","og_locale":"ro_RO","og_type":"article","og_title":"Gramatica polonez\u0103","og_description":"Descompunerea puzzle-ului gramaticii poloneze Poloneza, o limb\u0103 slav\u0103, este at\u00e2t provocatoare, c\u00e2t \u0219i plin\u0103 de satisfac\u021bii pentru cursan\u021bii de limbi","og_url":"https:\/\/talkpal.ai\/ro\/gramatica-poloneza\/","og_site_name":"Talkpal","article_publisher":"https:\/\/www.facebook.com\/profile.php?id=100090733639311","article_modified_time":"2025-12-17T17:14:50+00:00","og_image":[{"width":512,"height":512,"url":"https:\/\/talkpal.ai\/wp-content\/uploads\/2023\/05\/poland.png","type":"image\/png"}],"twitter_card":"summary_large_image","twitter_site":"@talkpalai","twitter_misc":{"Timp estimat pentru citire":"3 minute"},"schema":{"@context":"https:\/\/schema.org","@graph":[{"@type":"WebPage","@id":"https:\/\/talkpal.ai\/ro\/gramatica-poloneza\/","url":"https:\/\/talkpal.ai\/ro\/gramatica-poloneza\/","name":"Gramatica polonez\u0103 - Talkpal","isPartOf":{"@id":"https:\/\/talkpal.ai\/ro\/#website"},"primaryImageOfPage":{"@id":"https:\/\/talkpal.ai\/ro\/gramatica-poloneza\/#primaryimage"},"image":{"@id":"https:\/\/talkpal.ai\/ro\/gramatica-poloneza\/#primaryimage"},"thumbnailUrl":"https:\/\/talkpal.ai\/wp-content\/uploads\/2023\/05\/poland.png","datePublished":"2023-05-14T14:18:46+00:00","dateModified":"2025-12-17T17:14:50+00:00","description":"St\u0103p\u00e2ne\u0219te gramatica polonez\u0103 cu exerci\u021bii interactive concepute pentru toate nivelurile de \u00eenv\u0103\u021bare. \u00cembun\u0103t\u0103\u021be\u0219te-\u021bi cuno\u0219tin\u021bele de polonez\u0103!","breadcrumb":{"@id":"https:\/\/talkpal.ai\/ro\/gramatica-poloneza\/#breadcrumb"},"inLanguage":"ro-RO","potentialAction":[{"@type":"ReadAction","target":["https:\/\/talkpal.ai\/ro\/gramatica-poloneza\/"]}]},{"@type":"ImageObject","inLanguage":"ro-RO","@id":"https:\/\/talkpal.ai\/ro\/gramatica-poloneza\/#primaryimage","url":"https:\/\/talkpal.ai\/wp-content\/uploads\/2023\/05\/poland.png","contentUrl":"https:\/\/talkpal.ai\/wp-content\/uploads\/2023\/05\/poland.png","width":512,"height":512},{"@type":"BreadcrumbList","@id":"https:\/\/talkpal.ai\/ro\/gramatica-poloneza\/#breadcrumb","itemListElement":[{"@type":"ListItem","position":1,"name":"Homepage","item":"https:\/\/talkpal.ai\/ro\/"},{"@type":"ListItem","position":2,"name":"Gramatica polonez\u0103"}]},{"@type":"WebSite","@id":"https:\/\/talkpal.ai\/ro\/#website","url":"https:\/\/talkpal.ai\/ro\/","name":"Talkpal","description":"AI Language Learning","publisher":{"@id":"https:\/\/talkpal.ai\/ro\/#organization"},"alternateName":"Talkpal AI","potentialAction":[{"@type":"SearchAction","target":{"@type":"EntryPoint","urlTemplate":"https:\/\/talkpal.ai\/ro\/?s={search_term_string}"},"query-input":{"@type":"PropertyValueSpecification","valueRequired":true,"valueName":"search_term_string"}}],"inLanguage":"ro-RO"},{"@type":"Organization","@id":"https:\/\/talkpal.ai\/ro\/#organization","name":"Talkpal, Inc.","alternateName":"Talkpal AI","url":"https:\/\/talkpal.ai\/ro\/","logo":{"@type":"ImageObject","inLanguage":"ro-RO","@id":"https:\/\/talkpal.ai\/ro\/#\/schema\/logo\/image\/","url":"https:\/\/talkpal.ai\/wp-content\/uploads\/2024\/03\/Talkpal-Logo-Icon.png","contentUrl":"https:\/\/talkpal.ai\/wp-content\/uploads\/2024\/03\/Talkpal-Logo-Icon.png","width":2880,"height":2880,"caption":"Talkpal, Inc."},"image":{"@id":"https:\/\/talkpal.ai\/ro\/#\/schema\/logo\/image\/"},"sameAs":["https:\/\/www.facebook.com\/profile.php?id=100090733639311","https:\/\/x.com\/talkpalai","https:\/\/www.linkedin.com\/company\/talkpal\/","https:\/\/www.youtube.com\/@TalkPal\/","https:\/\/www.tiktok.com\/@talkpal","https:\/\/www.instagram.com\/talkpal_ai\/","https:\/\/www.crunchbase.com\/organization\/talkpal-9cde","https:\/\/www.g2.com\/products\/talkpal-for-business\/","https:\/\/www.trustpilot.com\/review\/talkpal.ai","https:\/\/www.capterra.com\/p\/10006800\/TalkPal\/"],"description":"Talkpal is a language learning web and mobile education app, powered by the latest AI technologies, that provides engaging experiences to its customers in many different languages to help them improve their language skills. Users can chat about unlimited amount of topics with the app and use other modes to practice their language learning.","email":"support@talkpal.ai","legalName":"Talkpal, Inc.","foundingDate":"2023-04-03","duns":"118989042","numberOfEmployees":{"@type":"QuantitativeValue","minValue":"11","maxValue":"50"},"publishingPrinciples":"https:\/\/talkpal.ai\/publishing-principles\/","actionableFeedbackPolicy":"https:\/\/talkpal.ai\/actionable-feedback-policy\/","correctionsPolicy":"https:\/\/talkpal.ai\/corrections-policy\/","ethicsPolicy":"https:\/\/talkpal.ai\/ethics-policy\/","diversityPolicy":"https:\/\/talkpal.ai\/diversity-policy\/","diversityStaffingReport":"https:\/\/talkpal.ai\/diversity-policy\/"}]}},"_links":{"self":[{"href":"https:\/\/talkpal.ai\/ro\/wp-json\/wp\/v2\/pages\/149022","targetHints":{"allow":["GET"]}}],"collection":[{"href":"https:\/\/talkpal.ai\/ro\/wp-json\/wp\/v2\/pages"}],"about":[{"href":"https:\/\/talkpal.ai\/ro\/wp-json\/wp\/v2\/types\/page"}],"author":[{"embeddable":true,"href":"https:\/\/talkpal.ai\/ro\/wp-json\/wp\/v2\/users\/1"}],"replies":[{"embeddable":true,"href":"https:\/\/talkpal.ai\/ro\/wp-json\/wp\/v2\/comments?post=149022"}],"version-history":[{"count":0,"href":"https:\/\/talkpal.ai\/ro\/wp-json\/wp\/v2\/pages\/149022\/revisions"}],"wp:featuredmedia":[{"embeddable":true,"href":"https:\/\/talkpal.ai\/ro\/wp-json\/wp\/v2\/media\/117533"}],"wp:attachment":[{"href":"https:\/\/talkpal.ai\/ro\/wp-json\/wp\/v2\/media?parent=149022"}],"curies":[{"name":"wp","href":"https:\/\/api.w.org\/{rel}","templated":true}]}}