{"id":148704,"date":"2023-05-14T14:18:22","date_gmt":"2023-05-14T14:18:22","guid":{"rendered":"http:\/\/talkpal.ai\/gramatica-persana\/"},"modified":"2025-12-12T10:39:21","modified_gmt":"2025-12-12T10:39:21","slug":"gramatica-persana","status":"publish","type":"page","link":"https:\/\/talkpal.ai\/ro\/gramatica-persana\/","title":{"rendered":"Gramatica persan\u0103"},"content":{"rendered":"\r\n\r\n\r\n<section class=\"languageChallengeSection\">\r\n    <div class=\"languageInfoWrapper\">\r\n        \r\n        <h1>Gramatica persan\u0103<\/h1>\r\n        <p>Sunte\u021bi curio\u0219i \u00een leg\u0103tur\u0103 cu limba <a href=\"https:\/\/talkpal.ai\/learn-persian\/\">persan\u0103<\/a>? Explora\u021bi gramatica persan\u0103, renumit\u0103 pentru simplitatea sa &#8211; nu exist\u0103 genuri de substantive, conjug\u0103rile verbale simple \u0219i o structur\u0103 flexibil\u0103 a propozi\u021biilor o fac extrem de accesibil\u0103. \u00cencepe\u021bi ast\u0103zi aventura dumneavoastr\u0103 \u00een limba persan\u0103 &#8211; st\u0103p\u00e2nirea gramaticii va deschide noi oportunit\u0103\u021bi de comunicare \u0219i v\u0103 va cufunda \u00een bogata poezie \u0219i cultur\u0103 a Iranului \u0219i nu numai!<\/p>\r\n\r\n                            <a class=\"getStartedHidden\" href=\"https:\/\/app.talkpal.ai\/ro\/signup?lng=\">\u00cencepe<\/a>\r\n        \r\n    <\/div>\r\n\r\n    <figure>\r\n    <img decoding=\"async\" width=\"768\" height=\"768\" src=\"https:\/\/talkpal.ai\/wp-content\/uploads\/2023\/06\/persian-768x768.png\" class=\"languageImage no-lazy\" alt=\"Language learning to comprehend global news\" fetchpriority=\"high\" sizes=\"(max-width: 768px) 150px, 768px\" srcset=\"https:\/\/talkpal.ai\/wp-content\/uploads\/2023\/06\/persian-768x768.png 768w, https:\/\/talkpal.ai\/wp-content\/uploads\/2023\/06\/persian-300x300.png 300w\" \/>\r\n    \r\n\r\n    <\/figure>\r\n\r\n            <a class=\"getStartedVisible\" href=\"https:\/\/app.talkpal.ai\/ro\/signup?lng=\">\u00cencepe<\/a>\r\n    \r\n<\/section>\r\n<section class=\"promotionalBanner\">\r\n    <p class=\"promotionalText\">Cel mai eficient mod de a \u00eenv\u0103\u021ba o limb\u0103<\/p>\r\n    <a class=\"promotionalLink\" href=\"https:\/\/app.talkpal.ai\/ro\/signup?lng=\">\u00cencerca\u021bi Talkpal gratuit<\/a>\r\n<\/section>\n<div class=\"wp-block-group pageContainerStyle\"><div class=\"wp-block-group__inner-container is-layout-constrained wp-block-group-is-layout-constrained\">\n<h2 class=\"wp-block-heading\" id=\"h-mastering-persian-grammar-your-ultimate-guide\">St\u0103p\u00e2nirea gramaticii persane: ghidul t\u0103u final<\/h2>\n\n\n\n<p>Salam, <a href=\"https:\/\/talkpal.ai\/talkpal-discount-for-language-enthusiasts\/\">pasiona\u021bi de limbi str\u0103ine<\/a>! E\u0219ti gata s\u0103 porne\u0219ti \u00eentr-o c\u0103l\u0103torie \u00een lumea gramaticii persane? A\u021bi venit la locul potrivit. Plin de informa\u021bii u\u0219or de \u00een\u021beles \u0219i un ton conversa\u021bional, acest articol v\u0103 va ghida prin t\u0103r\u00e2mul captivant al gramaticii persane. \u00cen cur\u00e2nd, ve\u021bi putea s\u0103 construi\u021bi propozi\u021bii \u0219i s\u0103 v\u0103 angaja\u021bi \u00een conversa\u021bii semnificative cu vorbitori nativi. A\u0219adar, haide\u021bi s\u0103 \u00eencepem s\u0103 descoperim secretele gramaticii persane!<\/p>\n\n\n\n<p><strong>Dar mai \u00eent\u00e2i, de ce gramatica persan\u0103?<\/strong><\/p>\n\n\n\n<p>Dac\u0103 \u00eenv\u0103\u021ba\u021bi persan\u0103, o baz\u0103 solid\u0103 de <a href=\"https:\/\/talkpal.ai\/grammar\/\">gramatic\u0103<\/a> este esen\u021bial\u0103 pentru a vorbi, citi \u0219i scrie fluent. \u00cen timp ce gramatica persan\u0103 poate p\u0103rea ini\u021bial complex\u0103, devine mai accesibil\u0103 odat\u0103 ce o \u00eemp\u0103r\u021bi\u021bi \u00een segmente mai mici \u0219i mai u\u0219or de gestionat. A\u0219adar, haide\u021bi s\u0103 \u00eencepem c\u0103l\u0103toria spre st\u0103p\u00e2nirea gramaticii persane!<\/p>\n\n\n\n<h3 class=\"wp-block-heading\" id=\"h-1-nouns-gender-and-number\">1. Substantive, gen \u0219i num\u0103r<\/h3>\n\n\n\n<p>\u00cen persan\u0103, substantivele nu au gen, ceea ce o face mai simpl\u0103 dec\u00e2t \u00een multe alte limbi. Forma de singular a substantivelor r\u0103m\u00e2ne aceea\u0219i, \u00een timp ce forma de plural se termin\u0103 de obicei cu &#8222;-\u0647\u0627&#8221; sau &#8222;-\u0627\u0646&#8221;. De exemplu:<\/p>\n\n\n\n<p>&#8211; \u06a9\u062a\u0627\u0628 (ket\u0101b &#8211; book)<\/p>\n\n\n\n<p>&#8211; \u06a9\u062a\u0627\u0628\u0647\u0627 (ket\u0101b-h\u0101 &#8211; books)<\/p>\n\n\n\n<h3 class=\"wp-block-heading\" id=\"h-2-adjectives-agreement-and-definite-articles\">2. Adjective, acord \u0219i articole hot\u0103r\u00e2te<\/h3>\n\n\n\n<p>Adjectivele \u00een persan\u0103 urmeaz\u0103 de obicei substantivul <a href=\"https:\/\/talkpal.ai\/culture\/how-do-i-use-pe-care-correctly\/\">pe care<\/a> \u00eel modific\u0103 \u0219i nu trebuie s\u0103 fie \u00een acord cu genul sau num\u0103rul. De exemplu:<\/p>\n\n\n\n<p><strong>&#8211; \u062e\u0627\u0646\u0647 \u0628\u0632\u0631\u06af (kh\u0101ne bozorg &#8211; cas\u0103 mare)<\/strong><\/p>\n\n\n\n<p><strong>&#8211; \u0645\u0646\u0632\u0644 \u06a9\u0648\u0686\u06a9 (manzel kuchak &#8211; cas\u0103 mic\u0103)<\/strong><\/p>\n\n\n\n<p>\u00cen persan\u0103 nu exist\u0103 un articol hot\u0103r\u00e2t, dar articolul nedefinit este ad\u0103ugat ca sufix &#8222;-\u06cc&#8221; (i) pentru cuvintele la singular.<\/p>\n\n\n\n<h3 class=\"wp-block-heading\" id=\"h-3-verbs-tense-and-conjugation\">3. Verbe, timp \u0219i conjugare<\/h3>\n\n\n\n<p>Verbele persane joac\u0103 un rol critic \u00een gramatic\u0103 \u0219i sunt esen\u021biale pentru construirea propozi\u021biilor. Fiecare verb are o r\u0103d\u0103cin\u0103 care se combin\u0103 cu diferite prefixe \u0219i sufixe pentru a indica timpul \u0219i acordul cu subiectul.<\/p>\n\n\n\n<p>Pentru a v\u0103 oferi o scurt\u0103 prezentare general\u0103, haide\u021bi s\u0103 discut\u0103m despre verbele regulate la timpul prezent:<\/p>\n\n\n\n<p><strong>&#8211; \u0645\u0646 \u0645\u06cc\u062e\u0648\u0627\u0646\u0645 (man mikh\u0101nam &#8211; I read)<\/strong><\/p>\n\n\n\n<p><strong>&#8211; \u062a\u0648 \u0645\u06cc\u062e\u0648\u0627\u0646\u06cc (to mikh\u0101ni &#8211; you read, informal)<\/strong><\/p>\n\n\n\n<p><strong>&#8211; \u0627\u0648 \u0645\u06cc\u062e\u0648\u0627\u0646\u062f (u mikh\u0101nad &#8211; el\/ea cite\u0219te)<\/strong><\/p>\n\n\n\n<p>Aminti\u021bi-v\u0103, acesta este doar \u00eenceputul! Ve\u021bi \u00eent\u00e2lni diverse alte timpuri, verbe neregulate \u0219i complica\u021bii pe m\u0103sur\u0103 ce v\u0103 ad\u00e2nci\u021bi mai ad\u00e2nc \u00een gramatica persan\u0103.<\/p>\n\n\n\n<h3 class=\"wp-block-heading\" id=\"h-4-pronouns-prepositions-and-more\">4. Pronume, prepozi\u021bii \u0219i multe altele!<\/h3>\n\n\n\n<p>Gramatica persan\u0103 cuprinde \u0219i alte componente, cum ar fi pronumele (\u0645\u0646, \u062a\u0648, \u0627\u0648, etc.), prepozi\u021biile (\u0628\u0647, \u0627\u0632, \u062f\u0631, etc.) \u0219i expresiile idiomatice. St\u0103p\u00e2nirea fiec\u0103rui element, pas cu pas, este cheia pentru a ob\u021bine o fluen\u021b\u0103 complet\u0103 \u00een limba persan\u0103.<\/p>\n\n\n\n<p>\u00cen concluzie, nu exist\u0103 o scurt\u0103tur\u0103 pentru a st\u0103p\u00e2ni gramatica persan\u0103. Este nevoie de perseveren\u021b\u0103, practic\u0103 \u0219i r\u0103bdare. Cu toate acestea, odat\u0103 ce \u00eei ve\u021bi \u00een\u021belege complexitatea, ve\u021bi fi bine echipat pentru a aprecia nuan\u021bele conversa\u021biei \u00een persan\u0103, pentru a explora cultura \u0219i istoria bogat\u0103 a regiunilor vorbitoare de persan\u0103 \u0219i pentru a v\u0103 aprofunda dragostea pentru aceast\u0103 limb\u0103. \u0645\u0648\u0641\u0642 \u0628\u0627\u0634\u06cc\u062f (movaffagh b\u0101shid &#8211; <a href=\"https:\/\/talkpal.ai\/culture\/how-do-i-say-good-luck-in-spanish\/\">good luck<\/a>)!<\/p>\n<\/div><\/div>\n\r\n<section class=\"learnNavigationSection\">\r\n            \r\n        <a href=\"https:\/\/talkpal.ai\/ro\/invata-persana\/\">\r\n            <div class=\"learnNavigationWrapper\">\r\n                <div class=\"learnNavigationContent\">\r\n                    <img decoding=\"async\" src=\"https:\/\/talkpal.ai\/wp-content\/uploads\/2024\/08\/Persian.jpg\" alt=\"Persian Flag\">\r\n                    <div>\r\n                        <h4>Despre \u00eenv\u0103\u021barea persan\u0103<\/h4>\r\n                        <p>Afla\u021bi totul despre gramatica persan\u0103 .<\/p>\r\n                    <\/div>\r\n                <\/div>\r\n            <\/div>\r\n        <\/a>\r\n\r\n        \r\n        <a href=\"https:\/\/talkpal.ai\/ro\/exercitii-de-gramatica-persana\/\">\r\n            <div class=\"learnNavigationWrapper\">\r\n                <div class=\"learnNavigationContent\">\r\n                    <img decoding=\"async\" src=\"https:\/\/talkpal.ai\/wp-content\/uploads\/2024\/08\/Persian.jpg\" alt=\"Persian Flag\">\r\n                    <div>\r\n                        <h4>Exerci\u021biu de gramatic\u0103 persan\u0103<\/h4>\r\n                        <p>Exersa\u021bi gramatica persan\u0103.<\/p>\r\n                    <\/div>\r\n                <\/div>\r\n            <\/div>\r\n        <\/a>\r\n\r\n        \r\n        <a href=\"https:\/\/talkpal.ai\/vocabulary_language\/persian\/\">\r\n            <div class=\"learnNavigationWrapper\">\r\n                <div class=\"learnNavigationContent\">\r\n                    <img decoding=\"async\" src=\"https:\/\/talkpal.ai\/wp-content\/uploads\/2024\/08\/Persian.jpg\" alt=\"Persian Flag\">\r\n                    <div>\r\n                        <h4>Vocabular persan<\/h4>\r\n                        <p>Extinde\u021bi-v\u0103 vocabularul persan.<\/p>\r\n                    <\/div>\r\n                <\/div>\r\n            <\/div>\r\n        <\/a>\r\n\r\n            <\/section>","protected":false},"excerpt":{"rendered":"<p>St\u0103p\u00e2nirea gramaticii persane: ghidul t\u0103u final Salam, pasiona\u021bi de limbi str\u0103ine! E\u0219ti gata s\u0103 porne\u0219ti \u00eentr-o c\u0103l\u0103torie \u00een lumea gramaticii persane? A\u021bi venit la locul potrivit. Plin de informa\u021bii u\u0219or de \u00een\u021beles \u0219i un ton conversa\u021bional, acest articol v\u0103 va ghida prin t\u0103r\u00e2mul captivant al gramaticii persane. \u00cen cur\u00e2nd, ve\u021bi putea s\u0103 construi\u021bi propozi\u021bii \u0219i [&hellip;]<\/p>\n","protected":false},"author":1,"featured_media":117359,"parent":0,"menu_order":0,"comment_status":"closed","ping_status":"closed","template":"LearningContentPage.php","meta":{"_acf_changed":false,"footnotes":""},"class_list":["post-148704","page","type-page","status-publish","has-post-thumbnail","hentry"],"acf":[],"yoast_head":"<!-- This site is optimized with the Yoast SEO Premium plugin v27.2 (Yoast SEO v27.2) - https:\/\/yoast.com\/product\/yoast-seo-premium-wordpress\/ -->\n<title>Gramatica persan\u0103 - Talkpal<\/title>\n<meta name=\"description\" content=\"Explora\u021bi subtilit\u0103\u021bile gramaticii persane pentru a v\u0103 \u00eembun\u0103t\u0103\u021bi \u00een\u021belegerea \u0219i fluen\u021ba \u00een limba persan\u0103.\" \/>\n<meta name=\"robots\" content=\"index, follow, max-snippet:-1, max-image-preview:large, max-video-preview:-1\" \/>\n<link rel=\"canonical\" href=\"https:\/\/talkpal.ai\/ro\/gramatica-persana\/\" \/>\n<meta property=\"og:locale\" content=\"ro_RO\" \/>\n<meta property=\"og:type\" content=\"article\" \/>\n<meta property=\"og:title\" content=\"Gramatica persan\u0103\" \/>\n<meta property=\"og:description\" content=\"St\u0103p\u00e2nirea gramaticii persane: ghidul t\u0103u final Salam, pasiona\u021bi de limbi str\u0103ine! E\u0219ti gata s\u0103 porne\u0219ti \u00eentr-o c\u0103l\u0103torie \u00een lumea gramaticii persane? A\u021bi\" \/>\n<meta property=\"og:url\" content=\"https:\/\/talkpal.ai\/ro\/gramatica-persana\/\" \/>\n<meta property=\"og:site_name\" content=\"Talkpal\" \/>\n<meta property=\"article:publisher\" content=\"https:\/\/www.facebook.com\/profile.php?id=100090733639311\" \/>\n<meta property=\"article:modified_time\" content=\"2025-12-12T10:39:21+00:00\" \/>\n<meta property=\"og:image\" content=\"https:\/\/talkpal.ai\/wp-content\/uploads\/2023\/05\/Persian-iran.png\" \/>\n\t<meta property=\"og:image:width\" content=\"512\" \/>\n\t<meta property=\"og:image:height\" content=\"512\" \/>\n\t<meta property=\"og:image:type\" content=\"image\/png\" \/>\n<meta name=\"twitter:card\" content=\"summary_large_image\" \/>\n<meta name=\"twitter:site\" content=\"@talkpalai\" \/>\n<meta name=\"twitter:label1\" content=\"Timp estimat pentru citire\" \/>\n\t<meta name=\"twitter:data1\" content=\"3 minute\" \/>\n<script type=\"application\/ld+json\" class=\"yoast-schema-graph\">{\"@context\":\"https:\/\/schema.org\",\"@graph\":[{\"@type\":\"WebPage\",\"@id\":\"https:\/\/talkpal.ai\/ro\/gramatica-persana\/\",\"url\":\"https:\/\/talkpal.ai\/ro\/gramatica-persana\/\",\"name\":\"Gramatica persan\u0103 - Talkpal\",\"isPartOf\":{\"@id\":\"https:\/\/talkpal.ai\/ro\/#website\"},\"primaryImageOfPage\":{\"@id\":\"https:\/\/talkpal.ai\/ro\/gramatica-persana\/#primaryimage\"},\"image\":{\"@id\":\"https:\/\/talkpal.ai\/ro\/gramatica-persana\/#primaryimage\"},\"thumbnailUrl\":\"https:\/\/talkpal.ai\/wp-content\/uploads\/2023\/05\/Persian-iran.png\",\"datePublished\":\"2023-05-14T14:18:22+00:00\",\"dateModified\":\"2025-12-12T10:39:21+00:00\",\"description\":\"Explora\u021bi subtilit\u0103\u021bile gramaticii persane pentru a v\u0103 \u00eembun\u0103t\u0103\u021bi \u00een\u021belegerea \u0219i fluen\u021ba \u00een limba persan\u0103.\",\"breadcrumb\":{\"@id\":\"https:\/\/talkpal.ai\/ro\/gramatica-persana\/#breadcrumb\"},\"inLanguage\":\"ro-RO\",\"potentialAction\":[{\"@type\":\"ReadAction\",\"target\":[\"https:\/\/talkpal.ai\/ro\/gramatica-persana\/\"]}]},{\"@type\":\"ImageObject\",\"inLanguage\":\"ro-RO\",\"@id\":\"https:\/\/talkpal.ai\/ro\/gramatica-persana\/#primaryimage\",\"url\":\"https:\/\/talkpal.ai\/wp-content\/uploads\/2023\/05\/Persian-iran.png\",\"contentUrl\":\"https:\/\/talkpal.ai\/wp-content\/uploads\/2023\/05\/Persian-iran.png\",\"width\":512,\"height\":512},{\"@type\":\"BreadcrumbList\",\"@id\":\"https:\/\/talkpal.ai\/ro\/gramatica-persana\/#breadcrumb\",\"itemListElement\":[{\"@type\":\"ListItem\",\"position\":1,\"name\":\"Homepage\",\"item\":\"https:\/\/talkpal.ai\/ro\/\"},{\"@type\":\"ListItem\",\"position\":2,\"name\":\"Gramatica persan\u0103\"}]},{\"@type\":\"WebSite\",\"@id\":\"https:\/\/talkpal.ai\/ro\/#website\",\"url\":\"https:\/\/talkpal.ai\/ro\/\",\"name\":\"Talkpal\",\"description\":\"AI Language Learning\",\"publisher\":{\"@id\":\"https:\/\/talkpal.ai\/ro\/#organization\"},\"alternateName\":\"Talkpal AI\",\"potentialAction\":[{\"@type\":\"SearchAction\",\"target\":{\"@type\":\"EntryPoint\",\"urlTemplate\":\"https:\/\/talkpal.ai\/ro\/?s={search_term_string}\"},\"query-input\":{\"@type\":\"PropertyValueSpecification\",\"valueRequired\":true,\"valueName\":\"search_term_string\"}}],\"inLanguage\":\"ro-RO\"},{\"@type\":\"Organization\",\"@id\":\"https:\/\/talkpal.ai\/ro\/#organization\",\"name\":\"Talkpal, Inc.\",\"alternateName\":\"Talkpal AI\",\"url\":\"https:\/\/talkpal.ai\/ro\/\",\"logo\":{\"@type\":\"ImageObject\",\"inLanguage\":\"ro-RO\",\"@id\":\"https:\/\/talkpal.ai\/ro\/#\/schema\/logo\/image\/\",\"url\":\"https:\/\/talkpal.ai\/wp-content\/uploads\/2024\/03\/Talkpal-Logo-Icon.png\",\"contentUrl\":\"https:\/\/talkpal.ai\/wp-content\/uploads\/2024\/03\/Talkpal-Logo-Icon.png\",\"width\":2880,\"height\":2880,\"caption\":\"Talkpal, Inc.\"},\"image\":{\"@id\":\"https:\/\/talkpal.ai\/ro\/#\/schema\/logo\/image\/\"},\"sameAs\":[\"https:\/\/www.facebook.com\/profile.php?id=100090733639311\",\"https:\/\/x.com\/talkpalai\",\"https:\/\/www.linkedin.com\/company\/talkpal\/\",\"https:\/\/www.youtube.com\/@TalkPal\/\",\"https:\/\/www.tiktok.com\/@talkpal\",\"https:\/\/www.instagram.com\/talkpal_ai\/\",\"https:\/\/www.crunchbase.com\/organization\/talkpal-9cde\",\"https:\/\/www.g2.com\/products\/talkpal-for-business\/\",\"https:\/\/www.trustpilot.com\/review\/talkpal.ai\",\"https:\/\/www.capterra.com\/p\/10006800\/TalkPal\/\"],\"description\":\"Talkpal is a language learning web and mobile education app, powered by the latest AI technologies, that provides engaging experiences to its customers in many different languages to help them improve their language skills. Users can chat about unlimited amount of topics with the app and use other modes to practice their language learning.\",\"email\":\"support@talkpal.ai\",\"legalName\":\"Talkpal, Inc.\",\"foundingDate\":\"2023-04-03\",\"duns\":\"118989042\",\"numberOfEmployees\":{\"@type\":\"QuantitativeValue\",\"minValue\":\"11\",\"maxValue\":\"50\"},\"publishingPrinciples\":\"https:\/\/talkpal.ai\/publishing-principles\/\",\"actionableFeedbackPolicy\":\"https:\/\/talkpal.ai\/actionable-feedback-policy\/\",\"correctionsPolicy\":\"https:\/\/talkpal.ai\/corrections-policy\/\",\"ethicsPolicy\":\"https:\/\/talkpal.ai\/ethics-policy\/\",\"diversityPolicy\":\"https:\/\/talkpal.ai\/diversity-policy\/\",\"diversityStaffingReport\":\"https:\/\/talkpal.ai\/diversity-policy\/\"}]}<\/script>\n<!-- \/ Yoast SEO Premium plugin. -->","yoast_head_json":{"title":"Gramatica persan\u0103 - Talkpal","description":"Explora\u021bi subtilit\u0103\u021bile gramaticii persane pentru a v\u0103 \u00eembun\u0103t\u0103\u021bi \u00een\u021belegerea \u0219i fluen\u021ba \u00een limba persan\u0103.","robots":{"index":"index","follow":"follow","max-snippet":"max-snippet:-1","max-image-preview":"max-image-preview:large","max-video-preview":"max-video-preview:-1"},"canonical":"https:\/\/talkpal.ai\/ro\/gramatica-persana\/","og_locale":"ro_RO","og_type":"article","og_title":"Gramatica persan\u0103","og_description":"St\u0103p\u00e2nirea gramaticii persane: ghidul t\u0103u final Salam, pasiona\u021bi de limbi str\u0103ine! E\u0219ti gata s\u0103 porne\u0219ti \u00eentr-o c\u0103l\u0103torie \u00een lumea gramaticii persane? A\u021bi","og_url":"https:\/\/talkpal.ai\/ro\/gramatica-persana\/","og_site_name":"Talkpal","article_publisher":"https:\/\/www.facebook.com\/profile.php?id=100090733639311","article_modified_time":"2025-12-12T10:39:21+00:00","og_image":[{"width":512,"height":512,"url":"https:\/\/talkpal.ai\/wp-content\/uploads\/2023\/05\/Persian-iran.png","type":"image\/png"}],"twitter_card":"summary_large_image","twitter_site":"@talkpalai","twitter_misc":{"Timp estimat pentru citire":"3 minute"},"schema":{"@context":"https:\/\/schema.org","@graph":[{"@type":"WebPage","@id":"https:\/\/talkpal.ai\/ro\/gramatica-persana\/","url":"https:\/\/talkpal.ai\/ro\/gramatica-persana\/","name":"Gramatica persan\u0103 - Talkpal","isPartOf":{"@id":"https:\/\/talkpal.ai\/ro\/#website"},"primaryImageOfPage":{"@id":"https:\/\/talkpal.ai\/ro\/gramatica-persana\/#primaryimage"},"image":{"@id":"https:\/\/talkpal.ai\/ro\/gramatica-persana\/#primaryimage"},"thumbnailUrl":"https:\/\/talkpal.ai\/wp-content\/uploads\/2023\/05\/Persian-iran.png","datePublished":"2023-05-14T14:18:22+00:00","dateModified":"2025-12-12T10:39:21+00:00","description":"Explora\u021bi subtilit\u0103\u021bile gramaticii persane pentru a v\u0103 \u00eembun\u0103t\u0103\u021bi \u00een\u021belegerea \u0219i fluen\u021ba \u00een limba persan\u0103.","breadcrumb":{"@id":"https:\/\/talkpal.ai\/ro\/gramatica-persana\/#breadcrumb"},"inLanguage":"ro-RO","potentialAction":[{"@type":"ReadAction","target":["https:\/\/talkpal.ai\/ro\/gramatica-persana\/"]}]},{"@type":"ImageObject","inLanguage":"ro-RO","@id":"https:\/\/talkpal.ai\/ro\/gramatica-persana\/#primaryimage","url":"https:\/\/talkpal.ai\/wp-content\/uploads\/2023\/05\/Persian-iran.png","contentUrl":"https:\/\/talkpal.ai\/wp-content\/uploads\/2023\/05\/Persian-iran.png","width":512,"height":512},{"@type":"BreadcrumbList","@id":"https:\/\/talkpal.ai\/ro\/gramatica-persana\/#breadcrumb","itemListElement":[{"@type":"ListItem","position":1,"name":"Homepage","item":"https:\/\/talkpal.ai\/ro\/"},{"@type":"ListItem","position":2,"name":"Gramatica persan\u0103"}]},{"@type":"WebSite","@id":"https:\/\/talkpal.ai\/ro\/#website","url":"https:\/\/talkpal.ai\/ro\/","name":"Talkpal","description":"AI Language Learning","publisher":{"@id":"https:\/\/talkpal.ai\/ro\/#organization"},"alternateName":"Talkpal AI","potentialAction":[{"@type":"SearchAction","target":{"@type":"EntryPoint","urlTemplate":"https:\/\/talkpal.ai\/ro\/?s={search_term_string}"},"query-input":{"@type":"PropertyValueSpecification","valueRequired":true,"valueName":"search_term_string"}}],"inLanguage":"ro-RO"},{"@type":"Organization","@id":"https:\/\/talkpal.ai\/ro\/#organization","name":"Talkpal, Inc.","alternateName":"Talkpal AI","url":"https:\/\/talkpal.ai\/ro\/","logo":{"@type":"ImageObject","inLanguage":"ro-RO","@id":"https:\/\/talkpal.ai\/ro\/#\/schema\/logo\/image\/","url":"https:\/\/talkpal.ai\/wp-content\/uploads\/2024\/03\/Talkpal-Logo-Icon.png","contentUrl":"https:\/\/talkpal.ai\/wp-content\/uploads\/2024\/03\/Talkpal-Logo-Icon.png","width":2880,"height":2880,"caption":"Talkpal, Inc."},"image":{"@id":"https:\/\/talkpal.ai\/ro\/#\/schema\/logo\/image\/"},"sameAs":["https:\/\/www.facebook.com\/profile.php?id=100090733639311","https:\/\/x.com\/talkpalai","https:\/\/www.linkedin.com\/company\/talkpal\/","https:\/\/www.youtube.com\/@TalkPal\/","https:\/\/www.tiktok.com\/@talkpal","https:\/\/www.instagram.com\/talkpal_ai\/","https:\/\/www.crunchbase.com\/organization\/talkpal-9cde","https:\/\/www.g2.com\/products\/talkpal-for-business\/","https:\/\/www.trustpilot.com\/review\/talkpal.ai","https:\/\/www.capterra.com\/p\/10006800\/TalkPal\/"],"description":"Talkpal is a language learning web and mobile education app, powered by the latest AI technologies, that provides engaging experiences to its customers in many different languages to help them improve their language skills. Users can chat about unlimited amount of topics with the app and use other modes to practice their language learning.","email":"support@talkpal.ai","legalName":"Talkpal, Inc.","foundingDate":"2023-04-03","duns":"118989042","numberOfEmployees":{"@type":"QuantitativeValue","minValue":"11","maxValue":"50"},"publishingPrinciples":"https:\/\/talkpal.ai\/publishing-principles\/","actionableFeedbackPolicy":"https:\/\/talkpal.ai\/actionable-feedback-policy\/","correctionsPolicy":"https:\/\/talkpal.ai\/corrections-policy\/","ethicsPolicy":"https:\/\/talkpal.ai\/ethics-policy\/","diversityPolicy":"https:\/\/talkpal.ai\/diversity-policy\/","diversityStaffingReport":"https:\/\/talkpal.ai\/diversity-policy\/"}]}},"_links":{"self":[{"href":"https:\/\/talkpal.ai\/ro\/wp-json\/wp\/v2\/pages\/148704","targetHints":{"allow":["GET"]}}],"collection":[{"href":"https:\/\/talkpal.ai\/ro\/wp-json\/wp\/v2\/pages"}],"about":[{"href":"https:\/\/talkpal.ai\/ro\/wp-json\/wp\/v2\/types\/page"}],"author":[{"embeddable":true,"href":"https:\/\/talkpal.ai\/ro\/wp-json\/wp\/v2\/users\/1"}],"replies":[{"embeddable":true,"href":"https:\/\/talkpal.ai\/ro\/wp-json\/wp\/v2\/comments?post=148704"}],"version-history":[{"count":0,"href":"https:\/\/talkpal.ai\/ro\/wp-json\/wp\/v2\/pages\/148704\/revisions"}],"wp:featuredmedia":[{"embeddable":true,"href":"https:\/\/talkpal.ai\/ro\/wp-json\/wp\/v2\/media\/117359"}],"wp:attachment":[{"href":"https:\/\/talkpal.ai\/ro\/wp-json\/wp\/v2\/media?parent=148704"}],"curies":[{"name":"wp","href":"https:\/\/api.w.org\/{rel}","templated":true}]}}