{"id":148412,"date":"2023-05-14T14:13:06","date_gmt":"2023-05-14T14:13:06","guid":{"rendered":"http:\/\/talkpal.ai\/gramatica-norvegiana\/"},"modified":"2025-12-17T17:01:28","modified_gmt":"2025-12-17T17:01:28","slug":"gramatica-norvegiana","status":"publish","type":"page","link":"https:\/\/talkpal.ai\/ro\/gramatica-norvegiana\/","title":{"rendered":"Gramatica norvegian\u0103"},"content":{"rendered":"\r\n\r\n\r\n<section class=\"languageChallengeSection\">\r\n    <div class=\"languageInfoWrapper\">\r\n        \r\n        <h1>Gramatica norvegian\u0103<\/h1>\r\n        <p>Descoperi\u021bi elementele de baz\u0103 ale gramaticii norvegiene \u0219i debloca\u021bi abilitatea de a comunica cu \u00eencredere \u00eentr-una dintre cele mai frumoase limbi din Scandinavia. \u00cen\u021belegerea gramaticii norvegiene va deschide por\u021bile c\u0103tre noi experien\u021be culturale \u0219i conversa\u021bii semnificative. \u00cencepe\u021bi ast\u0103zi s\u0103 \u00eenv\u0103\u021ba\u021bi <a href=\"https:\/\/talkpal.ai\/norwegian-grammar\/\">gramatica norvegian\u0103<\/a> \u0219i face\u021bi primul pas spre fluen\u021b\u0103!<\/p>\r\n\r\n                            <a class=\"getStartedHidden\" href=\"https:\/\/app.talkpal.ai\/ro\/signup?lng=\">\u00cencepe<\/a>\r\n        \r\n    <\/div>\r\n\r\n    <figure>\r\n    <img decoding=\"async\" width=\"768\" height=\"768\" src=\"https:\/\/talkpal.ai\/wp-content\/uploads\/2023\/06\/norwegian-768x768.png\" class=\"languageImage no-lazy\" alt=\"Language learning for extensive vocabulary\" fetchpriority=\"high\" sizes=\"(max-width: 768px) 150px, 768px\" srcset=\"https:\/\/talkpal.ai\/wp-content\/uploads\/2023\/06\/norwegian-768x768.png 768w, https:\/\/talkpal.ai\/wp-content\/uploads\/2023\/06\/norwegian-300x300.png 300w\" \/>\r\n    \r\n\r\n    <\/figure>\r\n\r\n            <a class=\"getStartedVisible\" href=\"https:\/\/app.talkpal.ai\/ro\/signup?lng=\">\u00cencepe<\/a>\r\n    \r\n<\/section>\r\n<section class=\"promotionalBanner\">\r\n    <p class=\"promotionalText\">Cel mai eficient mod de a \u00eenv\u0103\u021ba o limb\u0103<\/p>\r\n    <a class=\"promotionalLink\" href=\"https:\/\/app.talkpal.ai\/ro\/signup?lng=\">\u00cencerca\u021bi Talkpal gratuit<\/a>\r\n<\/section>\n<div class=\"wp-block-group pageContainerStyle\"><div class=\"wp-block-group__inner-container is-layout-constrained wp-block-group-is-layout-constrained\">\n<h2 class=\"wp-block-heading\" id=\"h-dive-into-norwegian-grammar-a-comprehensive-guide\">Scufunda\u021bi-v\u0103 \u00een gramatica norvegian\u0103: un ghid cuprinz\u0103tor<\/h2>\n\n\n\n<p>Norvegiana, o limb\u0103 fascinant\u0103 \u0219i expresiv\u0103, ofer\u0103 o oportunitate unic\u0103 pentru cursan\u021bii de <a href=\"https:\/\/talkpal.ai\/ro\/tutor-de-limbi-straine\/\">limbi str\u0103ine<\/a> de a explora bogatul patrimoniu cultural \u0219i istoric al Norvegiei. Vestea bun\u0103 este c\u0103 gramatica norvegian\u0103 \u00eemp\u0103rt\u0103\u0219e\u0219te unele asem\u0103n\u0103ri cu engleza, f\u0103c\u00e2nd-o o limb\u0103 accesibil\u0103 de \u00eenv\u0103\u021bat. Acest articol v\u0103 va ghida prin aspectele esen\u021biale ale gramaticii norvegiene, asigur\u00e2ndu-v\u0103 c\u0103 construi\u021bi o baz\u0103 solid\u0103 \u0219i \u00een\u021belege\u021bi limba cu \u00eencredere.<\/p>\n\n\n\n<h3 class=\"wp-block-heading\" id=\"h-1-embracing-norwegian-nouns-and-articles\">1. \u00cembr\u0103\u021bi\u0219area substantivelor \u0219i articolelor norvegiene<\/h3>\n\n\n\n<p>Substantivele norvegiene, ca \u0219i omologii lor englezi, reprezint\u0103 oameni, locuri, lucruri sau idei. Ele sunt clasificate \u00een trei genuri: masculin, feminin \u0219i neutru. Genul este esen\u021bial \u00een determinarea termina\u021biilor substantivului \u0219i a articolelor cu care acesta trebuie asociat.<\/p>\n\n\n\n<p>Exist\u0103 dou\u0103 tipuri de articole \u00een norvegian\u0103: hot\u0103r\u00e2te \u0219i nedeterminate. Articolele hot\u0103r\u00e2te apar ca sufixe la sf\u00e2r\u0219itul substantivelor, \u00een timp ce articolele nehot\u0103r\u00e2te sunt cuvinte separate care preced substantivele. Articolele trebuie s\u0103 fie de acord cu substantivele \u00een gen \u0219i num\u0103r.<\/p>\n\n\n\n<p><strong>&#8211; Articole definite: -en (masculin), -a (feminin), -et (neutru).<\/strong><\/p>\n\n\n\n<p><strong>&#8211; Articolele nedefinite: en (masculin), ei (feminin), et (neutru)<\/strong><\/p>\n\n\n\n<h3 class=\"wp-block-heading\" id=\"h-2-mastering-norwegian-verbs-conjugation-and-tenses\">2. St\u0103p\u00e2nirea verbelor norvegiene: conjugare \u0219i timpuri<\/h3>\n\n\n\n<p>Verbele norvegiene sunt relativ u\u0219or de \u00eenv\u0103\u021bat, deoarece au mai pu\u021bine conjug\u0103ri dec\u00e2t multe alte limbi. Verbele sunt conjugate \u00een func\u021bie de timp \u0219i dispozi\u021bie. Verbele norvegiene sunt \u00eemp\u0103r\u021bite \u00een principal \u00een patru grupe, fiecare cu modelul s\u0103u de conjugare. Cu toate acestea, vestea bun\u0103 este c\u0103, spre deosebire de multe alte limbi, verbele norvegiene nu \u00ee\u0219i schimb\u0103 forma \u00een func\u021bie de subiect sau num\u0103r.<\/p>\n\n\n\n<p>Norvegiana are mai pu\u021bine timpuri dec\u00e2t engleza, cu doar trei timpuri: timpul prezent, timpul trecut \u0219i timpul perfect trecut. Timpul prezent este folosit pentru a exprima evenimente prezente \u0219i viitoare, \u00een timp ce timpul trecut denot\u0103 ac\u021biuni finalizate, iar timpul perfect trecut indic\u0103 experien\u021ba sau st\u0103rile care s-au \u00eent\u00e2mplat \u00eenainte de un anumit punct din trecut.<\/p>\n\n\n\n<h3 class=\"wp-block-heading\" id=\"h-3-expressing-yourself-with-norwegian-adjectives-and-adverbs\">3. Exprimarea cu adjective \u0219i adverbe norvegiene<\/h3>\n\n\n\n<p>Utilizarea adjectivelor v\u0103 \u00eembun\u0103t\u0103\u021be\u0219te \u00een mod eficient capacitatea de a v\u0103 exprima \u00een norvegian\u0103. Adjectivele descriu calit\u0103\u021bile sau caracteristicile substantivelor \u0219i trebuie s\u0103 fie de acord cu substantivele \u00een gen \u0219i num\u0103r. \u00cen norvegian\u0103, adjectivele vin de obicei \u00eenaintea substantivului <a href=\"https:\/\/talkpal.ai\/culture\/how-do-i-use-pe-care-correctly\/\">pe care<\/a> \u00eel descriu.<\/p>\n\n\n\n<p>Adverbele \u00een norvegian\u0103 modific\u0103 verbe, adjective sau alte adverbe. Ele transmit informa\u021bii despre cum, c\u00e2nd, unde \u0219i \u00een ce m\u0103sur\u0103 are loc o ac\u021biune. Spre deosebire de adjective, adverbele r\u0103m\u00e2n acelea\u0219i indiferent de genul sau num\u0103rul de substantive descrise.<\/p>\n\n\n\n<h3 class=\"wp-block-heading\" id=\"h-4-constructing-sentences-with-norwegian-pronouns-and-word-order\">4. Construirea propozi\u021biilor cu pronume norvegiene \u0219i ordinea cuvintelor<\/h3>\n\n\n\n<p>Pronumele norvegiene \u00eenlocuiesc substantivele \u0219i, de obicei, sunt de acord cu substantivul pe care \u00eel reprezint\u0103 \u00een gen, num\u0103r \u0219i caz. Exist\u0103 diferite tipuri de pronume \u00een norvegian\u0103, inclusiv pronumele personale, posesive, demonstrative, reflexive, relative \u0219i interogative.<\/p>\n\n\n\n<p>Structura propozi\u021biei \u00een norvegian\u0103 urmeaz\u0103 ordinea subiect-verb-obiect (SVO), similar\u0103 cu engleza. Cu toate acestea, folose\u0219te \u0219i o regul\u0103 Verb-secund\u0103 (V2) \u00een care verbul ocup\u0103 de obicei a doua pozi\u021bie \u00een propozi\u021biile principale. \u00cen\u021belegerea \u0219i practicarea ordinii cuvintelor norvegiene este esen\u021bial\u0103 pentru ob\u021binerea fluen\u021bei \u00een limb\u0103.<\/p>\n\n\n\n<h3 class=\"wp-block-heading\" id=\"h-conclusion\">Concluzie<\/h3>\n\n\n\n<p>Ob\u021binerea fluen\u021bei \u00een gramatica norvegian\u0103 necesit\u0103 dedicare, practic\u0103 \u0219i o minte deschis\u0103 pentru a explora caracteristicile unice ale limbii. Fie c\u0103 sunte\u021bi interesat s\u0103 v\u0103 cufunda\u021bi \u00een cultura norvegian\u0103 sau dori\u021bi s\u0103 \u00eenv\u0103\u021ba\u021bi o nou\u0103 limb\u0103, st\u0103p\u00e2nirea gramaticii norvegiene pune bazele unei comunic\u0103ri de succes. Pe m\u0103sur\u0103 ce v\u0103 ad\u00e2nci\u021bi \u00een substantivele, verbele, adjectivele \u0219i ordinea cuvintelor norvegiene, nu uita\u021bi s\u0103 v\u0103 bucura\u021bi de proces \u0219i s\u0103 pre\u021bui\u021bi experien\u021bele lingvistice bogate care v\u0103 a\u0219teapt\u0103. <a href=\"https:\/\/talkpal.ai\/culture\/how-do-you-say-good-luck-with-that-in-norwegian\/\">Lykke til<\/a>!<\/p>\n<\/div><\/div>\n\r\n<section class=\"learnNavigationSection\">\r\n            \r\n        <a href=\"https:\/\/talkpal.ai\/ro\/invata-norvegiana\/\">\r\n            <div class=\"learnNavigationWrapper\">\r\n                <div class=\"learnNavigationContent\">\r\n                    <img decoding=\"async\" src=\"https:\/\/talkpal.ai\/wp-content\/uploads\/2024\/08\/Norwegian.jpg\" alt=\"Norwegian Flag\">\r\n                    <div>\r\n                        <h4>Despre Norwegian Learning<\/h4>\r\n                        <p>Afla\u021bi totul despre gramatica norvegian\u0103.<\/p>\r\n                    <\/div>\r\n                <\/div>\r\n            <\/div>\r\n        <\/a>\r\n\r\n        \r\n        <a href=\"https:\/\/talkpal.ai\/ro\/exercitii-de-gramatica-norvegiana\/\">\r\n            <div class=\"learnNavigationWrapper\">\r\n                <div class=\"learnNavigationContent\">\r\n                    <img decoding=\"async\" src=\"https:\/\/talkpal.ai\/wp-content\/uploads\/2024\/08\/Norwegian.jpg\" alt=\"Norwegian Flag\">\r\n                    <div>\r\n                        <h4>Exerci\u021biu de gramatic\u0103 norvegian\u0103<\/h4>\r\n                        <p>Exersa\u021bi gramatica norvegian\u0103.<\/p>\r\n                    <\/div>\r\n                <\/div>\r\n            <\/div>\r\n        <\/a>\r\n\r\n        \r\n        <a href=\"https:\/\/talkpal.ai\/vocabulary_language\/norwegian\/\">\r\n            <div class=\"learnNavigationWrapper\">\r\n                <div class=\"learnNavigationContent\">\r\n                    <img decoding=\"async\" src=\"https:\/\/talkpal.ai\/wp-content\/uploads\/2024\/08\/Norwegian.jpg\" alt=\"Norwegian Flag\">\r\n                    <div>\r\n                        <h4>Vocabular norvegian<\/h4>\r\n                        <p>Extinde\u021bi-v\u0103 vocabularul norvegian.<\/p>\r\n                    <\/div>\r\n                <\/div>\r\n            <\/div>\r\n        <\/a>\r\n\r\n            <\/section>","protected":false},"excerpt":{"rendered":"<p>Scufunda\u021bi-v\u0103 \u00een gramatica norvegian\u0103: un ghid cuprinz\u0103tor Norvegiana, o limb\u0103 fascinant\u0103 \u0219i expresiv\u0103, ofer\u0103 o oportunitate unic\u0103 pentru cursan\u021bii de limbi str\u0103ine de a explora bogatul patrimoniu cultural \u0219i istoric al Norvegiei. Vestea bun\u0103 este c\u0103 gramatica norvegian\u0103 \u00eemp\u0103rt\u0103\u0219e\u0219te unele asem\u0103n\u0103ri cu engleza, f\u0103c\u00e2nd-o o limb\u0103 accesibil\u0103 de \u00eenv\u0103\u021bat. Acest articol v\u0103 va ghida prin [&hellip;]<\/p>\n","protected":false},"author":1,"featured_media":116950,"parent":0,"menu_order":0,"comment_status":"closed","ping_status":"closed","template":"LearningContentPage.php","meta":{"_acf_changed":false,"footnotes":""},"class_list":["post-148412","page","type-page","status-publish","has-post-thumbnail","hentry"],"acf":[],"yoast_head":"<!-- This site is optimized with the Yoast SEO Premium plugin v27.2 (Yoast SEO v27.2) - https:\/\/yoast.com\/product\/yoast-seo-premium-wordpress\/ -->\n<title>Gramatica norvegian\u0103 - Talkpal<\/title>\n<meta name=\"description\" content=\"Explora\u021bi subtilit\u0103\u021bile gramaticii norvegiene \u0219i ridica\u021bi-v\u0103 competen\u021bele lingvistice la nivelul urm\u0103tor.\" \/>\n<meta name=\"robots\" content=\"index, follow, max-snippet:-1, max-image-preview:large, max-video-preview:-1\" \/>\n<link rel=\"canonical\" href=\"https:\/\/talkpal.ai\/ro\/gramatica-norvegiana\/\" \/>\n<meta property=\"og:locale\" content=\"ro_RO\" \/>\n<meta property=\"og:type\" content=\"article\" \/>\n<meta property=\"og:title\" content=\"Gramatica norvegian\u0103\" \/>\n<meta property=\"og:description\" content=\"Scufunda\u021bi-v\u0103 \u00een gramatica norvegian\u0103: un ghid cuprinz\u0103tor Norvegiana, o limb\u0103 fascinant\u0103 \u0219i expresiv\u0103, ofer\u0103 o oportunitate unic\u0103 pentru cursan\u021bii de\" \/>\n<meta property=\"og:url\" content=\"https:\/\/talkpal.ai\/ro\/gramatica-norvegiana\/\" \/>\n<meta property=\"og:site_name\" content=\"Talkpal\" \/>\n<meta property=\"article:publisher\" content=\"https:\/\/www.facebook.com\/profile.php?id=100090733639311\" \/>\n<meta property=\"article:modified_time\" content=\"2025-12-17T17:01:28+00:00\" \/>\n<meta property=\"og:image\" content=\"https:\/\/talkpal.ai\/wp-content\/uploads\/2023\/05\/norway.png\" \/>\n\t<meta property=\"og:image:width\" content=\"512\" \/>\n\t<meta property=\"og:image:height\" content=\"512\" \/>\n\t<meta property=\"og:image:type\" content=\"image\/png\" \/>\n<meta name=\"twitter:card\" content=\"summary_large_image\" \/>\n<meta name=\"twitter:site\" content=\"@talkpalai\" \/>\n<meta name=\"twitter:label1\" content=\"Timp estimat pentru citire\" \/>\n\t<meta name=\"twitter:data1\" content=\"3 minute\" \/>\n<script type=\"application\/ld+json\" class=\"yoast-schema-graph\">{\"@context\":\"https:\/\/schema.org\",\"@graph\":[{\"@type\":\"WebPage\",\"@id\":\"https:\/\/talkpal.ai\/ro\/gramatica-norvegiana\/\",\"url\":\"https:\/\/talkpal.ai\/ro\/gramatica-norvegiana\/\",\"name\":\"Gramatica norvegian\u0103 - Talkpal\",\"isPartOf\":{\"@id\":\"https:\/\/talkpal.ai\/ro\/#website\"},\"primaryImageOfPage\":{\"@id\":\"https:\/\/talkpal.ai\/ro\/gramatica-norvegiana\/#primaryimage\"},\"image\":{\"@id\":\"https:\/\/talkpal.ai\/ro\/gramatica-norvegiana\/#primaryimage\"},\"thumbnailUrl\":\"https:\/\/talkpal.ai\/wp-content\/uploads\/2023\/05\/norway.png\",\"datePublished\":\"2023-05-14T14:13:06+00:00\",\"dateModified\":\"2025-12-17T17:01:28+00:00\",\"description\":\"Explora\u021bi subtilit\u0103\u021bile gramaticii norvegiene \u0219i ridica\u021bi-v\u0103 competen\u021bele lingvistice la nivelul urm\u0103tor.\",\"breadcrumb\":{\"@id\":\"https:\/\/talkpal.ai\/ro\/gramatica-norvegiana\/#breadcrumb\"},\"inLanguage\":\"ro-RO\",\"potentialAction\":[{\"@type\":\"ReadAction\",\"target\":[\"https:\/\/talkpal.ai\/ro\/gramatica-norvegiana\/\"]}]},{\"@type\":\"ImageObject\",\"inLanguage\":\"ro-RO\",\"@id\":\"https:\/\/talkpal.ai\/ro\/gramatica-norvegiana\/#primaryimage\",\"url\":\"https:\/\/talkpal.ai\/wp-content\/uploads\/2023\/05\/norway.png\",\"contentUrl\":\"https:\/\/talkpal.ai\/wp-content\/uploads\/2023\/05\/norway.png\",\"width\":512,\"height\":512},{\"@type\":\"BreadcrumbList\",\"@id\":\"https:\/\/talkpal.ai\/ro\/gramatica-norvegiana\/#breadcrumb\",\"itemListElement\":[{\"@type\":\"ListItem\",\"position\":1,\"name\":\"Homepage\",\"item\":\"https:\/\/talkpal.ai\/ro\/\"},{\"@type\":\"ListItem\",\"position\":2,\"name\":\"Gramatica norvegian\u0103\"}]},{\"@type\":\"WebSite\",\"@id\":\"https:\/\/talkpal.ai\/ro\/#website\",\"url\":\"https:\/\/talkpal.ai\/ro\/\",\"name\":\"Talkpal\",\"description\":\"AI Language Learning\",\"publisher\":{\"@id\":\"https:\/\/talkpal.ai\/ro\/#organization\"},\"alternateName\":\"Talkpal AI\",\"potentialAction\":[{\"@type\":\"SearchAction\",\"target\":{\"@type\":\"EntryPoint\",\"urlTemplate\":\"https:\/\/talkpal.ai\/ro\/?s={search_term_string}\"},\"query-input\":{\"@type\":\"PropertyValueSpecification\",\"valueRequired\":true,\"valueName\":\"search_term_string\"}}],\"inLanguage\":\"ro-RO\"},{\"@type\":\"Organization\",\"@id\":\"https:\/\/talkpal.ai\/ro\/#organization\",\"name\":\"Talkpal, Inc.\",\"alternateName\":\"Talkpal AI\",\"url\":\"https:\/\/talkpal.ai\/ro\/\",\"logo\":{\"@type\":\"ImageObject\",\"inLanguage\":\"ro-RO\",\"@id\":\"https:\/\/talkpal.ai\/ro\/#\/schema\/logo\/image\/\",\"url\":\"https:\/\/talkpal.ai\/wp-content\/uploads\/2024\/03\/Talkpal-Logo-Icon.png\",\"contentUrl\":\"https:\/\/talkpal.ai\/wp-content\/uploads\/2024\/03\/Talkpal-Logo-Icon.png\",\"width\":2880,\"height\":2880,\"caption\":\"Talkpal, Inc.\"},\"image\":{\"@id\":\"https:\/\/talkpal.ai\/ro\/#\/schema\/logo\/image\/\"},\"sameAs\":[\"https:\/\/www.facebook.com\/profile.php?id=100090733639311\",\"https:\/\/x.com\/talkpalai\",\"https:\/\/www.linkedin.com\/company\/talkpal\/\",\"https:\/\/www.youtube.com\/@TalkPal\/\",\"https:\/\/www.tiktok.com\/@talkpal\",\"https:\/\/www.instagram.com\/talkpal_ai\/\",\"https:\/\/www.crunchbase.com\/organization\/talkpal-9cde\",\"https:\/\/www.g2.com\/products\/talkpal-for-business\/\",\"https:\/\/www.trustpilot.com\/review\/talkpal.ai\",\"https:\/\/www.capterra.com\/p\/10006800\/TalkPal\/\"],\"description\":\"Talkpal is a language learning web and mobile education app, powered by the latest AI technologies, that provides engaging experiences to its customers in many different languages to help them improve their language skills. Users can chat about unlimited amount of topics with the app and use other modes to practice their language learning.\",\"email\":\"support@talkpal.ai\",\"legalName\":\"Talkpal, Inc.\",\"foundingDate\":\"2023-04-03\",\"duns\":\"118989042\",\"numberOfEmployees\":{\"@type\":\"QuantitativeValue\",\"minValue\":\"11\",\"maxValue\":\"50\"},\"publishingPrinciples\":\"https:\/\/talkpal.ai\/publishing-principles\/\",\"actionableFeedbackPolicy\":\"https:\/\/talkpal.ai\/actionable-feedback-policy\/\",\"correctionsPolicy\":\"https:\/\/talkpal.ai\/corrections-policy\/\",\"ethicsPolicy\":\"https:\/\/talkpal.ai\/ethics-policy\/\",\"diversityPolicy\":\"https:\/\/talkpal.ai\/diversity-policy\/\",\"diversityStaffingReport\":\"https:\/\/talkpal.ai\/diversity-policy\/\"}]}<\/script>\n<!-- \/ Yoast SEO Premium plugin. -->","yoast_head_json":{"title":"Gramatica norvegian\u0103 - Talkpal","description":"Explora\u021bi subtilit\u0103\u021bile gramaticii norvegiene \u0219i ridica\u021bi-v\u0103 competen\u021bele lingvistice la nivelul urm\u0103tor.","robots":{"index":"index","follow":"follow","max-snippet":"max-snippet:-1","max-image-preview":"max-image-preview:large","max-video-preview":"max-video-preview:-1"},"canonical":"https:\/\/talkpal.ai\/ro\/gramatica-norvegiana\/","og_locale":"ro_RO","og_type":"article","og_title":"Gramatica norvegian\u0103","og_description":"Scufunda\u021bi-v\u0103 \u00een gramatica norvegian\u0103: un ghid cuprinz\u0103tor Norvegiana, o limb\u0103 fascinant\u0103 \u0219i expresiv\u0103, ofer\u0103 o oportunitate unic\u0103 pentru cursan\u021bii de","og_url":"https:\/\/talkpal.ai\/ro\/gramatica-norvegiana\/","og_site_name":"Talkpal","article_publisher":"https:\/\/www.facebook.com\/profile.php?id=100090733639311","article_modified_time":"2025-12-17T17:01:28+00:00","og_image":[{"width":512,"height":512,"url":"https:\/\/talkpal.ai\/wp-content\/uploads\/2023\/05\/norway.png","type":"image\/png"}],"twitter_card":"summary_large_image","twitter_site":"@talkpalai","twitter_misc":{"Timp estimat pentru citire":"3 minute"},"schema":{"@context":"https:\/\/schema.org","@graph":[{"@type":"WebPage","@id":"https:\/\/talkpal.ai\/ro\/gramatica-norvegiana\/","url":"https:\/\/talkpal.ai\/ro\/gramatica-norvegiana\/","name":"Gramatica norvegian\u0103 - Talkpal","isPartOf":{"@id":"https:\/\/talkpal.ai\/ro\/#website"},"primaryImageOfPage":{"@id":"https:\/\/talkpal.ai\/ro\/gramatica-norvegiana\/#primaryimage"},"image":{"@id":"https:\/\/talkpal.ai\/ro\/gramatica-norvegiana\/#primaryimage"},"thumbnailUrl":"https:\/\/talkpal.ai\/wp-content\/uploads\/2023\/05\/norway.png","datePublished":"2023-05-14T14:13:06+00:00","dateModified":"2025-12-17T17:01:28+00:00","description":"Explora\u021bi subtilit\u0103\u021bile gramaticii norvegiene \u0219i ridica\u021bi-v\u0103 competen\u021bele lingvistice la nivelul urm\u0103tor.","breadcrumb":{"@id":"https:\/\/talkpal.ai\/ro\/gramatica-norvegiana\/#breadcrumb"},"inLanguage":"ro-RO","potentialAction":[{"@type":"ReadAction","target":["https:\/\/talkpal.ai\/ro\/gramatica-norvegiana\/"]}]},{"@type":"ImageObject","inLanguage":"ro-RO","@id":"https:\/\/talkpal.ai\/ro\/gramatica-norvegiana\/#primaryimage","url":"https:\/\/talkpal.ai\/wp-content\/uploads\/2023\/05\/norway.png","contentUrl":"https:\/\/talkpal.ai\/wp-content\/uploads\/2023\/05\/norway.png","width":512,"height":512},{"@type":"BreadcrumbList","@id":"https:\/\/talkpal.ai\/ro\/gramatica-norvegiana\/#breadcrumb","itemListElement":[{"@type":"ListItem","position":1,"name":"Homepage","item":"https:\/\/talkpal.ai\/ro\/"},{"@type":"ListItem","position":2,"name":"Gramatica norvegian\u0103"}]},{"@type":"WebSite","@id":"https:\/\/talkpal.ai\/ro\/#website","url":"https:\/\/talkpal.ai\/ro\/","name":"Talkpal","description":"AI Language Learning","publisher":{"@id":"https:\/\/talkpal.ai\/ro\/#organization"},"alternateName":"Talkpal AI","potentialAction":[{"@type":"SearchAction","target":{"@type":"EntryPoint","urlTemplate":"https:\/\/talkpal.ai\/ro\/?s={search_term_string}"},"query-input":{"@type":"PropertyValueSpecification","valueRequired":true,"valueName":"search_term_string"}}],"inLanguage":"ro-RO"},{"@type":"Organization","@id":"https:\/\/talkpal.ai\/ro\/#organization","name":"Talkpal, Inc.","alternateName":"Talkpal AI","url":"https:\/\/talkpal.ai\/ro\/","logo":{"@type":"ImageObject","inLanguage":"ro-RO","@id":"https:\/\/talkpal.ai\/ro\/#\/schema\/logo\/image\/","url":"https:\/\/talkpal.ai\/wp-content\/uploads\/2024\/03\/Talkpal-Logo-Icon.png","contentUrl":"https:\/\/talkpal.ai\/wp-content\/uploads\/2024\/03\/Talkpal-Logo-Icon.png","width":2880,"height":2880,"caption":"Talkpal, Inc."},"image":{"@id":"https:\/\/talkpal.ai\/ro\/#\/schema\/logo\/image\/"},"sameAs":["https:\/\/www.facebook.com\/profile.php?id=100090733639311","https:\/\/x.com\/talkpalai","https:\/\/www.linkedin.com\/company\/talkpal\/","https:\/\/www.youtube.com\/@TalkPal\/","https:\/\/www.tiktok.com\/@talkpal","https:\/\/www.instagram.com\/talkpal_ai\/","https:\/\/www.crunchbase.com\/organization\/talkpal-9cde","https:\/\/www.g2.com\/products\/talkpal-for-business\/","https:\/\/www.trustpilot.com\/review\/talkpal.ai","https:\/\/www.capterra.com\/p\/10006800\/TalkPal\/"],"description":"Talkpal is a language learning web and mobile education app, powered by the latest AI technologies, that provides engaging experiences to its customers in many different languages to help them improve their language skills. Users can chat about unlimited amount of topics with the app and use other modes to practice their language learning.","email":"support@talkpal.ai","legalName":"Talkpal, Inc.","foundingDate":"2023-04-03","duns":"118989042","numberOfEmployees":{"@type":"QuantitativeValue","minValue":"11","maxValue":"50"},"publishingPrinciples":"https:\/\/talkpal.ai\/publishing-principles\/","actionableFeedbackPolicy":"https:\/\/talkpal.ai\/actionable-feedback-policy\/","correctionsPolicy":"https:\/\/talkpal.ai\/corrections-policy\/","ethicsPolicy":"https:\/\/talkpal.ai\/ethics-policy\/","diversityPolicy":"https:\/\/talkpal.ai\/diversity-policy\/","diversityStaffingReport":"https:\/\/talkpal.ai\/diversity-policy\/"}]}},"_links":{"self":[{"href":"https:\/\/talkpal.ai\/ro\/wp-json\/wp\/v2\/pages\/148412","targetHints":{"allow":["GET"]}}],"collection":[{"href":"https:\/\/talkpal.ai\/ro\/wp-json\/wp\/v2\/pages"}],"about":[{"href":"https:\/\/talkpal.ai\/ro\/wp-json\/wp\/v2\/types\/page"}],"author":[{"embeddable":true,"href":"https:\/\/talkpal.ai\/ro\/wp-json\/wp\/v2\/users\/1"}],"replies":[{"embeddable":true,"href":"https:\/\/talkpal.ai\/ro\/wp-json\/wp\/v2\/comments?post=148412"}],"version-history":[{"count":0,"href":"https:\/\/talkpal.ai\/ro\/wp-json\/wp\/v2\/pages\/148412\/revisions"}],"wp:featuredmedia":[{"embeddable":true,"href":"https:\/\/talkpal.ai\/ro\/wp-json\/wp\/v2\/media\/116950"}],"wp:attachment":[{"href":"https:\/\/talkpal.ai\/ro\/wp-json\/wp\/v2\/media?parent=148412"}],"curies":[{"name":"wp","href":"https:\/\/api.w.org\/{rel}","templated":true}]}}