{"id":1481208,"date":"2025-11-27T16:59:58","date_gmt":"2025-11-27T16:59:58","guid":{"rendered":"https:\/\/talkpal.ai\/reducere-talkpal-pentru-ziua-femeii\/"},"modified":"2026-01-22T14:53:11","modified_gmt":"2026-01-22T14:53:11","slug":"reducere-talkpal-pentru-ziua-femeii","status":"publish","type":"page","link":"https:\/\/talkpal.ai\/ro\/reducere-talkpal-pentru-ziua-femeii\/","title":{"rendered":"Reducere Talkpal pentru Ziua Femeii"},"content":{"rendered":"<section class=\"languageChallengeSection\">\r\n    <div class=\"languageInfoWrapper\">\r\n        \r\n        <h1>Reducere Talkpal pentru Ziua Femeii<\/h1>\r\n        <p>E\u0219ti preg\u0103tit s\u0103-\u021bi \u00eent\u0103re\u0219ti abilit\u0103\u021bile lingvistice? De Ziua Femeii, Talkpal ofer\u0103 o reducere exclusiv\u0103 de 79% pentru a te ajuta s\u0103 \u00eenve\u021bi mai rapid \u0219i mai inteligent. Deblocheaz\u0103 toate func\u021biile premium, exerseaz\u0103 conversa\u021bii reale cu AI \u0219i construie\u0219te fluen\u021b\u0103 la jum\u0103tate din cost.<\/p>\r\n\r\n                    <a class=\"getStartedHidden\" href=\"https:\/\/app.talkpal.ai\/signup?discount=50\">\r\n                Ob\u021bine\u021bi reducere            <\/a>\r\n            <\/div>\r\n\r\n            <figure>\r\n            <img decoding=\"async\" class=\"no-lazy\" src=\"https:\/\/talkpal.ai\/wp-content\/uploads\/2026\/01\/curly-girl-with-phone-yellow-background.webp\" alt=\"\" fetchpriority=\"high\" \/>\r\n        <\/figure>\r\n        \r\n                    <a class=\"getStartedVisible\" href=\"https:\/\/app.talkpal.ai\/signup?discount=50\">\r\n                Ob\u021bine\u021bi reducere            <\/a>\r\n        <\/section><section class=\"featureSection\">\r\n    <div class=\"featureIntroduce\">\r\n        <a class=\"introduceLink\" href=\"https:\/\/app.talkpal.ai\/ro\/signup?lng=\">\r\n            <img decoding=\"async\" src=\"https:\/\/talkpal.ai\/wp-content\/themes\/talkpal\/assets\/img\/Sparkle.svg\" alt=\"\" \/>Cel mai avansat\n  AI<\/a>\r\n        <h3 class=\"featureTitle\">Diferen\u021ba talkpal<\/h3>\r\n    <\/div>\r\n            <div class=\"introduceWrapper\">\r\n                            <a class=\"introducCard\" href=\"https:\/\/app.talkpal.ai\/ro\/signup?lng=\">\r\n\r\n                    \r\n                                                <img decoding=\"async\" src=\"https:\/\/talkpal.ai\/wp-content\/uploads\/2025\/05\/Immersive_conversations.png\" alt=\"Immersive Conversation Screenshot\" \/>\r\n                        <h4 class=\"introduceTitle\">Educa\u021bie personalizat\u0103<\/h4>\r\n                        <p class=\"cardText\">Drumul fiec\u0103rui elev este diferit, cu c\u0103l\u0103torii, munc\u0103 \u0219i programe \u00eenc\u0103rcate. Talkpal folose\u0219te AI avansat pentru a \u00eenv\u0103\u021ba din milioane de tipare de studiu \u0219i creeaz\u0103 experien\u021be personalizate, eficiente \u0219i captivante, adaptate pentru tine.<\/p>\r\n                    \r\n                <\/a>\r\n                            <a class=\"introducCard\" href=\"https:\/\/app.talkpal.ai\/ro\/signup?lng=\">\r\n\r\n                    \r\n                                                <img decoding=\"async\" src=\"https:\/\/talkpal.ai\/wp-content\/uploads\/2025\/05\/Realtime_feedback.png\" alt=\"Feedback Screenshot\" \/>\r\n                        <h4 class=\"introduceTitle\">Tehnologie de ultim\u0103 genera\u021bie<\/h4>\r\n                        <p class=\"cardText\">Misiunea noastr\u0103 este s\u0103 facem \u00eenv\u0103\u021barea personalizat\u0103 a limbilor accesibil\u0103 tuturor, combin\u00e2nd AI de ultim\u0103 genera\u021bie cu metode dovedite de predare. De Ziua Femeii, este mai accesibil\u0103 ca niciodat\u0103. Cu Talkpal, prime\u0219ti o c\u0103l\u0103torie personalizat\u0103 care se adapteaz\u0103 ritmului, stilului t\u0103u de via\u021b\u0103 \u0219i obiectivelor tale, oriunde te va duce via\u021ba.<\/p>\r\n                    \r\n                <\/a>\r\n                            <a class=\"introducCard\" href=\"https:\/\/app.talkpal.ai\/ro\/signup?lng=\">\r\n\r\n                    \r\n                                                <img decoding=\"async\" src=\"https:\/\/talkpal.ai\/wp-content\/uploads\/2025\/05\/Personalization.png\" alt=\"Personalization Screenshot\" \/>\r\n                        <h4 class=\"introduceTitle\">A face \u00eenv\u0103\u021barea distractiv\u0103<\/h4>\r\n                        <p class=\"cardText\">Credem c\u0103 \u00eenv\u0103\u021barea limbilor str\u0103ine ar trebui s\u0103 fie pl\u0103cut\u0103 \u0219i motivant\u0103. De aceea Talkpal te \u021bine implicat \u0219i inspirat, astfel \u00eenc\u00e2t s\u0103 se simt\u0103 mai pu\u021bin ca un studiu \u0219i mai mult ca o aventur\u0103. Al\u0103tur\u0103-te miilor de studen\u021bi din \u00eentreaga lume \u0219i profit\u0103 de oferta noastr\u0103 de Ziua Femeii pentru a \u00eencepe s\u0103 st\u0103p\u00e2ne\u0219ti urm\u0103toarea limb\u0103.<\/p>\r\n                    \r\n                <\/a>\r\n                            <\/div>\r\n                     <a class=\"featureSectionLink\" href=\"https:\/\/app.talkpal.ai\/signup?discount=50\">\r\n                Ob\u021bine\u021bi reducere            <\/a>\r\n                \r\n<\/section>\r\n\r\n\r\n<section class=\"smartFunSection\">\r\n            \r\n            <div class=\"smartFunCard\">\r\n                <div class=\"smartFunWrapper\"><img decoding=\"async\" src=\"https:\/\/talkpal.ai\/wp-content\/uploads\/2025\/05\/1.png\" alt=\"Learning Stats Screenshot\"><\/div>\r\n                <h3>Adaptat pentru tine<\/h3>\r\n                <p>Talkpal folose\u0219te tehnologie bazat\u0103 pe AI pentru a oferi sesiuni personalizate, adaptate nivelului \u0219i ritmului t\u0103u. Fiecare lec\u021bie r\u0103spunde nevoilor tale \u0219i te ajut\u0103 s\u0103 faci progrese constante, fie c\u0103 e\u0219ti acas\u0103 sau \u00een str\u0103in\u0103tate.<\/p>\r\n            <\/div>\r\n\r\n        \r\n            <div class=\"smartFunCard\">\r\n                <div class=\"smartFunWrapper\"><img decoding=\"async\" src=\"https:\/\/talkpal.ai\/wp-content\/uploads\/2025\/05\/2.png\" alt=\"Pronunciation Score Screenshot\"><\/div>\r\n                <h3>Eficace \u0219i eficient<\/h3>\r\n                <p>\u00cent\u0103re\u0219te-\u021bi eficient abilit\u0103\u021bile de citire, ascultare \u0219i vorbire cu Talkpal. Instrumentele noastre inovatoare fac ca studiul limbii str\u0103ine s\u0103 fie at\u00e2t eficient, c\u00e2t \u0219i pl\u0103cut pentru cursan\u021bii cu tot felul de programe.<\/p>\r\n            <\/div>\r\n\r\n        \r\n            <div class=\"smartFunCard\">\r\n                <div class=\"smartFunWrapper\"><img decoding=\"async\" src=\"https:\/\/talkpal.ai\/wp-content\/uploads\/2025\/05\/3.png\" alt=\"Chat Topics Screenshot\"><\/div>\r\n                <h3>P\u0103stra\u021bi angajamentul<\/h3>\r\n                <p>Platforma \u00eembin\u0103 elemente gamificate, provoc\u0103ri captivante \u0219i sugestii care provoac\u0103 g\u00e2ndirea pentru a te men\u021bine motivat \u0219i consecvent. Cu Talkpal, \u00eenv\u0103\u021barea limbilor str\u0103ine devine un obicei zilnic distractiv, nu o alt\u0103 obliga\u021bie.<\/p>\r\n            <\/div>\r\n\r\n        \r\n            <div class=\"smartFunCard\">\r\n                <div class=\"smartFunWrapper\"><img decoding=\"async\" src=\"https:\/\/talkpal.ai\/wp-content\/uploads\/2025\/05\/4.png\" alt=\"Dashboard Screenshot\"><\/div>\r\n                <h3>Bucura\u021bi-v\u0103 de \u00eenv\u0103\u021bare<\/h3>\r\n                <p>St\u0103p\u00e2nirea unei limbi noi nu trebuie s\u0103 fie obositoare. Talkpal ofer\u0103 exerci\u021bii interactive, personaje pline de via\u021b\u0103 \u0219i conversa\u021bii AI vesele pentru a face \u00eenv\u0103\u021barea o parte pl\u0103cut\u0103 a zilei tale. Asigura\u021bi-v\u0103 reducerea de 79% pentru Ziua Femeii \u0219i \u00eencepe\u021bi de ast\u0103zi.<\/p>\r\n            <\/div>\r\n\r\n            \r\n<\/section>\r\n\r\n<section class=\"promotionalBanner\">\r\n    <p class=\"promotionalText\">Reducere Talkpal pentru Ziua Femeii &#8211; \u00cencepe s\u0103 \u00eenve\u021bi cu un pre\u021b redus<\/p>\r\n                <a class=\"promotionalLink\" href=\"https:\/\/app.talkpal.ai\/signup?discount=50\">\r\n                Ob\u021bine\u021bi reducere            <\/a>\r\n            \r\n<\/section>","protected":false},"excerpt":{"rendered":"","protected":false},"author":20,"featured_media":0,"parent":0,"menu_order":0,"comment_status":"closed","ping_status":"closed","template":"LearningContentPage.php","meta":{"_acf_changed":false,"footnotes":""},"class_list":["post-1481208","page","type-page","status-publish","hentry"],"acf":[],"yoast_head":"<!-- This site is optimized with the Yoast SEO Premium plugin v27.2 (Yoast SEO v27.2) - https:\/\/yoast.com\/product\/yoast-seo-premium-wordpress\/ -->\n<title>Reducere Talkpal pentru Ziua Femeii - Talkpal<\/title>\n<meta name=\"description\" content=\"Deblocheaz\u0103 o reducere de 79% la Talkpal Premium \u00een aceast\u0103 Zi a Femeii \u0219i \u00eencepe s\u0103 \u00eenve\u021bi limbile mai repede cu AI.\" \/>\n<meta name=\"robots\" content=\"index, follow, max-snippet:-1, max-image-preview:large, max-video-preview:-1\" \/>\n<link rel=\"canonical\" href=\"https:\/\/talkpal.ai\/ro\/reducere-talkpal-pentru-ziua-femeii\/\" \/>\n<meta property=\"og:locale\" content=\"ro_RO\" \/>\n<meta property=\"og:type\" content=\"article\" \/>\n<meta property=\"og:title\" content=\"Reducere Talkpal pentru Ziua Femeii\" \/>\n<meta property=\"og:url\" content=\"https:\/\/talkpal.ai\/ro\/reducere-talkpal-pentru-ziua-femeii\/\" \/>\n<meta property=\"og:site_name\" content=\"Talkpal\" \/>\n<meta property=\"article:publisher\" content=\"https:\/\/www.facebook.com\/profile.php?id=100090733639311\" \/>\n<meta property=\"article:modified_time\" content=\"2026-01-22T14:53:11+00:00\" \/>\n<meta property=\"og:image\" content=\"https:\/\/talkpal.ai\/wp-content\/uploads\/2025\/02\/Progress-tab-16_9.png\" \/>\n\t<meta property=\"og:image:width\" content=\"2880\" \/>\n\t<meta property=\"og:image:height\" content=\"1620\" \/>\n\t<meta property=\"og:image:type\" content=\"image\/png\" \/>\n<meta name=\"twitter:card\" content=\"summary_large_image\" \/>\n<meta name=\"twitter:site\" content=\"@talkpalai\" \/>\n<script type=\"application\/ld+json\" class=\"yoast-schema-graph\">{\"@context\":\"https:\/\/schema.org\",\"@graph\":[{\"@type\":\"WebPage\",\"@id\":\"https:\/\/talkpal.ai\/ro\/reducere-talkpal-pentru-ziua-femeii\/\",\"url\":\"https:\/\/talkpal.ai\/ro\/reducere-talkpal-pentru-ziua-femeii\/\",\"name\":\"Reducere Talkpal pentru Ziua Femeii - Talkpal\",\"isPartOf\":{\"@id\":\"https:\/\/talkpal.ai\/ro\/#website\"},\"datePublished\":\"2025-11-27T16:59:58+00:00\",\"dateModified\":\"2026-01-22T14:53:11+00:00\",\"description\":\"Deblocheaz\u0103 o reducere de 79% la Talkpal Premium \u00een aceast\u0103 Zi a Femeii \u0219i \u00eencepe s\u0103 \u00eenve\u021bi limbile mai repede cu AI.\",\"breadcrumb\":{\"@id\":\"https:\/\/talkpal.ai\/ro\/reducere-talkpal-pentru-ziua-femeii\/#breadcrumb\"},\"inLanguage\":\"ro-RO\",\"potentialAction\":[{\"@type\":\"ReadAction\",\"target\":[\"https:\/\/talkpal.ai\/ro\/reducere-talkpal-pentru-ziua-femeii\/\"]}]},{\"@type\":\"BreadcrumbList\",\"@id\":\"https:\/\/talkpal.ai\/ro\/reducere-talkpal-pentru-ziua-femeii\/#breadcrumb\",\"itemListElement\":[{\"@type\":\"ListItem\",\"position\":1,\"name\":\"Homepage\",\"item\":\"https:\/\/talkpal.ai\/ro\/\"},{\"@type\":\"ListItem\",\"position\":2,\"name\":\"Reducere Talkpal pentru Ziua Femeii\"}]},{\"@type\":\"WebSite\",\"@id\":\"https:\/\/talkpal.ai\/ro\/#website\",\"url\":\"https:\/\/talkpal.ai\/ro\/\",\"name\":\"Talkpal\",\"description\":\"AI Language Learning\",\"publisher\":{\"@id\":\"https:\/\/talkpal.ai\/ro\/#organization\"},\"alternateName\":\"Talkpal AI\",\"potentialAction\":[{\"@type\":\"SearchAction\",\"target\":{\"@type\":\"EntryPoint\",\"urlTemplate\":\"https:\/\/talkpal.ai\/ro\/?s={search_term_string}\"},\"query-input\":{\"@type\":\"PropertyValueSpecification\",\"valueRequired\":true,\"valueName\":\"search_term_string\"}}],\"inLanguage\":\"ro-RO\"},{\"@type\":\"Organization\",\"@id\":\"https:\/\/talkpal.ai\/ro\/#organization\",\"name\":\"Talkpal, Inc.\",\"alternateName\":\"Talkpal AI\",\"url\":\"https:\/\/talkpal.ai\/ro\/\",\"logo\":{\"@type\":\"ImageObject\",\"inLanguage\":\"ro-RO\",\"@id\":\"https:\/\/talkpal.ai\/ro\/#\/schema\/logo\/image\/\",\"url\":\"https:\/\/talkpal.ai\/wp-content\/uploads\/2024\/03\/Talkpal-Logo-Icon.png\",\"contentUrl\":\"https:\/\/talkpal.ai\/wp-content\/uploads\/2024\/03\/Talkpal-Logo-Icon.png\",\"width\":2880,\"height\":2880,\"caption\":\"Talkpal, Inc.\"},\"image\":{\"@id\":\"https:\/\/talkpal.ai\/ro\/#\/schema\/logo\/image\/\"},\"sameAs\":[\"https:\/\/www.facebook.com\/profile.php?id=100090733639311\",\"https:\/\/x.com\/talkpalai\",\"https:\/\/www.linkedin.com\/company\/talkpal\/\",\"https:\/\/www.youtube.com\/@TalkPal\/\",\"https:\/\/www.tiktok.com\/@talkpal\",\"https:\/\/www.instagram.com\/talkpal_ai\/\",\"https:\/\/www.crunchbase.com\/organization\/talkpal-9cde\",\"https:\/\/www.g2.com\/products\/talkpal-for-business\/\",\"https:\/\/www.trustpilot.com\/review\/talkpal.ai\",\"https:\/\/www.capterra.com\/p\/10006800\/TalkPal\/\"],\"description\":\"Talkpal is a language learning web and mobile education app, powered by the latest AI technologies, that provides engaging experiences to its customers in many different languages to help them improve their language skills. Users can chat about unlimited amount of topics with the app and use other modes to practice their language learning.\",\"email\":\"support@talkpal.ai\",\"legalName\":\"Talkpal, Inc.\",\"foundingDate\":\"2023-04-03\",\"duns\":\"118989042\",\"numberOfEmployees\":{\"@type\":\"QuantitativeValue\",\"minValue\":\"11\",\"maxValue\":\"50\"},\"publishingPrinciples\":\"https:\/\/talkpal.ai\/publishing-principles\/\",\"actionableFeedbackPolicy\":\"https:\/\/talkpal.ai\/actionable-feedback-policy\/\",\"correctionsPolicy\":\"https:\/\/talkpal.ai\/corrections-policy\/\",\"ethicsPolicy\":\"https:\/\/talkpal.ai\/ethics-policy\/\",\"diversityPolicy\":\"https:\/\/talkpal.ai\/diversity-policy\/\",\"diversityStaffingReport\":\"https:\/\/talkpal.ai\/diversity-policy\/\"}]}<\/script>\n<!-- \/ Yoast SEO Premium plugin. -->","yoast_head_json":{"title":"Reducere Talkpal pentru Ziua Femeii - Talkpal","description":"Deblocheaz\u0103 o reducere de 79% la Talkpal Premium \u00een aceast\u0103 Zi a Femeii \u0219i \u00eencepe s\u0103 \u00eenve\u021bi limbile mai repede cu AI.","robots":{"index":"index","follow":"follow","max-snippet":"max-snippet:-1","max-image-preview":"max-image-preview:large","max-video-preview":"max-video-preview:-1"},"canonical":"https:\/\/talkpal.ai\/ro\/reducere-talkpal-pentru-ziua-femeii\/","og_locale":"ro_RO","og_type":"article","og_title":"Reducere Talkpal pentru Ziua Femeii","og_url":"https:\/\/talkpal.ai\/ro\/reducere-talkpal-pentru-ziua-femeii\/","og_site_name":"Talkpal","article_publisher":"https:\/\/www.facebook.com\/profile.php?id=100090733639311","article_modified_time":"2026-01-22T14:53:11+00:00","og_image":[{"width":2880,"height":1620,"url":"https:\/\/talkpal.ai\/wp-content\/uploads\/2025\/02\/Progress-tab-16_9.png","type":"image\/png"}],"twitter_card":"summary_large_image","twitter_site":"@talkpalai","schema":{"@context":"https:\/\/schema.org","@graph":[{"@type":"WebPage","@id":"https:\/\/talkpal.ai\/ro\/reducere-talkpal-pentru-ziua-femeii\/","url":"https:\/\/talkpal.ai\/ro\/reducere-talkpal-pentru-ziua-femeii\/","name":"Reducere Talkpal pentru Ziua Femeii - Talkpal","isPartOf":{"@id":"https:\/\/talkpal.ai\/ro\/#website"},"datePublished":"2025-11-27T16:59:58+00:00","dateModified":"2026-01-22T14:53:11+00:00","description":"Deblocheaz\u0103 o reducere de 79% la Talkpal Premium \u00een aceast\u0103 Zi a Femeii \u0219i \u00eencepe s\u0103 \u00eenve\u021bi limbile mai repede cu AI.","breadcrumb":{"@id":"https:\/\/talkpal.ai\/ro\/reducere-talkpal-pentru-ziua-femeii\/#breadcrumb"},"inLanguage":"ro-RO","potentialAction":[{"@type":"ReadAction","target":["https:\/\/talkpal.ai\/ro\/reducere-talkpal-pentru-ziua-femeii\/"]}]},{"@type":"BreadcrumbList","@id":"https:\/\/talkpal.ai\/ro\/reducere-talkpal-pentru-ziua-femeii\/#breadcrumb","itemListElement":[{"@type":"ListItem","position":1,"name":"Homepage","item":"https:\/\/talkpal.ai\/ro\/"},{"@type":"ListItem","position":2,"name":"Reducere Talkpal pentru Ziua Femeii"}]},{"@type":"WebSite","@id":"https:\/\/talkpal.ai\/ro\/#website","url":"https:\/\/talkpal.ai\/ro\/","name":"Talkpal","description":"AI Language Learning","publisher":{"@id":"https:\/\/talkpal.ai\/ro\/#organization"},"alternateName":"Talkpal AI","potentialAction":[{"@type":"SearchAction","target":{"@type":"EntryPoint","urlTemplate":"https:\/\/talkpal.ai\/ro\/?s={search_term_string}"},"query-input":{"@type":"PropertyValueSpecification","valueRequired":true,"valueName":"search_term_string"}}],"inLanguage":"ro-RO"},{"@type":"Organization","@id":"https:\/\/talkpal.ai\/ro\/#organization","name":"Talkpal, Inc.","alternateName":"Talkpal AI","url":"https:\/\/talkpal.ai\/ro\/","logo":{"@type":"ImageObject","inLanguage":"ro-RO","@id":"https:\/\/talkpal.ai\/ro\/#\/schema\/logo\/image\/","url":"https:\/\/talkpal.ai\/wp-content\/uploads\/2024\/03\/Talkpal-Logo-Icon.png","contentUrl":"https:\/\/talkpal.ai\/wp-content\/uploads\/2024\/03\/Talkpal-Logo-Icon.png","width":2880,"height":2880,"caption":"Talkpal, Inc."},"image":{"@id":"https:\/\/talkpal.ai\/ro\/#\/schema\/logo\/image\/"},"sameAs":["https:\/\/www.facebook.com\/profile.php?id=100090733639311","https:\/\/x.com\/talkpalai","https:\/\/www.linkedin.com\/company\/talkpal\/","https:\/\/www.youtube.com\/@TalkPal\/","https:\/\/www.tiktok.com\/@talkpal","https:\/\/www.instagram.com\/talkpal_ai\/","https:\/\/www.crunchbase.com\/organization\/talkpal-9cde","https:\/\/www.g2.com\/products\/talkpal-for-business\/","https:\/\/www.trustpilot.com\/review\/talkpal.ai","https:\/\/www.capterra.com\/p\/10006800\/TalkPal\/"],"description":"Talkpal is a language learning web and mobile education app, powered by the latest AI technologies, that provides engaging experiences to its customers in many different languages to help them improve their language skills. Users can chat about unlimited amount of topics with the app and use other modes to practice their language learning.","email":"support@talkpal.ai","legalName":"Talkpal, Inc.","foundingDate":"2023-04-03","duns":"118989042","numberOfEmployees":{"@type":"QuantitativeValue","minValue":"11","maxValue":"50"},"publishingPrinciples":"https:\/\/talkpal.ai\/publishing-principles\/","actionableFeedbackPolicy":"https:\/\/talkpal.ai\/actionable-feedback-policy\/","correctionsPolicy":"https:\/\/talkpal.ai\/corrections-policy\/","ethicsPolicy":"https:\/\/talkpal.ai\/ethics-policy\/","diversityPolicy":"https:\/\/talkpal.ai\/diversity-policy\/","diversityStaffingReport":"https:\/\/talkpal.ai\/diversity-policy\/"}]}},"_links":{"self":[{"href":"https:\/\/talkpal.ai\/ro\/wp-json\/wp\/v2\/pages\/1481208","targetHints":{"allow":["GET"]}}],"collection":[{"href":"https:\/\/talkpal.ai\/ro\/wp-json\/wp\/v2\/pages"}],"about":[{"href":"https:\/\/talkpal.ai\/ro\/wp-json\/wp\/v2\/types\/page"}],"author":[{"embeddable":true,"href":"https:\/\/talkpal.ai\/ro\/wp-json\/wp\/v2\/users\/20"}],"replies":[{"embeddable":true,"href":"https:\/\/talkpal.ai\/ro\/wp-json\/wp\/v2\/comments?post=1481208"}],"version-history":[{"count":0,"href":"https:\/\/talkpal.ai\/ro\/wp-json\/wp\/v2\/pages\/1481208\/revisions"}],"wp:attachment":[{"href":"https:\/\/talkpal.ai\/ro\/wp-json\/wp\/v2\/media?parent=1481208"}],"curies":[{"name":"wp","href":"https:\/\/api.w.org\/{rel}","templated":true}]}}