{"id":148067,"date":"2023-05-14T14:12:45","date_gmt":"2023-05-14T14:12:45","guid":{"rendered":"http:\/\/talkpal.ai\/gramatica-nepaleza\/"},"modified":"2025-12-17T16:59:41","modified_gmt":"2025-12-17T16:59:41","slug":"gramatica-nepaleza","status":"publish","type":"page","link":"https:\/\/talkpal.ai\/ro\/gramatica-nepaleza\/","title":{"rendered":"Gramatica nepalez\u0103"},"content":{"rendered":"\r\n\r\n\r\n<section class=\"languageChallengeSection\">\r\n    <div class=\"languageInfoWrapper\">\r\n        \r\n        <h1>Gramatica nepalez\u0103<\/h1>\r\n        <p>Sunte\u021bi curio\u0219i cu privire la <a href=\"https:\/\/talkpal.ai\/learn-nepali\/\">nepalez\u0103<\/a>? Descoperi\u021bi gramatica nepalez\u0103, cu substantive de gen, postpozi\u021bii \u0219i o structur\u0103 flexibil\u0103 a propozi\u021biilor care face limba at\u00e2t expresiv\u0103, c\u00e2t \u0219i captivant\u0103. \u00cencepe\u021bi s\u0103 \u00eenv\u0103\u021ba\u021bi ast\u0103zi &#8211; st\u0103p\u00e2nirea gramaticii nepaleze va deschide conversa\u021bii semnificative \u0219i v\u0103 va conecta cu diversele culturi \u0219i tradi\u021bii din Nepal!<\/p>\r\n\r\n                            <a class=\"getStartedHidden\" href=\"https:\/\/app.talkpal.ai\/ro\/signup?lng=\">\u00cencepe<\/a>\r\n        \r\n    <\/div>\r\n\r\n    <figure>\r\n    <img decoding=\"async\" width=\"768\" height=\"768\" src=\"https:\/\/talkpal.ai\/wp-content\/uploads\/2023\/06\/nepali-768x768.png\" class=\"languageImage no-lazy\" alt=\"Practical language learning for real-life application\" fetchpriority=\"high\" sizes=\"(max-width: 768px) 150px, 768px\" srcset=\"https:\/\/talkpal.ai\/wp-content\/uploads\/2023\/06\/nepali-768x768.png 768w, https:\/\/talkpal.ai\/wp-content\/uploads\/2023\/06\/nepali-300x300.png 300w\" \/>\r\n    \r\n\r\n    <\/figure>\r\n\r\n            <a class=\"getStartedVisible\" href=\"https:\/\/app.talkpal.ai\/ro\/signup?lng=\">\u00cencepe<\/a>\r\n    \r\n<\/section>\r\n<section class=\"promotionalBanner\">\r\n    <p class=\"promotionalText\">Cel mai eficient mod de a \u00eenv\u0103\u021ba o limb\u0103<\/p>\r\n    <a class=\"promotionalLink\" href=\"https:\/\/app.talkpal.ai\/ro\/signup?lng=\">\u00cencerca\u021bi Talkpal gratuit<\/a>\r\n<\/section>\n<div class=\"wp-block-group pageContainerStyle\"><div class=\"wp-block-group__inner-container is-layout-constrained wp-block-group-is-layout-constrained\">\n<h2 class=\"wp-block-heading\" id=\"h-delving-into-the-richness-of-nepali-grammar-an-insightful-guide\">Aprofundarea bog\u0103\u021biei gramaticii nepaleze: un ghid perspicace<\/h2>\n\n\n\n<p>Nepaleza, o limb\u0103 indo-arian\u0103 vorbit\u0103 de peste 25 de milioane de oameni din Nepal \u0219i regiunile \u00eenvecinate, este o limb\u0103 \u00eenc\u00e2nt\u0103toare care prezint\u0103 bog\u0103\u021bia cultural\u0103 \u0219i diversitatea lingvistic\u0103 a Asiei de Sud. Pentru a comunica eficient \u00een nepalez\u0103 \u0219i pentru a-i aprecia cu adev\u0103rat frumuse\u021bea, trebuie s\u0103-i \u00een\u021belegem gramatica. \u00cen acest articol, vom oferi o imagine de ansamblu asupra aspectelor esen\u021biale ale gramaticii nepaleze \u0219i vom oferi sfaturi practice pentru a v\u0103 ajuta s\u0103 st\u0103p\u00e2ni\u021bi aceast\u0103 limb\u0103 fascinant\u0103.<\/p>\n\n\n\n<h3 class=\"wp-block-heading\" id=\"h-key-aspects-of-nepali-grammar\">Aspecte cheie ale gramaticii nepaleze:<\/h3>\n\n\n\n<p>Gramatica nepalez\u0103 poate p\u0103rea ini\u021bial provocatoare, dar cu timpul \u0219i practica, pute\u021bi s\u0103 v\u0103 obi\u0219nui\u021bi. Iat\u0103 c\u00e2teva componente fundamentale ale gramaticii nepaleze cu care s\u0103 v\u0103 familiariza\u021bi:<\/p>\n\n\n\n<p><strong>1. Substantive: Substantivele<\/strong> nepaleze nu au gen gramatical, ceea ce face mai u\u0219or pentru cursan\u021bi, deoarece nu este nevoie s\u0103 memora\u021bi genul fiec\u0103rui substantiv. Cu toate acestea, substantivele sunt flexionate pentru num\u0103r (singular \u0219i plural) \u0219i caz (nominativ, genitiv, dativ etc.).<\/p>\n\n\n\n<p><strong>2. Pronume: Pronumele<\/strong> personale \u00een nepalez\u0103 au trei forme: subiectiv, obiectiv \u0219i posesiv. Ei sunt de acord cu substantivul la care se refer\u0103 \u00een termeni de num\u0103r, dar nu de gen. Exist\u0103, de asemenea, diferite pronume \u0219i forme de conjugare a verbelor bazate pe nivelul de formalitate (politicos, familiar sau intim).<\/p>\n\n\n\n<p><strong>3. Verbe:<\/strong> verbele nepaleze sunt flexionate pentru timp (prezent, trecut \u0219i viitor), dispozi\u021bie (indicativ, <a href=\"https:\/\/talkpal.ai\/ja\/grammar_exercises\/imperatif-%e3%83%95%e3%83%a9%e3%83%b3%e3%82%b9%e3%81%ae%e6%96%87%e6%b3%95%e3%81%ae%e3%81%9f%e3%82%81%e3%81%ae%e6%bc%94%e7%bf%92\/\">imperativ<\/a> sau conjunctiv) \u0219i aspect (continuu, perfect sau simplu). Exist\u0103, de asemenea, modele distincte de conjugare a verbelor \u00een func\u021bie de nivelul de formalitate al subiectului.<\/p>\n\n\n\n<p><strong>4. Adjective \u0219i adverbe: Adjectivele<\/strong> \u00een nepalez\u0103 urmeaz\u0103 de obicei substantivul <a href=\"https:\/\/talkpal.ai\/culture\/how-do-i-use-pe-care-correctly\/\">pe care<\/a> \u00eel modific\u0103 \u0219i sunt de acord \u00een num\u0103r \u0219i caz. Adverbele pot fi folosite pentru a furniza informa\u021bii suplimentare \u0219i, \u00een general, nu \u00ee\u0219i schimb\u0103 forma.<\/p>\n\n\n\n<p><strong>5. Structura propozi\u021biei: Structura<\/strong> tipic\u0103 a propozi\u021biei nepaleze urmeaz\u0103 ordinea subiect-obiect-verb (SOV). Cu toate acestea, ordinea cuvintelor poate fi flexibil\u0103, \u00een func\u021bie de accent \u0219i context.<\/p>\n\n\n\n<h3 class=\"wp-block-heading\" id=\"h-tips-for-learning-nepali-grammar\">Sfaturi pentru \u00eenv\u0103\u021barea gramaticii nepaleze:<\/h3>\n\n\n\n<p>Iat\u0103 c\u00e2teva strategii eficiente pentru a v\u0103 face c\u0103l\u0103toria de \u00eenv\u0103\u021bare gramatical\u0103 nepalez\u0103 mai u\u0219oar\u0103:<\/p>\n\n\n\n<p><strong>1. \u00cencepe\u021bi cu elementele de baz\u0103:<\/strong> Concentra\u021bi-v\u0103 pe \u00eenv\u0103\u021barea fundamentelor gramaticii nepaleze, cum ar fi cazurile substantivale, pronumele \u0219i conjugarea verbelor. Pe m\u0103sur\u0103 ce \u00een\u021belegerea cre\u0219te, \u00eencorpora\u021bi treptat structuri \u0219i reguli mai complexe.<\/p>\n\n\n\n<p><strong>2. Exersa\u021bi \u00een mod regulat:<\/strong> Consecven\u021ba este esen\u021bial\u0103 atunci c\u00e2nd \u00eenv\u0103\u021ba\u021bi o nou\u0103 limb\u0103. Aloca\u021bi ore specifice \u00een fiecare zi sau s\u0103pt\u0103m\u00e2n\u0103 pentru a practica exerci\u021bii de <a href=\"https:\/\/talkpal.ai\/grammar\/\">gramatic\u0103<\/a>, citire \u0219i scriere \u00een nepalez\u0103.<\/p>\n\n\n\n<p><strong>3. Utiliza\u021bi resurse native:<\/strong> Scufunda\u021bi-v\u0103 \u00een materiale autentice nepaleze, cum ar fi literatur\u0103, articole de \u0219tiri \u0219i podcast-uri. Acest lucru nu numai c\u0103 v\u0103 va ajuta s\u0103 \u00een\u021belege\u021bi gramatica nepalez\u0103 \u00een context, ci \u0219i s\u0103 v\u0103 \u00eembun\u0103t\u0103\u021bi\u021bi abilit\u0103\u021bile lingvistice generale.<\/p>\n\n\n\n<p>4. Conecta\u021bi-v\u0103 cu vorbitori nativi: Angajarea \u00een conversa\u021bii <strong>cu vorbitori nativi<\/strong> nepalezi v\u0103 permite s\u0103 exersa\u021bi gramatica \u00een situa\u021bii din via\u021ba real\u0103 \u0219i s\u0103 primi\u021bi feedback valoros. Lua\u021bi \u00een considerare aderarea la grupuri de schimb lingvistic sau forumuri online pentru a v\u0103 conecta cu persoane vorbitoare de limb\u0103 nepalez\u0103.<\/p>\n\n\n\n<p><strong>5. Fii r\u0103bd\u0103tor \u0219i persistent:<\/strong> Aminte\u0219te-\u021bi c\u0103 \u00eenv\u0103\u021barea unei noi limbi necesit\u0103 timp, perseveren\u021b\u0103 \u0219i r\u0103bdare. \u00cembr\u0103\u021bi\u0219eaz\u0103 provoc\u0103rile \u0219i s\u0103rb\u0103tore\u0219te-\u021bi progresul de-a lungul drumului.<\/p>\n\n\n\n<h3 class=\"wp-block-heading\" id=\"h-conclusion\">Concluzie:<\/h3>\n\n\n\n<p>Gramatica nepalez\u0103, cu caracteristicile <a href=\"https:\/\/talkpal.ai\/locations\/learn-english-in-sale\/\">sale<\/a> unice \u0219i conexiunile cu familia limbilor indo-ariene, ofer\u0103 o c\u0103l\u0103torie lingvistic\u0103 fascinant\u0103. \u00cen\u021beleg\u00e2nd aspectele sale cheie \u0219i urm\u00e2nd sfaturile noastre practice, ve\u021bi deschide calea spre o bun\u0103 cunoa\u0219tere a limbii nepaleze \u0219i ve\u021bi ob\u021bine o apreciere mai profund\u0103 a acesteia. A\u0219adar, aventura\u021bi-v\u0103 cu entuziasm \u0219i curiozitate \u0219i \u00eembr\u0103\u021bi\u0219a\u021bi comorile lingvistice ale Nepalului!<\/p>\n<\/div><\/div>\n\r\n<section class=\"learnNavigationSection\">\r\n            \r\n        <a href=\"https:\/\/talkpal.ai\/ro\/invata-nepaleza\/\">\r\n            <div class=\"learnNavigationWrapper\">\r\n                <div class=\"learnNavigationContent\">\r\n                    <img decoding=\"async\" src=\"https:\/\/talkpal.ai\/wp-content\/uploads\/2024\/08\/Nepali.jpg\" alt=\"Nepali Flag\">\r\n                    <div>\r\n                        <h4>Despre Nepali Learning<\/h4>\r\n                        <p>Afla\u021bi totul despre gramatica nepalez\u0103 .<\/p>\r\n                    <\/div>\r\n                <\/div>\r\n            <\/div>\r\n        <\/a>\r\n\r\n        \r\n        <a href=\"https:\/\/talkpal.ai\/ro\/exercitii-de-gramatica-nepaleza\/\">\r\n            <div class=\"learnNavigationWrapper\">\r\n                <div class=\"learnNavigationContent\">\r\n                    <img decoding=\"async\" src=\"https:\/\/talkpal.ai\/wp-content\/uploads\/2024\/08\/Nepali.jpg\" alt=\"Nepali Flag\">\r\n                    <div>\r\n                        <h4>Exerci\u021biu de gramatic\u0103 nepalez\u0103<\/h4>\r\n                        <p>Exersa\u021bi gramatica nepalez\u0103.<\/p>\r\n                    <\/div>\r\n                <\/div>\r\n            <\/div>\r\n        <\/a>\r\n\r\n        \r\n        <a href=\"https:\/\/talkpal.ai\/vocabulary_language\/nepali\/\">\r\n            <div class=\"learnNavigationWrapper\">\r\n                <div class=\"learnNavigationContent\">\r\n                    <img decoding=\"async\" src=\"https:\/\/talkpal.ai\/wp-content\/uploads\/2024\/08\/Nepali.jpg\" alt=\"Nepali Flag\">\r\n                    <div>\r\n                        <h4>Vocabular \u00een nepalez\u0103<\/h4>\r\n                        <p>Extinde\u021bi-v\u0103 vocabularul nepalez.<\/p>\r\n                    <\/div>\r\n                <\/div>\r\n            <\/div>\r\n        <\/a>\r\n\r\n            <\/section>","protected":false},"excerpt":{"rendered":"<p>Aprofundarea bog\u0103\u021biei gramaticii nepaleze: un ghid perspicace Nepaleza, o limb\u0103 indo-arian\u0103 vorbit\u0103 de peste 25 de milioane de oameni din Nepal \u0219i regiunile \u00eenvecinate, este o limb\u0103 \u00eenc\u00e2nt\u0103toare care prezint\u0103 bog\u0103\u021bia cultural\u0103 \u0219i diversitatea lingvistic\u0103 a Asiei de Sud. Pentru a comunica eficient \u00een nepalez\u0103 \u0219i pentru a-i aprecia cu adev\u0103rat frumuse\u021bea, trebuie s\u0103-i \u00een\u021belegem [&hellip;]<\/p>\n","protected":false},"author":1,"featured_media":116218,"parent":0,"menu_order":0,"comment_status":"closed","ping_status":"closed","template":"LearningContentPage.php","meta":{"_acf_changed":false,"footnotes":""},"class_list":["post-148067","page","type-page","status-publish","has-post-thumbnail","hentry"],"acf":[],"yoast_head":"<!-- This site is optimized with the Yoast SEO Premium plugin v27.2 (Yoast SEO v27.2) - https:\/\/yoast.com\/product\/yoast-seo-premium-wordpress\/ -->\n<title>Gramatica nepalez\u0103 - Talkpal<\/title>\n<meta name=\"description\" content=\"Explora\u021bi gramatica nepalez\u0103 \u0219i \u00eembun\u0103t\u0103\u021bi\u021bi-v\u0103 \u00een\u021belegerea limbii cu explica\u021bii clare \u0219i concise.\" \/>\n<meta name=\"robots\" content=\"index, follow, max-snippet:-1, max-image-preview:large, max-video-preview:-1\" \/>\n<link rel=\"canonical\" href=\"https:\/\/talkpal.ai\/ro\/gramatica-nepaleza\/\" \/>\n<meta property=\"og:locale\" content=\"ro_RO\" \/>\n<meta property=\"og:type\" content=\"article\" \/>\n<meta property=\"og:title\" content=\"Gramatica nepalez\u0103\" \/>\n<meta property=\"og:description\" content=\"Aprofundarea bog\u0103\u021biei gramaticii nepaleze: un ghid perspicace Nepaleza, o limb\u0103 indo-arian\u0103 vorbit\u0103 de peste 25 de milioane de oameni din Nepal \u0219i\" \/>\n<meta property=\"og:url\" content=\"https:\/\/talkpal.ai\/ro\/gramatica-nepaleza\/\" \/>\n<meta property=\"og:site_name\" content=\"Talkpal\" \/>\n<meta property=\"article:publisher\" content=\"https:\/\/www.facebook.com\/profile.php?id=100090733639311\" \/>\n<meta property=\"article:modified_time\" content=\"2025-12-17T16:59:41+00:00\" \/>\n<meta property=\"og:image\" content=\"https:\/\/talkpal.ai\/wp-content\/uploads\/2023\/05\/nepal.png\" \/>\n\t<meta property=\"og:image:width\" content=\"512\" \/>\n\t<meta property=\"og:image:height\" content=\"512\" \/>\n\t<meta property=\"og:image:type\" content=\"image\/png\" \/>\n<meta name=\"twitter:card\" content=\"summary_large_image\" \/>\n<meta name=\"twitter:site\" content=\"@talkpalai\" \/>\n<meta name=\"twitter:label1\" content=\"Timp estimat pentru citire\" \/>\n\t<meta name=\"twitter:data1\" content=\"3 minute\" \/>\n<script type=\"application\/ld+json\" class=\"yoast-schema-graph\">{\"@context\":\"https:\/\/schema.org\",\"@graph\":[{\"@type\":\"WebPage\",\"@id\":\"https:\/\/talkpal.ai\/ro\/gramatica-nepaleza\/\",\"url\":\"https:\/\/talkpal.ai\/ro\/gramatica-nepaleza\/\",\"name\":\"Gramatica nepalez\u0103 - Talkpal\",\"isPartOf\":{\"@id\":\"https:\/\/talkpal.ai\/ro\/#website\"},\"primaryImageOfPage\":{\"@id\":\"https:\/\/talkpal.ai\/ro\/gramatica-nepaleza\/#primaryimage\"},\"image\":{\"@id\":\"https:\/\/talkpal.ai\/ro\/gramatica-nepaleza\/#primaryimage\"},\"thumbnailUrl\":\"https:\/\/talkpal.ai\/wp-content\/uploads\/2023\/05\/nepal.png\",\"datePublished\":\"2023-05-14T14:12:45+00:00\",\"dateModified\":\"2025-12-17T16:59:41+00:00\",\"description\":\"Explora\u021bi gramatica nepalez\u0103 \u0219i \u00eembun\u0103t\u0103\u021bi\u021bi-v\u0103 \u00een\u021belegerea limbii cu explica\u021bii clare \u0219i concise.\",\"breadcrumb\":{\"@id\":\"https:\/\/talkpal.ai\/ro\/gramatica-nepaleza\/#breadcrumb\"},\"inLanguage\":\"ro-RO\",\"potentialAction\":[{\"@type\":\"ReadAction\",\"target\":[\"https:\/\/talkpal.ai\/ro\/gramatica-nepaleza\/\"]}]},{\"@type\":\"ImageObject\",\"inLanguage\":\"ro-RO\",\"@id\":\"https:\/\/talkpal.ai\/ro\/gramatica-nepaleza\/#primaryimage\",\"url\":\"https:\/\/talkpal.ai\/wp-content\/uploads\/2023\/05\/nepal.png\",\"contentUrl\":\"https:\/\/talkpal.ai\/wp-content\/uploads\/2023\/05\/nepal.png\",\"width\":512,\"height\":512},{\"@type\":\"BreadcrumbList\",\"@id\":\"https:\/\/talkpal.ai\/ro\/gramatica-nepaleza\/#breadcrumb\",\"itemListElement\":[{\"@type\":\"ListItem\",\"position\":1,\"name\":\"Homepage\",\"item\":\"https:\/\/talkpal.ai\/ro\/\"},{\"@type\":\"ListItem\",\"position\":2,\"name\":\"Gramatica nepalez\u0103\"}]},{\"@type\":\"WebSite\",\"@id\":\"https:\/\/talkpal.ai\/ro\/#website\",\"url\":\"https:\/\/talkpal.ai\/ro\/\",\"name\":\"Talkpal\",\"description\":\"AI Language Learning\",\"publisher\":{\"@id\":\"https:\/\/talkpal.ai\/ro\/#organization\"},\"alternateName\":\"Talkpal AI\",\"potentialAction\":[{\"@type\":\"SearchAction\",\"target\":{\"@type\":\"EntryPoint\",\"urlTemplate\":\"https:\/\/talkpal.ai\/ro\/?s={search_term_string}\"},\"query-input\":{\"@type\":\"PropertyValueSpecification\",\"valueRequired\":true,\"valueName\":\"search_term_string\"}}],\"inLanguage\":\"ro-RO\"},{\"@type\":\"Organization\",\"@id\":\"https:\/\/talkpal.ai\/ro\/#organization\",\"name\":\"Talkpal, Inc.\",\"alternateName\":\"Talkpal AI\",\"url\":\"https:\/\/talkpal.ai\/ro\/\",\"logo\":{\"@type\":\"ImageObject\",\"inLanguage\":\"ro-RO\",\"@id\":\"https:\/\/talkpal.ai\/ro\/#\/schema\/logo\/image\/\",\"url\":\"https:\/\/talkpal.ai\/wp-content\/uploads\/2024\/03\/Talkpal-Logo-Icon.png\",\"contentUrl\":\"https:\/\/talkpal.ai\/wp-content\/uploads\/2024\/03\/Talkpal-Logo-Icon.png\",\"width\":2880,\"height\":2880,\"caption\":\"Talkpal, Inc.\"},\"image\":{\"@id\":\"https:\/\/talkpal.ai\/ro\/#\/schema\/logo\/image\/\"},\"sameAs\":[\"https:\/\/www.facebook.com\/profile.php?id=100090733639311\",\"https:\/\/x.com\/talkpalai\",\"https:\/\/www.linkedin.com\/company\/talkpal\/\",\"https:\/\/www.youtube.com\/@TalkPal\/\",\"https:\/\/www.tiktok.com\/@talkpal\",\"https:\/\/www.instagram.com\/talkpal_ai\/\",\"https:\/\/www.crunchbase.com\/organization\/talkpal-9cde\",\"https:\/\/www.g2.com\/products\/talkpal-for-business\/\",\"https:\/\/www.trustpilot.com\/review\/talkpal.ai\",\"https:\/\/www.capterra.com\/p\/10006800\/TalkPal\/\"],\"description\":\"Talkpal is a language learning web and mobile education app, powered by the latest AI technologies, that provides engaging experiences to its customers in many different languages to help them improve their language skills. Users can chat about unlimited amount of topics with the app and use other modes to practice their language learning.\",\"email\":\"support@talkpal.ai\",\"legalName\":\"Talkpal, Inc.\",\"foundingDate\":\"2023-04-03\",\"duns\":\"118989042\",\"numberOfEmployees\":{\"@type\":\"QuantitativeValue\",\"minValue\":\"11\",\"maxValue\":\"50\"},\"publishingPrinciples\":\"https:\/\/talkpal.ai\/publishing-principles\/\",\"actionableFeedbackPolicy\":\"https:\/\/talkpal.ai\/actionable-feedback-policy\/\",\"correctionsPolicy\":\"https:\/\/talkpal.ai\/corrections-policy\/\",\"ethicsPolicy\":\"https:\/\/talkpal.ai\/ethics-policy\/\",\"diversityPolicy\":\"https:\/\/talkpal.ai\/diversity-policy\/\",\"diversityStaffingReport\":\"https:\/\/talkpal.ai\/diversity-policy\/\"}]}<\/script>\n<!-- \/ Yoast SEO Premium plugin. -->","yoast_head_json":{"title":"Gramatica nepalez\u0103 - Talkpal","description":"Explora\u021bi gramatica nepalez\u0103 \u0219i \u00eembun\u0103t\u0103\u021bi\u021bi-v\u0103 \u00een\u021belegerea limbii cu explica\u021bii clare \u0219i concise.","robots":{"index":"index","follow":"follow","max-snippet":"max-snippet:-1","max-image-preview":"max-image-preview:large","max-video-preview":"max-video-preview:-1"},"canonical":"https:\/\/talkpal.ai\/ro\/gramatica-nepaleza\/","og_locale":"ro_RO","og_type":"article","og_title":"Gramatica nepalez\u0103","og_description":"Aprofundarea bog\u0103\u021biei gramaticii nepaleze: un ghid perspicace Nepaleza, o limb\u0103 indo-arian\u0103 vorbit\u0103 de peste 25 de milioane de oameni din Nepal \u0219i","og_url":"https:\/\/talkpal.ai\/ro\/gramatica-nepaleza\/","og_site_name":"Talkpal","article_publisher":"https:\/\/www.facebook.com\/profile.php?id=100090733639311","article_modified_time":"2025-12-17T16:59:41+00:00","og_image":[{"width":512,"height":512,"url":"https:\/\/talkpal.ai\/wp-content\/uploads\/2023\/05\/nepal.png","type":"image\/png"}],"twitter_card":"summary_large_image","twitter_site":"@talkpalai","twitter_misc":{"Timp estimat pentru citire":"3 minute"},"schema":{"@context":"https:\/\/schema.org","@graph":[{"@type":"WebPage","@id":"https:\/\/talkpal.ai\/ro\/gramatica-nepaleza\/","url":"https:\/\/talkpal.ai\/ro\/gramatica-nepaleza\/","name":"Gramatica nepalez\u0103 - Talkpal","isPartOf":{"@id":"https:\/\/talkpal.ai\/ro\/#website"},"primaryImageOfPage":{"@id":"https:\/\/talkpal.ai\/ro\/gramatica-nepaleza\/#primaryimage"},"image":{"@id":"https:\/\/talkpal.ai\/ro\/gramatica-nepaleza\/#primaryimage"},"thumbnailUrl":"https:\/\/talkpal.ai\/wp-content\/uploads\/2023\/05\/nepal.png","datePublished":"2023-05-14T14:12:45+00:00","dateModified":"2025-12-17T16:59:41+00:00","description":"Explora\u021bi gramatica nepalez\u0103 \u0219i \u00eembun\u0103t\u0103\u021bi\u021bi-v\u0103 \u00een\u021belegerea limbii cu explica\u021bii clare \u0219i concise.","breadcrumb":{"@id":"https:\/\/talkpal.ai\/ro\/gramatica-nepaleza\/#breadcrumb"},"inLanguage":"ro-RO","potentialAction":[{"@type":"ReadAction","target":["https:\/\/talkpal.ai\/ro\/gramatica-nepaleza\/"]}]},{"@type":"ImageObject","inLanguage":"ro-RO","@id":"https:\/\/talkpal.ai\/ro\/gramatica-nepaleza\/#primaryimage","url":"https:\/\/talkpal.ai\/wp-content\/uploads\/2023\/05\/nepal.png","contentUrl":"https:\/\/talkpal.ai\/wp-content\/uploads\/2023\/05\/nepal.png","width":512,"height":512},{"@type":"BreadcrumbList","@id":"https:\/\/talkpal.ai\/ro\/gramatica-nepaleza\/#breadcrumb","itemListElement":[{"@type":"ListItem","position":1,"name":"Homepage","item":"https:\/\/talkpal.ai\/ro\/"},{"@type":"ListItem","position":2,"name":"Gramatica nepalez\u0103"}]},{"@type":"WebSite","@id":"https:\/\/talkpal.ai\/ro\/#website","url":"https:\/\/talkpal.ai\/ro\/","name":"Talkpal","description":"AI Language Learning","publisher":{"@id":"https:\/\/talkpal.ai\/ro\/#organization"},"alternateName":"Talkpal AI","potentialAction":[{"@type":"SearchAction","target":{"@type":"EntryPoint","urlTemplate":"https:\/\/talkpal.ai\/ro\/?s={search_term_string}"},"query-input":{"@type":"PropertyValueSpecification","valueRequired":true,"valueName":"search_term_string"}}],"inLanguage":"ro-RO"},{"@type":"Organization","@id":"https:\/\/talkpal.ai\/ro\/#organization","name":"Talkpal, Inc.","alternateName":"Talkpal AI","url":"https:\/\/talkpal.ai\/ro\/","logo":{"@type":"ImageObject","inLanguage":"ro-RO","@id":"https:\/\/talkpal.ai\/ro\/#\/schema\/logo\/image\/","url":"https:\/\/talkpal.ai\/wp-content\/uploads\/2024\/03\/Talkpal-Logo-Icon.png","contentUrl":"https:\/\/talkpal.ai\/wp-content\/uploads\/2024\/03\/Talkpal-Logo-Icon.png","width":2880,"height":2880,"caption":"Talkpal, Inc."},"image":{"@id":"https:\/\/talkpal.ai\/ro\/#\/schema\/logo\/image\/"},"sameAs":["https:\/\/www.facebook.com\/profile.php?id=100090733639311","https:\/\/x.com\/talkpalai","https:\/\/www.linkedin.com\/company\/talkpal\/","https:\/\/www.youtube.com\/@TalkPal\/","https:\/\/www.tiktok.com\/@talkpal","https:\/\/www.instagram.com\/talkpal_ai\/","https:\/\/www.crunchbase.com\/organization\/talkpal-9cde","https:\/\/www.g2.com\/products\/talkpal-for-business\/","https:\/\/www.trustpilot.com\/review\/talkpal.ai","https:\/\/www.capterra.com\/p\/10006800\/TalkPal\/"],"description":"Talkpal is a language learning web and mobile education app, powered by the latest AI technologies, that provides engaging experiences to its customers in many different languages to help them improve their language skills. Users can chat about unlimited amount of topics with the app and use other modes to practice their language learning.","email":"support@talkpal.ai","legalName":"Talkpal, Inc.","foundingDate":"2023-04-03","duns":"118989042","numberOfEmployees":{"@type":"QuantitativeValue","minValue":"11","maxValue":"50"},"publishingPrinciples":"https:\/\/talkpal.ai\/publishing-principles\/","actionableFeedbackPolicy":"https:\/\/talkpal.ai\/actionable-feedback-policy\/","correctionsPolicy":"https:\/\/talkpal.ai\/corrections-policy\/","ethicsPolicy":"https:\/\/talkpal.ai\/ethics-policy\/","diversityPolicy":"https:\/\/talkpal.ai\/diversity-policy\/","diversityStaffingReport":"https:\/\/talkpal.ai\/diversity-policy\/"}]}},"_links":{"self":[{"href":"https:\/\/talkpal.ai\/ro\/wp-json\/wp\/v2\/pages\/148067","targetHints":{"allow":["GET"]}}],"collection":[{"href":"https:\/\/talkpal.ai\/ro\/wp-json\/wp\/v2\/pages"}],"about":[{"href":"https:\/\/talkpal.ai\/ro\/wp-json\/wp\/v2\/types\/page"}],"author":[{"embeddable":true,"href":"https:\/\/talkpal.ai\/ro\/wp-json\/wp\/v2\/users\/1"}],"replies":[{"embeddable":true,"href":"https:\/\/talkpal.ai\/ro\/wp-json\/wp\/v2\/comments?post=148067"}],"version-history":[{"count":0,"href":"https:\/\/talkpal.ai\/ro\/wp-json\/wp\/v2\/pages\/148067\/revisions"}],"wp:featuredmedia":[{"embeddable":true,"href":"https:\/\/talkpal.ai\/ro\/wp-json\/wp\/v2\/media\/116218"}],"wp:attachment":[{"href":"https:\/\/talkpal.ai\/ro\/wp-json\/wp\/v2\/media?parent=148067"}],"curies":[{"name":"wp","href":"https:\/\/api.w.org\/{rel}","templated":true}]}}