{"id":147737,"date":"2023-05-14T14:12:25","date_gmt":"2023-05-14T14:12:25","guid":{"rendered":"http:\/\/talkpal.ai\/gramatica-maori\/"},"modified":"2025-12-17T16:43:47","modified_gmt":"2025-12-17T16:43:47","slug":"gramatica-maori","status":"publish","type":"page","link":"https:\/\/talkpal.ai\/ro\/gramatica-maori\/","title":{"rendered":"Gramatica Maori"},"content":{"rendered":"\r\n\r\n\r\n<section class=\"languageChallengeSection\">\r\n    <div class=\"languageInfoWrapper\">\r\n        \r\n        <h1>Gramatica Maori<\/h1>\r\n        <p>Dornici s\u0103 \u00eenv\u0103\u021ba\u021bi M\u0101ori? P\u0103trunde\u021bi \u00een gramatica M\u0101ori, cunoscut\u0103 pentru simplitatea sa, utilizarea articolelor \u0219i rolul important al particulelor \u00een formarea sensului. \u00cencepe\u021bi ast\u0103zi &#8211; st\u0103p\u00e2nirea gramaticii M\u0101ori v\u0103 va ajuta s\u0103 v\u0103 conecta\u021bi mai profund cu patrimoniul bogat al limbii \u0219i cu cultura vibrant\u0103 din Aotearoa Noua Zeeland\u0103!<\/p>\r\n\r\n                            <a class=\"getStartedHidden\" href=\"https:\/\/app.talkpal.ai\/ro\/signup?lng=\">\u00cencepe<\/a>\r\n        \r\n    <\/div>\r\n\r\n    <figure>\r\n    <img decoding=\"async\" width=\"768\" height=\"768\" src=\"https:\/\/talkpal.ai\/wp-content\/uploads\/2023\/06\/maori-768x768.png\" class=\"languageImage no-lazy\" alt=\"Language learning for social and professional settings\" fetchpriority=\"high\" sizes=\"(max-width: 768px) 150px, 768px\" srcset=\"https:\/\/talkpal.ai\/wp-content\/uploads\/2023\/06\/maori-768x768.png 768w, https:\/\/talkpal.ai\/wp-content\/uploads\/2023\/06\/maori-300x300.png 300w\" \/>\r\n    \r\n\r\n    <\/figure>\r\n\r\n            <a class=\"getStartedVisible\" href=\"https:\/\/app.talkpal.ai\/ro\/signup?lng=\">\u00cencepe<\/a>\r\n    \r\n<\/section>\r\n<section class=\"promotionalBanner\">\r\n    <p class=\"promotionalText\">Cel mai eficient mod de a \u00eenv\u0103\u021ba o limb\u0103<\/p>\r\n    <a class=\"promotionalLink\" href=\"https:\/\/app.talkpal.ai\/ro\/signup?lng=\">\u00cencerca\u021bi Talkpal gratuit<\/a>\r\n<\/section>\n<div class=\"wp-block-group pageContainerStyle\"><div class=\"wp-block-group__inner-container is-layout-constrained wp-block-group-is-layout-constrained\">\n<h2 class=\"wp-block-heading\" id=\"h-maori-grammar-your-ticket-to-a-vibrant-bicultural-world\">Gramatica Maori: biletul t\u0103u c\u0103tre o lume bicultural\u0103 vibrant\u0103<\/h2>\n\n\n\n<p><a href=\"https:\/\/talkpal.ai\/culture\/how-do-you-say-lets-go-in-maori\/\">Kia ora<\/a>! Bine a\u021bi venit \u00een lumea minunat\u0103 a limbii <a href=\"https:\/\/talkpal.ai\/learn-maori\/\">maori<\/a>. Ca limb\u0103 indigen\u0103 a Noii Zeelande, <a href=\"https:\/\/talkpal.ai\/learn-maori\/\">Maori<\/a> sau te reo Maori v\u0103 ofer\u0103 o oportunitate unic\u0103 de a v\u0103 conecta cu o cultur\u0103 str\u0103veche \u0219i cu comunitatea sa vibrant\u0103 de vorbitori. Ca orice limb\u0103, <a href=\"https:\/\/talkpal.ai\/maori-grammar\/\">gramatica maori<\/a> poate p\u0103rea dificil\u0103, dar nu v\u0103 face\u021bi griji! Acest ghid prietenos pentru \u00eencep\u0103tori va simplifica componentele de baz\u0103 ale gramaticii maori pentru o c\u0103l\u0103torie vizual\u0103 captivant\u0103 \u0219i informativ\u0103.<\/p>\n\n\n\n<h3 class=\"wp-block-heading\" id=\"h-1-starting-with-the-basics-maori-alphabet-and-pronunciation\">1. \u00cencep\u00e2nd cu elementele de baz\u0103: alfabetul maori \u0219i pronun\u021bia<\/h3>\n\n\n\n<p>Maori folose\u0219te un alfabet latin modificat, format din doar 15 litere: cinci vocale (a, e, i, o \u0219i u) \u0219i zece consoane (h, k, m, n, p, r, t, w, ng \u0219i wh). Familiariza\u021bi-v\u0103 cu aceste litere \u0219i cu pronun\u021biile lor distincte, deoarece acestea pun bazele tuturor \u00eenv\u0103\u021b\u0103rii gramaticale maori ulterioare.<\/p>\n\n\n\n<h3 class=\"wp-block-heading\" id=\"h-2-exploring-maori-sentence-structure\">2. Explorarea structurii propozi\u021biei Maori<\/h3>\n\n\n\n<p>\u00cen esen\u021b\u0103, <a href=\"https:\/\/talkpal.ai\/maori-grammar\/\">gramatica maori<\/a> urmeaz\u0103 o structur\u0103 simpl\u0103 subiect-verb (-obiect), verbul preced\u00e2nd de obicei subiectul. Cel mai clar mod de a \u00een\u021belege aceast\u0103 structur\u0103 este s\u0103 o vedem \u00een ac\u021biune:<\/p>\n\n\n\n<p><strong>Englez\u0103: Copilul se joac\u0103.<\/strong><\/p>\n\n\n\n<p><strong>Maori: Kei te t\u0101karo te tamaiti.<\/strong><\/p>\n\n\n\n<p>\u00cen limba maori, timpul verbului este indicat printr-o combina\u021bie de particule sau prin ad\u0103ugarea unui indicator de timp \u00een propozi\u021bie.<\/p>\n\n\n\n<h3 class=\"wp-block-heading\" id=\"h-3-demystifying-particles-building-blocks-of-maori-grammar\">3. Demistificarea particulelor: blocuri de gramatic\u0103 maori<\/h3>\n\n\n\n<p>Particulele joac\u0103 un rol crucial \u00een gramatica maori, leg\u00e2nd cuvinte \u0219i fraze \u00eempreun\u0103 pentru a crea propozi\u021bii coerente \u0219i expresive. Ca \u00eencep\u0103tor, concentra\u021bi-v\u0103 pe \u00een\u021belegerea c\u00e2torva particule esen\u021biale:<\/p>\n\n\n\n<p><strong>&#8211; Kia: folosit pentru comenzi, dorin\u021be \u0219i pentru a indica scopul unei ac\u021biuni.<\/strong><\/p>\n\n\n\n<p><strong>&#8211; Kei: folosit pentru a forma timpul continuu.<\/strong><\/p>\n\n\n\n<p><strong>&#8211; Ko: folosit pentru a semnala subiectul unei propozi\u021bii.<\/strong><\/p>\n\n\n\n<h3 class=\"wp-block-heading\" id=\"h-4-getting-to-know-maori-pronouns\">4. Cunoa\u0219terea pronumelor Maori<\/h3>\n\n\n\n<p>Pronumele \u00een maori \u00eenlocuiesc substantivele \u0219i v\u0103 ajut\u0103 s\u0103 v\u0103 p\u0103stra\u021bi conversa\u021biile naturale \u0219i fluide. Ca \u00eencep\u0103tor, concentra\u021bi-v\u0103 pe \u00een\u021belegerea pronumelor personale \u0219i posesive:<\/p>\n\n\n\n<p>Pronume personale: ahau (eu), koe (tu, singular), ia (el\/ea), t\u0101ua (noi, inclusiv persoana c\u0103reia i se vorbe\u0219te), m\u0101ua (noi, excluz\u00e2nd persoana c\u0103reia i se vorbe\u0219te), koutou (tu, plural), r\u0101tau (ei)<\/p>\n\n\n\n<p>Pronume posesive: taku\/t\u014dku (<a href=\"https:\/\/talkpal.ai\/culture\/can-i-use-al-meu-instead-of-the-enclitic-article\/\">al meu<\/a>), t\u014du (al t\u0103u, singular), t\u014dna (al lui\/ei), t\u014d t\u0101ua (al nostru, inclusiv vorbitorul \u0219i ascult\u0103torul), t\u014d m\u0101ua (al nostru, vorbitorul \u0219i altcineva), t\u014d koutou (al t\u0103u, plural), t\u014d r\u0101tau (al lor)<\/p>\n\n\n\n<h3 class=\"wp-block-heading\" id=\"h-5-navigating-maori-nouns-and-adjectives\">5. Navigarea substantivelor \u0219i adjectivelor maori<\/h3>\n\n\n\n<p>Substantivele \u0219i adjectivele maori urmeaz\u0103 reguli gramaticale simple, f\u0103c\u00e2ndu-le u\u0219or de \u00een\u021beles pentru \u00eencep\u0103tori. Adjectivele urmeaz\u0103, de obicei, dup\u0103 substantivul <a href=\"https:\/\/talkpal.ai\/culture\/how-do-i-use-pe-care-correctly\/\">pe care<\/a> \u00eel descriu, iar pluralul substantivului presupune pur \u0219i simplu ad\u0103ugarea unei particule, &#8222;ng\u0101&#8221;, \u00eenaintea substantivului. De exemplu:<\/p>\n\n\n\n<p><strong>Te whare nui &#8211; &#8222;casa mare&#8221;<\/strong><\/p>\n\n\n\n<p><strong>Ng\u0101 tamariki &#8211; &#8222;copiii&#8221;<\/strong><\/p>\n\n\n\n<p>Iat\u0103-l! A\u021bi f\u0103cut primii pa\u0219i pentru a st\u0103p\u00e2ni gramatica maori \u0219i pentru a v\u0103 \u00eembog\u0103\u021bi c\u0103l\u0103toria cu limba \u0219i cultura maori. Aminti\u021bi-v\u0103 c\u0103 practica, perseveren\u021ba \u0219i imersiunea sunt esen\u021biale pentru succes, a\u0219a c\u0103 interac\u021biona\u021bi cu vorbitori nativi, explora\u021bi textele Maori \u0219i consolida\u021bi-v\u0103 funda\u021bia lingvistic\u0103. Kia kaha! (Du-te puternic!)<\/p>\n<\/div><\/div>\n\r\n<section class=\"learnNavigationSection\">\r\n            \r\n        <a href=\"https:\/\/talkpal.ai\/ro\/invata-maori\/\">\r\n            <div class=\"learnNavigationWrapper\">\r\n                <div class=\"learnNavigationContent\">\r\n                    <img decoding=\"async\" src=\"https:\/\/talkpal.ai\/wp-content\/uploads\/2024\/08\/Maori.jpg\" alt=\"New Zealand Flag\">\r\n                    <div>\r\n                        <h4>Lec\u021bii de gramatic\u0103 maori<\/h4>\r\n                        <p>Afla\u021bi totul despre gramatica maori.<\/p>\r\n                    <\/div>\r\n                <\/div>\r\n            <\/div>\r\n        <\/a>\r\n\r\n        \r\n        <a href=\"https:\/\/talkpal.ai\/ro\/exercitii-de-gramatica-maori\/\">\r\n            <div class=\"learnNavigationWrapper\">\r\n                <div class=\"learnNavigationContent\">\r\n                    <img decoding=\"async\" src=\"https:\/\/talkpal.ai\/wp-content\/uploads\/2024\/08\/Maori.jpg\" alt=\"New Zealand Flag\">\r\n                    <div>\r\n                        <h4>Exerci\u021biu de gramatic\u0103 maori<\/h4>\r\n                        <p>Exersa\u021bi gramatica maori.<\/p>\r\n                    <\/div>\r\n                <\/div>\r\n            <\/div>\r\n        <\/a>\r\n\r\n        \r\n        <a href=\"https:\/\/talkpal.ai\/vocabulary_language\/maori\/\">\r\n            <div class=\"learnNavigationWrapper\">\r\n                <div class=\"learnNavigationContent\">\r\n                    <img decoding=\"async\" src=\"https:\/\/talkpal.ai\/wp-content\/uploads\/2024\/08\/Maori.jpg\" alt=\"New Zealand Flag\">\r\n                    <div>\r\n                        <h4>Vocabular Maori<\/h4>\r\n                        <p>Extinde\u021bi-v\u0103 vocabularul maori.<\/p>\r\n                    <\/div>\r\n                <\/div>\r\n            <\/div>\r\n        <\/a>\r\n\r\n            <\/section>","protected":false},"excerpt":{"rendered":"<p>Gramatica Maori: biletul t\u0103u c\u0103tre o lume bicultural\u0103 vibrant\u0103 Kia ora! Bine a\u021bi venit \u00een lumea minunat\u0103 a limbii maori. Ca limb\u0103 indigen\u0103 a Noii Zeelande, Maori sau te reo Maori v\u0103 ofer\u0103 o oportunitate unic\u0103 de a v\u0103 conecta cu o cultur\u0103 str\u0103veche \u0219i cu comunitatea sa vibrant\u0103 de vorbitori. Ca orice limb\u0103, gramatica [&hellip;]<\/p>\n","protected":false},"author":1,"featured_media":116586,"parent":0,"menu_order":0,"comment_status":"closed","ping_status":"closed","template":"LearningContentPage.php","meta":{"_acf_changed":false,"footnotes":""},"class_list":["post-147737","page","type-page","status-publish","has-post-thumbnail","hentry"],"acf":[],"yoast_head":"<!-- This site is optimized with the Yoast SEO Premium plugin v27.2 (Yoast SEO v27.2) - https:\/\/yoast.com\/product\/yoast-seo-premium-wordpress\/ -->\n<title>Gramatica Maori - Talkpal<\/title>\n<meta name=\"description\" content=\"Explora\u021bi elementele de baz\u0103 ale gramaticii maori cu ajutorul ghidului nostru pentru \u00eencep\u0103tori. Descoperi\u021bi cele 15 litere \u0219i regulile esen\u021biale ale te reo Maori.\" \/>\n<meta name=\"robots\" content=\"index, follow, max-snippet:-1, max-image-preview:large, max-video-preview:-1\" \/>\n<link rel=\"canonical\" href=\"https:\/\/talkpal.ai\/ro\/gramatica-maori\/\" \/>\n<meta property=\"og:locale\" content=\"ro_RO\" \/>\n<meta property=\"og:type\" content=\"article\" \/>\n<meta property=\"og:title\" content=\"Gramatica Maori\" \/>\n<meta property=\"og:description\" content=\"Gramatica Maori: biletul t\u0103u c\u0103tre o lume bicultural\u0103 vibrant\u0103 Kia ora! Bine a\u021bi venit \u00een lumea minunat\u0103 a limbii maori. Ca limb\u0103 indigen\u0103 a Noii\" \/>\n<meta property=\"og:url\" content=\"https:\/\/talkpal.ai\/ro\/gramatica-maori\/\" \/>\n<meta property=\"og:site_name\" content=\"Talkpal\" \/>\n<meta property=\"article:publisher\" content=\"https:\/\/www.facebook.com\/profile.php?id=100090733639311\" \/>\n<meta property=\"article:modified_time\" content=\"2025-12-17T16:43:47+00:00\" \/>\n<meta property=\"og:image\" content=\"https:\/\/talkpal.ai\/wp-content\/uploads\/2023\/05\/Maori-new-zealand.png\" \/>\n\t<meta property=\"og:image:width\" content=\"512\" \/>\n\t<meta property=\"og:image:height\" content=\"512\" \/>\n\t<meta property=\"og:image:type\" content=\"image\/png\" \/>\n<meta name=\"twitter:card\" content=\"summary_large_image\" \/>\n<meta name=\"twitter:site\" content=\"@talkpalai\" \/>\n<meta name=\"twitter:label1\" content=\"Timp estimat pentru citire\" \/>\n\t<meta name=\"twitter:data1\" content=\"3 minute\" \/>\n<script type=\"application\/ld+json\" class=\"yoast-schema-graph\">{\"@context\":\"https:\/\/schema.org\",\"@graph\":[{\"@type\":\"WebPage\",\"@id\":\"https:\/\/talkpal.ai\/ro\/gramatica-maori\/\",\"url\":\"https:\/\/talkpal.ai\/ro\/gramatica-maori\/\",\"name\":\"Gramatica Maori - Talkpal\",\"isPartOf\":{\"@id\":\"https:\/\/talkpal.ai\/ro\/#website\"},\"primaryImageOfPage\":{\"@id\":\"https:\/\/talkpal.ai\/ro\/gramatica-maori\/#primaryimage\"},\"image\":{\"@id\":\"https:\/\/talkpal.ai\/ro\/gramatica-maori\/#primaryimage\"},\"thumbnailUrl\":\"https:\/\/talkpal.ai\/wp-content\/uploads\/2023\/05\/Maori-new-zealand.png\",\"datePublished\":\"2023-05-14T14:12:25+00:00\",\"dateModified\":\"2025-12-17T16:43:47+00:00\",\"description\":\"Explora\u021bi elementele de baz\u0103 ale gramaticii maori cu ajutorul ghidului nostru pentru \u00eencep\u0103tori. Descoperi\u021bi cele 15 litere \u0219i regulile esen\u021biale ale te reo Maori.\",\"breadcrumb\":{\"@id\":\"https:\/\/talkpal.ai\/ro\/gramatica-maori\/#breadcrumb\"},\"inLanguage\":\"ro-RO\",\"potentialAction\":[{\"@type\":\"ReadAction\",\"target\":[\"https:\/\/talkpal.ai\/ro\/gramatica-maori\/\"]}]},{\"@type\":\"ImageObject\",\"inLanguage\":\"ro-RO\",\"@id\":\"https:\/\/talkpal.ai\/ro\/gramatica-maori\/#primaryimage\",\"url\":\"https:\/\/talkpal.ai\/wp-content\/uploads\/2023\/05\/Maori-new-zealand.png\",\"contentUrl\":\"https:\/\/talkpal.ai\/wp-content\/uploads\/2023\/05\/Maori-new-zealand.png\",\"width\":512,\"height\":512},{\"@type\":\"BreadcrumbList\",\"@id\":\"https:\/\/talkpal.ai\/ro\/gramatica-maori\/#breadcrumb\",\"itemListElement\":[{\"@type\":\"ListItem\",\"position\":1,\"name\":\"Homepage\",\"item\":\"https:\/\/talkpal.ai\/ro\/\"},{\"@type\":\"ListItem\",\"position\":2,\"name\":\"Gramatica Maori\"}]},{\"@type\":\"WebSite\",\"@id\":\"https:\/\/talkpal.ai\/ro\/#website\",\"url\":\"https:\/\/talkpal.ai\/ro\/\",\"name\":\"Talkpal\",\"description\":\"AI Language Learning\",\"publisher\":{\"@id\":\"https:\/\/talkpal.ai\/ro\/#organization\"},\"alternateName\":\"Talkpal AI\",\"potentialAction\":[{\"@type\":\"SearchAction\",\"target\":{\"@type\":\"EntryPoint\",\"urlTemplate\":\"https:\/\/talkpal.ai\/ro\/?s={search_term_string}\"},\"query-input\":{\"@type\":\"PropertyValueSpecification\",\"valueRequired\":true,\"valueName\":\"search_term_string\"}}],\"inLanguage\":\"ro-RO\"},{\"@type\":\"Organization\",\"@id\":\"https:\/\/talkpal.ai\/ro\/#organization\",\"name\":\"Talkpal, Inc.\",\"alternateName\":\"Talkpal AI\",\"url\":\"https:\/\/talkpal.ai\/ro\/\",\"logo\":{\"@type\":\"ImageObject\",\"inLanguage\":\"ro-RO\",\"@id\":\"https:\/\/talkpal.ai\/ro\/#\/schema\/logo\/image\/\",\"url\":\"https:\/\/talkpal.ai\/wp-content\/uploads\/2024\/03\/Talkpal-Logo-Icon.png\",\"contentUrl\":\"https:\/\/talkpal.ai\/wp-content\/uploads\/2024\/03\/Talkpal-Logo-Icon.png\",\"width\":2880,\"height\":2880,\"caption\":\"Talkpal, Inc.\"},\"image\":{\"@id\":\"https:\/\/talkpal.ai\/ro\/#\/schema\/logo\/image\/\"},\"sameAs\":[\"https:\/\/www.facebook.com\/profile.php?id=100090733639311\",\"https:\/\/x.com\/talkpalai\",\"https:\/\/www.linkedin.com\/company\/talkpal\/\",\"https:\/\/www.youtube.com\/@TalkPal\/\",\"https:\/\/www.tiktok.com\/@talkpal\",\"https:\/\/www.instagram.com\/talkpal_ai\/\",\"https:\/\/www.crunchbase.com\/organization\/talkpal-9cde\",\"https:\/\/www.g2.com\/products\/talkpal-for-business\/\",\"https:\/\/www.trustpilot.com\/review\/talkpal.ai\",\"https:\/\/www.capterra.com\/p\/10006800\/TalkPal\/\"],\"description\":\"Talkpal is a language learning web and mobile education app, powered by the latest AI technologies, that provides engaging experiences to its customers in many different languages to help them improve their language skills. Users can chat about unlimited amount of topics with the app and use other modes to practice their language learning.\",\"email\":\"support@talkpal.ai\",\"legalName\":\"Talkpal, Inc.\",\"foundingDate\":\"2023-04-03\",\"duns\":\"118989042\",\"numberOfEmployees\":{\"@type\":\"QuantitativeValue\",\"minValue\":\"11\",\"maxValue\":\"50\"},\"publishingPrinciples\":\"https:\/\/talkpal.ai\/publishing-principles\/\",\"actionableFeedbackPolicy\":\"https:\/\/talkpal.ai\/actionable-feedback-policy\/\",\"correctionsPolicy\":\"https:\/\/talkpal.ai\/corrections-policy\/\",\"ethicsPolicy\":\"https:\/\/talkpal.ai\/ethics-policy\/\",\"diversityPolicy\":\"https:\/\/talkpal.ai\/diversity-policy\/\",\"diversityStaffingReport\":\"https:\/\/talkpal.ai\/diversity-policy\/\"}]}<\/script>\n<!-- \/ Yoast SEO Premium plugin. -->","yoast_head_json":{"title":"Gramatica Maori - Talkpal","description":"Explora\u021bi elementele de baz\u0103 ale gramaticii maori cu ajutorul ghidului nostru pentru \u00eencep\u0103tori. Descoperi\u021bi cele 15 litere \u0219i regulile esen\u021biale ale te reo Maori.","robots":{"index":"index","follow":"follow","max-snippet":"max-snippet:-1","max-image-preview":"max-image-preview:large","max-video-preview":"max-video-preview:-1"},"canonical":"https:\/\/talkpal.ai\/ro\/gramatica-maori\/","og_locale":"ro_RO","og_type":"article","og_title":"Gramatica Maori","og_description":"Gramatica Maori: biletul t\u0103u c\u0103tre o lume bicultural\u0103 vibrant\u0103 Kia ora! Bine a\u021bi venit \u00een lumea minunat\u0103 a limbii maori. Ca limb\u0103 indigen\u0103 a Noii","og_url":"https:\/\/talkpal.ai\/ro\/gramatica-maori\/","og_site_name":"Talkpal","article_publisher":"https:\/\/www.facebook.com\/profile.php?id=100090733639311","article_modified_time":"2025-12-17T16:43:47+00:00","og_image":[{"width":512,"height":512,"url":"https:\/\/talkpal.ai\/wp-content\/uploads\/2023\/05\/Maori-new-zealand.png","type":"image\/png"}],"twitter_card":"summary_large_image","twitter_site":"@talkpalai","twitter_misc":{"Timp estimat pentru citire":"3 minute"},"schema":{"@context":"https:\/\/schema.org","@graph":[{"@type":"WebPage","@id":"https:\/\/talkpal.ai\/ro\/gramatica-maori\/","url":"https:\/\/talkpal.ai\/ro\/gramatica-maori\/","name":"Gramatica Maori - Talkpal","isPartOf":{"@id":"https:\/\/talkpal.ai\/ro\/#website"},"primaryImageOfPage":{"@id":"https:\/\/talkpal.ai\/ro\/gramatica-maori\/#primaryimage"},"image":{"@id":"https:\/\/talkpal.ai\/ro\/gramatica-maori\/#primaryimage"},"thumbnailUrl":"https:\/\/talkpal.ai\/wp-content\/uploads\/2023\/05\/Maori-new-zealand.png","datePublished":"2023-05-14T14:12:25+00:00","dateModified":"2025-12-17T16:43:47+00:00","description":"Explora\u021bi elementele de baz\u0103 ale gramaticii maori cu ajutorul ghidului nostru pentru \u00eencep\u0103tori. Descoperi\u021bi cele 15 litere \u0219i regulile esen\u021biale ale te reo Maori.","breadcrumb":{"@id":"https:\/\/talkpal.ai\/ro\/gramatica-maori\/#breadcrumb"},"inLanguage":"ro-RO","potentialAction":[{"@type":"ReadAction","target":["https:\/\/talkpal.ai\/ro\/gramatica-maori\/"]}]},{"@type":"ImageObject","inLanguage":"ro-RO","@id":"https:\/\/talkpal.ai\/ro\/gramatica-maori\/#primaryimage","url":"https:\/\/talkpal.ai\/wp-content\/uploads\/2023\/05\/Maori-new-zealand.png","contentUrl":"https:\/\/talkpal.ai\/wp-content\/uploads\/2023\/05\/Maori-new-zealand.png","width":512,"height":512},{"@type":"BreadcrumbList","@id":"https:\/\/talkpal.ai\/ro\/gramatica-maori\/#breadcrumb","itemListElement":[{"@type":"ListItem","position":1,"name":"Homepage","item":"https:\/\/talkpal.ai\/ro\/"},{"@type":"ListItem","position":2,"name":"Gramatica Maori"}]},{"@type":"WebSite","@id":"https:\/\/talkpal.ai\/ro\/#website","url":"https:\/\/talkpal.ai\/ro\/","name":"Talkpal","description":"AI Language Learning","publisher":{"@id":"https:\/\/talkpal.ai\/ro\/#organization"},"alternateName":"Talkpal AI","potentialAction":[{"@type":"SearchAction","target":{"@type":"EntryPoint","urlTemplate":"https:\/\/talkpal.ai\/ro\/?s={search_term_string}"},"query-input":{"@type":"PropertyValueSpecification","valueRequired":true,"valueName":"search_term_string"}}],"inLanguage":"ro-RO"},{"@type":"Organization","@id":"https:\/\/talkpal.ai\/ro\/#organization","name":"Talkpal, Inc.","alternateName":"Talkpal AI","url":"https:\/\/talkpal.ai\/ro\/","logo":{"@type":"ImageObject","inLanguage":"ro-RO","@id":"https:\/\/talkpal.ai\/ro\/#\/schema\/logo\/image\/","url":"https:\/\/talkpal.ai\/wp-content\/uploads\/2024\/03\/Talkpal-Logo-Icon.png","contentUrl":"https:\/\/talkpal.ai\/wp-content\/uploads\/2024\/03\/Talkpal-Logo-Icon.png","width":2880,"height":2880,"caption":"Talkpal, Inc."},"image":{"@id":"https:\/\/talkpal.ai\/ro\/#\/schema\/logo\/image\/"},"sameAs":["https:\/\/www.facebook.com\/profile.php?id=100090733639311","https:\/\/x.com\/talkpalai","https:\/\/www.linkedin.com\/company\/talkpal\/","https:\/\/www.youtube.com\/@TalkPal\/","https:\/\/www.tiktok.com\/@talkpal","https:\/\/www.instagram.com\/talkpal_ai\/","https:\/\/www.crunchbase.com\/organization\/talkpal-9cde","https:\/\/www.g2.com\/products\/talkpal-for-business\/","https:\/\/www.trustpilot.com\/review\/talkpal.ai","https:\/\/www.capterra.com\/p\/10006800\/TalkPal\/"],"description":"Talkpal is a language learning web and mobile education app, powered by the latest AI technologies, that provides engaging experiences to its customers in many different languages to help them improve their language skills. Users can chat about unlimited amount of topics with the app and use other modes to practice their language learning.","email":"support@talkpal.ai","legalName":"Talkpal, Inc.","foundingDate":"2023-04-03","duns":"118989042","numberOfEmployees":{"@type":"QuantitativeValue","minValue":"11","maxValue":"50"},"publishingPrinciples":"https:\/\/talkpal.ai\/publishing-principles\/","actionableFeedbackPolicy":"https:\/\/talkpal.ai\/actionable-feedback-policy\/","correctionsPolicy":"https:\/\/talkpal.ai\/corrections-policy\/","ethicsPolicy":"https:\/\/talkpal.ai\/ethics-policy\/","diversityPolicy":"https:\/\/talkpal.ai\/diversity-policy\/","diversityStaffingReport":"https:\/\/talkpal.ai\/diversity-policy\/"}]}},"_links":{"self":[{"href":"https:\/\/talkpal.ai\/ro\/wp-json\/wp\/v2\/pages\/147737","targetHints":{"allow":["GET"]}}],"collection":[{"href":"https:\/\/talkpal.ai\/ro\/wp-json\/wp\/v2\/pages"}],"about":[{"href":"https:\/\/talkpal.ai\/ro\/wp-json\/wp\/v2\/types\/page"}],"author":[{"embeddable":true,"href":"https:\/\/talkpal.ai\/ro\/wp-json\/wp\/v2\/users\/1"}],"replies":[{"embeddable":true,"href":"https:\/\/talkpal.ai\/ro\/wp-json\/wp\/v2\/comments?post=147737"}],"version-history":[{"count":0,"href":"https:\/\/talkpal.ai\/ro\/wp-json\/wp\/v2\/pages\/147737\/revisions"}],"wp:featuredmedia":[{"embeddable":true,"href":"https:\/\/talkpal.ai\/ro\/wp-json\/wp\/v2\/media\/116586"}],"wp:attachment":[{"href":"https:\/\/talkpal.ai\/ro\/wp-json\/wp\/v2\/media?parent=147737"}],"curies":[{"name":"wp","href":"https:\/\/api.w.org\/{rel}","templated":true}]}}