{"id":147544,"date":"2023-05-14T14:12:07","date_gmt":"2023-05-14T14:12:07","guid":{"rendered":"http:\/\/talkpal.ai\/gramatica-marathi\/"},"modified":"2025-12-12T10:37:24","modified_gmt":"2025-12-12T10:37:24","slug":"gramatica-marathi","status":"publish","type":"page","link":"https:\/\/talkpal.ai\/ro\/gramatica-marathi\/","title":{"rendered":"Gramatica Marathi"},"content":{"rendered":"\r\n\r\n\r\n<section class=\"languageChallengeSection\">\r\n    <div class=\"languageInfoWrapper\">\r\n        \r\n        <h1>Gramatica Marathi<\/h1>\r\n        <p>Sunte\u021bi curio\u0219i \u00een leg\u0103tur\u0103 cu limba <a href=\"https:\/\/talkpal.ai\/learn-marathi\/\">marathi<\/a>? P\u0103\u0219i\u021bi \u00een gramatica marathi, unde substantivele de gen, structura flexibil\u0103 a propozi\u021biilor \u0219i conjug\u0103rile expresive ale verbelor creeaz\u0103 o limb\u0103 vibrant\u0103 \u0219i dinamic\u0103. \u00cencepe\u021bi c\u0103l\u0103toria de \u00eenv\u0103\u021bare ast\u0103zi &#8211; st\u0103p\u00e2nirea gramaticii marathi v\u0103 va ajuta s\u0103 comunica\u021bi cu \u00eencredere \u0219i s\u0103 v\u0103 conecta\u021bi cu bogatele tradi\u021bii \u0219i cultur\u0103 din Maharashtra!<\/p>\r\n\r\n                            <a class=\"getStartedHidden\" href=\"https:\/\/app.talkpal.ai\/ro\/signup?lng=\">\u00cencepe<\/a>\r\n        \r\n    <\/div>\r\n\r\n    <figure>\r\n    <img decoding=\"async\" width=\"768\" height=\"768\" src=\"https:\/\/talkpal.ai\/wp-content\/uploads\/2023\/06\/marathi-768x768.png\" class=\"languageImage no-lazy\" alt=\"Fun ways to make language learning interesting\" fetchpriority=\"high\" sizes=\"(max-width: 768px) 150px, 768px\" srcset=\"https:\/\/talkpal.ai\/wp-content\/uploads\/2023\/06\/marathi-768x768.png 768w, https:\/\/talkpal.ai\/wp-content\/uploads\/2023\/06\/marathi-300x300.png 300w\" \/>\r\n    \r\n\r\n    <\/figure>\r\n\r\n            <a class=\"getStartedVisible\" href=\"https:\/\/app.talkpal.ai\/ro\/signup?lng=\">\u00cencepe<\/a>\r\n    \r\n<\/section>\r\n<section class=\"promotionalBanner\">\r\n    <p class=\"promotionalText\">Cel mai eficient mod de a \u00eenv\u0103\u021ba o limb\u0103<\/p>\r\n    <a class=\"promotionalLink\" href=\"https:\/\/app.talkpal.ai\/ro\/signup?lng=\">\u00cencerca\u021bi Talkpal gratuit<\/a>\r\n<\/section>\n<div class=\"wp-block-group pageContainerStyle\"><div class=\"wp-block-group__inner-container is-layout-constrained wp-block-group-is-layout-constrained\">\n<h2 class=\"wp-block-heading\" id=\"h-the-allure-of-marathi-grammar-unfolding-its-mysteries-and-intricacies\">Atrac\u021bia gramaticii marathi: dezv\u0103luirea misterelor \u0219i complexit\u0103\u021bilor sale<\/h2>\n\n\n\n<p>V\u0103 aminti\u021bi c\u0103l\u0103toria uimitoare de \u00eenv\u0103\u021bare a gramaticii engleze, \u00eenc\u0103rcat\u0103 cu reguli complexe, excep\u021bii \u0219i terminologie complicat\u0103? Dac\u0103 v\u0103 g\u00e2ndi\u021bi acum s\u0103 \u00eenv\u0103\u021ba\u021bi limba marathi, preg\u0103ti\u021bi-v\u0103 pentru o explorare la fel de captivant\u0103 a gramaticii marathi.<\/p>\n\n\n\n<p>Marathi, o limb\u0103 indo-arian\u0103 vorbit\u0103 predominant \u00een statul indian Maharashtra, se m\u00e2ndre\u0219te cu o tradi\u021bie bogat\u0103 \u0219i caracteristici lingvistice unice. Pe m\u0103sur\u0103 ce v\u0103 scufunda\u021bi \u00een mistica gramaticii Marathi, ve\u021bi descoperi interac\u021biunea fascinant\u0103 a alfabetelor <a href=\"https:\/\/talkpal.ai\/locations\/learn-english-in-sale\/\">sale<\/a>, a regulilor complicate \u0219i a foneticii \u00eenc\u00e2nt\u0103toare. A\u0219adar, haide\u021bi s\u0103 deslu\u0219im \u00eempreun\u0103 farmecul gramaticii marathi, c\u00e2te o mic\u0103 regul\u0103 pe r\u00e2nd.<\/p>\n\n\n\n<p>Una dintre cele mai izbitoare tr\u0103s\u0103turi ale <strong>gramaticii marathi<\/strong> este utilizarea extensiv\u0103 a inflexiunilor substantivale. Aceste inflexiuni ajut\u0103 adesea la transmiterea elementelor gramaticale cruciale, cum ar fi num\u0103rul, sexul \u0219i cazul. Marathi are trei genuri \u2013 masculin, feminin \u0219i neutru \u2013 \u0219i fiecare gen posed\u0103 setul s\u0103u distinctiv de modele de inflexiune. \u00cen plus, limba are dou\u0103 numere \u2013 singular \u0219i plural \u2013 care ajut\u0103 la exprimarea cantit\u0103\u021bii unui substantiv.<\/p>\n\n\n\n<p>O alt\u0103 <strong>tr\u0103s\u0103tur\u0103 unic\u0103 a gramaticii marathi<\/strong> este modul \u00een care verbele se conjug\u0103, \u00een func\u021bie de timp. Atunci c\u00e2nd conjuga\u021bi verbele \u00een Marathi, trebuie s\u0103 lua\u021bi \u00een considerare nu numai timpul verbului, ci \u0219i genul \u0219i num\u0103rul subiectului. Formele verbelor marathi includ timpul prezent, timpul trecut \u0219i timpul viitor, al\u0103turi de imperative \u0219i conjunctive. Aceste conjug\u0103ri extinse adaug\u0103 profunzime \u0219i dinamism limbii marathi, f\u0103c\u00e2ndu-l o limb\u0103 cu adev\u0103rat captivant\u0103 de explorat.<\/p>\n\n\n\n<p>Limba Marathi este, de asemenea, binecunoscut\u0103 pentru <strong>varietatea sa de pronume<\/strong>. Marathi are numeroase pronume personale, demonstrative, interogative \u0219i reflexive, fiecare venind cu modelele lor de declinare respective. Acest lucru poate p\u0103rea descurajant la \u00eenceput, dar pe m\u0103sur\u0103 ce v\u0103 ad\u00e2nci\u021bi mai ad\u00e2nc \u00een limb\u0103, ve\u021bi aprecia precizia de neegalat <a href=\"https:\/\/talkpal.ai\/culture\/how-do-i-use-pe-care-correctly\/\">pe care<\/a> o ofer\u0103 gramatica Marathi.<\/p>\n\n\n\n<p>O alt\u0103 fa\u021bet\u0103 interesant\u0103 a gramaticii marathi const\u0103 \u00een <strong>aranjarea cuvintelor \u00eentr-o propozi\u021bie<\/strong>. Ordinea cuvintelor \u00een marathi urmeaz\u0103 \u00een general structura subiect-obiect-verb (SOV), similar cu alte limbi indo-ariene. Aceast\u0103 structur\u0103 plaseaz\u0103 de obicei verbul la sf\u00e2r\u0219itul propozi\u021biei, ceea ce se poate dovedi ini\u021bial o provocare pentru vorbitorii de <a href=\"https:\/\/talkpal.ai\/learn-english-with-ai\/\">englez\u0103<\/a>.<\/p>\n\n\n\n<p>Scufund\u00e2ndu-v\u0103 \u00een <strong>fonetica Marathi<\/strong>, ve\u021bi \u00eent\u00e2lni gama fascinant\u0103 de sunete, enun\u021bate prin cele 16 vocale (swar) \u0219i 36 de consoane (vyanjan). Scrisul Devanagari, folosit \u00een marathi, adaug\u0103 un strat de farmec acestei limbi deja captivante.  <\/p>\n\n\n\n<p>\u00cenv\u0103\u021barea gramaticii marathi, cu nenum\u0103ratele sale reguli \u0219i complexit\u0103\u021bi, poate fi, f\u0103r\u0103 \u00eendoial\u0103, o sarcin\u0103 descurajant\u0103 la \u00eenceput. Cu toate acestea, aceast\u0103 provocare este, de asemenea, ceea ce o face excep\u021bional de stimulant\u0103 \u0219i pl\u0103cut\u0103. Pe m\u0103sur\u0103 ce v\u0103 scufunda\u021bi \u00een lumea \u00eenc\u00e2nt\u0103toare a gramaticii Marathi, ve\u021bi descoperi nu numai func\u021bionarea limbii, ci \u0219i o \u00een\u021belegere mai profund\u0103 a culturii, istoriei \u0219i \u00een\u021belepciunii pe care o \u00eentruchipeaz\u0103.<\/p>\n\n\n\n<p>Deci, de ce s\u0103 nu v\u0103 \u00eembarca\u021bi \u00een aceast\u0103 aventur\u0103 lingvistic\u0103 pentru a explora profunzimile atr\u0103g\u0103toare ale gramaticii marathi \u0219i pentru a descoperi nenum\u0103ratele sale mistere \u0219i nuan\u021be care a\u0219teapt\u0103 s\u0103 fie st\u0103p\u00e2nite? Bucuria de a \u00eenv\u0103\u021ba \u0219i \u00eenc\u00e2ntarea de a \u00een\u021belege subtilit\u0103\u021bile gramaticii marathi sunt la doar c\u00e2teva momente distan\u021b\u0103!<\/p>\n<\/div><\/div>\n\r\n<section class=\"learnNavigationSection\">\r\n            \r\n        <a href=\"https:\/\/talkpal.ai\/ro\/invata-marathi\/\">\r\n            <div class=\"learnNavigationWrapper\">\r\n                <div class=\"learnNavigationContent\">\r\n                    <img decoding=\"async\" src=\"https:\/\/talkpal.ai\/wp-content\/uploads\/2023\/05\/Marathi-india.png\" alt=\"TalkPal Marathi Flag\">\r\n                    <div>\r\n                        <h4>Despre Marathi Learning<\/h4>\r\n                        <p>Afla\u021bi totul despre gramatica marathi .<\/p>\r\n                    <\/div>\r\n                <\/div>\r\n            <\/div>\r\n        <\/a>\r\n\r\n        \r\n        <a href=\"https:\/\/talkpal.ai\/ro\/exercitii-de-gramatica-marathi\/\">\r\n            <div class=\"learnNavigationWrapper\">\r\n                <div class=\"learnNavigationContent\">\r\n                    <img decoding=\"async\" src=\"https:\/\/talkpal.ai\/wp-content\/uploads\/2023\/05\/Marathi-india.png\" alt=\"TalkPal Marathi Flag\">\r\n                    <div>\r\n                        <h4>Exerci\u021biu de gramatic\u0103 Marathi<\/h4>\r\n                        <p>Exersa\u021bi gramatica marathi.<\/p>\r\n                    <\/div>\r\n                <\/div>\r\n            <\/div>\r\n        <\/a>\r\n\r\n        \r\n        <a href=\"https:\/\/talkpal.ai\/vocabulary_language\/marathi\/\">\r\n            <div class=\"learnNavigationWrapper\">\r\n                <div class=\"learnNavigationContent\">\r\n                    <img decoding=\"async\" src=\"https:\/\/talkpal.ai\/wp-content\/uploads\/2023\/05\/Marathi-india.png\" alt=\"TalkPal Marathi Flag\">\r\n                    <div>\r\n                        <h4>Marathi Vocabular<\/h4>\r\n                        <p>Extinde\u021bi-v\u0103 vocabularul \u00een limba marathi.<\/p>\r\n                    <\/div>\r\n                <\/div>\r\n            <\/div>\r\n        <\/a>\r\n\r\n            <\/section>","protected":false},"excerpt":{"rendered":"<p>Atrac\u021bia gramaticii marathi: dezv\u0103luirea misterelor \u0219i complexit\u0103\u021bilor sale V\u0103 aminti\u021bi c\u0103l\u0103toria uimitoare de \u00eenv\u0103\u021bare a gramaticii engleze, \u00eenc\u0103rcat\u0103 cu reguli complexe, excep\u021bii \u0219i terminologie complicat\u0103? Dac\u0103 v\u0103 g\u00e2ndi\u021bi acum s\u0103 \u00eenv\u0103\u021ba\u021bi limba marathi, preg\u0103ti\u021bi-v\u0103 pentru o explorare la fel de captivant\u0103 a gramaticii marathi. Marathi, o limb\u0103 indo-arian\u0103 vorbit\u0103 predominant \u00een statul indian Maharashtra, se [&hellip;]<\/p>\n","protected":false},"author":1,"featured_media":116515,"parent":0,"menu_order":0,"comment_status":"closed","ping_status":"closed","template":"LearningContentPage.php","meta":{"_acf_changed":false,"footnotes":""},"class_list":["post-147544","page","type-page","status-publish","has-post-thumbnail","hentry"],"acf":[],"yoast_head":"<!-- This site is optimized with the Yoast SEO Premium plugin v27.2 (Yoast SEO v27.2) - https:\/\/yoast.com\/product\/yoast-seo-premium-wordpress\/ -->\n<title>Gramatica Marathi - Talkpal<\/title>\n<meta name=\"description\" content=\"Explora\u021bi lumea fascinant\u0103 a gramaticii marathi \u0219i descoperi\u021bi regulile sale unice, fonetica \u0219i inflexiunile \u00een \u00eenv\u0103\u021barea limbii.\" \/>\n<meta name=\"robots\" content=\"index, follow, max-snippet:-1, max-image-preview:large, max-video-preview:-1\" \/>\n<link rel=\"canonical\" href=\"https:\/\/talkpal.ai\/ro\/gramatica-marathi\/\" \/>\n<meta property=\"og:locale\" content=\"ro_RO\" \/>\n<meta property=\"og:type\" content=\"article\" \/>\n<meta property=\"og:title\" content=\"Gramatica Marathi\" \/>\n<meta property=\"og:description\" content=\"Atrac\u021bia gramaticii marathi: dezv\u0103luirea misterelor \u0219i complexit\u0103\u021bilor sale V\u0103 aminti\u021bi c\u0103l\u0103toria uimitoare de \u00eenv\u0103\u021bare a gramaticii engleze, \u00eenc\u0103rcat\u0103 cu\" \/>\n<meta property=\"og:url\" content=\"https:\/\/talkpal.ai\/ro\/gramatica-marathi\/\" \/>\n<meta property=\"og:site_name\" content=\"Talkpal\" \/>\n<meta property=\"article:publisher\" content=\"https:\/\/www.facebook.com\/profile.php?id=100090733639311\" \/>\n<meta property=\"article:modified_time\" content=\"2025-12-12T10:37:24+00:00\" \/>\n<meta property=\"og:image\" content=\"https:\/\/talkpal.ai\/wp-content\/uploads\/2023\/05\/Marathi-india.png\" \/>\n\t<meta property=\"og:image:width\" content=\"512\" \/>\n\t<meta property=\"og:image:height\" content=\"512\" \/>\n\t<meta property=\"og:image:type\" content=\"image\/png\" \/>\n<meta name=\"twitter:card\" content=\"summary_large_image\" \/>\n<meta name=\"twitter:site\" content=\"@talkpalai\" \/>\n<meta name=\"twitter:label1\" content=\"Timp estimat pentru citire\" \/>\n\t<meta name=\"twitter:data1\" content=\"3 minute\" \/>\n<script type=\"application\/ld+json\" class=\"yoast-schema-graph\">{\"@context\":\"https:\/\/schema.org\",\"@graph\":[{\"@type\":\"WebPage\",\"@id\":\"https:\/\/talkpal.ai\/ro\/gramatica-marathi\/\",\"url\":\"https:\/\/talkpal.ai\/ro\/gramatica-marathi\/\",\"name\":\"Gramatica Marathi - Talkpal\",\"isPartOf\":{\"@id\":\"https:\/\/talkpal.ai\/ro\/#website\"},\"primaryImageOfPage\":{\"@id\":\"https:\/\/talkpal.ai\/ro\/gramatica-marathi\/#primaryimage\"},\"image\":{\"@id\":\"https:\/\/talkpal.ai\/ro\/gramatica-marathi\/#primaryimage\"},\"thumbnailUrl\":\"https:\/\/talkpal.ai\/wp-content\/uploads\/2023\/05\/Marathi-india.png\",\"datePublished\":\"2023-05-14T14:12:07+00:00\",\"dateModified\":\"2025-12-12T10:37:24+00:00\",\"description\":\"Explora\u021bi lumea fascinant\u0103 a gramaticii marathi \u0219i descoperi\u021bi regulile sale unice, fonetica \u0219i inflexiunile \u00een \u00eenv\u0103\u021barea limbii.\",\"breadcrumb\":{\"@id\":\"https:\/\/talkpal.ai\/ro\/gramatica-marathi\/#breadcrumb\"},\"inLanguage\":\"ro-RO\",\"potentialAction\":[{\"@type\":\"ReadAction\",\"target\":[\"https:\/\/talkpal.ai\/ro\/gramatica-marathi\/\"]}]},{\"@type\":\"ImageObject\",\"inLanguage\":\"ro-RO\",\"@id\":\"https:\/\/talkpal.ai\/ro\/gramatica-marathi\/#primaryimage\",\"url\":\"https:\/\/talkpal.ai\/wp-content\/uploads\/2023\/05\/Marathi-india.png\",\"contentUrl\":\"https:\/\/talkpal.ai\/wp-content\/uploads\/2023\/05\/Marathi-india.png\",\"width\":512,\"height\":512},{\"@type\":\"BreadcrumbList\",\"@id\":\"https:\/\/talkpal.ai\/ro\/gramatica-marathi\/#breadcrumb\",\"itemListElement\":[{\"@type\":\"ListItem\",\"position\":1,\"name\":\"Homepage\",\"item\":\"https:\/\/talkpal.ai\/ro\/\"},{\"@type\":\"ListItem\",\"position\":2,\"name\":\"Gramatica Marathi\"}]},{\"@type\":\"WebSite\",\"@id\":\"https:\/\/talkpal.ai\/ro\/#website\",\"url\":\"https:\/\/talkpal.ai\/ro\/\",\"name\":\"Talkpal\",\"description\":\"AI Language Learning\",\"publisher\":{\"@id\":\"https:\/\/talkpal.ai\/ro\/#organization\"},\"alternateName\":\"Talkpal AI\",\"potentialAction\":[{\"@type\":\"SearchAction\",\"target\":{\"@type\":\"EntryPoint\",\"urlTemplate\":\"https:\/\/talkpal.ai\/ro\/?s={search_term_string}\"},\"query-input\":{\"@type\":\"PropertyValueSpecification\",\"valueRequired\":true,\"valueName\":\"search_term_string\"}}],\"inLanguage\":\"ro-RO\"},{\"@type\":\"Organization\",\"@id\":\"https:\/\/talkpal.ai\/ro\/#organization\",\"name\":\"Talkpal, Inc.\",\"alternateName\":\"Talkpal AI\",\"url\":\"https:\/\/talkpal.ai\/ro\/\",\"logo\":{\"@type\":\"ImageObject\",\"inLanguage\":\"ro-RO\",\"@id\":\"https:\/\/talkpal.ai\/ro\/#\/schema\/logo\/image\/\",\"url\":\"https:\/\/talkpal.ai\/wp-content\/uploads\/2024\/03\/Talkpal-Logo-Icon.png\",\"contentUrl\":\"https:\/\/talkpal.ai\/wp-content\/uploads\/2024\/03\/Talkpal-Logo-Icon.png\",\"width\":2880,\"height\":2880,\"caption\":\"Talkpal, Inc.\"},\"image\":{\"@id\":\"https:\/\/talkpal.ai\/ro\/#\/schema\/logo\/image\/\"},\"sameAs\":[\"https:\/\/www.facebook.com\/profile.php?id=100090733639311\",\"https:\/\/x.com\/talkpalai\",\"https:\/\/www.linkedin.com\/company\/talkpal\/\",\"https:\/\/www.youtube.com\/@TalkPal\/\",\"https:\/\/www.tiktok.com\/@talkpal\",\"https:\/\/www.instagram.com\/talkpal_ai\/\",\"https:\/\/www.crunchbase.com\/organization\/talkpal-9cde\",\"https:\/\/www.g2.com\/products\/talkpal-for-business\/\",\"https:\/\/www.trustpilot.com\/review\/talkpal.ai\",\"https:\/\/www.capterra.com\/p\/10006800\/TalkPal\/\"],\"description\":\"Talkpal is a language learning web and mobile education app, powered by the latest AI technologies, that provides engaging experiences to its customers in many different languages to help them improve their language skills. Users can chat about unlimited amount of topics with the app and use other modes to practice their language learning.\",\"email\":\"support@talkpal.ai\",\"legalName\":\"Talkpal, Inc.\",\"foundingDate\":\"2023-04-03\",\"duns\":\"118989042\",\"numberOfEmployees\":{\"@type\":\"QuantitativeValue\",\"minValue\":\"11\",\"maxValue\":\"50\"},\"publishingPrinciples\":\"https:\/\/talkpal.ai\/publishing-principles\/\",\"actionableFeedbackPolicy\":\"https:\/\/talkpal.ai\/actionable-feedback-policy\/\",\"correctionsPolicy\":\"https:\/\/talkpal.ai\/corrections-policy\/\",\"ethicsPolicy\":\"https:\/\/talkpal.ai\/ethics-policy\/\",\"diversityPolicy\":\"https:\/\/talkpal.ai\/diversity-policy\/\",\"diversityStaffingReport\":\"https:\/\/talkpal.ai\/diversity-policy\/\"}]}<\/script>\n<!-- \/ Yoast SEO Premium plugin. -->","yoast_head_json":{"title":"Gramatica Marathi - Talkpal","description":"Explora\u021bi lumea fascinant\u0103 a gramaticii marathi \u0219i descoperi\u021bi regulile sale unice, fonetica \u0219i inflexiunile \u00een \u00eenv\u0103\u021barea limbii.","robots":{"index":"index","follow":"follow","max-snippet":"max-snippet:-1","max-image-preview":"max-image-preview:large","max-video-preview":"max-video-preview:-1"},"canonical":"https:\/\/talkpal.ai\/ro\/gramatica-marathi\/","og_locale":"ro_RO","og_type":"article","og_title":"Gramatica Marathi","og_description":"Atrac\u021bia gramaticii marathi: dezv\u0103luirea misterelor \u0219i complexit\u0103\u021bilor sale V\u0103 aminti\u021bi c\u0103l\u0103toria uimitoare de \u00eenv\u0103\u021bare a gramaticii engleze, \u00eenc\u0103rcat\u0103 cu","og_url":"https:\/\/talkpal.ai\/ro\/gramatica-marathi\/","og_site_name":"Talkpal","article_publisher":"https:\/\/www.facebook.com\/profile.php?id=100090733639311","article_modified_time":"2025-12-12T10:37:24+00:00","og_image":[{"width":512,"height":512,"url":"https:\/\/talkpal.ai\/wp-content\/uploads\/2023\/05\/Marathi-india.png","type":"image\/png"}],"twitter_card":"summary_large_image","twitter_site":"@talkpalai","twitter_misc":{"Timp estimat pentru citire":"3 minute"},"schema":{"@context":"https:\/\/schema.org","@graph":[{"@type":"WebPage","@id":"https:\/\/talkpal.ai\/ro\/gramatica-marathi\/","url":"https:\/\/talkpal.ai\/ro\/gramatica-marathi\/","name":"Gramatica Marathi - Talkpal","isPartOf":{"@id":"https:\/\/talkpal.ai\/ro\/#website"},"primaryImageOfPage":{"@id":"https:\/\/talkpal.ai\/ro\/gramatica-marathi\/#primaryimage"},"image":{"@id":"https:\/\/talkpal.ai\/ro\/gramatica-marathi\/#primaryimage"},"thumbnailUrl":"https:\/\/talkpal.ai\/wp-content\/uploads\/2023\/05\/Marathi-india.png","datePublished":"2023-05-14T14:12:07+00:00","dateModified":"2025-12-12T10:37:24+00:00","description":"Explora\u021bi lumea fascinant\u0103 a gramaticii marathi \u0219i descoperi\u021bi regulile sale unice, fonetica \u0219i inflexiunile \u00een \u00eenv\u0103\u021barea limbii.","breadcrumb":{"@id":"https:\/\/talkpal.ai\/ro\/gramatica-marathi\/#breadcrumb"},"inLanguage":"ro-RO","potentialAction":[{"@type":"ReadAction","target":["https:\/\/talkpal.ai\/ro\/gramatica-marathi\/"]}]},{"@type":"ImageObject","inLanguage":"ro-RO","@id":"https:\/\/talkpal.ai\/ro\/gramatica-marathi\/#primaryimage","url":"https:\/\/talkpal.ai\/wp-content\/uploads\/2023\/05\/Marathi-india.png","contentUrl":"https:\/\/talkpal.ai\/wp-content\/uploads\/2023\/05\/Marathi-india.png","width":512,"height":512},{"@type":"BreadcrumbList","@id":"https:\/\/talkpal.ai\/ro\/gramatica-marathi\/#breadcrumb","itemListElement":[{"@type":"ListItem","position":1,"name":"Homepage","item":"https:\/\/talkpal.ai\/ro\/"},{"@type":"ListItem","position":2,"name":"Gramatica Marathi"}]},{"@type":"WebSite","@id":"https:\/\/talkpal.ai\/ro\/#website","url":"https:\/\/talkpal.ai\/ro\/","name":"Talkpal","description":"AI Language Learning","publisher":{"@id":"https:\/\/talkpal.ai\/ro\/#organization"},"alternateName":"Talkpal AI","potentialAction":[{"@type":"SearchAction","target":{"@type":"EntryPoint","urlTemplate":"https:\/\/talkpal.ai\/ro\/?s={search_term_string}"},"query-input":{"@type":"PropertyValueSpecification","valueRequired":true,"valueName":"search_term_string"}}],"inLanguage":"ro-RO"},{"@type":"Organization","@id":"https:\/\/talkpal.ai\/ro\/#organization","name":"Talkpal, Inc.","alternateName":"Talkpal AI","url":"https:\/\/talkpal.ai\/ro\/","logo":{"@type":"ImageObject","inLanguage":"ro-RO","@id":"https:\/\/talkpal.ai\/ro\/#\/schema\/logo\/image\/","url":"https:\/\/talkpal.ai\/wp-content\/uploads\/2024\/03\/Talkpal-Logo-Icon.png","contentUrl":"https:\/\/talkpal.ai\/wp-content\/uploads\/2024\/03\/Talkpal-Logo-Icon.png","width":2880,"height":2880,"caption":"Talkpal, Inc."},"image":{"@id":"https:\/\/talkpal.ai\/ro\/#\/schema\/logo\/image\/"},"sameAs":["https:\/\/www.facebook.com\/profile.php?id=100090733639311","https:\/\/x.com\/talkpalai","https:\/\/www.linkedin.com\/company\/talkpal\/","https:\/\/www.youtube.com\/@TalkPal\/","https:\/\/www.tiktok.com\/@talkpal","https:\/\/www.instagram.com\/talkpal_ai\/","https:\/\/www.crunchbase.com\/organization\/talkpal-9cde","https:\/\/www.g2.com\/products\/talkpal-for-business\/","https:\/\/www.trustpilot.com\/review\/talkpal.ai","https:\/\/www.capterra.com\/p\/10006800\/TalkPal\/"],"description":"Talkpal is a language learning web and mobile education app, powered by the latest AI technologies, that provides engaging experiences to its customers in many different languages to help them improve their language skills. Users can chat about unlimited amount of topics with the app and use other modes to practice their language learning.","email":"support@talkpal.ai","legalName":"Talkpal, Inc.","foundingDate":"2023-04-03","duns":"118989042","numberOfEmployees":{"@type":"QuantitativeValue","minValue":"11","maxValue":"50"},"publishingPrinciples":"https:\/\/talkpal.ai\/publishing-principles\/","actionableFeedbackPolicy":"https:\/\/talkpal.ai\/actionable-feedback-policy\/","correctionsPolicy":"https:\/\/talkpal.ai\/corrections-policy\/","ethicsPolicy":"https:\/\/talkpal.ai\/ethics-policy\/","diversityPolicy":"https:\/\/talkpal.ai\/diversity-policy\/","diversityStaffingReport":"https:\/\/talkpal.ai\/diversity-policy\/"}]}},"_links":{"self":[{"href":"https:\/\/talkpal.ai\/ro\/wp-json\/wp\/v2\/pages\/147544","targetHints":{"allow":["GET"]}}],"collection":[{"href":"https:\/\/talkpal.ai\/ro\/wp-json\/wp\/v2\/pages"}],"about":[{"href":"https:\/\/talkpal.ai\/ro\/wp-json\/wp\/v2\/types\/page"}],"author":[{"embeddable":true,"href":"https:\/\/talkpal.ai\/ro\/wp-json\/wp\/v2\/users\/1"}],"replies":[{"embeddable":true,"href":"https:\/\/talkpal.ai\/ro\/wp-json\/wp\/v2\/comments?post=147544"}],"version-history":[{"count":0,"href":"https:\/\/talkpal.ai\/ro\/wp-json\/wp\/v2\/pages\/147544\/revisions"}],"wp:featuredmedia":[{"embeddable":true,"href":"https:\/\/talkpal.ai\/ro\/wp-json\/wp\/v2\/media\/116515"}],"wp:attachment":[{"href":"https:\/\/talkpal.ai\/ro\/wp-json\/wp\/v2\/media?parent=147544"}],"curies":[{"name":"wp","href":"https:\/\/api.w.org\/{rel}","templated":true}]}}