{"id":147150,"date":"2023-05-14T14:11:47","date_gmt":"2023-05-14T14:11:47","guid":{"rendered":"http:\/\/talkpal.ai\/gramatica-malaieza\/"},"modified":"2025-12-17T16:40:30","modified_gmt":"2025-12-17T16:40:30","slug":"gramatica-malaieza","status":"publish","type":"page","link":"https:\/\/talkpal.ai\/ro\/gramatica-malaieza\/","title":{"rendered":"Gramatica malaiez\u0103"},"content":{"rendered":"\r\n\r\n\r\n<section class=\"languageChallengeSection\">\r\n    <div class=\"languageInfoWrapper\">\r\n        \r\n        <h1>Gramatica malaiez\u0103<\/h1>\r\n        <p>Sunte\u021bi curio\u0219i s\u0103 \u00eenv\u0103\u021ba\u021bi <a href=\"https:\/\/talkpal.ai\/learn-malay\/\">malay<\/a>? P\u0103trunde\u021bi \u00een gramatica malay, cunoscut\u0103 pentru regulile sale simple, lipsa conjug\u0103rii verbelor \u0219i utilizarea afixelor pentru a crea sens. \u00cencepe\u021bi ast\u0103zi &#8211; st\u0103p\u00e2nirea gramaticii malay v\u0103 va da \u00eencrederea de a comunica cu u\u0219urin\u021b\u0103 \u0219i v\u0103 va deschide por\u021bile c\u0103tre culturile diverse \u0219i dinamice din Asia de Sud-Est!<\/p>\r\n\r\n                            <a class=\"getStartedHidden\" href=\"https:\/\/app.talkpal.ai\/ro\/signup?lng=\">\u00cencepe<\/a>\r\n        \r\n    <\/div>\r\n\r\n    <figure>\r\n    <img decoding=\"async\" width=\"768\" height=\"768\" src=\"https:\/\/talkpal.ai\/wp-content\/uploads\/2023\/06\/malay-768x768.png\" class=\"languageImage no-lazy\" alt=\"Language learning for personal accomplishments\" fetchpriority=\"high\" sizes=\"(max-width: 768px) 150px, 768px\" srcset=\"https:\/\/talkpal.ai\/wp-content\/uploads\/2023\/06\/malay-768x768.png 768w, https:\/\/talkpal.ai\/wp-content\/uploads\/2023\/06\/malay-300x300.png 300w\" \/>\r\n    \r\n\r\n    <\/figure>\r\n\r\n            <a class=\"getStartedVisible\" href=\"https:\/\/app.talkpal.ai\/ro\/signup?lng=\">\u00cencepe<\/a>\r\n    \r\n<\/section>\r\n<section class=\"promotionalBanner\">\r\n    <p class=\"promotionalText\">Cel mai eficient mod de a \u00eenv\u0103\u021ba o limb\u0103<\/p>\r\n    <a class=\"promotionalLink\" href=\"https:\/\/app.talkpal.ai\/ro\/signup?lng=\">\u00cencerca\u021bi Talkpal gratuit<\/a>\r\n<\/section>\n<div class=\"wp-block-group pageContainerStyle\"><div class=\"wp-block-group__inner-container is-layout-constrained wp-block-group-is-layout-constrained\">\n<h2 class=\"wp-block-heading\" id=\"h-malay-grammar-exploring-the-richness-of-bahasa-melayu\">Gramatica malaiez\u0103: explorarea bog\u0103\u021biei Bahasa Melayu<\/h2>\n\n\n\n<p>Limba <a href=\"https:\/\/talkpal.ai\/learn-malay\/\">malaezian\u0103<\/a>, sau <a href=\"https:\/\/talkpal.ai\/ms\/belajar-bahasa-melayu\/\">Bahasa Melayu<\/a>, se num\u0103r\u0103 printre <a href=\"https:\/\/talkpal.ai\/the-10-most-spoken-languages-in-the-world\/\">cele mai vorbite limbi<\/a> din lume, unind diversele popoare din Malaezia, Indonezia, Brunei \u0219i <a href=\"https:\/\/talkpal.ai\/locations\/language-courses-in-singapore\/\">Singapore<\/a>. Pe m\u0103sur\u0103 ce v\u0103 ve\u021bi ini\u021bia \u00een \u00eenv\u0103\u021barea limbii malay, ve\u021bi descoperi rapid frumuse\u021bea gramaticii \u0219i a peisajului lingvistic \u00een plin\u0103 dezvoltare. Acest articol \u00ee\u0219i propune s\u0103 v\u0103 prezinte principiile de baz\u0103 ale gramaticii malaeziene, \u00eendrum\u00e2ndu-v\u0103 s\u0103 \u00een\u021belege\u021bi \u0219i s\u0103 aprecia\u021bi mai bine acest limbaj versatil.<\/p>\n\n\n\n<h3 class=\"wp-block-heading\" id=\"h-1-nouns-simplicity-rules\">1. Substantive \u2013 Reguli de simplitate<\/h3>\n\n\n\n<p>Spre deosebire de alte limbi, gramatica limbii malay nu prezint\u0103 declin\u0103ri sau clasific\u0103ri de gen pentru substantive. \u00cen schimb, utilizarea substantivelor pune un accent puternic pe simplitate. Formele de plural ale substantivelor sunt create prin simpla duplicare a acestora. Sun\u0103 u\u0219or, nu? De exemplu, &#8222;apple&#8221; este &#8222;buah epal&#8221;, a\u0219a c\u0103 &#8222;apples&#8221; devine &#8222;buah-buah epal&#8221;. Pute\u021bi renun\u021ba la duplicare \u00een discursul informal.<\/p>\n\n\n\n<h3 class=\"wp-block-heading\" id=\"h-2-adjectives-straightforward-descriptions\">2. Adjective \u2013 Descrieri simple<\/h3>\n\n\n\n<p>Adjectivele malay r\u0103m\u00e2n neschimbate indiferent de substantivul <a href=\"https:\/\/talkpal.ai\/culture\/how-do-i-use-pe-care-correctly\/\">pe care<\/a> \u00eel descriu, ceea ce le face incredibil de u\u0219or de folosit &#8211; o alt\u0103 dovad\u0103 a simplit\u0103\u021bii limbii. Plasarea adjectivului vine dup\u0103 substantiv, cre\u00e2nd un flux pl\u0103cut \u00een propozi\u021bii. De exemplu, &#8222;o cas\u0103 mare&#8221; este &#8222;rumah besar&#8221;, cu &#8222;rumah&#8221; referindu-se la &#8222;cas\u0103&#8221; \u0219i &#8222;besar&#8221; \u00eensemn\u00e2nd &#8222;mare&#8221;.<\/p>\n\n\n\n<h3 class=\"wp-block-heading\" id=\"h-3-verbs-the-magic-of-prefixes-and-suffixes\">3. Verbe \u2013 magia prefixelor \u0219i sufixelor<\/h3>\n\n\n\n<p>Verbele malaeziene se m\u00e2ndresc cu o versatilitate care este deopotriv\u0103 interesant\u0103 \u0219i simpl\u0103. \u00cen Bahasa Melayu, timpurile nu sunt transmise \u00een mod explicit prin formele verbelor; \u00een schimb, sunt indicate prin context sau prin markeri temporali. \u00cen plus, malaeziana folose\u0219te pe scar\u0103 larg\u0103 prefixe \u0219i sufixe pentru a exprima diferite aspecte verbale.<\/p>\n\n\n\n<p>Exist\u0103 trei prefixe principale: &#8222;meN-&#8222;, &#8222;ber-&#8222;, \u0219i &#8222;ter-&#8222;. Prefixul &#8222;meN-&#8221; are o gam\u0103 larg\u0103 de utiliz\u0103ri, inclusiv formarea de verbe active \u0219i denot\u0103 ac\u021biuni cauzale. \u00centre timp, &#8222;ber-&#8221; semnific\u0103 ac\u021biuni intranzitive, iar &#8222;ter-&#8221; indic\u0103 \u00eent\u00e2mpl\u0103ri accidentale sau ac\u021biuni pasive. Este important de re\u021binut c\u0103 fiecare prefix poate determina u\u0219oare modific\u0103ri ortografice ale verbului de baz\u0103.<\/p>\n\n\n\n<p>Sufixele, cum ar fi &#8222;-kan&#8221; \u0219i &#8222;-i&#8221;, ajut\u0103 la asigurarea unei mai mari specificit\u0103\u021bi, \u00een timp ce infixul &#8222;-el-&#8221; injecteaz\u0103 intensitate verbului de baz\u0103.<\/p>\n\n\n\n<h3 class=\"wp-block-heading\" id=\"h-4-prepositions-amp-particles-adding-flavor-to-sentences\">4. Prepozi\u021bii \u0219i particule &#8211; ad\u0103ug\u00e2nd arom\u0103 propozi\u021biilor<\/h3>\n\n\n\n<p>Prepozi\u021biile \u0219i particulele joac\u0103 un rol vital \u00een gramatica malaiez\u0103, ac\u021bion\u00e2nd ca un liant lingvistic \u0219i oferind context esen\u021bial. Prepozi\u021biile, cum ar fi &#8222;di&#8221; (at), &#8222;ke&#8221; (to) \u0219i &#8222;dari&#8221; (from), ajut\u0103 la stabilirea rela\u021biilor dintre cuvinte. Pe de alt\u0103 parte, particulele, cum ar fi &#8222;lah&#8221;, &#8222;kah&#8221; \u0219i &#8222;pun&#8221;, sunt folosite pentru a ad\u0103uga accent, emo\u021bie \u0219i semne de \u00eentrebare \u00een propozi\u021bii.<\/p>\n\n\n\n<p>De exemplu, propozi\u021bia &#8222;Kamu pergi sana&#8221;, care \u00eenseamn\u0103 &#8222;Te duci acolo&#8221;, devine mai emfatic\u0103 dac\u0103 se adaug\u0103 &#8222;lah&#8221; la sf\u00e2r\u0219it: &#8222;Kamu pergi sana lah.&#8221; Acum \u00eenseamn\u0103 &#8222;Mergi acolo (chiar acum)&#8221;.<\/p>\n\n\n\n<h3 class=\"wp-block-heading\" id=\"h-5-embracing-the-journey\">5. \u00cembr\u0103\u021bi\u0219area c\u0103l\u0103toriei<\/h3>\n\n\n\n<p>\u00cen timp ce gramatica malaiez\u0103 poate p\u0103rea simpl\u0103 \u00een compara\u021bie cu alte limbi, frumuse\u021bea sa const\u0103 \u00een bog\u0103\u021bia \u0219i varietatea expresiilor ob\u021binute prin reguli simple. U\u0219urin\u021ba de a \u00eenv\u0103\u021ba gramatica malaiez\u0103 v\u0103 va permite s\u0103 v\u0103 angaja\u021bi mai eficient \u00een lumea divers\u0103 de limb\u0103 malaiez\u0103 \u0219i s\u0103 v\u0103 scufunda\u021bi \u00een cultura sa unic\u0103.<\/p>\n\n\n\n<p>\u00cenainte de a v\u0103 scufunda cu capul \u00eenainte \u00een lumea Bahasa Melayu, aminti\u021bi-v\u0103 c\u0103 c\u0103l\u0103toria ar putea s\u0103 nu fie \u00eentotdeauna lin\u0103. P\u0103stra\u021bi-v\u0103 mintea deschis\u0103, interac\u021biona\u021bi cu vorbitorii nativi \u0219i, cel mai important, savura\u021bi experien\u021ba descoperirii nuan\u021belor din aceast\u0103 limb\u0103 frumoas\u0103. Selamat belajar \u2013 \u00eenv\u0103\u021bare fericit\u0103!<\/p>\n<\/div><\/div>\n\r\n<section class=\"learnNavigationSection\">\r\n            \r\n        <a href=\"https:\/\/talkpal.ai\/ro\/invata-malaieza\/\">\r\n            <div class=\"learnNavigationWrapper\">\r\n                <div class=\"learnNavigationContent\">\r\n                    <img decoding=\"async\" src=\"https:\/\/talkpal.ai\/wp-content\/uploads\/2024\/08\/Malay.jpg\" alt=\"Malaysian Flag\">\r\n                    <div>\r\n                        <h4>Despre Malay Learning<\/h4>\r\n                        <p>Afla\u021bi totul despre gramatica malaiez\u0103 .<\/p>\r\n                    <\/div>\r\n                <\/div>\r\n            <\/div>\r\n        <\/a>\r\n\r\n        \r\n        <a href=\"https:\/\/talkpal.ai\/ro\/exercitii-de-gramatica-malaieza\/\">\r\n            <div class=\"learnNavigationWrapper\">\r\n                <div class=\"learnNavigationContent\">\r\n                    <img decoding=\"async\" src=\"https:\/\/talkpal.ai\/wp-content\/uploads\/2024\/08\/Malay.jpg\" alt=\"Malaysian Flag\">\r\n                    <div>\r\n                        <h4>Exerci\u021biu de gramatic\u0103 malaezian\u0103<\/h4>\r\n                        <p>Exersarea gramaticii malay<\/p>\r\n                    <\/div>\r\n                <\/div>\r\n            <\/div>\r\n        <\/a>\r\n\r\n        \r\n        <a href=\"https:\/\/talkpal.ai\/vocabulary_language\/malay\/\">\r\n            <div class=\"learnNavigationWrapper\">\r\n                <div class=\"learnNavigationContent\">\r\n                    <img decoding=\"async\" src=\"https:\/\/talkpal.ai\/wp-content\/uploads\/2024\/08\/Malay.jpg\" alt=\"Malaysian Flag\">\r\n                    <div>\r\n                        <h4>Vocabular \u00een malaezian\u0103<\/h4>\r\n                        <p>Extinde\u021bi-v\u0103 vocabularul \u00een malay.<\/p>\r\n                    <\/div>\r\n                <\/div>\r\n            <\/div>\r\n        <\/a>\r\n\r\n            <\/section>","protected":false},"excerpt":{"rendered":"<p>Gramatica malaiez\u0103: explorarea bog\u0103\u021biei Bahasa Melayu Limba malaezian\u0103, sau Bahasa Melayu, se num\u0103r\u0103 printre cele mai vorbite limbi din lume, unind diversele popoare din Malaezia, Indonezia, Brunei \u0219i Singapore. Pe m\u0103sur\u0103 ce v\u0103 ve\u021bi ini\u021bia \u00een \u00eenv\u0103\u021barea limbii malay, ve\u021bi descoperi rapid frumuse\u021bea gramaticii \u0219i a peisajului lingvistic \u00een plin\u0103 dezvoltare. Acest articol \u00ee\u0219i propune [&hellip;]<\/p>\n","protected":false},"author":1,"featured_media":115650,"parent":0,"menu_order":0,"comment_status":"closed","ping_status":"closed","template":"LearningContentPage.php","meta":{"_acf_changed":false,"footnotes":""},"class_list":["post-147150","page","type-page","status-publish","has-post-thumbnail","hentry"],"acf":[],"yoast_head":"<!-- This site is optimized with the Yoast SEO Premium plugin v27.2 (Yoast SEO v27.2) - https:\/\/yoast.com\/product\/yoast-seo-premium-wordpress\/ -->\n<title>Gramatica malaiez\u0103 - Talkpal<\/title>\n<meta name=\"description\" content=\"Explora\u021bi gramatica malay \u0219i afla\u021bi cum simplitatea ei v\u0103 poate \u00eembun\u0103t\u0103\u021bi \u00een\u021belegerea limbii malay.\" \/>\n<meta name=\"robots\" content=\"index, follow, max-snippet:-1, max-image-preview:large, max-video-preview:-1\" \/>\n<link rel=\"canonical\" href=\"https:\/\/talkpal.ai\/ro\/gramatica-malaieza\/\" \/>\n<meta property=\"og:locale\" content=\"ro_RO\" \/>\n<meta property=\"og:type\" content=\"article\" \/>\n<meta property=\"og:title\" content=\"Gramatica malaiez\u0103\" \/>\n<meta property=\"og:description\" content=\"Gramatica malaiez\u0103: explorarea bog\u0103\u021biei Bahasa Melayu Limba malaezian\u0103, sau Bahasa Melayu, se num\u0103r\u0103 printre cele mai vorbite limbi din lume, unind\" \/>\n<meta property=\"og:url\" content=\"https:\/\/talkpal.ai\/ro\/gramatica-malaieza\/\" \/>\n<meta property=\"og:site_name\" content=\"Talkpal\" \/>\n<meta property=\"article:publisher\" content=\"https:\/\/www.facebook.com\/profile.php?id=100090733639311\" \/>\n<meta property=\"article:modified_time\" content=\"2025-12-17T16:40:30+00:00\" \/>\n<meta property=\"og:image\" content=\"https:\/\/talkpal.ai\/wp-content\/uploads\/2023\/05\/malaysia.png\" \/>\n\t<meta property=\"og:image:width\" content=\"512\" \/>\n\t<meta property=\"og:image:height\" content=\"512\" \/>\n\t<meta property=\"og:image:type\" content=\"image\/png\" \/>\n<meta name=\"twitter:card\" content=\"summary_large_image\" \/>\n<meta name=\"twitter:site\" content=\"@talkpalai\" \/>\n<meta name=\"twitter:label1\" content=\"Timp estimat pentru citire\" \/>\n\t<meta name=\"twitter:data1\" content=\"3 minute\" \/>\n<script type=\"application\/ld+json\" class=\"yoast-schema-graph\">{\"@context\":\"https:\/\/schema.org\",\"@graph\":[{\"@type\":\"WebPage\",\"@id\":\"https:\/\/talkpal.ai\/ro\/gramatica-malaieza\/\",\"url\":\"https:\/\/talkpal.ai\/ro\/gramatica-malaieza\/\",\"name\":\"Gramatica malaiez\u0103 - Talkpal\",\"isPartOf\":{\"@id\":\"https:\/\/talkpal.ai\/ro\/#website\"},\"primaryImageOfPage\":{\"@id\":\"https:\/\/talkpal.ai\/ro\/gramatica-malaieza\/#primaryimage\"},\"image\":{\"@id\":\"https:\/\/talkpal.ai\/ro\/gramatica-malaieza\/#primaryimage\"},\"thumbnailUrl\":\"https:\/\/talkpal.ai\/wp-content\/uploads\/2023\/05\/malaysia.png\",\"datePublished\":\"2023-05-14T14:11:47+00:00\",\"dateModified\":\"2025-12-17T16:40:30+00:00\",\"description\":\"Explora\u021bi gramatica malay \u0219i afla\u021bi cum simplitatea ei v\u0103 poate \u00eembun\u0103t\u0103\u021bi \u00een\u021belegerea limbii malay.\",\"breadcrumb\":{\"@id\":\"https:\/\/talkpal.ai\/ro\/gramatica-malaieza\/#breadcrumb\"},\"inLanguage\":\"ro-RO\",\"potentialAction\":[{\"@type\":\"ReadAction\",\"target\":[\"https:\/\/talkpal.ai\/ro\/gramatica-malaieza\/\"]}]},{\"@type\":\"ImageObject\",\"inLanguage\":\"ro-RO\",\"@id\":\"https:\/\/talkpal.ai\/ro\/gramatica-malaieza\/#primaryimage\",\"url\":\"https:\/\/talkpal.ai\/wp-content\/uploads\/2023\/05\/malaysia.png\",\"contentUrl\":\"https:\/\/talkpal.ai\/wp-content\/uploads\/2023\/05\/malaysia.png\",\"width\":512,\"height\":512},{\"@type\":\"BreadcrumbList\",\"@id\":\"https:\/\/talkpal.ai\/ro\/gramatica-malaieza\/#breadcrumb\",\"itemListElement\":[{\"@type\":\"ListItem\",\"position\":1,\"name\":\"Homepage\",\"item\":\"https:\/\/talkpal.ai\/ro\/\"},{\"@type\":\"ListItem\",\"position\":2,\"name\":\"Gramatica malaiez\u0103\"}]},{\"@type\":\"WebSite\",\"@id\":\"https:\/\/talkpal.ai\/ro\/#website\",\"url\":\"https:\/\/talkpal.ai\/ro\/\",\"name\":\"Talkpal\",\"description\":\"AI Language Learning\",\"publisher\":{\"@id\":\"https:\/\/talkpal.ai\/ro\/#organization\"},\"alternateName\":\"Talkpal AI\",\"potentialAction\":[{\"@type\":\"SearchAction\",\"target\":{\"@type\":\"EntryPoint\",\"urlTemplate\":\"https:\/\/talkpal.ai\/ro\/?s={search_term_string}\"},\"query-input\":{\"@type\":\"PropertyValueSpecification\",\"valueRequired\":true,\"valueName\":\"search_term_string\"}}],\"inLanguage\":\"ro-RO\"},{\"@type\":\"Organization\",\"@id\":\"https:\/\/talkpal.ai\/ro\/#organization\",\"name\":\"Talkpal, Inc.\",\"alternateName\":\"Talkpal AI\",\"url\":\"https:\/\/talkpal.ai\/ro\/\",\"logo\":{\"@type\":\"ImageObject\",\"inLanguage\":\"ro-RO\",\"@id\":\"https:\/\/talkpal.ai\/ro\/#\/schema\/logo\/image\/\",\"url\":\"https:\/\/talkpal.ai\/wp-content\/uploads\/2024\/03\/Talkpal-Logo-Icon.png\",\"contentUrl\":\"https:\/\/talkpal.ai\/wp-content\/uploads\/2024\/03\/Talkpal-Logo-Icon.png\",\"width\":2880,\"height\":2880,\"caption\":\"Talkpal, Inc.\"},\"image\":{\"@id\":\"https:\/\/talkpal.ai\/ro\/#\/schema\/logo\/image\/\"},\"sameAs\":[\"https:\/\/www.facebook.com\/profile.php?id=100090733639311\",\"https:\/\/x.com\/talkpalai\",\"https:\/\/www.linkedin.com\/company\/talkpal\/\",\"https:\/\/www.youtube.com\/@TalkPal\/\",\"https:\/\/www.tiktok.com\/@talkpal\",\"https:\/\/www.instagram.com\/talkpal_ai\/\",\"https:\/\/www.crunchbase.com\/organization\/talkpal-9cde\",\"https:\/\/www.g2.com\/products\/talkpal-for-business\/\",\"https:\/\/www.trustpilot.com\/review\/talkpal.ai\",\"https:\/\/www.capterra.com\/p\/10006800\/TalkPal\/\"],\"description\":\"Talkpal is a language learning web and mobile education app, powered by the latest AI technologies, that provides engaging experiences to its customers in many different languages to help them improve their language skills. Users can chat about unlimited amount of topics with the app and use other modes to practice their language learning.\",\"email\":\"support@talkpal.ai\",\"legalName\":\"Talkpal, Inc.\",\"foundingDate\":\"2023-04-03\",\"duns\":\"118989042\",\"numberOfEmployees\":{\"@type\":\"QuantitativeValue\",\"minValue\":\"11\",\"maxValue\":\"50\"},\"publishingPrinciples\":\"https:\/\/talkpal.ai\/publishing-principles\/\",\"actionableFeedbackPolicy\":\"https:\/\/talkpal.ai\/actionable-feedback-policy\/\",\"correctionsPolicy\":\"https:\/\/talkpal.ai\/corrections-policy\/\",\"ethicsPolicy\":\"https:\/\/talkpal.ai\/ethics-policy\/\",\"diversityPolicy\":\"https:\/\/talkpal.ai\/diversity-policy\/\",\"diversityStaffingReport\":\"https:\/\/talkpal.ai\/diversity-policy\/\"}]}<\/script>\n<!-- \/ Yoast SEO Premium plugin. -->","yoast_head_json":{"title":"Gramatica malaiez\u0103 - Talkpal","description":"Explora\u021bi gramatica malay \u0219i afla\u021bi cum simplitatea ei v\u0103 poate \u00eembun\u0103t\u0103\u021bi \u00een\u021belegerea limbii malay.","robots":{"index":"index","follow":"follow","max-snippet":"max-snippet:-1","max-image-preview":"max-image-preview:large","max-video-preview":"max-video-preview:-1"},"canonical":"https:\/\/talkpal.ai\/ro\/gramatica-malaieza\/","og_locale":"ro_RO","og_type":"article","og_title":"Gramatica malaiez\u0103","og_description":"Gramatica malaiez\u0103: explorarea bog\u0103\u021biei Bahasa Melayu Limba malaezian\u0103, sau Bahasa Melayu, se num\u0103r\u0103 printre cele mai vorbite limbi din lume, unind","og_url":"https:\/\/talkpal.ai\/ro\/gramatica-malaieza\/","og_site_name":"Talkpal","article_publisher":"https:\/\/www.facebook.com\/profile.php?id=100090733639311","article_modified_time":"2025-12-17T16:40:30+00:00","og_image":[{"width":512,"height":512,"url":"https:\/\/talkpal.ai\/wp-content\/uploads\/2023\/05\/malaysia.png","type":"image\/png"}],"twitter_card":"summary_large_image","twitter_site":"@talkpalai","twitter_misc":{"Timp estimat pentru citire":"3 minute"},"schema":{"@context":"https:\/\/schema.org","@graph":[{"@type":"WebPage","@id":"https:\/\/talkpal.ai\/ro\/gramatica-malaieza\/","url":"https:\/\/talkpal.ai\/ro\/gramatica-malaieza\/","name":"Gramatica malaiez\u0103 - Talkpal","isPartOf":{"@id":"https:\/\/talkpal.ai\/ro\/#website"},"primaryImageOfPage":{"@id":"https:\/\/talkpal.ai\/ro\/gramatica-malaieza\/#primaryimage"},"image":{"@id":"https:\/\/talkpal.ai\/ro\/gramatica-malaieza\/#primaryimage"},"thumbnailUrl":"https:\/\/talkpal.ai\/wp-content\/uploads\/2023\/05\/malaysia.png","datePublished":"2023-05-14T14:11:47+00:00","dateModified":"2025-12-17T16:40:30+00:00","description":"Explora\u021bi gramatica malay \u0219i afla\u021bi cum simplitatea ei v\u0103 poate \u00eembun\u0103t\u0103\u021bi \u00een\u021belegerea limbii malay.","breadcrumb":{"@id":"https:\/\/talkpal.ai\/ro\/gramatica-malaieza\/#breadcrumb"},"inLanguage":"ro-RO","potentialAction":[{"@type":"ReadAction","target":["https:\/\/talkpal.ai\/ro\/gramatica-malaieza\/"]}]},{"@type":"ImageObject","inLanguage":"ro-RO","@id":"https:\/\/talkpal.ai\/ro\/gramatica-malaieza\/#primaryimage","url":"https:\/\/talkpal.ai\/wp-content\/uploads\/2023\/05\/malaysia.png","contentUrl":"https:\/\/talkpal.ai\/wp-content\/uploads\/2023\/05\/malaysia.png","width":512,"height":512},{"@type":"BreadcrumbList","@id":"https:\/\/talkpal.ai\/ro\/gramatica-malaieza\/#breadcrumb","itemListElement":[{"@type":"ListItem","position":1,"name":"Homepage","item":"https:\/\/talkpal.ai\/ro\/"},{"@type":"ListItem","position":2,"name":"Gramatica malaiez\u0103"}]},{"@type":"WebSite","@id":"https:\/\/talkpal.ai\/ro\/#website","url":"https:\/\/talkpal.ai\/ro\/","name":"Talkpal","description":"AI Language Learning","publisher":{"@id":"https:\/\/talkpal.ai\/ro\/#organization"},"alternateName":"Talkpal AI","potentialAction":[{"@type":"SearchAction","target":{"@type":"EntryPoint","urlTemplate":"https:\/\/talkpal.ai\/ro\/?s={search_term_string}"},"query-input":{"@type":"PropertyValueSpecification","valueRequired":true,"valueName":"search_term_string"}}],"inLanguage":"ro-RO"},{"@type":"Organization","@id":"https:\/\/talkpal.ai\/ro\/#organization","name":"Talkpal, Inc.","alternateName":"Talkpal AI","url":"https:\/\/talkpal.ai\/ro\/","logo":{"@type":"ImageObject","inLanguage":"ro-RO","@id":"https:\/\/talkpal.ai\/ro\/#\/schema\/logo\/image\/","url":"https:\/\/talkpal.ai\/wp-content\/uploads\/2024\/03\/Talkpal-Logo-Icon.png","contentUrl":"https:\/\/talkpal.ai\/wp-content\/uploads\/2024\/03\/Talkpal-Logo-Icon.png","width":2880,"height":2880,"caption":"Talkpal, Inc."},"image":{"@id":"https:\/\/talkpal.ai\/ro\/#\/schema\/logo\/image\/"},"sameAs":["https:\/\/www.facebook.com\/profile.php?id=100090733639311","https:\/\/x.com\/talkpalai","https:\/\/www.linkedin.com\/company\/talkpal\/","https:\/\/www.youtube.com\/@TalkPal\/","https:\/\/www.tiktok.com\/@talkpal","https:\/\/www.instagram.com\/talkpal_ai\/","https:\/\/www.crunchbase.com\/organization\/talkpal-9cde","https:\/\/www.g2.com\/products\/talkpal-for-business\/","https:\/\/www.trustpilot.com\/review\/talkpal.ai","https:\/\/www.capterra.com\/p\/10006800\/TalkPal\/"],"description":"Talkpal is a language learning web and mobile education app, powered by the latest AI technologies, that provides engaging experiences to its customers in many different languages to help them improve their language skills. Users can chat about unlimited amount of topics with the app and use other modes to practice their language learning.","email":"support@talkpal.ai","legalName":"Talkpal, Inc.","foundingDate":"2023-04-03","duns":"118989042","numberOfEmployees":{"@type":"QuantitativeValue","minValue":"11","maxValue":"50"},"publishingPrinciples":"https:\/\/talkpal.ai\/publishing-principles\/","actionableFeedbackPolicy":"https:\/\/talkpal.ai\/actionable-feedback-policy\/","correctionsPolicy":"https:\/\/talkpal.ai\/corrections-policy\/","ethicsPolicy":"https:\/\/talkpal.ai\/ethics-policy\/","diversityPolicy":"https:\/\/talkpal.ai\/diversity-policy\/","diversityStaffingReport":"https:\/\/talkpal.ai\/diversity-policy\/"}]}},"_links":{"self":[{"href":"https:\/\/talkpal.ai\/ro\/wp-json\/wp\/v2\/pages\/147150","targetHints":{"allow":["GET"]}}],"collection":[{"href":"https:\/\/talkpal.ai\/ro\/wp-json\/wp\/v2\/pages"}],"about":[{"href":"https:\/\/talkpal.ai\/ro\/wp-json\/wp\/v2\/types\/page"}],"author":[{"embeddable":true,"href":"https:\/\/talkpal.ai\/ro\/wp-json\/wp\/v2\/users\/1"}],"replies":[{"embeddable":true,"href":"https:\/\/talkpal.ai\/ro\/wp-json\/wp\/v2\/comments?post=147150"}],"version-history":[{"count":0,"href":"https:\/\/talkpal.ai\/ro\/wp-json\/wp\/v2\/pages\/147150\/revisions"}],"wp:featuredmedia":[{"embeddable":true,"href":"https:\/\/talkpal.ai\/ro\/wp-json\/wp\/v2\/media\/115650"}],"wp:attachment":[{"href":"https:\/\/talkpal.ai\/ro\/wp-json\/wp\/v2\/media?parent=147150"}],"curies":[{"name":"wp","href":"https:\/\/api.w.org\/{rel}","templated":true}]}}