{"id":1469234,"date":"2025-11-12T10:09:39","date_gmt":"2025-11-12T10:09:39","guid":{"rendered":"https:\/\/talkpal.ai\/exercitii-de-gramatica-javaneza\/"},"modified":"2025-12-30T14:36:22","modified_gmt":"2025-12-30T14:36:22","slug":"exercitii-de-gramatica-javaneza","status":"publish","type":"page","link":"https:\/\/talkpal.ai\/ro\/exercitii-de-gramatica-javaneza\/","title":{"rendered":"Exerci\u021bii de gramatic\u0103 javanez\u0103"},"content":{"rendered":"\r\n\r\n\r\n<section class=\"languageChallengeSection\">\r\n    <div class=\"languageInfoWrapper\">\r\n        \r\n        <h1>Exerci\u021bii de gramatic\u0103 javanez\u0103<\/h1>\r\n        <p>Sunte\u021bi gata s\u0103 v\u0103 scufunda\u021bi \u00een gramatica javanez\u0103? Practicarea c\u00e2torva no\u021biuni de baz\u0103 v\u0103 va ajuta s\u0103 v\u0103 acomoda\u021bi cu aceast\u0103 limb\u0103 unic\u0103 \u0219i frumoas\u0103. \u00cencerca\u021bi aceste exerci\u021bii pentru a v\u0103 consolida \u00eencrederea \u0219i a v\u0103 distra pe parcurs!<\/p>\r\n\r\n                            <a class=\"getStartedHidden\" href=\"https:\/\/app.talkpal.ai\/ro\/signup?lng=\">\u00cencepe<\/a>\r\n        \r\n    <\/div>\r\n\r\n    <figure>\r\n    <img decoding=\"async\" width=\"768\" height=\"768\" src=\"https:\/\/talkpal.ai\/wp-content\/uploads\/2023\/06\/welsh-768x768.png\" class=\"languageImage no-lazy\" alt=\"Language learning for better cognitive abilities\" fetchpriority=\"high\" sizes=\"(max-width: 768px) 150px, 768px\" srcset=\"https:\/\/talkpal.ai\/wp-content\/uploads\/2023\/06\/welsh-768x768.png 768w, https:\/\/talkpal.ai\/wp-content\/uploads\/2023\/06\/welsh-300x300.png 300w\" \/>\r\n    \r\n\r\n    <\/figure>\r\n\r\n            <a class=\"getStartedVisible\" href=\"https:\/\/app.talkpal.ai\/ro\/signup?lng=\">\u00cencepe<\/a>\r\n    \r\n<\/section><section class=\"promotionalBanner\">\r\n    <p class=\"promotionalText\">Cel mai eficient mod de a \u00eenv\u0103\u021ba o limb\u0103<\/p>\r\n    <a class=\"promotionalLink\" href=\"https:\/\/app.talkpal.ai\/ro\/signup?lng=\">\u00cencerca\u021bi Talkpal gratuit<\/a>\r\n<\/section>\n<div class=\"wp-block-group pageContainerStyle\"><div class=\"wp-block-group__inner-container is-layout-constrained wp-block-group-is-layout-constrained\">\n<h2 class=\"wp-block-heading\" id=\"h-javanese-grammar-topics\">Subiecte gramaticale javaneze<\/h2>\n\n\n\n<p><a href=\"https:\/\/talkpal.ai\/ro\/cele-mai-mari-greseli-pe-care-trebuie-sa-le-evitati-atunci-cand-invatati-o-limba-noua\/\">\u00cenv\u0103\u021barea unei noi limbi <\/a>poate fi un efort provocator, dar plin de satisfac\u021bii. Javaneza, o limb\u0103 austronezian\u0103 vorbit\u0103 \u00een principal pe insula Java, nu face excep\u021bie. Cu caracteristicile <a href=\"https:\/\/talkpal.ai\/locations\/learn-english-in-sale\/\">sale<\/a> unice, cum ar fi nivelurile de vorbire \u0219i afixarea, <a href=\"https:\/\/talkpal.ai\/ro\/talkpal-pentru-educatie\/\">\u00eenv\u0103\u021barea<\/a> limbii javaneze necesit\u0103 o abordare sistematic\u0103 pentru \u00een\u021belegerea gramaticii sale. Acest ghid prezint\u0103 domeniile cheie ale <a href=\"https:\/\/talkpal.ai\/ro\/gramatica-javaneza\/\">gramaticii javaneze<\/a> \u00eentr-o secven\u021b\u0103 logic\u0103 pentru <a href=\"https:\/\/talkpal.ai\/ro\/ai-chatbot-pentru-invatarea-limbilor-straine\/\">\u00eenv\u0103\u021barea limbilor str\u0103ine<\/a>, \u00eencep\u00e2nd de la elementele de baz\u0103, cum ar fi substantivele \u0219i articolele, \u0219i progres\u00e2nd la domenii mai complexe, cum ar fi timpurile \u0219i construc\u021bia propozi\u021biilor.<\/p>\n\n\n\n<h3 class=\"wp-block-heading\" id=\"h-1-nouns\">1. Substantive:<\/h3>\n\n\n\n<p>\u00cencepe\u021bi-v\u0103 c\u0103l\u0103toria \u00een limba javanez\u0103 \u00eenv\u0103\u021b\u00e2nd substantivele. Aceasta include \u00een\u021belegerea diferitelor categorii de substantive, cum ar fi substantivele comune \u0219i proprii, precum \u0219i modul \u00een care pluralitatea este exprimat\u0103 prin reduplicare sau cuantificatori.<\/p>\n\n\n\n<h3 class=\"wp-block-heading\" id=\"h-2-articles\">2. Articole:<\/h3>\n\n\n\n<p>Articolele \u00een limba javanez\u0103 nu sunt folosite ca \u00een <a href=\"https:\/\/talkpal.ai\/ai-english-speaking-practice\/\">englez\u0103<\/a>. \u00cen\u021belegerea modului de marcare a defini\u021biei cu sufixul definit -e sau -ne \u0219i cu demonstrative precum iki this \u0219i iku care este crucial \u00een construc\u021bia propozi\u021biilor.<\/p>\n\n\n\n<h3 class=\"wp-block-heading\" id=\"h-3-adjectives\">3. Adjective:<\/h3>\n\n\n\n<p>Adjectivele \u00een javanez\u0103 le urmeaz\u0103 de obicei substantivele, care este diferit\u0103 de <a href=\"https:\/\/talkpal.ai\/learn-english-with-ai\/\">englez\u0103<\/a>. De asemenea, va trebui s\u0103 \u00eenv\u0103\u021ba\u021bi cum s\u0103 forma\u021bi o compara\u021bie cu luwih pentru compara\u021bie \u0219i paling pentru superlativ \u0219i cum reduplicarea sau intensificatorii precum banget transmit gradul.<\/p>\n\n\n\n<h3 class=\"wp-block-heading\" id=\"h-4-pronouns-determiners\">4. Pronume\/Determinan\u021bi:<\/h3>\n\n\n\n<p>Pronumele \u0219i determinan\u021bii sunt esen\u021biali \u00een javanez\u0103; ele \u00eenlocuiesc substantivele \u0219i ofer\u0103 informa\u021bii despre cantitate, posesie \u0219i multe altele. Utilizarea lor corect\u0103 la toate nivelurile de vorbire, cum ar fi ngoko, madya \u0219i krama, este necesar\u0103 pentru o comunicare eficient\u0103.<\/p>\n\n\n\n<h3 class=\"wp-block-heading\" id=\"h-5-verbs\">5. Verbe:<\/h3>\n\n\n\n<p>Verbele javaneze nu se flexeaz\u0103 pentru persoan\u0103 sau num\u0103r, dar arat\u0103 voce \u0219i deriva\u021bie cu afixe. \u00cencepe\u021bi cu modelele active \u0219i pasive, cum ar fi N- \u0219i di- \u0219i explora\u021bi treptat alte forme \u0219i clitice, cum ar fi tak- \u0219i ke-.<\/p>\n\n\n\n<h3 class=\"wp-block-heading\" id=\"h-6-tenses\">6. Timpuri:<\/h3>\n\n\n\n<p>Dup\u0103 ce st\u0103p\u00e2ni\u021bi formele verbelor, aprofunda\u021bi modul \u00een care javaneza exprim\u0103 timpul cu aspect \u0219i modalitate, mai degrab\u0103 dec\u00e2t cu timp. Aceasta include \u00een\u021belegerea markerilor precum wis perfective, durung not yet, lagi progressive \u0219i arep sau bakal future \u0219i modul \u00een care sunt folosi\u021bi \u00een diferite contexte.<\/p>\n\n\n\n<h3 class=\"wp-block-heading\" id=\"h-7-tense-comparison\">7. Compara\u021bie tensionat\u0103:<\/h3>\n\n\n\n<p>Compararea expresiilor de aspect \u0219i timp \u00een javanez\u0103 ajut\u0103 la \u00een\u021belegerea secven\u021bei evenimentelor. Compararea aceluia\u0219i verb cu markeri precum wis, lagi \u0219i bakal al\u0103turi de adverbe temporale precum <a href=\"https:\/\/talkpal.ai\/locations\/language-courses-in-saiki\/\">saiki<\/a> acum, wingi ieri \u0219i sesuk m\u00e2ine va oferi o mai bun\u0103 \u00een\u021belegere a limbii.<\/p>\n\n\n\n<h3 class=\"wp-block-heading\" id=\"h-8-progressive\">8. Progresiv:<\/h3>\n\n\n\n<p>Progresivul \u00een javanez\u0103 este folosit pentru a exprima ac\u021biuni \u00een curs. Se formeaz\u0103 prin utilizarea particulei lagi \u00eenaintea verbului, cu echivalente formale precum nembe \u00een registrele mai \u00eenalte.<\/p>\n\n\n\n<h3 class=\"wp-block-heading\" id=\"h-9-perfect-progressive\">9. Progresiv perfect:<\/h3>\n\n\n\n<p>Acest <a href=\"https:\/\/talkpal.ai\/locations\/language-courses-in-sens\/\">sens<\/a> este folosit pentru a exprima ac\u021biuni care au fost \u00een curs de desf\u0103\u0219urare p\u00e2n\u0103 la un anumit punct. \u00cen javanez\u0103, este transmis \u00een mod obi\u0219nuit cu wis plus o fraz\u0103 de durat\u0103, cum ar fi suwe long time urmat de verb, sau cu construc\u021bii folosind saka since \u0219i nganti until.<\/p>\n\n\n\n<h3 class=\"wp-block-heading\" id=\"h-10-conditionals\">10. Condi\u021bionale:<\/h3>\n\n\n\n<p>Condi\u021bionalele exprim\u0103 situa\u021bii ipotetice \u0219i posibilele lor rezultate. Ele sunt o parte important\u0103 a gramaticii javaneze \u0219i sunt formate cu conectori precum yen sau nek if \u0219i adesea folosesc elemente precum mesthi pentru a ar\u0103ta rezultatele a\u0219teptate, cu contrafactuale exprimate folosind umpama sau seandine.<\/p>\n\n\n\n<h3 class=\"wp-block-heading\" id=\"h-11-adverbs\">11. Adverbe:<\/h3>\n\n\n\n<p>Adverbele \u00een javanez\u0103 modific\u0103 verbe, adjective sau alte adverbe. Ei ofer\u0103 informa\u021bii despre manier\u0103, loc, timp, grad \u0219i multe altele, adesea folosind cuvinte precum kanthi pentru manier\u0103, saiki pentru acum, kene pentru aici \u0219i banget sau sanget pentru diplom\u0103.<\/p>\n\n\n\n<h3 class=\"wp-block-heading\" id=\"h-12-prepositions\">12. Prepozi\u021bii:<\/h3>\n\n\n\n<p>Prepozi\u021biile leag\u0103 cuvintele \u0219i expresiile \u00eempreun\u0103. Ele exprim\u0103 rela\u021bii de timp, loc, direc\u021bie \u0219i multe altele, cu elemente comune, inclusiv ing sau ning la sau \u00een, saka din, marang sau menyang la, karo cu \u0219i kanggo pentru.<\/p>\n\n\n\n<h3 class=\"wp-block-heading\" id=\"h-13-sentences\">13. Propozi\u021bii:<\/h3>\n\n\n\n<p>\u00cen cele din urm\u0103, exersa\u021bi construirea propozi\u021biilor. Acest lucru va implica utilizarea tuturor punctelor gramaticale \u00eenv\u0103\u021bate anterior \u00een context, inclusiv ordinea SVO de baz\u0103, negarea cu ora \u0219i dudu \u0219i formularele de \u00eentreb\u0103ri cu apa, asigur\u00e2nd astfel o \u00een\u021belegere cuprinz\u0103toare a limbii javaneze.<\/p>\n<\/div><\/div>\n\r\n<section class=\"learnNavigationSection\">\r\n            \r\n        <a href=\"https:\/\/talkpal.ai\/ro\/invata-javaneza\/\">\r\n            <div class=\"learnNavigationWrapper\">\r\n                <div class=\"learnNavigationContent\">\r\n                    <img decoding=\"async\" src=\"https:\/\/talkpal.ai\/wp-content\/uploads\/2025\/11\/Javanese.png\" alt=\"Indonesian Flag\">\r\n                    <div>\r\n                        <h4>Despre \u00eenv\u0103\u021barea javanez\u0103<\/h4>\r\n                        <p>Afla\u021bi totul despre gramatica javanez\u0103.<\/p>\r\n                    <\/div>\r\n                <\/div>\r\n            <\/div>\r\n        <\/a>\r\n\r\n        \r\n        <a href=\"https:\/\/talkpal.ai\/ro\/gramatica-javaneza\/\">\r\n            <div class=\"learnNavigationWrapper\">\r\n                <div class=\"learnNavigationContent\">\r\n                    <img decoding=\"async\" src=\"https:\/\/talkpal.ai\/wp-content\/uploads\/2025\/11\/Javanese.png\" alt=\"Indonesian Flag\">\r\n                    <div>\r\n                        <h4>Lec\u021bii de gramatic\u0103 javanez\u0103<\/h4>\r\n                        <p>Exersa\u021bi gramatica javanez\u0103.<\/p>\r\n                    <\/div>\r\n                <\/div>\r\n            <\/div>\r\n        <\/a>\r\n\r\n            <\/section>","protected":false},"excerpt":{"rendered":"<p>Subiecte gramaticale javaneze \u00cenv\u0103\u021barea unei noi limbi poate fi un efort provocator, dar plin de satisfac\u021bii. Javaneza, o limb\u0103 austronezian\u0103 vorbit\u0103 \u00een principal pe insula Java, nu face excep\u021bie. Cu caracteristicile sale unice, cum ar fi nivelurile de vorbire \u0219i afixarea, \u00eenv\u0103\u021barea limbii javaneze necesit\u0103 o abordare sistematic\u0103 pentru \u00een\u021belegerea gramaticii sale. Acest ghid prezint\u0103 [&hellip;]<\/p>\n","protected":false},"author":20,"featured_media":0,"parent":0,"menu_order":0,"comment_status":"closed","ping_status":"closed","template":"LearningContentPage.php","meta":{"_acf_changed":false,"footnotes":""},"class_list":["post-1469234","page","type-page","status-publish","hentry"],"acf":[],"yoast_head":"<!-- This site is optimized with the Yoast SEO Premium plugin v27.2 (Yoast SEO v27.2) - https:\/\/yoast.com\/product\/yoast-seo-premium-wordpress\/ -->\n<title>Exerci\u021bii de gramatic\u0103 javanez\u0103 - Talkpal<\/title>\n<meta name=\"description\" content=\"\u00cenv\u0103\u021ba\u021bi gramatica javanez\u0103 cu exerci\u021bii interactive concepute pentru a v\u0103 ajuta s\u0103 exersa\u021bi substantivele, verbele \u0219i structurile propozi\u021biilor.\" \/>\n<meta name=\"robots\" content=\"index, follow, max-snippet:-1, max-image-preview:large, max-video-preview:-1\" \/>\n<link rel=\"canonical\" href=\"https:\/\/talkpal.ai\/ro\/exercitii-de-gramatica-javaneza\/\" \/>\n<meta property=\"og:locale\" content=\"ro_RO\" \/>\n<meta property=\"og:type\" content=\"article\" \/>\n<meta property=\"og:title\" content=\"Exerci\u021bii de gramatic\u0103 javanez\u0103\" \/>\n<meta property=\"og:description\" content=\"Subiecte gramaticale javaneze \u00cenv\u0103\u021barea unei noi limbi poate fi un efort provocator, dar plin de satisfac\u021bii. Javaneza, o limb\u0103 austronezian\u0103 vorbit\u0103 \u00een\" \/>\n<meta property=\"og:url\" content=\"https:\/\/talkpal.ai\/ro\/exercitii-de-gramatica-javaneza\/\" \/>\n<meta property=\"og:site_name\" content=\"Talkpal\" \/>\n<meta property=\"article:publisher\" content=\"https:\/\/www.facebook.com\/profile.php?id=100090733639311\" \/>\n<meta property=\"article:modified_time\" content=\"2025-12-30T14:36:22+00:00\" \/>\n<meta property=\"og:image\" content=\"https:\/\/talkpal.ai\/wp-content\/uploads\/2025\/02\/Progress-tab-16_9.png\" \/>\n\t<meta property=\"og:image:width\" content=\"2880\" \/>\n\t<meta property=\"og:image:height\" content=\"1620\" \/>\n\t<meta property=\"og:image:type\" content=\"image\/png\" \/>\n<meta name=\"twitter:card\" content=\"summary_large_image\" \/>\n<meta name=\"twitter:site\" content=\"@talkpalai\" \/>\n<meta name=\"twitter:label1\" content=\"Timp estimat pentru citire\" \/>\n\t<meta name=\"twitter:data1\" content=\"4 minute\" \/>\n<script type=\"application\/ld+json\" class=\"yoast-schema-graph\">{\"@context\":\"https:\/\/schema.org\",\"@graph\":[{\"@type\":\"WebPage\",\"@id\":\"https:\/\/talkpal.ai\/ro\/exercitii-de-gramatica-javaneza\/\",\"url\":\"https:\/\/talkpal.ai\/ro\/exercitii-de-gramatica-javaneza\/\",\"name\":\"Exerci\u021bii de gramatic\u0103 javanez\u0103 - Talkpal\",\"isPartOf\":{\"@id\":\"https:\/\/talkpal.ai\/ro\/#website\"},\"datePublished\":\"2025-11-12T10:09:39+00:00\",\"dateModified\":\"2025-12-30T14:36:22+00:00\",\"description\":\"\u00cenv\u0103\u021ba\u021bi gramatica javanez\u0103 cu exerci\u021bii interactive concepute pentru a v\u0103 ajuta s\u0103 exersa\u021bi substantivele, verbele \u0219i structurile propozi\u021biilor.\",\"breadcrumb\":{\"@id\":\"https:\/\/talkpal.ai\/ro\/exercitii-de-gramatica-javaneza\/#breadcrumb\"},\"inLanguage\":\"ro-RO\",\"potentialAction\":[{\"@type\":\"ReadAction\",\"target\":[\"https:\/\/talkpal.ai\/ro\/exercitii-de-gramatica-javaneza\/\"]}]},{\"@type\":\"BreadcrumbList\",\"@id\":\"https:\/\/talkpal.ai\/ro\/exercitii-de-gramatica-javaneza\/#breadcrumb\",\"itemListElement\":[{\"@type\":\"ListItem\",\"position\":1,\"name\":\"Homepage\",\"item\":\"https:\/\/talkpal.ai\/ro\/\"},{\"@type\":\"ListItem\",\"position\":2,\"name\":\"Exerci\u021bii de gramatic\u0103 javanez\u0103\"}]},{\"@type\":\"WebSite\",\"@id\":\"https:\/\/talkpal.ai\/ro\/#website\",\"url\":\"https:\/\/talkpal.ai\/ro\/\",\"name\":\"Talkpal\",\"description\":\"AI Language Learning\",\"publisher\":{\"@id\":\"https:\/\/talkpal.ai\/ro\/#organization\"},\"alternateName\":\"Talkpal AI\",\"potentialAction\":[{\"@type\":\"SearchAction\",\"target\":{\"@type\":\"EntryPoint\",\"urlTemplate\":\"https:\/\/talkpal.ai\/ro\/?s={search_term_string}\"},\"query-input\":{\"@type\":\"PropertyValueSpecification\",\"valueRequired\":true,\"valueName\":\"search_term_string\"}}],\"inLanguage\":\"ro-RO\"},{\"@type\":\"Organization\",\"@id\":\"https:\/\/talkpal.ai\/ro\/#organization\",\"name\":\"Talkpal, Inc.\",\"alternateName\":\"Talkpal AI\",\"url\":\"https:\/\/talkpal.ai\/ro\/\",\"logo\":{\"@type\":\"ImageObject\",\"inLanguage\":\"ro-RO\",\"@id\":\"https:\/\/talkpal.ai\/ro\/#\/schema\/logo\/image\/\",\"url\":\"https:\/\/talkpal.ai\/wp-content\/uploads\/2024\/03\/Talkpal-Logo-Icon.png\",\"contentUrl\":\"https:\/\/talkpal.ai\/wp-content\/uploads\/2024\/03\/Talkpal-Logo-Icon.png\",\"width\":2880,\"height\":2880,\"caption\":\"Talkpal, Inc.\"},\"image\":{\"@id\":\"https:\/\/talkpal.ai\/ro\/#\/schema\/logo\/image\/\"},\"sameAs\":[\"https:\/\/www.facebook.com\/profile.php?id=100090733639311\",\"https:\/\/x.com\/talkpalai\",\"https:\/\/www.linkedin.com\/company\/talkpal\/\",\"https:\/\/www.youtube.com\/@TalkPal\/\",\"https:\/\/www.tiktok.com\/@talkpal\",\"https:\/\/www.instagram.com\/talkpal_ai\/\",\"https:\/\/www.crunchbase.com\/organization\/talkpal-9cde\",\"https:\/\/www.g2.com\/products\/talkpal-for-business\/\",\"https:\/\/www.trustpilot.com\/review\/talkpal.ai\",\"https:\/\/www.capterra.com\/p\/10006800\/TalkPal\/\"],\"description\":\"Talkpal is a language learning web and mobile education app, powered by the latest AI technologies, that provides engaging experiences to its customers in many different languages to help them improve their language skills. Users can chat about unlimited amount of topics with the app and use other modes to practice their language learning.\",\"email\":\"support@talkpal.ai\",\"legalName\":\"Talkpal, Inc.\",\"foundingDate\":\"2023-04-03\",\"duns\":\"118989042\",\"numberOfEmployees\":{\"@type\":\"QuantitativeValue\",\"minValue\":\"11\",\"maxValue\":\"50\"},\"publishingPrinciples\":\"https:\/\/talkpal.ai\/publishing-principles\/\",\"actionableFeedbackPolicy\":\"https:\/\/talkpal.ai\/actionable-feedback-policy\/\",\"correctionsPolicy\":\"https:\/\/talkpal.ai\/corrections-policy\/\",\"ethicsPolicy\":\"https:\/\/talkpal.ai\/ethics-policy\/\",\"diversityPolicy\":\"https:\/\/talkpal.ai\/diversity-policy\/\",\"diversityStaffingReport\":\"https:\/\/talkpal.ai\/diversity-policy\/\"}]}<\/script>\n<!-- \/ Yoast SEO Premium plugin. -->","yoast_head_json":{"title":"Exerci\u021bii de gramatic\u0103 javanez\u0103 - Talkpal","description":"\u00cenv\u0103\u021ba\u021bi gramatica javanez\u0103 cu exerci\u021bii interactive concepute pentru a v\u0103 ajuta s\u0103 exersa\u021bi substantivele, verbele \u0219i structurile propozi\u021biilor.","robots":{"index":"index","follow":"follow","max-snippet":"max-snippet:-1","max-image-preview":"max-image-preview:large","max-video-preview":"max-video-preview:-1"},"canonical":"https:\/\/talkpal.ai\/ro\/exercitii-de-gramatica-javaneza\/","og_locale":"ro_RO","og_type":"article","og_title":"Exerci\u021bii de gramatic\u0103 javanez\u0103","og_description":"Subiecte gramaticale javaneze \u00cenv\u0103\u021barea unei noi limbi poate fi un efort provocator, dar plin de satisfac\u021bii. Javaneza, o limb\u0103 austronezian\u0103 vorbit\u0103 \u00een","og_url":"https:\/\/talkpal.ai\/ro\/exercitii-de-gramatica-javaneza\/","og_site_name":"Talkpal","article_publisher":"https:\/\/www.facebook.com\/profile.php?id=100090733639311","article_modified_time":"2025-12-30T14:36:22+00:00","og_image":[{"width":2880,"height":1620,"url":"https:\/\/talkpal.ai\/wp-content\/uploads\/2025\/02\/Progress-tab-16_9.png","type":"image\/png"}],"twitter_card":"summary_large_image","twitter_site":"@talkpalai","twitter_misc":{"Timp estimat pentru citire":"4 minute"},"schema":{"@context":"https:\/\/schema.org","@graph":[{"@type":"WebPage","@id":"https:\/\/talkpal.ai\/ro\/exercitii-de-gramatica-javaneza\/","url":"https:\/\/talkpal.ai\/ro\/exercitii-de-gramatica-javaneza\/","name":"Exerci\u021bii de gramatic\u0103 javanez\u0103 - Talkpal","isPartOf":{"@id":"https:\/\/talkpal.ai\/ro\/#website"},"datePublished":"2025-11-12T10:09:39+00:00","dateModified":"2025-12-30T14:36:22+00:00","description":"\u00cenv\u0103\u021ba\u021bi gramatica javanez\u0103 cu exerci\u021bii interactive concepute pentru a v\u0103 ajuta s\u0103 exersa\u021bi substantivele, verbele \u0219i structurile propozi\u021biilor.","breadcrumb":{"@id":"https:\/\/talkpal.ai\/ro\/exercitii-de-gramatica-javaneza\/#breadcrumb"},"inLanguage":"ro-RO","potentialAction":[{"@type":"ReadAction","target":["https:\/\/talkpal.ai\/ro\/exercitii-de-gramatica-javaneza\/"]}]},{"@type":"BreadcrumbList","@id":"https:\/\/talkpal.ai\/ro\/exercitii-de-gramatica-javaneza\/#breadcrumb","itemListElement":[{"@type":"ListItem","position":1,"name":"Homepage","item":"https:\/\/talkpal.ai\/ro\/"},{"@type":"ListItem","position":2,"name":"Exerci\u021bii de gramatic\u0103 javanez\u0103"}]},{"@type":"WebSite","@id":"https:\/\/talkpal.ai\/ro\/#website","url":"https:\/\/talkpal.ai\/ro\/","name":"Talkpal","description":"AI Language Learning","publisher":{"@id":"https:\/\/talkpal.ai\/ro\/#organization"},"alternateName":"Talkpal AI","potentialAction":[{"@type":"SearchAction","target":{"@type":"EntryPoint","urlTemplate":"https:\/\/talkpal.ai\/ro\/?s={search_term_string}"},"query-input":{"@type":"PropertyValueSpecification","valueRequired":true,"valueName":"search_term_string"}}],"inLanguage":"ro-RO"},{"@type":"Organization","@id":"https:\/\/talkpal.ai\/ro\/#organization","name":"Talkpal, Inc.","alternateName":"Talkpal AI","url":"https:\/\/talkpal.ai\/ro\/","logo":{"@type":"ImageObject","inLanguage":"ro-RO","@id":"https:\/\/talkpal.ai\/ro\/#\/schema\/logo\/image\/","url":"https:\/\/talkpal.ai\/wp-content\/uploads\/2024\/03\/Talkpal-Logo-Icon.png","contentUrl":"https:\/\/talkpal.ai\/wp-content\/uploads\/2024\/03\/Talkpal-Logo-Icon.png","width":2880,"height":2880,"caption":"Talkpal, Inc."},"image":{"@id":"https:\/\/talkpal.ai\/ro\/#\/schema\/logo\/image\/"},"sameAs":["https:\/\/www.facebook.com\/profile.php?id=100090733639311","https:\/\/x.com\/talkpalai","https:\/\/www.linkedin.com\/company\/talkpal\/","https:\/\/www.youtube.com\/@TalkPal\/","https:\/\/www.tiktok.com\/@talkpal","https:\/\/www.instagram.com\/talkpal_ai\/","https:\/\/www.crunchbase.com\/organization\/talkpal-9cde","https:\/\/www.g2.com\/products\/talkpal-for-business\/","https:\/\/www.trustpilot.com\/review\/talkpal.ai","https:\/\/www.capterra.com\/p\/10006800\/TalkPal\/"],"description":"Talkpal is a language learning web and mobile education app, powered by the latest AI technologies, that provides engaging experiences to its customers in many different languages to help them improve their language skills. Users can chat about unlimited amount of topics with the app and use other modes to practice their language learning.","email":"support@talkpal.ai","legalName":"Talkpal, Inc.","foundingDate":"2023-04-03","duns":"118989042","numberOfEmployees":{"@type":"QuantitativeValue","minValue":"11","maxValue":"50"},"publishingPrinciples":"https:\/\/talkpal.ai\/publishing-principles\/","actionableFeedbackPolicy":"https:\/\/talkpal.ai\/actionable-feedback-policy\/","correctionsPolicy":"https:\/\/talkpal.ai\/corrections-policy\/","ethicsPolicy":"https:\/\/talkpal.ai\/ethics-policy\/","diversityPolicy":"https:\/\/talkpal.ai\/diversity-policy\/","diversityStaffingReport":"https:\/\/talkpal.ai\/diversity-policy\/"}]}},"_links":{"self":[{"href":"https:\/\/talkpal.ai\/ro\/wp-json\/wp\/v2\/pages\/1469234","targetHints":{"allow":["GET"]}}],"collection":[{"href":"https:\/\/talkpal.ai\/ro\/wp-json\/wp\/v2\/pages"}],"about":[{"href":"https:\/\/talkpal.ai\/ro\/wp-json\/wp\/v2\/types\/page"}],"author":[{"embeddable":true,"href":"https:\/\/talkpal.ai\/ro\/wp-json\/wp\/v2\/users\/20"}],"replies":[{"embeddable":true,"href":"https:\/\/talkpal.ai\/ro\/wp-json\/wp\/v2\/comments?post=1469234"}],"version-history":[{"count":0,"href":"https:\/\/talkpal.ai\/ro\/wp-json\/wp\/v2\/pages\/1469234\/revisions"}],"wp:attachment":[{"href":"https:\/\/talkpal.ai\/ro\/wp-json\/wp\/v2\/media?parent=1469234"}],"curies":[{"name":"wp","href":"https:\/\/api.w.org\/{rel}","templated":true}]}}