{"id":1469046,"date":"2025-11-11T17:01:24","date_gmt":"2025-11-11T17:01:24","guid":{"rendered":"https:\/\/talkpal.ai\/exercitii-de-gramatica-georgiana\/"},"modified":"2025-12-30T14:54:43","modified_gmt":"2025-12-30T14:54:43","slug":"exercitii-de-gramatica-georgiana","status":"publish","type":"page","link":"https:\/\/talkpal.ai\/ro\/exercitii-de-gramatica-georgiana\/","title":{"rendered":"Exerci\u021bii de gramatic\u0103 georgian\u0103"},"content":{"rendered":"\r\n\r\n\r\n<section class=\"languageChallengeSection\">\r\n    <div class=\"languageInfoWrapper\">\r\n        \r\n        <h1>Exerci\u021bii de gramatic\u0103 georgian\u0103<\/h1>\r\n        <p>Sunte\u021bi gata s\u0103 v\u0103 scufunda\u021bi \u00een gramatica georgian\u0103? Practicarea c\u00e2torva no\u021biuni de baz\u0103 v\u0103 va ajuta s\u0103 v\u0103 acomoda\u021bi cu aceast\u0103 limb\u0103 unic\u0103 \u0219i frumoas\u0103. \u00cencerca\u021bi aceste exerci\u021bii pentru a v\u0103 consolida \u00eencrederea \u0219i a v\u0103 distra pe parcurs!<\/p>\r\n\r\n                            <a class=\"getStartedHidden\" href=\"https:\/\/app.talkpal.ai\/ro\/signup?lng=\">\u00cencepe<\/a>\r\n        \r\n    <\/div>\r\n\r\n    <figure>\r\n    <img decoding=\"async\" width=\"768\" height=\"768\" src=\"https:\/\/talkpal.ai\/wp-content\/uploads\/2023\/06\/welsh-768x768.png\" class=\"languageImage no-lazy\" alt=\"Language learning for better cognitive abilities\" fetchpriority=\"high\" sizes=\"(max-width: 768px) 150px, 768px\" srcset=\"https:\/\/talkpal.ai\/wp-content\/uploads\/2023\/06\/welsh-768x768.png 768w, https:\/\/talkpal.ai\/wp-content\/uploads\/2023\/06\/welsh-300x300.png 300w\" \/>\r\n    \r\n\r\n    <\/figure>\r\n\r\n            <a class=\"getStartedVisible\" href=\"https:\/\/app.talkpal.ai\/ro\/signup?lng=\">\u00cencepe<\/a>\r\n    \r\n<\/section><section class=\"promotionalBanner\">\r\n    <p class=\"promotionalText\">Cel mai eficient mod de a \u00eenv\u0103\u021ba o limb\u0103<\/p>\r\n    <a class=\"promotionalLink\" href=\"https:\/\/app.talkpal.ai\/ro\/signup?lng=\">\u00cencerca\u021bi Talkpal gratuit<\/a>\r\n<\/section>\n<div class=\"wp-block-group pageContainerStyle\"><div class=\"wp-block-group__inner-container is-layout-constrained wp-block-group-is-layout-constrained\">\n<h2 class=\"wp-block-heading\" id=\"h-georgian-grammar-topics\">Subiecte de gramatic\u0103 georgian\u0103<\/h2>\n\n\n\n<p><a href=\"https:\/\/talkpal.ai\/ro\/cele-mai-mari-greseli-pe-care-trebuie-sa-le-evitati-atunci-cand-invatati-o-limba-noua\/\">\u00cenv\u0103\u021barea unei noi limbi<\/a> poate fi un efort provocator, dar plin de satisfac\u021bii. Georgiana, o limb\u0103 kartvelian\u0103 vorbit\u0103 \u00een principal \u00een <a href=\"https:\/\/talkpal.ai\/locations\/language-courses-in-georgia\/\">Georgia<\/a>, nu face excep\u021bie. Cu caracteristicile \u0219i structurile <a href=\"https:\/\/talkpal.ai\/locations\/learn-english-in-sale\/\">sale<\/a> unice, <a href=\"https:\/\/talkpal.ai\/ro\/talkpal-pentru-educatie\/\">\u00eenv\u0103\u021barea<\/a> limbii georgiene necesit\u0103 o abordare sistematic\u0103 pentru \u00een\u021belegerea gramaticii sale complexe. Acest ghid prezint\u0103 domeniile cheie ale <a href=\"https:\/\/talkpal.ai\/ro\/gramatica-georgiana\/\">gramaticii georgiene<\/a> \u00eentr-o secven\u021b\u0103 logic\u0103 pentru <a href=\"https:\/\/talkpal.ai\/ro\/ai-chatbot-pentru-invatarea-limbilor-straine\/\">\u00eenv\u0103\u021barea limbilor str\u0103ine<\/a>, \u00eencep\u00e2nd de la elementele de baz\u0103, cum ar fi substantivele \u0219i articolele, \u0219i progres\u00e2nd la domenii mai complexe, cum ar fi timpurile \u0219i construc\u021bia propozi\u021biilor.<\/p>\n\n\n\n<h3 class=\"wp-block-heading\" id=\"h-1-nouns\">1. Substantive:<\/h3>\n\n\n\n<p>\u00cencepe\u021bi-v\u0103 c\u0103l\u0103toria \u00een limba georgian\u0103 \u00eenv\u0103\u021b\u00e2nd substantivele. Aceasta include \u00een\u021belegerea diferitelor categorii de substantive, cum ar fi substantivele comune \u0219i proprii, formele lor <a href=\"https:\/\/talkpal.ai\/zh-hans\/grammar_exercises\/plurale-%e6%84%8f%e5%a4%a7%e5%88%a9%e8%af%ad%e6%b3%95%e7%bb%83%e4%b9%a0\/\">plurale<\/a> \u0219i sistemul de cazuri folosit pentru a marca rela\u021biile gramaticale.<\/p>\n\n\n\n<h3 class=\"wp-block-heading\" id=\"h-2-articles\">2. Articole:<\/h3>\n\n\n\n<p>Georgiana nu are articole hot\u0103r\u00e2te sau nedefinite. \u00cen\u021belegerea modului \u00een care defini\u021bia \u0219i nedefini\u021bia sunt exprimate prin context sau demonstrative este crucial\u0103 \u00een construc\u021bia propozi\u021biilor.<\/p>\n\n\n\n<h3 class=\"wp-block-heading\" id=\"h-3-adjectives\">3. Adjective:<\/h3>\n\n\n\n<p>Adjectivele \u00een georgian\u0103 preced de obicei substantivele lor \u0219i sunt de acord cu ele pentru orice caz. \u00cenva\u021b\u0103 cum s\u0103 formezi comparative \u0219i superlative folosind cuvinte precum &#8222;upro&#8221; pentru mai mult \u0219i &#8222;qvelaze&#8221; pentru majoritatea.<\/p>\n\n\n\n<h3 class=\"wp-block-heading\" id=\"h-4-pronouns-determiners\">4. Pronume\/Determinan\u021bi:<\/h3>\n\n\n\n<p>Pronumele \u0219i determinan\u021bii sunt esen\u021biali \u00een georgian\u0103; Pronumele sunt adesea eliminate atunci c\u00e2nd contextul este clar, iar formele posesive precum &#8222;chemi&#8221;, &#8222;sheni&#8221; \u0219i &#8222;misi&#8221; modific\u0103 substantivele. Demonstrativi precum &#8222;es&#8221;, &#8222;is&#8221; \u0219i &#8222;igi&#8221;, cifrele \u0219i cuantificatorii func\u021bioneaz\u0103 ca determinan\u021bi.<\/p>\n\n\n\n<h3 class=\"wp-block-heading\" id=\"h-5-verbs\">5. Verbe:<\/h3>\n\n\n\n<p>Verbele georgiene sunt bogate \u00een morfologie, ar\u0103t\u00e2nd acord cu subiectele \u0219i uneori obiectele. \u00cencepe\u021bi cu seria prezent\u0103, apoi explora\u021bi modul \u00een care viitorul se formeaz\u0103 cu preverbe \u0219i trece\u021bi la formele trecute, cum ar fi aoristul \u0219i imperfectul.<\/p>\n\n\n\n<h3 class=\"wp-block-heading\" id=\"h-6-tenses\">6. Timpuri:<\/h3>\n\n\n\n<p>Dup\u0103 ce st\u0103p\u00e2ni\u021bi formele verbale de baz\u0103, aprofunda\u021bi timpul \u0219i aspectul <a href=\"https:\/\/talkpal.ai\/learn-georgian\/\">georgian<\/a>. Afla\u021bi cum sunt exprimate timpul prezent, trecut \u0219i viitor \u00een cele trei serii principale \u0219i c\u00e2nd s\u0103 folosi\u021bi forme imperfecte, aoriste \u0219i perfecte \u00een diferite contexte.<\/p>\n\n\n\n<h3 class=\"wp-block-heading\" id=\"h-7-tense-comparison\">7. Compara\u021bie tensionat\u0103:<\/h3>\n\n\n\n<p>Compararea formelor \u00eentre serii ajut\u0103 la \u00een\u021belegerea timpului, aspectului \u0219i alinierii. Uit\u00e2ndu-te la acela\u0219i verb \u00een diferite strig\u0103te clarific\u0103 secven\u021ba evenimentelor \u0219i modelele de marcare a cazului.<\/p>\n\n\n\n<h3 class=\"wp-block-heading\" id=\"h-8-progressive\">8. Progresiv:<\/h3>\n\n\n\n<p>Georgiana nu are un timp progresiv dedicat. Ac\u021biunile \u00een curs de desf\u0103\u0219urare sunt exprimate cu prezentul sau imperfectul, adesea sus\u021binute de expresii temporale precum &#8222;akhla&#8221; pentru acum sau context.<\/p>\n\n\n\n<h3 class=\"wp-block-heading\" id=\"h-9-perfect-progressive\">9. Progresiv perfect:<\/h3>\n\n\n\n<p>Nu exist\u0103 un progresiv perfect distinct. Ac\u021biunile \u00een curs de desf\u0103\u0219urare p\u00e2n\u0103 la un punct sunt transmise prin seria perfect\u0103 pentru semnifica\u021bie rezultat\u0103 sau cu indicii imperfecte plus contextuale.<\/p>\n\n\n\n<h3 class=\"wp-block-heading\" id=\"h-10-conditionals\">10. Condi\u021bionale:<\/h3>\n\n\n\n<p>Condi\u021bionalele exprim\u0103 situa\u021bii ipotetice \u0219i posibilele lor rezultate. \u00cen georgian\u0103, acestea sunt de obicei formate cu forme subjunctive \u0219i optative, adesea introduse prin sensul &#8222;tu&#8221; dac\u0103, \u0219i pot folosi expresii modale precum &#8222;sheidzleba&#8221; este posibil.<\/p>\n\n\n\n<h3 class=\"wp-block-heading\" id=\"h-11-adverbs\">11. Adverbe:<\/h3>\n\n\n\n<p>Adverbele \u00een georgian\u0103 modific\u0103 verbele, adjectivele sau alte adverbe. Multe adverbe de manier\u0103 sunt formate cu sufixul &#8222;-ad&#8221;, iar cuvintele comune de grad includ &#8222;dzalian&#8221; pentru foarte \u0219i &#8222;upro&#8221; pentru mai mult.<\/p>\n\n\n\n<h3 class=\"wp-block-heading\" id=\"h-12-prepositions\">12. Prepozi\u021bii:<\/h3>\n\n\n\n<p>Georgiana folose\u0219te postpozi\u021bii mai degrab\u0103 dec\u00e2t prepozi\u021bii. Acestea urmeaz\u0103 substantivul \u0219i interac\u021bioneaz\u0103 cu cazuri specifice, iar multe semnifica\u021bii rela\u021bionale sunt exprimate direct prin termina\u021bii de caz.<\/p>\n\n\n\n<h3 class=\"wp-block-heading\" id=\"h-13-sentences\">13. Propozi\u021bii:<\/h3>\n\n\n\n<p>\u00cen cele din urm\u0103, exersa\u021bi construirea propozi\u021biilor. Acest lucru va implica utilizarea tuturor punctelor gramaticale \u00eenv\u0103\u021bate anterior \u00een context, gestionarea ordinii flexibile a cuvintelor cu o tendin\u021b\u0103 SOV, marcarea majusculelor \u0219i formele verbale adecvate.<\/p>\n<\/div><\/div>\n\r\n<section class=\"learnNavigationSection\">\r\n            \r\n        <a href=\"https:\/\/talkpal.ai\/ro\/invata-galeza-2\/\">\r\n            <div class=\"learnNavigationWrapper\">\r\n                <div class=\"learnNavigationContent\">\r\n                    <img decoding=\"async\" src=\"https:\/\/talkpal.ai\/wp-content\/uploads\/2025\/11\/Georgian.png\" alt=\"Georgian Flag\">\r\n                    <div>\r\n                        <h4>Despre \u00eenv\u0103\u021barea georgian\u0103<\/h4>\r\n                        <p>Afla\u021bi totul despre gramatica georgian\u0103.<\/p>\r\n                    <\/div>\r\n                <\/div>\r\n            <\/div>\r\n        <\/a>\r\n\r\n        \r\n        <a href=\"https:\/\/talkpal.ai\/ro\/gramatica-galeza\/\">\r\n            <div class=\"learnNavigationWrapper\">\r\n                <div class=\"learnNavigationContent\">\r\n                    <img decoding=\"async\" src=\"https:\/\/talkpal.ai\/wp-content\/uploads\/2025\/11\/Georgian.png\" alt=\"Georgian Flag\">\r\n                    <div>\r\n                        <h4>Lec\u021bii de gramatic\u0103 georgian\u0103<\/h4>\r\n                        <p>Exersa\u021bi gramatica georgian\u0103.<\/p>\r\n                    <\/div>\r\n                <\/div>\r\n            <\/div>\r\n        <\/a>\r\n\r\n            <\/section>","protected":false},"excerpt":{"rendered":"<p>Subiecte de gramatic\u0103 georgian\u0103 \u00cenv\u0103\u021barea unei noi limbi poate fi un efort provocator, dar plin de satisfac\u021bii. Georgiana, o limb\u0103 kartvelian\u0103 vorbit\u0103 \u00een principal \u00een Georgia, nu face excep\u021bie. Cu caracteristicile \u0219i structurile sale unice, \u00eenv\u0103\u021barea limbii georgiene necesit\u0103 o abordare sistematic\u0103 pentru \u00een\u021belegerea gramaticii sale complexe. Acest ghid prezint\u0103 domeniile cheie ale gramaticii georgiene [&hellip;]<\/p>\n","protected":false},"author":20,"featured_media":0,"parent":0,"menu_order":0,"comment_status":"closed","ping_status":"closed","template":"LearningContentPage.php","meta":{"_acf_changed":false,"footnotes":""},"class_list":["post-1469046","page","type-page","status-publish","hentry"],"acf":[],"yoast_head":"<!-- This site is optimized with the Yoast SEO Premium plugin v27.2 (Yoast SEO v27.2) - https:\/\/yoast.com\/product\/yoast-seo-premium-wordpress\/ -->\n<title>Exerci\u021bii de gramatic\u0103 georgian\u0103 - Talkpal<\/title>\n<meta name=\"description\" content=\"\u00cenv\u0103\u021ba\u021bi gramatica georgian\u0103 cu exerci\u021bii interactive concepute pentru a v\u0103 ajuta s\u0103 dob\u00e2ndi\u021bi fluen\u021b\u0103 \u0219i \u00eencredere \u00een aceast\u0103 limb\u0103.\" \/>\n<meta name=\"robots\" content=\"index, follow, max-snippet:-1, max-image-preview:large, max-video-preview:-1\" \/>\n<link rel=\"canonical\" href=\"https:\/\/talkpal.ai\/ro\/exercitii-de-gramatica-georgiana\/\" \/>\n<meta property=\"og:locale\" content=\"ro_RO\" \/>\n<meta property=\"og:type\" content=\"article\" \/>\n<meta property=\"og:title\" content=\"Exerci\u021bii de gramatic\u0103 georgian\u0103\" \/>\n<meta property=\"og:description\" content=\"Subiecte de gramatic\u0103 georgian\u0103 \u00cenv\u0103\u021barea unei noi limbi poate fi un efort provocator, dar plin de satisfac\u021bii. Georgiana, o limb\u0103 kartvelian\u0103 vorbit\u0103 \u00een\" \/>\n<meta property=\"og:url\" content=\"https:\/\/talkpal.ai\/ro\/exercitii-de-gramatica-georgiana\/\" \/>\n<meta property=\"og:site_name\" content=\"Talkpal\" \/>\n<meta property=\"article:publisher\" content=\"https:\/\/www.facebook.com\/profile.php?id=100090733639311\" \/>\n<meta property=\"article:modified_time\" content=\"2025-12-30T14:54:43+00:00\" \/>\n<meta property=\"og:image\" content=\"https:\/\/talkpal.ai\/wp-content\/uploads\/2025\/02\/Progress-tab-16_9.png\" \/>\n\t<meta property=\"og:image:width\" content=\"2880\" \/>\n\t<meta property=\"og:image:height\" content=\"1620\" \/>\n\t<meta property=\"og:image:type\" content=\"image\/png\" \/>\n<meta name=\"twitter:card\" content=\"summary_large_image\" \/>\n<meta name=\"twitter:site\" content=\"@talkpalai\" \/>\n<meta name=\"twitter:label1\" content=\"Timp estimat pentru citire\" \/>\n\t<meta name=\"twitter:data1\" content=\"3 minute\" \/>\n<script type=\"application\/ld+json\" class=\"yoast-schema-graph\">{\"@context\":\"https:\/\/schema.org\",\"@graph\":[{\"@type\":\"WebPage\",\"@id\":\"https:\/\/talkpal.ai\/ro\/exercitii-de-gramatica-georgiana\/\",\"url\":\"https:\/\/talkpal.ai\/ro\/exercitii-de-gramatica-georgiana\/\",\"name\":\"Exerci\u021bii de gramatic\u0103 georgian\u0103 - Talkpal\",\"isPartOf\":{\"@id\":\"https:\/\/talkpal.ai\/ro\/#website\"},\"datePublished\":\"2025-11-11T17:01:24+00:00\",\"dateModified\":\"2025-12-30T14:54:43+00:00\",\"description\":\"\u00cenv\u0103\u021ba\u021bi gramatica georgian\u0103 cu exerci\u021bii interactive concepute pentru a v\u0103 ajuta s\u0103 dob\u00e2ndi\u021bi fluen\u021b\u0103 \u0219i \u00eencredere \u00een aceast\u0103 limb\u0103.\",\"breadcrumb\":{\"@id\":\"https:\/\/talkpal.ai\/ro\/exercitii-de-gramatica-georgiana\/#breadcrumb\"},\"inLanguage\":\"ro-RO\",\"potentialAction\":[{\"@type\":\"ReadAction\",\"target\":[\"https:\/\/talkpal.ai\/ro\/exercitii-de-gramatica-georgiana\/\"]}]},{\"@type\":\"BreadcrumbList\",\"@id\":\"https:\/\/talkpal.ai\/ro\/exercitii-de-gramatica-georgiana\/#breadcrumb\",\"itemListElement\":[{\"@type\":\"ListItem\",\"position\":1,\"name\":\"Homepage\",\"item\":\"https:\/\/talkpal.ai\/ro\/\"},{\"@type\":\"ListItem\",\"position\":2,\"name\":\"Exerci\u021bii de gramatic\u0103 georgian\u0103\"}]},{\"@type\":\"WebSite\",\"@id\":\"https:\/\/talkpal.ai\/ro\/#website\",\"url\":\"https:\/\/talkpal.ai\/ro\/\",\"name\":\"Talkpal\",\"description\":\"AI Language Learning\",\"publisher\":{\"@id\":\"https:\/\/talkpal.ai\/ro\/#organization\"},\"alternateName\":\"Talkpal AI\",\"potentialAction\":[{\"@type\":\"SearchAction\",\"target\":{\"@type\":\"EntryPoint\",\"urlTemplate\":\"https:\/\/talkpal.ai\/ro\/?s={search_term_string}\"},\"query-input\":{\"@type\":\"PropertyValueSpecification\",\"valueRequired\":true,\"valueName\":\"search_term_string\"}}],\"inLanguage\":\"ro-RO\"},{\"@type\":\"Organization\",\"@id\":\"https:\/\/talkpal.ai\/ro\/#organization\",\"name\":\"Talkpal, Inc.\",\"alternateName\":\"Talkpal AI\",\"url\":\"https:\/\/talkpal.ai\/ro\/\",\"logo\":{\"@type\":\"ImageObject\",\"inLanguage\":\"ro-RO\",\"@id\":\"https:\/\/talkpal.ai\/ro\/#\/schema\/logo\/image\/\",\"url\":\"https:\/\/talkpal.ai\/wp-content\/uploads\/2024\/03\/Talkpal-Logo-Icon.png\",\"contentUrl\":\"https:\/\/talkpal.ai\/wp-content\/uploads\/2024\/03\/Talkpal-Logo-Icon.png\",\"width\":2880,\"height\":2880,\"caption\":\"Talkpal, Inc.\"},\"image\":{\"@id\":\"https:\/\/talkpal.ai\/ro\/#\/schema\/logo\/image\/\"},\"sameAs\":[\"https:\/\/www.facebook.com\/profile.php?id=100090733639311\",\"https:\/\/x.com\/talkpalai\",\"https:\/\/www.linkedin.com\/company\/talkpal\/\",\"https:\/\/www.youtube.com\/@TalkPal\/\",\"https:\/\/www.tiktok.com\/@talkpal\",\"https:\/\/www.instagram.com\/talkpal_ai\/\",\"https:\/\/www.crunchbase.com\/organization\/talkpal-9cde\",\"https:\/\/www.g2.com\/products\/talkpal-for-business\/\",\"https:\/\/www.trustpilot.com\/review\/talkpal.ai\",\"https:\/\/www.capterra.com\/p\/10006800\/TalkPal\/\"],\"description\":\"Talkpal is a language learning web and mobile education app, powered by the latest AI technologies, that provides engaging experiences to its customers in many different languages to help them improve their language skills. Users can chat about unlimited amount of topics with the app and use other modes to practice their language learning.\",\"email\":\"support@talkpal.ai\",\"legalName\":\"Talkpal, Inc.\",\"foundingDate\":\"2023-04-03\",\"duns\":\"118989042\",\"numberOfEmployees\":{\"@type\":\"QuantitativeValue\",\"minValue\":\"11\",\"maxValue\":\"50\"},\"publishingPrinciples\":\"https:\/\/talkpal.ai\/publishing-principles\/\",\"actionableFeedbackPolicy\":\"https:\/\/talkpal.ai\/actionable-feedback-policy\/\",\"correctionsPolicy\":\"https:\/\/talkpal.ai\/corrections-policy\/\",\"ethicsPolicy\":\"https:\/\/talkpal.ai\/ethics-policy\/\",\"diversityPolicy\":\"https:\/\/talkpal.ai\/diversity-policy\/\",\"diversityStaffingReport\":\"https:\/\/talkpal.ai\/diversity-policy\/\"}]}<\/script>\n<!-- \/ Yoast SEO Premium plugin. -->","yoast_head_json":{"title":"Exerci\u021bii de gramatic\u0103 georgian\u0103 - Talkpal","description":"\u00cenv\u0103\u021ba\u021bi gramatica georgian\u0103 cu exerci\u021bii interactive concepute pentru a v\u0103 ajuta s\u0103 dob\u00e2ndi\u021bi fluen\u021b\u0103 \u0219i \u00eencredere \u00een aceast\u0103 limb\u0103.","robots":{"index":"index","follow":"follow","max-snippet":"max-snippet:-1","max-image-preview":"max-image-preview:large","max-video-preview":"max-video-preview:-1"},"canonical":"https:\/\/talkpal.ai\/ro\/exercitii-de-gramatica-georgiana\/","og_locale":"ro_RO","og_type":"article","og_title":"Exerci\u021bii de gramatic\u0103 georgian\u0103","og_description":"Subiecte de gramatic\u0103 georgian\u0103 \u00cenv\u0103\u021barea unei noi limbi poate fi un efort provocator, dar plin de satisfac\u021bii. Georgiana, o limb\u0103 kartvelian\u0103 vorbit\u0103 \u00een","og_url":"https:\/\/talkpal.ai\/ro\/exercitii-de-gramatica-georgiana\/","og_site_name":"Talkpal","article_publisher":"https:\/\/www.facebook.com\/profile.php?id=100090733639311","article_modified_time":"2025-12-30T14:54:43+00:00","og_image":[{"width":2880,"height":1620,"url":"https:\/\/talkpal.ai\/wp-content\/uploads\/2025\/02\/Progress-tab-16_9.png","type":"image\/png"}],"twitter_card":"summary_large_image","twitter_site":"@talkpalai","twitter_misc":{"Timp estimat pentru citire":"3 minute"},"schema":{"@context":"https:\/\/schema.org","@graph":[{"@type":"WebPage","@id":"https:\/\/talkpal.ai\/ro\/exercitii-de-gramatica-georgiana\/","url":"https:\/\/talkpal.ai\/ro\/exercitii-de-gramatica-georgiana\/","name":"Exerci\u021bii de gramatic\u0103 georgian\u0103 - Talkpal","isPartOf":{"@id":"https:\/\/talkpal.ai\/ro\/#website"},"datePublished":"2025-11-11T17:01:24+00:00","dateModified":"2025-12-30T14:54:43+00:00","description":"\u00cenv\u0103\u021ba\u021bi gramatica georgian\u0103 cu exerci\u021bii interactive concepute pentru a v\u0103 ajuta s\u0103 dob\u00e2ndi\u021bi fluen\u021b\u0103 \u0219i \u00eencredere \u00een aceast\u0103 limb\u0103.","breadcrumb":{"@id":"https:\/\/talkpal.ai\/ro\/exercitii-de-gramatica-georgiana\/#breadcrumb"},"inLanguage":"ro-RO","potentialAction":[{"@type":"ReadAction","target":["https:\/\/talkpal.ai\/ro\/exercitii-de-gramatica-georgiana\/"]}]},{"@type":"BreadcrumbList","@id":"https:\/\/talkpal.ai\/ro\/exercitii-de-gramatica-georgiana\/#breadcrumb","itemListElement":[{"@type":"ListItem","position":1,"name":"Homepage","item":"https:\/\/talkpal.ai\/ro\/"},{"@type":"ListItem","position":2,"name":"Exerci\u021bii de gramatic\u0103 georgian\u0103"}]},{"@type":"WebSite","@id":"https:\/\/talkpal.ai\/ro\/#website","url":"https:\/\/talkpal.ai\/ro\/","name":"Talkpal","description":"AI Language Learning","publisher":{"@id":"https:\/\/talkpal.ai\/ro\/#organization"},"alternateName":"Talkpal AI","potentialAction":[{"@type":"SearchAction","target":{"@type":"EntryPoint","urlTemplate":"https:\/\/talkpal.ai\/ro\/?s={search_term_string}"},"query-input":{"@type":"PropertyValueSpecification","valueRequired":true,"valueName":"search_term_string"}}],"inLanguage":"ro-RO"},{"@type":"Organization","@id":"https:\/\/talkpal.ai\/ro\/#organization","name":"Talkpal, Inc.","alternateName":"Talkpal AI","url":"https:\/\/talkpal.ai\/ro\/","logo":{"@type":"ImageObject","inLanguage":"ro-RO","@id":"https:\/\/talkpal.ai\/ro\/#\/schema\/logo\/image\/","url":"https:\/\/talkpal.ai\/wp-content\/uploads\/2024\/03\/Talkpal-Logo-Icon.png","contentUrl":"https:\/\/talkpal.ai\/wp-content\/uploads\/2024\/03\/Talkpal-Logo-Icon.png","width":2880,"height":2880,"caption":"Talkpal, Inc."},"image":{"@id":"https:\/\/talkpal.ai\/ro\/#\/schema\/logo\/image\/"},"sameAs":["https:\/\/www.facebook.com\/profile.php?id=100090733639311","https:\/\/x.com\/talkpalai","https:\/\/www.linkedin.com\/company\/talkpal\/","https:\/\/www.youtube.com\/@TalkPal\/","https:\/\/www.tiktok.com\/@talkpal","https:\/\/www.instagram.com\/talkpal_ai\/","https:\/\/www.crunchbase.com\/organization\/talkpal-9cde","https:\/\/www.g2.com\/products\/talkpal-for-business\/","https:\/\/www.trustpilot.com\/review\/talkpal.ai","https:\/\/www.capterra.com\/p\/10006800\/TalkPal\/"],"description":"Talkpal is a language learning web and mobile education app, powered by the latest AI technologies, that provides engaging experiences to its customers in many different languages to help them improve their language skills. Users can chat about unlimited amount of topics with the app and use other modes to practice their language learning.","email":"support@talkpal.ai","legalName":"Talkpal, Inc.","foundingDate":"2023-04-03","duns":"118989042","numberOfEmployees":{"@type":"QuantitativeValue","minValue":"11","maxValue":"50"},"publishingPrinciples":"https:\/\/talkpal.ai\/publishing-principles\/","actionableFeedbackPolicy":"https:\/\/talkpal.ai\/actionable-feedback-policy\/","correctionsPolicy":"https:\/\/talkpal.ai\/corrections-policy\/","ethicsPolicy":"https:\/\/talkpal.ai\/ethics-policy\/","diversityPolicy":"https:\/\/talkpal.ai\/diversity-policy\/","diversityStaffingReport":"https:\/\/talkpal.ai\/diversity-policy\/"}]}},"_links":{"self":[{"href":"https:\/\/talkpal.ai\/ro\/wp-json\/wp\/v2\/pages\/1469046","targetHints":{"allow":["GET"]}}],"collection":[{"href":"https:\/\/talkpal.ai\/ro\/wp-json\/wp\/v2\/pages"}],"about":[{"href":"https:\/\/talkpal.ai\/ro\/wp-json\/wp\/v2\/types\/page"}],"author":[{"embeddable":true,"href":"https:\/\/talkpal.ai\/ro\/wp-json\/wp\/v2\/users\/20"}],"replies":[{"embeddable":true,"href":"https:\/\/talkpal.ai\/ro\/wp-json\/wp\/v2\/comments?post=1469046"}],"version-history":[{"count":0,"href":"https:\/\/talkpal.ai\/ro\/wp-json\/wp\/v2\/pages\/1469046\/revisions"}],"wp:attachment":[{"href":"https:\/\/talkpal.ai\/ro\/wp-json\/wp\/v2\/media?parent=1469046"}],"curies":[{"name":"wp","href":"https:\/\/api.w.org\/{rel}","templated":true}]}}