{"id":1468870,"date":"2025-11-11T15:33:17","date_gmt":"2025-11-11T15:33:17","guid":{"rendered":"https:\/\/talkpal.ai\/gramatica-basca\/"},"modified":"2025-12-30T15:32:20","modified_gmt":"2025-12-30T15:32:20","slug":"gramatica-basca","status":"publish","type":"page","link":"https:\/\/talkpal.ai\/ro\/gramatica-basca\/","title":{"rendered":"Gramatica basc\u0103"},"content":{"rendered":"\r\n\r\n\r\n<section class=\"languageChallengeSection\">\r\n    <div class=\"languageInfoWrapper\">\r\n        \r\n        <h1>Gramatica basc\u0103<\/h1>\r\n        <p><a href=\"https:\/\/talkpal.ai\/basque-grammar\/\">Gramatica basc\u0103<\/a> poate p\u0103rea o provocare la \u00eenceput, dar caracteristicile sale unice fac din \u00eenv\u0103\u021barea limbii o experien\u021b\u0103 plin\u0103 de satisfac\u021bii. Explor\u00e2ndu-i alfabetul, muta\u021biile \u0219i regulile gramaticale, ve\u021bi ob\u021bine informa\u021bii despre o bogat\u0103 tradi\u021bie lingvistic\u0103. \u00cencepe\u021bi-v\u0103 c\u0103l\u0103toria \u0219i descoperi\u021bi frumuse\u021bea limbii basce!<\/p>\r\n\r\n                            <a class=\"getStartedHidden\" href=\"https:\/\/app.talkpal.ai\/ro\/signup?lng=\">\u00cencepe<\/a>\r\n        \r\n    <\/div>\r\n\r\n    <figure>\r\n    <img decoding=\"async\" width=\"768\" height=\"768\" src=\"https:\/\/talkpal.ai\/wp-content\/uploads\/2023\/06\/welsh-768x768.png\" class=\"languageImage no-lazy\" alt=\"Language learning for better cognitive abilities\" fetchpriority=\"high\" sizes=\"(max-width: 768px) 150px, 768px\" srcset=\"https:\/\/talkpal.ai\/wp-content\/uploads\/2023\/06\/welsh-768x768.png 768w, https:\/\/talkpal.ai\/wp-content\/uploads\/2023\/06\/welsh-300x300.png 300w\" \/>\r\n    \r\n\r\n    <\/figure>\r\n\r\n            <a class=\"getStartedVisible\" href=\"https:\/\/app.talkpal.ai\/ro\/signup?lng=\">\u00cencepe<\/a>\r\n    \r\n<\/section><section class=\"promotionalBanner\">\r\n    <p class=\"promotionalText\">Cel mai eficient mod de a \u00eenv\u0103\u021ba o limb\u0103<\/p>\r\n    <a class=\"promotionalLink\" href=\"https:\/\/app.talkpal.ai\/ro\/signup?lng=\">\u00cencerca\u021bi Talkpal gratuit<\/a>\r\n<\/section>\n<div class=\"wp-block-group pageContainerStyle\"><div class=\"wp-block-group__inner-container is-layout-constrained wp-block-group-is-layout-constrained\">\n<h2 class=\"wp-block-heading\" id=\"h-navigating-the-intricacies-of-basque-grammar\">Navigarea prin complexitatea gramaticii basce<\/h2>\n\n\n\n<p><a href=\"https:\/\/talkpal.ai\/ro\/invata-basca\/\">Basca<\/a>, o limb\u0103 izolat\u0103 cu o istorie bogat\u0103 \u0219i o semnifica\u021bie cultural\u0103, ofer\u0103 o experien\u021b\u0103 lingvistic\u0103 interesant\u0103 pentru cei dornici s\u0103 exploreze sistemul s\u0103u gramatical unic. Pe m\u0103sur\u0103 ce v\u0103 aventura\u021bi \u00een t\u0103r\u00e2mul bascii, nu numai c\u0103 v\u0103 ve\u021bi \u00eembog\u0103\u021bi repertoriul lingvistic, ci \u0219i ve\u021bi \u00eembr\u0103\u021bi\u0219a o c\u0103l\u0103torie cultural\u0103 fascinant\u0103. \u00cen timp ce gramatica basc\u0103 poate p\u0103rea complicat\u0103 la \u00eenceput, \u00eemp\u0103r\u021birea ei \u00een componente de baz\u0103 face \u00eenv\u0103\u021barea limbii mai accesibil\u0103. \u00cen acest articol, vom explora lumea captivant\u0103 a gramaticii basce \u0219i vom oferi sfaturi despre cum s\u0103-i st\u0103p\u00e2ne\u0219ti complexitatea.<\/p>\n\n\n\n<h3 class=\"wp-block-heading\" id=\"h-1-basque-alphabet-and-phonetics\">1. Alfabetul basc \u0219i fonetica<\/h3>\n\n\n\n<p>Alfabetul <a href=\"https:\/\/talkpal.ai\/learn-basque\/\">basc<\/a> \u00een basca standard cuprinde 27 de litere. Tr\u0103s\u0103turile distinctive includ digrafele &#8222;tx&#8221;, &#8222;tz&#8221; \u0219i &#8222;ts&#8221;, care reprezint\u0103 sunete unice, litera &#8222;x&#8221; pronun\u021bat\u0103 ca &#8222;sh&#8221; \u00een <a href=\"https:\/\/talkpal.ai\/learn-english-with-ai\/\">englez\u0103<\/a> \u0219i contrastul dintre &#8222;r&#8221; simplu \u0219i dublu &#8222;rr&#8221;. Unele litere precum &#8222;c&#8221;, &#8222;q&#8221;, &#8222;v&#8221;, &#8222;w&#8221; \u0219i &#8222;y&#8221; apar \u00een principal \u00een cuvinte \u00eemprumutate. Pentru a \u00eenv\u0103\u021ba gramatica basc\u0103, este esen\u021bial s\u0103 v\u0103 familiariza\u021bi cu acest sistem de scriere exers\u00e2nd cititul \u0219i scrierea \u00een basc\u0103.<\/p>\n\n\n\n<h3 class=\"wp-block-heading\" id=\"h-2-case-suffixes-and-ergativity-a-core-basque-feature\">2. Sufixele de caz \u0219i ergativitatea: o caracteristic\u0103 basc\u0103 de baz\u0103<\/h3>\n\n\n\n<p>Unul dintre cele mai izbitoare aspecte ale gramaticii basce este alinierea ergativ\u0103-absolutiv\u0103 \u0219i sistemul bogat de sufixe de caz. Substantivele \u0219i expresiile nominale complete iau termina\u021bii care le marcheaz\u0103 rolul \u00een propozi\u021bie, cum ar fi absolutivul (adesea zero sau -a\/-ak cu articolul hot\u0103r\u00e2t), ergativ (-k sau -ek), dativ (-ri sau -ei), genitiv (-ren), inesiv (-n), aliativ (-ra), ablativ (-tik), instrumental (-z) \u0219i comitativ (-ekin). \u00cen\u021belegerea c\u00e2nd \u0219i cum sunt folosite aceste termina\u021bii \u0219i c\u0103 se ata\u0219eaz\u0103 la ultimul cuv\u00e2nt al sintagmei nominale este vital\u0103 pentru o comunicare corect\u0103 \u00een basc\u0103.<\/p>\n\n\n\n<h3 class=\"wp-block-heading\" id=\"h-3-nouns-and-pronouns-gender-and-cases\">3. Substantive \u0219i pronume: gen \u0219i cazuri<\/h3>\n\n\n\n<p>Substantivele basce nu au gen gramatical, ceea ce simplific\u0103 acordul, dar interac\u021bioneaz\u0103 cu un sistem extins de cazuri \u0219i defini\u021bie. Num\u0103rul \u0219i defini\u021bia sunt de obicei exprimate cu sufixele de articol -a (singular definit) \u0219i -ak (plural definit sau ergativ singular). Pronumele \u00een basc\u0103 includ pronume personale (ni, hi, zu, zuek, gu, bera, haiek), posesive (nire, zure, bere, gure, zuen, haien), reflexive (bere burua), demonstrative (hau, hori, hura) \u0219i interogative (nor, zer, zein). Familiarizarea cu aceste pronume \u0219i formele lor \u00een toate cazurile v\u0103 va \u00eembun\u0103t\u0103\u021bi semnificativ \u00een\u021belegerea gramaticii basce.<\/p>\n\n\n\n<h3 class=\"wp-block-heading\" id=\"h-4-verbs-structure-and-conjugation\">4. Verbe: structur\u0103 \u0219i conjugare<\/h3>\n\n\n\n<p>Verbele basce se bazeaz\u0103 foarte mult pe auxiliare \u0219i arat\u0103 acord cu subiectul \u0219i adesea cu obiectele directe \u0219i indirecte. Multe timpuri sunt perifrastice, construite cu participii \u0219i auxiliarele izan \u0219i edun, \u00een timp ce un set limitat de verbe are \u0219i forme sintetice. Timpurile esen\u021biale \u00een basc\u0103 sunt prezentul, trecutul \u0219i viitorul, cu elemente suplimentare, cum ar fi st\u0103rile condi\u021bionate \u0219i imperative. \u00cenv\u0103\u021barea modului \u00een care func\u021bioneaz\u0103 selec\u021bia auxiliar\u0103, \u00eempreun\u0103 cu modelele de conjugare de baz\u0103, v\u0103 va \u00eembun\u0103t\u0103\u021bi capacitatea de a comunica eficient \u00een basc\u0103.<\/p>\n\n\n\n<h3 class=\"wp-block-heading\" id=\"h-5-adjectives-agreement-and-placement\">5. Adjective: acord \u0219i plasare<\/h3>\n\n\n\n<p>\u00cen gramatica basc\u0103, adjectivele urmeaz\u0103 de obicei substantivul <a href=\"https:\/\/talkpal.ai\/culture\/how-do-i-use-pe-care-correctly\/\">pe care<\/a> \u00eel modific\u0103. Adjectivele \u00een sine nu se schimb\u0103 pentru num\u0103r sau gen, dar determinantul \u0219i sufixul de caz pentru \u00eentregul sintagm\u0103 nominal apar pe elementul final, adesea adjectivul. Comparativele \u0219i superlativele se formeaz\u0103 \u00een mod obi\u0219nuit cu -ago \u0219i -en sau -ena, care sunt esen\u021biale pentru a \u00eenv\u0103\u021ba s\u0103 comunice mai natural.<\/p>\n\n\n\n<p><strong>Exemple:<\/strong><\/p>\n\n\n\n<p><strong>\u2013 ume txikiak (copii mici)<\/strong><\/p>\n\n\n\n<p><strong>\u2013 maitasun handi (mare dragoste)<\/strong><\/p>\n\n\n\n<h3 class=\"wp-block-heading\" id=\"h-6-engaging-with-the-language\">6. Interac\u021biunea cu limba<\/h3>\n\n\n\n<p>Cel mai eficient mod de a \u00een\u021belege pe deplin \u0219i de a internaliza gramatica basc\u0103 este de a interac\u021biona \u00een mod constant cu limba. Citind literatur\u0103 basc\u0103, vizion\u00e2nd filme sau seriale de televiziune basce, ascult\u00e2nd radio basc \u0219i comunic\u00e2nd activ cu vorbitorii nativi, v\u0103 ve\u021bi consolida \u00een\u021belegerea gramaticii \u00een timp ce v\u0103 extinde\u021bi vocabularul.<\/p>\n\n\n\n<h3 class=\"wp-block-heading\" id=\"h-conclusion\">Concluzie<\/h3>\n\n\n\n<p>De\u0219i gramatica basc\u0103 poate p\u0103rea complicat\u0103, pute\u021bi deveni competent \u00een aceast\u0103 limb\u0103 frumoas\u0103 cu d\u0103ruire, practic\u0103 \u0219i entuziasm. Concentr\u00e2ndu-v\u0103 pe regulile fundamentale \u0219i implic\u00e2ndu-v\u0103 \u00een limb\u0103 \u00een diferite contexte, v\u0103 ve\u021bi \u00eembun\u0103t\u0103\u021bi rapid <a href=\"https:\/\/talkpal.ai\/ro\/gramatica\/\">abilit\u0103\u021bile gramaticale<\/a> basce. Porne\u0219te (mult noroc) cu c\u0103l\u0103toria ta \u00een limba basc\u0103 \u0219i bucur\u0103-te de dezv\u0103luirea lumii enigmatice, dar captivante a gramaticii basce!<\/p>\n<\/div><\/div>\n\r\n<section class=\"learnNavigationSection\">\r\n            \r\n        <a href=\"https:\/\/talkpal.ai\/ro\/invata-basca\/\">\r\n            <div class=\"learnNavigationWrapper\">\r\n                <div class=\"learnNavigationContent\">\r\n                    <img decoding=\"async\" src=\"https:\/\/talkpal.ai\/wp-content\/uploads\/2025\/11\/Basque.png\" alt=\"Basque Flag\">\r\n                    <div>\r\n                        <h4>Despre \u00eenv\u0103\u021barea basc\u0103<\/h4>\r\n                        <p>Afla\u021bi totul despre gramatica basc\u0103.<\/p>\r\n                    <\/div>\r\n                <\/div>\r\n            <\/div>\r\n        <\/a>\r\n\r\n        \r\n        <a href=\"https:\/\/talkpal.ai\/ro\/exercitii-de-gramatica-basca\/\">\r\n            <div class=\"learnNavigationWrapper\">\r\n                <div class=\"learnNavigationContent\">\r\n                    <img decoding=\"async\" src=\"https:\/\/talkpal.ai\/wp-content\/uploads\/2025\/11\/Basque.png\" alt=\"Basque Flag\">\r\n                    <div>\r\n                        <h4>Exerci\u021biu de gramatic\u0103 basc\u0103<\/h4>\r\n                        <p>Exersa\u021bi gramatica basc\u0103.<\/p>\r\n                    <\/div>\r\n                <\/div>\r\n            <\/div>\r\n        <\/a>\r\n\r\n            <\/section>\n<p><\/p>\n","protected":false},"excerpt":{"rendered":"<p>Navigarea prin complexitatea gramaticii basce Basca, o limb\u0103 izolat\u0103 cu o istorie bogat\u0103 \u0219i o semnifica\u021bie cultural\u0103, ofer\u0103 o experien\u021b\u0103 lingvistic\u0103 interesant\u0103 pentru cei dornici s\u0103 exploreze sistemul s\u0103u gramatical unic. Pe m\u0103sur\u0103 ce v\u0103 aventura\u021bi \u00een t\u0103r\u00e2mul bascii, nu numai c\u0103 v\u0103 ve\u021bi \u00eembog\u0103\u021bi repertoriul lingvistic, ci \u0219i ve\u021bi \u00eembr\u0103\u021bi\u0219a o c\u0103l\u0103torie cultural\u0103 fascinant\u0103. [&hellip;]<\/p>\n","protected":false},"author":20,"featured_media":0,"parent":0,"menu_order":0,"comment_status":"closed","ping_status":"closed","template":"LearningContentPage.php","meta":{"_acf_changed":false,"footnotes":""},"class_list":["post-1468870","page","type-page","status-publish","hentry"],"acf":[],"yoast_head":"<!-- This site is optimized with the Yoast SEO Premium plugin v27.2 (Yoast SEO v27.2) - https:\/\/yoast.com\/product\/yoast-seo-premium-wordpress\/ -->\n<title>Gramatica basc\u0103 - Talkpal<\/title>\n<meta name=\"description\" content=\"St\u0103p\u00e2ne\u0219te gramatica basc\u0103 cu acest ghid care acoper\u0103 alfabetul, fonetica, sufixele de caz \u0219i regulile de conjugare a verbelor.\" \/>\n<meta name=\"robots\" content=\"index, follow, max-snippet:-1, max-image-preview:large, max-video-preview:-1\" \/>\n<link rel=\"canonical\" href=\"https:\/\/talkpal.ai\/ro\/gramatica-basca\/\" \/>\n<meta property=\"og:locale\" content=\"ro_RO\" \/>\n<meta property=\"og:type\" content=\"article\" \/>\n<meta property=\"og:title\" content=\"Gramatica basc\u0103\" \/>\n<meta property=\"og:description\" content=\"Navigarea prin complexitatea gramaticii basce Basca, o limb\u0103 izolat\u0103 cu o istorie bogat\u0103 \u0219i o semnifica\u021bie cultural\u0103, ofer\u0103 o experien\u021b\u0103 lingvistic\u0103\" \/>\n<meta property=\"og:url\" content=\"https:\/\/talkpal.ai\/ro\/gramatica-basca\/\" \/>\n<meta property=\"og:site_name\" content=\"Talkpal\" \/>\n<meta property=\"article:publisher\" content=\"https:\/\/www.facebook.com\/profile.php?id=100090733639311\" \/>\n<meta property=\"article:modified_time\" content=\"2025-12-30T15:32:20+00:00\" \/>\n<meta property=\"og:image\" content=\"https:\/\/talkpal.ai\/wp-content\/uploads\/2025\/02\/Progress-tab-16_9.png\" \/>\n\t<meta property=\"og:image:width\" content=\"2880\" \/>\n\t<meta property=\"og:image:height\" content=\"1620\" \/>\n\t<meta property=\"og:image:type\" content=\"image\/png\" \/>\n<meta name=\"twitter:card\" content=\"summary_large_image\" \/>\n<meta name=\"twitter:site\" content=\"@talkpalai\" \/>\n<meta name=\"twitter:label1\" content=\"Timp estimat pentru citire\" \/>\n\t<meta name=\"twitter:data1\" content=\"4 minute\" \/>\n<script type=\"application\/ld+json\" class=\"yoast-schema-graph\">{\"@context\":\"https:\/\/schema.org\",\"@graph\":[{\"@type\":\"WebPage\",\"@id\":\"https:\/\/talkpal.ai\/ro\/gramatica-basca\/\",\"url\":\"https:\/\/talkpal.ai\/ro\/gramatica-basca\/\",\"name\":\"Gramatica basc\u0103 - Talkpal\",\"isPartOf\":{\"@id\":\"https:\/\/talkpal.ai\/ro\/#website\"},\"datePublished\":\"2025-11-11T15:33:17+00:00\",\"dateModified\":\"2025-12-30T15:32:20+00:00\",\"description\":\"St\u0103p\u00e2ne\u0219te gramatica basc\u0103 cu acest ghid care acoper\u0103 alfabetul, fonetica, sufixele de caz \u0219i regulile de conjugare a verbelor.\",\"breadcrumb\":{\"@id\":\"https:\/\/talkpal.ai\/ro\/gramatica-basca\/#breadcrumb\"},\"inLanguage\":\"ro-RO\",\"potentialAction\":[{\"@type\":\"ReadAction\",\"target\":[\"https:\/\/talkpal.ai\/ro\/gramatica-basca\/\"]}]},{\"@type\":\"BreadcrumbList\",\"@id\":\"https:\/\/talkpal.ai\/ro\/gramatica-basca\/#breadcrumb\",\"itemListElement\":[{\"@type\":\"ListItem\",\"position\":1,\"name\":\"Homepage\",\"item\":\"https:\/\/talkpal.ai\/ro\/\"},{\"@type\":\"ListItem\",\"position\":2,\"name\":\"Gramatica basc\u0103\"}]},{\"@type\":\"WebSite\",\"@id\":\"https:\/\/talkpal.ai\/ro\/#website\",\"url\":\"https:\/\/talkpal.ai\/ro\/\",\"name\":\"Talkpal\",\"description\":\"AI Language Learning\",\"publisher\":{\"@id\":\"https:\/\/talkpal.ai\/ro\/#organization\"},\"alternateName\":\"Talkpal AI\",\"potentialAction\":[{\"@type\":\"SearchAction\",\"target\":{\"@type\":\"EntryPoint\",\"urlTemplate\":\"https:\/\/talkpal.ai\/ro\/?s={search_term_string}\"},\"query-input\":{\"@type\":\"PropertyValueSpecification\",\"valueRequired\":true,\"valueName\":\"search_term_string\"}}],\"inLanguage\":\"ro-RO\"},{\"@type\":\"Organization\",\"@id\":\"https:\/\/talkpal.ai\/ro\/#organization\",\"name\":\"Talkpal, Inc.\",\"alternateName\":\"Talkpal AI\",\"url\":\"https:\/\/talkpal.ai\/ro\/\",\"logo\":{\"@type\":\"ImageObject\",\"inLanguage\":\"ro-RO\",\"@id\":\"https:\/\/talkpal.ai\/ro\/#\/schema\/logo\/image\/\",\"url\":\"https:\/\/talkpal.ai\/wp-content\/uploads\/2024\/03\/Talkpal-Logo-Icon.png\",\"contentUrl\":\"https:\/\/talkpal.ai\/wp-content\/uploads\/2024\/03\/Talkpal-Logo-Icon.png\",\"width\":2880,\"height\":2880,\"caption\":\"Talkpal, Inc.\"},\"image\":{\"@id\":\"https:\/\/talkpal.ai\/ro\/#\/schema\/logo\/image\/\"},\"sameAs\":[\"https:\/\/www.facebook.com\/profile.php?id=100090733639311\",\"https:\/\/x.com\/talkpalai\",\"https:\/\/www.linkedin.com\/company\/talkpal\/\",\"https:\/\/www.youtube.com\/@TalkPal\/\",\"https:\/\/www.tiktok.com\/@talkpal\",\"https:\/\/www.instagram.com\/talkpal_ai\/\",\"https:\/\/www.crunchbase.com\/organization\/talkpal-9cde\",\"https:\/\/www.g2.com\/products\/talkpal-for-business\/\",\"https:\/\/www.trustpilot.com\/review\/talkpal.ai\",\"https:\/\/www.capterra.com\/p\/10006800\/TalkPal\/\"],\"description\":\"Talkpal is a language learning web and mobile education app, powered by the latest AI technologies, that provides engaging experiences to its customers in many different languages to help them improve their language skills. Users can chat about unlimited amount of topics with the app and use other modes to practice their language learning.\",\"email\":\"support@talkpal.ai\",\"legalName\":\"Talkpal, Inc.\",\"foundingDate\":\"2023-04-03\",\"duns\":\"118989042\",\"numberOfEmployees\":{\"@type\":\"QuantitativeValue\",\"minValue\":\"11\",\"maxValue\":\"50\"},\"publishingPrinciples\":\"https:\/\/talkpal.ai\/publishing-principles\/\",\"actionableFeedbackPolicy\":\"https:\/\/talkpal.ai\/actionable-feedback-policy\/\",\"correctionsPolicy\":\"https:\/\/talkpal.ai\/corrections-policy\/\",\"ethicsPolicy\":\"https:\/\/talkpal.ai\/ethics-policy\/\",\"diversityPolicy\":\"https:\/\/talkpal.ai\/diversity-policy\/\",\"diversityStaffingReport\":\"https:\/\/talkpal.ai\/diversity-policy\/\"}]}<\/script>\n<!-- \/ Yoast SEO Premium plugin. -->","yoast_head_json":{"title":"Gramatica basc\u0103 - Talkpal","description":"St\u0103p\u00e2ne\u0219te gramatica basc\u0103 cu acest ghid care acoper\u0103 alfabetul, fonetica, sufixele de caz \u0219i regulile de conjugare a verbelor.","robots":{"index":"index","follow":"follow","max-snippet":"max-snippet:-1","max-image-preview":"max-image-preview:large","max-video-preview":"max-video-preview:-1"},"canonical":"https:\/\/talkpal.ai\/ro\/gramatica-basca\/","og_locale":"ro_RO","og_type":"article","og_title":"Gramatica basc\u0103","og_description":"Navigarea prin complexitatea gramaticii basce Basca, o limb\u0103 izolat\u0103 cu o istorie bogat\u0103 \u0219i o semnifica\u021bie cultural\u0103, ofer\u0103 o experien\u021b\u0103 lingvistic\u0103","og_url":"https:\/\/talkpal.ai\/ro\/gramatica-basca\/","og_site_name":"Talkpal","article_publisher":"https:\/\/www.facebook.com\/profile.php?id=100090733639311","article_modified_time":"2025-12-30T15:32:20+00:00","og_image":[{"width":2880,"height":1620,"url":"https:\/\/talkpal.ai\/wp-content\/uploads\/2025\/02\/Progress-tab-16_9.png","type":"image\/png"}],"twitter_card":"summary_large_image","twitter_site":"@talkpalai","twitter_misc":{"Timp estimat pentru citire":"4 minute"},"schema":{"@context":"https:\/\/schema.org","@graph":[{"@type":"WebPage","@id":"https:\/\/talkpal.ai\/ro\/gramatica-basca\/","url":"https:\/\/talkpal.ai\/ro\/gramatica-basca\/","name":"Gramatica basc\u0103 - Talkpal","isPartOf":{"@id":"https:\/\/talkpal.ai\/ro\/#website"},"datePublished":"2025-11-11T15:33:17+00:00","dateModified":"2025-12-30T15:32:20+00:00","description":"St\u0103p\u00e2ne\u0219te gramatica basc\u0103 cu acest ghid care acoper\u0103 alfabetul, fonetica, sufixele de caz \u0219i regulile de conjugare a verbelor.","breadcrumb":{"@id":"https:\/\/talkpal.ai\/ro\/gramatica-basca\/#breadcrumb"},"inLanguage":"ro-RO","potentialAction":[{"@type":"ReadAction","target":["https:\/\/talkpal.ai\/ro\/gramatica-basca\/"]}]},{"@type":"BreadcrumbList","@id":"https:\/\/talkpal.ai\/ro\/gramatica-basca\/#breadcrumb","itemListElement":[{"@type":"ListItem","position":1,"name":"Homepage","item":"https:\/\/talkpal.ai\/ro\/"},{"@type":"ListItem","position":2,"name":"Gramatica basc\u0103"}]},{"@type":"WebSite","@id":"https:\/\/talkpal.ai\/ro\/#website","url":"https:\/\/talkpal.ai\/ro\/","name":"Talkpal","description":"AI Language Learning","publisher":{"@id":"https:\/\/talkpal.ai\/ro\/#organization"},"alternateName":"Talkpal AI","potentialAction":[{"@type":"SearchAction","target":{"@type":"EntryPoint","urlTemplate":"https:\/\/talkpal.ai\/ro\/?s={search_term_string}"},"query-input":{"@type":"PropertyValueSpecification","valueRequired":true,"valueName":"search_term_string"}}],"inLanguage":"ro-RO"},{"@type":"Organization","@id":"https:\/\/talkpal.ai\/ro\/#organization","name":"Talkpal, Inc.","alternateName":"Talkpal AI","url":"https:\/\/talkpal.ai\/ro\/","logo":{"@type":"ImageObject","inLanguage":"ro-RO","@id":"https:\/\/talkpal.ai\/ro\/#\/schema\/logo\/image\/","url":"https:\/\/talkpal.ai\/wp-content\/uploads\/2024\/03\/Talkpal-Logo-Icon.png","contentUrl":"https:\/\/talkpal.ai\/wp-content\/uploads\/2024\/03\/Talkpal-Logo-Icon.png","width":2880,"height":2880,"caption":"Talkpal, Inc."},"image":{"@id":"https:\/\/talkpal.ai\/ro\/#\/schema\/logo\/image\/"},"sameAs":["https:\/\/www.facebook.com\/profile.php?id=100090733639311","https:\/\/x.com\/talkpalai","https:\/\/www.linkedin.com\/company\/talkpal\/","https:\/\/www.youtube.com\/@TalkPal\/","https:\/\/www.tiktok.com\/@talkpal","https:\/\/www.instagram.com\/talkpal_ai\/","https:\/\/www.crunchbase.com\/organization\/talkpal-9cde","https:\/\/www.g2.com\/products\/talkpal-for-business\/","https:\/\/www.trustpilot.com\/review\/talkpal.ai","https:\/\/www.capterra.com\/p\/10006800\/TalkPal\/"],"description":"Talkpal is a language learning web and mobile education app, powered by the latest AI technologies, that provides engaging experiences to its customers in many different languages to help them improve their language skills. Users can chat about unlimited amount of topics with the app and use other modes to practice their language learning.","email":"support@talkpal.ai","legalName":"Talkpal, Inc.","foundingDate":"2023-04-03","duns":"118989042","numberOfEmployees":{"@type":"QuantitativeValue","minValue":"11","maxValue":"50"},"publishingPrinciples":"https:\/\/talkpal.ai\/publishing-principles\/","actionableFeedbackPolicy":"https:\/\/talkpal.ai\/actionable-feedback-policy\/","correctionsPolicy":"https:\/\/talkpal.ai\/corrections-policy\/","ethicsPolicy":"https:\/\/talkpal.ai\/ethics-policy\/","diversityPolicy":"https:\/\/talkpal.ai\/diversity-policy\/","diversityStaffingReport":"https:\/\/talkpal.ai\/diversity-policy\/"}]}},"_links":{"self":[{"href":"https:\/\/talkpal.ai\/ro\/wp-json\/wp\/v2\/pages\/1468870","targetHints":{"allow":["GET"]}}],"collection":[{"href":"https:\/\/talkpal.ai\/ro\/wp-json\/wp\/v2\/pages"}],"about":[{"href":"https:\/\/talkpal.ai\/ro\/wp-json\/wp\/v2\/types\/page"}],"author":[{"embeddable":true,"href":"https:\/\/talkpal.ai\/ro\/wp-json\/wp\/v2\/users\/20"}],"replies":[{"embeddable":true,"href":"https:\/\/talkpal.ai\/ro\/wp-json\/wp\/v2\/comments?post=1468870"}],"version-history":[{"count":0,"href":"https:\/\/talkpal.ai\/ro\/wp-json\/wp\/v2\/pages\/1468870\/revisions"}],"wp:attachment":[{"href":"https:\/\/talkpal.ai\/ro\/wp-json\/wp\/v2\/media?parent=1468870"}],"curies":[{"name":"wp","href":"https:\/\/api.w.org\/{rel}","templated":true}]}}