{"id":1468730,"date":"2025-11-11T15:06:48","date_gmt":"2025-11-11T15:06:48","guid":{"rendered":"https:\/\/talkpal.ai\/exercitii-de-gramatica-asameza\/"},"modified":"2025-12-30T15:22:54","modified_gmt":"2025-12-30T15:22:54","slug":"exercitii-de-gramatica-asameza","status":"publish","type":"page","link":"https:\/\/talkpal.ai\/ro\/exercitii-de-gramatica-asameza\/","title":{"rendered":"Exerci\u021bii de gramatic\u0103 asamez\u0103"},"content":{"rendered":"\r\n\r\n\r\n<section class=\"languageChallengeSection\">\r\n    <div class=\"languageInfoWrapper\">\r\n        \r\n        <h1>Exerci\u021bii de gramatic\u0103 asamez\u0103<\/h1>\r\n        <p>Sunte\u021bi gata s\u0103 v\u0103 scufunda\u021bi \u00een gramatica asamez\u0103? Practicarea c\u00e2torva no\u021biuni de baz\u0103 v\u0103 va ajuta s\u0103 v\u0103 acomoda\u021bi cu aceast\u0103 limb\u0103 unic\u0103 \u0219i frumoas\u0103. \u00cencerca\u021bi aceste exerci\u021bii pentru a v\u0103 consolida \u00eencrederea \u0219i a v\u0103 distra pe parcurs!<\/p>\r\n\r\n                            <a class=\"getStartedHidden\" href=\"https:\/\/app.talkpal.ai\/ro\/signup?lng=\">\u00cencepe<\/a>\r\n        \r\n    <\/div>\r\n\r\n    <figure>\r\n    <img decoding=\"async\" width=\"768\" height=\"768\" src=\"https:\/\/talkpal.ai\/wp-content\/uploads\/2023\/06\/welsh-768x768.png\" class=\"languageImage no-lazy\" alt=\"Language learning for better cognitive abilities\" fetchpriority=\"high\" sizes=\"(max-width: 768px) 150px, 768px\" srcset=\"https:\/\/talkpal.ai\/wp-content\/uploads\/2023\/06\/welsh-768x768.png 768w, https:\/\/talkpal.ai\/wp-content\/uploads\/2023\/06\/welsh-300x300.png 300w\" \/>\r\n    \r\n\r\n    <\/figure>\r\n\r\n            <a class=\"getStartedVisible\" href=\"https:\/\/app.talkpal.ai\/ro\/signup?lng=\">\u00cencepe<\/a>\r\n    \r\n<\/section><section class=\"promotionalBanner\">\r\n    <p class=\"promotionalText\">Cel mai eficient mod de a \u00eenv\u0103\u021ba o limb\u0103<\/p>\r\n    <a class=\"promotionalLink\" href=\"https:\/\/app.talkpal.ai\/ro\/signup?lng=\">\u00cencerca\u021bi Talkpal gratuit<\/a>\r\n<\/section>\n<div class=\"wp-block-group pageContainerStyle\"><div class=\"wp-block-group__inner-container is-layout-constrained wp-block-group-is-layout-constrained\">\n<h2 class=\"wp-block-heading\" id=\"h-assamese-grammar-topics\">Subiecte de gramatic\u0103 asamez\u0103<\/h2>\n\n\n\n<p><a href=\"https:\/\/talkpal.ai\/ro\/cele-mai-mari-greseli-pe-care-trebuie-sa-le-evitati-atunci-cand-invatati-o-limba-noua\/\">\u00cenv\u0103\u021barea unei noi limbi<\/a> poate fi un efort provocator, dar plin de satisfac\u021bii. Asameza, o limb\u0103 indo-arian\u0103 vorbit\u0103 \u00een principal \u00een <a href=\"https:\/\/talkpal.ai\/learn-assamese\/\">Assam<\/a> \u0219i \u00een regiunile \u00eenvecinate, nu face excep\u021bie. Cu tr\u0103s\u0103turile \u0219i structurile <a href=\"https:\/\/talkpal.ai\/locations\/learn-english-in-sale\/\">sale<\/a> distinctive, <a href=\"https:\/\/talkpal.ai\/ro\/talkpal-pentru-educatie\/\">\u00eenv\u0103\u021barea<\/a> limbii asameze beneficiaz\u0103 de o abordare sistematic\u0103 a \u00een\u021belegerii gramaticii sale. Acest ghid prezint\u0103 domeniile cheie ale <a href=\"https:\/\/talkpal.ai\/ro\/gramatica-asameza\/\">gramaticii asameze<\/a> \u00eentr-o secven\u021b\u0103 logic\u0103 pentru <a href=\"https:\/\/talkpal.ai\/ro\/ai-chatbot-pentru-invatarea-limbilor-straine\/\">\u00eenv\u0103\u021barea limbilor str\u0103ine<\/a>, \u00eencep\u00e2nd de la elementele de baz\u0103, cum ar fi substantivele \u0219i determinan\u021bii, \u0219i progres\u00e2nd la zone mai complexe, cum ar fi timpurile \u0219i construc\u021bia propozi\u021biilor.<\/p>\n\n\n\n<h3 class=\"wp-block-heading\" id=\"h-1-nouns\">1. Substantive:<\/h3>\n\n\n\n<p>\u00cencepe\u021bi-v\u0103 c\u0103l\u0103toria \u00een limba asamez\u0103 \u00eenv\u0103\u021b\u00e2nd substantivele. Aceasta include \u00een\u021belegerea substantivelor comune \u0219i proprii, a substantivelor num\u0103rabile \u0219i nenum\u0103rabile, a modului \u00een care se formeaz\u0103 pluralele \u0219i a rolului clasificatorilor numerici. Asameza nu are gen gramatical.<\/p>\n\n\n\n<h3 class=\"wp-block-heading\" id=\"h-2-articles\">2. Articole:<\/h3>\n\n\n\n<p>Asameza nu folose\u0219te articole hot\u0103r\u00e2te sau nehot\u0103r\u00e2te ca <a href=\"https:\/\/talkpal.ai\/ai-english-speaking-practice\/\">engleza<\/a>. Defini\u021bia \u0219i nedefinirea sunt exprimate prin context, demonstrative \u0219i cel numeral care func\u021bioneaz\u0103 ca un marker nedefinit. \u00cen\u021belegerea acestor modele este crucial\u0103 \u00een construc\u021bia propozi\u021biilor.<\/p>\n\n\n\n<h3 class=\"wp-block-heading\" id=\"h-3-adjectives\">3. Adjective:<\/h3>\n\n\n\n<p>\u00cen asamez\u0103, adjectivele preced de obicei substantivele <a href=\"https:\/\/talkpal.ai\/culture\/how-do-i-use-pe-care-correctly\/\">pe care<\/a> le modific\u0103. Afla\u021bi cum sunt folosite adjectivele \u00een pozi\u021bii atributive \u0219i predicative, c\u0103 nu sunt de acord pentru gen \u0219i cum s\u0103 forma\u021bi comparative \u0219i superlative folosind particule sau construc\u021bii perifractice.<\/p>\n\n\n\n<h3 class=\"wp-block-heading\" id=\"h-4-pronouns-determiners\">4. Pronume\/Determinan\u021bi:<\/h3>\n\n\n\n<p>Pronumele \u0219i determinan\u021bii sunt esen\u021biali \u00een asamez\u0103. Studia\u021bi pronumele personale, demonstrative, interogative \u0219i posesive, inclusiv distinc\u021bii de num\u0103r \u0219i niveluri de formalitate sau onorificitate. Afla\u021bi determinan\u021bi pentru cantitate \u0219i utilizarea clasificatoarelor cu cifre.<\/p>\n\n\n\n<h3 class=\"wp-block-heading\" id=\"h-5-verbs\">5. Verbe:<\/h3>\n\n\n\n<p>Verbele asameze \u00ee\u0219i schimb\u0103 forma \u00een func\u021bie de timp, aspect, dispozi\u021bie, persoan\u0103 \u0219i, uneori, nivel onorific. \u00cencepe\u021bi cu formele prezente de baz\u0103 \u0219i explora\u021bi treptat trecutul \u0219i viitorul, \u00eempreun\u0103 cu formele non-finite, cum ar fi participiile \u0219i substantivele verbale.<\/p>\n\n\n\n<h3 class=\"wp-block-heading\" id=\"h-6-tenses\">6. Timpuri:<\/h3>\n\n\n\n<p>Dup\u0103 ce st\u0103p\u00e2ni\u021bi formele verbale, aprofunda\u021bi timpul \u0219i aspectul asamez. \u00cen\u021belege\u021bi cum prezentul, trecutul \u0219i viitorul se combin\u0103 cu aspecte precum perfectiv \u0219i progresiv \u0219i cum sunt folosite \u00een diferite contexte.<\/p>\n\n\n\n<h3 class=\"wp-block-heading\" id=\"h-7-tense-comparison\">7. Compara\u021bie tensionat\u0103:<\/h3>\n\n\n\n<p>Compararea timpurilor \u0219i aspectelor \u00een asamez\u0103 ajut\u0103 la \u00een\u021belegerea secven\u021bei \u0219i nuan\u021belor evenimentelor. Compararea aceluia\u0219i verb \u00eentre timpuri \u0219i aspecte va oferi o \u00een\u021belegere mai clar\u0103 a utiliz\u0103rii.<\/p>\n\n\n\n<h3 class=\"wp-block-heading\" id=\"h-8-progressive\">8. Progresiv:<\/h3>\n\n\n\n<p>Aspectul progresist \u00een asamez\u0103 exprim\u0103 ac\u021biuni \u00een curs. Se formeaz\u0103 \u00een mod obi\u0219nuit cu un participiu verbal \u00eempreun\u0103 cu formele adecvate ale verbului a fi.<\/p>\n\n\n\n<h3 class=\"wp-block-heading\" id=\"h-9-perfect-progressive\">9. Progresiv perfect:<\/h3>\n\n\n\n<p>Acest aspect exprim\u0103 ac\u021biuni care au fost \u00een desf\u0103\u0219urare p\u00e2n\u0103 la un anumit punct. \u00cen asamez\u0103, se formeaz\u0103 folosind forme participiale \u00een combina\u021bie cu formele auxiliare ale verbului a fi pentru a indica continuitatea p\u00e2n\u0103 la un timp de referin\u021b\u0103.<\/p>\n\n\n\n<h3 class=\"wp-block-heading\" id=\"h-10-conditionals\">10. Condi\u021bionale:<\/h3>\n\n\n\n<p>Condi\u021bionalele exprim\u0103 situa\u021bii ipotetice \u0219i posibilele lor rezultate. \u00cenva\u021b\u0103 construc\u021bii condi\u021bionate folosind conjunc\u021bii precum dac\u0103 \u0219i cum diferite timpuri \u0219i aspecte afecteaz\u0103 sensul \u0219i polite\u021bea.<\/p>\n\n\n\n<h3 class=\"wp-block-heading\" id=\"h-11-adverbs\">11. Adverbe:<\/h3>\n\n\n\n<p>Adverbele \u00een asamez\u0103 modific\u0103 verbele, adjectivele sau alte adverbe. Multe semnifica\u021bii adverbiale sunt, de asemenea, exprimate prin fraze postpozi\u021bionale. Acestea ofer\u0103 informa\u021bii despre manier\u0103, loc, timp, grad \u0219i multe altele.<\/p>\n\n\n\n<h3 class=\"wp-block-heading\" id=\"h-12-prepositions\">12. Prepozi\u021bii:<\/h3>\n\n\n\n<p>Asameza folose\u0219te \u00een primul r\u00e2nd postpozi\u021bii care urmeaz\u0103 substantivul mai degrab\u0103 dec\u00e2t prepozi\u021bii. Aceste elemente leag\u0103 cuvinte \u0219i fraze \u0219i exprim\u0103 rela\u021bii de timp, loc, direc\u021bie, posesie \u0219i multe altele.<\/p>\n\n\n\n<h3 class=\"wp-block-heading\" id=\"h-13-sentences\">13. Propozi\u021bii:<\/h3>\n\n\n\n<p>\u00cen cele din urm\u0103, exersa\u021bi construirea propozi\u021biilor. Asameza urmeaz\u0103 de obicei o ordine a verbelor subiect-obiect, folose\u0219te postpozi\u021bii \u0219i a stabilit modele de nega\u021bie \u0219i accentuare. Aplicarea tuturor punctelor gramaticale \u00eenv\u0103\u021bate anterior \u00een context va asigura o \u00een\u021belegere cuprinz\u0103toare a limbii asameze.<\/p>\n<\/div><\/div>\n\r\n<section class=\"learnNavigationSection\">\r\n            \r\n        <a href=\"https:\/\/talkpal.ai\/ro\/invata-asameza\/\">\r\n            <div class=\"learnNavigationWrapper\">\r\n                <div class=\"learnNavigationContent\">\r\n                    <img decoding=\"async\" src=\"https:\/\/talkpal.ai\/wp-content\/uploads\/2025\/11\/Assamese.png\" alt=\"Indian Simplified Flag\">\r\n                    <div>\r\n                        <h4>Despre \u00eenv\u0103\u021barea asamez\u0103<\/h4>\r\n                        <p>Afla\u021bi totul despre gramatica asamez\u0103.<\/p>\r\n                    <\/div>\r\n                <\/div>\r\n            <\/div>\r\n        <\/a>\r\n\r\n        \r\n        <a href=\"https:\/\/talkpal.ai\/ro\/gramatica-asameza\/\">\r\n            <div class=\"learnNavigationWrapper\">\r\n                <div class=\"learnNavigationContent\">\r\n                    <img decoding=\"async\" src=\"https:\/\/talkpal.ai\/wp-content\/uploads\/2025\/11\/Assamese.png\" alt=\"Indian Simplified Flag\">\r\n                    <div>\r\n                        <h4>Lec\u021bii de gramatic\u0103 asamez\u0103<\/h4>\r\n                        <p>Practica\u021bi gramatica asamez\u0103.<\/p>\r\n                    <\/div>\r\n                <\/div>\r\n            <\/div>\r\n        <\/a>\r\n\r\n            <\/section>","protected":false},"excerpt":{"rendered":"<p>Subiecte de gramatic\u0103 asamez\u0103 \u00cenv\u0103\u021barea unei noi limbi poate fi un efort provocator, dar plin de satisfac\u021bii. Asameza, o limb\u0103 indo-arian\u0103 vorbit\u0103 \u00een principal \u00een Assam \u0219i \u00een regiunile \u00eenvecinate, nu face excep\u021bie. Cu tr\u0103s\u0103turile \u0219i structurile sale distinctive, \u00eenv\u0103\u021barea limbii asameze beneficiaz\u0103 de o abordare sistematic\u0103 a \u00een\u021belegerii gramaticii sale. Acest ghid prezint\u0103 domeniile [&hellip;]<\/p>\n","protected":false},"author":20,"featured_media":0,"parent":0,"menu_order":0,"comment_status":"closed","ping_status":"closed","template":"LearningContentPage.php","meta":{"_acf_changed":false,"footnotes":""},"class_list":["post-1468730","page","type-page","status-publish","hentry"],"acf":[],"yoast_head":"<!-- This site is optimized with the Yoast SEO Premium plugin v27.2 (Yoast SEO v27.2) - https:\/\/yoast.com\/product\/yoast-seo-premium-wordpress\/ -->\n<title>Exerci\u021bii de gramatic\u0103 asamez\u0103 - Talkpal<\/title>\n<meta name=\"description\" content=\"\u00cenv\u0103\u021ba\u021bi gramatica Assamese cu exerci\u021bii interactive concepute pentru a v\u0103 \u00eembun\u0103t\u0103\u021bi competen\u021bele \u0219i abilit\u0103\u021bile lingvistice \u00een mod eficient ast\u0103zi.\" \/>\n<meta name=\"robots\" content=\"index, follow, max-snippet:-1, max-image-preview:large, max-video-preview:-1\" \/>\n<link rel=\"canonical\" href=\"https:\/\/talkpal.ai\/ro\/exercitii-de-gramatica-asameza\/\" \/>\n<meta property=\"og:locale\" content=\"ro_RO\" \/>\n<meta property=\"og:type\" content=\"article\" \/>\n<meta property=\"og:title\" content=\"Exerci\u021bii de gramatic\u0103 asamez\u0103\" \/>\n<meta property=\"og:description\" content=\"Subiecte de gramatic\u0103 asamez\u0103 \u00cenv\u0103\u021barea unei noi limbi poate fi un efort provocator, dar plin de satisfac\u021bii. Asameza, o limb\u0103 indo-arian\u0103 vorbit\u0103 \u00een\" \/>\n<meta property=\"og:url\" content=\"https:\/\/talkpal.ai\/ro\/exercitii-de-gramatica-asameza\/\" \/>\n<meta property=\"og:site_name\" content=\"Talkpal\" \/>\n<meta property=\"article:publisher\" content=\"https:\/\/www.facebook.com\/profile.php?id=100090733639311\" \/>\n<meta property=\"article:modified_time\" content=\"2025-12-30T15:22:54+00:00\" \/>\n<meta property=\"og:image\" content=\"https:\/\/talkpal.ai\/wp-content\/uploads\/2025\/02\/Progress-tab-16_9.png\" \/>\n\t<meta property=\"og:image:width\" content=\"2880\" \/>\n\t<meta property=\"og:image:height\" content=\"1620\" \/>\n\t<meta property=\"og:image:type\" content=\"image\/png\" \/>\n<meta name=\"twitter:card\" content=\"summary_large_image\" \/>\n<meta name=\"twitter:site\" content=\"@talkpalai\" \/>\n<meta name=\"twitter:label1\" content=\"Timp estimat pentru citire\" \/>\n\t<meta name=\"twitter:data1\" content=\"3 minute\" \/>\n<script type=\"application\/ld+json\" class=\"yoast-schema-graph\">{\"@context\":\"https:\/\/schema.org\",\"@graph\":[{\"@type\":\"WebPage\",\"@id\":\"https:\/\/talkpal.ai\/ro\/exercitii-de-gramatica-asameza\/\",\"url\":\"https:\/\/talkpal.ai\/ro\/exercitii-de-gramatica-asameza\/\",\"name\":\"Exerci\u021bii de gramatic\u0103 asamez\u0103 - Talkpal\",\"isPartOf\":{\"@id\":\"https:\/\/talkpal.ai\/ro\/#website\"},\"datePublished\":\"2025-11-11T15:06:48+00:00\",\"dateModified\":\"2025-12-30T15:22:54+00:00\",\"description\":\"\u00cenv\u0103\u021ba\u021bi gramatica Assamese cu exerci\u021bii interactive concepute pentru a v\u0103 \u00eembun\u0103t\u0103\u021bi competen\u021bele \u0219i abilit\u0103\u021bile lingvistice \u00een mod eficient ast\u0103zi.\",\"breadcrumb\":{\"@id\":\"https:\/\/talkpal.ai\/ro\/exercitii-de-gramatica-asameza\/#breadcrumb\"},\"inLanguage\":\"ro-RO\",\"potentialAction\":[{\"@type\":\"ReadAction\",\"target\":[\"https:\/\/talkpal.ai\/ro\/exercitii-de-gramatica-asameza\/\"]}]},{\"@type\":\"BreadcrumbList\",\"@id\":\"https:\/\/talkpal.ai\/ro\/exercitii-de-gramatica-asameza\/#breadcrumb\",\"itemListElement\":[{\"@type\":\"ListItem\",\"position\":1,\"name\":\"Homepage\",\"item\":\"https:\/\/talkpal.ai\/ro\/\"},{\"@type\":\"ListItem\",\"position\":2,\"name\":\"Exerci\u021bii de gramatic\u0103 asamez\u0103\"}]},{\"@type\":\"WebSite\",\"@id\":\"https:\/\/talkpal.ai\/ro\/#website\",\"url\":\"https:\/\/talkpal.ai\/ro\/\",\"name\":\"Talkpal\",\"description\":\"AI Language Learning\",\"publisher\":{\"@id\":\"https:\/\/talkpal.ai\/ro\/#organization\"},\"alternateName\":\"Talkpal AI\",\"potentialAction\":[{\"@type\":\"SearchAction\",\"target\":{\"@type\":\"EntryPoint\",\"urlTemplate\":\"https:\/\/talkpal.ai\/ro\/?s={search_term_string}\"},\"query-input\":{\"@type\":\"PropertyValueSpecification\",\"valueRequired\":true,\"valueName\":\"search_term_string\"}}],\"inLanguage\":\"ro-RO\"},{\"@type\":\"Organization\",\"@id\":\"https:\/\/talkpal.ai\/ro\/#organization\",\"name\":\"Talkpal, Inc.\",\"alternateName\":\"Talkpal AI\",\"url\":\"https:\/\/talkpal.ai\/ro\/\",\"logo\":{\"@type\":\"ImageObject\",\"inLanguage\":\"ro-RO\",\"@id\":\"https:\/\/talkpal.ai\/ro\/#\/schema\/logo\/image\/\",\"url\":\"https:\/\/talkpal.ai\/wp-content\/uploads\/2024\/03\/Talkpal-Logo-Icon.png\",\"contentUrl\":\"https:\/\/talkpal.ai\/wp-content\/uploads\/2024\/03\/Talkpal-Logo-Icon.png\",\"width\":2880,\"height\":2880,\"caption\":\"Talkpal, Inc.\"},\"image\":{\"@id\":\"https:\/\/talkpal.ai\/ro\/#\/schema\/logo\/image\/\"},\"sameAs\":[\"https:\/\/www.facebook.com\/profile.php?id=100090733639311\",\"https:\/\/x.com\/talkpalai\",\"https:\/\/www.linkedin.com\/company\/talkpal\/\",\"https:\/\/www.youtube.com\/@TalkPal\/\",\"https:\/\/www.tiktok.com\/@talkpal\",\"https:\/\/www.instagram.com\/talkpal_ai\/\",\"https:\/\/www.crunchbase.com\/organization\/talkpal-9cde\",\"https:\/\/www.g2.com\/products\/talkpal-for-business\/\",\"https:\/\/www.trustpilot.com\/review\/talkpal.ai\",\"https:\/\/www.capterra.com\/p\/10006800\/TalkPal\/\"],\"description\":\"Talkpal is a language learning web and mobile education app, powered by the latest AI technologies, that provides engaging experiences to its customers in many different languages to help them improve their language skills. Users can chat about unlimited amount of topics with the app and use other modes to practice their language learning.\",\"email\":\"support@talkpal.ai\",\"legalName\":\"Talkpal, Inc.\",\"foundingDate\":\"2023-04-03\",\"duns\":\"118989042\",\"numberOfEmployees\":{\"@type\":\"QuantitativeValue\",\"minValue\":\"11\",\"maxValue\":\"50\"},\"publishingPrinciples\":\"https:\/\/talkpal.ai\/publishing-principles\/\",\"actionableFeedbackPolicy\":\"https:\/\/talkpal.ai\/actionable-feedback-policy\/\",\"correctionsPolicy\":\"https:\/\/talkpal.ai\/corrections-policy\/\",\"ethicsPolicy\":\"https:\/\/talkpal.ai\/ethics-policy\/\",\"diversityPolicy\":\"https:\/\/talkpal.ai\/diversity-policy\/\",\"diversityStaffingReport\":\"https:\/\/talkpal.ai\/diversity-policy\/\"}]}<\/script>\n<!-- \/ Yoast SEO Premium plugin. -->","yoast_head_json":{"title":"Exerci\u021bii de gramatic\u0103 asamez\u0103 - Talkpal","description":"\u00cenv\u0103\u021ba\u021bi gramatica Assamese cu exerci\u021bii interactive concepute pentru a v\u0103 \u00eembun\u0103t\u0103\u021bi competen\u021bele \u0219i abilit\u0103\u021bile lingvistice \u00een mod eficient ast\u0103zi.","robots":{"index":"index","follow":"follow","max-snippet":"max-snippet:-1","max-image-preview":"max-image-preview:large","max-video-preview":"max-video-preview:-1"},"canonical":"https:\/\/talkpal.ai\/ro\/exercitii-de-gramatica-asameza\/","og_locale":"ro_RO","og_type":"article","og_title":"Exerci\u021bii de gramatic\u0103 asamez\u0103","og_description":"Subiecte de gramatic\u0103 asamez\u0103 \u00cenv\u0103\u021barea unei noi limbi poate fi un efort provocator, dar plin de satisfac\u021bii. Asameza, o limb\u0103 indo-arian\u0103 vorbit\u0103 \u00een","og_url":"https:\/\/talkpal.ai\/ro\/exercitii-de-gramatica-asameza\/","og_site_name":"Talkpal","article_publisher":"https:\/\/www.facebook.com\/profile.php?id=100090733639311","article_modified_time":"2025-12-30T15:22:54+00:00","og_image":[{"width":2880,"height":1620,"url":"https:\/\/talkpal.ai\/wp-content\/uploads\/2025\/02\/Progress-tab-16_9.png","type":"image\/png"}],"twitter_card":"summary_large_image","twitter_site":"@talkpalai","twitter_misc":{"Timp estimat pentru citire":"3 minute"},"schema":{"@context":"https:\/\/schema.org","@graph":[{"@type":"WebPage","@id":"https:\/\/talkpal.ai\/ro\/exercitii-de-gramatica-asameza\/","url":"https:\/\/talkpal.ai\/ro\/exercitii-de-gramatica-asameza\/","name":"Exerci\u021bii de gramatic\u0103 asamez\u0103 - Talkpal","isPartOf":{"@id":"https:\/\/talkpal.ai\/ro\/#website"},"datePublished":"2025-11-11T15:06:48+00:00","dateModified":"2025-12-30T15:22:54+00:00","description":"\u00cenv\u0103\u021ba\u021bi gramatica Assamese cu exerci\u021bii interactive concepute pentru a v\u0103 \u00eembun\u0103t\u0103\u021bi competen\u021bele \u0219i abilit\u0103\u021bile lingvistice \u00een mod eficient ast\u0103zi.","breadcrumb":{"@id":"https:\/\/talkpal.ai\/ro\/exercitii-de-gramatica-asameza\/#breadcrumb"},"inLanguage":"ro-RO","potentialAction":[{"@type":"ReadAction","target":["https:\/\/talkpal.ai\/ro\/exercitii-de-gramatica-asameza\/"]}]},{"@type":"BreadcrumbList","@id":"https:\/\/talkpal.ai\/ro\/exercitii-de-gramatica-asameza\/#breadcrumb","itemListElement":[{"@type":"ListItem","position":1,"name":"Homepage","item":"https:\/\/talkpal.ai\/ro\/"},{"@type":"ListItem","position":2,"name":"Exerci\u021bii de gramatic\u0103 asamez\u0103"}]},{"@type":"WebSite","@id":"https:\/\/talkpal.ai\/ro\/#website","url":"https:\/\/talkpal.ai\/ro\/","name":"Talkpal","description":"AI Language Learning","publisher":{"@id":"https:\/\/talkpal.ai\/ro\/#organization"},"alternateName":"Talkpal AI","potentialAction":[{"@type":"SearchAction","target":{"@type":"EntryPoint","urlTemplate":"https:\/\/talkpal.ai\/ro\/?s={search_term_string}"},"query-input":{"@type":"PropertyValueSpecification","valueRequired":true,"valueName":"search_term_string"}}],"inLanguage":"ro-RO"},{"@type":"Organization","@id":"https:\/\/talkpal.ai\/ro\/#organization","name":"Talkpal, Inc.","alternateName":"Talkpal AI","url":"https:\/\/talkpal.ai\/ro\/","logo":{"@type":"ImageObject","inLanguage":"ro-RO","@id":"https:\/\/talkpal.ai\/ro\/#\/schema\/logo\/image\/","url":"https:\/\/talkpal.ai\/wp-content\/uploads\/2024\/03\/Talkpal-Logo-Icon.png","contentUrl":"https:\/\/talkpal.ai\/wp-content\/uploads\/2024\/03\/Talkpal-Logo-Icon.png","width":2880,"height":2880,"caption":"Talkpal, Inc."},"image":{"@id":"https:\/\/talkpal.ai\/ro\/#\/schema\/logo\/image\/"},"sameAs":["https:\/\/www.facebook.com\/profile.php?id=100090733639311","https:\/\/x.com\/talkpalai","https:\/\/www.linkedin.com\/company\/talkpal\/","https:\/\/www.youtube.com\/@TalkPal\/","https:\/\/www.tiktok.com\/@talkpal","https:\/\/www.instagram.com\/talkpal_ai\/","https:\/\/www.crunchbase.com\/organization\/talkpal-9cde","https:\/\/www.g2.com\/products\/talkpal-for-business\/","https:\/\/www.trustpilot.com\/review\/talkpal.ai","https:\/\/www.capterra.com\/p\/10006800\/TalkPal\/"],"description":"Talkpal is a language learning web and mobile education app, powered by the latest AI technologies, that provides engaging experiences to its customers in many different languages to help them improve their language skills. Users can chat about unlimited amount of topics with the app and use other modes to practice their language learning.","email":"support@talkpal.ai","legalName":"Talkpal, Inc.","foundingDate":"2023-04-03","duns":"118989042","numberOfEmployees":{"@type":"QuantitativeValue","minValue":"11","maxValue":"50"},"publishingPrinciples":"https:\/\/talkpal.ai\/publishing-principles\/","actionableFeedbackPolicy":"https:\/\/talkpal.ai\/actionable-feedback-policy\/","correctionsPolicy":"https:\/\/talkpal.ai\/corrections-policy\/","ethicsPolicy":"https:\/\/talkpal.ai\/ethics-policy\/","diversityPolicy":"https:\/\/talkpal.ai\/diversity-policy\/","diversityStaffingReport":"https:\/\/talkpal.ai\/diversity-policy\/"}]}},"_links":{"self":[{"href":"https:\/\/talkpal.ai\/ro\/wp-json\/wp\/v2\/pages\/1468730","targetHints":{"allow":["GET"]}}],"collection":[{"href":"https:\/\/talkpal.ai\/ro\/wp-json\/wp\/v2\/pages"}],"about":[{"href":"https:\/\/talkpal.ai\/ro\/wp-json\/wp\/v2\/types\/page"}],"author":[{"embeddable":true,"href":"https:\/\/talkpal.ai\/ro\/wp-json\/wp\/v2\/users\/20"}],"replies":[{"embeddable":true,"href":"https:\/\/talkpal.ai\/ro\/wp-json\/wp\/v2\/comments?post=1468730"}],"version-history":[{"count":0,"href":"https:\/\/talkpal.ai\/ro\/wp-json\/wp\/v2\/pages\/1468730\/revisions"}],"wp:attachment":[{"href":"https:\/\/talkpal.ai\/ro\/wp-json\/wp\/v2\/media?parent=1468730"}],"curies":[{"name":"wp","href":"https:\/\/api.w.org\/{rel}","templated":true}]}}