{"id":1468590,"date":"2025-11-12T17:00:53","date_gmt":"2025-11-12T17:00:53","guid":{"rendered":"https:\/\/talkpal.ai\/exercitii-de-gramatica-somaleza\/"},"modified":"2025-12-30T11:14:16","modified_gmt":"2025-12-30T11:14:16","slug":"exercitii-de-gramatica-somaleza","status":"publish","type":"page","link":"https:\/\/talkpal.ai\/ro\/exercitii-de-gramatica-somaleza\/","title":{"rendered":"Exerci\u021bii de gramatic\u0103 somalez\u0103"},"content":{"rendered":"\r\n\r\n\r\n<section class=\"languageChallengeSection\">\r\n    <div class=\"languageInfoWrapper\">\r\n        \r\n        <h1>Exerci\u021bii de gramatic\u0103 somalez\u0103<\/h1>\r\n        <p>Sunte\u021bi gata s\u0103 v\u0103 scufunda\u021bi \u00een gramatica <a href=\"https:\/\/talkpal.ai\/learn-somali\/\">somalez\u0103<\/a>? Practicarea c\u00e2torva no\u021biuni de baz\u0103 v\u0103 va ajuta s\u0103 v\u0103 acomoda\u021bi cu aceast\u0103 limb\u0103 unic\u0103 \u0219i frumoas\u0103. \u00cencerca\u021bi aceste exerci\u021bii pentru a v\u0103 consolida \u00eencrederea \u0219i a v\u0103 distra pe parcurs!<\/p>\r\n\r\n                            <a class=\"getStartedHidden\" href=\"https:\/\/app.talkpal.ai\/ro\/signup?lng=\">\u00cencepe<\/a>\r\n        \r\n    <\/div>\r\n\r\n    <figure>\r\n    <img decoding=\"async\" width=\"768\" height=\"768\" src=\"https:\/\/talkpal.ai\/wp-content\/uploads\/2023\/06\/welsh-768x768.png\" class=\"languageImage no-lazy\" alt=\"Language learning for better cognitive abilities\" fetchpriority=\"high\" sizes=\"(max-width: 768px) 150px, 768px\" srcset=\"https:\/\/talkpal.ai\/wp-content\/uploads\/2023\/06\/welsh-768x768.png 768w, https:\/\/talkpal.ai\/wp-content\/uploads\/2023\/06\/welsh-300x300.png 300w\" \/>\r\n    \r\n\r\n    <\/figure>\r\n\r\n            <a class=\"getStartedVisible\" href=\"https:\/\/app.talkpal.ai\/ro\/signup?lng=\">\u00cencepe<\/a>\r\n    \r\n<\/section><section class=\"promotionalBanner\">\r\n    <p class=\"promotionalText\">Cel mai eficient mod de a \u00eenv\u0103\u021ba o limb\u0103<\/p>\r\n    <a class=\"promotionalLink\" href=\"https:\/\/app.talkpal.ai\/ro\/signup?lng=\">\u00cencerca\u021bi Talkpal gratuit<\/a>\r\n<\/section>\n<div class=\"wp-block-group pageContainerStyle\"><div class=\"wp-block-group__inner-container is-layout-constrained wp-block-group-is-layout-constrained\">\n<h2 class=\"wp-block-heading\" id=\"h-somali-grammar-topics\">Subiecte de gramatic\u0103 somalez\u0103<\/h2>\n\n\n\n<p><a href=\"https:\/\/talkpal.ai\/ro\/cele-mai-mari-greseli-pe-care-trebuie-sa-le-evitati-atunci-cand-invatati-o-limba-noua\/\">\u00cenv\u0103\u021barea unei noi limbi<\/a> poate fi un efort provocator, dar plin de satisfac\u021bii. Somaliza, o limb\u0103 cushitic\u0103 vorbit\u0103 \u00een principal \u00een <a href=\"https:\/\/talkpal.ai\/learn-somali\/\">Somalia<\/a> \u0219i \u00een Cornul Africii \u0219i \u00een diaspora, nu face excep\u021bie. Cu caracteristicile \u0219i structurile <a href=\"https:\/\/talkpal.ai\/locations\/learn-english-in-sale\/\">sale<\/a> unice, <a href=\"https:\/\/talkpal.ai\/ro\/talkpal-pentru-educatie\/\">\u00eenv\u0103\u021barea<\/a> limbii somaleze necesit\u0103 o abordare sistematic\u0103 pentru \u00een\u021belegerea gramaticii sale. Acest ghid prezint\u0103 domeniile cheie ale<a href=\"https:\/\/talkpal.ai\/ro\/gramatica-somaleza\/\"> gramaticii somaleze<\/a> \u00eentr-o secven\u021b\u0103 logic\u0103 pentru <a href=\"https:\/\/talkpal.ai\/ro\/talkpal-pentru-educatie\/\">\u00eenv\u0103\u021barea limbilor str\u0103ine<\/a>, \u00eencep\u00e2nd de la elementele de baz\u0103, cum ar fi substantivele \u0219i articolele, \u0219i progres\u00e2nd la domenii mai complexe, cum ar fi timpurile \u0219i construc\u021bia propozi\u021biilor.<\/p>\n\n\n\n<h3 class=\"wp-block-heading\" id=\"h-1-nouns\">1. Substantive:<\/h3>\n\n\n\n<p>\u00cencepe\u021bi-v\u0103 c\u0103l\u0103toria \u00een limba somalez\u0103 \u00eenv\u0103\u021b\u00e2nd substantivele. Aceasta include \u00een\u021belegerea diferitelor categorii de substantive, cum ar fi substantivele comune \u0219i proprii, genul lor gramatical \u0219i formele lor de plural cu sufixe comune \u0219i modele neregulate.<\/p>\n\n\n\n<h3 class=\"wp-block-heading\" id=\"h-2-articles\">2. Articole:<\/h3>\n\n\n\n<p>Articolele \u00een limba somalez\u0103 sunt folosite diferit dec\u00e2t \u00een <a href=\"https:\/\/talkpal.ai\/ai-english-speaking-practice\/\">englez\u0103<\/a>. Somaleza folose\u0219te un articol hotarizat cu sufix, de obicei -ka sau -ta \u0219i -ga sau -da, care se ata\u0219eaz\u0103 la ultimul cuv\u00e2nt dintr-o expresie nominal\u0103, \u00een timp ce nedefinirea este de obicei exprimat\u0103 prin substantivul gol sau cuvinte precum mid sau hal.<\/p>\n\n\n\n<h3 class=\"wp-block-heading\" id=\"h-3-adjectives\">3. Adjective:<\/h3>\n\n\n\n<p>Adjectivele \u00een somalez\u0103 urmeaz\u0103 substantivele lor, ceea ce este diferit de englezesc. Ele sunt de acord \u00een gen \u0219i num\u0103r \u0219i poart\u0103 adesea sufixul definit atunci c\u00e2nd sintagma nominal\u0103 este definit\u0103; Afla\u021bi cum s\u0103 forma\u021bi comparative \u0219i superlative cu ka &#8230; Badan \u0219i Ugu &#8230; Badan.<\/p>\n\n\n\n<h3 class=\"wp-block-heading\" id=\"h-4-pronouns-determiners\">4. Pronume\/Determinan\u021bi:<\/h3>\n\n\n\n<p>Pronumele \u0219i determinan\u021bii sunt esen\u021biali \u00een somalez\u0103; ele \u00eenlocuiesc substantivele \u0219i ofer\u0103 informa\u021bii despre cantitate, posesie \u0219i multe altele. \u00cenva\u021b\u0103 pronume independente, demonstrative precum kan, tan, kuwaas, cuantificatoare precum qaar \u0219i badan \u0219i termina\u021bii posesive precum -kayga \u0219i -tayda ata\u0219ate unor substantive definite.<\/p>\n\n\n\n<h3 class=\"wp-block-heading\" id=\"h-5-verbs\">5. Verbe:<\/h3>\n\n\n\n<p>Verbele somaleze au forme diferite \u00een func\u021bie de timp, aspect \u0219i dispozi\u021bie. \u00cencepe\u021bi cu formele prezente, cum ar fi obi\u0219nuitul -aa \u0219i progresivul -ayaa, apoi explora\u021bi formele trecute \u0219i modurile de a exprima viitorul, \u00eempreun\u0103 cu markerii de subiect comuni \u0219i negarea cu ma.<\/p>\n\n\n\n<h3 class=\"wp-block-heading\" id=\"h-6-tenses\">6. Timpuri:<\/h3>\n\n\n\n<p>Dup\u0103 ce st\u0103p\u00e2ni\u021bi formele verbale, aprofunda\u021bi timpurile \u0219i aspectele somaleze. Aceasta include \u00een\u021belegerea prezentului obi\u0219nuit, prezent progresiv, <a href=\"https:\/\/talkpal.ai\/ro\/grammar\/trecut-simplu-in-gramatica-engleza\/\">trecut simplu<\/a>, trecut progresiv \u0219i modalit\u0103\u021bi de exprimare a timpului viitor cu doon \u0219i adverbe timpului, precum \u0219i rolurile particulelor precum waa, baa \u0219i ayaa.<\/p>\n\n\n\n<h3 class=\"wp-block-heading\" id=\"h-7-tense-comparison\">7. Compara\u021bie tensionat\u0103:<\/h3>\n\n\n\n<p>Compararea timpurilor \u00een somalez\u0103 ajut\u0103 la \u00een\u021belegerea secven\u021bei evenimentelor. Compararea aceluia\u0219i verb \u00eentre forme obi\u0219nuite, progresive, trecute \u0219i viitoare va oferi o mai bun\u0103 \u00een\u021belegere a modului \u00een care sufixele \u0219i particulele \u00ee\u0219i schimb\u0103 sensul \u00een context.<\/p>\n\n\n\n<h3 class=\"wp-block-heading\" id=\"h-8-progressive\">8. Progresiv:<\/h3>\n\n\n\n<p>Timpul progresiv \u00een somalez\u0103 este folosit pentru a exprima ac\u021biuni \u00een curs. Se formeaz\u0103 cu r\u0103d\u0103cina verbului plus -ayaa \u0219i markeri de subiect adecva\u021bi, de exemplu waan akhriyayaa pentru Citesc.<\/p>\n\n\n\n<h3 class=\"wp-block-heading\" id=\"h-9-perfect-progressive\">9. Progresiv perfect:<\/h3>\n\n\n\n<p>Acest timp este folosit pentru a exprima ac\u021biuni care au fost \u00een curs de desf\u0103\u0219urare p\u00e2n\u0103 la un anumit punct. \u00cen somalez\u0103, este de obicei exprimat cu trecutul progresiv -ayay \u00eempreun\u0103 cu expresii temporale precum tan <a href=\"https:\/\/talkpal.ai\/locations\/language-courses-in-iyo\/\">iyo<\/a> \u0219i ilaa sau cu construc\u021bii precum ku jiray plus un substantiv verbal.<\/p>\n\n\n\n<h3 class=\"wp-block-heading\" id=\"h-10-conditionals\">10. Condi\u021bionale:<\/h3>\n\n\n\n<p>Condi\u021bionalele exprim\u0103 situa\u021bii ipotetice \u0219i posibilele lor rezultate. Ei folosesc \u00een mod obi\u0219nuit conjunc\u021bia haddii cu forma verbului subjunctiv, iar nega\u021bia apare cu forme precum uusan sau aadan, dup\u0103 caz.<\/p>\n\n\n\n<h3 class=\"wp-block-heading\" id=\"h-11-adverbs\">11. Adverbe:<\/h3>\n\n\n\n<p>Adverbele \u00een somalez\u0103 modific\u0103 verbele, adjectivele sau alte adverbe. Ele ofer\u0103 informa\u021bii despre manier\u0103, loc, timp, grad \u0219i multe altele, adesea formate cu si pentru manier\u0103 \u0219i incluz\u00e2nd elemente comune precum hadda, <a href=\"https:\/\/talkpal.ai\/talkpal-new-years-discount\/\">berri<\/a>, halkaa \u0219i aad.<\/p>\n\n\n\n<h3 class=\"wp-block-heading\" id=\"h-12-prepositions\">12. Prepozi\u021bii:<\/h3>\n\n\n\n<p>Prepozi\u021biile leag\u0103 cuvintele \u0219i expresiile \u00eempreun\u0103. Somala folose\u0219te elemente precum ku in sau at, ka from, u to or for, la with \u0219i dhex between, care se combin\u0103 cu sufixe pronominale precum igu, kaa \u0219i ugu.<\/p>\n\n\n\n<h3 class=\"wp-block-heading\" id=\"h-13-sentences\">13. Propozi\u021bii:<\/h3>\n\n\n\n<p>\u00cen cele din urm\u0103, exersa\u021bi construirea propozi\u021biilor. Acest lucru va implica utilizarea tuturor punctelor gramaticale \u00eenv\u0103\u021bate anterior \u00een context, observ\u00e2nd c\u0103 somaleza tinde spre ordinea final\u0103 a verbelor \u0219i folose\u0219te markeri de focalizare \u0219i subiect precum waa, baa \u0219i ayaa, cu nega\u021bia marcat\u0103 de ma.<\/p>\n<\/div><\/div>\n\r\n<section class=\"learnNavigationSection\">\r\n            \r\n        <a href=\"https:\/\/talkpal.ai\/ro\/invata-somaleza\/\">\r\n            <div class=\"learnNavigationWrapper\">\r\n                <div class=\"learnNavigationContent\">\r\n                    <img decoding=\"async\" src=\"https:\/\/talkpal.ai\/wp-content\/uploads\/2025\/11\/Somali.png\" alt=\"Somalian Flag\">\r\n                    <div>\r\n                        <h4>Despre \u00eenv\u0103\u021barea somalez\u0103<\/h4>\r\n                        <p>Afla\u021bi totul despre gramatica somalez\u0103.<\/p>\r\n                    <\/div>\r\n                <\/div>\r\n            <\/div>\r\n        <\/a>\r\n\r\n        \r\n        <a href=\"https:\/\/talkpal.ai\/ro\/gramatica-somaleza\/\">\r\n            <div class=\"learnNavigationWrapper\">\r\n                <div class=\"learnNavigationContent\">\r\n                    <img decoding=\"async\" src=\"https:\/\/talkpal.ai\/wp-content\/uploads\/2025\/11\/Somali.png\" alt=\"Somalian Flag\">\r\n                    <div>\r\n                        <h4>Lec\u021bii de gramatic\u0103 somalez\u0103<\/h4>\r\n                        <p>Practica\u021bi gramatica somalez\u0103.<\/p>\r\n                    <\/div>\r\n                <\/div>\r\n            <\/div>\r\n        <\/a>\r\n\r\n            <\/section>","protected":false},"excerpt":{"rendered":"<p>Subiecte de gramatic\u0103 somalez\u0103 \u00cenv\u0103\u021barea unei noi limbi poate fi un efort provocator, dar plin de satisfac\u021bii. Somaliza, o limb\u0103 cushitic\u0103 vorbit\u0103 \u00een principal \u00een Somalia \u0219i \u00een Cornul Africii \u0219i \u00een diaspora, nu face excep\u021bie. Cu caracteristicile \u0219i structurile sale unice, \u00eenv\u0103\u021barea limbii somaleze necesit\u0103 o abordare sistematic\u0103 pentru \u00een\u021belegerea gramaticii sale. Acest ghid [&hellip;]<\/p>\n","protected":false},"author":20,"featured_media":0,"parent":0,"menu_order":0,"comment_status":"closed","ping_status":"closed","template":"LearningContentPage.php","meta":{"_acf_changed":false,"footnotes":""},"class_list":["post-1468590","page","type-page","status-publish","hentry"],"acf":[],"yoast_head":"<!-- This site is optimized with the Yoast SEO Premium plugin v27.2 (Yoast SEO v27.2) - https:\/\/yoast.com\/product\/yoast-seo-premium-wordpress\/ -->\n<title>Exerci\u021bii de gramatic\u0103 somalez\u0103 - Talkpal<\/title>\n<meta name=\"description\" content=\"St\u0103p\u00e2ne\u0219te gramatica somalez\u0103 cu exerci\u021biile noastre cuprinz\u0103toare care acoper\u0103 substantive, verbe \u0219i timpuri pentru \u00eenv\u0103\u021barea eficient\u0103 a limbii.\" \/>\n<meta name=\"robots\" content=\"index, follow, max-snippet:-1, max-image-preview:large, max-video-preview:-1\" \/>\n<link rel=\"canonical\" href=\"https:\/\/talkpal.ai\/ro\/exercitii-de-gramatica-somaleza\/\" \/>\n<meta property=\"og:locale\" content=\"ro_RO\" \/>\n<meta property=\"og:type\" content=\"article\" \/>\n<meta property=\"og:title\" content=\"Exerci\u021bii de gramatic\u0103 somalez\u0103\" \/>\n<meta property=\"og:description\" content=\"Subiecte de gramatic\u0103 somalez\u0103 \u00cenv\u0103\u021barea unei noi limbi poate fi un efort provocator, dar plin de satisfac\u021bii. Somaliza, o limb\u0103 cushitic\u0103 vorbit\u0103 \u00een\" \/>\n<meta property=\"og:url\" content=\"https:\/\/talkpal.ai\/ro\/exercitii-de-gramatica-somaleza\/\" \/>\n<meta property=\"og:site_name\" content=\"Talkpal\" \/>\n<meta property=\"article:publisher\" content=\"https:\/\/www.facebook.com\/profile.php?id=100090733639311\" \/>\n<meta property=\"article:modified_time\" content=\"2025-12-30T11:14:16+00:00\" \/>\n<meta property=\"og:image\" content=\"https:\/\/talkpal.ai\/wp-content\/uploads\/2025\/02\/Progress-tab-16_9.png\" \/>\n\t<meta property=\"og:image:width\" content=\"2880\" \/>\n\t<meta property=\"og:image:height\" content=\"1620\" \/>\n\t<meta property=\"og:image:type\" content=\"image\/png\" \/>\n<meta name=\"twitter:card\" content=\"summary_large_image\" \/>\n<meta name=\"twitter:site\" content=\"@talkpalai\" \/>\n<meta name=\"twitter:label1\" content=\"Timp estimat pentru citire\" \/>\n\t<meta name=\"twitter:data1\" content=\"4 minute\" \/>\n<script type=\"application\/ld+json\" class=\"yoast-schema-graph\">{\"@context\":\"https:\/\/schema.org\",\"@graph\":[{\"@type\":\"WebPage\",\"@id\":\"https:\/\/talkpal.ai\/ro\/exercitii-de-gramatica-somaleza\/\",\"url\":\"https:\/\/talkpal.ai\/ro\/exercitii-de-gramatica-somaleza\/\",\"name\":\"Exerci\u021bii de gramatic\u0103 somalez\u0103 - Talkpal\",\"isPartOf\":{\"@id\":\"https:\/\/talkpal.ai\/ro\/#website\"},\"datePublished\":\"2025-11-12T17:00:53+00:00\",\"dateModified\":\"2025-12-30T11:14:16+00:00\",\"description\":\"St\u0103p\u00e2ne\u0219te gramatica somalez\u0103 cu exerci\u021biile noastre cuprinz\u0103toare care acoper\u0103 substantive, verbe \u0219i timpuri pentru \u00eenv\u0103\u021barea eficient\u0103 a limbii.\",\"breadcrumb\":{\"@id\":\"https:\/\/talkpal.ai\/ro\/exercitii-de-gramatica-somaleza\/#breadcrumb\"},\"inLanguage\":\"ro-RO\",\"potentialAction\":[{\"@type\":\"ReadAction\",\"target\":[\"https:\/\/talkpal.ai\/ro\/exercitii-de-gramatica-somaleza\/\"]}]},{\"@type\":\"BreadcrumbList\",\"@id\":\"https:\/\/talkpal.ai\/ro\/exercitii-de-gramatica-somaleza\/#breadcrumb\",\"itemListElement\":[{\"@type\":\"ListItem\",\"position\":1,\"name\":\"Homepage\",\"item\":\"https:\/\/talkpal.ai\/ro\/\"},{\"@type\":\"ListItem\",\"position\":2,\"name\":\"Exerci\u021bii de gramatic\u0103 somalez\u0103\"}]},{\"@type\":\"WebSite\",\"@id\":\"https:\/\/talkpal.ai\/ro\/#website\",\"url\":\"https:\/\/talkpal.ai\/ro\/\",\"name\":\"Talkpal\",\"description\":\"AI Language Learning\",\"publisher\":{\"@id\":\"https:\/\/talkpal.ai\/ro\/#organization\"},\"alternateName\":\"Talkpal AI\",\"potentialAction\":[{\"@type\":\"SearchAction\",\"target\":{\"@type\":\"EntryPoint\",\"urlTemplate\":\"https:\/\/talkpal.ai\/ro\/?s={search_term_string}\"},\"query-input\":{\"@type\":\"PropertyValueSpecification\",\"valueRequired\":true,\"valueName\":\"search_term_string\"}}],\"inLanguage\":\"ro-RO\"},{\"@type\":\"Organization\",\"@id\":\"https:\/\/talkpal.ai\/ro\/#organization\",\"name\":\"Talkpal, Inc.\",\"alternateName\":\"Talkpal AI\",\"url\":\"https:\/\/talkpal.ai\/ro\/\",\"logo\":{\"@type\":\"ImageObject\",\"inLanguage\":\"ro-RO\",\"@id\":\"https:\/\/talkpal.ai\/ro\/#\/schema\/logo\/image\/\",\"url\":\"https:\/\/talkpal.ai\/wp-content\/uploads\/2024\/03\/Talkpal-Logo-Icon.png\",\"contentUrl\":\"https:\/\/talkpal.ai\/wp-content\/uploads\/2024\/03\/Talkpal-Logo-Icon.png\",\"width\":2880,\"height\":2880,\"caption\":\"Talkpal, Inc.\"},\"image\":{\"@id\":\"https:\/\/talkpal.ai\/ro\/#\/schema\/logo\/image\/\"},\"sameAs\":[\"https:\/\/www.facebook.com\/profile.php?id=100090733639311\",\"https:\/\/x.com\/talkpalai\",\"https:\/\/www.linkedin.com\/company\/talkpal\/\",\"https:\/\/www.youtube.com\/@TalkPal\/\",\"https:\/\/www.tiktok.com\/@talkpal\",\"https:\/\/www.instagram.com\/talkpal_ai\/\",\"https:\/\/www.crunchbase.com\/organization\/talkpal-9cde\",\"https:\/\/www.g2.com\/products\/talkpal-for-business\/\",\"https:\/\/www.trustpilot.com\/review\/talkpal.ai\",\"https:\/\/www.capterra.com\/p\/10006800\/TalkPal\/\"],\"description\":\"Talkpal is a language learning web and mobile education app, powered by the latest AI technologies, that provides engaging experiences to its customers in many different languages to help them improve their language skills. Users can chat about unlimited amount of topics with the app and use other modes to practice their language learning.\",\"email\":\"support@talkpal.ai\",\"legalName\":\"Talkpal, Inc.\",\"foundingDate\":\"2023-04-03\",\"duns\":\"118989042\",\"numberOfEmployees\":{\"@type\":\"QuantitativeValue\",\"minValue\":\"11\",\"maxValue\":\"50\"},\"publishingPrinciples\":\"https:\/\/talkpal.ai\/publishing-principles\/\",\"actionableFeedbackPolicy\":\"https:\/\/talkpal.ai\/actionable-feedback-policy\/\",\"correctionsPolicy\":\"https:\/\/talkpal.ai\/corrections-policy\/\",\"ethicsPolicy\":\"https:\/\/talkpal.ai\/ethics-policy\/\",\"diversityPolicy\":\"https:\/\/talkpal.ai\/diversity-policy\/\",\"diversityStaffingReport\":\"https:\/\/talkpal.ai\/diversity-policy\/\"}]}<\/script>\n<!-- \/ Yoast SEO Premium plugin. -->","yoast_head_json":{"title":"Exerci\u021bii de gramatic\u0103 somalez\u0103 - Talkpal","description":"St\u0103p\u00e2ne\u0219te gramatica somalez\u0103 cu exerci\u021biile noastre cuprinz\u0103toare care acoper\u0103 substantive, verbe \u0219i timpuri pentru \u00eenv\u0103\u021barea eficient\u0103 a limbii.","robots":{"index":"index","follow":"follow","max-snippet":"max-snippet:-1","max-image-preview":"max-image-preview:large","max-video-preview":"max-video-preview:-1"},"canonical":"https:\/\/talkpal.ai\/ro\/exercitii-de-gramatica-somaleza\/","og_locale":"ro_RO","og_type":"article","og_title":"Exerci\u021bii de gramatic\u0103 somalez\u0103","og_description":"Subiecte de gramatic\u0103 somalez\u0103 \u00cenv\u0103\u021barea unei noi limbi poate fi un efort provocator, dar plin de satisfac\u021bii. Somaliza, o limb\u0103 cushitic\u0103 vorbit\u0103 \u00een","og_url":"https:\/\/talkpal.ai\/ro\/exercitii-de-gramatica-somaleza\/","og_site_name":"Talkpal","article_publisher":"https:\/\/www.facebook.com\/profile.php?id=100090733639311","article_modified_time":"2025-12-30T11:14:16+00:00","og_image":[{"width":2880,"height":1620,"url":"https:\/\/talkpal.ai\/wp-content\/uploads\/2025\/02\/Progress-tab-16_9.png","type":"image\/png"}],"twitter_card":"summary_large_image","twitter_site":"@talkpalai","twitter_misc":{"Timp estimat pentru citire":"4 minute"},"schema":{"@context":"https:\/\/schema.org","@graph":[{"@type":"WebPage","@id":"https:\/\/talkpal.ai\/ro\/exercitii-de-gramatica-somaleza\/","url":"https:\/\/talkpal.ai\/ro\/exercitii-de-gramatica-somaleza\/","name":"Exerci\u021bii de gramatic\u0103 somalez\u0103 - Talkpal","isPartOf":{"@id":"https:\/\/talkpal.ai\/ro\/#website"},"datePublished":"2025-11-12T17:00:53+00:00","dateModified":"2025-12-30T11:14:16+00:00","description":"St\u0103p\u00e2ne\u0219te gramatica somalez\u0103 cu exerci\u021biile noastre cuprinz\u0103toare care acoper\u0103 substantive, verbe \u0219i timpuri pentru \u00eenv\u0103\u021barea eficient\u0103 a limbii.","breadcrumb":{"@id":"https:\/\/talkpal.ai\/ro\/exercitii-de-gramatica-somaleza\/#breadcrumb"},"inLanguage":"ro-RO","potentialAction":[{"@type":"ReadAction","target":["https:\/\/talkpal.ai\/ro\/exercitii-de-gramatica-somaleza\/"]}]},{"@type":"BreadcrumbList","@id":"https:\/\/talkpal.ai\/ro\/exercitii-de-gramatica-somaleza\/#breadcrumb","itemListElement":[{"@type":"ListItem","position":1,"name":"Homepage","item":"https:\/\/talkpal.ai\/ro\/"},{"@type":"ListItem","position":2,"name":"Exerci\u021bii de gramatic\u0103 somalez\u0103"}]},{"@type":"WebSite","@id":"https:\/\/talkpal.ai\/ro\/#website","url":"https:\/\/talkpal.ai\/ro\/","name":"Talkpal","description":"AI Language Learning","publisher":{"@id":"https:\/\/talkpal.ai\/ro\/#organization"},"alternateName":"Talkpal AI","potentialAction":[{"@type":"SearchAction","target":{"@type":"EntryPoint","urlTemplate":"https:\/\/talkpal.ai\/ro\/?s={search_term_string}"},"query-input":{"@type":"PropertyValueSpecification","valueRequired":true,"valueName":"search_term_string"}}],"inLanguage":"ro-RO"},{"@type":"Organization","@id":"https:\/\/talkpal.ai\/ro\/#organization","name":"Talkpal, Inc.","alternateName":"Talkpal AI","url":"https:\/\/talkpal.ai\/ro\/","logo":{"@type":"ImageObject","inLanguage":"ro-RO","@id":"https:\/\/talkpal.ai\/ro\/#\/schema\/logo\/image\/","url":"https:\/\/talkpal.ai\/wp-content\/uploads\/2024\/03\/Talkpal-Logo-Icon.png","contentUrl":"https:\/\/talkpal.ai\/wp-content\/uploads\/2024\/03\/Talkpal-Logo-Icon.png","width":2880,"height":2880,"caption":"Talkpal, Inc."},"image":{"@id":"https:\/\/talkpal.ai\/ro\/#\/schema\/logo\/image\/"},"sameAs":["https:\/\/www.facebook.com\/profile.php?id=100090733639311","https:\/\/x.com\/talkpalai","https:\/\/www.linkedin.com\/company\/talkpal\/","https:\/\/www.youtube.com\/@TalkPal\/","https:\/\/www.tiktok.com\/@talkpal","https:\/\/www.instagram.com\/talkpal_ai\/","https:\/\/www.crunchbase.com\/organization\/talkpal-9cde","https:\/\/www.g2.com\/products\/talkpal-for-business\/","https:\/\/www.trustpilot.com\/review\/talkpal.ai","https:\/\/www.capterra.com\/p\/10006800\/TalkPal\/"],"description":"Talkpal is a language learning web and mobile education app, powered by the latest AI technologies, that provides engaging experiences to its customers in many different languages to help them improve their language skills. Users can chat about unlimited amount of topics with the app and use other modes to practice their language learning.","email":"support@talkpal.ai","legalName":"Talkpal, Inc.","foundingDate":"2023-04-03","duns":"118989042","numberOfEmployees":{"@type":"QuantitativeValue","minValue":"11","maxValue":"50"},"publishingPrinciples":"https:\/\/talkpal.ai\/publishing-principles\/","actionableFeedbackPolicy":"https:\/\/talkpal.ai\/actionable-feedback-policy\/","correctionsPolicy":"https:\/\/talkpal.ai\/corrections-policy\/","ethicsPolicy":"https:\/\/talkpal.ai\/ethics-policy\/","diversityPolicy":"https:\/\/talkpal.ai\/diversity-policy\/","diversityStaffingReport":"https:\/\/talkpal.ai\/diversity-policy\/"}]}},"_links":{"self":[{"href":"https:\/\/talkpal.ai\/ro\/wp-json\/wp\/v2\/pages\/1468590","targetHints":{"allow":["GET"]}}],"collection":[{"href":"https:\/\/talkpal.ai\/ro\/wp-json\/wp\/v2\/pages"}],"about":[{"href":"https:\/\/talkpal.ai\/ro\/wp-json\/wp\/v2\/types\/page"}],"author":[{"embeddable":true,"href":"https:\/\/talkpal.ai\/ro\/wp-json\/wp\/v2\/users\/20"}],"replies":[{"embeddable":true,"href":"https:\/\/talkpal.ai\/ro\/wp-json\/wp\/v2\/comments?post=1468590"}],"version-history":[{"count":0,"href":"https:\/\/talkpal.ai\/ro\/wp-json\/wp\/v2\/pages\/1468590\/revisions"}],"wp:attachment":[{"href":"https:\/\/talkpal.ai\/ro\/wp-json\/wp\/v2\/media?parent=1468590"}],"curies":[{"name":"wp","href":"https:\/\/api.w.org\/{rel}","templated":true}]}}