{"id":1468514,"date":"2025-11-12T16:44:57","date_gmt":"2025-11-12T16:44:57","guid":{"rendered":"https:\/\/talkpal.ai\/gramatica-sinhala\/"},"modified":"2025-12-30T11:17:33","modified_gmt":"2025-12-30T11:17:33","slug":"gramatica-sinhala","status":"publish","type":"page","link":"https:\/\/talkpal.ai\/ro\/gramatica-sinhala\/","title":{"rendered":"Gramatica sinhala"},"content":{"rendered":"\r\n\r\n\r\n<section class=\"languageChallengeSection\">\r\n    <div class=\"languageInfoWrapper\">\r\n        \r\n        <h1>Gramatica sinhala<\/h1>\r\n        <p>Gramatica <a href=\"https:\/\/talkpal.ai\/learn-sinhala\/\">sinhala<\/a> poate p\u0103rea o provocare la \u00eenceput, dar caracteristicile sale unice fac ca \u00eenv\u0103\u021barea limbii s\u0103 fie o experien\u021b\u0103 plin\u0103 de satisfac\u021bii. Explor\u00e2ndu-i alfabetul, muta\u021biile \u0219i regulile gramaticale, ve\u021bi ob\u021bine informa\u021bii despre o bogat\u0103 tradi\u021bie lingvistic\u0103. \u00cencepe\u021bi-v\u0103 c\u0103l\u0103toria \u0219i descoperi\u021bi frumuse\u021bea sinhala!<\/p>\r\n\r\n                            <a class=\"getStartedHidden\" href=\"https:\/\/app.talkpal.ai\/ro\/signup?lng=\">\u00cencepe<\/a>\r\n        \r\n    <\/div>\r\n\r\n    <figure>\r\n    <img decoding=\"async\" width=\"768\" height=\"768\" src=\"https:\/\/talkpal.ai\/wp-content\/uploads\/2023\/06\/welsh-768x768.png\" class=\"languageImage no-lazy\" alt=\"Language learning for better cognitive abilities\" fetchpriority=\"high\" sizes=\"(max-width: 768px) 150px, 768px\" srcset=\"https:\/\/talkpal.ai\/wp-content\/uploads\/2023\/06\/welsh-768x768.png 768w, https:\/\/talkpal.ai\/wp-content\/uploads\/2023\/06\/welsh-300x300.png 300w\" \/>\r\n    \r\n\r\n    <\/figure>\r\n\r\n            <a class=\"getStartedVisible\" href=\"https:\/\/app.talkpal.ai\/ro\/signup?lng=\">\u00cencepe<\/a>\r\n    \r\n<\/section><section class=\"promotionalBanner\">\r\n    <p class=\"promotionalText\">Cel mai eficient mod de a \u00eenv\u0103\u021ba o limb\u0103<\/p>\r\n    <a class=\"promotionalLink\" href=\"https:\/\/app.talkpal.ai\/ro\/signup?lng=\">\u00cencerca\u021bi Talkpal gratuit<\/a>\r\n<\/section>\n<div class=\"wp-block-group pageContainerStyle\"><div class=\"wp-block-group__inner-container is-layout-constrained wp-block-group-is-layout-constrained\">\n<h2 class=\"wp-block-heading\" id=\"h-navigating-the-intricacies-of-sinhala-grammar\">Navigarea prin complexitatea gramaticii singalese<\/h2>\n\n\n\n<p><a href=\"https:\/\/talkpal.ai\/ro\/invata-sinhala\/\">Sinhala<\/a>, o limb\u0103 indo-arian\u0103 din Sri Lanka cu o istorie bogat\u0103 \u0219i o semnifica\u021bie cultural\u0103, ofer\u0103 o experien\u021b\u0103 lingvistic\u0103 interesant\u0103 pentru cei dornici s\u0103 exploreze sistemul s\u0103u gramatical unic. Pe m\u0103sur\u0103 ce v\u0103 aventura\u021bi pe t\u0103r\u00e2mul sinhala, nu numai c\u0103 v\u0103 ve\u021bi \u00eembog\u0103\u021bi repertoriul lingvistic, dar ve\u021bi \u00eembr\u0103\u021bi\u0219a \u0219i o c\u0103l\u0103torie cultural\u0103 fascinant\u0103. \u00cen timp ce <a href=\"https:\/\/talkpal.ai\/sinhala-grammar\/\">gramatica sinhala<\/a> poate p\u0103rea complicat\u0103 la \u00eenceput, \u00eemp\u0103r\u021birea ei \u00een componente de baz\u0103 face ca \u00eenv\u0103\u021barea limbii s\u0103 fie mai accesibil\u0103. \u00cen acest articol, vom explora lumea captivant\u0103 a gramaticii <a href=\"https:\/\/talkpal.ai\/learn-sinhala\/\">singalese<\/a> \u0219i vom oferi sfaturi despre cum s\u0103-i st\u0103p\u00e2ne\u0219ti complexitatea.<\/p>\n\n\n\n<h3 class=\"wp-block-heading\" id=\"h-1-sinhala-alphabet-and-phonetics\">1. Alfabetul sinhala \u0219i fonetica<\/h3>\n\n\n\n<p>Sistemul de scriere sinhala este o abugida cu propriul set de consoane \u0219i vocale, scrise de la st\u00e2nga la dreapta. Consoanele poart\u0103 o vocal\u0103 inerent\u0103 care este modificat\u0103 de diacritice, iar scrierea prezint\u0103 elemente distinctive, cum ar fi rakaransaya \u0219i yansaya, precum \u0219i consoane prenasalizate \u0219i retroflexe unice limbii. Pentru a \u00eenv\u0103\u021ba gramatica sinhala, este esen\u021bial s\u0103 v\u0103 familiariza\u021bi cu acest sistem de scriere distinctiv exers\u00e2nd cititul \u0219i scrisul \u00een sinhala.<\/p>\n\n\n\n<h3 class=\"wp-block-heading\" id=\"h-2-mutations-a-peculiar-sinhala-feature\">2. Muta\u021bii: o tr\u0103s\u0103tur\u0103 special\u0103 a Sinhala<\/h3>\n\n\n\n<p>Sinhala nu folose\u0219te muta\u021bii consonoare ini\u021biale. \u00cen schimb, o caracteristic\u0103 notabil\u0103 este sandhi-ul fonologic \u0219i asimilarea, inclusiv coalescen\u021ba vocalelor \u0219i geminarea consoanelor peste grani\u021bele morfemelor \u0219i cuvintelor. Ve\u021bi \u00eent\u00e2lni, de asemenea, litere conjuncte \u0219i alternan\u021be sistematice \u00een sinhala vorbit\u0103 care afecteaz\u0103 pronun\u021bia \u0219i ritmul. \u00cen\u021belegerea c\u00e2nd \u0219i cum apar aceste schimb\u0103ri de sunet este vital\u0103 pentru o comunicare precis\u0103 \u00een sinhala.<\/p>\n\n\n\n<h3 class=\"wp-block-heading\" id=\"h-3-nouns-and-pronouns-gender-and-cases\">3. Substantive \u0219i pronume: gen \u0219i cazuri<\/h3>\n\n\n\n<p>Substantivele singalese nu marcheaz\u0103 genul gramatical a\u0219a cum o fac multe limbi europene, dar disting animacy \u0219i folosesc diferite strategii de plural, cum ar fi -l\u0101 pentru anima\u021bi \u0219i -val pentru multe ne\u00eensufle\u021bite. Rela\u021biile de caz sunt exprimate cu sufixe \u0219i postpozi\u021bii, de exemplu -\u1e6da pentru dativ, -ge pentru genitiv \u0219i -in pentru func\u021bii instrumentale sau ablative. Pronumele \u00een sinhala includ forme personale cu niveluri de formalitate \u0219i respect (de exemplu, mama eu, oy\u0101 sau ob\u0101 tu), posesive (mag meu, ob\u0113 ur), reflexive (tamange al cuiva), demonstrative (eu asta, e aia) \u0219i interogative (kavuda cine, mokakda ce). Familiarizarea cu aceste pronume \u0219i formele lor v\u0103 va \u00eembun\u0103t\u0103\u021bi semnificativ \u00een\u021belegerea gramaticii sinhala.<\/p>\n\n\n\n<h3 class=\"wp-block-heading\" id=\"h-4-verbs-structure-and-conjugation\">4. Verbe: structur\u0103 \u0219i conjugare<\/h3>\n\n\n\n<p>Sinhala este \u00een primul r\u00e2nd SOV, iar verbele se conjug\u0103 pentru timp \u0219i polaritate, mai degrab\u0103 dec\u00e2t pentru persoan\u0103 sau num\u0103r \u00een limba colocvial\u0103. Timpurile de baz\u0103 includ prezent-obi\u0219nuit, trecut \u0219i viitor, al\u0103turi de st\u0103ri condi\u021bionate \u0219i imperative. Prezentul este format \u00een mod obi\u0219nuit cu -nava, multe forme trecute sunt bazate pe stem, iar negativele sunt construite analitic. \u00cenv\u0103\u021barea modelelor de conjugare a verbelor \u0219i a rolului participiilor \u0219i auxiliarelor v\u0103 va \u00eembun\u0103t\u0103\u021bi capacitatea de a comunica eficient \u00een sinhala.<\/p>\n\n\n\n<h3 class=\"wp-block-heading\" id=\"h-5-adjectives-agreement-and-placement\">5. Adjective: acord \u0219i plasare<\/h3>\n\n\n\n<p>\u00cen gramatica sinhala, adjectivele preced de obicei substantivul <a href=\"https:\/\/talkpal.ai\/culture\/how-do-i-use-pe-care-correctly\/\">pe care<\/a> \u00eel modific\u0103 \u0219i nu sunt de acord ca num\u0103r sau gen cu substantivul. Comparativele se formeaz\u0103 adesea cu vada more \u0219i superlative cu cliticul -ma, care sunt esen\u021biale pentru a \u00eenv\u0103\u021ba s\u0103 comunici mai natural.<\/p>\n\n\n\n<p><strong>Exemple:<\/strong><\/p>\n\n\n\n<p><strong>\u2013 loku ad\u0101re (mare dragoste)<\/strong><\/p>\n\n\n\n<p><strong>\u2013 podi lamayi (copii mici)<\/strong><\/p>\n\n\n\n<h3 class=\"wp-block-heading\" id=\"h-6-engaging-with-the-language\">6. Interac\u021biunea cu limba<\/h3>\n\n\n\n<p>Cel mai eficient mod de a \u00een\u021belege \u0219i internaliza pe deplin gramatica sinhala este de a interac\u021biona \u00een mod constant cu limba. Citind literatur\u0103 sinhala, vizion\u00e2nd filme sau seriale de televiziune \u0219i comunic\u00e2nd activ cu vorbitori nativi, v\u0103 ve\u021bi consolida \u00een\u021belegerea gramaticii \u00een timp ce v\u0103 extinde\u021bi vocabularul.<\/p>\n\n\n\n<h3 class=\"wp-block-heading\" id=\"h-conclusion\">Concluzie<\/h3>\n\n\n\n<p>De\u0219i gramatica sinhala poate p\u0103rea complicat\u0103, pute\u021bi deveni competent \u00een aceast\u0103 limb\u0103 frumoas\u0103 cu d\u0103ruire, practic\u0103 \u0219i entuziasm. Concentr\u00e2ndu-v\u0103 pe regulile fundamentale \u0219i interac\u021bion\u00e2nd cu limba \u00een diferite contexte, v\u0103 ve\u021bi \u00eembun\u0103t\u0103\u021bi rapid <a href=\"https:\/\/talkpal.ai\/ro\/gramatica\/\">abilit\u0103\u021bile gramaticale<\/a> de limba singalez\u0103. Subha pathum (mult noroc) cu c\u0103l\u0103toria ta lingvistic\u0103 sinhala \u0219i bucur\u0103-te de dezv\u0103luirea lumii enigmatice, dar captivante a gramaticii singalese!<\/p>\n<\/div><\/div>\n\r\n<section class=\"learnNavigationSection\">\r\n            \r\n        <a href=\"https:\/\/talkpal.ai\/ro\/invata-sinhala\/\">\r\n            <div class=\"learnNavigationWrapper\">\r\n                <div class=\"learnNavigationContent\">\r\n                    <img decoding=\"async\" src=\"https:\/\/talkpal.ai\/wp-content\/uploads\/2025\/11\/Sinhala.png\" alt=\"Sri Lankan Flag\">\r\n                    <div>\r\n                        <h4>Despre \u00eenv\u0103\u021barea singalez\u0103<\/h4>\r\n                        <p>Afla\u021bi totul despre gramatica singalez\u0103.<\/p>\r\n                    <\/div>\r\n                <\/div>\r\n            <\/div>\r\n        <\/a>\r\n\r\n        \r\n        <a href=\"https:\/\/talkpal.ai\/ro\/exercitii-de-gramatica-sinhala\/\">\r\n            <div class=\"learnNavigationWrapper\">\r\n                <div class=\"learnNavigationContent\">\r\n                    <img decoding=\"async\" src=\"https:\/\/talkpal.ai\/wp-content\/uploads\/2025\/11\/Sinhala.png\" alt=\"Sri Lankan Flag\">\r\n                    <div>\r\n                        <h4>Exerci\u021biu de gramatic\u0103 sinhala<\/h4>\r\n                        <p>Exersa\u021bi gramatica sinhala.<\/p>\r\n                    <\/div>\r\n                <\/div>\r\n            <\/div>\r\n        <\/a>\r\n\r\n            <\/section>","protected":false},"excerpt":{"rendered":"<p>Navigarea prin complexitatea gramaticii singalese Sinhala, o limb\u0103 indo-arian\u0103 din Sri Lanka cu o istorie bogat\u0103 \u0219i o semnifica\u021bie cultural\u0103, ofer\u0103 o experien\u021b\u0103 lingvistic\u0103 interesant\u0103 pentru cei dornici s\u0103 exploreze sistemul s\u0103u gramatical unic. Pe m\u0103sur\u0103 ce v\u0103 aventura\u021bi pe t\u0103r\u00e2mul sinhala, nu numai c\u0103 v\u0103 ve\u021bi \u00eembog\u0103\u021bi repertoriul lingvistic, dar ve\u021bi \u00eembr\u0103\u021bi\u0219a \u0219i o [&hellip;]<\/p>\n","protected":false},"author":20,"featured_media":0,"parent":0,"menu_order":0,"comment_status":"closed","ping_status":"closed","template":"LearningContentPage.php","meta":{"_acf_changed":false,"footnotes":""},"class_list":["post-1468514","page","type-page","status-publish","hentry"],"acf":[],"yoast_head":"<!-- This site is optimized with the Yoast SEO Premium plugin v27.2 (Yoast SEO v27.2) - https:\/\/yoast.com\/product\/yoast-seo-premium-wordpress\/ -->\n<title>Gramatica sinhala - Talkpal<\/title>\n<meta name=\"description\" content=\"\u00cenv\u0103\u021ba\u021bi regulile gramaticale din Sinhala \u0219i \u00eembun\u0103t\u0103\u021bi\u021bi-v\u0103 fluen\u021ba cu ghidul lingvistic cuprinz\u0103tor \u0219i interactiv al Talkpal AI.\" \/>\n<meta name=\"robots\" content=\"index, follow, max-snippet:-1, max-image-preview:large, max-video-preview:-1\" \/>\n<link rel=\"canonical\" href=\"https:\/\/talkpal.ai\/ro\/gramatica-sinhala\/\" \/>\n<meta property=\"og:locale\" content=\"ro_RO\" \/>\n<meta property=\"og:type\" content=\"article\" \/>\n<meta property=\"og:title\" content=\"Gramatica sinhala\" \/>\n<meta property=\"og:description\" content=\"Navigarea prin complexitatea gramaticii singalese Sinhala, o limb\u0103 indo-arian\u0103 din Sri Lanka cu o istorie bogat\u0103 \u0219i o semnifica\u021bie cultural\u0103, ofer\u0103 o\" \/>\n<meta property=\"og:url\" content=\"https:\/\/talkpal.ai\/ro\/gramatica-sinhala\/\" \/>\n<meta property=\"og:site_name\" content=\"Talkpal\" \/>\n<meta property=\"article:publisher\" content=\"https:\/\/www.facebook.com\/profile.php?id=100090733639311\" \/>\n<meta property=\"article:modified_time\" content=\"2025-12-30T11:17:33+00:00\" \/>\n<meta property=\"og:image\" content=\"https:\/\/talkpal.ai\/wp-content\/uploads\/2025\/02\/Progress-tab-16_9.png\" \/>\n\t<meta property=\"og:image:width\" content=\"2880\" \/>\n\t<meta property=\"og:image:height\" content=\"1620\" \/>\n\t<meta property=\"og:image:type\" content=\"image\/png\" \/>\n<meta name=\"twitter:card\" content=\"summary_large_image\" \/>\n<meta name=\"twitter:site\" content=\"@talkpalai\" \/>\n<meta name=\"twitter:label1\" content=\"Timp estimat pentru citire\" \/>\n\t<meta name=\"twitter:data1\" content=\"4 minute\" \/>\n<script type=\"application\/ld+json\" class=\"yoast-schema-graph\">{\"@context\":\"https:\/\/schema.org\",\"@graph\":[{\"@type\":\"WebPage\",\"@id\":\"https:\/\/talkpal.ai\/ro\/gramatica-sinhala\/\",\"url\":\"https:\/\/talkpal.ai\/ro\/gramatica-sinhala\/\",\"name\":\"Gramatica sinhala - Talkpal\",\"isPartOf\":{\"@id\":\"https:\/\/talkpal.ai\/ro\/#website\"},\"datePublished\":\"2025-11-12T16:44:57+00:00\",\"dateModified\":\"2025-12-30T11:17:33+00:00\",\"description\":\"\u00cenv\u0103\u021ba\u021bi regulile gramaticale din Sinhala \u0219i \u00eembun\u0103t\u0103\u021bi\u021bi-v\u0103 fluen\u021ba cu ghidul lingvistic cuprinz\u0103tor \u0219i interactiv al Talkpal AI.\",\"breadcrumb\":{\"@id\":\"https:\/\/talkpal.ai\/ro\/gramatica-sinhala\/#breadcrumb\"},\"inLanguage\":\"ro-RO\",\"potentialAction\":[{\"@type\":\"ReadAction\",\"target\":[\"https:\/\/talkpal.ai\/ro\/gramatica-sinhala\/\"]}]},{\"@type\":\"BreadcrumbList\",\"@id\":\"https:\/\/talkpal.ai\/ro\/gramatica-sinhala\/#breadcrumb\",\"itemListElement\":[{\"@type\":\"ListItem\",\"position\":1,\"name\":\"Homepage\",\"item\":\"https:\/\/talkpal.ai\/ro\/\"},{\"@type\":\"ListItem\",\"position\":2,\"name\":\"Gramatica sinhala\"}]},{\"@type\":\"WebSite\",\"@id\":\"https:\/\/talkpal.ai\/ro\/#website\",\"url\":\"https:\/\/talkpal.ai\/ro\/\",\"name\":\"Talkpal\",\"description\":\"AI Language Learning\",\"publisher\":{\"@id\":\"https:\/\/talkpal.ai\/ro\/#organization\"},\"alternateName\":\"Talkpal AI\",\"potentialAction\":[{\"@type\":\"SearchAction\",\"target\":{\"@type\":\"EntryPoint\",\"urlTemplate\":\"https:\/\/talkpal.ai\/ro\/?s={search_term_string}\"},\"query-input\":{\"@type\":\"PropertyValueSpecification\",\"valueRequired\":true,\"valueName\":\"search_term_string\"}}],\"inLanguage\":\"ro-RO\"},{\"@type\":\"Organization\",\"@id\":\"https:\/\/talkpal.ai\/ro\/#organization\",\"name\":\"Talkpal, Inc.\",\"alternateName\":\"Talkpal AI\",\"url\":\"https:\/\/talkpal.ai\/ro\/\",\"logo\":{\"@type\":\"ImageObject\",\"inLanguage\":\"ro-RO\",\"@id\":\"https:\/\/talkpal.ai\/ro\/#\/schema\/logo\/image\/\",\"url\":\"https:\/\/talkpal.ai\/wp-content\/uploads\/2024\/03\/Talkpal-Logo-Icon.png\",\"contentUrl\":\"https:\/\/talkpal.ai\/wp-content\/uploads\/2024\/03\/Talkpal-Logo-Icon.png\",\"width\":2880,\"height\":2880,\"caption\":\"Talkpal, Inc.\"},\"image\":{\"@id\":\"https:\/\/talkpal.ai\/ro\/#\/schema\/logo\/image\/\"},\"sameAs\":[\"https:\/\/www.facebook.com\/profile.php?id=100090733639311\",\"https:\/\/x.com\/talkpalai\",\"https:\/\/www.linkedin.com\/company\/talkpal\/\",\"https:\/\/www.youtube.com\/@TalkPal\/\",\"https:\/\/www.tiktok.com\/@talkpal\",\"https:\/\/www.instagram.com\/talkpal_ai\/\",\"https:\/\/www.crunchbase.com\/organization\/talkpal-9cde\",\"https:\/\/www.g2.com\/products\/talkpal-for-business\/\",\"https:\/\/www.trustpilot.com\/review\/talkpal.ai\",\"https:\/\/www.capterra.com\/p\/10006800\/TalkPal\/\"],\"description\":\"Talkpal is a language learning web and mobile education app, powered by the latest AI technologies, that provides engaging experiences to its customers in many different languages to help them improve their language skills. Users can chat about unlimited amount of topics with the app and use other modes to practice their language learning.\",\"email\":\"support@talkpal.ai\",\"legalName\":\"Talkpal, Inc.\",\"foundingDate\":\"2023-04-03\",\"duns\":\"118989042\",\"numberOfEmployees\":{\"@type\":\"QuantitativeValue\",\"minValue\":\"11\",\"maxValue\":\"50\"},\"publishingPrinciples\":\"https:\/\/talkpal.ai\/publishing-principles\/\",\"actionableFeedbackPolicy\":\"https:\/\/talkpal.ai\/actionable-feedback-policy\/\",\"correctionsPolicy\":\"https:\/\/talkpal.ai\/corrections-policy\/\",\"ethicsPolicy\":\"https:\/\/talkpal.ai\/ethics-policy\/\",\"diversityPolicy\":\"https:\/\/talkpal.ai\/diversity-policy\/\",\"diversityStaffingReport\":\"https:\/\/talkpal.ai\/diversity-policy\/\"}]}<\/script>\n<!-- \/ Yoast SEO Premium plugin. -->","yoast_head_json":{"title":"Gramatica sinhala - Talkpal","description":"\u00cenv\u0103\u021ba\u021bi regulile gramaticale din Sinhala \u0219i \u00eembun\u0103t\u0103\u021bi\u021bi-v\u0103 fluen\u021ba cu ghidul lingvistic cuprinz\u0103tor \u0219i interactiv al Talkpal AI.","robots":{"index":"index","follow":"follow","max-snippet":"max-snippet:-1","max-image-preview":"max-image-preview:large","max-video-preview":"max-video-preview:-1"},"canonical":"https:\/\/talkpal.ai\/ro\/gramatica-sinhala\/","og_locale":"ro_RO","og_type":"article","og_title":"Gramatica sinhala","og_description":"Navigarea prin complexitatea gramaticii singalese Sinhala, o limb\u0103 indo-arian\u0103 din Sri Lanka cu o istorie bogat\u0103 \u0219i o semnifica\u021bie cultural\u0103, ofer\u0103 o","og_url":"https:\/\/talkpal.ai\/ro\/gramatica-sinhala\/","og_site_name":"Talkpal","article_publisher":"https:\/\/www.facebook.com\/profile.php?id=100090733639311","article_modified_time":"2025-12-30T11:17:33+00:00","og_image":[{"width":2880,"height":1620,"url":"https:\/\/talkpal.ai\/wp-content\/uploads\/2025\/02\/Progress-tab-16_9.png","type":"image\/png"}],"twitter_card":"summary_large_image","twitter_site":"@talkpalai","twitter_misc":{"Timp estimat pentru citire":"4 minute"},"schema":{"@context":"https:\/\/schema.org","@graph":[{"@type":"WebPage","@id":"https:\/\/talkpal.ai\/ro\/gramatica-sinhala\/","url":"https:\/\/talkpal.ai\/ro\/gramatica-sinhala\/","name":"Gramatica sinhala - Talkpal","isPartOf":{"@id":"https:\/\/talkpal.ai\/ro\/#website"},"datePublished":"2025-11-12T16:44:57+00:00","dateModified":"2025-12-30T11:17:33+00:00","description":"\u00cenv\u0103\u021ba\u021bi regulile gramaticale din Sinhala \u0219i \u00eembun\u0103t\u0103\u021bi\u021bi-v\u0103 fluen\u021ba cu ghidul lingvistic cuprinz\u0103tor \u0219i interactiv al Talkpal AI.","breadcrumb":{"@id":"https:\/\/talkpal.ai\/ro\/gramatica-sinhala\/#breadcrumb"},"inLanguage":"ro-RO","potentialAction":[{"@type":"ReadAction","target":["https:\/\/talkpal.ai\/ro\/gramatica-sinhala\/"]}]},{"@type":"BreadcrumbList","@id":"https:\/\/talkpal.ai\/ro\/gramatica-sinhala\/#breadcrumb","itemListElement":[{"@type":"ListItem","position":1,"name":"Homepage","item":"https:\/\/talkpal.ai\/ro\/"},{"@type":"ListItem","position":2,"name":"Gramatica sinhala"}]},{"@type":"WebSite","@id":"https:\/\/talkpal.ai\/ro\/#website","url":"https:\/\/talkpal.ai\/ro\/","name":"Talkpal","description":"AI Language Learning","publisher":{"@id":"https:\/\/talkpal.ai\/ro\/#organization"},"alternateName":"Talkpal AI","potentialAction":[{"@type":"SearchAction","target":{"@type":"EntryPoint","urlTemplate":"https:\/\/talkpal.ai\/ro\/?s={search_term_string}"},"query-input":{"@type":"PropertyValueSpecification","valueRequired":true,"valueName":"search_term_string"}}],"inLanguage":"ro-RO"},{"@type":"Organization","@id":"https:\/\/talkpal.ai\/ro\/#organization","name":"Talkpal, Inc.","alternateName":"Talkpal AI","url":"https:\/\/talkpal.ai\/ro\/","logo":{"@type":"ImageObject","inLanguage":"ro-RO","@id":"https:\/\/talkpal.ai\/ro\/#\/schema\/logo\/image\/","url":"https:\/\/talkpal.ai\/wp-content\/uploads\/2024\/03\/Talkpal-Logo-Icon.png","contentUrl":"https:\/\/talkpal.ai\/wp-content\/uploads\/2024\/03\/Talkpal-Logo-Icon.png","width":2880,"height":2880,"caption":"Talkpal, Inc."},"image":{"@id":"https:\/\/talkpal.ai\/ro\/#\/schema\/logo\/image\/"},"sameAs":["https:\/\/www.facebook.com\/profile.php?id=100090733639311","https:\/\/x.com\/talkpalai","https:\/\/www.linkedin.com\/company\/talkpal\/","https:\/\/www.youtube.com\/@TalkPal\/","https:\/\/www.tiktok.com\/@talkpal","https:\/\/www.instagram.com\/talkpal_ai\/","https:\/\/www.crunchbase.com\/organization\/talkpal-9cde","https:\/\/www.g2.com\/products\/talkpal-for-business\/","https:\/\/www.trustpilot.com\/review\/talkpal.ai","https:\/\/www.capterra.com\/p\/10006800\/TalkPal\/"],"description":"Talkpal is a language learning web and mobile education app, powered by the latest AI technologies, that provides engaging experiences to its customers in many different languages to help them improve their language skills. Users can chat about unlimited amount of topics with the app and use other modes to practice their language learning.","email":"support@talkpal.ai","legalName":"Talkpal, Inc.","foundingDate":"2023-04-03","duns":"118989042","numberOfEmployees":{"@type":"QuantitativeValue","minValue":"11","maxValue":"50"},"publishingPrinciples":"https:\/\/talkpal.ai\/publishing-principles\/","actionableFeedbackPolicy":"https:\/\/talkpal.ai\/actionable-feedback-policy\/","correctionsPolicy":"https:\/\/talkpal.ai\/corrections-policy\/","ethicsPolicy":"https:\/\/talkpal.ai\/ethics-policy\/","diversityPolicy":"https:\/\/talkpal.ai\/diversity-policy\/","diversityStaffingReport":"https:\/\/talkpal.ai\/diversity-policy\/"}]}},"_links":{"self":[{"href":"https:\/\/talkpal.ai\/ro\/wp-json\/wp\/v2\/pages\/1468514","targetHints":{"allow":["GET"]}}],"collection":[{"href":"https:\/\/talkpal.ai\/ro\/wp-json\/wp\/v2\/pages"}],"about":[{"href":"https:\/\/talkpal.ai\/ro\/wp-json\/wp\/v2\/types\/page"}],"author":[{"embeddable":true,"href":"https:\/\/talkpal.ai\/ro\/wp-json\/wp\/v2\/users\/20"}],"replies":[{"embeddable":true,"href":"https:\/\/talkpal.ai\/ro\/wp-json\/wp\/v2\/comments?post=1468514"}],"version-history":[{"count":0,"href":"https:\/\/talkpal.ai\/ro\/wp-json\/wp\/v2\/pages\/1468514\/revisions"}],"wp:attachment":[{"href":"https:\/\/talkpal.ai\/ro\/wp-json\/wp\/v2\/media?parent=1468514"}],"curies":[{"name":"wp","href":"https:\/\/api.w.org\/{rel}","templated":true}]}}