{"id":1468387,"date":"2025-11-12T16:20:16","date_gmt":"2025-11-12T16:20:16","guid":{"rendered":"https:\/\/talkpal.ai\/gramatica-pashto\/"},"modified":"2025-12-30T11:42:44","modified_gmt":"2025-12-30T11:42:44","slug":"gramatica-pashto","status":"publish","type":"page","link":"https:\/\/talkpal.ai\/ro\/gramatica-pashto\/","title":{"rendered":"Gramatica pashto"},"content":{"rendered":"\r\n\r\n\r\n<section class=\"languageChallengeSection\">\r\n    <div class=\"languageInfoWrapper\">\r\n        \r\n        <h1>Gramatica pashto<\/h1>\r\n        <p>Gramatica <a href=\"https:\/\/talkpal.ai\/learn-pashto\/\">pashto<\/a> poate p\u0103rea o provocare la \u00eenceput, dar caracteristicile sale unice fac ca \u00eenv\u0103\u021barea limbii s\u0103 fie o experien\u021b\u0103 plin\u0103 de satisfac\u021bii. Explor\u00e2ndu-i alfabetul, muta\u021biile \u0219i regulile gramaticale, ve\u021bi ob\u021bine informa\u021bii despre o bogat\u0103 tradi\u021bie lingvistic\u0103. \u00cencepe\u021bi-v\u0103 c\u0103l\u0103toria \u0219i descoperi\u021bi frumuse\u021bea pashto!<\/p>\r\n\r\n                            <a class=\"getStartedHidden\" href=\"https:\/\/app.talkpal.ai\/ro\/signup?lng=\">\u00cencepe<\/a>\r\n        \r\n    <\/div>\r\n\r\n    <figure>\r\n    <img decoding=\"async\" width=\"768\" height=\"768\" src=\"https:\/\/talkpal.ai\/wp-content\/uploads\/2023\/06\/welsh-768x768.png\" class=\"languageImage no-lazy\" alt=\"Language learning for better cognitive abilities\" fetchpriority=\"high\" sizes=\"(max-width: 768px) 150px, 768px\" srcset=\"https:\/\/talkpal.ai\/wp-content\/uploads\/2023\/06\/welsh-768x768.png 768w, https:\/\/talkpal.ai\/wp-content\/uploads\/2023\/06\/welsh-300x300.png 300w\" \/>\r\n    \r\n\r\n    <\/figure>\r\n\r\n            <a class=\"getStartedVisible\" href=\"https:\/\/app.talkpal.ai\/ro\/signup?lng=\">\u00cencepe<\/a>\r\n    \r\n<\/section><section class=\"promotionalBanner\">\r\n    <p class=\"promotionalText\">Cel mai eficient mod de a \u00eenv\u0103\u021ba o limb\u0103<\/p>\r\n    <a class=\"promotionalLink\" href=\"https:\/\/app.talkpal.ai\/ro\/signup?lng=\">\u00cencerca\u021bi Talkpal gratuit<\/a>\r\n<\/section>\n<div class=\"wp-block-group pageContainerStyle\"><div class=\"wp-block-group__inner-container is-layout-constrained wp-block-group-is-layout-constrained\">\n<h2 class=\"wp-block-heading\" id=\"h-navigating-the-intricacies-of-pashto-grammar\">Navigarea prin complexitatea gramaticii pashto<\/h2>\n\n\n\n<p><a href=\"https:\/\/talkpal.ai\/ro\/invata-pashto\/\">Pashto<\/a>, o limb\u0103 iranian\u0103 de est cu o istorie bogat\u0103 \u0219i o semnifica\u021bie cultural\u0103 \u00een Afganistan \u0219i Pakistan, ofer\u0103 o experien\u021b\u0103 lingvistic\u0103 interesant\u0103 pentru cei dornici s\u0103 exploreze sistemul s\u0103u gramatical unic. Pe m\u0103sur\u0103 ce v\u0103 aventura\u021bi pe t\u0103r\u00e2mul pashto, nu numai c\u0103 v\u0103 ve\u021bi \u00eembog\u0103\u021bi repertoriul lingvistic, dar ve\u021bi \u00eembr\u0103\u021bi\u0219a \u0219i o c\u0103l\u0103torie cultural\u0103 fascinant\u0103. \u00cen timp ce gramatica pashto poate p\u0103rea complicat\u0103 la \u00eenceput, \u00eemp\u0103r\u021birea ei \u00een componente de baz\u0103 face ca \u00eenv\u0103\u021barea limbii s\u0103 fie mai accesibil\u0103. \u00cen acest articol, vom explora lumea captivant\u0103 a gramaticii pashto \u0219i vom oferi sfaturi despre cum s\u0103-i st\u0103p\u00e2ne\u0219ti complexitatea.<\/p>\n\n\n\n<h3 class=\"wp-block-heading\" id=\"h-1-pashto-alphabet-and-phonetics\">1. Alfabetul pashto \u0219i fonetica<\/h3>\n\n\n\n<p>Sistemul de scriere pashto se bazeaz\u0103 pe scrierea perso-arab\u0103 \u0219i include litere suplimentare unice pentru pashto, cum ar fi \u067c, \u0689, \u0693, \u06bc, \u0685, \u0681, \u069a, \u0696 \u0219i \u06ab. Pentru a \u00eenv\u0103\u021ba gramatica pashto, este esen\u021bial s\u0103 v\u0103 familiariza\u021bi cu aceast\u0103 scriere distinctiv\u0103 \u0219i cu sistemul de sunet al pashto, care prezint\u0103 consoane retroflexe \u0219i aspirate, precum \u0219i contraste vocalice caracteristice.<\/p>\n\n\n\n<h3 class=\"wp-block-heading\" id=\"h-2-split-ergativity-a-peculiar-pashto-feature\">2. Split Ergativity: o caracteristic\u0103 special\u0103 pashto<\/h3>\n\n\n\n<p>Unul dintre cele mai izbitoare aspecte ale gramaticii pashto este ergativitatea sa divizat\u0103 \u00een multe propozi\u021bii tranzitive la timpul trecut. \u00cen aceste contexte, agentul apare \u00een cazul oblic \u0219i verbul tinde s\u0103 fie de acord cu obiectul direct \u00een gen \u0219i num\u0103r, mai degrab\u0103 dec\u00e2t cu agentul. \u00cen\u021belegerea momentului \u00een care se aplic\u0103 acest model de aliniere \u0219i cum func\u021bioneaz\u0103 acordul este vital\u0103 pentru o comunicare precis\u0103 \u00een pashto.<\/p>\n\n\n\n<h3 class=\"wp-block-heading\" id=\"h-3-nouns-and-pronouns-gender-and-cases\">3. Substantive \u0219i pronume: gen \u0219i cazuri<\/h3>\n\n\n\n<p>Substantivele pashto au gen gramatical (masculin sau feminin) \u0219i urmeaz\u0103 mai multe modele de formare a pluralului care variaz\u0103 \u00een func\u021bie de clasa substantivului. Pashto distinge, de asemenea, \u00eentre cazurile directe \u0219i oblice, care afecteaz\u0103 modul \u00een care substantivele \u0219i pronumele se comport\u0103 cu postpozi\u021bii \u0219i \u00een anumite construc\u021bii verbale. Pronumele \u00een pashto includ forme personale, posesive, reflexive, demonstrative \u0219i interogative, cu variante independente \u0219i enclitice. Familiarizarea cu aceste forme \u0219i distinc\u021biile lor de cazuri v\u0103 va \u00eembun\u0103t\u0103\u021bi semnificativ \u00een\u021belegerea gramaticii pashto.<\/p>\n\n\n\n<h3 class=\"wp-block-heading\" id=\"h-4-verbs-structure-and-conjugation\">4. Verbe: structur\u0103 \u0219i conjugare<\/h3>\n\n\n\n<p>Verbele pashto urmeaz\u0103 un sistem distinctiv organizat \u00een jurul aspectului \u0219i timpului, cu acord de persoan\u0103 \u0219i num\u0103r. Timpurile de baz\u0103 includ prezentul, trecutul \u0219i viitorul, viitorul fiind marcat \u00een mod obi\u0219nuit folosind particula ba. Pashto folose\u0219te, de asemenea, st\u0103ri de spirit precum condi\u021bional, subjunctiv \u0219i <a href=\"https:\/\/talkpal.ai\/ja\/grammar_exercises\/imperatif-%e3%83%95%e3%83%a9%e3%83%b3%e3%82%b9%e3%81%ae%e6%96%87%e6%b3%95%e3%81%ae%e3%81%9f%e3%82%81%e3%81%ae%e6%bc%94%e7%bf%92\/\">imperativ<\/a> \u0219i folose\u0219te particule de nega\u021bie care difer\u0103 \u00eentre afirma\u021bii \u0219i comenzi. \u00cenv\u0103\u021barea tiparelor de conjugare, inclusiv tulpinile perfective \u0219i imperfective, v\u0103 va \u00eembun\u0103t\u0103\u021bi capacitatea de a comunica eficient \u00een pashto.<\/p>\n\n\n\n<h3 class=\"wp-block-heading\" id=\"h-5-adjectives-agreement-and-placement\">5. Adjective: acord \u0219i plasare<\/h3>\n\n\n\n<p>\u00cen gramatica pashto, adjectivele preced de obicei substantivul <a href=\"https:\/\/talkpal.ai\/culture\/how-do-i-use-pe-care-correctly\/\">pe care<\/a> \u00eel modific\u0103, iar multe adjective nu \u00ee\u0219i schimb\u0103 forma pentru gen sau num\u0103r. Unele adjective formeaz\u0103 semnifica\u021bii comparative \u0219i superlative \u00een mod neregulat sau prin expresii stabilite, care sunt esen\u021biale pentru a \u00eenv\u0103\u021ba s\u0103 comunice mai natural.<\/p>\n\n\n\n<p><strong>Exemple:<\/strong><\/p>\n\n\n\n<p><strong>\u2013 Loy Kor (Casa Mare)<\/strong><\/p>\n\n\n\n<p><strong>\u2013 kuchni mashuman (copii mici)<\/strong><\/p>\n\n\n\n<h3 class=\"wp-block-heading\" id=\"h-6-engaging-with-the-language\">6. Interac\u021biunea cu limba<\/h3>\n\n\n\n<p>Cel mai eficient mod de a \u00een\u021belege \u0219i internaliza pe deplin gramatica pashto este de a interac\u021biona \u00een mod constant cu limba. Citind literatur\u0103 pashto, vizion\u00e2nd filme sau seriale de televiziune pashto, ascult\u00e2nd radio \u0219i muzic\u0103 \u0219i comunic\u00e2nd activ cu vorbitorii nativi, v\u0103 ve\u021bi consolida \u00een\u021belegerea gramaticii \u00een timp ce v\u0103 extinde\u021bi vocabularul.<\/p>\n\n\n\n<h3 class=\"wp-block-heading\" id=\"h-conclusion\">Concluzie<\/h3>\n\n\n\n<p>De\u0219i gramatica pashto poate p\u0103rea complicat\u0103, pute\u021bi deveni competent \u00een aceast\u0103 limb\u0103 frumoas\u0103 cu d\u0103ruire, practic\u0103 \u0219i entuziasm. Concentr\u00e2ndu-v\u0103 pe regulile fundamentale \u0219i interac\u021bion\u00e2nd cu limba \u00een diferite contexte, v\u0103 ve\u021bi \u00eembun\u0103t\u0103\u021bi rapid <a href=\"https:\/\/talkpal.ai\/ro\/gramatica\/\">abilit\u0103\u021bile gramaticale<\/a> pashto. Kha bakht (mult noroc) cu c\u0103l\u0103toria ta \u00een limba pashto \u0219i bucur\u0103-te de dezv\u0103luirea lumii enigmatice, dar captivante a gramaticii pashto!<\/p>\n<\/div><\/div>\n\r\n<section class=\"learnNavigationSection\">\r\n            \r\n        <a href=\"https:\/\/talkpal.ai\/ro\/invata-pashto\/\">\r\n            <div class=\"learnNavigationWrapper\">\r\n                <div class=\"learnNavigationContent\">\r\n                    <img decoding=\"async\" src=\"https:\/\/talkpal.ai\/wp-content\/uploads\/2025\/11\/Pashto.png\" alt=\"Afghan Flag\">\r\n                    <div>\r\n                        <h4>Despre Pashto Learning<\/h4>\r\n                        <p>Afla\u021bi totul despre gramatica pashto.<\/p>\r\n                    <\/div>\r\n                <\/div>\r\n            <\/div>\r\n        <\/a>\r\n\r\n        \r\n        <a href=\"https:\/\/talkpal.ai\/ro\/exercitii-de-gramatica-pashto\/\">\r\n            <div class=\"learnNavigationWrapper\">\r\n                <div class=\"learnNavigationContent\">\r\n                    <img decoding=\"async\" src=\"https:\/\/talkpal.ai\/wp-content\/uploads\/2025\/11\/Pashto.png\" alt=\"Afghan Flag\">\r\n                    <div>\r\n                        <h4>Exerci\u021biu de gramatic\u0103 pashto<\/h4>\r\n                        <p>Practic\u0103 pashto.<\/p>\r\n                    <\/div>\r\n                <\/div>\r\n            <\/div>\r\n        <\/a>\r\n\r\n            <\/section>","protected":false},"excerpt":{"rendered":"<p>Navigarea prin complexitatea gramaticii pashto Pashto, o limb\u0103 iranian\u0103 de est cu o istorie bogat\u0103 \u0219i o semnifica\u021bie cultural\u0103 \u00een Afganistan \u0219i Pakistan, ofer\u0103 o experien\u021b\u0103 lingvistic\u0103 interesant\u0103 pentru cei dornici s\u0103 exploreze sistemul s\u0103u gramatical unic. Pe m\u0103sur\u0103 ce v\u0103 aventura\u021bi pe t\u0103r\u00e2mul pashto, nu numai c\u0103 v\u0103 ve\u021bi \u00eembog\u0103\u021bi repertoriul lingvistic, dar ve\u021bi [&hellip;]<\/p>\n","protected":false},"author":20,"featured_media":0,"parent":0,"menu_order":0,"comment_status":"closed","ping_status":"closed","template":"LearningContentPage.php","meta":{"_acf_changed":false,"footnotes":""},"class_list":["post-1468387","page","type-page","status-publish","hentry"],"acf":[],"yoast_head":"<!-- This site is optimized with the Yoast SEO Premium plugin v27.2 (Yoast SEO v27.2) - https:\/\/yoast.com\/product\/yoast-seo-premium-wordpress\/ -->\n<title>Gramatica pashto - Talkpal<\/title>\n<meta name=\"description\" content=\"St\u0103p\u00e2ne\u0219te gramatica pashto cu acest ghid cuprinz\u0103tor care acoper\u0103 alfabetul, fonetica, ergativitatea divizat\u0103, substantivele, pronumele, verbele \u0219i adjectivele.\" \/>\n<meta name=\"robots\" content=\"index, follow, max-snippet:-1, max-image-preview:large, max-video-preview:-1\" \/>\n<link rel=\"canonical\" href=\"https:\/\/talkpal.ai\/ro\/gramatica-pashto\/\" \/>\n<meta property=\"og:locale\" content=\"ro_RO\" \/>\n<meta property=\"og:type\" content=\"article\" \/>\n<meta property=\"og:title\" content=\"Gramatica pashto\" \/>\n<meta property=\"og:description\" content=\"Navigarea prin complexitatea gramaticii pashto Pashto, o limb\u0103 iranian\u0103 de est cu o istorie bogat\u0103 \u0219i o semnifica\u021bie cultural\u0103 \u00een Afganistan \u0219i Pakistan,\" \/>\n<meta property=\"og:url\" content=\"https:\/\/talkpal.ai\/ro\/gramatica-pashto\/\" \/>\n<meta property=\"og:site_name\" content=\"Talkpal\" \/>\n<meta property=\"article:publisher\" content=\"https:\/\/www.facebook.com\/profile.php?id=100090733639311\" \/>\n<meta property=\"article:modified_time\" content=\"2025-12-30T11:42:44+00:00\" \/>\n<meta property=\"og:image\" content=\"https:\/\/talkpal.ai\/wp-content\/uploads\/2025\/02\/Progress-tab-16_9.png\" \/>\n\t<meta property=\"og:image:width\" content=\"2880\" \/>\n\t<meta property=\"og:image:height\" content=\"1620\" \/>\n\t<meta property=\"og:image:type\" content=\"image\/png\" \/>\n<meta name=\"twitter:card\" content=\"summary_large_image\" \/>\n<meta name=\"twitter:site\" content=\"@talkpalai\" \/>\n<meta name=\"twitter:label1\" content=\"Timp estimat pentru citire\" \/>\n\t<meta name=\"twitter:data1\" content=\"3 minute\" \/>\n<script type=\"application\/ld+json\" class=\"yoast-schema-graph\">{\"@context\":\"https:\/\/schema.org\",\"@graph\":[{\"@type\":\"WebPage\",\"@id\":\"https:\/\/talkpal.ai\/ro\/gramatica-pashto\/\",\"url\":\"https:\/\/talkpal.ai\/ro\/gramatica-pashto\/\",\"name\":\"Gramatica pashto - Talkpal\",\"isPartOf\":{\"@id\":\"https:\/\/talkpal.ai\/ro\/#website\"},\"datePublished\":\"2025-11-12T16:20:16+00:00\",\"dateModified\":\"2025-12-30T11:42:44+00:00\",\"description\":\"St\u0103p\u00e2ne\u0219te gramatica pashto cu acest ghid cuprinz\u0103tor care acoper\u0103 alfabetul, fonetica, ergativitatea divizat\u0103, substantivele, pronumele, verbele \u0219i adjectivele.\",\"breadcrumb\":{\"@id\":\"https:\/\/talkpal.ai\/ro\/gramatica-pashto\/#breadcrumb\"},\"inLanguage\":\"ro-RO\",\"potentialAction\":[{\"@type\":\"ReadAction\",\"target\":[\"https:\/\/talkpal.ai\/ro\/gramatica-pashto\/\"]}]},{\"@type\":\"BreadcrumbList\",\"@id\":\"https:\/\/talkpal.ai\/ro\/gramatica-pashto\/#breadcrumb\",\"itemListElement\":[{\"@type\":\"ListItem\",\"position\":1,\"name\":\"Homepage\",\"item\":\"https:\/\/talkpal.ai\/ro\/\"},{\"@type\":\"ListItem\",\"position\":2,\"name\":\"Gramatica pashto\"}]},{\"@type\":\"WebSite\",\"@id\":\"https:\/\/talkpal.ai\/ro\/#website\",\"url\":\"https:\/\/talkpal.ai\/ro\/\",\"name\":\"Talkpal\",\"description\":\"AI Language Learning\",\"publisher\":{\"@id\":\"https:\/\/talkpal.ai\/ro\/#organization\"},\"alternateName\":\"Talkpal AI\",\"potentialAction\":[{\"@type\":\"SearchAction\",\"target\":{\"@type\":\"EntryPoint\",\"urlTemplate\":\"https:\/\/talkpal.ai\/ro\/?s={search_term_string}\"},\"query-input\":{\"@type\":\"PropertyValueSpecification\",\"valueRequired\":true,\"valueName\":\"search_term_string\"}}],\"inLanguage\":\"ro-RO\"},{\"@type\":\"Organization\",\"@id\":\"https:\/\/talkpal.ai\/ro\/#organization\",\"name\":\"Talkpal, Inc.\",\"alternateName\":\"Talkpal AI\",\"url\":\"https:\/\/talkpal.ai\/ro\/\",\"logo\":{\"@type\":\"ImageObject\",\"inLanguage\":\"ro-RO\",\"@id\":\"https:\/\/talkpal.ai\/ro\/#\/schema\/logo\/image\/\",\"url\":\"https:\/\/talkpal.ai\/wp-content\/uploads\/2024\/03\/Talkpal-Logo-Icon.png\",\"contentUrl\":\"https:\/\/talkpal.ai\/wp-content\/uploads\/2024\/03\/Talkpal-Logo-Icon.png\",\"width\":2880,\"height\":2880,\"caption\":\"Talkpal, Inc.\"},\"image\":{\"@id\":\"https:\/\/talkpal.ai\/ro\/#\/schema\/logo\/image\/\"},\"sameAs\":[\"https:\/\/www.facebook.com\/profile.php?id=100090733639311\",\"https:\/\/x.com\/talkpalai\",\"https:\/\/www.linkedin.com\/company\/talkpal\/\",\"https:\/\/www.youtube.com\/@TalkPal\/\",\"https:\/\/www.tiktok.com\/@talkpal\",\"https:\/\/www.instagram.com\/talkpal_ai\/\",\"https:\/\/www.crunchbase.com\/organization\/talkpal-9cde\",\"https:\/\/www.g2.com\/products\/talkpal-for-business\/\",\"https:\/\/www.trustpilot.com\/review\/talkpal.ai\",\"https:\/\/www.capterra.com\/p\/10006800\/TalkPal\/\"],\"description\":\"Talkpal is a language learning web and mobile education app, powered by the latest AI technologies, that provides engaging experiences to its customers in many different languages to help them improve their language skills. Users can chat about unlimited amount of topics with the app and use other modes to practice their language learning.\",\"email\":\"support@talkpal.ai\",\"legalName\":\"Talkpal, Inc.\",\"foundingDate\":\"2023-04-03\",\"duns\":\"118989042\",\"numberOfEmployees\":{\"@type\":\"QuantitativeValue\",\"minValue\":\"11\",\"maxValue\":\"50\"},\"publishingPrinciples\":\"https:\/\/talkpal.ai\/publishing-principles\/\",\"actionableFeedbackPolicy\":\"https:\/\/talkpal.ai\/actionable-feedback-policy\/\",\"correctionsPolicy\":\"https:\/\/talkpal.ai\/corrections-policy\/\",\"ethicsPolicy\":\"https:\/\/talkpal.ai\/ethics-policy\/\",\"diversityPolicy\":\"https:\/\/talkpal.ai\/diversity-policy\/\",\"diversityStaffingReport\":\"https:\/\/talkpal.ai\/diversity-policy\/\"}]}<\/script>\n<!-- \/ Yoast SEO Premium plugin. -->","yoast_head_json":{"title":"Gramatica pashto - Talkpal","description":"St\u0103p\u00e2ne\u0219te gramatica pashto cu acest ghid cuprinz\u0103tor care acoper\u0103 alfabetul, fonetica, ergativitatea divizat\u0103, substantivele, pronumele, verbele \u0219i adjectivele.","robots":{"index":"index","follow":"follow","max-snippet":"max-snippet:-1","max-image-preview":"max-image-preview:large","max-video-preview":"max-video-preview:-1"},"canonical":"https:\/\/talkpal.ai\/ro\/gramatica-pashto\/","og_locale":"ro_RO","og_type":"article","og_title":"Gramatica pashto","og_description":"Navigarea prin complexitatea gramaticii pashto Pashto, o limb\u0103 iranian\u0103 de est cu o istorie bogat\u0103 \u0219i o semnifica\u021bie cultural\u0103 \u00een Afganistan \u0219i Pakistan,","og_url":"https:\/\/talkpal.ai\/ro\/gramatica-pashto\/","og_site_name":"Talkpal","article_publisher":"https:\/\/www.facebook.com\/profile.php?id=100090733639311","article_modified_time":"2025-12-30T11:42:44+00:00","og_image":[{"width":2880,"height":1620,"url":"https:\/\/talkpal.ai\/wp-content\/uploads\/2025\/02\/Progress-tab-16_9.png","type":"image\/png"}],"twitter_card":"summary_large_image","twitter_site":"@talkpalai","twitter_misc":{"Timp estimat pentru citire":"3 minute"},"schema":{"@context":"https:\/\/schema.org","@graph":[{"@type":"WebPage","@id":"https:\/\/talkpal.ai\/ro\/gramatica-pashto\/","url":"https:\/\/talkpal.ai\/ro\/gramatica-pashto\/","name":"Gramatica pashto - Talkpal","isPartOf":{"@id":"https:\/\/talkpal.ai\/ro\/#website"},"datePublished":"2025-11-12T16:20:16+00:00","dateModified":"2025-12-30T11:42:44+00:00","description":"St\u0103p\u00e2ne\u0219te gramatica pashto cu acest ghid cuprinz\u0103tor care acoper\u0103 alfabetul, fonetica, ergativitatea divizat\u0103, substantivele, pronumele, verbele \u0219i adjectivele.","breadcrumb":{"@id":"https:\/\/talkpal.ai\/ro\/gramatica-pashto\/#breadcrumb"},"inLanguage":"ro-RO","potentialAction":[{"@type":"ReadAction","target":["https:\/\/talkpal.ai\/ro\/gramatica-pashto\/"]}]},{"@type":"BreadcrumbList","@id":"https:\/\/talkpal.ai\/ro\/gramatica-pashto\/#breadcrumb","itemListElement":[{"@type":"ListItem","position":1,"name":"Homepage","item":"https:\/\/talkpal.ai\/ro\/"},{"@type":"ListItem","position":2,"name":"Gramatica pashto"}]},{"@type":"WebSite","@id":"https:\/\/talkpal.ai\/ro\/#website","url":"https:\/\/talkpal.ai\/ro\/","name":"Talkpal","description":"AI Language Learning","publisher":{"@id":"https:\/\/talkpal.ai\/ro\/#organization"},"alternateName":"Talkpal AI","potentialAction":[{"@type":"SearchAction","target":{"@type":"EntryPoint","urlTemplate":"https:\/\/talkpal.ai\/ro\/?s={search_term_string}"},"query-input":{"@type":"PropertyValueSpecification","valueRequired":true,"valueName":"search_term_string"}}],"inLanguage":"ro-RO"},{"@type":"Organization","@id":"https:\/\/talkpal.ai\/ro\/#organization","name":"Talkpal, Inc.","alternateName":"Talkpal AI","url":"https:\/\/talkpal.ai\/ro\/","logo":{"@type":"ImageObject","inLanguage":"ro-RO","@id":"https:\/\/talkpal.ai\/ro\/#\/schema\/logo\/image\/","url":"https:\/\/talkpal.ai\/wp-content\/uploads\/2024\/03\/Talkpal-Logo-Icon.png","contentUrl":"https:\/\/talkpal.ai\/wp-content\/uploads\/2024\/03\/Talkpal-Logo-Icon.png","width":2880,"height":2880,"caption":"Talkpal, Inc."},"image":{"@id":"https:\/\/talkpal.ai\/ro\/#\/schema\/logo\/image\/"},"sameAs":["https:\/\/www.facebook.com\/profile.php?id=100090733639311","https:\/\/x.com\/talkpalai","https:\/\/www.linkedin.com\/company\/talkpal\/","https:\/\/www.youtube.com\/@TalkPal\/","https:\/\/www.tiktok.com\/@talkpal","https:\/\/www.instagram.com\/talkpal_ai\/","https:\/\/www.crunchbase.com\/organization\/talkpal-9cde","https:\/\/www.g2.com\/products\/talkpal-for-business\/","https:\/\/www.trustpilot.com\/review\/talkpal.ai","https:\/\/www.capterra.com\/p\/10006800\/TalkPal\/"],"description":"Talkpal is a language learning web and mobile education app, powered by the latest AI technologies, that provides engaging experiences to its customers in many different languages to help them improve their language skills. Users can chat about unlimited amount of topics with the app and use other modes to practice their language learning.","email":"support@talkpal.ai","legalName":"Talkpal, Inc.","foundingDate":"2023-04-03","duns":"118989042","numberOfEmployees":{"@type":"QuantitativeValue","minValue":"11","maxValue":"50"},"publishingPrinciples":"https:\/\/talkpal.ai\/publishing-principles\/","actionableFeedbackPolicy":"https:\/\/talkpal.ai\/actionable-feedback-policy\/","correctionsPolicy":"https:\/\/talkpal.ai\/corrections-policy\/","ethicsPolicy":"https:\/\/talkpal.ai\/ethics-policy\/","diversityPolicy":"https:\/\/talkpal.ai\/diversity-policy\/","diversityStaffingReport":"https:\/\/talkpal.ai\/diversity-policy\/"}]}},"_links":{"self":[{"href":"https:\/\/talkpal.ai\/ro\/wp-json\/wp\/v2\/pages\/1468387","targetHints":{"allow":["GET"]}}],"collection":[{"href":"https:\/\/talkpal.ai\/ro\/wp-json\/wp\/v2\/pages"}],"about":[{"href":"https:\/\/talkpal.ai\/ro\/wp-json\/wp\/v2\/types\/page"}],"author":[{"embeddable":true,"href":"https:\/\/talkpal.ai\/ro\/wp-json\/wp\/v2\/users\/20"}],"replies":[{"embeddable":true,"href":"https:\/\/talkpal.ai\/ro\/wp-json\/wp\/v2\/comments?post=1468387"}],"version-history":[{"count":0,"href":"https:\/\/talkpal.ai\/ro\/wp-json\/wp\/v2\/pages\/1468387\/revisions"}],"wp:attachment":[{"href":"https:\/\/talkpal.ai\/ro\/wp-json\/wp\/v2\/media?parent=1468387"}],"curies":[{"name":"wp","href":"https:\/\/api.w.org\/{rel}","templated":true}]}}