{"id":1468348,"date":"2025-11-12T16:07:26","date_gmt":"2025-11-12T16:07:26","guid":{"rendered":"https:\/\/talkpal.ai\/gramatica-oriya\/"},"modified":"2025-12-30T12:44:39","modified_gmt":"2025-12-30T12:44:39","slug":"gramatica-oriya","status":"publish","type":"page","link":"https:\/\/talkpal.ai\/ro\/gramatica-oriya\/","title":{"rendered":"Gramatica Odia"},"content":{"rendered":"\r\n\r\n\r\n<section class=\"languageChallengeSection\">\r\n    <div class=\"languageInfoWrapper\">\r\n        \r\n        <h1>Gramatica Odia<\/h1>\r\n        <p>Gramatica <a href=\"https:\/\/talkpal.ai\/learn-odia\/\">odia<\/a> poate p\u0103rea dificil\u0103 la \u00eenceput, dar caracteristicile sale unice fac ca \u00eenv\u0103\u021barea limbii s\u0103 fie o experien\u021b\u0103 satisf\u0103c\u0103toare. Explor\u00e2ndu-i alfabetul, muta\u021biile \u0219i regulile gramaticale, ve\u021bi ob\u021bine informa\u021bii despre o bogat\u0103 tradi\u021bie lingvistic\u0103. \u00cencepe-\u021bi c\u0103l\u0103toria \u0219i descoper\u0103 frumuse\u021bea Odiei!<\/p>\r\n\r\n                            <a class=\"getStartedHidden\" href=\"https:\/\/app.talkpal.ai\/ro\/signup?lng=\">\u00cencepe<\/a>\r\n        \r\n    <\/div>\r\n\r\n    <figure>\r\n    <img decoding=\"async\" width=\"768\" height=\"768\" src=\"https:\/\/talkpal.ai\/wp-content\/uploads\/2023\/06\/welsh-768x768.png\" class=\"languageImage no-lazy\" alt=\"Language learning for better cognitive abilities\" fetchpriority=\"high\" sizes=\"(max-width: 768px) 150px, 768px\" srcset=\"https:\/\/talkpal.ai\/wp-content\/uploads\/2023\/06\/welsh-768x768.png 768w, https:\/\/talkpal.ai\/wp-content\/uploads\/2023\/06\/welsh-300x300.png 300w\" \/>\r\n    \r\n\r\n    <\/figure>\r\n\r\n            <a class=\"getStartedVisible\" href=\"https:\/\/app.talkpal.ai\/ro\/signup?lng=\">\u00cencepe<\/a>\r\n    \r\n<\/section><section class=\"promotionalBanner\">\r\n    <p class=\"promotionalText\">Cel mai eficient mod de a \u00eenv\u0103\u021ba o limb\u0103<\/p>\r\n    <a class=\"promotionalLink\" href=\"https:\/\/app.talkpal.ai\/ro\/signup?lng=\">\u00cencerca\u021bi Talkpal gratuit<\/a>\r\n<\/section>\n<div class=\"wp-block-group pageContainerStyle\"><div class=\"wp-block-group__inner-container is-layout-constrained wp-block-group-is-layout-constrained\">\n<h2 class=\"wp-block-heading\" id=\"h-navigating-the-intricacies-of-odia-grammar\">Navigarea complexit\u0103\u021bilor gramaticii odia<\/h2>\n\n\n\n<p><a href=\"https:\/\/talkpal.ai\/learn-oriya\/\">Odia<\/a>, cunoscut\u0103 \u0219i sub numele de <a href=\"https:\/\/talkpal.ai\/learn-odia\/\">Odia<\/a>, este o limb\u0103 indo-arian\u0103 cu o tradi\u021bie literar\u0103 bogat\u0103 \u0219i r\u0103d\u0103cini culturale profunde \u00een estul Indiei. Ofer\u0103 o experien\u021b\u0103 lingvistic\u0103 interesant\u0103 pentru cursan\u021bii dornici s\u0103 exploreze sistemul s\u0103u gramatical distinctiv. Pe m\u0103sur\u0103 ce p\u0103trunzi \u00een t\u0103r\u00e2mul Odiei, nu doar c\u0103 \u00ee\u021bi vei \u00eembog\u0103\u021bi repertoriul lingvistic, dar vei \u00eembr\u0103\u021bi\u0219a \u0219i o c\u0103l\u0103torie cultural\u0103 fascinant\u0103. De\u0219i gramatica odia poate p\u0103rea complicat\u0103 la \u00eenceput, \u00eemp\u0103r\u021birea ei \u00een componente de baz\u0103 face ca \u00eenv\u0103\u021barea limbii s\u0103 fie mai accesibil\u0103. \u00cen acest articol, vom explora fascinanta lume a gramaticii odia \u0219i vom oferi sfaturi despre cum s\u0103 st\u0103p\u00e2nim complexit\u0103\u021bile acesteia.<\/p>\n\n\n\n<h3 class=\"wp-block-heading\" id=\"h-1-odia-alphabet-and-phonetics\">1. Alfabetul Odia \u0219i fonetica<\/h3>\n\n\n\n<p>Scrierea odia este o abugida cu 11 vocale \u0219i aproximativ 35 de consoane, \u00eempreun\u0103 cu diacritice \u0219i consoane conjuncte. Include sunete retroflexe \u0219i aspirate care sunt caracteristice limbilor indo-ariene. Familiarizarea cu scrierea, semnele vocalice \u0219i grupurile de conjunc\u021bii este crucial\u0103 pentru st\u0103p\u00e2nirea pronun\u021biei \u0219i citirii. Exerseaz\u0103 citind \u0219i scriind \u00een odia pentru a interioriza coresponden\u021ba sunet\u2013simbol.<\/p>\n\n\n\n<h3 class=\"wp-block-heading\" id=\"h-2-case-markers-and-postpositions-a-distinctive-odia-feature\">2. Marcaje de caz \u0219i postpozi\u021bii: o tr\u0103s\u0103tur\u0103 distinctiv\u0103 a limbii Odia<\/h3>\n\n\n\n<p>Un aspect remarcabil al gramaticii odia este utilizarea markerilor de caz \u0219i postpozi\u021biilor, \u00een locul prepozi\u021biilor. Markerii comuni includ ku pentru roluri acuzative \u0219i dative, ra pentru genitiv, re pentru locativ, ru pentru ablativ, saha pentru comitativ, dwara pentru instrumental sau agentiv \u0219i durere pentru scop. \u00cen\u021belegerea modului \u00een care ace\u0219ti markeri se ata\u0219eaz\u0103 de substantive \u0219i pronume este vital\u0103 pentru o comunicare precis\u0103 \u00een Odia.<\/p>\n\n\n\n<h3 class=\"wp-block-heading\" id=\"h-3-nouns-and-pronouns-gender-and-cases\">3. Substantive \u0219i pronume: gen \u0219i cazuri<\/h3>\n\n\n\n<p>Substantivele odia nu au gen gramatical, iar pluralizarea variaz\u0103 \u00een func\u021bie de tipul substantivului \u0219i context. Substantivele umane \u0219i animate iau adesea sufixul plural -mane, \u00een timp ce substantivele ne\u00eensufle\u021bite pot folosi -gudika sau r\u0103m\u00e2n nemarcate atunci c\u00e2nd pluralitatea este clar\u0103 din context. Pronumele includ seturi personale, posesive, reflexive, demonstrative \u0219i interogative, cu distinc\u021bii onorifice: mu I, tume you informal, apana you politice, se he or she, semane them. Posesivii includ <a href=\"https:\/\/talkpal.ai\/locations\/language-courses-in-mora\/\">mora<\/a> my, tora ur, apanangkara politicos, tara al lui. Familiarizarea cu aceste forme \u0219i variantele lor marcate cu majuscule \u00ee\u021bi va \u00eembun\u0103t\u0103\u021bi semnificativ \u00een\u021belegerea gramaticii odia.<\/p>\n\n\n\n<h3 class=\"wp-block-heading\" id=\"h-4-verbs-structure-and-conjugation\">4. Verbe: structur\u0103 \u0219i conjugare<\/h3>\n\n\n\n<p>Verbele odia se flexeaz\u0103 pentru timp, aspect, mod \u0219i acord, cu niveluri onorifice care influen\u021beaz\u0103 formele verbale. Forma\u021biunile cu aspect de timp <a href=\"https:\/\/talkpal.ai\/locations\/language-courses-in-central\/\">central<\/a> includ prezentul progresiv \u00een -uchi, trecutul simplu \u00een -ila \u0219i viitorul \u00een -iba, al\u0103turi de construc\u021bii compuse \u0219i auxiliare. St\u0103rile condi\u021bionate \u0219i imperative sunt utilizate \u00een mod activ. \u00cenv\u0103\u021barea tiparelor de conjugare \u0219i a modului \u00een care interac\u021bioneaz\u0103 cu persoana \u0219i polite\u021bea \u00ee\u021bi va \u00eembun\u0103t\u0103\u021bi capacitatea de a comunica eficient \u00een Odia.<\/p>\n\n\n\n<h3 class=\"wp-block-heading\" id=\"h-5-adjectives-agreement-and-placement\">5. Adjective: acord \u0219i plasare<\/h3>\n\n\n\n<p>\u00cen gramatica odia, adjectivele preced de obicei substantivul <a href=\"https:\/\/talkpal.ai\/culture\/how-do-i-use-pe-care-correctly\/\">pe care<\/a> \u00eel modific\u0103 \u0219i, \u00een general, nu se schimb\u0103 \u00een func\u021bie de num\u0103r sau gen. Comparativele \u0219i superlativele se formeaz\u0103 \u00een mod obi\u0219nuit cu adverbe precum adhika more \u0219i sabutharu most, de\u0219i formele tatsama pot folosi sufixe \u0219i \u00een registrele formale. St\u0103p\u00e2nirea acestor modele ajut\u0103 vorbirea s\u0103 sune natural \u0219i idiomatic.<\/p>\n\n\n\n<p><strong>Exemple:<\/strong><\/p>\n\n\n\n<p><strong>\u2013 Bada Prema (mare dragoste)  <\/strong><\/p>\n\n\n\n<p><strong>\u2013 chhota pilamane (copii mici)<\/strong><\/p>\n\n\n\n<h3 class=\"wp-block-heading\" id=\"h-6-engaging-with-the-language\">6. Interac\u021biunea cu limba<\/h3>\n\n\n\n<p>Cea mai eficient\u0103 modalitate de a \u00een\u021belege \u0219i interioriza pe deplin gramatica odia este s\u0103 interac\u021bionezi constant cu limba. Citind literatur\u0103 odia, vizion\u00e2nd filme sau seriale TV odia, urm\u0103rind \u0219tirile \u00een odia \u0219i comunic\u00e2nd activ cu vorbitori nativi, \u00ee\u021bi vei consolida \u00een\u021belegerea gramaticii \u00een timp ce \u00ee\u021bi extinzi vocabularul.<\/p>\n\n\n\n<h3 class=\"wp-block-heading\" id=\"h-conclusion\">Concluzie<\/h3>\n\n\n\n<p>De\u0219i gramatica odia poate p\u0103rea complicat\u0103, po\u021bi deveni priceput \u00een aceast\u0103 limb\u0103 frumoas\u0103 cu dedicare, practic\u0103 \u0219i entuziasm. Concentr\u00e2ndu-te pe regulile fundamentale \u0219i interac\u021bion\u00e2nd cu limba \u00een diferite contexte, \u00ee\u021bi vei \u00eembun\u0103t\u0103\u021bi <a href=\"https:\/\/talkpal.ai\/ro\/gramatica\/\">rapid abilit\u0103\u021bile gramaticale<\/a> odia. Subha kamana (mult succes) \u00een c\u0103l\u0103toria ta \u00een limba odia \u0219i bucur\u0103-te de a descoperi lumea elegant\u0103, dar captivant\u0103 a gramaticii odia!<\/p>\n<\/div><\/div>\n\r\n<section class=\"learnNavigationSection\">\r\n            \r\n        <a href=\"https:\/\/talkpal.ai\/ro\/invata-oriya\/\">\r\n            <div class=\"learnNavigationWrapper\">\r\n                <div class=\"learnNavigationContent\">\r\n                    <img decoding=\"async\" src=\"https:\/\/talkpal.ai\/wp-content\/uploads\/2025\/11\/Oriya.png\" alt=\"Indian Simplified Flag\">\r\n                    <div>\r\n                        <h4>Despre \u00eenv\u0103\u021barea Odia<\/h4>\r\n                        <p>Afl\u0103 totul despre gramatica odia.<\/p>\r\n                    <\/div>\r\n                <\/div>\r\n            <\/div>\r\n        <\/a>\r\n\r\n        \r\n        <a href=\"https:\/\/talkpal.ai\/ro\/exercitii-de-gramatica-oriya\/\">\r\n            <div class=\"learnNavigationWrapper\">\r\n                <div class=\"learnNavigationContent\">\r\n                    <img decoding=\"async\" src=\"https:\/\/talkpal.ai\/wp-content\/uploads\/2025\/11\/Oriya.png\" alt=\"Indian Simplified Flag\">\r\n                    <div>\r\n                        <h4>Exerci\u021biul Gramaticii Odia<\/h4>\r\n                        <p>Exerseaz\u0103 gramatica odia.<\/p>\r\n                    <\/div>\r\n                <\/div>\r\n            <\/div>\r\n        <\/a>\r\n\r\n            <\/section>","protected":false},"excerpt":{"rendered":"<p>Navigarea complexit\u0103\u021bilor gramaticii odia Odia, cunoscut\u0103 \u0219i sub numele de Odia, este o limb\u0103 indo-arian\u0103 cu o tradi\u021bie literar\u0103 bogat\u0103 \u0219i r\u0103d\u0103cini culturale profunde \u00een estul Indiei. Ofer\u0103 o experien\u021b\u0103 lingvistic\u0103 interesant\u0103 pentru cursan\u021bii dornici s\u0103 exploreze sistemul s\u0103u gramatical distinctiv. Pe m\u0103sur\u0103 ce p\u0103trunzi \u00een t\u0103r\u00e2mul Odiei, nu doar c\u0103 \u00ee\u021bi vei \u00eembog\u0103\u021bi repertoriul [&hellip;]<\/p>\n","protected":false},"author":20,"featured_media":0,"parent":0,"menu_order":0,"comment_status":"closed","ping_status":"closed","template":"LearningContentPage.php","meta":{"_acf_changed":false,"footnotes":""},"class_list":["post-1468348","page","type-page","status-publish","hentry"],"acf":[],"yoast_head":"<!-- This site is optimized with the Yoast SEO Premium plugin v27.2 (Yoast SEO v27.2) - https:\/\/yoast.com\/product\/yoast-seo-premium-wordpress\/ -->\n<title>Gramatica Odia - Talkpal<\/title>\n<meta name=\"description\" content=\"\u00cenv\u0103\u021ba\u021bi elementele esen\u021biale ale gramaticii Odia, inclusiv alfabetul, marcatorii de caz \u0219i verbele, cu ajutorul ghidului nostru cuprinz\u0103tor de \u00eenv\u0103\u021bare a limbii.\" \/>\n<meta name=\"robots\" content=\"index, follow, max-snippet:-1, max-image-preview:large, max-video-preview:-1\" \/>\n<link rel=\"canonical\" href=\"https:\/\/talkpal.ai\/ro\/gramatica-oriya\/\" \/>\n<meta property=\"og:locale\" content=\"ro_RO\" \/>\n<meta property=\"og:type\" content=\"article\" \/>\n<meta property=\"og:title\" content=\"Gramatica Odia\" \/>\n<meta property=\"og:description\" content=\"Navigarea complexit\u0103\u021bilor gramaticii odia Odia, cunoscut\u0103 \u0219i sub numele de Odia, este o limb\u0103 indo-arian\u0103 cu o tradi\u021bie literar\u0103 bogat\u0103 \u0219i r\u0103d\u0103cini\" \/>\n<meta property=\"og:url\" content=\"https:\/\/talkpal.ai\/ro\/gramatica-oriya\/\" \/>\n<meta property=\"og:site_name\" content=\"Talkpal\" \/>\n<meta property=\"article:publisher\" content=\"https:\/\/www.facebook.com\/profile.php?id=100090733639311\" \/>\n<meta property=\"article:modified_time\" content=\"2025-12-30T12:44:39+00:00\" \/>\n<meta property=\"og:image\" content=\"https:\/\/talkpal.ai\/wp-content\/uploads\/2025\/02\/Progress-tab-16_9.png\" \/>\n\t<meta property=\"og:image:width\" content=\"2880\" \/>\n\t<meta property=\"og:image:height\" content=\"1620\" \/>\n\t<meta property=\"og:image:type\" content=\"image\/png\" \/>\n<meta name=\"twitter:card\" content=\"summary_large_image\" \/>\n<meta name=\"twitter:site\" content=\"@talkpalai\" \/>\n<meta name=\"twitter:label1\" content=\"Timp estimat pentru citire\" \/>\n\t<meta name=\"twitter:data1\" content=\"3 minute\" \/>\n<script type=\"application\/ld+json\" class=\"yoast-schema-graph\">{\"@context\":\"https:\/\/schema.org\",\"@graph\":[{\"@type\":\"WebPage\",\"@id\":\"https:\/\/talkpal.ai\/ro\/gramatica-oriya\/\",\"url\":\"https:\/\/talkpal.ai\/ro\/gramatica-oriya\/\",\"name\":\"Gramatica Odia - Talkpal\",\"isPartOf\":{\"@id\":\"https:\/\/talkpal.ai\/ro\/#website\"},\"datePublished\":\"2025-11-12T16:07:26+00:00\",\"dateModified\":\"2025-12-30T12:44:39+00:00\",\"description\":\"\u00cenv\u0103\u021ba\u021bi elementele esen\u021biale ale gramaticii Odia, inclusiv alfabetul, marcatorii de caz \u0219i verbele, cu ajutorul ghidului nostru cuprinz\u0103tor de \u00eenv\u0103\u021bare a limbii.\",\"breadcrumb\":{\"@id\":\"https:\/\/talkpal.ai\/ro\/gramatica-oriya\/#breadcrumb\"},\"inLanguage\":\"ro-RO\",\"potentialAction\":[{\"@type\":\"ReadAction\",\"target\":[\"https:\/\/talkpal.ai\/ro\/gramatica-oriya\/\"]}]},{\"@type\":\"BreadcrumbList\",\"@id\":\"https:\/\/talkpal.ai\/ro\/gramatica-oriya\/#breadcrumb\",\"itemListElement\":[{\"@type\":\"ListItem\",\"position\":1,\"name\":\"Homepage\",\"item\":\"https:\/\/talkpal.ai\/ro\/\"},{\"@type\":\"ListItem\",\"position\":2,\"name\":\"Gramatica Odia\"}]},{\"@type\":\"WebSite\",\"@id\":\"https:\/\/talkpal.ai\/ro\/#website\",\"url\":\"https:\/\/talkpal.ai\/ro\/\",\"name\":\"Talkpal\",\"description\":\"AI Language Learning\",\"publisher\":{\"@id\":\"https:\/\/talkpal.ai\/ro\/#organization\"},\"alternateName\":\"Talkpal AI\",\"potentialAction\":[{\"@type\":\"SearchAction\",\"target\":{\"@type\":\"EntryPoint\",\"urlTemplate\":\"https:\/\/talkpal.ai\/ro\/?s={search_term_string}\"},\"query-input\":{\"@type\":\"PropertyValueSpecification\",\"valueRequired\":true,\"valueName\":\"search_term_string\"}}],\"inLanguage\":\"ro-RO\"},{\"@type\":\"Organization\",\"@id\":\"https:\/\/talkpal.ai\/ro\/#organization\",\"name\":\"Talkpal, Inc.\",\"alternateName\":\"Talkpal AI\",\"url\":\"https:\/\/talkpal.ai\/ro\/\",\"logo\":{\"@type\":\"ImageObject\",\"inLanguage\":\"ro-RO\",\"@id\":\"https:\/\/talkpal.ai\/ro\/#\/schema\/logo\/image\/\",\"url\":\"https:\/\/talkpal.ai\/wp-content\/uploads\/2024\/03\/Talkpal-Logo-Icon.png\",\"contentUrl\":\"https:\/\/talkpal.ai\/wp-content\/uploads\/2024\/03\/Talkpal-Logo-Icon.png\",\"width\":2880,\"height\":2880,\"caption\":\"Talkpal, Inc.\"},\"image\":{\"@id\":\"https:\/\/talkpal.ai\/ro\/#\/schema\/logo\/image\/\"},\"sameAs\":[\"https:\/\/www.facebook.com\/profile.php?id=100090733639311\",\"https:\/\/x.com\/talkpalai\",\"https:\/\/www.linkedin.com\/company\/talkpal\/\",\"https:\/\/www.youtube.com\/@TalkPal\/\",\"https:\/\/www.tiktok.com\/@talkpal\",\"https:\/\/www.instagram.com\/talkpal_ai\/\",\"https:\/\/www.crunchbase.com\/organization\/talkpal-9cde\",\"https:\/\/www.g2.com\/products\/talkpal-for-business\/\",\"https:\/\/www.trustpilot.com\/review\/talkpal.ai\",\"https:\/\/www.capterra.com\/p\/10006800\/TalkPal\/\"],\"description\":\"Talkpal is a language learning web and mobile education app, powered by the latest AI technologies, that provides engaging experiences to its customers in many different languages to help them improve their language skills. Users can chat about unlimited amount of topics with the app and use other modes to practice their language learning.\",\"email\":\"support@talkpal.ai\",\"legalName\":\"Talkpal, Inc.\",\"foundingDate\":\"2023-04-03\",\"duns\":\"118989042\",\"numberOfEmployees\":{\"@type\":\"QuantitativeValue\",\"minValue\":\"11\",\"maxValue\":\"50\"},\"publishingPrinciples\":\"https:\/\/talkpal.ai\/publishing-principles\/\",\"actionableFeedbackPolicy\":\"https:\/\/talkpal.ai\/actionable-feedback-policy\/\",\"correctionsPolicy\":\"https:\/\/talkpal.ai\/corrections-policy\/\",\"ethicsPolicy\":\"https:\/\/talkpal.ai\/ethics-policy\/\",\"diversityPolicy\":\"https:\/\/talkpal.ai\/diversity-policy\/\",\"diversityStaffingReport\":\"https:\/\/talkpal.ai\/diversity-policy\/\"}]}<\/script>\n<!-- \/ Yoast SEO Premium plugin. -->","yoast_head_json":{"title":"Gramatica Odia - Talkpal","description":"\u00cenv\u0103\u021ba\u021bi elementele esen\u021biale ale gramaticii Odia, inclusiv alfabetul, marcatorii de caz \u0219i verbele, cu ajutorul ghidului nostru cuprinz\u0103tor de \u00eenv\u0103\u021bare a limbii.","robots":{"index":"index","follow":"follow","max-snippet":"max-snippet:-1","max-image-preview":"max-image-preview:large","max-video-preview":"max-video-preview:-1"},"canonical":"https:\/\/talkpal.ai\/ro\/gramatica-oriya\/","og_locale":"ro_RO","og_type":"article","og_title":"Gramatica Odia","og_description":"Navigarea complexit\u0103\u021bilor gramaticii odia Odia, cunoscut\u0103 \u0219i sub numele de Odia, este o limb\u0103 indo-arian\u0103 cu o tradi\u021bie literar\u0103 bogat\u0103 \u0219i r\u0103d\u0103cini","og_url":"https:\/\/talkpal.ai\/ro\/gramatica-oriya\/","og_site_name":"Talkpal","article_publisher":"https:\/\/www.facebook.com\/profile.php?id=100090733639311","article_modified_time":"2025-12-30T12:44:39+00:00","og_image":[{"width":2880,"height":1620,"url":"https:\/\/talkpal.ai\/wp-content\/uploads\/2025\/02\/Progress-tab-16_9.png","type":"image\/png"}],"twitter_card":"summary_large_image","twitter_site":"@talkpalai","twitter_misc":{"Timp estimat pentru citire":"3 minute"},"schema":{"@context":"https:\/\/schema.org","@graph":[{"@type":"WebPage","@id":"https:\/\/talkpal.ai\/ro\/gramatica-oriya\/","url":"https:\/\/talkpal.ai\/ro\/gramatica-oriya\/","name":"Gramatica Odia - Talkpal","isPartOf":{"@id":"https:\/\/talkpal.ai\/ro\/#website"},"datePublished":"2025-11-12T16:07:26+00:00","dateModified":"2025-12-30T12:44:39+00:00","description":"\u00cenv\u0103\u021ba\u021bi elementele esen\u021biale ale gramaticii Odia, inclusiv alfabetul, marcatorii de caz \u0219i verbele, cu ajutorul ghidului nostru cuprinz\u0103tor de \u00eenv\u0103\u021bare a limbii.","breadcrumb":{"@id":"https:\/\/talkpal.ai\/ro\/gramatica-oriya\/#breadcrumb"},"inLanguage":"ro-RO","potentialAction":[{"@type":"ReadAction","target":["https:\/\/talkpal.ai\/ro\/gramatica-oriya\/"]}]},{"@type":"BreadcrumbList","@id":"https:\/\/talkpal.ai\/ro\/gramatica-oriya\/#breadcrumb","itemListElement":[{"@type":"ListItem","position":1,"name":"Homepage","item":"https:\/\/talkpal.ai\/ro\/"},{"@type":"ListItem","position":2,"name":"Gramatica Odia"}]},{"@type":"WebSite","@id":"https:\/\/talkpal.ai\/ro\/#website","url":"https:\/\/talkpal.ai\/ro\/","name":"Talkpal","description":"AI Language Learning","publisher":{"@id":"https:\/\/talkpal.ai\/ro\/#organization"},"alternateName":"Talkpal AI","potentialAction":[{"@type":"SearchAction","target":{"@type":"EntryPoint","urlTemplate":"https:\/\/talkpal.ai\/ro\/?s={search_term_string}"},"query-input":{"@type":"PropertyValueSpecification","valueRequired":true,"valueName":"search_term_string"}}],"inLanguage":"ro-RO"},{"@type":"Organization","@id":"https:\/\/talkpal.ai\/ro\/#organization","name":"Talkpal, Inc.","alternateName":"Talkpal AI","url":"https:\/\/talkpal.ai\/ro\/","logo":{"@type":"ImageObject","inLanguage":"ro-RO","@id":"https:\/\/talkpal.ai\/ro\/#\/schema\/logo\/image\/","url":"https:\/\/talkpal.ai\/wp-content\/uploads\/2024\/03\/Talkpal-Logo-Icon.png","contentUrl":"https:\/\/talkpal.ai\/wp-content\/uploads\/2024\/03\/Talkpal-Logo-Icon.png","width":2880,"height":2880,"caption":"Talkpal, Inc."},"image":{"@id":"https:\/\/talkpal.ai\/ro\/#\/schema\/logo\/image\/"},"sameAs":["https:\/\/www.facebook.com\/profile.php?id=100090733639311","https:\/\/x.com\/talkpalai","https:\/\/www.linkedin.com\/company\/talkpal\/","https:\/\/www.youtube.com\/@TalkPal\/","https:\/\/www.tiktok.com\/@talkpal","https:\/\/www.instagram.com\/talkpal_ai\/","https:\/\/www.crunchbase.com\/organization\/talkpal-9cde","https:\/\/www.g2.com\/products\/talkpal-for-business\/","https:\/\/www.trustpilot.com\/review\/talkpal.ai","https:\/\/www.capterra.com\/p\/10006800\/TalkPal\/"],"description":"Talkpal is a language learning web and mobile education app, powered by the latest AI technologies, that provides engaging experiences to its customers in many different languages to help them improve their language skills. Users can chat about unlimited amount of topics with the app and use other modes to practice their language learning.","email":"support@talkpal.ai","legalName":"Talkpal, Inc.","foundingDate":"2023-04-03","duns":"118989042","numberOfEmployees":{"@type":"QuantitativeValue","minValue":"11","maxValue":"50"},"publishingPrinciples":"https:\/\/talkpal.ai\/publishing-principles\/","actionableFeedbackPolicy":"https:\/\/talkpal.ai\/actionable-feedback-policy\/","correctionsPolicy":"https:\/\/talkpal.ai\/corrections-policy\/","ethicsPolicy":"https:\/\/talkpal.ai\/ethics-policy\/","diversityPolicy":"https:\/\/talkpal.ai\/diversity-policy\/","diversityStaffingReport":"https:\/\/talkpal.ai\/diversity-policy\/"}]}},"_links":{"self":[{"href":"https:\/\/talkpal.ai\/ro\/wp-json\/wp\/v2\/pages\/1468348","targetHints":{"allow":["GET"]}}],"collection":[{"href":"https:\/\/talkpal.ai\/ro\/wp-json\/wp\/v2\/pages"}],"about":[{"href":"https:\/\/talkpal.ai\/ro\/wp-json\/wp\/v2\/types\/page"}],"author":[{"embeddable":true,"href":"https:\/\/talkpal.ai\/ro\/wp-json\/wp\/v2\/users\/20"}],"replies":[{"embeddable":true,"href":"https:\/\/talkpal.ai\/ro\/wp-json\/wp\/v2\/comments?post=1468348"}],"version-history":[{"count":0,"href":"https:\/\/talkpal.ai\/ro\/wp-json\/wp\/v2\/pages\/1468348\/revisions"}],"wp:attachment":[{"href":"https:\/\/talkpal.ai\/ro\/wp-json\/wp\/v2\/media?parent=1468348"}],"curies":[{"name":"wp","href":"https:\/\/api.w.org\/{rel}","templated":true}]}}