{"id":1468212,"date":"2025-11-12T12:14:52","date_gmt":"2025-11-12T12:14:52","guid":{"rendered":"https:\/\/talkpal.ai\/gramatica-laos\/"},"modified":"2025-12-30T14:14:24","modified_gmt":"2025-12-30T14:14:24","slug":"gramatica-laos","status":"publish","type":"page","link":"https:\/\/talkpal.ai\/ro\/gramatica-laos\/","title":{"rendered":"Gramatica Laos"},"content":{"rendered":"\r\n\r\n\r\n<section class=\"languageChallengeSection\">\r\n    <div class=\"languageInfoWrapper\">\r\n        \r\n        <h1>Gramatica Laos<\/h1>\r\n        <p>Gramatica laotian\u0103 poate p\u0103rea o provocare la \u00eenceput, dar caracteristicile sale unice fac ca \u00eenv\u0103\u021barea limbii s\u0103 fie o experien\u021b\u0103 plin\u0103 de satisfac\u021bii. Explor\u00e2ndu-i alfabetul, muta\u021biile \u0219i regulile gramaticale, ve\u021bi ob\u021bine informa\u021bii despre o bogat\u0103 tradi\u021bie lingvistic\u0103. \u00cencepe\u021bi-v\u0103 c\u0103l\u0103toria \u0219i descoperi\u021bi frumuse\u021bea Laosului!<\/p>\r\n\r\n                            <a class=\"getStartedHidden\" href=\"https:\/\/app.talkpal.ai\/ro\/signup?lng=\">\u00cencepe<\/a>\r\n        \r\n    <\/div>\r\n\r\n    <figure>\r\n    <img decoding=\"async\" width=\"768\" height=\"768\" src=\"https:\/\/talkpal.ai\/wp-content\/uploads\/2023\/06\/welsh-768x768.png\" class=\"languageImage no-lazy\" alt=\"Language learning for better cognitive abilities\" fetchpriority=\"high\" sizes=\"(max-width: 768px) 150px, 768px\" srcset=\"https:\/\/talkpal.ai\/wp-content\/uploads\/2023\/06\/welsh-768x768.png 768w, https:\/\/talkpal.ai\/wp-content\/uploads\/2023\/06\/welsh-300x300.png 300w\" \/>\r\n    \r\n\r\n    <\/figure>\r\n\r\n            <a class=\"getStartedVisible\" href=\"https:\/\/app.talkpal.ai\/ro\/signup?lng=\">\u00cencepe<\/a>\r\n    \r\n<\/section><section class=\"promotionalBanner\">\r\n    <p class=\"promotionalText\">Cel mai eficient mod de a \u00eenv\u0103\u021ba o limb\u0103<\/p>\r\n    <a class=\"promotionalLink\" href=\"https:\/\/app.talkpal.ai\/ro\/signup?lng=\">\u00cencerca\u021bi Talkpal gratuit<\/a>\r\n<\/section>\n<div class=\"wp-block-group pageContainerStyle\"><div class=\"wp-block-group__inner-container is-layout-constrained wp-block-group-is-layout-constrained\">\n<h2 class=\"wp-block-heading\" id=\"h-navigating-the-intricacies-of-lao-grammar\">Navigarea prin complexitatea gramaticii laotiene<\/h2>\n\n\n\n<p><a href=\"https:\/\/talkpal.ai\/ro\/invata-laos\/\">Lao,<\/a> o limb\u0103 Tai-Kadai cu o istorie bogat\u0103 \u0219i o semnifica\u021bie cultural\u0103, ofer\u0103 o experien\u021b\u0103 lingvistic\u0103 interesant\u0103 pentru cei dornici s\u0103 exploreze sistemul s\u0103u gramatical unic. Pe m\u0103sur\u0103 ce v\u0103 aventura\u021bi \u00een t\u0103r\u00e2mul Laosului, nu numai c\u0103 v\u0103 ve\u021bi \u00eembog\u0103\u021bi repertoriul lingvistic, dar ve\u021bi \u00eembr\u0103\u021bi\u0219a \u0219i o c\u0103l\u0103torie cultural\u0103 fascinant\u0103. \u00cen timp ce gramatica laosian\u0103 poate p\u0103rea nefamiliar\u0103 la \u00eenceput, \u00eemp\u0103r\u021birea ei \u00een componente de baz\u0103 face ca \u00eenv\u0103\u021barea limbii s\u0103 fie mai accesibil\u0103. \u00cen acest articol, vom explora lumea captivant\u0103 a gramaticii laotiene \u0219i vom oferi sfaturi despre cum s\u0103-i st\u0103p\u00e2ne\u0219ti complexitatea.<\/p>\n\n\n\n<h3 class=\"wp-block-heading\" id=\"h-1-lao-alphabet-and-phonetics\">1. Alfabetul laos \u0219i fonetica<\/h3>\n\n\n\n<p>Scrierea laotian\u0103 folose\u0219te 27 de litere consoane, numeroase semne vocalice \u0219i patru semne de ton. <a href=\"https:\/\/talkpal.ai\/learn-lao\/\">Laos<\/a> este tonal, cu cinci tonuri \u00een dialectul standard Vientiane. Pentru a \u00eenv\u0103\u021ba gramatica laotiz\u0103, este esen\u021bial s\u0103 v\u0103 familiariza\u021bi cu acest sistem de scriere distinctiv exers\u00e2nd citirea \u0219i scrierea \u00een <a href=\"https:\/\/talkpal.ai\/learn-lao\/\">laos<\/a>.<\/p>\n\n\n\n<h3 class=\"wp-block-heading\" id=\"h-2-tone-system-a-defining-lao-feature\">2. Sistemul de tonuri: o caracteristic\u0103 definitorie din Laos<\/h3>\n\n\n\n<p>Unul dintre cele mai izbitoare aspecte ale gramaticii laotice este sistemul s\u0103u de tonuri. Consoanele sunt grupate \u00een clase \u00eenalte, medii \u0219i joase, care interac\u021bioneaz\u0103 cu semnele de ton, lungimea vocalelor \u0219i tipul de silabe pentru a determina tonul. \u00cen\u021belegerea modului \u00een care clasele de consoane \u0219i semnele de ton modeleaz\u0103 pronun\u021bia este vital\u0103 pentru o comunicare precis\u0103 \u00een Laos.<\/p>\n\n\n\n<h3 class=\"wp-block-heading\" id=\"h-3-nouns-and-pronouns-classifiers-and-politeness\">3. Substantive \u0219i pronume: clasificatori \u0219i polite\u021be<\/h3>\n\n\n\n<p>Substantivele laotice nu au gen gramatical sau caz, iar pluralul este de obicei exprimat cu cuvinte precum &#8222;mul\u021bi&#8221; sau cu clasificatoare mai degrab\u0103 dec\u00e2t cu inflexiune. Pronumele \u00een laos includ forme personale, posesive, reflexive, demonstrative \u0219i interogative, cu multe op\u021biuni modelate de v\u00e2rst\u0103, statut \u0219i polite\u021be. Familiarizarea cu aceste pronume, clasificatoare \u0219i markerul posesiv &#8222;khong&#8221; v\u0103 va \u00eembun\u0103t\u0103\u021bi semnificativ \u00een\u021belegerea gramaticii laotiene.<\/p>\n\n\n\n<h3 class=\"wp-block-heading\" id=\"h-4-verbs-structure-and-conjugation\">4. Verbe: structur\u0103 \u0219i conjugare<\/h3>\n\n\n\n<p>Verbele laotiene nu se conjug\u0103 pentru timp, dispozi\u021bie sau persoan\u0103. Timpul \u0219i aspectul sunt exprimate cu particule precum &#8222;kamlang&#8221; pentru progresiv, &#8222;laew&#8221; pentru ac\u021biuni finalizate \u0219i &#8222;si&#8221; pentru viitor. Semnifica\u021biile condi\u021bionate \u0219i imperative se formeaz\u0103 cu particule \u0219i context. \u00cenv\u0103\u021barea modului \u00een care Laos folose\u0219te particule, verbe seriale \u0219i copule precum &#8222;stilou&#8221; pentru identitate \u0219i &#8222;yu&#8221; pentru loca\u021bie v\u0103 va \u00eembun\u0103t\u0103\u021bi capacitatea de a comunica eficient \u00een Laos.<\/p>\n\n\n\n<h3 class=\"wp-block-heading\" id=\"h-5-adjectives-agreement-and-placement\">5. Adjective: acord \u0219i plasare<\/h3>\n\n\n\n<p>\u00cen gramatica laosian\u0103, adjectivele urmeaz\u0103 de obicei substantivul <a href=\"https:\/\/talkpal.ai\/culture\/how-do-i-use-pe-care-correctly\/\">pe care<\/a> \u00eel modific\u0103 \u0219i nu sunt de acord \u00een gen sau num\u0103r. Comparativele \u0219i superlativele sunt construite cu particule precum &#8222;kwaa&#8221; pentru &#8222;mai mult dec\u00e2t&#8221; \u0219i &#8222;thi sut&#8221; pentru &#8222;cel mai mult&#8221;, care sunt esen\u021biale pentru a \u00eenv\u0103\u021ba s\u0103 comunici mai natural.<\/p>\n\n\n\n<p><strong>Exemple:<\/strong><\/p>\n\n\n\n<p><strong>\u2013 khw\u0101m hak nyai (mare dragoste)<\/strong><\/p>\n\n\n\n<p><strong>\u2013 dek n\u00f2i (copii mici)<\/strong><\/p>\n\n\n\n<h3 class=\"wp-block-heading\" id=\"h-6-engaging-with-the-language\">6. Interac\u021biunea cu limba<\/h3>\n\n\n\n<p>Cel mai eficient mod de a \u00een\u021belege \u0219i internaliza pe deplin gramatica laotian\u0103 este de a interac\u021biona \u00een mod constant cu limba. Citind literatura laotiana, vizion\u00e2nd filme sau seriale de televiziune laosiane \u0219i comunic\u00e2nd activ cu vorbitorii nativi, v\u0103 ve\u021bi consolida \u00een\u021belegerea gramaticii \u00een timp ce v\u0103 extinde\u021bi vocabularul.<\/p>\n\n\n\n<h3 class=\"wp-block-heading\" id=\"h-conclusion\">Concluzie<\/h3>\n\n\n\n<p>De\u0219i gramatica laotian\u0103 poate p\u0103rea complicat\u0103, pute\u021bi deveni competent \u00een aceast\u0103 limb\u0103 frumoas\u0103 cu d\u0103ruire, practic\u0103 \u0219i entuziasm. Concentr\u00e2ndu-v\u0103 pe regulile fundamentale \u0219i interac\u021bion\u00e2nd cu limba \u00een diferite contexte, v\u0103 ve\u021bi \u00eembun\u0103t\u0103\u021bi rapid <a href=\"https:\/\/talkpal.ai\/ro\/gramatica\/\">abilit\u0103\u021bile gramaticale<\/a> laotiene. Sok dii (mult noroc) cu c\u0103l\u0103toria ta lingvistic\u0103 laosian\u0103 \u0219i bucur\u0103-te de dezv\u0103luirea lumii enigmatice, dar captivante a gramaticii laotiene!<\/p>\n<\/div><\/div>\n\r\n<section class=\"learnNavigationSection\">\r\n            \r\n        <a href=\"https:\/\/talkpal.ai\/ro\/invata-laos\/\">\r\n            <div class=\"learnNavigationWrapper\">\r\n                <div class=\"learnNavigationContent\">\r\n                    <img decoding=\"async\" src=\"https:\/\/talkpal.ai\/wp-content\/uploads\/2025\/11\/Lao-1.png\" alt=\"Laotian Flag\">\r\n                    <div>\r\n                        <h4>Despre Laos Learning<\/h4>\r\n                        <p>Afl\u0103 totul despre gramatica Laos.<\/p>\r\n                    <\/div>\r\n                <\/div>\r\n            <\/div>\r\n        <\/a>\r\n\r\n        \r\n        <a href=\"https:\/\/talkpal.ai\/ro\/exercitii-de-gramatica-laotiana\/\">\r\n            <div class=\"learnNavigationWrapper\">\r\n                <div class=\"learnNavigationContent\">\r\n                    <img decoding=\"async\" src=\"https:\/\/talkpal.ai\/wp-content\/uploads\/2025\/11\/Lao-1.png\" alt=\"Laotian Flag\">\r\n                    <div>\r\n                        <h4>Exerci\u021biu de gramatic\u0103 laotian\u0103<\/h4>\r\n                        <p>Exersa\u021bi gramatica laotiana.<\/p>\r\n                    <\/div>\r\n                <\/div>\r\n            <\/div>\r\n        <\/a>\r\n\r\n            <\/section>","protected":false},"excerpt":{"rendered":"<p>Navigarea prin complexitatea gramaticii laotiene Lao, o limb\u0103 Tai-Kadai cu o istorie bogat\u0103 \u0219i o semnifica\u021bie cultural\u0103, ofer\u0103 o experien\u021b\u0103 lingvistic\u0103 interesant\u0103 pentru cei dornici s\u0103 exploreze sistemul s\u0103u gramatical unic. Pe m\u0103sur\u0103 ce v\u0103 aventura\u021bi \u00een t\u0103r\u00e2mul Laosului, nu numai c\u0103 v\u0103 ve\u021bi \u00eembog\u0103\u021bi repertoriul lingvistic, dar ve\u021bi \u00eembr\u0103\u021bi\u0219a \u0219i o c\u0103l\u0103torie cultural\u0103 fascinant\u0103. [&hellip;]<\/p>\n","protected":false},"author":20,"featured_media":0,"parent":0,"menu_order":0,"comment_status":"closed","ping_status":"closed","template":"LearningContentPage.php","meta":{"_acf_changed":false,"footnotes":""},"class_list":["post-1468212","page","type-page","status-publish","hentry"],"acf":[],"yoast_head":"<!-- This site is optimized with the Yoast SEO Premium plugin v27.2 (Yoast SEO v27.2) - https:\/\/yoast.com\/product\/yoast-seo-premium-wordpress\/ -->\n<title>Gramatica Laos - Talkpal<\/title>\n<meta name=\"description\" content=\"\u00cenv\u0103\u021ba\u021bi bazele gramaticii lao, inclusiv sistemul de tonuri \u0219i structura propozi\u021biilor, pentru a v\u0103 \u00eembun\u0103t\u0103\u021bi cuno\u0219tin\u021bele de limb\u0103 cu Talkpal.\" \/>\n<meta name=\"robots\" content=\"index, follow, max-snippet:-1, max-image-preview:large, max-video-preview:-1\" \/>\n<link rel=\"canonical\" href=\"https:\/\/talkpal.ai\/ro\/gramatica-laos\/\" \/>\n<meta property=\"og:locale\" content=\"ro_RO\" \/>\n<meta property=\"og:type\" content=\"article\" \/>\n<meta property=\"og:title\" content=\"Gramatica Laos\" \/>\n<meta property=\"og:description\" content=\"Navigarea prin complexitatea gramaticii laotiene Lao, o limb\u0103 Tai-Kadai cu o istorie bogat\u0103 \u0219i o semnifica\u021bie cultural\u0103, ofer\u0103 o experien\u021b\u0103 lingvistic\u0103\" \/>\n<meta property=\"og:url\" content=\"https:\/\/talkpal.ai\/ro\/gramatica-laos\/\" \/>\n<meta property=\"og:site_name\" content=\"Talkpal\" \/>\n<meta property=\"article:publisher\" content=\"https:\/\/www.facebook.com\/profile.php?id=100090733639311\" \/>\n<meta property=\"article:modified_time\" content=\"2025-12-30T14:14:24+00:00\" \/>\n<meta property=\"og:image\" content=\"https:\/\/talkpal.ai\/wp-content\/uploads\/2025\/02\/Progress-tab-16_9.png\" \/>\n\t<meta property=\"og:image:width\" content=\"2880\" \/>\n\t<meta property=\"og:image:height\" content=\"1620\" \/>\n\t<meta property=\"og:image:type\" content=\"image\/png\" \/>\n<meta name=\"twitter:card\" content=\"summary_large_image\" \/>\n<meta name=\"twitter:site\" content=\"@talkpalai\" \/>\n<meta name=\"twitter:label1\" content=\"Timp estimat pentru citire\" \/>\n\t<meta name=\"twitter:data1\" content=\"3 minute\" \/>\n<script type=\"application\/ld+json\" class=\"yoast-schema-graph\">{\"@context\":\"https:\/\/schema.org\",\"@graph\":[{\"@type\":\"WebPage\",\"@id\":\"https:\/\/talkpal.ai\/ro\/gramatica-laos\/\",\"url\":\"https:\/\/talkpal.ai\/ro\/gramatica-laos\/\",\"name\":\"Gramatica Laos - Talkpal\",\"isPartOf\":{\"@id\":\"https:\/\/talkpal.ai\/ro\/#website\"},\"datePublished\":\"2025-11-12T12:14:52+00:00\",\"dateModified\":\"2025-12-30T14:14:24+00:00\",\"description\":\"\u00cenv\u0103\u021ba\u021bi bazele gramaticii lao, inclusiv sistemul de tonuri \u0219i structura propozi\u021biilor, pentru a v\u0103 \u00eembun\u0103t\u0103\u021bi cuno\u0219tin\u021bele de limb\u0103 cu Talkpal.\",\"breadcrumb\":{\"@id\":\"https:\/\/talkpal.ai\/ro\/gramatica-laos\/#breadcrumb\"},\"inLanguage\":\"ro-RO\",\"potentialAction\":[{\"@type\":\"ReadAction\",\"target\":[\"https:\/\/talkpal.ai\/ro\/gramatica-laos\/\"]}]},{\"@type\":\"BreadcrumbList\",\"@id\":\"https:\/\/talkpal.ai\/ro\/gramatica-laos\/#breadcrumb\",\"itemListElement\":[{\"@type\":\"ListItem\",\"position\":1,\"name\":\"Homepage\",\"item\":\"https:\/\/talkpal.ai\/ro\/\"},{\"@type\":\"ListItem\",\"position\":2,\"name\":\"Gramatica Laos\"}]},{\"@type\":\"WebSite\",\"@id\":\"https:\/\/talkpal.ai\/ro\/#website\",\"url\":\"https:\/\/talkpal.ai\/ro\/\",\"name\":\"Talkpal\",\"description\":\"AI Language Learning\",\"publisher\":{\"@id\":\"https:\/\/talkpal.ai\/ro\/#organization\"},\"alternateName\":\"Talkpal AI\",\"potentialAction\":[{\"@type\":\"SearchAction\",\"target\":{\"@type\":\"EntryPoint\",\"urlTemplate\":\"https:\/\/talkpal.ai\/ro\/?s={search_term_string}\"},\"query-input\":{\"@type\":\"PropertyValueSpecification\",\"valueRequired\":true,\"valueName\":\"search_term_string\"}}],\"inLanguage\":\"ro-RO\"},{\"@type\":\"Organization\",\"@id\":\"https:\/\/talkpal.ai\/ro\/#organization\",\"name\":\"Talkpal, Inc.\",\"alternateName\":\"Talkpal AI\",\"url\":\"https:\/\/talkpal.ai\/ro\/\",\"logo\":{\"@type\":\"ImageObject\",\"inLanguage\":\"ro-RO\",\"@id\":\"https:\/\/talkpal.ai\/ro\/#\/schema\/logo\/image\/\",\"url\":\"https:\/\/talkpal.ai\/wp-content\/uploads\/2024\/03\/Talkpal-Logo-Icon.png\",\"contentUrl\":\"https:\/\/talkpal.ai\/wp-content\/uploads\/2024\/03\/Talkpal-Logo-Icon.png\",\"width\":2880,\"height\":2880,\"caption\":\"Talkpal, Inc.\"},\"image\":{\"@id\":\"https:\/\/talkpal.ai\/ro\/#\/schema\/logo\/image\/\"},\"sameAs\":[\"https:\/\/www.facebook.com\/profile.php?id=100090733639311\",\"https:\/\/x.com\/talkpalai\",\"https:\/\/www.linkedin.com\/company\/talkpal\/\",\"https:\/\/www.youtube.com\/@TalkPal\/\",\"https:\/\/www.tiktok.com\/@talkpal\",\"https:\/\/www.instagram.com\/talkpal_ai\/\",\"https:\/\/www.crunchbase.com\/organization\/talkpal-9cde\",\"https:\/\/www.g2.com\/products\/talkpal-for-business\/\",\"https:\/\/www.trustpilot.com\/review\/talkpal.ai\",\"https:\/\/www.capterra.com\/p\/10006800\/TalkPal\/\"],\"description\":\"Talkpal is a language learning web and mobile education app, powered by the latest AI technologies, that provides engaging experiences to its customers in many different languages to help them improve their language skills. Users can chat about unlimited amount of topics with the app and use other modes to practice their language learning.\",\"email\":\"support@talkpal.ai\",\"legalName\":\"Talkpal, Inc.\",\"foundingDate\":\"2023-04-03\",\"duns\":\"118989042\",\"numberOfEmployees\":{\"@type\":\"QuantitativeValue\",\"minValue\":\"11\",\"maxValue\":\"50\"},\"publishingPrinciples\":\"https:\/\/talkpal.ai\/publishing-principles\/\",\"actionableFeedbackPolicy\":\"https:\/\/talkpal.ai\/actionable-feedback-policy\/\",\"correctionsPolicy\":\"https:\/\/talkpal.ai\/corrections-policy\/\",\"ethicsPolicy\":\"https:\/\/talkpal.ai\/ethics-policy\/\",\"diversityPolicy\":\"https:\/\/talkpal.ai\/diversity-policy\/\",\"diversityStaffingReport\":\"https:\/\/talkpal.ai\/diversity-policy\/\"}]}<\/script>\n<!-- \/ Yoast SEO Premium plugin. -->","yoast_head_json":{"title":"Gramatica Laos - Talkpal","description":"\u00cenv\u0103\u021ba\u021bi bazele gramaticii lao, inclusiv sistemul de tonuri \u0219i structura propozi\u021biilor, pentru a v\u0103 \u00eembun\u0103t\u0103\u021bi cuno\u0219tin\u021bele de limb\u0103 cu Talkpal.","robots":{"index":"index","follow":"follow","max-snippet":"max-snippet:-1","max-image-preview":"max-image-preview:large","max-video-preview":"max-video-preview:-1"},"canonical":"https:\/\/talkpal.ai\/ro\/gramatica-laos\/","og_locale":"ro_RO","og_type":"article","og_title":"Gramatica Laos","og_description":"Navigarea prin complexitatea gramaticii laotiene Lao, o limb\u0103 Tai-Kadai cu o istorie bogat\u0103 \u0219i o semnifica\u021bie cultural\u0103, ofer\u0103 o experien\u021b\u0103 lingvistic\u0103","og_url":"https:\/\/talkpal.ai\/ro\/gramatica-laos\/","og_site_name":"Talkpal","article_publisher":"https:\/\/www.facebook.com\/profile.php?id=100090733639311","article_modified_time":"2025-12-30T14:14:24+00:00","og_image":[{"width":2880,"height":1620,"url":"https:\/\/talkpal.ai\/wp-content\/uploads\/2025\/02\/Progress-tab-16_9.png","type":"image\/png"}],"twitter_card":"summary_large_image","twitter_site":"@talkpalai","twitter_misc":{"Timp estimat pentru citire":"3 minute"},"schema":{"@context":"https:\/\/schema.org","@graph":[{"@type":"WebPage","@id":"https:\/\/talkpal.ai\/ro\/gramatica-laos\/","url":"https:\/\/talkpal.ai\/ro\/gramatica-laos\/","name":"Gramatica Laos - Talkpal","isPartOf":{"@id":"https:\/\/talkpal.ai\/ro\/#website"},"datePublished":"2025-11-12T12:14:52+00:00","dateModified":"2025-12-30T14:14:24+00:00","description":"\u00cenv\u0103\u021ba\u021bi bazele gramaticii lao, inclusiv sistemul de tonuri \u0219i structura propozi\u021biilor, pentru a v\u0103 \u00eembun\u0103t\u0103\u021bi cuno\u0219tin\u021bele de limb\u0103 cu Talkpal.","breadcrumb":{"@id":"https:\/\/talkpal.ai\/ro\/gramatica-laos\/#breadcrumb"},"inLanguage":"ro-RO","potentialAction":[{"@type":"ReadAction","target":["https:\/\/talkpal.ai\/ro\/gramatica-laos\/"]}]},{"@type":"BreadcrumbList","@id":"https:\/\/talkpal.ai\/ro\/gramatica-laos\/#breadcrumb","itemListElement":[{"@type":"ListItem","position":1,"name":"Homepage","item":"https:\/\/talkpal.ai\/ro\/"},{"@type":"ListItem","position":2,"name":"Gramatica Laos"}]},{"@type":"WebSite","@id":"https:\/\/talkpal.ai\/ro\/#website","url":"https:\/\/talkpal.ai\/ro\/","name":"Talkpal","description":"AI Language Learning","publisher":{"@id":"https:\/\/talkpal.ai\/ro\/#organization"},"alternateName":"Talkpal AI","potentialAction":[{"@type":"SearchAction","target":{"@type":"EntryPoint","urlTemplate":"https:\/\/talkpal.ai\/ro\/?s={search_term_string}"},"query-input":{"@type":"PropertyValueSpecification","valueRequired":true,"valueName":"search_term_string"}}],"inLanguage":"ro-RO"},{"@type":"Organization","@id":"https:\/\/talkpal.ai\/ro\/#organization","name":"Talkpal, Inc.","alternateName":"Talkpal AI","url":"https:\/\/talkpal.ai\/ro\/","logo":{"@type":"ImageObject","inLanguage":"ro-RO","@id":"https:\/\/talkpal.ai\/ro\/#\/schema\/logo\/image\/","url":"https:\/\/talkpal.ai\/wp-content\/uploads\/2024\/03\/Talkpal-Logo-Icon.png","contentUrl":"https:\/\/talkpal.ai\/wp-content\/uploads\/2024\/03\/Talkpal-Logo-Icon.png","width":2880,"height":2880,"caption":"Talkpal, Inc."},"image":{"@id":"https:\/\/talkpal.ai\/ro\/#\/schema\/logo\/image\/"},"sameAs":["https:\/\/www.facebook.com\/profile.php?id=100090733639311","https:\/\/x.com\/talkpalai","https:\/\/www.linkedin.com\/company\/talkpal\/","https:\/\/www.youtube.com\/@TalkPal\/","https:\/\/www.tiktok.com\/@talkpal","https:\/\/www.instagram.com\/talkpal_ai\/","https:\/\/www.crunchbase.com\/organization\/talkpal-9cde","https:\/\/www.g2.com\/products\/talkpal-for-business\/","https:\/\/www.trustpilot.com\/review\/talkpal.ai","https:\/\/www.capterra.com\/p\/10006800\/TalkPal\/"],"description":"Talkpal is a language learning web and mobile education app, powered by the latest AI technologies, that provides engaging experiences to its customers in many different languages to help them improve their language skills. Users can chat about unlimited amount of topics with the app and use other modes to practice their language learning.","email":"support@talkpal.ai","legalName":"Talkpal, Inc.","foundingDate":"2023-04-03","duns":"118989042","numberOfEmployees":{"@type":"QuantitativeValue","minValue":"11","maxValue":"50"},"publishingPrinciples":"https:\/\/talkpal.ai\/publishing-principles\/","actionableFeedbackPolicy":"https:\/\/talkpal.ai\/actionable-feedback-policy\/","correctionsPolicy":"https:\/\/talkpal.ai\/corrections-policy\/","ethicsPolicy":"https:\/\/talkpal.ai\/ethics-policy\/","diversityPolicy":"https:\/\/talkpal.ai\/diversity-policy\/","diversityStaffingReport":"https:\/\/talkpal.ai\/diversity-policy\/"}]}},"_links":{"self":[{"href":"https:\/\/talkpal.ai\/ro\/wp-json\/wp\/v2\/pages\/1468212","targetHints":{"allow":["GET"]}}],"collection":[{"href":"https:\/\/talkpal.ai\/ro\/wp-json\/wp\/v2\/pages"}],"about":[{"href":"https:\/\/talkpal.ai\/ro\/wp-json\/wp\/v2\/types\/page"}],"author":[{"embeddable":true,"href":"https:\/\/talkpal.ai\/ro\/wp-json\/wp\/v2\/users\/20"}],"replies":[{"embeddable":true,"href":"https:\/\/talkpal.ai\/ro\/wp-json\/wp\/v2\/comments?post=1468212"}],"version-history":[{"count":0,"href":"https:\/\/talkpal.ai\/ro\/wp-json\/wp\/v2\/pages\/1468212\/revisions"}],"wp:attachment":[{"href":"https:\/\/talkpal.ai\/ro\/wp-json\/wp\/v2\/media?parent=1468212"}],"curies":[{"name":"wp","href":"https:\/\/api.w.org\/{rel}","templated":true}]}}