{"id":1468176,"date":"2025-11-12T11:25:18","date_gmt":"2025-11-12T11:25:18","guid":{"rendered":"https:\/\/talkpal.ai\/exercitii-de-gramatica-khmer\/"},"modified":"2025-12-30T14:43:19","modified_gmt":"2025-12-30T14:43:19","slug":"exercitii-de-gramatica-khmer","status":"publish","type":"page","link":"https:\/\/talkpal.ai\/ro\/exercitii-de-gramatica-khmer\/","title":{"rendered":"Exerci\u021bii de gramatic\u0103 khmer"},"content":{"rendered":"\r\n\r\n\r\n<section class=\"languageChallengeSection\">\r\n    <div class=\"languageInfoWrapper\">\r\n        \r\n        <h1>Exerci\u021bii de gramatic\u0103 khmer<\/h1>\r\n        <p>Sunte\u021bi gata s\u0103 v\u0103 scufunda\u021bi \u00een gramatica khmer\u0103? Practicarea c\u00e2torva no\u021biuni de baz\u0103 v\u0103 va ajuta s\u0103 v\u0103 acomoda\u021bi cu aceast\u0103 limb\u0103 unic\u0103 \u0219i frumoas\u0103. \u00cencerca\u021bi aceste exerci\u021bii pentru a v\u0103 consolida \u00eencrederea \u0219i a v\u0103 distra pe parcurs!<\/p>\r\n\r\n                            <a class=\"getStartedHidden\" href=\"https:\/\/app.talkpal.ai\/ro\/signup?lng=\">\u00cencepe<\/a>\r\n        \r\n    <\/div>\r\n\r\n    <figure>\r\n    <img decoding=\"async\" width=\"768\" height=\"768\" src=\"https:\/\/talkpal.ai\/wp-content\/uploads\/2023\/06\/welsh-768x768.png\" class=\"languageImage no-lazy\" alt=\"Language learning for better cognitive abilities\" fetchpriority=\"high\" sizes=\"(max-width: 768px) 150px, 768px\" srcset=\"https:\/\/talkpal.ai\/wp-content\/uploads\/2023\/06\/welsh-768x768.png 768w, https:\/\/talkpal.ai\/wp-content\/uploads\/2023\/06\/welsh-300x300.png 300w\" \/>\r\n    \r\n\r\n    <\/figure>\r\n\r\n            <a class=\"getStartedVisible\" href=\"https:\/\/app.talkpal.ai\/ro\/signup?lng=\">\u00cencepe<\/a>\r\n    \r\n<\/section><section class=\"promotionalBanner\">\r\n    <p class=\"promotionalText\">Cel mai eficient mod de a \u00eenv\u0103\u021ba o limb\u0103<\/p>\r\n    <a class=\"promotionalLink\" href=\"https:\/\/app.talkpal.ai\/ro\/signup?lng=\">\u00cencerca\u021bi Talkpal gratuit<\/a>\r\n<\/section>\n<div class=\"wp-block-group pageContainerStyle\"><div class=\"wp-block-group__inner-container is-layout-constrained wp-block-group-is-layout-constrained\">\n<h2 class=\"wp-block-heading\" id=\"h-khmer-grammar-topics\">Subiecte de gramatic\u0103 khmer<\/h2>\n\n\n\n<p><a href=\"https:\/\/talkpal.ai\/ro\/cele-mai-mari-greseli-pe-care-trebuie-sa-le-evitati-atunci-cand-invatati-o-limba-noua\/\">\u00cenv\u0103\u021barea unei noi limbi<\/a> poate fi un efort provocator, dar plin de satisfac\u021bii. Khmerul, o limb\u0103 austroasiatic\u0103 vorbit\u0103 \u00een principal \u00een Cambodgia, nu face excep\u021bie. Cu structura sa analitic\u0103 \u0219i particulele distincte, <a href=\"https:\/\/talkpal.ai\/ro\/talkpal-pentru-educatie\/\">\u00eenv\u0103\u021barea<\/a> limbii khmere necesit\u0103 o abordare sistematic\u0103 pentru a \u00een\u021belege modul \u00een care sensul este construit f\u0103r\u0103 inflexiune. Acest ghid prezint\u0103 domeniile cheie ale <a href=\"https:\/\/talkpal.ai\/ro\/gramatica-khmera\/\">gramaticii khmere<\/a> \u00eentr-o secven\u021b\u0103 logic\u0103 pentru <a href=\"https:\/\/talkpal.ai\/ro\/ai-chatbot-pentru-invatarea-limbilor-straine\/\">\u00eenv\u0103\u021barea limbilor str\u0103ine<\/a>, \u00eencep\u00e2nd de la elementele de baz\u0103, cum ar fi substantivele \u0219i articolele, \u0219i progres\u00e2nd la domenii mai complexe, cum ar fi timpurile \u0219i construc\u021bia propozi\u021biilor.<\/p>\n\n\n\n<h3 class=\"wp-block-heading\" id=\"h-1-nouns\">1. Substantive:<\/h3>\n\n\n\n<p>\u00cencepe-\u021bi c\u0103l\u0103toria \u00een limba khmer\u0103 \u00eenv\u0103\u021b\u00e2nd substantivele. Aceasta include \u00een\u021belegerea substantivelor comune \u0219i proprii, modul \u00een care pluralitatea este adesea ar\u0103tat\u0103 cu cuantificatori, clasificatori sau reduplicare mai degrab\u0103 dec\u00e2t inflexiune \u0219i absen\u021ba genului gramatical sau a cazului.<\/p>\n\n\n\n<h3 class=\"wp-block-heading\" id=\"h-2-articles\">2. Articole:<\/h3>\n\n\n\n<p>Khmerul nu folose\u0219te articole hot\u0103r\u00e2te sau nehot\u0103r\u00e2te ca \u00een <a href=\"https:\/\/talkpal.ai\/ai-english-speaking-practice\/\">englez\u0103<\/a>. Defini\u021bia este exprimat\u0103 prin context sau demonstrative precum \u1793\u17c1\u17c7 this \u0219i \u1793\u17c4\u17c7 that, \u00een timp ce nedefinirea poate fi ar\u0103tat\u0103 cu numeralul \u1798\u17bd\u1799 unu sau cuvinte precum \u1798\u17bd\u1799\u1785\u17c6\u1793\u17bd\u1793 unele.<\/p>\n\n\n\n<h3 class=\"wp-block-heading\" id=\"h-3-adjectives\">3. Adjective:<\/h3>\n\n\n\n<p>Adjectivele \u00een <a href=\"https:\/\/talkpal.ai\/learn-khmer\/\">khmer<\/a> urmeaz\u0103 de obicei substantivele lor \u0219i pot func\u021biona ca verbe stative \u00een predicate. \u00cenva\u021b\u0103 markeri de grad \u0219i compara\u021bie, cum ar fi \u178e\u17b6\u179f\u17cb foarte, \u1787\u17b6\u1784 pentru comparativ \u0219i \u1787\u17b6\u1784\u1782\u17c1 pentru superlativ, precum \u0219i reduplicare pentru accentuare.<\/p>\n\n\n\n<h3 class=\"wp-block-heading\" id=\"h-4-pronouns-determiners\">4. Pronume\/Determinan\u021bi:<\/h3>\n\n\n\n<p>Pronumele \u0219i determinan\u021bii sunt esen\u021biali \u00een khmer \u0219i reflect\u0103 nivelurile de formalitate \u0219i rela\u021bii sociale. St\u0103p\u00e2ne\u0219te pronumele personale, demonstrativele, cuantificatorii, numeralele cu clasificatoare \u0219i posesia folosind \u179a\u1794\u179f\u17cb sau secven\u021be substantiv-substantiv pentru o comunicare clar\u0103 \u0219i adecvat\u0103.<\/p>\n\n\n\n<h3 class=\"wp-block-heading\" id=\"h-5-verbs\">5. Verbe:<\/h3>\n\n\n\n<p>Verbele khmere nu se conjug\u0103 pentru persoan\u0103 sau timp. Aspectul, timpul \u0219i starea de spirit sunt afi\u0219ate cu particule \u0219i adverbe, cum ar fi \u1780\u17c6\u1796\u17bb\u1784 progresiv, \u1794\u17b6\u1793 finalizat sau trecut, \u1793\u17b9\u1784 viitor sau inten\u021bie, \u1791\u17be\u1794 doar \u0219i \u178f\u17c2\u1784 obi\u0219nuit, \u00eempreun\u0103 cu construc\u021bii de verbe \u00een serie \u0219i utilizarea limitat\u0103 a copulelor precum \u1787\u17b6 pentru clasificare \u0219i \u1793\u17c5 pentru loca\u021bie.<\/p>\n\n\n\n<h3 class=\"wp-block-heading\" id=\"h-6-tenses\">6. Timpuri:<\/h3>\n\n\n\n<p>Dup\u0103 ce st\u0103p\u00e2ni\u021bi utilizarea verbelor, explora\u021bi modul \u00een care khmerul exprim\u0103 timpul f\u0103r\u0103 timpuri flexionale. Prezentul este adesea nemarcat, trecutul este indicat \u00een mod obi\u0219nuit cu \u1794\u17b6\u1793 sau expresii de timp, iar viitorul sau inten\u021bia este afi\u0219at cu \u1793\u17b9\u1784 sau context, cu nuan\u021be complete, adesea marcate de \u17a0\u17be\u1799 deja.<\/p>\n\n\n\n<h3 class=\"wp-block-heading\" id=\"h-7-tense-comparison\">7. Compara\u021bie tensionat\u0103:<\/h3>\n\n\n\n<p>Compararea timpului \u0219i aspectului \u00een khmer se concentreaz\u0103 pe particule \u0219i adverbe, mai degrab\u0103 dec\u00e2t pe schimb\u0103rile verbelor. Folosirea aceluia\u0219i verb cu particule precum \u1794\u17b6\u1793, \u1793\u17b9\u1784 \u0219i \u1780\u17c6\u1796\u17bb\u1784 \u00een diferite contexte va clarifica modul \u00een care sunt exprimate secven\u021bele de evenimente.<\/p>\n\n\n\n<h3 class=\"wp-block-heading\" id=\"h-8-progressive\">8. Progresiv:<\/h3>\n\n\n\n<p>Progresistul \u00een khmer este folosit pentru a exprima ac\u021biuni \u00een curs. Se formeaz\u0103 prin plasarea \u1780\u17c6\u1796\u17bb\u1784 \u00eenaintea verbului principal, cu \u178f\u17c2 op\u021bional pentru accentuare, \u0219i poate fi combinat cu expresii de timp pentru claritate.<\/p>\n\n\n\n<h3 class=\"wp-block-heading\" id=\"h-9-perfect-progressive\">9. Progresiv perfect:<\/h3>\n\n\n\n<p>Acesta este folosit pentru a exprima ac\u021biuni care au fost \u00een curs de desf\u0103\u0219urare p\u00e2n\u0103 la un anumit punct. \u00cen khmer, continuitatea p\u00e2n\u0103 acum poate fi ar\u0103tat\u0103 cu \u1780\u17c6\u1796\u17bb\u1784 &#8230; \u1798\u1780 sau \u1794\u17b6\u1793 + verb + \u1798\u1780 \u00eempreun\u0103 cu fraze de durat\u0103, \u00een func\u021bie de context \u0219i accentuare.<\/p>\n\n\n\n<h3 class=\"wp-block-heading\" id=\"h-10-conditionals\">10. Condi\u021bionale:<\/h3>\n\n\n\n<p>Condi\u021bionalele exprim\u0103 situa\u021bii \u0219i rezultate ipotetice. Khmerul folose\u0219te \u00een mod obi\u0219nuit \u1794\u17be sau \u1794\u17d2\u179a\u179f\u17b7\u1793\u1794\u17be pentru if \u00een propozi\u021bia de condi\u021bie, rezultatul fiind adesea marcat de particule precum \u1793\u17c4\u17c7 sau modale adecvate pentru nuan\u021be.<\/p>\n\n\n\n<h3 class=\"wp-block-heading\" id=\"h-11-adverbs\">11. Adverbe:<\/h3>\n\n\n\n<p>Adverbele \u00een khmer modific\u0103 verbele, adjectivele sau alte adverbe \u0219i includ maniera, locul, timpul \u0219i gradul. Pozi\u021bia este flexibil\u0103, cu adverbe de timp adesea la \u00eenceput, manier\u0103 frecvent dup\u0103 verb \u0219i cuvinte de grad precum \u178e\u17b6\u179f\u17cb \u0219i \u1794\u1793\u17d2\u178f\u17b7\u1785 model\u00e2nd intensitatea.<\/p>\n\n\n\n<h3 class=\"wp-block-heading\" id=\"h-12-prepositions\">12. Prepozi\u021bii:<\/h3>\n\n\n\n<p>Prepozi\u021biile leag\u0103 cuvinte \u0219i expresii pentru a ar\u0103ta rela\u021biile de timp, loc \u0219i direc\u021bie. Khmerul folose\u0219te elemente precum \u1793\u17c5 la sau \u00een, \u1791\u17c5 la, \u1796\u17b8 din \u0219i forme rela\u021bionale precum \u1781\u17b6\u1784\u1780\u17d2\u179a\u17c4\u1799 \u00een spate \u0219i \u179b\u17be pe, adesea \u00een combina\u021bie cu substantive de loca\u021bie.<\/p>\n\n\n\n<h3 class=\"wp-block-heading\" id=\"h-13-sentences\">13. Propozi\u021bii:<\/h3>\n\n\n\n<p>\u00cen cele din urm\u0103, exersa\u021bi construirea propozi\u021biilor. Khmerii tinde spre ordinea SVO cu structuri frecvente de comentarii subiecte. St\u0103p\u00e2ne\u0219te nega\u021bia cu \u1798\u17b7\u1793 &#8230; \u1791\u17c1 \u00een uzul standard \u0219i \u00een formele colocviale comune, imperative cu particule precum \u179f\u17bc\u1798 \u0219i integrarea tuturor punctelor gramaticale \u00eenv\u0103\u021bate anterior \u00een context.<\/p>\n<\/div><\/div>\n\r\n<section class=\"learnNavigationSection\">\r\n            \r\n        <a href=\"https:\/\/talkpal.ai\/ro\/invata-galeza-2\/\">\r\n            <div class=\"learnNavigationWrapper\">\r\n                <div class=\"learnNavigationContent\">\r\n                    <img decoding=\"async\" src=\"https:\/\/talkpal.ai\/wp-content\/uploads\/2025\/11\/Khmer.png\" alt=\"Cambodian Flag\">\r\n                    <div>\r\n                        <h4>Despre \u00eenv\u0103\u021barea khmerilor<\/h4>\r\n                        <p>Afla\u021bi totul despre gramatica khmer\u0103.<\/p>\r\n                    <\/div>\r\n                <\/div>\r\n            <\/div>\r\n        <\/a>\r\n\r\n        \r\n        <a href=\"https:\/\/talkpal.ai\/ro\/gramatica-khmera\/\">\r\n            <div class=\"learnNavigationWrapper\">\r\n                <div class=\"learnNavigationContent\">\r\n                    <img decoding=\"async\" src=\"https:\/\/talkpal.ai\/wp-content\/uploads\/2025\/11\/Khmer.png\" alt=\"Cambodian Flag\">\r\n                    <div>\r\n                        <h4>Lec\u021bii de gramatic\u0103 khmer<\/h4>\r\n                        <p>Exersa\u021bi gramatica khmer\u0103.<\/p>\r\n                    <\/div>\r\n                <\/div>\r\n            <\/div>\r\n        <\/a>\r\n\r\n            <\/section>","protected":false},"excerpt":{"rendered":"<p>Subiecte de gramatic\u0103 khmer \u00cenv\u0103\u021barea unei noi limbi poate fi un efort provocator, dar plin de satisfac\u021bii. Khmerul, o limb\u0103 austroasiatic\u0103 vorbit\u0103 \u00een principal \u00een Cambodgia, nu face excep\u021bie. Cu structura sa analitic\u0103 \u0219i particulele distincte, \u00eenv\u0103\u021barea limbii khmere necesit\u0103 o abordare sistematic\u0103 pentru a \u00een\u021belege modul \u00een care sensul este construit f\u0103r\u0103 inflexiune. Acest [&hellip;]<\/p>\n","protected":false},"author":20,"featured_media":0,"parent":0,"menu_order":0,"comment_status":"closed","ping_status":"closed","template":"LearningContentPage.php","meta":{"_acf_changed":false,"footnotes":""},"class_list":["post-1468176","page","type-page","status-publish","hentry"],"acf":[],"yoast_head":"<!-- This site is optimized with the Yoast SEO Premium plugin v27.2 (Yoast SEO v27.2) - https:\/\/yoast.com\/product\/yoast-seo-premium-wordpress\/ -->\n<title>Exerci\u021bii de gramatic\u0103 khmer - Talkpal<\/title>\n<meta name=\"description\" content=\"\u00cembun\u0103t\u0103\u021bi\u021bi-v\u0103 cuno\u0219tin\u021bele cu exerci\u021bii interactive de gramatic\u0103 khmer\u0103 concepute pentru a v\u0103 ajuta s\u0103 vorbi\u021bi \u0219i s\u0103 scrie\u021bi cu \u00eencredere.\" \/>\n<meta name=\"robots\" content=\"index, follow, max-snippet:-1, max-image-preview:large, max-video-preview:-1\" \/>\n<link rel=\"canonical\" href=\"https:\/\/talkpal.ai\/ro\/exercitii-de-gramatica-khmer\/\" \/>\n<meta property=\"og:locale\" content=\"ro_RO\" \/>\n<meta property=\"og:type\" content=\"article\" \/>\n<meta property=\"og:title\" content=\"Exerci\u021bii de gramatic\u0103 khmer\" \/>\n<meta property=\"og:description\" content=\"Subiecte de gramatic\u0103 khmer \u00cenv\u0103\u021barea unei noi limbi poate fi un efort provocator, dar plin de satisfac\u021bii. Khmerul, o limb\u0103 austroasiatic\u0103 vorbit\u0103 \u00een\" \/>\n<meta property=\"og:url\" content=\"https:\/\/talkpal.ai\/ro\/exercitii-de-gramatica-khmer\/\" \/>\n<meta property=\"og:site_name\" content=\"Talkpal\" \/>\n<meta property=\"article:publisher\" content=\"https:\/\/www.facebook.com\/profile.php?id=100090733639311\" \/>\n<meta property=\"article:modified_time\" content=\"2025-12-30T14:43:19+00:00\" \/>\n<meta property=\"og:image\" content=\"https:\/\/talkpal.ai\/wp-content\/uploads\/2025\/02\/Progress-tab-16_9.png\" \/>\n\t<meta property=\"og:image:width\" content=\"2880\" \/>\n\t<meta property=\"og:image:height\" content=\"1620\" \/>\n\t<meta property=\"og:image:type\" content=\"image\/png\" \/>\n<meta name=\"twitter:card\" content=\"summary_large_image\" \/>\n<meta name=\"twitter:site\" content=\"@talkpalai\" \/>\n<meta name=\"twitter:label1\" content=\"Timp estimat pentru citire\" \/>\n\t<meta name=\"twitter:data1\" content=\"4 minute\" \/>\n<script type=\"application\/ld+json\" class=\"yoast-schema-graph\">{\"@context\":\"https:\/\/schema.org\",\"@graph\":[{\"@type\":\"WebPage\",\"@id\":\"https:\/\/talkpal.ai\/ro\/exercitii-de-gramatica-khmer\/\",\"url\":\"https:\/\/talkpal.ai\/ro\/exercitii-de-gramatica-khmer\/\",\"name\":\"Exerci\u021bii de gramatic\u0103 khmer - Talkpal\",\"isPartOf\":{\"@id\":\"https:\/\/talkpal.ai\/ro\/#website\"},\"datePublished\":\"2025-11-12T11:25:18+00:00\",\"dateModified\":\"2025-12-30T14:43:19+00:00\",\"description\":\"\u00cembun\u0103t\u0103\u021bi\u021bi-v\u0103 cuno\u0219tin\u021bele cu exerci\u021bii interactive de gramatic\u0103 khmer\u0103 concepute pentru a v\u0103 ajuta s\u0103 vorbi\u021bi \u0219i s\u0103 scrie\u021bi cu \u00eencredere.\",\"breadcrumb\":{\"@id\":\"https:\/\/talkpal.ai\/ro\/exercitii-de-gramatica-khmer\/#breadcrumb\"},\"inLanguage\":\"ro-RO\",\"potentialAction\":[{\"@type\":\"ReadAction\",\"target\":[\"https:\/\/talkpal.ai\/ro\/exercitii-de-gramatica-khmer\/\"]}]},{\"@type\":\"BreadcrumbList\",\"@id\":\"https:\/\/talkpal.ai\/ro\/exercitii-de-gramatica-khmer\/#breadcrumb\",\"itemListElement\":[{\"@type\":\"ListItem\",\"position\":1,\"name\":\"Homepage\",\"item\":\"https:\/\/talkpal.ai\/ro\/\"},{\"@type\":\"ListItem\",\"position\":2,\"name\":\"Exerci\u021bii de gramatic\u0103 khmer\"}]},{\"@type\":\"WebSite\",\"@id\":\"https:\/\/talkpal.ai\/ro\/#website\",\"url\":\"https:\/\/talkpal.ai\/ro\/\",\"name\":\"Talkpal\",\"description\":\"AI Language Learning\",\"publisher\":{\"@id\":\"https:\/\/talkpal.ai\/ro\/#organization\"},\"alternateName\":\"Talkpal AI\",\"potentialAction\":[{\"@type\":\"SearchAction\",\"target\":{\"@type\":\"EntryPoint\",\"urlTemplate\":\"https:\/\/talkpal.ai\/ro\/?s={search_term_string}\"},\"query-input\":{\"@type\":\"PropertyValueSpecification\",\"valueRequired\":true,\"valueName\":\"search_term_string\"}}],\"inLanguage\":\"ro-RO\"},{\"@type\":\"Organization\",\"@id\":\"https:\/\/talkpal.ai\/ro\/#organization\",\"name\":\"Talkpal, Inc.\",\"alternateName\":\"Talkpal AI\",\"url\":\"https:\/\/talkpal.ai\/ro\/\",\"logo\":{\"@type\":\"ImageObject\",\"inLanguage\":\"ro-RO\",\"@id\":\"https:\/\/talkpal.ai\/ro\/#\/schema\/logo\/image\/\",\"url\":\"https:\/\/talkpal.ai\/wp-content\/uploads\/2024\/03\/Talkpal-Logo-Icon.png\",\"contentUrl\":\"https:\/\/talkpal.ai\/wp-content\/uploads\/2024\/03\/Talkpal-Logo-Icon.png\",\"width\":2880,\"height\":2880,\"caption\":\"Talkpal, Inc.\"},\"image\":{\"@id\":\"https:\/\/talkpal.ai\/ro\/#\/schema\/logo\/image\/\"},\"sameAs\":[\"https:\/\/www.facebook.com\/profile.php?id=100090733639311\",\"https:\/\/x.com\/talkpalai\",\"https:\/\/www.linkedin.com\/company\/talkpal\/\",\"https:\/\/www.youtube.com\/@TalkPal\/\",\"https:\/\/www.tiktok.com\/@talkpal\",\"https:\/\/www.instagram.com\/talkpal_ai\/\",\"https:\/\/www.crunchbase.com\/organization\/talkpal-9cde\",\"https:\/\/www.g2.com\/products\/talkpal-for-business\/\",\"https:\/\/www.trustpilot.com\/review\/talkpal.ai\",\"https:\/\/www.capterra.com\/p\/10006800\/TalkPal\/\"],\"description\":\"Talkpal is a language learning web and mobile education app, powered by the latest AI technologies, that provides engaging experiences to its customers in many different languages to help them improve their language skills. Users can chat about unlimited amount of topics with the app and use other modes to practice their language learning.\",\"email\":\"support@talkpal.ai\",\"legalName\":\"Talkpal, Inc.\",\"foundingDate\":\"2023-04-03\",\"duns\":\"118989042\",\"numberOfEmployees\":{\"@type\":\"QuantitativeValue\",\"minValue\":\"11\",\"maxValue\":\"50\"},\"publishingPrinciples\":\"https:\/\/talkpal.ai\/publishing-principles\/\",\"actionableFeedbackPolicy\":\"https:\/\/talkpal.ai\/actionable-feedback-policy\/\",\"correctionsPolicy\":\"https:\/\/talkpal.ai\/corrections-policy\/\",\"ethicsPolicy\":\"https:\/\/talkpal.ai\/ethics-policy\/\",\"diversityPolicy\":\"https:\/\/talkpal.ai\/diversity-policy\/\",\"diversityStaffingReport\":\"https:\/\/talkpal.ai\/diversity-policy\/\"}]}<\/script>\n<!-- \/ Yoast SEO Premium plugin. -->","yoast_head_json":{"title":"Exerci\u021bii de gramatic\u0103 khmer - Talkpal","description":"\u00cembun\u0103t\u0103\u021bi\u021bi-v\u0103 cuno\u0219tin\u021bele cu exerci\u021bii interactive de gramatic\u0103 khmer\u0103 concepute pentru a v\u0103 ajuta s\u0103 vorbi\u021bi \u0219i s\u0103 scrie\u021bi cu \u00eencredere.","robots":{"index":"index","follow":"follow","max-snippet":"max-snippet:-1","max-image-preview":"max-image-preview:large","max-video-preview":"max-video-preview:-1"},"canonical":"https:\/\/talkpal.ai\/ro\/exercitii-de-gramatica-khmer\/","og_locale":"ro_RO","og_type":"article","og_title":"Exerci\u021bii de gramatic\u0103 khmer","og_description":"Subiecte de gramatic\u0103 khmer \u00cenv\u0103\u021barea unei noi limbi poate fi un efort provocator, dar plin de satisfac\u021bii. Khmerul, o limb\u0103 austroasiatic\u0103 vorbit\u0103 \u00een","og_url":"https:\/\/talkpal.ai\/ro\/exercitii-de-gramatica-khmer\/","og_site_name":"Talkpal","article_publisher":"https:\/\/www.facebook.com\/profile.php?id=100090733639311","article_modified_time":"2025-12-30T14:43:19+00:00","og_image":[{"width":2880,"height":1620,"url":"https:\/\/talkpal.ai\/wp-content\/uploads\/2025\/02\/Progress-tab-16_9.png","type":"image\/png"}],"twitter_card":"summary_large_image","twitter_site":"@talkpalai","twitter_misc":{"Timp estimat pentru citire":"4 minute"},"schema":{"@context":"https:\/\/schema.org","@graph":[{"@type":"WebPage","@id":"https:\/\/talkpal.ai\/ro\/exercitii-de-gramatica-khmer\/","url":"https:\/\/talkpal.ai\/ro\/exercitii-de-gramatica-khmer\/","name":"Exerci\u021bii de gramatic\u0103 khmer - Talkpal","isPartOf":{"@id":"https:\/\/talkpal.ai\/ro\/#website"},"datePublished":"2025-11-12T11:25:18+00:00","dateModified":"2025-12-30T14:43:19+00:00","description":"\u00cembun\u0103t\u0103\u021bi\u021bi-v\u0103 cuno\u0219tin\u021bele cu exerci\u021bii interactive de gramatic\u0103 khmer\u0103 concepute pentru a v\u0103 ajuta s\u0103 vorbi\u021bi \u0219i s\u0103 scrie\u021bi cu \u00eencredere.","breadcrumb":{"@id":"https:\/\/talkpal.ai\/ro\/exercitii-de-gramatica-khmer\/#breadcrumb"},"inLanguage":"ro-RO","potentialAction":[{"@type":"ReadAction","target":["https:\/\/talkpal.ai\/ro\/exercitii-de-gramatica-khmer\/"]}]},{"@type":"BreadcrumbList","@id":"https:\/\/talkpal.ai\/ro\/exercitii-de-gramatica-khmer\/#breadcrumb","itemListElement":[{"@type":"ListItem","position":1,"name":"Homepage","item":"https:\/\/talkpal.ai\/ro\/"},{"@type":"ListItem","position":2,"name":"Exerci\u021bii de gramatic\u0103 khmer"}]},{"@type":"WebSite","@id":"https:\/\/talkpal.ai\/ro\/#website","url":"https:\/\/talkpal.ai\/ro\/","name":"Talkpal","description":"AI Language Learning","publisher":{"@id":"https:\/\/talkpal.ai\/ro\/#organization"},"alternateName":"Talkpal AI","potentialAction":[{"@type":"SearchAction","target":{"@type":"EntryPoint","urlTemplate":"https:\/\/talkpal.ai\/ro\/?s={search_term_string}"},"query-input":{"@type":"PropertyValueSpecification","valueRequired":true,"valueName":"search_term_string"}}],"inLanguage":"ro-RO"},{"@type":"Organization","@id":"https:\/\/talkpal.ai\/ro\/#organization","name":"Talkpal, Inc.","alternateName":"Talkpal AI","url":"https:\/\/talkpal.ai\/ro\/","logo":{"@type":"ImageObject","inLanguage":"ro-RO","@id":"https:\/\/talkpal.ai\/ro\/#\/schema\/logo\/image\/","url":"https:\/\/talkpal.ai\/wp-content\/uploads\/2024\/03\/Talkpal-Logo-Icon.png","contentUrl":"https:\/\/talkpal.ai\/wp-content\/uploads\/2024\/03\/Talkpal-Logo-Icon.png","width":2880,"height":2880,"caption":"Talkpal, Inc."},"image":{"@id":"https:\/\/talkpal.ai\/ro\/#\/schema\/logo\/image\/"},"sameAs":["https:\/\/www.facebook.com\/profile.php?id=100090733639311","https:\/\/x.com\/talkpalai","https:\/\/www.linkedin.com\/company\/talkpal\/","https:\/\/www.youtube.com\/@TalkPal\/","https:\/\/www.tiktok.com\/@talkpal","https:\/\/www.instagram.com\/talkpal_ai\/","https:\/\/www.crunchbase.com\/organization\/talkpal-9cde","https:\/\/www.g2.com\/products\/talkpal-for-business\/","https:\/\/www.trustpilot.com\/review\/talkpal.ai","https:\/\/www.capterra.com\/p\/10006800\/TalkPal\/"],"description":"Talkpal is a language learning web and mobile education app, powered by the latest AI technologies, that provides engaging experiences to its customers in many different languages to help them improve their language skills. Users can chat about unlimited amount of topics with the app and use other modes to practice their language learning.","email":"support@talkpal.ai","legalName":"Talkpal, Inc.","foundingDate":"2023-04-03","duns":"118989042","numberOfEmployees":{"@type":"QuantitativeValue","minValue":"11","maxValue":"50"},"publishingPrinciples":"https:\/\/talkpal.ai\/publishing-principles\/","actionableFeedbackPolicy":"https:\/\/talkpal.ai\/actionable-feedback-policy\/","correctionsPolicy":"https:\/\/talkpal.ai\/corrections-policy\/","ethicsPolicy":"https:\/\/talkpal.ai\/ethics-policy\/","diversityPolicy":"https:\/\/talkpal.ai\/diversity-policy\/","diversityStaffingReport":"https:\/\/talkpal.ai\/diversity-policy\/"}]}},"_links":{"self":[{"href":"https:\/\/talkpal.ai\/ro\/wp-json\/wp\/v2\/pages\/1468176","targetHints":{"allow":["GET"]}}],"collection":[{"href":"https:\/\/talkpal.ai\/ro\/wp-json\/wp\/v2\/pages"}],"about":[{"href":"https:\/\/talkpal.ai\/ro\/wp-json\/wp\/v2\/types\/page"}],"author":[{"embeddable":true,"href":"https:\/\/talkpal.ai\/ro\/wp-json\/wp\/v2\/users\/20"}],"replies":[{"embeddable":true,"href":"https:\/\/talkpal.ai\/ro\/wp-json\/wp\/v2\/comments?post=1468176"}],"version-history":[{"count":0,"href":"https:\/\/talkpal.ai\/ro\/wp-json\/wp\/v2\/pages\/1468176\/revisions"}],"wp:attachment":[{"href":"https:\/\/talkpal.ai\/ro\/wp-json\/wp\/v2\/media?parent=1468176"}],"curies":[{"name":"wp","href":"https:\/\/api.w.org\/{rel}","templated":true}]}}