{"id":1468140,"date":"2025-11-12T15:39:07","date_gmt":"2025-11-12T15:39:07","guid":{"rendered":"https:\/\/talkpal.ai\/gramatica-malteza\/"},"modified":"2025-12-30T13:54:13","modified_gmt":"2025-12-30T13:54:13","slug":"gramatica-malteza","status":"publish","type":"page","link":"https:\/\/talkpal.ai\/ro\/gramatica-malteza\/","title":{"rendered":"Gramatica maltez\u0103"},"content":{"rendered":"\r\n\r\n\r\n<section class=\"languageChallengeSection\">\r\n    <div class=\"languageInfoWrapper\">\r\n        \r\n        <h1>Gramatica maltez\u0103<\/h1>\r\n        <p><a href=\"https:\/\/talkpal.ai\/maltese-grammar\/\">Gramatica maltez\u0103<\/a> poate p\u0103rea o provocare la \u00eenceput, dar caracteristicile sale unice fac ca \u00eenv\u0103\u021barea limbii s\u0103 fie o experien\u021b\u0103 plin\u0103 de satisfac\u021bii. Explor\u00e2ndu-i alfabetul, muta\u021biile \u0219i regulile gramaticale, ve\u021bi ob\u021bine informa\u021bii despre o bogat\u0103 tradi\u021bie lingvistic\u0103. \u00cencepe\u021bi-v\u0103 c\u0103l\u0103toria \u0219i descoperi\u021bi frumuse\u021bea maltezei!<\/p>\r\n\r\n                            <a class=\"getStartedHidden\" href=\"https:\/\/app.talkpal.ai\/ro\/signup?lng=\">\u00cencepe<\/a>\r\n        \r\n    <\/div>\r\n\r\n    <figure>\r\n    <img decoding=\"async\" width=\"768\" height=\"768\" src=\"https:\/\/talkpal.ai\/wp-content\/uploads\/2023\/06\/welsh-768x768.png\" class=\"languageImage no-lazy\" alt=\"Language learning for better cognitive abilities\" fetchpriority=\"high\" sizes=\"(max-width: 768px) 150px, 768px\" srcset=\"https:\/\/talkpal.ai\/wp-content\/uploads\/2023\/06\/welsh-768x768.png 768w, https:\/\/talkpal.ai\/wp-content\/uploads\/2023\/06\/welsh-300x300.png 300w\" \/>\r\n    \r\n\r\n    <\/figure>\r\n\r\n            <a class=\"getStartedVisible\" href=\"https:\/\/app.talkpal.ai\/ro\/signup?lng=\">\u00cencepe<\/a>\r\n    \r\n<\/section><section class=\"promotionalBanner\">\r\n    <p class=\"promotionalText\">Cel mai eficient mod de a \u00eenv\u0103\u021ba o limb\u0103<\/p>\r\n    <a class=\"promotionalLink\" href=\"https:\/\/app.talkpal.ai\/ro\/signup?lng=\">\u00cencerca\u021bi Talkpal gratuit<\/a>\r\n<\/section>\n<div class=\"wp-block-group pageContainerStyle\"><div class=\"wp-block-group__inner-container is-layout-constrained wp-block-group-is-layout-constrained\">\n<h2 class=\"wp-block-heading\" id=\"h-navigating-the-intricacies-of-maltese-grammar\">Navigarea prin complexitatea gramaticii malteze<\/h2>\n\n\n\n<p><a href=\"https:\/\/talkpal.ai\/ro\/invata-malteza\/\">Malta,<\/a> o limb\u0103 semitic\u0103 cu r\u0103d\u0103cini mediteraneene profunde \u0219i semnifica\u021bie cultural\u0103 vibrant\u0103, ofer\u0103 o experien\u021b\u0103 lingvistic\u0103 interesant\u0103 pentru cei dornici s\u0103 exploreze sistemul s\u0103u gramatical unic. Pe m\u0103sur\u0103 ce v\u0103 aventura\u021bi pe t\u0103r\u00e2mul maltezei, nu numai c\u0103 v\u0103 ve\u021bi \u00eembog\u0103\u021bi repertoriul lingvistic, dar ve\u021bi \u00eembr\u0103\u021bi\u0219a \u0219i o c\u0103l\u0103torie cultural\u0103 fascinant\u0103. \u00cen timp ce gramatica <a href=\"https:\/\/talkpal.ai\/learn-maltese\/\">maltez\u0103<\/a> poate p\u0103rea complicat\u0103 la \u00eenceput, \u00eemp\u0103r\u021birea ei \u00een componente de baz\u0103 face ca \u00eenv\u0103\u021barea limbii s\u0103 fie mai accesibil\u0103. \u00cen acest articol, vom explora lumea captivant\u0103 a gramaticii malteze \u0219i vom oferi sfaturi despre cum s\u0103-i st\u0103p\u00e2ne\u0219ti complexitatea.<\/p>\n\n\n\n<h3 class=\"wp-block-heading\" id=\"h-1-maltese-alphabet-and-phonetics\">1. Alfabetul maltez \u0219i fonetica<\/h3>\n\n\n\n<p>Alfabetul maltez cuprinde 30 de litere, dintre care c\u00e2teva sunt unice pentru limb\u0103, cum ar fi &#8222;g\u0127&#8221;, &#8222;\u0127&#8221;, &#8222;q&#8221;, &#8222;\u010b&#8221;, &#8222;\u0121&#8221;, &#8222;\u017c&#8221; \u0219i &#8222;x&#8221;. Pentru a \u00eenv\u0103\u021ba gramatica maltez\u0103, este esen\u021bial s\u0103 v\u0103 familiariza\u021bi cu acest sistem de scriere distinctiv exers\u00e2nd citirea \u0219i scrierea \u00een maltez\u0103.<\/p>\n\n\n\n<h3 class=\"wp-block-heading\" id=\"h-2-assimilation-a-peculiar-maltese-feature\">2. Asimilarea: o caracteristic\u0103 maltez\u0103 special\u0103<\/h3>\n\n\n\n<p>Un aspect distinctiv al gramaticii malteze este asimilarea articolului hot\u0103r\u00e2t \u0219i modific\u0103rile de sunet aferente. Articolul &#8222;il-&#8221; sau &#8222;l-&#8221; se asimileaz\u0103 adesea la consoana ini\u021bial\u0103 a anumitor substantive, produc\u00e2nd un sunet dublat, ca \u00een il + ra\u0121el = ir-ra\u0121el \u0219i il + sieg\u0127a = is-sieg\u0127a. Prepozi\u021biile \u0219i articolul formeaz\u0103, de asemenea, contrac\u021bii, cum ar fi ta&#8217; + il = tal. \u00cen\u021belegerea c\u00e2nd \u0219i cum apar aceste asimilari \u0219i contrac\u021bii este vital\u0103 pentru o comunicare precis\u0103 \u00een maltez\u0103.<\/p>\n\n\n\n<h3 class=\"wp-block-heading\" id=\"h-3-nouns-and-pronouns-gender-and-cases\">3. Substantive \u0219i pronume: gen \u0219i cazuri<\/h3>\n\n\n\n<p>Substantivele malteze au gen gramatical (masculin sau feminin) \u0219i folosesc o varietate de strategii de formare a pluralului, inclusiv sufixe precum -i \u0219i -ijiet, precum \u0219i <a href=\"https:\/\/talkpal.ai\/zh-hans\/grammar_exercises\/plurale-%e6%84%8f%e5%a4%a7%e5%88%a9%e8%af%ad%e6%b3%95%e7%bb%83%e4%b9%a0\/\">plurale<\/a> rupte formate de modific\u0103ri interne ale vocalelor. Pronumele \u00een maltez\u0103 includ personal (jien, inti, hu, hi, a\u0127na, intom, huma), forme posesive adesea construite cu sufixe ta&#8217; sau pronominale, forme reflexive \u0219i emfatice, demonstrative (dan, din, dawn, dak, dik, dawk) \u0219i interogative (min, x&#8217;, fejn, meta). Familiarizarea cu aceste pronume \u0219i formele lor v\u0103 va \u00eembun\u0103t\u0103\u021bi semnificativ \u00een\u021belegerea gramaticii malteze.<\/p>\n\n\n\n<h3 class=\"wp-block-heading\" id=\"h-4-verbs-structure-and-conjugation\">4. Verbe: structur\u0103 \u0219i conjugare<\/h3>\n\n\n\n<p>Verbele malteze sunt construite pe r\u0103d\u0103cini \u0219i modele \u0219i se conjug\u0103 pentru persoan\u0103, num\u0103r \u0219i uneori gen. Tulpinile nucleului marcheaz\u0103 trecutul \u0219i non-trecutul, viitorul fiind adesea indicat de particula se. Elementele suplimentare includ formele condi\u021bionate cu kieku \u0219i imperative. Pronumele obiect se pot ata\u0219a verbelor, ca \u00een rajtek (te-am v\u0103zut). \u00cenv\u0103\u021barea modelelor de conjugare a verbelor, a particulelor \u0219i a nega\u021biei cu ma&#8230; x v\u0103 va \u00eembun\u0103t\u0103\u021bi capacitatea de a comunica eficient \u00een maltez\u0103.<\/p>\n\n\n\n<h3 class=\"wp-block-heading\" id=\"h-5-adjectives-agreement-and-placement\">5. Adjective: acord \u0219i plasare<\/h3>\n\n\n\n<p>\u00cen gramatica maltez\u0103, adjectivele urmeaz\u0103 de obicei substantivul <a href=\"https:\/\/talkpal.ai\/culture\/how-do-i-use-pe-care-correctly\/\">pe care<\/a> \u00eel modific\u0103 \u0219i sunt de acord \u00een gen \u0219i num\u0103r cu substantivul. Multe adjective formeaz\u0103 variante feminine \u0219i plurale, iar comparativele \u0219i superlativele sunt exprimate \u00een mod obi\u0219nuit cu aktar sau i\u017cjed, al\u0103turi de c\u00e2teva forme neregulate, cum ar fi a\u0127jar \u0219i ag\u0127ar, care sunt esen\u021biale pentru a \u00eenv\u0103\u021ba s\u0103 comunice mai natural.<\/p>\n\n\n\n<p><strong>Exemple:<\/strong><\/p>\n\n\n\n<p><strong>\u2013 im\u0127abba kbira (mare dragoste)<\/strong><\/p>\n\n\n\n<p><strong>\u2013 tfal \u017cg\u0127ar (copii mici)<\/strong><\/p>\n\n\n\n<h3 class=\"wp-block-heading\" id=\"h-6-engaging-with-the-language\">6. Interac\u021biunea cu limba<\/h3>\n\n\n\n<p>Cel mai eficient mod de a \u00een\u021belege \u0219i internaliza pe deplin gramatica maltez\u0103 este de a interac\u021biona \u00een mod constant cu limba. Citind literatur\u0103 maltez\u0103, vizion\u00e2nd filme malteze sau seriale de televiziune \u0219i comunic\u00e2nd activ cu vorbitorii nativi, v\u0103 ve\u021bi consolida \u00een\u021belegerea gramaticii \u00een timp ce v\u0103 extinde\u021bi vocabularul.<\/p>\n\n\n\n<h3 class=\"wp-block-heading\" id=\"h-conclusion\">Concluzie<\/h3>\n\n\n\n<p>De\u0219i gramatica maltez\u0103 poate p\u0103rea complicat\u0103, pute\u021bi deveni competent \u00een aceast\u0103 limb\u0103 frumoas\u0103 cu d\u0103ruire, practic\u0103 \u0219i entuziasm. Concentr\u00e2ndu-v\u0103 pe regulile fundamentale \u0219i interac\u021bion\u00e2nd cu limba \u00een diferite contexte, v\u0103 ve\u021bi \u00eembun\u0103t\u0103\u021bi rapid <a href=\"https:\/\/talkpal.ai\/ro\/gramatica\/\">abilit\u0103\u021bile gramaticale<\/a> malteze. Bucura\u021bi-v\u0103 de c\u0103l\u0103toria \u00een limba maltez\u0103 \u0219i bucura\u021bi-v\u0103 de lumea enigmatic\u0103, dar captivant\u0103, a gramaticii malteze!<\/p>\n<\/div><\/div>\n\r\n<section class=\"learnNavigationSection\">\r\n            \r\n        <a href=\"https:\/\/talkpal.ai\/ro\/invata-malteza\/\">\r\n            <div class=\"learnNavigationWrapper\">\r\n                <div class=\"learnNavigationContent\">\r\n                    <img decoding=\"async\" src=\"https:\/\/talkpal.ai\/wp-content\/uploads\/2025\/11\/Maltese.png\" alt=\"Maltese Flag\">\r\n                    <div>\r\n                        <h4>Despre \u00eenv\u0103\u021barea maltez\u0103<\/h4>\r\n                        <p>Afla\u021bi totul despre gramatica maltez\u0103.<\/p>\r\n                    <\/div>\r\n                <\/div>\r\n            <\/div>\r\n        <\/a>\r\n\r\n        \r\n        <a href=\"https:\/\/talkpal.ai\/ro\/exercitii-de-gramatica-malteza\/\">\r\n            <div class=\"learnNavigationWrapper\">\r\n                <div class=\"learnNavigationContent\">\r\n                    <img decoding=\"async\" src=\"https:\/\/talkpal.ai\/wp-content\/uploads\/2025\/11\/Maltese.png\" alt=\"Maltese Flag\">\r\n                    <div>\r\n                        <h4>Exerci\u021biu de gramatic\u0103 maltez\u0103<\/h4>\r\n                        <p>Exersa\u021bi gramatica maltez\u0103.<\/p>\r\n                    <\/div>\r\n                <\/div>\r\n            <\/div>\r\n        <\/a>\r\n\r\n            <\/section>","protected":false},"excerpt":{"rendered":"<p>Navigarea prin complexitatea gramaticii malteze Malta, o limb\u0103 semitic\u0103 cu r\u0103d\u0103cini mediteraneene profunde \u0219i semnifica\u021bie cultural\u0103 vibrant\u0103, ofer\u0103 o experien\u021b\u0103 lingvistic\u0103 interesant\u0103 pentru cei dornici s\u0103 exploreze sistemul s\u0103u gramatical unic. Pe m\u0103sur\u0103 ce v\u0103 aventura\u021bi pe t\u0103r\u00e2mul maltezei, nu numai c\u0103 v\u0103 ve\u021bi \u00eembog\u0103\u021bi repertoriul lingvistic, dar ve\u021bi \u00eembr\u0103\u021bi\u0219a \u0219i o c\u0103l\u0103torie cultural\u0103 fascinant\u0103. [&hellip;]<\/p>\n","protected":false},"author":20,"featured_media":0,"parent":0,"menu_order":0,"comment_status":"closed","ping_status":"closed","template":"LearningContentPage.php","meta":{"_acf_changed":false,"footnotes":""},"class_list":["post-1468140","page","type-page","status-publish","hentry"],"acf":[],"yoast_head":"<!-- This site is optimized with the Yoast SEO Premium plugin v27.2 (Yoast SEO v27.2) - https:\/\/yoast.com\/product\/yoast-seo-premium-wordpress\/ -->\n<title>Gramatica maltez\u0103 - Talkpal<\/title>\n<meta name=\"description\" content=\"Descoperi\u021bi secretele gramaticii malteze prin st\u0103p\u00e2nirea alfabetului, foneticii, modelelor verbale \u0219i a regulilor esen\u021biale pentru fluen\u021b\u0103.\" \/>\n<meta name=\"robots\" content=\"index, follow, max-snippet:-1, max-image-preview:large, max-video-preview:-1\" \/>\n<link rel=\"canonical\" href=\"https:\/\/talkpal.ai\/ro\/gramatica-malteza\/\" \/>\n<meta property=\"og:locale\" content=\"ro_RO\" \/>\n<meta property=\"og:type\" content=\"article\" \/>\n<meta property=\"og:title\" content=\"Gramatica maltez\u0103\" \/>\n<meta property=\"og:description\" content=\"Navigarea prin complexitatea gramaticii malteze Malta, o limb\u0103 semitic\u0103 cu r\u0103d\u0103cini mediteraneene profunde \u0219i semnifica\u021bie cultural\u0103 vibrant\u0103, ofer\u0103 o\" \/>\n<meta property=\"og:url\" content=\"https:\/\/talkpal.ai\/ro\/gramatica-malteza\/\" \/>\n<meta property=\"og:site_name\" content=\"Talkpal\" \/>\n<meta property=\"article:publisher\" content=\"https:\/\/www.facebook.com\/profile.php?id=100090733639311\" \/>\n<meta property=\"article:modified_time\" content=\"2025-12-30T13:54:13+00:00\" \/>\n<meta property=\"og:image\" content=\"https:\/\/talkpal.ai\/wp-content\/uploads\/2025\/02\/Progress-tab-16_9.png\" \/>\n\t<meta property=\"og:image:width\" content=\"2880\" \/>\n\t<meta property=\"og:image:height\" content=\"1620\" \/>\n\t<meta property=\"og:image:type\" content=\"image\/png\" \/>\n<meta name=\"twitter:card\" content=\"summary_large_image\" \/>\n<meta name=\"twitter:site\" content=\"@talkpalai\" \/>\n<meta name=\"twitter:label1\" content=\"Timp estimat pentru citire\" \/>\n\t<meta name=\"twitter:data1\" content=\"3 minute\" \/>\n<script type=\"application\/ld+json\" class=\"yoast-schema-graph\">{\"@context\":\"https:\/\/schema.org\",\"@graph\":[{\"@type\":\"WebPage\",\"@id\":\"https:\/\/talkpal.ai\/ro\/gramatica-malteza\/\",\"url\":\"https:\/\/talkpal.ai\/ro\/gramatica-malteza\/\",\"name\":\"Gramatica maltez\u0103 - Talkpal\",\"isPartOf\":{\"@id\":\"https:\/\/talkpal.ai\/ro\/#website\"},\"datePublished\":\"2025-11-12T15:39:07+00:00\",\"dateModified\":\"2025-12-30T13:54:13+00:00\",\"description\":\"Descoperi\u021bi secretele gramaticii malteze prin st\u0103p\u00e2nirea alfabetului, foneticii, modelelor verbale \u0219i a regulilor esen\u021biale pentru fluen\u021b\u0103.\",\"breadcrumb\":{\"@id\":\"https:\/\/talkpal.ai\/ro\/gramatica-malteza\/#breadcrumb\"},\"inLanguage\":\"ro-RO\",\"potentialAction\":[{\"@type\":\"ReadAction\",\"target\":[\"https:\/\/talkpal.ai\/ro\/gramatica-malteza\/\"]}]},{\"@type\":\"BreadcrumbList\",\"@id\":\"https:\/\/talkpal.ai\/ro\/gramatica-malteza\/#breadcrumb\",\"itemListElement\":[{\"@type\":\"ListItem\",\"position\":1,\"name\":\"Homepage\",\"item\":\"https:\/\/talkpal.ai\/ro\/\"},{\"@type\":\"ListItem\",\"position\":2,\"name\":\"Gramatica maltez\u0103\"}]},{\"@type\":\"WebSite\",\"@id\":\"https:\/\/talkpal.ai\/ro\/#website\",\"url\":\"https:\/\/talkpal.ai\/ro\/\",\"name\":\"Talkpal\",\"description\":\"AI Language Learning\",\"publisher\":{\"@id\":\"https:\/\/talkpal.ai\/ro\/#organization\"},\"alternateName\":\"Talkpal AI\",\"potentialAction\":[{\"@type\":\"SearchAction\",\"target\":{\"@type\":\"EntryPoint\",\"urlTemplate\":\"https:\/\/talkpal.ai\/ro\/?s={search_term_string}\"},\"query-input\":{\"@type\":\"PropertyValueSpecification\",\"valueRequired\":true,\"valueName\":\"search_term_string\"}}],\"inLanguage\":\"ro-RO\"},{\"@type\":\"Organization\",\"@id\":\"https:\/\/talkpal.ai\/ro\/#organization\",\"name\":\"Talkpal, Inc.\",\"alternateName\":\"Talkpal AI\",\"url\":\"https:\/\/talkpal.ai\/ro\/\",\"logo\":{\"@type\":\"ImageObject\",\"inLanguage\":\"ro-RO\",\"@id\":\"https:\/\/talkpal.ai\/ro\/#\/schema\/logo\/image\/\",\"url\":\"https:\/\/talkpal.ai\/wp-content\/uploads\/2024\/03\/Talkpal-Logo-Icon.png\",\"contentUrl\":\"https:\/\/talkpal.ai\/wp-content\/uploads\/2024\/03\/Talkpal-Logo-Icon.png\",\"width\":2880,\"height\":2880,\"caption\":\"Talkpal, Inc.\"},\"image\":{\"@id\":\"https:\/\/talkpal.ai\/ro\/#\/schema\/logo\/image\/\"},\"sameAs\":[\"https:\/\/www.facebook.com\/profile.php?id=100090733639311\",\"https:\/\/x.com\/talkpalai\",\"https:\/\/www.linkedin.com\/company\/talkpal\/\",\"https:\/\/www.youtube.com\/@TalkPal\/\",\"https:\/\/www.tiktok.com\/@talkpal\",\"https:\/\/www.instagram.com\/talkpal_ai\/\",\"https:\/\/www.crunchbase.com\/organization\/talkpal-9cde\",\"https:\/\/www.g2.com\/products\/talkpal-for-business\/\",\"https:\/\/www.trustpilot.com\/review\/talkpal.ai\",\"https:\/\/www.capterra.com\/p\/10006800\/TalkPal\/\"],\"description\":\"Talkpal is a language learning web and mobile education app, powered by the latest AI technologies, that provides engaging experiences to its customers in many different languages to help them improve their language skills. Users can chat about unlimited amount of topics with the app and use other modes to practice their language learning.\",\"email\":\"support@talkpal.ai\",\"legalName\":\"Talkpal, Inc.\",\"foundingDate\":\"2023-04-03\",\"duns\":\"118989042\",\"numberOfEmployees\":{\"@type\":\"QuantitativeValue\",\"minValue\":\"11\",\"maxValue\":\"50\"},\"publishingPrinciples\":\"https:\/\/talkpal.ai\/publishing-principles\/\",\"actionableFeedbackPolicy\":\"https:\/\/talkpal.ai\/actionable-feedback-policy\/\",\"correctionsPolicy\":\"https:\/\/talkpal.ai\/corrections-policy\/\",\"ethicsPolicy\":\"https:\/\/talkpal.ai\/ethics-policy\/\",\"diversityPolicy\":\"https:\/\/talkpal.ai\/diversity-policy\/\",\"diversityStaffingReport\":\"https:\/\/talkpal.ai\/diversity-policy\/\"}]}<\/script>\n<!-- \/ Yoast SEO Premium plugin. -->","yoast_head_json":{"title":"Gramatica maltez\u0103 - Talkpal","description":"Descoperi\u021bi secretele gramaticii malteze prin st\u0103p\u00e2nirea alfabetului, foneticii, modelelor verbale \u0219i a regulilor esen\u021biale pentru fluen\u021b\u0103.","robots":{"index":"index","follow":"follow","max-snippet":"max-snippet:-1","max-image-preview":"max-image-preview:large","max-video-preview":"max-video-preview:-1"},"canonical":"https:\/\/talkpal.ai\/ro\/gramatica-malteza\/","og_locale":"ro_RO","og_type":"article","og_title":"Gramatica maltez\u0103","og_description":"Navigarea prin complexitatea gramaticii malteze Malta, o limb\u0103 semitic\u0103 cu r\u0103d\u0103cini mediteraneene profunde \u0219i semnifica\u021bie cultural\u0103 vibrant\u0103, ofer\u0103 o","og_url":"https:\/\/talkpal.ai\/ro\/gramatica-malteza\/","og_site_name":"Talkpal","article_publisher":"https:\/\/www.facebook.com\/profile.php?id=100090733639311","article_modified_time":"2025-12-30T13:54:13+00:00","og_image":[{"width":2880,"height":1620,"url":"https:\/\/talkpal.ai\/wp-content\/uploads\/2025\/02\/Progress-tab-16_9.png","type":"image\/png"}],"twitter_card":"summary_large_image","twitter_site":"@talkpalai","twitter_misc":{"Timp estimat pentru citire":"3 minute"},"schema":{"@context":"https:\/\/schema.org","@graph":[{"@type":"WebPage","@id":"https:\/\/talkpal.ai\/ro\/gramatica-malteza\/","url":"https:\/\/talkpal.ai\/ro\/gramatica-malteza\/","name":"Gramatica maltez\u0103 - Talkpal","isPartOf":{"@id":"https:\/\/talkpal.ai\/ro\/#website"},"datePublished":"2025-11-12T15:39:07+00:00","dateModified":"2025-12-30T13:54:13+00:00","description":"Descoperi\u021bi secretele gramaticii malteze prin st\u0103p\u00e2nirea alfabetului, foneticii, modelelor verbale \u0219i a regulilor esen\u021biale pentru fluen\u021b\u0103.","breadcrumb":{"@id":"https:\/\/talkpal.ai\/ro\/gramatica-malteza\/#breadcrumb"},"inLanguage":"ro-RO","potentialAction":[{"@type":"ReadAction","target":["https:\/\/talkpal.ai\/ro\/gramatica-malteza\/"]}]},{"@type":"BreadcrumbList","@id":"https:\/\/talkpal.ai\/ro\/gramatica-malteza\/#breadcrumb","itemListElement":[{"@type":"ListItem","position":1,"name":"Homepage","item":"https:\/\/talkpal.ai\/ro\/"},{"@type":"ListItem","position":2,"name":"Gramatica maltez\u0103"}]},{"@type":"WebSite","@id":"https:\/\/talkpal.ai\/ro\/#website","url":"https:\/\/talkpal.ai\/ro\/","name":"Talkpal","description":"AI Language Learning","publisher":{"@id":"https:\/\/talkpal.ai\/ro\/#organization"},"alternateName":"Talkpal AI","potentialAction":[{"@type":"SearchAction","target":{"@type":"EntryPoint","urlTemplate":"https:\/\/talkpal.ai\/ro\/?s={search_term_string}"},"query-input":{"@type":"PropertyValueSpecification","valueRequired":true,"valueName":"search_term_string"}}],"inLanguage":"ro-RO"},{"@type":"Organization","@id":"https:\/\/talkpal.ai\/ro\/#organization","name":"Talkpal, Inc.","alternateName":"Talkpal AI","url":"https:\/\/talkpal.ai\/ro\/","logo":{"@type":"ImageObject","inLanguage":"ro-RO","@id":"https:\/\/talkpal.ai\/ro\/#\/schema\/logo\/image\/","url":"https:\/\/talkpal.ai\/wp-content\/uploads\/2024\/03\/Talkpal-Logo-Icon.png","contentUrl":"https:\/\/talkpal.ai\/wp-content\/uploads\/2024\/03\/Talkpal-Logo-Icon.png","width":2880,"height":2880,"caption":"Talkpal, Inc."},"image":{"@id":"https:\/\/talkpal.ai\/ro\/#\/schema\/logo\/image\/"},"sameAs":["https:\/\/www.facebook.com\/profile.php?id=100090733639311","https:\/\/x.com\/talkpalai","https:\/\/www.linkedin.com\/company\/talkpal\/","https:\/\/www.youtube.com\/@TalkPal\/","https:\/\/www.tiktok.com\/@talkpal","https:\/\/www.instagram.com\/talkpal_ai\/","https:\/\/www.crunchbase.com\/organization\/talkpal-9cde","https:\/\/www.g2.com\/products\/talkpal-for-business\/","https:\/\/www.trustpilot.com\/review\/talkpal.ai","https:\/\/www.capterra.com\/p\/10006800\/TalkPal\/"],"description":"Talkpal is a language learning web and mobile education app, powered by the latest AI technologies, that provides engaging experiences to its customers in many different languages to help them improve their language skills. Users can chat about unlimited amount of topics with the app and use other modes to practice their language learning.","email":"support@talkpal.ai","legalName":"Talkpal, Inc.","foundingDate":"2023-04-03","duns":"118989042","numberOfEmployees":{"@type":"QuantitativeValue","minValue":"11","maxValue":"50"},"publishingPrinciples":"https:\/\/talkpal.ai\/publishing-principles\/","actionableFeedbackPolicy":"https:\/\/talkpal.ai\/actionable-feedback-policy\/","correctionsPolicy":"https:\/\/talkpal.ai\/corrections-policy\/","ethicsPolicy":"https:\/\/talkpal.ai\/ethics-policy\/","diversityPolicy":"https:\/\/talkpal.ai\/diversity-policy\/","diversityStaffingReport":"https:\/\/talkpal.ai\/diversity-policy\/"}]}},"_links":{"self":[{"href":"https:\/\/talkpal.ai\/ro\/wp-json\/wp\/v2\/pages\/1468140","targetHints":{"allow":["GET"]}}],"collection":[{"href":"https:\/\/talkpal.ai\/ro\/wp-json\/wp\/v2\/pages"}],"about":[{"href":"https:\/\/talkpal.ai\/ro\/wp-json\/wp\/v2\/types\/page"}],"author":[{"embeddable":true,"href":"https:\/\/talkpal.ai\/ro\/wp-json\/wp\/v2\/users\/20"}],"replies":[{"embeddable":true,"href":"https:\/\/talkpal.ai\/ro\/wp-json\/wp\/v2\/comments?post=1468140"}],"version-history":[{"count":0,"href":"https:\/\/talkpal.ai\/ro\/wp-json\/wp\/v2\/pages\/1468140\/revisions"}],"wp:attachment":[{"href":"https:\/\/talkpal.ai\/ro\/wp-json\/wp\/v2\/media?parent=1468140"}],"curies":[{"name":"wp","href":"https:\/\/api.w.org\/{rel}","templated":true}]}}