{"id":1468100,"date":"2025-11-12T12:26:29","date_gmt":"2025-11-12T12:26:29","guid":{"rendered":"https:\/\/talkpal.ai\/gramatica-malayalam\/"},"modified":"2025-12-30T13:58:09","modified_gmt":"2025-12-30T13:58:09","slug":"gramatica-malayalam","status":"publish","type":"page","link":"https:\/\/talkpal.ai\/ro\/gramatica-malayalam\/","title":{"rendered":"Gramatica malayalam"},"content":{"rendered":"\r\n\r\n\r\n<section class=\"languageChallengeSection\">\r\n    <div class=\"languageInfoWrapper\">\r\n        \r\n        <h1>Gramatica malayalam<\/h1>\r\n        <p>Gramatica <a href=\"https:\/\/talkpal.ai\/learn-malayalam\/\">malayalam<\/a> poate p\u0103rea o provocare la \u00eenceput, dar caracteristicile <a href=\"https:\/\/talkpal.ai\/locations\/learn-english-in-sale\/\">sale<\/a> unice fac din \u00eenv\u0103\u021barea limbii o experien\u021b\u0103 plin\u0103 de satisfac\u021bii. Explor\u00e2ndu-i alfabetul, muta\u021biile \u0219i regulile gramaticale, ve\u021bi ob\u021bine informa\u021bii despre o bogat\u0103 tradi\u021bie lingvistic\u0103. \u00cencepe\u021bi-v\u0103 c\u0103l\u0103toria \u0219i descoperi\u021bi frumuse\u021bea malayalamului!<\/p>\r\n\r\n                            <a class=\"getStartedHidden\" href=\"https:\/\/app.talkpal.ai\/ro\/signup?lng=\">\u00cencepe<\/a>\r\n        \r\n    <\/div>\r\n\r\n    <figure>\r\n    <img decoding=\"async\" width=\"768\" height=\"768\" src=\"https:\/\/talkpal.ai\/wp-content\/uploads\/2023\/06\/welsh-768x768.png\" class=\"languageImage no-lazy\" alt=\"Language learning for better cognitive abilities\" fetchpriority=\"high\" sizes=\"(max-width: 768px) 150px, 768px\" srcset=\"https:\/\/talkpal.ai\/wp-content\/uploads\/2023\/06\/welsh-768x768.png 768w, https:\/\/talkpal.ai\/wp-content\/uploads\/2023\/06\/welsh-300x300.png 300w\" \/>\r\n    \r\n\r\n    <\/figure>\r\n\r\n            <a class=\"getStartedVisible\" href=\"https:\/\/app.talkpal.ai\/ro\/signup?lng=\">\u00cencepe<\/a>\r\n    \r\n<\/section><section class=\"promotionalBanner\">\r\n    <p class=\"promotionalText\">Cel mai eficient mod de a \u00eenv\u0103\u021ba o limb\u0103<\/p>\r\n    <a class=\"promotionalLink\" href=\"https:\/\/app.talkpal.ai\/ro\/signup?lng=\">\u00cencerca\u021bi Talkpal gratuit<\/a>\r\n<\/section>\n<div class=\"wp-block-group pageContainerStyle\"><div class=\"wp-block-group__inner-container is-layout-constrained wp-block-group-is-layout-constrained\">\n<h2 class=\"wp-block-heading\" id=\"h-navigating-the-intricacies-of-malayalam-grammar\">Navigarea prin complexitatea gramaticii malayalam<\/h2>\n\n\n\n<p><a href=\"https:\/\/talkpal.ai\/ro\/invata-malayalam\/\">Malayalam<\/a>, o limb\u0103 dravidian\u0103 cu o istorie bogat\u0103 \u0219i r\u0103d\u0103cini culturale ad\u00e2nci \u00een Kerala \u0219i diaspora, ofer\u0103 o experien\u021b\u0103 lingvistic\u0103 interesant\u0103 pentru cei dornici s\u0103 exploreze sistemul s\u0103u gramatical unic. Pe m\u0103sur\u0103 ce v\u0103 aventura\u021bi \u00een t\u0103r\u00e2mul malayalam, nu numai c\u0103 v\u0103 ve\u021bi \u00eembog\u0103\u021bi repertoriul lingvistic, ci \u0219i ve\u021bi \u00eembr\u0103\u021bi\u0219a o c\u0103l\u0103torie cultural\u0103 fascinant\u0103. \u00cen timp ce gramatica malayalam poate p\u0103rea complex\u0103 la \u00eenceput, \u00eemp\u0103r\u021birea ei \u00een componente de baz\u0103 face \u00eenv\u0103\u021barea limbii mai accesibil\u0103. \u00cen acest articol, vom explora lumea captivant\u0103 a gramaticii malayalam \u0219i vom oferi sfaturi despre cum s\u0103-i st\u0103p\u00e2ne\u0219ti complexitatea.<\/p>\n\n\n\n<h3 class=\"wp-block-heading\" id=\"h-1-malayalam-alphabet-and-phonetics\">1. Alfabetul malayalam \u0219i fonetica<\/h3>\n\n\n\n<p>Scrierea malayalam este o abugida care prezint\u0103 vocale independente, consoane cu vocale inerente \u0219i semne vocalice dependente. Elevii ar trebui s\u0103 se familiarizeze cu vocalele \u0219i consoanele sale, inclusiv cu sunetele distinctive, cum ar fi consoanele retroflexe \u0219i sunetul notabil &#8222;zh&#8221;. Conceptele cheie de scriere includ vocala inerent\u0103 a, semnul virama numit chandrakkala pentru a suprima vocalele, consoanele conjuncte \u0219i literele speciale chillu. Pentru a \u00eenv\u0103\u021ba gramatica malayalam, este esen\u021bial s\u0103 exersa\u021bi citirea \u0219i scrierea \u00een malayalam.<\/p>\n\n\n\n<h3 class=\"wp-block-heading\" id=\"h-2-sandhi-and-assimilation-a-peculiar-malayalam-feature\">2. Sandhi \u0219i asimilarea: o caracteristic\u0103 ciudat\u0103 malayalam<\/h3>\n\n\n\n<p>Unul dintre cele mai izbitoare aspecte ale fonologiei malayalam este prevalen\u021ba sandhi, asimilarii \u0219i gemin\u0103rii consoanelor la grani\u021bele morfemelor \u0219i cuvintelor. Sunetele se pot schimba atunci c\u00e2nd sunt ad\u0103ugate sufixe sau c\u00e2nd cuvintele se combin\u0103 \u00een compuse, iar nazalele se asimileaz\u0103 adesea urm\u0103toarelor consoane. \u00cen\u021belegerea c\u00e2nd \u0219i cum apar aceste schimb\u0103ri este vital\u0103 pentru pronun\u021bia natural\u0103 \u0219i comunicarea corect\u0103 \u00een malayalam.<\/p>\n\n\n\n<h3 class=\"wp-block-heading\" id=\"h-3-nouns-and-pronouns-gender-and-cases\">3. Substantive \u0219i pronume: gen \u0219i cazuri<\/h3>\n\n\n\n<p>Substantivele malayalam de obicei nu marcheaz\u0103 genul gramatical, iar formarea pluralului folose\u0219te adesea sufixul -kal, cu unele nereguli \u0219i alternative. Rela\u021biile de caz sunt exprimate cu sufixe \u0219i postpozi\u021bii, cum ar fi acuzativul -e, dativul -kku sau -inu, genitivul -ude, instrumentalul -al, locativul -il, ablativul -il ninnu, sociativul -ote \u0219i vocativul -e. Pronumele \u00een malayalam includ pronume personale precum njan, ni, ningal, nammal, avan, aval \u0219i avarul onorific, precum \u0219i forme posesive prin genitiv, reflexiv bronz sau tanne, demonstrative precum i \u0219i aa \u0219i interogative precum aar, entu, eve \u0219i eppol. Familiarizarea cu aceste pronume \u0219i formele lor v\u0103 va \u00eembun\u0103t\u0103\u021bi semnificativ \u00een\u021belegerea gramaticii malayalam.<\/p>\n\n\n\n<h3 class=\"wp-block-heading\" id=\"h-4-verbs-structure-and-conjugation\">4. Verbe: structur\u0103 \u0219i conjugare<\/h3>\n\n\n\n<p>Verbele malayalam flexioneaz\u0103 \u00een primul r\u00e2nd pentru timp, aspect, dispozi\u021bie \u0219i polaritate, nu pentru persoan\u0103 sau num\u0103r. Formele de baz\u0103 ale aspectului timpului includ prezentul progresiv -unnu, trecutul -i sau -u \u0219i viitorul -um. Nega\u021bia se formeaz\u0103 \u00een mod obi\u0219nuit cu -illa, iar st\u0103rile importante includ imperativul \u0219i condi\u021bionalul, adesea construit cu conectori precum -enkil sau -al. Verbele \u0219i participiile auxiliare sunt esen\u021biale pentru limb\u0103, cu forme precum -unna, -iya \u0219i -aya folosite pentru a crea propozi\u021bii relative \u0219i construc\u021bii perifrastice. \u00cenv\u0103\u021barea acestor modele v\u0103 va \u00eembun\u0103t\u0103\u021bi capacitatea de a comunica eficient \u00een malayalam.<\/p>\n\n\n\n<h3 class=\"wp-block-heading\" id=\"h-5-adjectives-agreement-and-placement\">5. Adjective: acord \u0219i plasare<\/h3>\n\n\n\n<p>\u00cen gramatica malayalam, adjectivele preced de obicei substantivul <a href=\"https:\/\/talkpal.ai\/culture\/how-do-i-use-pe-care-correctly\/\">pe care<\/a> \u00eel modific\u0103 \u0219i nu sunt de acord \u00een gen sau num\u0103r cu substantivul. Multe semnifica\u021bii descriptive sunt exprimate prin construc\u021bii participiale sau genitive, iar comparativele \u0219i superlativele sunt adesea formate analitic, de exemplu cu kooduthal pentru comparativ \u0219i etavum pentru superlativ. \u00cen\u021belegerea acestor modele este esen\u021bial\u0103 pentru a comunica mai natural.<\/p>\n\n\n\n<p><strong>Exemple:<\/strong><\/p>\n\n\n\n<p><strong>\u2013 Valiya Sneham (mare dragoste)<\/strong><\/p>\n\n\n\n<p><strong>\u2013 cheriya kuttikal (copii mici)<\/strong><\/p>\n\n\n\n<h3 class=\"wp-block-heading\" id=\"h-6-engaging-with-the-language\">6. Interac\u021biunea cu limba<\/h3>\n\n\n\n<p>Cel mai eficient mod de a \u00een\u021belege \u0219i internaliza pe deplin gramatica malayalam este de a v\u0103 implica \u00een mod constant cu limba. Citind literatur\u0103 \u0219i ziare malayalam, vizion\u00e2nd filme sau seriale de televiziune malayalam, ascult\u00e2nd c\u00e2ntece \u0219i radio \u0219i comunic\u00e2nd activ cu vorbitori nativi, v\u0103 ve\u021bi consolida \u00een\u021belegerea gramaticii \u00een timp ce v\u0103 extinde\u021bi vocabularul.<\/p>\n\n\n\n<h3 class=\"wp-block-heading\" id=\"h-conclusion\">Concluzie<\/h3>\n\n\n\n<p>De\u0219i gramatica malayalam poate p\u0103rea complicat\u0103, pute\u021bi deveni competent \u00een aceast\u0103 limb\u0103 frumoas\u0103 cu d\u0103ruire, practic\u0103 \u0219i entuziasm. Concentr\u00e2ndu-v\u0103 pe regulile fundamentale \u0219i interac\u021bion\u00e2nd cu limba \u00een diferite contexte, v\u0103 ve\u021bi \u00eembun\u0103t\u0103\u021bi rapid <a href=\"https:\/\/talkpal.ai\/ro\/gramatica\/\">abilit\u0103\u021bile gramaticale<\/a> malayalam. Ashamsakal (mult noroc) cu c\u0103l\u0103toria ta \u00een limba malayalam \u0219i bucur\u0103-te de dezv\u0103luirea lumii enigmatice, dar captivante a gramaticii malayalam!<\/p>\n<\/div><\/div>\n\r\n<section class=\"learnNavigationSection\">\r\n            \r\n        <a href=\"https:\/\/talkpal.ai\/ro\/invata-malayalam\/\">\r\n            <div class=\"learnNavigationWrapper\">\r\n                <div class=\"learnNavigationContent\">\r\n                    <img decoding=\"async\" src=\"https:\/\/talkpal.ai\/wp-content\/uploads\/2025\/11\/Malayalam.png\" alt=\"Indian Simplified Flag\">\r\n                    <div>\r\n                        <h4>Despre \u00eenv\u0103\u021barea malayalam<\/h4>\r\n                        <p>Afla\u021bi totul despre gramatica malayalam.<\/p>\r\n                    <\/div>\r\n                <\/div>\r\n            <\/div>\r\n        <\/a>\r\n\r\n        \r\n        <a href=\"https:\/\/talkpal.ai\/ro\/exercitii-de-gramatica-malayalam\/\">\r\n            <div class=\"learnNavigationWrapper\">\r\n                <div class=\"learnNavigationContent\">\r\n                    <img decoding=\"async\" src=\"https:\/\/talkpal.ai\/wp-content\/uploads\/2025\/11\/Malayalam.png\" alt=\"Indian Simplified Flag\">\r\n                    <div>\r\n                        <h4>Exerci\u021biu de gramatic\u0103 malayalam<\/h4>\r\n                        <p>Exersa\u021bi gramatica malayalam.<\/p>\r\n                    <\/div>\r\n                <\/div>\r\n            <\/div>\r\n        <\/a>\r\n\r\n            <\/section>","protected":false},"excerpt":{"rendered":"<p>Navigarea prin complexitatea gramaticii malayalam Malayalam, o limb\u0103 dravidian\u0103 cu o istorie bogat\u0103 \u0219i r\u0103d\u0103cini culturale ad\u00e2nci \u00een Kerala \u0219i diaspora, ofer\u0103 o experien\u021b\u0103 lingvistic\u0103 interesant\u0103 pentru cei dornici s\u0103 exploreze sistemul s\u0103u gramatical unic. Pe m\u0103sur\u0103 ce v\u0103 aventura\u021bi \u00een t\u0103r\u00e2mul malayalam, nu numai c\u0103 v\u0103 ve\u021bi \u00eembog\u0103\u021bi repertoriul lingvistic, ci \u0219i ve\u021bi \u00eembr\u0103\u021bi\u0219a [&hellip;]<\/p>\n","protected":false},"author":20,"featured_media":0,"parent":0,"menu_order":0,"comment_status":"closed","ping_status":"closed","template":"LearningContentPage.php","meta":{"_acf_changed":false,"footnotes":""},"class_list":["post-1468100","page","type-page","status-publish","hentry"],"acf":[],"yoast_head":"<!-- This site is optimized with the Yoast SEO Premium plugin v27.2 (Yoast SEO v27.2) - https:\/\/yoast.com\/product\/yoast-seo-premium-wordpress\/ -->\n<title>Gramatica malayalam - Talkpal<\/title>\n<meta name=\"description\" content=\"\u00cenv\u0103\u021ba\u021bi regulile gramaticale ale limbii malayalam, inclusiv alfabetul, substantivele \u0219i verbele, cu ajutorul ghidului nostru cuprinz\u0103tor de \u00eenv\u0103\u021bare a limbii AI.\" \/>\n<meta name=\"robots\" content=\"index, follow, max-snippet:-1, max-image-preview:large, max-video-preview:-1\" \/>\n<link rel=\"canonical\" href=\"https:\/\/talkpal.ai\/ro\/gramatica-malayalam\/\" \/>\n<meta property=\"og:locale\" content=\"ro_RO\" \/>\n<meta property=\"og:type\" content=\"article\" \/>\n<meta property=\"og:title\" content=\"Gramatica malayalam\" \/>\n<meta property=\"og:description\" content=\"Navigarea prin complexitatea gramaticii malayalam Malayalam, o limb\u0103 dravidian\u0103 cu o istorie bogat\u0103 \u0219i r\u0103d\u0103cini culturale ad\u00e2nci \u00een Kerala \u0219i diaspora,\" \/>\n<meta property=\"og:url\" content=\"https:\/\/talkpal.ai\/ro\/gramatica-malayalam\/\" \/>\n<meta property=\"og:site_name\" content=\"Talkpal\" \/>\n<meta property=\"article:publisher\" content=\"https:\/\/www.facebook.com\/profile.php?id=100090733639311\" \/>\n<meta property=\"article:modified_time\" content=\"2025-12-30T13:58:09+00:00\" \/>\n<meta property=\"og:image\" content=\"https:\/\/talkpal.ai\/wp-content\/uploads\/2025\/02\/Progress-tab-16_9.png\" \/>\n\t<meta property=\"og:image:width\" content=\"2880\" \/>\n\t<meta property=\"og:image:height\" content=\"1620\" \/>\n\t<meta property=\"og:image:type\" content=\"image\/png\" \/>\n<meta name=\"twitter:card\" content=\"summary_large_image\" \/>\n<meta name=\"twitter:site\" content=\"@talkpalai\" \/>\n<meta name=\"twitter:label1\" content=\"Timp estimat pentru citire\" \/>\n\t<meta name=\"twitter:data1\" content=\"4 minute\" \/>\n<script type=\"application\/ld+json\" class=\"yoast-schema-graph\">{\"@context\":\"https:\/\/schema.org\",\"@graph\":[{\"@type\":\"WebPage\",\"@id\":\"https:\/\/talkpal.ai\/ro\/gramatica-malayalam\/\",\"url\":\"https:\/\/talkpal.ai\/ro\/gramatica-malayalam\/\",\"name\":\"Gramatica malayalam - Talkpal\",\"isPartOf\":{\"@id\":\"https:\/\/talkpal.ai\/ro\/#website\"},\"datePublished\":\"2025-11-12T12:26:29+00:00\",\"dateModified\":\"2025-12-30T13:58:09+00:00\",\"description\":\"\u00cenv\u0103\u021ba\u021bi regulile gramaticale ale limbii malayalam, inclusiv alfabetul, substantivele \u0219i verbele, cu ajutorul ghidului nostru cuprinz\u0103tor de \u00eenv\u0103\u021bare a limbii AI.\",\"breadcrumb\":{\"@id\":\"https:\/\/talkpal.ai\/ro\/gramatica-malayalam\/#breadcrumb\"},\"inLanguage\":\"ro-RO\",\"potentialAction\":[{\"@type\":\"ReadAction\",\"target\":[\"https:\/\/talkpal.ai\/ro\/gramatica-malayalam\/\"]}]},{\"@type\":\"BreadcrumbList\",\"@id\":\"https:\/\/talkpal.ai\/ro\/gramatica-malayalam\/#breadcrumb\",\"itemListElement\":[{\"@type\":\"ListItem\",\"position\":1,\"name\":\"Homepage\",\"item\":\"https:\/\/talkpal.ai\/ro\/\"},{\"@type\":\"ListItem\",\"position\":2,\"name\":\"Gramatica malayalam\"}]},{\"@type\":\"WebSite\",\"@id\":\"https:\/\/talkpal.ai\/ro\/#website\",\"url\":\"https:\/\/talkpal.ai\/ro\/\",\"name\":\"Talkpal\",\"description\":\"AI Language Learning\",\"publisher\":{\"@id\":\"https:\/\/talkpal.ai\/ro\/#organization\"},\"alternateName\":\"Talkpal AI\",\"potentialAction\":[{\"@type\":\"SearchAction\",\"target\":{\"@type\":\"EntryPoint\",\"urlTemplate\":\"https:\/\/talkpal.ai\/ro\/?s={search_term_string}\"},\"query-input\":{\"@type\":\"PropertyValueSpecification\",\"valueRequired\":true,\"valueName\":\"search_term_string\"}}],\"inLanguage\":\"ro-RO\"},{\"@type\":\"Organization\",\"@id\":\"https:\/\/talkpal.ai\/ro\/#organization\",\"name\":\"Talkpal, Inc.\",\"alternateName\":\"Talkpal AI\",\"url\":\"https:\/\/talkpal.ai\/ro\/\",\"logo\":{\"@type\":\"ImageObject\",\"inLanguage\":\"ro-RO\",\"@id\":\"https:\/\/talkpal.ai\/ro\/#\/schema\/logo\/image\/\",\"url\":\"https:\/\/talkpal.ai\/wp-content\/uploads\/2024\/03\/Talkpal-Logo-Icon.png\",\"contentUrl\":\"https:\/\/talkpal.ai\/wp-content\/uploads\/2024\/03\/Talkpal-Logo-Icon.png\",\"width\":2880,\"height\":2880,\"caption\":\"Talkpal, Inc.\"},\"image\":{\"@id\":\"https:\/\/talkpal.ai\/ro\/#\/schema\/logo\/image\/\"},\"sameAs\":[\"https:\/\/www.facebook.com\/profile.php?id=100090733639311\",\"https:\/\/x.com\/talkpalai\",\"https:\/\/www.linkedin.com\/company\/talkpal\/\",\"https:\/\/www.youtube.com\/@TalkPal\/\",\"https:\/\/www.tiktok.com\/@talkpal\",\"https:\/\/www.instagram.com\/talkpal_ai\/\",\"https:\/\/www.crunchbase.com\/organization\/talkpal-9cde\",\"https:\/\/www.g2.com\/products\/talkpal-for-business\/\",\"https:\/\/www.trustpilot.com\/review\/talkpal.ai\",\"https:\/\/www.capterra.com\/p\/10006800\/TalkPal\/\"],\"description\":\"Talkpal is a language learning web and mobile education app, powered by the latest AI technologies, that provides engaging experiences to its customers in many different languages to help them improve their language skills. Users can chat about unlimited amount of topics with the app and use other modes to practice their language learning.\",\"email\":\"support@talkpal.ai\",\"legalName\":\"Talkpal, Inc.\",\"foundingDate\":\"2023-04-03\",\"duns\":\"118989042\",\"numberOfEmployees\":{\"@type\":\"QuantitativeValue\",\"minValue\":\"11\",\"maxValue\":\"50\"},\"publishingPrinciples\":\"https:\/\/talkpal.ai\/publishing-principles\/\",\"actionableFeedbackPolicy\":\"https:\/\/talkpal.ai\/actionable-feedback-policy\/\",\"correctionsPolicy\":\"https:\/\/talkpal.ai\/corrections-policy\/\",\"ethicsPolicy\":\"https:\/\/talkpal.ai\/ethics-policy\/\",\"diversityPolicy\":\"https:\/\/talkpal.ai\/diversity-policy\/\",\"diversityStaffingReport\":\"https:\/\/talkpal.ai\/diversity-policy\/\"}]}<\/script>\n<!-- \/ Yoast SEO Premium plugin. -->","yoast_head_json":{"title":"Gramatica malayalam - Talkpal","description":"\u00cenv\u0103\u021ba\u021bi regulile gramaticale ale limbii malayalam, inclusiv alfabetul, substantivele \u0219i verbele, cu ajutorul ghidului nostru cuprinz\u0103tor de \u00eenv\u0103\u021bare a limbii AI.","robots":{"index":"index","follow":"follow","max-snippet":"max-snippet:-1","max-image-preview":"max-image-preview:large","max-video-preview":"max-video-preview:-1"},"canonical":"https:\/\/talkpal.ai\/ro\/gramatica-malayalam\/","og_locale":"ro_RO","og_type":"article","og_title":"Gramatica malayalam","og_description":"Navigarea prin complexitatea gramaticii malayalam Malayalam, o limb\u0103 dravidian\u0103 cu o istorie bogat\u0103 \u0219i r\u0103d\u0103cini culturale ad\u00e2nci \u00een Kerala \u0219i diaspora,","og_url":"https:\/\/talkpal.ai\/ro\/gramatica-malayalam\/","og_site_name":"Talkpal","article_publisher":"https:\/\/www.facebook.com\/profile.php?id=100090733639311","article_modified_time":"2025-12-30T13:58:09+00:00","og_image":[{"width":2880,"height":1620,"url":"https:\/\/talkpal.ai\/wp-content\/uploads\/2025\/02\/Progress-tab-16_9.png","type":"image\/png"}],"twitter_card":"summary_large_image","twitter_site":"@talkpalai","twitter_misc":{"Timp estimat pentru citire":"4 minute"},"schema":{"@context":"https:\/\/schema.org","@graph":[{"@type":"WebPage","@id":"https:\/\/talkpal.ai\/ro\/gramatica-malayalam\/","url":"https:\/\/talkpal.ai\/ro\/gramatica-malayalam\/","name":"Gramatica malayalam - Talkpal","isPartOf":{"@id":"https:\/\/talkpal.ai\/ro\/#website"},"datePublished":"2025-11-12T12:26:29+00:00","dateModified":"2025-12-30T13:58:09+00:00","description":"\u00cenv\u0103\u021ba\u021bi regulile gramaticale ale limbii malayalam, inclusiv alfabetul, substantivele \u0219i verbele, cu ajutorul ghidului nostru cuprinz\u0103tor de \u00eenv\u0103\u021bare a limbii AI.","breadcrumb":{"@id":"https:\/\/talkpal.ai\/ro\/gramatica-malayalam\/#breadcrumb"},"inLanguage":"ro-RO","potentialAction":[{"@type":"ReadAction","target":["https:\/\/talkpal.ai\/ro\/gramatica-malayalam\/"]}]},{"@type":"BreadcrumbList","@id":"https:\/\/talkpal.ai\/ro\/gramatica-malayalam\/#breadcrumb","itemListElement":[{"@type":"ListItem","position":1,"name":"Homepage","item":"https:\/\/talkpal.ai\/ro\/"},{"@type":"ListItem","position":2,"name":"Gramatica malayalam"}]},{"@type":"WebSite","@id":"https:\/\/talkpal.ai\/ro\/#website","url":"https:\/\/talkpal.ai\/ro\/","name":"Talkpal","description":"AI Language Learning","publisher":{"@id":"https:\/\/talkpal.ai\/ro\/#organization"},"alternateName":"Talkpal AI","potentialAction":[{"@type":"SearchAction","target":{"@type":"EntryPoint","urlTemplate":"https:\/\/talkpal.ai\/ro\/?s={search_term_string}"},"query-input":{"@type":"PropertyValueSpecification","valueRequired":true,"valueName":"search_term_string"}}],"inLanguage":"ro-RO"},{"@type":"Organization","@id":"https:\/\/talkpal.ai\/ro\/#organization","name":"Talkpal, Inc.","alternateName":"Talkpal AI","url":"https:\/\/talkpal.ai\/ro\/","logo":{"@type":"ImageObject","inLanguage":"ro-RO","@id":"https:\/\/talkpal.ai\/ro\/#\/schema\/logo\/image\/","url":"https:\/\/talkpal.ai\/wp-content\/uploads\/2024\/03\/Talkpal-Logo-Icon.png","contentUrl":"https:\/\/talkpal.ai\/wp-content\/uploads\/2024\/03\/Talkpal-Logo-Icon.png","width":2880,"height":2880,"caption":"Talkpal, Inc."},"image":{"@id":"https:\/\/talkpal.ai\/ro\/#\/schema\/logo\/image\/"},"sameAs":["https:\/\/www.facebook.com\/profile.php?id=100090733639311","https:\/\/x.com\/talkpalai","https:\/\/www.linkedin.com\/company\/talkpal\/","https:\/\/www.youtube.com\/@TalkPal\/","https:\/\/www.tiktok.com\/@talkpal","https:\/\/www.instagram.com\/talkpal_ai\/","https:\/\/www.crunchbase.com\/organization\/talkpal-9cde","https:\/\/www.g2.com\/products\/talkpal-for-business\/","https:\/\/www.trustpilot.com\/review\/talkpal.ai","https:\/\/www.capterra.com\/p\/10006800\/TalkPal\/"],"description":"Talkpal is a language learning web and mobile education app, powered by the latest AI technologies, that provides engaging experiences to its customers in many different languages to help them improve their language skills. Users can chat about unlimited amount of topics with the app and use other modes to practice their language learning.","email":"support@talkpal.ai","legalName":"Talkpal, Inc.","foundingDate":"2023-04-03","duns":"118989042","numberOfEmployees":{"@type":"QuantitativeValue","minValue":"11","maxValue":"50"},"publishingPrinciples":"https:\/\/talkpal.ai\/publishing-principles\/","actionableFeedbackPolicy":"https:\/\/talkpal.ai\/actionable-feedback-policy\/","correctionsPolicy":"https:\/\/talkpal.ai\/corrections-policy\/","ethicsPolicy":"https:\/\/talkpal.ai\/ethics-policy\/","diversityPolicy":"https:\/\/talkpal.ai\/diversity-policy\/","diversityStaffingReport":"https:\/\/talkpal.ai\/diversity-policy\/"}]}},"_links":{"self":[{"href":"https:\/\/talkpal.ai\/ro\/wp-json\/wp\/v2\/pages\/1468100","targetHints":{"allow":["GET"]}}],"collection":[{"href":"https:\/\/talkpal.ai\/ro\/wp-json\/wp\/v2\/pages"}],"about":[{"href":"https:\/\/talkpal.ai\/ro\/wp-json\/wp\/v2\/types\/page"}],"author":[{"embeddable":true,"href":"https:\/\/talkpal.ai\/ro\/wp-json\/wp\/v2\/users\/20"}],"replies":[{"embeddable":true,"href":"https:\/\/talkpal.ai\/ro\/wp-json\/wp\/v2\/comments?post=1468100"}],"version-history":[{"count":0,"href":"https:\/\/talkpal.ai\/ro\/wp-json\/wp\/v2\/pages\/1468100\/revisions"}],"wp:attachment":[{"href":"https:\/\/talkpal.ai\/ro\/wp-json\/wp\/v2\/media?parent=1468100"}],"curies":[{"name":"wp","href":"https:\/\/api.w.org\/{rel}","templated":true}]}}