{"id":1468079,"date":"2025-11-12T12:26:03","date_gmt":"2025-11-12T12:26:03","guid":{"rendered":"https:\/\/talkpal.ai\/exercitii-de-gramatica-malayalam\/"},"modified":"2025-12-30T13:56:26","modified_gmt":"2025-12-30T13:56:26","slug":"exercitii-de-gramatica-malayalam","status":"publish","type":"page","link":"https:\/\/talkpal.ai\/ro\/exercitii-de-gramatica-malayalam\/","title":{"rendered":"Exerci\u021bii de gramatic\u0103 malayalam"},"content":{"rendered":"\r\n\r\n\r\n<section class=\"languageChallengeSection\">\r\n    <div class=\"languageInfoWrapper\">\r\n        \r\n        <h1>Exerci\u021bii de gramatic\u0103 malayalam<\/h1>\r\n        <p>Sunte\u021bi gata s\u0103 v\u0103 scufunda\u021bi \u00een gramatica <a href=\"https:\/\/talkpal.ai\/learn-malayalam\/\">malayalam<\/a>? Practicarea c\u00e2torva no\u021biuni de baz\u0103 v\u0103 va ajuta s\u0103 v\u0103 acomoda\u021bi cu aceast\u0103 limb\u0103 unic\u0103 \u0219i frumoas\u0103. \u00cencerca\u021bi aceste exerci\u021bii pentru a v\u0103 consolida \u00eencrederea \u0219i a v\u0103 distra pe parcurs!<\/p>\r\n\r\n                            <a class=\"getStartedHidden\" href=\"https:\/\/app.talkpal.ai\/ro\/signup?lng=\">\u00cencepe<\/a>\r\n        \r\n    <\/div>\r\n\r\n    <figure>\r\n    <img decoding=\"async\" width=\"768\" height=\"768\" src=\"https:\/\/talkpal.ai\/wp-content\/uploads\/2023\/06\/welsh-768x768.png\" class=\"languageImage no-lazy\" alt=\"Language learning for better cognitive abilities\" fetchpriority=\"high\" sizes=\"(max-width: 768px) 150px, 768px\" srcset=\"https:\/\/talkpal.ai\/wp-content\/uploads\/2023\/06\/welsh-768x768.png 768w, https:\/\/talkpal.ai\/wp-content\/uploads\/2023\/06\/welsh-300x300.png 300w\" \/>\r\n    \r\n\r\n    <\/figure>\r\n\r\n            <a class=\"getStartedVisible\" href=\"https:\/\/app.talkpal.ai\/ro\/signup?lng=\">\u00cencepe<\/a>\r\n    \r\n<\/section><section class=\"promotionalBanner\">\r\n    <p class=\"promotionalText\">Cel mai eficient mod de a \u00eenv\u0103\u021ba o limb\u0103<\/p>\r\n    <a class=\"promotionalLink\" href=\"https:\/\/app.talkpal.ai\/ro\/signup?lng=\">\u00cencerca\u021bi Talkpal gratuit<\/a>\r\n<\/section>\n<div class=\"wp-block-group pageContainerStyle\"><div class=\"wp-block-group__inner-container is-layout-constrained wp-block-group-is-layout-constrained\">\n<h2 class=\"wp-block-heading\" id=\"h-malayalam-grammar-topics\">Subiecte gramaticale malayalam<\/h2>\n\n\n\n<p><a href=\"https:\/\/talkpal.ai\/ro\/cele-mai-mari-greseli-pe-care-trebuie-sa-le-evitati-atunci-cand-invatati-o-limba-noua\/\">\u00cenv\u0103\u021barea unei noi limbi<\/a> poate fi un efort provocator, dar plin de satisfac\u021bii. <a href=\"https:\/\/talkpal.ai\/learn-malayalam\/\">Malayalam<\/a>, o limb\u0103 dravidian\u0103 vorbit\u0103 \u00een principal \u00een Kerala \u0219i regiunile \u00eenvecinate, nu face excep\u021bie. Cu caracteristicile \u0219i structurile <a href=\"https:\/\/talkpal.ai\/locations\/learn-english-in-sale\/\">sale<\/a> unice, <a href=\"https:\/\/talkpal.ai\/ro\/talkpal-pentru-educatie\/\">\u00eenv\u0103\u021barea<\/a> malayalamului necesit\u0103 o abordare sistematic\u0103 pentru \u00een\u021belegerea gramaticii sale bogate. Acest ghid prezint\u0103 domeniile cheie ale <a href=\"https:\/\/talkpal.ai\/ro\/gramatica-malayalam\/\">gramaticii malayalam<\/a> \u00eentr-o secven\u021b\u0103 logic\u0103 pentru <a href=\"https:\/\/talkpal.ai\/ro\/ai-chatbot-pentru-invatarea-limbilor-straine\/\">\u00eenv\u0103\u021barea limbilor str\u0103ine<\/a>, \u00eencep\u00e2nd de la elementele de baz\u0103, cum ar fi substantivele \u0219i articolele, \u0219i progres\u00e2nd c\u0103tre domenii mai complexe, cum ar fi timpurile \u0219i construc\u021bia propozi\u021biilor.<\/p>\n\n\n\n<h3 class=\"wp-block-heading\" id=\"h-1-nouns\">1. Substantive:<\/h3>\n\n\n\n<p>\u00cencepe\u021bi-v\u0103 c\u0103l\u0103toria \u00een limba malayalam \u00eenv\u0103\u021b\u00e2nd substantivele. Aceasta include \u00een\u021belegerea diferitelor categorii de substantive, cum ar fi substantivele comune \u0219i proprii, formele lor de plural precum -kal \u0219i -mar, \u0219i utilizarea termina\u021biilor de caz pentru rela\u021bii precum loca\u021bia \u0219i posesia.<\/p>\n\n\n\n<h3 class=\"wp-block-heading\" id=\"h-2-articles\">2. Articole:<\/h3>\n\n\n\n<p>Malayalam nu are articole hot\u0103r\u00e2te sau nedefinite. Defini\u021bia \u0219i nedefinirea sunt exprimate prin context, demonstrative precum ee this \u0219i aa that, \u0219i numerale precum oru one care func\u021bioneaz\u0103 ca a sau an.<\/p>\n\n\n\n<h3 class=\"wp-block-heading\" id=\"h-3-adjectives\">3. Adjective:<\/h3>\n\n\n\n<p>Adjectivele \u00een malayalam preced de obicei substantivele lor \u0219i nu sunt de acord \u00een ceea ce prive\u0219te genul sau num\u0103rul. Afla\u021bi cum sunt exprimate gradele, adesea cu kooduthal pentru comparativ \u0219i ettavum pentru superlativ, precum \u0219i modele de predicate comune.<\/p>\n\n\n\n<h3 class=\"wp-block-heading\" id=\"h-4-pronouns-determiners\">4. Pronume\/Determinan\u021bi:<\/h3>\n\n\n\n<p>Pronumele \u0219i determinan\u021bii sunt esen\u021biali \u00een malayalam; Pronumele personale marcheaz\u0103 polite\u021bea \u0219i distan\u021ba social\u0103 \u0219i exist\u0103 o distinc\u021bie incluziv\u0103 \u0219i exclusiv\u0103 pentru noi. Posesia se formeaz\u0103 \u00een mod obi\u0219nuit cu sufixul genitiv -ute, iar determinan\u021bii includ demonstrativi \u0219i cuantificatori precum ella all \u0219i chila some.<\/p>\n\n\n\n<h3 class=\"wp-block-heading\" id=\"h-5-verbs\">5. Verbe:<\/h3>\n\n\n\n<p>Verbele malayalam \u00ee\u0219i schimb\u0103 forma \u00een func\u021bie de timp \u0219i aspect, mai degrab\u0103 dec\u00e2t de persoan\u0103 sau num\u0103r. \u00cencepe\u021bi cu formele prezente -unnu \u0219i explora\u021bi treptat trecutul \u0219i viitorul, \u00eempreun\u0103 cu imperativele de baz\u0103 \u0219i formele non-finite.<\/p>\n\n\n\n<h3 class=\"wp-block-heading\" id=\"h-6-tenses\">6. Timpuri:<\/h3>\n\n\n\n<p>Dup\u0103 ce st\u0103p\u00e2ni\u021bi formele verbale, aprofunda\u021bi timpurile malayalam. Aceasta include \u00een\u021belegerea prezentului -unnu, a formelor trecute precum -i sau -ttu \u0219i a viitorului -um \u0219i a modului \u00een care fiecare este folosit\u0103 \u00een diferite contexte.<\/p>\n\n\n\n<h3 class=\"wp-block-heading\" id=\"h-7-tense-comparison\">7. Compara\u021bie tensionat\u0103:<\/h3>\n\n\n\n<p>Compararea timpurilor \u00een malayalam ajut\u0103 la \u00een\u021belegerea succesiunii evenimentelor. Compararea aceluia\u0219i verb \u00een prezent, trecut \u0219i viitor va oferi o mai bun\u0103 \u00een\u021belegere a limbii malayalam.<\/p>\n\n\n\n<h3 class=\"wp-block-heading\" id=\"h-8-progressive\">8. Progresiv:<\/h3>\n\n\n\n<p>Progresivul \u00een malayalam este adesea exprimat cu prezentul -unnu \u00een context, \u0219i mai explicit cu construc\u021bii perifrastice folosind irikkuka auxiliar, cum ar fi r\u0103d\u0103cina verbului plus kkondu irikkuka pentru a ar\u0103ta ac\u021biuni \u00een curs.<\/p>\n\n\n\n<h3 class=\"wp-block-heading\" id=\"h-9-perfect-progressive\">9. Progresiv perfect:<\/h3>\n\n\n\n<p>Acesta este folosit pentru a exprima ac\u021biuni care au fost \u00een curs de desf\u0103\u0219urare p\u00e2n\u0103 la un anumit moment. Malayalam folose\u0219te \u00een mod obi\u0219nuit r\u0103d\u0103cina verbului plus kkondu irikkunnu pentru continuu p\u00e2n\u0103 acum, iar participiul verbului plus u\u1e47\u1e6du exprim\u0103 perfecturi rezultative.<\/p>\n\n\n\n<h3 class=\"wp-block-heading\" id=\"h-10-conditionals\">10. Condi\u021bionale:<\/h3>\n\n\n\n<p>Condi\u021bionalele exprim\u0103 situa\u021bii ipotetice \u0219i posibilele lor rezultate. \u00cen malayalam, acestea sunt formate cu termina\u021bii precum -e\u1e45kil \u0219i -\u0101l, iar st\u0103p\u00e2nirea lor va ad\u0103uga nuan\u021be \u0219i precizie abilit\u0103\u021bilor tale lingvistice.<\/p>\n\n\n\n<h3 class=\"wp-block-heading\" id=\"h-11-adverbs\">11. Adverbe:<\/h3>\n\n\n\n<p>Adverbele \u00een malayalam modific\u0103 verbe, adjective sau alte adverbe. Ele ofer\u0103 informa\u021bii despre mod, loc, timp, grad \u0219i multe altele \u0219i sunt formate fie ca cuvinte separate, fie din adjective, adesea cu -\u0101yi.<\/p>\n\n\n\n<h3 class=\"wp-block-heading\" id=\"h-12-prepositions\">12. Prepozi\u021bii:<\/h3>\n\n\n\n<p>Malayalam folose\u0219te \u00een principal postpozi\u021bii \u0219i sufixe de minuscule, mai degrab\u0103 dec\u00e2t prepozi\u021bii. Rela\u021biile dintre timp, loc, direc\u021bie \u0219i multe altele sunt exprimate prin termina\u021bii precum -il locativ, -kku datif, -\u0101l instrumental \u0219i postpozi\u021bii conexe.<\/p>\n\n\n\n<h3 class=\"wp-block-heading\" id=\"h-13-sentences\">13. Propozi\u021bii:<\/h3>\n\n\n\n<p>\u00cen cele din urm\u0103, exersa\u021bi construirea propozi\u021biilor. Acest lucru va implica utilizarea tuturor punctelor gramaticale \u00eenv\u0103\u021bate anterior \u00een context, cu ordinea tipic\u0103 subiect-obiect-verb \u0219i structurile clauale ale malayalamului, asigur\u00e2nd astfel o \u00een\u021belegere cuprinz\u0103toare a limbii malayalam.<\/p>\n<\/div><\/div>\n\r\n<section class=\"learnNavigationSection\">\r\n            \r\n        <a href=\"https:\/\/talkpal.ai\/ro\/invata-malayalam\/\">\r\n            <div class=\"learnNavigationWrapper\">\r\n                <div class=\"learnNavigationContent\">\r\n                    <img decoding=\"async\" src=\"https:\/\/talkpal.ai\/wp-content\/uploads\/2025\/11\/Malayalam.png\" alt=\"Indian Simplified Flag\">\r\n                    <div>\r\n                        <h4>Despre \u00eenv\u0103\u021barea malayalam<\/h4>\r\n                        <p>Afla\u021bi totul despre gramatica malayalam.<\/p>\r\n                    <\/div>\r\n                <\/div>\r\n            <\/div>\r\n        <\/a>\r\n\r\n        \r\n        <a href=\"https:\/\/talkpal.ai\/ro\/gramatica-malayalam\/\">\r\n            <div class=\"learnNavigationWrapper\">\r\n                <div class=\"learnNavigationContent\">\r\n                    <img decoding=\"async\" src=\"https:\/\/talkpal.ai\/wp-content\/uploads\/2025\/11\/Malayalam.png\" alt=\"Indian Simplified Flag\">\r\n                    <div>\r\n                        <h4>Lec\u021bii de gramatic\u0103 malayalam<\/h4>\r\n                        <p>Exersa\u021bi gramatica malayalam.<\/p>\r\n                    <\/div>\r\n                <\/div>\r\n            <\/div>\r\n        <\/a>\r\n\r\n            <\/section>","protected":false},"excerpt":{"rendered":"<p>Subiecte gramaticale malayalam \u00cenv\u0103\u021barea unei noi limbi poate fi un efort provocator, dar plin de satisfac\u021bii. Malayalam, o limb\u0103 dravidian\u0103 vorbit\u0103 \u00een principal \u00een Kerala \u0219i regiunile \u00eenvecinate, nu face excep\u021bie. Cu caracteristicile \u0219i structurile sale unice, \u00eenv\u0103\u021barea malayalamului necesit\u0103 o abordare sistematic\u0103 pentru \u00een\u021belegerea gramaticii sale bogate. Acest ghid prezint\u0103 domeniile cheie ale gramaticii [&hellip;]<\/p>\n","protected":false},"author":20,"featured_media":0,"parent":0,"menu_order":0,"comment_status":"closed","ping_status":"closed","template":"LearningContentPage.php","meta":{"_acf_changed":false,"footnotes":""},"class_list":["post-1468079","page","type-page","status-publish","hentry"],"acf":[],"yoast_head":"<!-- This site is optimized with the Yoast SEO Premium plugin v27.2 (Yoast SEO v27.2) - https:\/\/yoast.com\/product\/yoast-seo-premium-wordpress\/ -->\n<title>Exerci\u021bii de gramatic\u0103 malayalam - Talkpal<\/title>\n<meta name=\"description\" content=\"\u00cenv\u0103\u021ba\u021bi ast\u0103zi gramatica malayalam prin exerci\u021bii interactive concepute pentru a v\u0103 \u00eembun\u0103t\u0103\u021bi fluen\u021ba \u0219i abilit\u0103\u021bile de \u00een\u021belegere a limbii.\" \/>\n<meta name=\"robots\" content=\"index, follow, max-snippet:-1, max-image-preview:large, max-video-preview:-1\" \/>\n<link rel=\"canonical\" href=\"https:\/\/talkpal.ai\/ro\/exercitii-de-gramatica-malayalam\/\" \/>\n<meta property=\"og:locale\" content=\"ro_RO\" \/>\n<meta property=\"og:type\" content=\"article\" \/>\n<meta property=\"og:title\" content=\"Exerci\u021bii de gramatic\u0103 malayalam\" \/>\n<meta property=\"og:description\" content=\"Subiecte gramaticale malayalam \u00cenv\u0103\u021barea unei noi limbi poate fi un efort provocator, dar plin de satisfac\u021bii. Malayalam, o limb\u0103 dravidian\u0103 vorbit\u0103 \u00een\" \/>\n<meta property=\"og:url\" content=\"https:\/\/talkpal.ai\/ro\/exercitii-de-gramatica-malayalam\/\" \/>\n<meta property=\"og:site_name\" content=\"Talkpal\" \/>\n<meta property=\"article:publisher\" content=\"https:\/\/www.facebook.com\/profile.php?id=100090733639311\" \/>\n<meta property=\"article:modified_time\" content=\"2025-12-30T13:56:26+00:00\" \/>\n<meta property=\"og:image\" content=\"https:\/\/talkpal.ai\/wp-content\/uploads\/2025\/02\/Progress-tab-16_9.png\" \/>\n\t<meta property=\"og:image:width\" content=\"2880\" \/>\n\t<meta property=\"og:image:height\" content=\"1620\" \/>\n\t<meta property=\"og:image:type\" content=\"image\/png\" \/>\n<meta name=\"twitter:card\" content=\"summary_large_image\" \/>\n<meta name=\"twitter:site\" content=\"@talkpalai\" \/>\n<meta name=\"twitter:label1\" content=\"Timp estimat pentru citire\" \/>\n\t<meta name=\"twitter:data1\" content=\"3 minute\" \/>\n<script type=\"application\/ld+json\" class=\"yoast-schema-graph\">{\"@context\":\"https:\/\/schema.org\",\"@graph\":[{\"@type\":\"WebPage\",\"@id\":\"https:\/\/talkpal.ai\/ro\/exercitii-de-gramatica-malayalam\/\",\"url\":\"https:\/\/talkpal.ai\/ro\/exercitii-de-gramatica-malayalam\/\",\"name\":\"Exerci\u021bii de gramatic\u0103 malayalam - Talkpal\",\"isPartOf\":{\"@id\":\"https:\/\/talkpal.ai\/ro\/#website\"},\"datePublished\":\"2025-11-12T12:26:03+00:00\",\"dateModified\":\"2025-12-30T13:56:26+00:00\",\"description\":\"\u00cenv\u0103\u021ba\u021bi ast\u0103zi gramatica malayalam prin exerci\u021bii interactive concepute pentru a v\u0103 \u00eembun\u0103t\u0103\u021bi fluen\u021ba \u0219i abilit\u0103\u021bile de \u00een\u021belegere a limbii.\",\"breadcrumb\":{\"@id\":\"https:\/\/talkpal.ai\/ro\/exercitii-de-gramatica-malayalam\/#breadcrumb\"},\"inLanguage\":\"ro-RO\",\"potentialAction\":[{\"@type\":\"ReadAction\",\"target\":[\"https:\/\/talkpal.ai\/ro\/exercitii-de-gramatica-malayalam\/\"]}]},{\"@type\":\"BreadcrumbList\",\"@id\":\"https:\/\/talkpal.ai\/ro\/exercitii-de-gramatica-malayalam\/#breadcrumb\",\"itemListElement\":[{\"@type\":\"ListItem\",\"position\":1,\"name\":\"Homepage\",\"item\":\"https:\/\/talkpal.ai\/ro\/\"},{\"@type\":\"ListItem\",\"position\":2,\"name\":\"Exerci\u021bii de gramatic\u0103 malayalam\"}]},{\"@type\":\"WebSite\",\"@id\":\"https:\/\/talkpal.ai\/ro\/#website\",\"url\":\"https:\/\/talkpal.ai\/ro\/\",\"name\":\"Talkpal\",\"description\":\"AI Language Learning\",\"publisher\":{\"@id\":\"https:\/\/talkpal.ai\/ro\/#organization\"},\"alternateName\":\"Talkpal AI\",\"potentialAction\":[{\"@type\":\"SearchAction\",\"target\":{\"@type\":\"EntryPoint\",\"urlTemplate\":\"https:\/\/talkpal.ai\/ro\/?s={search_term_string}\"},\"query-input\":{\"@type\":\"PropertyValueSpecification\",\"valueRequired\":true,\"valueName\":\"search_term_string\"}}],\"inLanguage\":\"ro-RO\"},{\"@type\":\"Organization\",\"@id\":\"https:\/\/talkpal.ai\/ro\/#organization\",\"name\":\"Talkpal, Inc.\",\"alternateName\":\"Talkpal AI\",\"url\":\"https:\/\/talkpal.ai\/ro\/\",\"logo\":{\"@type\":\"ImageObject\",\"inLanguage\":\"ro-RO\",\"@id\":\"https:\/\/talkpal.ai\/ro\/#\/schema\/logo\/image\/\",\"url\":\"https:\/\/talkpal.ai\/wp-content\/uploads\/2024\/03\/Talkpal-Logo-Icon.png\",\"contentUrl\":\"https:\/\/talkpal.ai\/wp-content\/uploads\/2024\/03\/Talkpal-Logo-Icon.png\",\"width\":2880,\"height\":2880,\"caption\":\"Talkpal, Inc.\"},\"image\":{\"@id\":\"https:\/\/talkpal.ai\/ro\/#\/schema\/logo\/image\/\"},\"sameAs\":[\"https:\/\/www.facebook.com\/profile.php?id=100090733639311\",\"https:\/\/x.com\/talkpalai\",\"https:\/\/www.linkedin.com\/company\/talkpal\/\",\"https:\/\/www.youtube.com\/@TalkPal\/\",\"https:\/\/www.tiktok.com\/@talkpal\",\"https:\/\/www.instagram.com\/talkpal_ai\/\",\"https:\/\/www.crunchbase.com\/organization\/talkpal-9cde\",\"https:\/\/www.g2.com\/products\/talkpal-for-business\/\",\"https:\/\/www.trustpilot.com\/review\/talkpal.ai\",\"https:\/\/www.capterra.com\/p\/10006800\/TalkPal\/\"],\"description\":\"Talkpal is a language learning web and mobile education app, powered by the latest AI technologies, that provides engaging experiences to its customers in many different languages to help them improve their language skills. Users can chat about unlimited amount of topics with the app and use other modes to practice their language learning.\",\"email\":\"support@talkpal.ai\",\"legalName\":\"Talkpal, Inc.\",\"foundingDate\":\"2023-04-03\",\"duns\":\"118989042\",\"numberOfEmployees\":{\"@type\":\"QuantitativeValue\",\"minValue\":\"11\",\"maxValue\":\"50\"},\"publishingPrinciples\":\"https:\/\/talkpal.ai\/publishing-principles\/\",\"actionableFeedbackPolicy\":\"https:\/\/talkpal.ai\/actionable-feedback-policy\/\",\"correctionsPolicy\":\"https:\/\/talkpal.ai\/corrections-policy\/\",\"ethicsPolicy\":\"https:\/\/talkpal.ai\/ethics-policy\/\",\"diversityPolicy\":\"https:\/\/talkpal.ai\/diversity-policy\/\",\"diversityStaffingReport\":\"https:\/\/talkpal.ai\/diversity-policy\/\"}]}<\/script>\n<!-- \/ Yoast SEO Premium plugin. -->","yoast_head_json":{"title":"Exerci\u021bii de gramatic\u0103 malayalam - Talkpal","description":"\u00cenv\u0103\u021ba\u021bi ast\u0103zi gramatica malayalam prin exerci\u021bii interactive concepute pentru a v\u0103 \u00eembun\u0103t\u0103\u021bi fluen\u021ba \u0219i abilit\u0103\u021bile de \u00een\u021belegere a limbii.","robots":{"index":"index","follow":"follow","max-snippet":"max-snippet:-1","max-image-preview":"max-image-preview:large","max-video-preview":"max-video-preview:-1"},"canonical":"https:\/\/talkpal.ai\/ro\/exercitii-de-gramatica-malayalam\/","og_locale":"ro_RO","og_type":"article","og_title":"Exerci\u021bii de gramatic\u0103 malayalam","og_description":"Subiecte gramaticale malayalam \u00cenv\u0103\u021barea unei noi limbi poate fi un efort provocator, dar plin de satisfac\u021bii. Malayalam, o limb\u0103 dravidian\u0103 vorbit\u0103 \u00een","og_url":"https:\/\/talkpal.ai\/ro\/exercitii-de-gramatica-malayalam\/","og_site_name":"Talkpal","article_publisher":"https:\/\/www.facebook.com\/profile.php?id=100090733639311","article_modified_time":"2025-12-30T13:56:26+00:00","og_image":[{"width":2880,"height":1620,"url":"https:\/\/talkpal.ai\/wp-content\/uploads\/2025\/02\/Progress-tab-16_9.png","type":"image\/png"}],"twitter_card":"summary_large_image","twitter_site":"@talkpalai","twitter_misc":{"Timp estimat pentru citire":"3 minute"},"schema":{"@context":"https:\/\/schema.org","@graph":[{"@type":"WebPage","@id":"https:\/\/talkpal.ai\/ro\/exercitii-de-gramatica-malayalam\/","url":"https:\/\/talkpal.ai\/ro\/exercitii-de-gramatica-malayalam\/","name":"Exerci\u021bii de gramatic\u0103 malayalam - Talkpal","isPartOf":{"@id":"https:\/\/talkpal.ai\/ro\/#website"},"datePublished":"2025-11-12T12:26:03+00:00","dateModified":"2025-12-30T13:56:26+00:00","description":"\u00cenv\u0103\u021ba\u021bi ast\u0103zi gramatica malayalam prin exerci\u021bii interactive concepute pentru a v\u0103 \u00eembun\u0103t\u0103\u021bi fluen\u021ba \u0219i abilit\u0103\u021bile de \u00een\u021belegere a limbii.","breadcrumb":{"@id":"https:\/\/talkpal.ai\/ro\/exercitii-de-gramatica-malayalam\/#breadcrumb"},"inLanguage":"ro-RO","potentialAction":[{"@type":"ReadAction","target":["https:\/\/talkpal.ai\/ro\/exercitii-de-gramatica-malayalam\/"]}]},{"@type":"BreadcrumbList","@id":"https:\/\/talkpal.ai\/ro\/exercitii-de-gramatica-malayalam\/#breadcrumb","itemListElement":[{"@type":"ListItem","position":1,"name":"Homepage","item":"https:\/\/talkpal.ai\/ro\/"},{"@type":"ListItem","position":2,"name":"Exerci\u021bii de gramatic\u0103 malayalam"}]},{"@type":"WebSite","@id":"https:\/\/talkpal.ai\/ro\/#website","url":"https:\/\/talkpal.ai\/ro\/","name":"Talkpal","description":"AI Language Learning","publisher":{"@id":"https:\/\/talkpal.ai\/ro\/#organization"},"alternateName":"Talkpal AI","potentialAction":[{"@type":"SearchAction","target":{"@type":"EntryPoint","urlTemplate":"https:\/\/talkpal.ai\/ro\/?s={search_term_string}"},"query-input":{"@type":"PropertyValueSpecification","valueRequired":true,"valueName":"search_term_string"}}],"inLanguage":"ro-RO"},{"@type":"Organization","@id":"https:\/\/talkpal.ai\/ro\/#organization","name":"Talkpal, Inc.","alternateName":"Talkpal AI","url":"https:\/\/talkpal.ai\/ro\/","logo":{"@type":"ImageObject","inLanguage":"ro-RO","@id":"https:\/\/talkpal.ai\/ro\/#\/schema\/logo\/image\/","url":"https:\/\/talkpal.ai\/wp-content\/uploads\/2024\/03\/Talkpal-Logo-Icon.png","contentUrl":"https:\/\/talkpal.ai\/wp-content\/uploads\/2024\/03\/Talkpal-Logo-Icon.png","width":2880,"height":2880,"caption":"Talkpal, Inc."},"image":{"@id":"https:\/\/talkpal.ai\/ro\/#\/schema\/logo\/image\/"},"sameAs":["https:\/\/www.facebook.com\/profile.php?id=100090733639311","https:\/\/x.com\/talkpalai","https:\/\/www.linkedin.com\/company\/talkpal\/","https:\/\/www.youtube.com\/@TalkPal\/","https:\/\/www.tiktok.com\/@talkpal","https:\/\/www.instagram.com\/talkpal_ai\/","https:\/\/www.crunchbase.com\/organization\/talkpal-9cde","https:\/\/www.g2.com\/products\/talkpal-for-business\/","https:\/\/www.trustpilot.com\/review\/talkpal.ai","https:\/\/www.capterra.com\/p\/10006800\/TalkPal\/"],"description":"Talkpal is a language learning web and mobile education app, powered by the latest AI technologies, that provides engaging experiences to its customers in many different languages to help them improve their language skills. Users can chat about unlimited amount of topics with the app and use other modes to practice their language learning.","email":"support@talkpal.ai","legalName":"Talkpal, Inc.","foundingDate":"2023-04-03","duns":"118989042","numberOfEmployees":{"@type":"QuantitativeValue","minValue":"11","maxValue":"50"},"publishingPrinciples":"https:\/\/talkpal.ai\/publishing-principles\/","actionableFeedbackPolicy":"https:\/\/talkpal.ai\/actionable-feedback-policy\/","correctionsPolicy":"https:\/\/talkpal.ai\/corrections-policy\/","ethicsPolicy":"https:\/\/talkpal.ai\/ethics-policy\/","diversityPolicy":"https:\/\/talkpal.ai\/diversity-policy\/","diversityStaffingReport":"https:\/\/talkpal.ai\/diversity-policy\/"}]}},"_links":{"self":[{"href":"https:\/\/talkpal.ai\/ro\/wp-json\/wp\/v2\/pages\/1468079","targetHints":{"allow":["GET"]}}],"collection":[{"href":"https:\/\/talkpal.ai\/ro\/wp-json\/wp\/v2\/pages"}],"about":[{"href":"https:\/\/talkpal.ai\/ro\/wp-json\/wp\/v2\/types\/page"}],"author":[{"embeddable":true,"href":"https:\/\/talkpal.ai\/ro\/wp-json\/wp\/v2\/users\/20"}],"replies":[{"embeddable":true,"href":"https:\/\/talkpal.ai\/ro\/wp-json\/wp\/v2\/comments?post=1468079"}],"version-history":[{"count":0,"href":"https:\/\/talkpal.ai\/ro\/wp-json\/wp\/v2\/pages\/1468079\/revisions"}],"wp:attachment":[{"href":"https:\/\/talkpal.ai\/ro\/wp-json\/wp\/v2\/media?parent=1468079"}],"curies":[{"name":"wp","href":"https:\/\/api.w.org\/{rel}","templated":true}]}}