{"id":1468036,"date":"2025-11-12T17:34:19","date_gmt":"2025-11-12T17:34:19","guid":{"rendered":"https:\/\/talkpal.ai\/gramatica-zulu\/"},"modified":"2025-12-30T13:32:35","modified_gmt":"2025-12-30T13:32:35","slug":"gramatica-zulu","status":"publish","type":"page","link":"https:\/\/talkpal.ai\/ro\/gramatica-zulu\/","title":{"rendered":"Gramatica Zulu"},"content":{"rendered":"\r\n\r\n\r\n<section class=\"languageChallengeSection\">\r\n    <div class=\"languageInfoWrapper\">\r\n        \r\n        <h1>Gramatica Zulu<\/h1>\r\n        <p>Gramatica <a href=\"https:\/\/talkpal.ai\/learn-zulu\/\">zulu<\/a> poate p\u0103rea o provocare la \u00eenceput, dar caracteristicile sale unice fac ca \u00eenv\u0103\u021barea limbii s\u0103 fie o experien\u021b\u0103 plin\u0103 de satisfac\u021bii. Explor\u00e2ndu-i alfabetul, muta\u021biile \u0219i regulile gramaticale, ve\u021bi ob\u021bine informa\u021bii despre o bogat\u0103 tradi\u021bie lingvistic\u0103. \u00cencepe-\u021bi c\u0103l\u0103toria \u0219i descoper\u0103 frumuse\u021bea Zulu!<\/p>\r\n\r\n                            <a class=\"getStartedHidden\" href=\"https:\/\/app.talkpal.ai\/ro\/signup?lng=\">\u00cencepe<\/a>\r\n        \r\n    <\/div>\r\n\r\n    <figure>\r\n    <img decoding=\"async\" width=\"768\" height=\"768\" src=\"https:\/\/talkpal.ai\/wp-content\/uploads\/2023\/06\/welsh-768x768.png\" class=\"languageImage no-lazy\" alt=\"Language learning for better cognitive abilities\" fetchpriority=\"high\" sizes=\"(max-width: 768px) 150px, 768px\" srcset=\"https:\/\/talkpal.ai\/wp-content\/uploads\/2023\/06\/welsh-768x768.png 768w, https:\/\/talkpal.ai\/wp-content\/uploads\/2023\/06\/welsh-300x300.png 300w\" \/>\r\n    \r\n\r\n    <\/figure>\r\n\r\n            <a class=\"getStartedVisible\" href=\"https:\/\/app.talkpal.ai\/ro\/signup?lng=\">\u00cencepe<\/a>\r\n    \r\n<\/section><section class=\"promotionalBanner\">\r\n    <p class=\"promotionalText\">Cel mai eficient mod de a \u00eenv\u0103\u021ba o limb\u0103<\/p>\r\n    <a class=\"promotionalLink\" href=\"https:\/\/app.talkpal.ai\/ro\/signup?lng=\">\u00cencerca\u021bi Talkpal gratuit<\/a>\r\n<\/section>\n<div class=\"wp-block-group pageContainerStyle\"><div class=\"wp-block-group__inner-container is-layout-constrained wp-block-group-is-layout-constrained\">\n<h2 class=\"wp-block-heading\" id=\"h-navigating-the-intricacies-of-zulu-grammar\">Navigarea \u00een complexitatea gramaticii Zulu<\/h2>\n\n\n\n<p><a href=\"https:\/\/talkpal.ai\/ro\/invata-zulu\/\">Zulu<\/a>, o limb\u0103 bantu de sud a grupului Nguni, cu o istorie bogat\u0103 \u0219i o semnifica\u021bie cultural\u0103, ofer\u0103 o experien\u021b\u0103 lingvistic\u0103 interesant\u0103 pentru cei dornici s\u0103 exploreze sistemul s\u0103u gramatical unic. Pe m\u0103sur\u0103 ce v\u0103 aventura\u021bi \u00een t\u0103r\u00e2mul Zulu, nu numai c\u0103 v\u0103 ve\u021bi \u00eembog\u0103\u021bi repertoriul lingvistic, dar ve\u021bi \u00eembr\u0103\u021bi\u0219a \u0219i o c\u0103l\u0103torie cultural\u0103 fascinant\u0103. \u00cen timp ce <a href=\"https:\/\/talkpal.ai\/zulu-grammar\/\">gramatica zulu<\/a> poate p\u0103rea complicat\u0103 la \u00eenceput, \u00eemp\u0103r\u021birea ei \u00een componente de baz\u0103 face ca \u00eenv\u0103\u021barea limbii s\u0103 fie mai accesibil\u0103. \u00cen acest articol, vom explora lumea captivant\u0103 a gramaticii Zulu \u0219i vom oferi sfaturi despre cum s\u0103-i st\u0103p\u00e2ne\u0219ti complexitatea.<\/p>\n\n\n\n<h3 class=\"wp-block-heading\" id=\"h-1-zulu-alphabet-and-phonetics\">1. Alfabetul zulu \u0219i fonetica<\/h3>\n\n\n\n<p>Sistemul de scriere Zulu folose\u0219te alfabetul latin \u0219i reprezint\u0103 sunete distincte, inclusiv consoane de clic scrise ca c, q \u0219i x, precum \u0219i consoane aspirate scrise cu digrafe precum ph, th \u0219i kh. Zulu are cinci litere vocalice (a, e, i, o, u) \u0219i este o limb\u0103 tonal\u0103, unde \u00een\u0103l\u021bimea poate distinge sensul, de\u0219i tonul nu este marcat \u00een ortografia standard. Pentru a \u00eenv\u0103\u021ba gramatica zulu, este esen\u021bial s\u0103 v\u0103 familiariza\u021bi cu acest sistem de sunet exers\u00e2nd citirea, ascultarea \u0219i vorbirea \u00een zulu.<\/p>\n\n\n\n<h3 class=\"wp-block-heading\" id=\"h-2-noun-classes-and-concords-a-distinctive-zulu-feature\">2. Clase de substantive \u0219i concorde: o tr\u0103s\u0103tur\u0103 distinctiv\u0103 Zulu<\/h3>\n\n\n\n<p>Unul dintre cele mai izbitoare aspecte ale gramaticii Zulu este sistemul s\u0103u extins de clase de substantive, fiecare marcat\u0103 de un prefix specific \u0219i asociat\u0103 cu o re\u021bea de concorde. Clasele de substantive conduc la acord \u00een \u00eentreaga propozi\u021bie, afect\u00e2nd markerii de subiect, markerii de obiecte, adjectivele, posesivurile, demonstrativele \u0219i rudele. \u00cen\u021belegerea c\u00e2nd \u0219i cum apar aceste concordii este vital\u0103 pentru o comunicare precis\u0103 \u00een zulu.<\/p>\n\n\n\n<h3 class=\"wp-block-heading\" id=\"h-3-nouns-and-pronouns-noun-classes-and-agreement\">3. Substantive \u0219i pronume: clase de substantive \u0219i acord<\/h3>\n\n\n\n<p>Substantivele zulu apar\u021bin mai degrab\u0103 claselor de substantive dec\u00e2t genului gramatical, iar formele lor de plural sunt determinate de perechile de clase (de exemplu, umuntu, abantu). Pronumele \u00een zulu includ forme independente (mina, wena, yena, thina, nina, bona), forme posesive construite cu r\u0103d\u0103cini posesive precum -ami, -akho, -akhe care sunt \u00een acord cu clasa substantivului (incwadi yami, izincwadi zami), marcarea reflexiv\u0103 a verbelor (zi-), demonstrativele care sunt \u00een acord cu clasa substantivului (lo, laba, le, lezi) \u0219i interogativele (ubani, ini, kuphi, nini, kanjani). Familiarizarea cu aceste forme \u0219i modelele lor de acord v\u0103 va \u00eembun\u0103t\u0103\u021bi semnificativ \u00een\u021belegerea gramaticii Zulu.<\/p>\n\n\n\n<h3 class=\"wp-block-heading\" id=\"h-4-verbs-structure-and-conjugation\">4. Verbe: structur\u0103 \u0219i conjugare<\/h3>\n\n\n\n<p>Verbele zulu urmeaz\u0103 o structur\u0103 aglutinant\u0103 bogat\u0103 care codific\u0103 subiectul, obiectul, timpul, aspectul, starea de spirit \u0219i polaritatea. Timpurile de baz\u0103 includ prezentul (ngiyabona sau ngibona), trecutul (perfect -ile, ngibonile) \u0219i viitorul cu zo- (ngizobona), cu st\u0103ri de spirit suplimentare, cum ar fi subjunctivul (final -e) \u0219i imperativul (hamba, hambani). Nega\u021bia este de obicei marcat\u0103 cu a- \u0219i final -i (angiboni, akaboni). \u00cenv\u0103\u021barea \u0219ablonului verbului \u0219i a extensiilor comune (cauzal\u0103 -isa, aplicativ\u0103 -ela, reciproc\u0103 -ana, pasiv\u0103 -wa) v\u0103 va \u00eembun\u0103t\u0103\u021bi capacitatea de a comunica eficient \u00een zulu.<\/p>\n\n\n\n<h3 class=\"wp-block-heading\" id=\"h-5-adjectives-agreement-and-placement\">5. Adjective: acord \u0219i plasare<\/h3>\n\n\n\n<p>\u00cen gramatica zulu, adjectivele urmeaz\u0103 de obicei substantivul <a href=\"https:\/\/talkpal.ai\/culture\/how-do-i-use-pe-care-correctly\/\">pe care<\/a> \u00eel modific\u0103 \u0219i sunt de acord cu clasa substantivului folosind un acord adjectival. Zulu are un set limitat de r\u0103d\u0103cini adjective adev\u0103rate (cum ar fi -khulu big, -ncane small, -mnyama dark, -de tall), \u0219i multe semnifica\u021bii descriptive sunt exprimate cu construc\u021bii relative. Comparativele \u0219i superlativele se formeaz\u0103 \u00een mod obi\u0219nuit perifrastic, de exemplu folosind kakhulu (foarte) \u0219i compara\u021bie cu ukwedlula sau ngaphezu kuka pentru &#8222;mai mult dec\u00e2t&#8221;.<\/p>\n\n\n\n<p><strong>Exemple:<\/strong><\/p>\n\n\n\n<p><strong>\u2013 Uthando Olukhulu (mare dragoste)<\/strong><\/p>\n\n\n\n<p><strong>\u2013 izingane ezincane (copii mici)<\/strong><\/p>\n\n\n\n<h3 class=\"wp-block-heading\" id=\"h-6-engaging-with-the-language\">6. Interac\u021biunea cu limba<\/h3>\n\n\n\n<p>Cel mai eficient mod de a \u00een\u021belege \u0219i internaliza pe deplin gramatica Zulu este de a interac\u021biona \u00een mod constant cu limba. Citind literatur\u0103 zulu, vizion\u00e2nd filme sau seriale de televiziune zulu, ascult\u00e2nd radio \u0219i muzic\u0103 \u00een zulu \u0219i comunic\u00e2nd activ cu vorbitorii nativi, v\u0103 ve\u021bi consolida \u00een\u021belegerea gramaticii \u00een timp ce v\u0103 extinde\u021bi vocabularul.<\/p>\n\n\n\n<h3 class=\"wp-block-heading\" id=\"h-conclusion\">Concluzie<\/h3>\n\n\n\n<p>De\u0219i gramatica Zulu poate p\u0103rea complicat\u0103, pute\u021bi deveni competent \u00een aceast\u0103 limb\u0103 frumoas\u0103 cu d\u0103ruire, practic\u0103 \u0219i entuziasm. Concentr\u00e2ndu-v\u0103 pe regulile fundamentale \u0219i implic\u00e2ndu-v\u0103 \u00een limb\u0103 \u00een diferite contexte, v\u0103 ve\u021bi \u00eembun\u0103t\u0103\u021bi rapid <a href=\"https:\/\/talkpal.ai\/ro\/gramatica\/\">abilit\u0103\u021bile gramaticale<\/a> zulu. Inhlanhla enhle (mult noroc) cu c\u0103l\u0103toria ta \u00een limba Zulu \u0219i bucur\u0103-te de dezv\u0103luirea lumii enigmatice, dar captivante a gramaticii Zulu!<\/p>\n<\/div><\/div>\n\r\n<section class=\"learnNavigationSection\">\r\n            \r\n        <a href=\"https:\/\/talkpal.ai\/ro\/invata-zulu\/\">\r\n            <div class=\"learnNavigationWrapper\">\r\n                <div class=\"learnNavigationContent\">\r\n                    <img decoding=\"async\" src=\"https:\/\/talkpal.ai\/wp-content\/uploads\/2025\/11\/Zulu.png\" alt=\"South African Flag\">\r\n                    <div>\r\n                        <h4>Despre Zulu Learning<\/h4>\r\n                        <p>Afl\u0103 totul despre gramatica Zulu.<\/p>\r\n                    <\/div>\r\n                <\/div>\r\n            <\/div>\r\n        <\/a>\r\n\r\n        \r\n        <a href=\"https:\/\/talkpal.ai\/ro\/exercitii-de-gramatica-zulu\/\">\r\n            <div class=\"learnNavigationWrapper\">\r\n                <div class=\"learnNavigationContent\">\r\n                    <img decoding=\"async\" src=\"https:\/\/talkpal.ai\/wp-content\/uploads\/2025\/11\/Zulu.png\" alt=\"South African Flag\">\r\n                    <div>\r\n                        <h4>Exerci\u021biu de gramatic\u0103 Zulu<\/h4>\r\n                        <p>Exersa\u021bi gramatica zulu.<\/p>\r\n                    <\/div>\r\n                <\/div>\r\n            <\/div>\r\n        <\/a>\r\n\r\n            <\/section>","protected":false},"excerpt":{"rendered":"<p>Navigarea \u00een complexitatea gramaticii Zulu Zulu, o limb\u0103 bantu de sud a grupului Nguni, cu o istorie bogat\u0103 \u0219i o semnifica\u021bie cultural\u0103, ofer\u0103 o experien\u021b\u0103 lingvistic\u0103 interesant\u0103 pentru cei dornici s\u0103 exploreze sistemul s\u0103u gramatical unic. Pe m\u0103sur\u0103 ce v\u0103 aventura\u021bi \u00een t\u0103r\u00e2mul Zulu, nu numai c\u0103 v\u0103 ve\u021bi \u00eembog\u0103\u021bi repertoriul lingvistic, dar ve\u021bi \u00eembr\u0103\u021bi\u0219a [&hellip;]<\/p>\n","protected":false},"author":20,"featured_media":0,"parent":0,"menu_order":0,"comment_status":"closed","ping_status":"closed","template":"LearningContentPage.php","meta":{"_acf_changed":false,"footnotes":""},"class_list":["post-1468036","page","type-page","status-publish","hentry"],"acf":[],"yoast_head":"<!-- This site is optimized with the Yoast SEO Premium plugin v27.2 (Yoast SEO v27.2) - https:\/\/yoast.com\/product\/yoast-seo-premium-wordpress\/ -->\n<title>Gramatica Zulu - Talkpal<\/title>\n<meta name=\"description\" content=\"\u00cenv\u0103\u021ba\u021bi complexitatea gramaticii limbii zulu cu ajutorul ghidului nostru complet bazat pe inteligen\u021b\u0103 artificial\u0103, conceput pentru o \u00eenv\u0103\u021bare rapid\u0103 \u0219i eficient\u0103 a limbii.\" \/>\n<meta name=\"robots\" content=\"index, follow, max-snippet:-1, max-image-preview:large, max-video-preview:-1\" \/>\n<link rel=\"canonical\" href=\"https:\/\/talkpal.ai\/ro\/gramatica-zulu\/\" \/>\n<meta property=\"og:locale\" content=\"ro_RO\" \/>\n<meta property=\"og:type\" content=\"article\" \/>\n<meta property=\"og:title\" content=\"Gramatica Zulu\" \/>\n<meta property=\"og:description\" content=\"Navigarea \u00een complexitatea gramaticii Zulu Zulu, o limb\u0103 bantu de sud a grupului Nguni, cu o istorie bogat\u0103 \u0219i o semnifica\u021bie cultural\u0103, ofer\u0103 o\" \/>\n<meta property=\"og:url\" content=\"https:\/\/talkpal.ai\/ro\/gramatica-zulu\/\" \/>\n<meta property=\"og:site_name\" content=\"Talkpal\" \/>\n<meta property=\"article:publisher\" content=\"https:\/\/www.facebook.com\/profile.php?id=100090733639311\" \/>\n<meta property=\"article:modified_time\" content=\"2025-12-30T13:32:35+00:00\" \/>\n<meta property=\"og:image\" content=\"https:\/\/talkpal.ai\/wp-content\/uploads\/2025\/02\/Progress-tab-16_9.png\" \/>\n\t<meta property=\"og:image:width\" content=\"2880\" \/>\n\t<meta property=\"og:image:height\" content=\"1620\" \/>\n\t<meta property=\"og:image:type\" content=\"image\/png\" \/>\n<meta name=\"twitter:card\" content=\"summary_large_image\" \/>\n<meta name=\"twitter:site\" content=\"@talkpalai\" \/>\n<meta name=\"twitter:label1\" content=\"Timp estimat pentru citire\" \/>\n\t<meta name=\"twitter:data1\" content=\"4 minute\" \/>\n<script type=\"application\/ld+json\" class=\"yoast-schema-graph\">{\"@context\":\"https:\/\/schema.org\",\"@graph\":[{\"@type\":\"WebPage\",\"@id\":\"https:\/\/talkpal.ai\/ro\/gramatica-zulu\/\",\"url\":\"https:\/\/talkpal.ai\/ro\/gramatica-zulu\/\",\"name\":\"Gramatica Zulu - Talkpal\",\"isPartOf\":{\"@id\":\"https:\/\/talkpal.ai\/ro\/#website\"},\"datePublished\":\"2025-11-12T17:34:19+00:00\",\"dateModified\":\"2025-12-30T13:32:35+00:00\",\"description\":\"\u00cenv\u0103\u021ba\u021bi complexitatea gramaticii limbii zulu cu ajutorul ghidului nostru complet bazat pe inteligen\u021b\u0103 artificial\u0103, conceput pentru o \u00eenv\u0103\u021bare rapid\u0103 \u0219i eficient\u0103 a limbii.\",\"breadcrumb\":{\"@id\":\"https:\/\/talkpal.ai\/ro\/gramatica-zulu\/#breadcrumb\"},\"inLanguage\":\"ro-RO\",\"potentialAction\":[{\"@type\":\"ReadAction\",\"target\":[\"https:\/\/talkpal.ai\/ro\/gramatica-zulu\/\"]}]},{\"@type\":\"BreadcrumbList\",\"@id\":\"https:\/\/talkpal.ai\/ro\/gramatica-zulu\/#breadcrumb\",\"itemListElement\":[{\"@type\":\"ListItem\",\"position\":1,\"name\":\"Homepage\",\"item\":\"https:\/\/talkpal.ai\/ro\/\"},{\"@type\":\"ListItem\",\"position\":2,\"name\":\"Gramatica Zulu\"}]},{\"@type\":\"WebSite\",\"@id\":\"https:\/\/talkpal.ai\/ro\/#website\",\"url\":\"https:\/\/talkpal.ai\/ro\/\",\"name\":\"Talkpal\",\"description\":\"AI Language Learning\",\"publisher\":{\"@id\":\"https:\/\/talkpal.ai\/ro\/#organization\"},\"alternateName\":\"Talkpal AI\",\"potentialAction\":[{\"@type\":\"SearchAction\",\"target\":{\"@type\":\"EntryPoint\",\"urlTemplate\":\"https:\/\/talkpal.ai\/ro\/?s={search_term_string}\"},\"query-input\":{\"@type\":\"PropertyValueSpecification\",\"valueRequired\":true,\"valueName\":\"search_term_string\"}}],\"inLanguage\":\"ro-RO\"},{\"@type\":\"Organization\",\"@id\":\"https:\/\/talkpal.ai\/ro\/#organization\",\"name\":\"Talkpal, Inc.\",\"alternateName\":\"Talkpal AI\",\"url\":\"https:\/\/talkpal.ai\/ro\/\",\"logo\":{\"@type\":\"ImageObject\",\"inLanguage\":\"ro-RO\",\"@id\":\"https:\/\/talkpal.ai\/ro\/#\/schema\/logo\/image\/\",\"url\":\"https:\/\/talkpal.ai\/wp-content\/uploads\/2024\/03\/Talkpal-Logo-Icon.png\",\"contentUrl\":\"https:\/\/talkpal.ai\/wp-content\/uploads\/2024\/03\/Talkpal-Logo-Icon.png\",\"width\":2880,\"height\":2880,\"caption\":\"Talkpal, Inc.\"},\"image\":{\"@id\":\"https:\/\/talkpal.ai\/ro\/#\/schema\/logo\/image\/\"},\"sameAs\":[\"https:\/\/www.facebook.com\/profile.php?id=100090733639311\",\"https:\/\/x.com\/talkpalai\",\"https:\/\/www.linkedin.com\/company\/talkpal\/\",\"https:\/\/www.youtube.com\/@TalkPal\/\",\"https:\/\/www.tiktok.com\/@talkpal\",\"https:\/\/www.instagram.com\/talkpal_ai\/\",\"https:\/\/www.crunchbase.com\/organization\/talkpal-9cde\",\"https:\/\/www.g2.com\/products\/talkpal-for-business\/\",\"https:\/\/www.trustpilot.com\/review\/talkpal.ai\",\"https:\/\/www.capterra.com\/p\/10006800\/TalkPal\/\"],\"description\":\"Talkpal is a language learning web and mobile education app, powered by the latest AI technologies, that provides engaging experiences to its customers in many different languages to help them improve their language skills. Users can chat about unlimited amount of topics with the app and use other modes to practice their language learning.\",\"email\":\"support@talkpal.ai\",\"legalName\":\"Talkpal, Inc.\",\"foundingDate\":\"2023-04-03\",\"duns\":\"118989042\",\"numberOfEmployees\":{\"@type\":\"QuantitativeValue\",\"minValue\":\"11\",\"maxValue\":\"50\"},\"publishingPrinciples\":\"https:\/\/talkpal.ai\/publishing-principles\/\",\"actionableFeedbackPolicy\":\"https:\/\/talkpal.ai\/actionable-feedback-policy\/\",\"correctionsPolicy\":\"https:\/\/talkpal.ai\/corrections-policy\/\",\"ethicsPolicy\":\"https:\/\/talkpal.ai\/ethics-policy\/\",\"diversityPolicy\":\"https:\/\/talkpal.ai\/diversity-policy\/\",\"diversityStaffingReport\":\"https:\/\/talkpal.ai\/diversity-policy\/\"}]}<\/script>\n<!-- \/ Yoast SEO Premium plugin. -->","yoast_head_json":{"title":"Gramatica Zulu - Talkpal","description":"\u00cenv\u0103\u021ba\u021bi complexitatea gramaticii limbii zulu cu ajutorul ghidului nostru complet bazat pe inteligen\u021b\u0103 artificial\u0103, conceput pentru o \u00eenv\u0103\u021bare rapid\u0103 \u0219i eficient\u0103 a limbii.","robots":{"index":"index","follow":"follow","max-snippet":"max-snippet:-1","max-image-preview":"max-image-preview:large","max-video-preview":"max-video-preview:-1"},"canonical":"https:\/\/talkpal.ai\/ro\/gramatica-zulu\/","og_locale":"ro_RO","og_type":"article","og_title":"Gramatica Zulu","og_description":"Navigarea \u00een complexitatea gramaticii Zulu Zulu, o limb\u0103 bantu de sud a grupului Nguni, cu o istorie bogat\u0103 \u0219i o semnifica\u021bie cultural\u0103, ofer\u0103 o","og_url":"https:\/\/talkpal.ai\/ro\/gramatica-zulu\/","og_site_name":"Talkpal","article_publisher":"https:\/\/www.facebook.com\/profile.php?id=100090733639311","article_modified_time":"2025-12-30T13:32:35+00:00","og_image":[{"width":2880,"height":1620,"url":"https:\/\/talkpal.ai\/wp-content\/uploads\/2025\/02\/Progress-tab-16_9.png","type":"image\/png"}],"twitter_card":"summary_large_image","twitter_site":"@talkpalai","twitter_misc":{"Timp estimat pentru citire":"4 minute"},"schema":{"@context":"https:\/\/schema.org","@graph":[{"@type":"WebPage","@id":"https:\/\/talkpal.ai\/ro\/gramatica-zulu\/","url":"https:\/\/talkpal.ai\/ro\/gramatica-zulu\/","name":"Gramatica Zulu - Talkpal","isPartOf":{"@id":"https:\/\/talkpal.ai\/ro\/#website"},"datePublished":"2025-11-12T17:34:19+00:00","dateModified":"2025-12-30T13:32:35+00:00","description":"\u00cenv\u0103\u021ba\u021bi complexitatea gramaticii limbii zulu cu ajutorul ghidului nostru complet bazat pe inteligen\u021b\u0103 artificial\u0103, conceput pentru o \u00eenv\u0103\u021bare rapid\u0103 \u0219i eficient\u0103 a limbii.","breadcrumb":{"@id":"https:\/\/talkpal.ai\/ro\/gramatica-zulu\/#breadcrumb"},"inLanguage":"ro-RO","potentialAction":[{"@type":"ReadAction","target":["https:\/\/talkpal.ai\/ro\/gramatica-zulu\/"]}]},{"@type":"BreadcrumbList","@id":"https:\/\/talkpal.ai\/ro\/gramatica-zulu\/#breadcrumb","itemListElement":[{"@type":"ListItem","position":1,"name":"Homepage","item":"https:\/\/talkpal.ai\/ro\/"},{"@type":"ListItem","position":2,"name":"Gramatica Zulu"}]},{"@type":"WebSite","@id":"https:\/\/talkpal.ai\/ro\/#website","url":"https:\/\/talkpal.ai\/ro\/","name":"Talkpal","description":"AI Language Learning","publisher":{"@id":"https:\/\/talkpal.ai\/ro\/#organization"},"alternateName":"Talkpal AI","potentialAction":[{"@type":"SearchAction","target":{"@type":"EntryPoint","urlTemplate":"https:\/\/talkpal.ai\/ro\/?s={search_term_string}"},"query-input":{"@type":"PropertyValueSpecification","valueRequired":true,"valueName":"search_term_string"}}],"inLanguage":"ro-RO"},{"@type":"Organization","@id":"https:\/\/talkpal.ai\/ro\/#organization","name":"Talkpal, Inc.","alternateName":"Talkpal AI","url":"https:\/\/talkpal.ai\/ro\/","logo":{"@type":"ImageObject","inLanguage":"ro-RO","@id":"https:\/\/talkpal.ai\/ro\/#\/schema\/logo\/image\/","url":"https:\/\/talkpal.ai\/wp-content\/uploads\/2024\/03\/Talkpal-Logo-Icon.png","contentUrl":"https:\/\/talkpal.ai\/wp-content\/uploads\/2024\/03\/Talkpal-Logo-Icon.png","width":2880,"height":2880,"caption":"Talkpal, Inc."},"image":{"@id":"https:\/\/talkpal.ai\/ro\/#\/schema\/logo\/image\/"},"sameAs":["https:\/\/www.facebook.com\/profile.php?id=100090733639311","https:\/\/x.com\/talkpalai","https:\/\/www.linkedin.com\/company\/talkpal\/","https:\/\/www.youtube.com\/@TalkPal\/","https:\/\/www.tiktok.com\/@talkpal","https:\/\/www.instagram.com\/talkpal_ai\/","https:\/\/www.crunchbase.com\/organization\/talkpal-9cde","https:\/\/www.g2.com\/products\/talkpal-for-business\/","https:\/\/www.trustpilot.com\/review\/talkpal.ai","https:\/\/www.capterra.com\/p\/10006800\/TalkPal\/"],"description":"Talkpal is a language learning web and mobile education app, powered by the latest AI technologies, that provides engaging experiences to its customers in many different languages to help them improve their language skills. Users can chat about unlimited amount of topics with the app and use other modes to practice their language learning.","email":"support@talkpal.ai","legalName":"Talkpal, Inc.","foundingDate":"2023-04-03","duns":"118989042","numberOfEmployees":{"@type":"QuantitativeValue","minValue":"11","maxValue":"50"},"publishingPrinciples":"https:\/\/talkpal.ai\/publishing-principles\/","actionableFeedbackPolicy":"https:\/\/talkpal.ai\/actionable-feedback-policy\/","correctionsPolicy":"https:\/\/talkpal.ai\/corrections-policy\/","ethicsPolicy":"https:\/\/talkpal.ai\/ethics-policy\/","diversityPolicy":"https:\/\/talkpal.ai\/diversity-policy\/","diversityStaffingReport":"https:\/\/talkpal.ai\/diversity-policy\/"}]}},"_links":{"self":[{"href":"https:\/\/talkpal.ai\/ro\/wp-json\/wp\/v2\/pages\/1468036","targetHints":{"allow":["GET"]}}],"collection":[{"href":"https:\/\/talkpal.ai\/ro\/wp-json\/wp\/v2\/pages"}],"about":[{"href":"https:\/\/talkpal.ai\/ro\/wp-json\/wp\/v2\/types\/page"}],"author":[{"embeddable":true,"href":"https:\/\/talkpal.ai\/ro\/wp-json\/wp\/v2\/users\/20"}],"replies":[{"embeddable":true,"href":"https:\/\/talkpal.ai\/ro\/wp-json\/wp\/v2\/comments?post=1468036"}],"version-history":[{"count":0,"href":"https:\/\/talkpal.ai\/ro\/wp-json\/wp\/v2\/pages\/1468036\/revisions"}],"wp:attachment":[{"href":"https:\/\/talkpal.ai\/ro\/wp-json\/wp\/v2\/media?parent=1468036"}],"curies":[{"name":"wp","href":"https:\/\/api.w.org\/{rel}","templated":true}]}}