{"id":146801,"date":"2023-05-14T14:11:28","date_gmt":"2023-05-14T14:11:28","guid":{"rendered":"http:\/\/talkpal.ai\/gramatica-macedoneana\/"},"modified":"2025-12-17T16:35:35","modified_gmt":"2025-12-17T16:35:35","slug":"gramatica-macedoneana","status":"publish","type":"page","link":"https:\/\/talkpal.ai\/ro\/gramatica-macedoneana\/","title":{"rendered":"Gramatica macedonean\u0103"},"content":{"rendered":"\r\n\r\n\r\n<section class=\"languageChallengeSection\">\r\n    <div class=\"languageInfoWrapper\">\r\n        \r\n        <h1>Gramatica macedonean\u0103<\/h1>\r\n        <p>P\u0103trunde\u021bi \u00een lumea fascinant\u0103 a gramaticii macedonene \u0219i descoperi\u021bi structura din spatele acestei limbi sud-slave unice. \u00cenv\u0103\u021barea elementelor de baz\u0103 ale gramaticii macedonene v\u0103 va permite s\u0103 comunica\u021bi cu mai mult\u0103 \u00eencredere \u0219i s\u0103 explora\u021bi cultura bogat\u0103 a Macedoniei de Nord. \u00cencepe\u021bi ast\u0103zi \u0219i face\u021bi primul pas spre st\u0103p\u00e2nirea limbii macedonene!<\/p>\r\n\r\n                            <a class=\"getStartedHidden\" href=\"https:\/\/app.talkpal.ai\/ro\/signup?lng=\">\u00cencepe<\/a>\r\n        \r\n    <\/div>\r\n\r\n    <figure>\r\n    <img decoding=\"async\" width=\"768\" height=\"768\" src=\"https:\/\/talkpal.ai\/wp-content\/uploads\/2023\/06\/macedonian-768x768.png\" class=\"languageImage no-lazy\" alt=\"Language learning through conversational practice\" fetchpriority=\"high\" sizes=\"(max-width: 768px) 150px, 768px\" srcset=\"https:\/\/talkpal.ai\/wp-content\/uploads\/2023\/06\/macedonian-768x768.png 768w, https:\/\/talkpal.ai\/wp-content\/uploads\/2023\/06\/macedonian-300x300.png 300w\" \/>\r\n    \r\n\r\n    <\/figure>\r\n\r\n            <a class=\"getStartedVisible\" href=\"https:\/\/app.talkpal.ai\/ro\/signup?lng=\">\u00cencepe<\/a>\r\n    \r\n<\/section>\r\n<section class=\"promotionalBanner\">\r\n    <p class=\"promotionalText\">Cel mai eficient mod de a \u00eenv\u0103\u021ba o limb\u0103<\/p>\r\n    <a class=\"promotionalLink\" href=\"https:\/\/app.talkpal.ai\/ro\/signup?lng=\">\u00cencerca\u021bi Talkpal gratuit<\/a>\r\n<\/section>\n<div class=\"wp-block-group pageContainerStyle\"><div class=\"wp-block-group__inner-container is-layout-constrained wp-block-group-is-layout-constrained\">\n<h2 class=\"wp-block-heading\" id=\"h-unraveling-the-mysteries-of-macedonian-grammar\">Dezlegarea misterelor gramaticii macedonene<\/h2>\n\n\n\n<p><a href=\"https:\/\/talkpal.ai\/macedonian-grammar\/\">Gramatica macedonean\u0103<\/a> &#8211; complicat\u0103, dar accesibil\u0103, fascinant\u0103, dar gra\u021bioas\u0103, complex\u0103, dar intrigant\u0103. Pe m\u0103sur\u0103 ce v\u0103 \u00eencepe\u021bi c\u0103l\u0103toria \u00een lumea limbii macedonene, s-ar putea s\u0103 sim\u021bi\u021bi un amestec de emo\u021bie \u0219i intimidare atunci c\u00e2nd vine vorba de descifrarea enigmelor <a href=\"https:\/\/talkpal.ai\/locations\/learn-english-in-sale\/\">sale<\/a> gramaticale. Nu te teme, pasionat de limb\u0103! Suntem aici pentru a v\u0103 sprijini \u00een aceast\u0103 aventur\u0103 lingvistic\u0103!<\/p>\n\n\n\n<p>\u00cen acest articol captivant, vom face lumin\u0103 asupra unor aspecte esen\u021biale ale gramaticii macedonene, oferind informa\u021bii, explica\u021bii \u0219i exemple practice. V\u0103 vom dezv\u0103lui c\u0103 aceast\u0103 fascinant\u0103 limb\u0103 balcanic\u0103 este mai accesibil\u0103 dec\u00e2t a\u021bi putea crede! A\u0219a c\u0103 pune\u021bi-v\u0103 centura \u0219i permite\u021bi-ne s\u0103 simplific\u0103m \u0219i s\u0103 demistific\u0103m <a href=\"https:\/\/talkpal.ai\/macedonian-grammar\/\">gramatica macedonean\u0103<\/a> pentru dvs.<\/p>\n\n\n\n<h3 class=\"wp-block-heading\" id=\"h-1-delightful-declensions-noun-cases-made-easy\">1. Declin\u0103ri \u00eenc\u00e2nt\u0103toare: cazuri substantivale u\u0219oare<\/h3>\n\n\n\n<p>Ca \u0219i alte limbi slave, macedoneana prezint\u0103 un sistem complex de cazuri substantivale, const\u00e2nd din trei cazuri: nominativ, acuzativ \u0219i dativ. De\u0219i mai pu\u021bin descurajant\u0103 dec\u00e2t limbile cu mai multe cazuri, st\u0103p\u00e2nirea acestor nuan\u021be este esen\u021bial\u0103 pentru ob\u021binerea fluen\u021bei. Aceste cazuri atribuie roluri diferite substantivelor, pronumelor \u0219i adjectivelor \u00eentr-o propozi\u021bie. Iat\u0103 o scurt\u0103 prezentare general\u0103:<\/p>\n\n\n\n<p><strong>&#8211; Nominativ: Subiectul propozi\u021biei<\/strong><\/p>\n\n\n\n<p><strong>&#8211; Acuzativ: Obiectul direct sau scopul unei ac\u021biuni<\/strong><\/p>\n\n\n\n<p><strong>&#8211; Dativ: Obiectul indirect sau care arat\u0103 direc\u021bia unei ac\u021biuni.<\/strong><\/p>\n\n\n\n<p>Pentru a \u00een\u021belege aceste cazuri, practica este cheia. Cu timpul \u0219i expunerea la limb\u0103, aceste distinc\u021bii vor deveni a doua natur\u0103.<\/p>\n\n\n\n<h3 class=\"wp-block-heading\" id=\"h-2-amiable-adjectives-agreement-is-everything\">2. Adjective amiabile: acordul este totul<\/h3>\n\n\n\n<p>Adjectivele din gramatica macedonean\u0103 sunt conformiste simpatice. Ei sunt de acord cu genul, num\u0103rul \u0219i cazul substantivelor <a href=\"https:\/\/talkpal.ai\/culture\/how-do-i-use-pe-care-correctly\/\">pe care<\/a> le descriu. Acest lucru \u00eenseamn\u0103 c\u0103 va trebui s\u0103 ajusta\u021bi forma fiec\u0103rui adjectiv pentru a se alinia la caracteristicile substantivului.<\/p>\n\n\n\n<p>Pentru a face acest proces mai u\u0219or, concentra\u021bi-v\u0103 pe \u00eenv\u0103\u021barea formelor adjectivale de baz\u0103 &#8211; masculin, feminin \u0219i neutru. Cu o practic\u0103 regulat\u0103, procesul de acord adjectival va deveni \u00een cur\u00e2nd intuitiv.<\/p>\n\n\n\n<h3 class=\"wp-block-heading\" id=\"h-3-vigorous-verbs-conjugation-and-aspect-mastery\">3. Verbe viguroase: conjugarea \u0219i st\u0103p\u00e2nirea aspectului<\/h3>\n\n\n\n<p>Ca \u0219i \u00een alte limbi slave, verbele macedonene experimenteaz\u0103 varia\u021bii substan\u021biale. Conjugarea depinde de timp, stare, persoan\u0103, num\u0103r \u0219i, cel mai important, aspect.<\/p>\n\n\n\n<p>Verbele macedonene au dou\u0103 aspecte: perfectiv \u0219i imperfectiv. Verbele perfective exprim\u0103 o ac\u021biune complet\u0103, \u00een timp ce cele imperfective transmit o ac\u021biune continu\u0103 sau repetitiv\u0103. \u00cen\u021belegerea acestui concept este crucial\u0103 \u00een rafinarea expertizei gramaticale.<\/p>\n\n\n\n<h3 class=\"wp-block-heading\" id=\"h-4-pitch-perfect-particles-mastering-stress-and-intonation\">4. Particule perfecte: st\u0103p\u00e2nirea stresului \u0219i a intona\u021biei<\/h3>\n\n\n\n<p>O provocare macedonean\u0103 unic\u0103 pentru cursan\u021bii de <a href=\"https:\/\/talkpal.ai\/ro\/tutor-de-limbi-straine\/\">limbi str\u0103ine<\/a> este st\u0103p\u00e2nirea sistemului distinctiv de accent care atribuie stres \u0219i intona\u021bie silabelor. Acest sistem poate avea un impact direct asupra sensului \u0219i \u00een\u021belegerii.<\/p>\n\n\n\n<p>Pentru a ob\u021bine acurate\u021be \u00een pronun\u021bie \u0219i claritate \u00een comunicare, acorda\u021bi o aten\u021bie deosebit\u0103 modelelor de intona\u021bie din discursul vorbitorilor nativi de macedonean\u0103. Ca \u00eencep\u0103tor, s-ar putea s\u0103 v\u0103 lupta\u021bi, dar aminti\u021bi-v\u0103 c\u0103 practica genereaz\u0103 \u00eencredere \u0219i m\u0103iestrie.<\/p>\n\n\n\n<h3 class=\"wp-block-heading\" id=\"h-5-embrace-the-intricacies-persevere-and-prosper\">5. \u00cembr\u0103\u021bi\u0219eaz\u0103 complexit\u0103\u021bile: persevereaz\u0103 \u0219i prosper\u0103<\/h3>\n\n\n\n<p>Gramatica macedonean\u0103, la prima vedere, poate p\u0103rea complex\u0103, dar re\u021bine\u021bi c\u0103 r\u0103bdarea, practica \u0219i perseveren\u021ba sunt secretele succesului. Implica\u021bi-v\u0103 cu limba prin citire, scriere, ascultare \u0219i vorbire. \u00cembr\u0103\u021bi\u0219eaz\u0103 provoc\u0103rile \u0219i recompenseaz\u0103-te cu satisfac\u021bia progresului.<\/p>\n\n\n\n<p>Deci, sunte\u021bi gata s\u0103 v\u0103 scufunda\u021bi \u00een t\u0103r\u00e2mul fascinant al gramaticii macedonene? \u00cembr\u0103\u021bi\u0219a\u021bi ciud\u0103\u021beniile \u0219i complexit\u0103\u021bile sale, savura\u021bi subtilit\u0103\u021bile \u0219i aminti\u021bi-v\u0103 c\u0103, cu d\u0103ruire \u0219i entuziasm, pute\u021bi debloca adev\u0103rata frumuse\u021be a limbii macedonene. \u0421\u043e \u0441\u0440\u0435\u045c\u0430! (Mult noroc!)<\/p>\n<\/div><\/div>\n\r\n<section class=\"learnNavigationSection\">\r\n            \r\n        <a href=\"https:\/\/talkpal.ai\/ro\/invata-macedoneana\/\">\r\n            <div class=\"learnNavigationWrapper\">\r\n                <div class=\"learnNavigationContent\">\r\n                    <img decoding=\"async\" src=\"https:\/\/talkpal.ai\/wp-content\/uploads\/2024\/08\/Macedonian.jpg\" alt=\"Macedonian Flag\">\r\n                    <div>\r\n                        <h4>Despre \u00eenv\u0103\u021barea macedonean\u0103<\/h4>\r\n                        <p>Afla\u021bi totul despre gramatica macedonean\u0103 .<\/p>\r\n                    <\/div>\r\n                <\/div>\r\n            <\/div>\r\n        <\/a>\r\n\r\n        \r\n        <a href=\"https:\/\/talkpal.ai\/ro\/exercitii-de-gramatica-macedoneana\/\">\r\n            <div class=\"learnNavigationWrapper\">\r\n                <div class=\"learnNavigationContent\">\r\n                    <img decoding=\"async\" src=\"https:\/\/talkpal.ai\/wp-content\/uploads\/2024\/08\/Macedonian.jpg\" alt=\"Macedonian Flag\">\r\n                    <div>\r\n                        <h4>Exerci\u021biu de gramatic\u0103 macedonean\u0103<\/h4>\r\n                        <p>Exersa\u021bi gramatica macedonean\u0103.<\/p>\r\n                    <\/div>\r\n                <\/div>\r\n            <\/div>\r\n        <\/a>\r\n\r\n        \r\n        <a href=\"https:\/\/talkpal.ai\/vocabulary_language\/macedonian\/\">\r\n            <div class=\"learnNavigationWrapper\">\r\n                <div class=\"learnNavigationContent\">\r\n                    <img decoding=\"async\" src=\"https:\/\/talkpal.ai\/wp-content\/uploads\/2024\/08\/Macedonian.jpg\" alt=\"Macedonian Flag\">\r\n                    <div>\r\n                        <h4>Vocabular macedonean<\/h4>\r\n                        <p>Extinde\u021bi-v\u0103 vocabularul macedonean.<\/p>\r\n                    <\/div>\r\n                <\/div>\r\n            <\/div>\r\n        <\/a>\r\n\r\n            <\/section>","protected":false},"excerpt":{"rendered":"<p>Dezlegarea misterelor gramaticii macedonene Gramatica macedonean\u0103 &#8211; complicat\u0103, dar accesibil\u0103, fascinant\u0103, dar gra\u021bioas\u0103, complex\u0103, dar intrigant\u0103. Pe m\u0103sur\u0103 ce v\u0103 \u00eencepe\u021bi c\u0103l\u0103toria \u00een lumea limbii macedonene, s-ar putea s\u0103 sim\u021bi\u021bi un amestec de emo\u021bie \u0219i intimidare atunci c\u00e2nd vine vorba de descifrarea enigmelor sale gramaticale. Nu te teme, pasionat de limb\u0103! Suntem aici pentru a [&hellip;]<\/p>\n","protected":false},"author":1,"featured_media":115441,"parent":0,"menu_order":0,"comment_status":"closed","ping_status":"closed","template":"LearningContentPage.php","meta":{"_acf_changed":false,"footnotes":""},"class_list":["post-146801","page","type-page","status-publish","has-post-thumbnail","hentry"],"acf":[],"yoast_head":"<!-- This site is optimized with the Yoast SEO Premium plugin v27.2 (Yoast SEO v27.2) - https:\/\/yoast.com\/product\/yoast-seo-premium-wordpress\/ -->\n<title>Gramatica macedonean\u0103 - Talkpal<\/title>\n<meta name=\"description\" content=\"\u00cenv\u0103\u021ba\u021bi gramatica macedonean\u0103 f\u0103r\u0103 efort cu Talkpal, tutorele t\u0103u lingvistic bazat pe inteligen\u021b\u0103 artificial\u0103. \u00cembun\u0103t\u0103\u021be\u0219te-\u021bi cuno\u0219tin\u021bele de gramatic\u0103 macedonean\u0103!\" \/>\n<meta name=\"robots\" content=\"index, follow, max-snippet:-1, max-image-preview:large, max-video-preview:-1\" \/>\n<link rel=\"canonical\" href=\"https:\/\/talkpal.ai\/ro\/gramatica-macedoneana\/\" \/>\n<meta property=\"og:locale\" content=\"ro_RO\" \/>\n<meta property=\"og:type\" content=\"article\" \/>\n<meta property=\"og:title\" content=\"Gramatica macedonean\u0103\" \/>\n<meta property=\"og:description\" content=\"Dezlegarea misterelor gramaticii macedonene Gramatica macedonean\u0103 - complicat\u0103, dar accesibil\u0103, fascinant\u0103, dar gra\u021bioas\u0103, complex\u0103, dar intrigant\u0103. Pe\" \/>\n<meta property=\"og:url\" content=\"https:\/\/talkpal.ai\/ro\/gramatica-macedoneana\/\" \/>\n<meta property=\"og:site_name\" content=\"Talkpal\" \/>\n<meta property=\"article:publisher\" content=\"https:\/\/www.facebook.com\/profile.php?id=100090733639311\" \/>\n<meta property=\"article:modified_time\" content=\"2025-12-17T16:35:35+00:00\" \/>\n<meta property=\"og:image\" content=\"https:\/\/talkpal.ai\/wp-content\/uploads\/2023\/05\/republic-of-macedonia.png\" \/>\n\t<meta property=\"og:image:width\" content=\"512\" \/>\n\t<meta property=\"og:image:height\" content=\"512\" \/>\n\t<meta property=\"og:image:type\" content=\"image\/png\" \/>\n<meta name=\"twitter:card\" content=\"summary_large_image\" \/>\n<meta name=\"twitter:site\" content=\"@talkpalai\" \/>\n<meta name=\"twitter:label1\" content=\"Timp estimat pentru citire\" \/>\n\t<meta name=\"twitter:data1\" content=\"3 minute\" \/>\n<script type=\"application\/ld+json\" class=\"yoast-schema-graph\">{\"@context\":\"https:\/\/schema.org\",\"@graph\":[{\"@type\":\"WebPage\",\"@id\":\"https:\/\/talkpal.ai\/ro\/gramatica-macedoneana\/\",\"url\":\"https:\/\/talkpal.ai\/ro\/gramatica-macedoneana\/\",\"name\":\"Gramatica macedonean\u0103 - Talkpal\",\"isPartOf\":{\"@id\":\"https:\/\/talkpal.ai\/ro\/#website\"},\"primaryImageOfPage\":{\"@id\":\"https:\/\/talkpal.ai\/ro\/gramatica-macedoneana\/#primaryimage\"},\"image\":{\"@id\":\"https:\/\/talkpal.ai\/ro\/gramatica-macedoneana\/#primaryimage\"},\"thumbnailUrl\":\"https:\/\/talkpal.ai\/wp-content\/uploads\/2023\/05\/republic-of-macedonia.png\",\"datePublished\":\"2023-05-14T14:11:28+00:00\",\"dateModified\":\"2025-12-17T16:35:35+00:00\",\"description\":\"\u00cenv\u0103\u021ba\u021bi gramatica macedonean\u0103 f\u0103r\u0103 efort cu Talkpal, tutorele t\u0103u lingvistic bazat pe inteligen\u021b\u0103 artificial\u0103. \u00cembun\u0103t\u0103\u021be\u0219te-\u021bi cuno\u0219tin\u021bele de gramatic\u0103 macedonean\u0103!\",\"breadcrumb\":{\"@id\":\"https:\/\/talkpal.ai\/ro\/gramatica-macedoneana\/#breadcrumb\"},\"inLanguage\":\"ro-RO\",\"potentialAction\":[{\"@type\":\"ReadAction\",\"target\":[\"https:\/\/talkpal.ai\/ro\/gramatica-macedoneana\/\"]}]},{\"@type\":\"ImageObject\",\"inLanguage\":\"ro-RO\",\"@id\":\"https:\/\/talkpal.ai\/ro\/gramatica-macedoneana\/#primaryimage\",\"url\":\"https:\/\/talkpal.ai\/wp-content\/uploads\/2023\/05\/republic-of-macedonia.png\",\"contentUrl\":\"https:\/\/talkpal.ai\/wp-content\/uploads\/2023\/05\/republic-of-macedonia.png\",\"width\":512,\"height\":512},{\"@type\":\"BreadcrumbList\",\"@id\":\"https:\/\/talkpal.ai\/ro\/gramatica-macedoneana\/#breadcrumb\",\"itemListElement\":[{\"@type\":\"ListItem\",\"position\":1,\"name\":\"Homepage\",\"item\":\"https:\/\/talkpal.ai\/ro\/\"},{\"@type\":\"ListItem\",\"position\":2,\"name\":\"Gramatica macedonean\u0103\"}]},{\"@type\":\"WebSite\",\"@id\":\"https:\/\/talkpal.ai\/ro\/#website\",\"url\":\"https:\/\/talkpal.ai\/ro\/\",\"name\":\"Talkpal\",\"description\":\"AI Language Learning\",\"publisher\":{\"@id\":\"https:\/\/talkpal.ai\/ro\/#organization\"},\"alternateName\":\"Talkpal AI\",\"potentialAction\":[{\"@type\":\"SearchAction\",\"target\":{\"@type\":\"EntryPoint\",\"urlTemplate\":\"https:\/\/talkpal.ai\/ro\/?s={search_term_string}\"},\"query-input\":{\"@type\":\"PropertyValueSpecification\",\"valueRequired\":true,\"valueName\":\"search_term_string\"}}],\"inLanguage\":\"ro-RO\"},{\"@type\":\"Organization\",\"@id\":\"https:\/\/talkpal.ai\/ro\/#organization\",\"name\":\"Talkpal, Inc.\",\"alternateName\":\"Talkpal AI\",\"url\":\"https:\/\/talkpal.ai\/ro\/\",\"logo\":{\"@type\":\"ImageObject\",\"inLanguage\":\"ro-RO\",\"@id\":\"https:\/\/talkpal.ai\/ro\/#\/schema\/logo\/image\/\",\"url\":\"https:\/\/talkpal.ai\/wp-content\/uploads\/2024\/03\/Talkpal-Logo-Icon.png\",\"contentUrl\":\"https:\/\/talkpal.ai\/wp-content\/uploads\/2024\/03\/Talkpal-Logo-Icon.png\",\"width\":2880,\"height\":2880,\"caption\":\"Talkpal, Inc.\"},\"image\":{\"@id\":\"https:\/\/talkpal.ai\/ro\/#\/schema\/logo\/image\/\"},\"sameAs\":[\"https:\/\/www.facebook.com\/profile.php?id=100090733639311\",\"https:\/\/x.com\/talkpalai\",\"https:\/\/www.linkedin.com\/company\/talkpal\/\",\"https:\/\/www.youtube.com\/@TalkPal\/\",\"https:\/\/www.tiktok.com\/@talkpal\",\"https:\/\/www.instagram.com\/talkpal_ai\/\",\"https:\/\/www.crunchbase.com\/organization\/talkpal-9cde\",\"https:\/\/www.g2.com\/products\/talkpal-for-business\/\",\"https:\/\/www.trustpilot.com\/review\/talkpal.ai\",\"https:\/\/www.capterra.com\/p\/10006800\/TalkPal\/\"],\"description\":\"Talkpal is a language learning web and mobile education app, powered by the latest AI technologies, that provides engaging experiences to its customers in many different languages to help them improve their language skills. Users can chat about unlimited amount of topics with the app and use other modes to practice their language learning.\",\"email\":\"support@talkpal.ai\",\"legalName\":\"Talkpal, Inc.\",\"foundingDate\":\"2023-04-03\",\"duns\":\"118989042\",\"numberOfEmployees\":{\"@type\":\"QuantitativeValue\",\"minValue\":\"11\",\"maxValue\":\"50\"},\"publishingPrinciples\":\"https:\/\/talkpal.ai\/publishing-principles\/\",\"actionableFeedbackPolicy\":\"https:\/\/talkpal.ai\/actionable-feedback-policy\/\",\"correctionsPolicy\":\"https:\/\/talkpal.ai\/corrections-policy\/\",\"ethicsPolicy\":\"https:\/\/talkpal.ai\/ethics-policy\/\",\"diversityPolicy\":\"https:\/\/talkpal.ai\/diversity-policy\/\",\"diversityStaffingReport\":\"https:\/\/talkpal.ai\/diversity-policy\/\"}]}<\/script>\n<!-- \/ Yoast SEO Premium plugin. -->","yoast_head_json":{"title":"Gramatica macedonean\u0103 - Talkpal","description":"\u00cenv\u0103\u021ba\u021bi gramatica macedonean\u0103 f\u0103r\u0103 efort cu Talkpal, tutorele t\u0103u lingvistic bazat pe inteligen\u021b\u0103 artificial\u0103. \u00cembun\u0103t\u0103\u021be\u0219te-\u021bi cuno\u0219tin\u021bele de gramatic\u0103 macedonean\u0103!","robots":{"index":"index","follow":"follow","max-snippet":"max-snippet:-1","max-image-preview":"max-image-preview:large","max-video-preview":"max-video-preview:-1"},"canonical":"https:\/\/talkpal.ai\/ro\/gramatica-macedoneana\/","og_locale":"ro_RO","og_type":"article","og_title":"Gramatica macedonean\u0103","og_description":"Dezlegarea misterelor gramaticii macedonene Gramatica macedonean\u0103 - complicat\u0103, dar accesibil\u0103, fascinant\u0103, dar gra\u021bioas\u0103, complex\u0103, dar intrigant\u0103. Pe","og_url":"https:\/\/talkpal.ai\/ro\/gramatica-macedoneana\/","og_site_name":"Talkpal","article_publisher":"https:\/\/www.facebook.com\/profile.php?id=100090733639311","article_modified_time":"2025-12-17T16:35:35+00:00","og_image":[{"width":512,"height":512,"url":"https:\/\/talkpal.ai\/wp-content\/uploads\/2023\/05\/republic-of-macedonia.png","type":"image\/png"}],"twitter_card":"summary_large_image","twitter_site":"@talkpalai","twitter_misc":{"Timp estimat pentru citire":"3 minute"},"schema":{"@context":"https:\/\/schema.org","@graph":[{"@type":"WebPage","@id":"https:\/\/talkpal.ai\/ro\/gramatica-macedoneana\/","url":"https:\/\/talkpal.ai\/ro\/gramatica-macedoneana\/","name":"Gramatica macedonean\u0103 - Talkpal","isPartOf":{"@id":"https:\/\/talkpal.ai\/ro\/#website"},"primaryImageOfPage":{"@id":"https:\/\/talkpal.ai\/ro\/gramatica-macedoneana\/#primaryimage"},"image":{"@id":"https:\/\/talkpal.ai\/ro\/gramatica-macedoneana\/#primaryimage"},"thumbnailUrl":"https:\/\/talkpal.ai\/wp-content\/uploads\/2023\/05\/republic-of-macedonia.png","datePublished":"2023-05-14T14:11:28+00:00","dateModified":"2025-12-17T16:35:35+00:00","description":"\u00cenv\u0103\u021ba\u021bi gramatica macedonean\u0103 f\u0103r\u0103 efort cu Talkpal, tutorele t\u0103u lingvistic bazat pe inteligen\u021b\u0103 artificial\u0103. \u00cembun\u0103t\u0103\u021be\u0219te-\u021bi cuno\u0219tin\u021bele de gramatic\u0103 macedonean\u0103!","breadcrumb":{"@id":"https:\/\/talkpal.ai\/ro\/gramatica-macedoneana\/#breadcrumb"},"inLanguage":"ro-RO","potentialAction":[{"@type":"ReadAction","target":["https:\/\/talkpal.ai\/ro\/gramatica-macedoneana\/"]}]},{"@type":"ImageObject","inLanguage":"ro-RO","@id":"https:\/\/talkpal.ai\/ro\/gramatica-macedoneana\/#primaryimage","url":"https:\/\/talkpal.ai\/wp-content\/uploads\/2023\/05\/republic-of-macedonia.png","contentUrl":"https:\/\/talkpal.ai\/wp-content\/uploads\/2023\/05\/republic-of-macedonia.png","width":512,"height":512},{"@type":"BreadcrumbList","@id":"https:\/\/talkpal.ai\/ro\/gramatica-macedoneana\/#breadcrumb","itemListElement":[{"@type":"ListItem","position":1,"name":"Homepage","item":"https:\/\/talkpal.ai\/ro\/"},{"@type":"ListItem","position":2,"name":"Gramatica macedonean\u0103"}]},{"@type":"WebSite","@id":"https:\/\/talkpal.ai\/ro\/#website","url":"https:\/\/talkpal.ai\/ro\/","name":"Talkpal","description":"AI Language Learning","publisher":{"@id":"https:\/\/talkpal.ai\/ro\/#organization"},"alternateName":"Talkpal AI","potentialAction":[{"@type":"SearchAction","target":{"@type":"EntryPoint","urlTemplate":"https:\/\/talkpal.ai\/ro\/?s={search_term_string}"},"query-input":{"@type":"PropertyValueSpecification","valueRequired":true,"valueName":"search_term_string"}}],"inLanguage":"ro-RO"},{"@type":"Organization","@id":"https:\/\/talkpal.ai\/ro\/#organization","name":"Talkpal, Inc.","alternateName":"Talkpal AI","url":"https:\/\/talkpal.ai\/ro\/","logo":{"@type":"ImageObject","inLanguage":"ro-RO","@id":"https:\/\/talkpal.ai\/ro\/#\/schema\/logo\/image\/","url":"https:\/\/talkpal.ai\/wp-content\/uploads\/2024\/03\/Talkpal-Logo-Icon.png","contentUrl":"https:\/\/talkpal.ai\/wp-content\/uploads\/2024\/03\/Talkpal-Logo-Icon.png","width":2880,"height":2880,"caption":"Talkpal, Inc."},"image":{"@id":"https:\/\/talkpal.ai\/ro\/#\/schema\/logo\/image\/"},"sameAs":["https:\/\/www.facebook.com\/profile.php?id=100090733639311","https:\/\/x.com\/talkpalai","https:\/\/www.linkedin.com\/company\/talkpal\/","https:\/\/www.youtube.com\/@TalkPal\/","https:\/\/www.tiktok.com\/@talkpal","https:\/\/www.instagram.com\/talkpal_ai\/","https:\/\/www.crunchbase.com\/organization\/talkpal-9cde","https:\/\/www.g2.com\/products\/talkpal-for-business\/","https:\/\/www.trustpilot.com\/review\/talkpal.ai","https:\/\/www.capterra.com\/p\/10006800\/TalkPal\/"],"description":"Talkpal is a language learning web and mobile education app, powered by the latest AI technologies, that provides engaging experiences to its customers in many different languages to help them improve their language skills. Users can chat about unlimited amount of topics with the app and use other modes to practice their language learning.","email":"support@talkpal.ai","legalName":"Talkpal, Inc.","foundingDate":"2023-04-03","duns":"118989042","numberOfEmployees":{"@type":"QuantitativeValue","minValue":"11","maxValue":"50"},"publishingPrinciples":"https:\/\/talkpal.ai\/publishing-principles\/","actionableFeedbackPolicy":"https:\/\/talkpal.ai\/actionable-feedback-policy\/","correctionsPolicy":"https:\/\/talkpal.ai\/corrections-policy\/","ethicsPolicy":"https:\/\/talkpal.ai\/ethics-policy\/","diversityPolicy":"https:\/\/talkpal.ai\/diversity-policy\/","diversityStaffingReport":"https:\/\/talkpal.ai\/diversity-policy\/"}]}},"_links":{"self":[{"href":"https:\/\/talkpal.ai\/ro\/wp-json\/wp\/v2\/pages\/146801","targetHints":{"allow":["GET"]}}],"collection":[{"href":"https:\/\/talkpal.ai\/ro\/wp-json\/wp\/v2\/pages"}],"about":[{"href":"https:\/\/talkpal.ai\/ro\/wp-json\/wp\/v2\/types\/page"}],"author":[{"embeddable":true,"href":"https:\/\/talkpal.ai\/ro\/wp-json\/wp\/v2\/users\/1"}],"replies":[{"embeddable":true,"href":"https:\/\/talkpal.ai\/ro\/wp-json\/wp\/v2\/comments?post=146801"}],"version-history":[{"count":0,"href":"https:\/\/talkpal.ai\/ro\/wp-json\/wp\/v2\/pages\/146801\/revisions"}],"wp:featuredmedia":[{"embeddable":true,"href":"https:\/\/talkpal.ai\/ro\/wp-json\/wp\/v2\/media\/115441"}],"wp:attachment":[{"href":"https:\/\/talkpal.ai\/ro\/wp-json\/wp\/v2\/media?parent=146801"}],"curies":[{"name":"wp","href":"https:\/\/api.w.org\/{rel}","templated":true}]}}