{"id":146562,"date":"2023-05-14T14:11:00","date_gmt":"2023-05-14T14:11:00","guid":{"rendered":"http:\/\/talkpal.ai\/gramatica-kazaha\/"},"modified":"2025-12-17T17:35:33","modified_gmt":"2025-12-17T17:35:33","slug":"gramatica-kazaha","status":"publish","type":"page","link":"https:\/\/talkpal.ai\/ro\/gramatica-kazaha\/","title":{"rendered":"Gramatica kazah\u0103"},"content":{"rendered":"\r\n\r\n\r\n<section class=\"languageChallengeSection\">\r\n    <div class=\"languageInfoWrapper\">\r\n        \r\n        <h1>Gramatica kazah\u0103<\/h1>\r\n        <p>\u00cenv\u0103\u021barea limbii kazahe deschide u\u0219a c\u0103tre o limb\u0103 bogat\u0103 \u00een istorie \u0219i cultur\u0103, iar \u00een centrul ei se afl\u0103 un sistem gramatical fascinant. De\u0219i <a href=\"https:\/\/talkpal.ai\/kazakh-grammar\/\">gramatica kazah\u0103<\/a> poate p\u0103rea complex\u0103 la \u00eenceput, \u00een\u021belegerea caracteristicilor <a href=\"https:\/\/talkpal.ai\/locations\/learn-english-in-sale\/\">sale<\/a> de baz\u0103 &#8211; cum ar fi armonia vocalelor, cazurile substantivelor \u0219i timpurile verbelor &#8211; face ca st\u0103p\u00e2nirea limbii s\u0103 fie at\u00e2t realizabil\u0103, c\u00e2t \u0219i satisf\u0103c\u0103toare. Scufunda\u021bi-v\u0103 \u0219i descoperi\u021bi ce face Kazahstanul unic!<\/p>\r\n\r\n                            <a class=\"getStartedHidden\" href=\"https:\/\/app.talkpal.ai\/ro\/signup?lng=\">\u00cencepe<\/a>\r\n        \r\n    <\/div>\r\n\r\n    <figure>\r\n    <img decoding=\"async\" width=\"768\" height=\"768\" src=\"https:\/\/talkpal.ai\/wp-content\/uploads\/2023\/06\/Khazak-768x768.png\" class=\"languageImage no-lazy\" alt=\"Language learning for increased negotiation skills\" fetchpriority=\"high\" sizes=\"(max-width: 768px) 150px, 768px\" srcset=\"https:\/\/talkpal.ai\/wp-content\/uploads\/2023\/06\/Khazak-768x768.png 768w, https:\/\/talkpal.ai\/wp-content\/uploads\/2023\/06\/Khazak-300x300.png 300w\" \/>\r\n    \r\n\r\n    <\/figure>\r\n\r\n            <a class=\"getStartedVisible\" href=\"https:\/\/app.talkpal.ai\/ro\/signup?lng=\">\u00cencepe<\/a>\r\n    \r\n<\/section>\r\n<section class=\"promotionalBanner\">\r\n    <p class=\"promotionalText\">Cel mai eficient mod de a \u00eenv\u0103\u021ba o limb\u0103<\/p>\r\n    <a class=\"promotionalLink\" href=\"https:\/\/app.talkpal.ai\/ro\/signup?lng=\">\u00cencerca\u021bi Talkpal gratuit<\/a>\r\n<\/section>\n<div class=\"wp-block-group pageContainerStyle\"><div class=\"wp-block-group__inner-container is-layout-constrained wp-block-group-is-layout-constrained\">\n<h2 class=\"wp-block-heading\" id=\"h-kazakh-grammar-unlocking-the-secrets-of-the-kazakh-language\">Gramatica kazah\u0103: deblocarea secretelor limbii kazahe<\/h2>\n\n\n\n<p>C\u00e2nd vine vorba de \u00eenv\u0103\u021barea limbii kazahe, \u00een\u021belegerea elementelor de baz\u0103 ale gramaticii kazahe este esen\u021bial\u0103 pentru deblocarea secretelor sale. De\u0219i poate p\u0103rea intimidant la \u00eenceput, sistemul gramatical are caracteristici unice care fac limba fascinant\u0103. Acest articol \u00eencearc\u0103 s\u0103 fac\u0103 lumin\u0103 asupra unor aspecte cheie ale gramaticii kazahe, oferind o introducere conversa\u021bional\u0103 \u0219i informal\u0103 \u00een structura bogat\u0103 a limbii.<\/p>\n\n\n\n<h3 class=\"wp-block-heading\" id=\"h-1-nouns-harmony-in-cases-and-declensions\">1. Substantivele \u2013 armonia \u00een cazuri \u0219i declin\u0103ri<\/h3>\n\n\n\n<p>Unul dintre primele lucruri care trebuie luate \u00een considerare \u00een <a href=\"https:\/\/talkpal.ai\/kazakh-grammar\/\">gramatica kazah\u0103<\/a> este structura substantivului. Limba folose\u0219te un sistem de armonie vocalic\u0103, \u00een care vocalele sunt fie fa\u021b\u0103, fie spate, \u0219i sunt preferate combina\u021bii armonioase. Acest sistem se leag\u0103 de substantivul plural, care se formeaz\u0103 prin diferite sufixe care se potrivesc cu grupul armonic al substantivului ini\u021bial.<\/p>\n\n\n\n<p>Substantivele kazahe respect\u0103 \u0219apte cazuri: nominativ, genitiv, dativ, acuzativ, locativ, ablativ \u0219i instrumental. De\u0219i descurajant\u0103 la \u00eenceput, st\u0103p\u00e2nirea acestor cazuri este crucial\u0103 \u00een formarea unor structuri precise ale propozi\u021biilor. Cazurile determin\u0103 rela\u021biile dintre cuvinte, permi\u021b\u00e2nd flexibilitate \u00een ordinea cuvintelor f\u0103r\u0103 a pierde sensul.<\/p>\n\n\n\n<h3 class=\"wp-block-heading\" id=\"h-2-adjectives-agreement-and-comparison\">2. Adjective \u2013 Acord \u0219i compara\u021bie<\/h3>\n\n\n\n<p>Adjectivele kazahe sunt folosite pentru a descrie \u0219i a oferi mai multe informa\u021bii despre substantive. Ei trebuie s\u0103 fie de acord cu substantivul <a href=\"https:\/\/talkpal.ai\/culture\/how-do-i-use-pe-care-correctly\/\">pe care<\/a> \u00eel modific\u0103 \u00een ceea ce prive\u0219te cazul \u0219i num\u0103rul. \u00cen plus, adjectivele pot fi comparate folosind grade comparative \u0219i superlative, ob\u021binute prin ad\u0103ugarea sufixelor corespunz\u0103toare, pentru a transmite diferite niveluri de accentuare.<\/p>\n\n\n\n<p>De exemplu, cuv\u00e2ntul pentru &#8222;frumos&#8221; \u00een limba <a href=\"https:\/\/talkpal.ai\/learn-kazakh\/\">kazah\u0103<\/a> este &#8222;\u0441\u044b\u04a3\u0448\u044b&#8221;. C\u00e2nd se descrie o gr\u0103din\u0103 frumoas\u0103 (\u0431\u0430\u049b), fraza ar fi &#8222;\u0441\u044b\u04a3\u0448\u044b \u0431\u0430\u049b.&#8221; Pentru a spune &#8222;mai frumos&#8221;, a\u021bi folosi &#8222;\u0441\u044b\u04a3\u0448\u044b\u0440\u0430\u049b&#8221;, \u00een timp ce &#8222;cel mai frumos&#8221; s-ar forma folosind &#8222;\u0441\u044b\u04a3\u0448\u044b&#8221;. Pentru a spune &#8222;cea mai frumoas\u0103 gr\u0103din\u0103&#8221;, a\u021bi folosi &#8222;\u0441\u044b\u04a3\u0448\u044b \u0431\u0430\u049b&#8221;.<\/p>\n\n\n\n<h3 class=\"wp-block-heading\" id=\"h-3-verbs-tense-mood-and-aspect\">3. Verbe \u2013 Timp, dispozi\u021bie \u0219i aspect<\/h3>\n\n\n\n<p>Verbele \u00een kazah\u0103 descriu timpul, starea de spirit \u0219i aspectul. Limba con\u021bine trei timpuri principale: trecut, prezent \u0219i viitor. Fiecare timp are forme distincte bazate pe pronumele subiectului, starea de spirit (cum ar fi imperativ\u0103 sau condi\u021bionat\u0103) \u0219i aspectul (dac\u0103 ac\u021biunea este perfectiv\u0103, reflect\u00e2nd o ac\u021biune finalizat\u0103, sau imperfectiv\u0103, indic\u00e2nd o ac\u021biune continu\u0103 sau obi\u0219nuit\u0103).<\/p>\n\n\n\n<h3 class=\"wp-block-heading\" id=\"h-4-pronouns-personal-and-demonstrative\">4. Pronume \u2013 Personal \u0219i demonstrativ<\/h3>\n\n\n\n<p>Pronumele din gramatica kazah\u0103 includ variet\u0103\u021bi personale, posesive, demonstrative, interogative \u0219i relative. Ei trebuie s\u0103 fie de acord \u00een caz \u0219i num\u0103r cu substantivul la care se refer\u0103 sau \u00eenlocuiesc. Pronumele demonstrative, de exemplu, au trei forme: proximal (\u0431\u04b1\u043b), medial (\u043e\u0441\u044b) \u0219i distal (\u0430\u043d\u0430\u0443), \u00een func\u021bie de distan\u021ba fa\u021b\u0103 de vorbitor.<\/p>\n\n\n\n<h3 class=\"wp-block-heading\" id=\"h-5-embracing-the-uniqueness-of-kazakh-grammar\">5. \u00cembr\u0103\u021bi\u0219\u00e2nd unicitatea gramaticii kazahe<\/h3>\n\n\n\n<p>Pe m\u0103sur\u0103 ce v\u0103 \u00eembarca\u021bi \u00een c\u0103l\u0103toria dumneavoastr\u0103 \u00een limba kazah\u0103, nu uita\u021bi c\u0103 nu este vorba de a st\u0103p\u00e2ni toate nuan\u021bele dintr-o dat\u0103. Bucura\u021bi-v\u0103 s\u0103 descoperi\u021bi sistemul gramatical unic care diferen\u021biaz\u0103 kazahul \u0219i v\u0103 face\u021bi timp s\u0103-l \u00een\u021belege\u021bi f\u0103r\u0103 s\u0103 v\u0103 sim\u021bi\u021bi cople\u0219i\u021bi.<\/p>\n\n\n\n<p>Apreciind \u0219i explor\u00e2nd particularit\u0103\u021bile gramaticii kazahe, pute\u021bi descoperi cu adev\u0103rat frumuse\u021bea limbii, ob\u021bin\u00e2nd un acces mai mare la bogatul patrimoniu cultural pe care \u00eel \u00eentruchipeaz\u0103. \u0421\u04d9\u0442\u0442\u0456 \u043e\u049b\u0443 \u2013 \u00cenv\u0103\u021bare fericit\u0103!<\/p>\n<\/div><\/div>\n\r\n<section class=\"learnNavigationSection\">\r\n            \r\n        <a href=\"https:\/\/talkpal.ai\/ro\/invata-kazaha\/\">\r\n            <div class=\"learnNavigationWrapper\">\r\n                <div class=\"learnNavigationContent\">\r\n                    <img decoding=\"async\" src=\"https:\/\/talkpal.ai\/wp-content\/uploads\/2024\/08\/Kazakh.jpg\" alt=\"Kazakh Flag\">\r\n                    <div>\r\n                        <h4>Despre \u00eenv\u0103\u021barea kazah\u0103<\/h4>\r\n                        <p>Afla\u021bi totul despre gramatica kazah\u0103 .<\/p>\r\n                    <\/div>\r\n                <\/div>\r\n            <\/div>\r\n        <\/a>\r\n\r\n        \r\n        <a href=\"https:\/\/talkpal.ai\/ro\/exercitii-de-gramatica-kazaha\/\">\r\n            <div class=\"learnNavigationWrapper\">\r\n                <div class=\"learnNavigationContent\">\r\n                    <img decoding=\"async\" src=\"https:\/\/talkpal.ai\/wp-content\/uploads\/2024\/08\/Kazakh.jpg\" alt=\"Kazakh Flag\">\r\n                    <div>\r\n                        <h4>Exerci\u021biu de gramatic\u0103 kazah\u0103<\/h4>\r\n                        <p>Exersa\u021bi gramatica kazah\u0103.<\/p>\r\n                    <\/div>\r\n                <\/div>\r\n            <\/div>\r\n        <\/a>\r\n\r\n        \r\n        <a href=\"https:\/\/talkpal.ai\/vocabulary_language\/kazakh\/\">\r\n            <div class=\"learnNavigationWrapper\">\r\n                <div class=\"learnNavigationContent\">\r\n                    <img decoding=\"async\" src=\"https:\/\/talkpal.ai\/wp-content\/uploads\/2024\/08\/Kazakh.jpg\" alt=\"Kazakh Flag\">\r\n                    <div>\r\n                        <h4>Vocabular kazah<\/h4>\r\n                        <p>Extinde\u021bi-v\u0103 vocabularul kazah.<\/p>\r\n                    <\/div>\r\n                <\/div>\r\n            <\/div>\r\n        <\/a>\r\n\r\n            <\/section>","protected":false},"excerpt":{"rendered":"<p>Gramatica kazah\u0103: deblocarea secretelor limbii kazahe C\u00e2nd vine vorba de \u00eenv\u0103\u021barea limbii kazahe, \u00een\u021belegerea elementelor de baz\u0103 ale gramaticii kazahe este esen\u021bial\u0103 pentru deblocarea secretelor sale. De\u0219i poate p\u0103rea intimidant la \u00eenceput, sistemul gramatical are caracteristici unice care fac limba fascinant\u0103. Acest articol \u00eencearc\u0103 s\u0103 fac\u0103 lumin\u0103 asupra unor aspecte cheie ale gramaticii kazahe, oferind [&hellip;]<\/p>\n","protected":false},"author":1,"featured_media":114145,"parent":0,"menu_order":0,"comment_status":"closed","ping_status":"closed","template":"LearningContentPage.php","meta":{"_acf_changed":false,"footnotes":""},"class_list":["post-146562","page","type-page","status-publish","has-post-thumbnail","hentry"],"acf":[],"yoast_head":"<!-- This site is optimized with the Yoast SEO Premium plugin v27.2 (Yoast SEO v27.2) - https:\/\/yoast.com\/product\/yoast-seo-premium-wordpress\/ -->\n<title>Gramatica kazah\u0103 - Talkpal<\/title>\n<meta name=\"description\" content=\"St\u0103p\u00e2ni\u021bi gramatica kazah\u0103 f\u0103r\u0103 efort - \u00eenv\u0103\u021ba\u021bi regulile esen\u021biale, exersa\u021bi structura propozi\u021biilor \u0219i \u00eembun\u0103t\u0103\u021bi\u021bi-v\u0103 rapid fluen\u021ba\" \/>\n<meta name=\"robots\" content=\"index, follow, max-snippet:-1, max-image-preview:large, max-video-preview:-1\" \/>\n<link rel=\"canonical\" href=\"https:\/\/talkpal.ai\/ro\/gramatica-kazaha\/\" \/>\n<meta property=\"og:locale\" content=\"ro_RO\" \/>\n<meta property=\"og:type\" content=\"article\" \/>\n<meta property=\"og:title\" content=\"Gramatica kazah\u0103\" \/>\n<meta property=\"og:description\" content=\"Gramatica kazah\u0103: deblocarea secretelor limbii kazahe C\u00e2nd vine vorba de \u00eenv\u0103\u021barea limbii kazahe, \u00een\u021belegerea elementelor de baz\u0103 ale gramaticii kazahe\" \/>\n<meta property=\"og:url\" content=\"https:\/\/talkpal.ai\/ro\/gramatica-kazaha\/\" \/>\n<meta property=\"og:site_name\" content=\"Talkpal\" \/>\n<meta property=\"article:publisher\" content=\"https:\/\/www.facebook.com\/profile.php?id=100090733639311\" \/>\n<meta property=\"article:modified_time\" content=\"2025-12-17T17:35:33+00:00\" \/>\n<meta property=\"og:image\" content=\"https:\/\/talkpal.ai\/wp-content\/uploads\/2023\/05\/kazakhstan.png\" \/>\n\t<meta property=\"og:image:width\" content=\"512\" \/>\n\t<meta property=\"og:image:height\" content=\"512\" \/>\n\t<meta property=\"og:image:type\" content=\"image\/png\" \/>\n<meta name=\"twitter:card\" content=\"summary_large_image\" \/>\n<meta name=\"twitter:site\" content=\"@talkpalai\" \/>\n<meta name=\"twitter:label1\" content=\"Timp estimat pentru citire\" \/>\n\t<meta name=\"twitter:data1\" content=\"3 minute\" \/>\n<script type=\"application\/ld+json\" class=\"yoast-schema-graph\">{\"@context\":\"https:\/\/schema.org\",\"@graph\":[{\"@type\":\"WebPage\",\"@id\":\"https:\/\/talkpal.ai\/ro\/gramatica-kazaha\/\",\"url\":\"https:\/\/talkpal.ai\/ro\/gramatica-kazaha\/\",\"name\":\"Gramatica kazah\u0103 - Talkpal\",\"isPartOf\":{\"@id\":\"https:\/\/talkpal.ai\/ro\/#website\"},\"primaryImageOfPage\":{\"@id\":\"https:\/\/talkpal.ai\/ro\/gramatica-kazaha\/#primaryimage\"},\"image\":{\"@id\":\"https:\/\/talkpal.ai\/ro\/gramatica-kazaha\/#primaryimage\"},\"thumbnailUrl\":\"https:\/\/talkpal.ai\/wp-content\/uploads\/2023\/05\/kazakhstan.png\",\"datePublished\":\"2023-05-14T14:11:00+00:00\",\"dateModified\":\"2025-12-17T17:35:33+00:00\",\"description\":\"St\u0103p\u00e2ni\u021bi gramatica kazah\u0103 f\u0103r\u0103 efort - \u00eenv\u0103\u021ba\u021bi regulile esen\u021biale, exersa\u021bi structura propozi\u021biilor \u0219i \u00eembun\u0103t\u0103\u021bi\u021bi-v\u0103 rapid fluen\u021ba\",\"breadcrumb\":{\"@id\":\"https:\/\/talkpal.ai\/ro\/gramatica-kazaha\/#breadcrumb\"},\"inLanguage\":\"ro-RO\",\"potentialAction\":[{\"@type\":\"ReadAction\",\"target\":[\"https:\/\/talkpal.ai\/ro\/gramatica-kazaha\/\"]}]},{\"@type\":\"ImageObject\",\"inLanguage\":\"ro-RO\",\"@id\":\"https:\/\/talkpal.ai\/ro\/gramatica-kazaha\/#primaryimage\",\"url\":\"https:\/\/talkpal.ai\/wp-content\/uploads\/2023\/05\/kazakhstan.png\",\"contentUrl\":\"https:\/\/talkpal.ai\/wp-content\/uploads\/2023\/05\/kazakhstan.png\",\"width\":512,\"height\":512},{\"@type\":\"BreadcrumbList\",\"@id\":\"https:\/\/talkpal.ai\/ro\/gramatica-kazaha\/#breadcrumb\",\"itemListElement\":[{\"@type\":\"ListItem\",\"position\":1,\"name\":\"Homepage\",\"item\":\"https:\/\/talkpal.ai\/ro\/\"},{\"@type\":\"ListItem\",\"position\":2,\"name\":\"Gramatica kazah\u0103\"}]},{\"@type\":\"WebSite\",\"@id\":\"https:\/\/talkpal.ai\/ro\/#website\",\"url\":\"https:\/\/talkpal.ai\/ro\/\",\"name\":\"Talkpal\",\"description\":\"AI Language Learning\",\"publisher\":{\"@id\":\"https:\/\/talkpal.ai\/ro\/#organization\"},\"alternateName\":\"Talkpal AI\",\"potentialAction\":[{\"@type\":\"SearchAction\",\"target\":{\"@type\":\"EntryPoint\",\"urlTemplate\":\"https:\/\/talkpal.ai\/ro\/?s={search_term_string}\"},\"query-input\":{\"@type\":\"PropertyValueSpecification\",\"valueRequired\":true,\"valueName\":\"search_term_string\"}}],\"inLanguage\":\"ro-RO\"},{\"@type\":\"Organization\",\"@id\":\"https:\/\/talkpal.ai\/ro\/#organization\",\"name\":\"Talkpal, Inc.\",\"alternateName\":\"Talkpal AI\",\"url\":\"https:\/\/talkpal.ai\/ro\/\",\"logo\":{\"@type\":\"ImageObject\",\"inLanguage\":\"ro-RO\",\"@id\":\"https:\/\/talkpal.ai\/ro\/#\/schema\/logo\/image\/\",\"url\":\"https:\/\/talkpal.ai\/wp-content\/uploads\/2024\/03\/Talkpal-Logo-Icon.png\",\"contentUrl\":\"https:\/\/talkpal.ai\/wp-content\/uploads\/2024\/03\/Talkpal-Logo-Icon.png\",\"width\":2880,\"height\":2880,\"caption\":\"Talkpal, Inc.\"},\"image\":{\"@id\":\"https:\/\/talkpal.ai\/ro\/#\/schema\/logo\/image\/\"},\"sameAs\":[\"https:\/\/www.facebook.com\/profile.php?id=100090733639311\",\"https:\/\/x.com\/talkpalai\",\"https:\/\/www.linkedin.com\/company\/talkpal\/\",\"https:\/\/www.youtube.com\/@TalkPal\/\",\"https:\/\/www.tiktok.com\/@talkpal\",\"https:\/\/www.instagram.com\/talkpal_ai\/\",\"https:\/\/www.crunchbase.com\/organization\/talkpal-9cde\",\"https:\/\/www.g2.com\/products\/talkpal-for-business\/\",\"https:\/\/www.trustpilot.com\/review\/talkpal.ai\",\"https:\/\/www.capterra.com\/p\/10006800\/TalkPal\/\"],\"description\":\"Talkpal is a language learning web and mobile education app, powered by the latest AI technologies, that provides engaging experiences to its customers in many different languages to help them improve their language skills. Users can chat about unlimited amount of topics with the app and use other modes to practice their language learning.\",\"email\":\"support@talkpal.ai\",\"legalName\":\"Talkpal, Inc.\",\"foundingDate\":\"2023-04-03\",\"duns\":\"118989042\",\"numberOfEmployees\":{\"@type\":\"QuantitativeValue\",\"minValue\":\"11\",\"maxValue\":\"50\"},\"publishingPrinciples\":\"https:\/\/talkpal.ai\/publishing-principles\/\",\"actionableFeedbackPolicy\":\"https:\/\/talkpal.ai\/actionable-feedback-policy\/\",\"correctionsPolicy\":\"https:\/\/talkpal.ai\/corrections-policy\/\",\"ethicsPolicy\":\"https:\/\/talkpal.ai\/ethics-policy\/\",\"diversityPolicy\":\"https:\/\/talkpal.ai\/diversity-policy\/\",\"diversityStaffingReport\":\"https:\/\/talkpal.ai\/diversity-policy\/\"}]}<\/script>\n<!-- \/ Yoast SEO Premium plugin. -->","yoast_head_json":{"title":"Gramatica kazah\u0103 - Talkpal","description":"St\u0103p\u00e2ni\u021bi gramatica kazah\u0103 f\u0103r\u0103 efort - \u00eenv\u0103\u021ba\u021bi regulile esen\u021biale, exersa\u021bi structura propozi\u021biilor \u0219i \u00eembun\u0103t\u0103\u021bi\u021bi-v\u0103 rapid fluen\u021ba","robots":{"index":"index","follow":"follow","max-snippet":"max-snippet:-1","max-image-preview":"max-image-preview:large","max-video-preview":"max-video-preview:-1"},"canonical":"https:\/\/talkpal.ai\/ro\/gramatica-kazaha\/","og_locale":"ro_RO","og_type":"article","og_title":"Gramatica kazah\u0103","og_description":"Gramatica kazah\u0103: deblocarea secretelor limbii kazahe C\u00e2nd vine vorba de \u00eenv\u0103\u021barea limbii kazahe, \u00een\u021belegerea elementelor de baz\u0103 ale gramaticii kazahe","og_url":"https:\/\/talkpal.ai\/ro\/gramatica-kazaha\/","og_site_name":"Talkpal","article_publisher":"https:\/\/www.facebook.com\/profile.php?id=100090733639311","article_modified_time":"2025-12-17T17:35:33+00:00","og_image":[{"width":512,"height":512,"url":"https:\/\/talkpal.ai\/wp-content\/uploads\/2023\/05\/kazakhstan.png","type":"image\/png"}],"twitter_card":"summary_large_image","twitter_site":"@talkpalai","twitter_misc":{"Timp estimat pentru citire":"3 minute"},"schema":{"@context":"https:\/\/schema.org","@graph":[{"@type":"WebPage","@id":"https:\/\/talkpal.ai\/ro\/gramatica-kazaha\/","url":"https:\/\/talkpal.ai\/ro\/gramatica-kazaha\/","name":"Gramatica kazah\u0103 - Talkpal","isPartOf":{"@id":"https:\/\/talkpal.ai\/ro\/#website"},"primaryImageOfPage":{"@id":"https:\/\/talkpal.ai\/ro\/gramatica-kazaha\/#primaryimage"},"image":{"@id":"https:\/\/talkpal.ai\/ro\/gramatica-kazaha\/#primaryimage"},"thumbnailUrl":"https:\/\/talkpal.ai\/wp-content\/uploads\/2023\/05\/kazakhstan.png","datePublished":"2023-05-14T14:11:00+00:00","dateModified":"2025-12-17T17:35:33+00:00","description":"St\u0103p\u00e2ni\u021bi gramatica kazah\u0103 f\u0103r\u0103 efort - \u00eenv\u0103\u021ba\u021bi regulile esen\u021biale, exersa\u021bi structura propozi\u021biilor \u0219i \u00eembun\u0103t\u0103\u021bi\u021bi-v\u0103 rapid fluen\u021ba","breadcrumb":{"@id":"https:\/\/talkpal.ai\/ro\/gramatica-kazaha\/#breadcrumb"},"inLanguage":"ro-RO","potentialAction":[{"@type":"ReadAction","target":["https:\/\/talkpal.ai\/ro\/gramatica-kazaha\/"]}]},{"@type":"ImageObject","inLanguage":"ro-RO","@id":"https:\/\/talkpal.ai\/ro\/gramatica-kazaha\/#primaryimage","url":"https:\/\/talkpal.ai\/wp-content\/uploads\/2023\/05\/kazakhstan.png","contentUrl":"https:\/\/talkpal.ai\/wp-content\/uploads\/2023\/05\/kazakhstan.png","width":512,"height":512},{"@type":"BreadcrumbList","@id":"https:\/\/talkpal.ai\/ro\/gramatica-kazaha\/#breadcrumb","itemListElement":[{"@type":"ListItem","position":1,"name":"Homepage","item":"https:\/\/talkpal.ai\/ro\/"},{"@type":"ListItem","position":2,"name":"Gramatica kazah\u0103"}]},{"@type":"WebSite","@id":"https:\/\/talkpal.ai\/ro\/#website","url":"https:\/\/talkpal.ai\/ro\/","name":"Talkpal","description":"AI Language Learning","publisher":{"@id":"https:\/\/talkpal.ai\/ro\/#organization"},"alternateName":"Talkpal AI","potentialAction":[{"@type":"SearchAction","target":{"@type":"EntryPoint","urlTemplate":"https:\/\/talkpal.ai\/ro\/?s={search_term_string}"},"query-input":{"@type":"PropertyValueSpecification","valueRequired":true,"valueName":"search_term_string"}}],"inLanguage":"ro-RO"},{"@type":"Organization","@id":"https:\/\/talkpal.ai\/ro\/#organization","name":"Talkpal, Inc.","alternateName":"Talkpal AI","url":"https:\/\/talkpal.ai\/ro\/","logo":{"@type":"ImageObject","inLanguage":"ro-RO","@id":"https:\/\/talkpal.ai\/ro\/#\/schema\/logo\/image\/","url":"https:\/\/talkpal.ai\/wp-content\/uploads\/2024\/03\/Talkpal-Logo-Icon.png","contentUrl":"https:\/\/talkpal.ai\/wp-content\/uploads\/2024\/03\/Talkpal-Logo-Icon.png","width":2880,"height":2880,"caption":"Talkpal, Inc."},"image":{"@id":"https:\/\/talkpal.ai\/ro\/#\/schema\/logo\/image\/"},"sameAs":["https:\/\/www.facebook.com\/profile.php?id=100090733639311","https:\/\/x.com\/talkpalai","https:\/\/www.linkedin.com\/company\/talkpal\/","https:\/\/www.youtube.com\/@TalkPal\/","https:\/\/www.tiktok.com\/@talkpal","https:\/\/www.instagram.com\/talkpal_ai\/","https:\/\/www.crunchbase.com\/organization\/talkpal-9cde","https:\/\/www.g2.com\/products\/talkpal-for-business\/","https:\/\/www.trustpilot.com\/review\/talkpal.ai","https:\/\/www.capterra.com\/p\/10006800\/TalkPal\/"],"description":"Talkpal is a language learning web and mobile education app, powered by the latest AI technologies, that provides engaging experiences to its customers in many different languages to help them improve their language skills. Users can chat about unlimited amount of topics with the app and use other modes to practice their language learning.","email":"support@talkpal.ai","legalName":"Talkpal, Inc.","foundingDate":"2023-04-03","duns":"118989042","numberOfEmployees":{"@type":"QuantitativeValue","minValue":"11","maxValue":"50"},"publishingPrinciples":"https:\/\/talkpal.ai\/publishing-principles\/","actionableFeedbackPolicy":"https:\/\/talkpal.ai\/actionable-feedback-policy\/","correctionsPolicy":"https:\/\/talkpal.ai\/corrections-policy\/","ethicsPolicy":"https:\/\/talkpal.ai\/ethics-policy\/","diversityPolicy":"https:\/\/talkpal.ai\/diversity-policy\/","diversityStaffingReport":"https:\/\/talkpal.ai\/diversity-policy\/"}]}},"_links":{"self":[{"href":"https:\/\/talkpal.ai\/ro\/wp-json\/wp\/v2\/pages\/146562","targetHints":{"allow":["GET"]}}],"collection":[{"href":"https:\/\/talkpal.ai\/ro\/wp-json\/wp\/v2\/pages"}],"about":[{"href":"https:\/\/talkpal.ai\/ro\/wp-json\/wp\/v2\/types\/page"}],"author":[{"embeddable":true,"href":"https:\/\/talkpal.ai\/ro\/wp-json\/wp\/v2\/users\/1"}],"replies":[{"embeddable":true,"href":"https:\/\/talkpal.ai\/ro\/wp-json\/wp\/v2\/comments?post=146562"}],"version-history":[{"count":0,"href":"https:\/\/talkpal.ai\/ro\/wp-json\/wp\/v2\/pages\/146562\/revisions"}],"wp:featuredmedia":[{"embeddable":true,"href":"https:\/\/talkpal.ai\/ro\/wp-json\/wp\/v2\/media\/114145"}],"wp:attachment":[{"href":"https:\/\/talkpal.ai\/ro\/wp-json\/wp\/v2\/media?parent=146562"}],"curies":[{"name":"wp","href":"https:\/\/api.w.org\/{rel}","templated":true}]}}