{"id":1462058,"date":"2025-10-22T12:21:47","date_gmt":"2025-10-22T12:21:47","guid":{"rendered":"https:\/\/talkpal.ai\/reducere-talkpal-pentru-studenti\/"},"modified":"2026-01-22T14:59:28","modified_gmt":"2026-01-22T14:59:28","slug":"reducere-talkpal-pentru-studenti","status":"publish","type":"page","link":"https:\/\/talkpal.ai\/ro\/reducere-talkpal-pentru-studenti\/","title":{"rendered":"Reducere Talkpal pentru studen\u021bi"},"content":{"rendered":"<section class=\"languageChallengeSection\">\r\n    <div class=\"languageInfoWrapper\">\r\n        \r\n        <h1>Reducere Talkpal pentru studen\u021bi<\/h1>\r\n        <p>E\u0219ti un student care dore\u0219te s\u0103-\u021bi \u00eembun\u0103t\u0103\u021beasc\u0103 abilit\u0103\u021bile lingvistice? Talkpal ofer\u0103 o reducere exclusiv\u0103 de 79% pentru studen\u021bi, pentru a te ajuta s\u0103 \u00eenve\u021bi mai rapid \u0219i mai inteligent. Accesa\u021bi toate func\u021biile premium, exersa\u021bi conversa\u021bii reale cu AI \u0219i ob\u021bine\u021bi fluen\u021b\u0103 la jum\u0103tate de pre\u021b.<\/p>\r\n\r\n                    <a class=\"getStartedHidden\" href=\"https:\/\/app.talkpal.ai\/signup?discount=50\">\r\n                Ob\u021bine\u021bi reducere            <\/a>\r\n            <\/div>\r\n\r\n            <figure>\r\n            <img decoding=\"async\" class=\"no-lazy\" src=\"https:\/\/talkpal.ai\/wp-content\/uploads\/2026\/01\/group-with-phone-in-circle.webp\" alt=\"\" fetchpriority=\"high\" \/>\r\n        <\/figure>\r\n        \r\n                    <a class=\"getStartedVisible\" href=\"https:\/\/app.talkpal.ai\/signup?discount=50\">\r\n                Ob\u021bine\u021bi reducere            <\/a>\r\n        <\/section><section class=\"featureSection\">\r\n    <div class=\"featureIntroduce\">\r\n        <a class=\"introduceLink\" href=\"https:\/\/app.talkpal.ai\/ro\/signup?lng=\">\r\n            <img decoding=\"async\" src=\"https:\/\/talkpal.ai\/wp-content\/themes\/talkpal\/assets\/img\/Sparkle.svg\" alt=\"\" \/>Cel mai avansat\n  AI<\/a>\r\n        <h3 class=\"featureTitle\">Diferen\u021ba talkpal<\/h3>\r\n    <\/div>\r\n            <div class=\"introduceWrapper\">\r\n                            <a class=\"introducCard\" href=\"https:\/\/app.talkpal.ai\/ro\/signup?lng=\">\r\n\r\n                    \r\n                                                <img decoding=\"async\" src=\"https:\/\/talkpal.ai\/wp-content\/uploads\/2025\/05\/Immersive_conversations.png\" alt=\"Immersive Conversation Screenshot\" \/>\r\n                        <h4 class=\"introduceTitle\">Educa\u021bie personalizat\u0103<\/h4>\r\n                        <p class=\"cardText\">Fiecare elev \u00eenva\u021b\u0103 diferit, la fel \u0219i c\u0103l\u0103toria lor spre st\u0103p\u00e2nirea unei noi limbi. La Talkpal, folosim tehnologia avansat\u0103 AI pentru a \u00een\u021belege modul \u00een care milioane de studen\u021bi \u00eenva\u021b\u0103 limbi str\u0103ine \u00een fiecare zi. Acest lucru ne ajut\u0103 s\u0103 cre\u0103m experien\u021be de \u00eenv\u0103\u021bare personalizate, eficiente \u0219i captivante, concepute special pentru studen\u021bi ca tine.<\/p>\r\n                    \r\n                <\/a>\r\n                            <a class=\"introducCard\" href=\"https:\/\/app.talkpal.ai\/ro\/signup?lng=\">\r\n\r\n                    \r\n                                                <img decoding=\"async\" src=\"https:\/\/talkpal.ai\/wp-content\/uploads\/2025\/05\/Realtime_feedback.png\" alt=\"Feedback Screenshot\" \/>\r\n                        <h4 class=\"introduceTitle\">Tehnologie de ultim\u0103 genera\u021bie<\/h4>\r\n                        <p class=\"cardText\">Misiunea noastr\u0103 este de a face \u00eenv\u0103\u021barea personalizat\u0103 a limbilor str\u0103ine accesibil\u0103 tuturor elevilor, combin\u00e2nd cele mai recente inova\u021bii \u00een AI cu metode educa\u021bionale dovedite. Cu Talkpal, nu doar lua\u021bi lec\u021bii, ci experimenta\u021bi o c\u0103l\u0103torie personalizat\u0103 care se adapteaz\u0103 ritmului, stilului \u0219i obiectivelor dvs.<\/p>\r\n                    \r\n                <\/a>\r\n                            <a class=\"introducCard\" href=\"https:\/\/app.talkpal.ai\/ro\/signup?lng=\">\r\n\r\n                    \r\n                                                <img decoding=\"async\" src=\"https:\/\/talkpal.ai\/wp-content\/uploads\/2025\/05\/Personalization.png\" alt=\"Personalization Screenshot\" \/>\r\n                        <h4 class=\"introduceTitle\">A face \u00eenv\u0103\u021barea distractiv\u0103<\/h4>\r\n                        <p class=\"cardText\">Credem c\u0103 \u00eenv\u0103\u021barea unei limbi str\u0103ine ar trebui s\u0103 fie distractiv\u0103 \u0219i motivant\u0103. De aceea, Talkpal este construit pentru a men\u021bine elevii implica\u021bi \u0219i inspira\u021bi, f\u0103c\u00e2nd \u00eenv\u0103\u021barea s\u0103 par\u0103 mai pu\u021bin ca un studiu \u0219i mai mult ca o aventur\u0103 interesant\u0103. Al\u0103tura\u021bi-v\u0103 miilor de studen\u021bi din \u00eentreaga lume \u0219i \u00eencepe\u021bi s\u0103 v\u0103 st\u0103p\u00e2ni\u021bi urm\u0103toarea limb\u0103 cu Talkpal!<\/p>\r\n                    \r\n                <\/a>\r\n                            <\/div>\r\n                     <a class=\"featureSectionLink\" href=\"https:\/\/app.talkpal.ai\/signup?discount=50\">\r\n                Ob\u021bine\u021bi reducere            <\/a>\r\n                \r\n<\/section>\r\n\r\n\r\n<section class=\"smartFunSection\">\r\n            \r\n            <div class=\"smartFunCard\">\r\n                <div class=\"smartFunWrapper\"><img decoding=\"async\" src=\"https:\/\/talkpal.ai\/wp-content\/uploads\/2025\/05\/1.png\" alt=\"Learning Stats Screenshot\"><\/div>\r\n                <h3>Adaptat pentru tine<\/h3>\r\n                <p>Talkpal folose\u0219te tehnologia bazat\u0103 pe inteligen\u021b\u0103 artificial\u0103 pentru a oferi sesiuni personalizate de \u00eenv\u0103\u021bare a limbilor str\u0103ine, adaptate nivelului \u0219i ritmului fiec\u0103rui elev. Fiecare lec\u021bie este conceput\u0103 pentru a v\u0103 satisface nevoile individuale de \u00eenv\u0103\u021bare \u0219i pentru a v\u0103 ajuta s\u0103 face\u021bi progrese constante.<\/p>\r\n            <\/div>\r\n\r\n        \r\n            <div class=\"smartFunCard\">\r\n                <div class=\"smartFunWrapper\"><img decoding=\"async\" src=\"https:\/\/talkpal.ai\/wp-content\/uploads\/2025\/05\/2.png\" alt=\"Pronunciation Score Screenshot\"><\/div>\r\n                <h3>Eficace \u0219i eficient<\/h3>\r\n                <p>\u00cembun\u0103t\u0103\u021bi\u021bi-v\u0103 abilit\u0103\u021bile de citire, ascultare \u0219i vorbire \u00een mod eficient cu Talkpal. Instrumentele noastre inovatoare de \u00eenv\u0103\u021bare sunt construite pentru a face studiul limbilor str\u0103ine at\u00e2t eficient, c\u00e2t \u0219i pl\u0103cut pentru studen\u021bii din toate mediile.<\/p>\r\n            <\/div>\r\n\r\n        \r\n            <div class=\"smartFunCard\">\r\n                <div class=\"smartFunWrapper\"><img decoding=\"async\" src=\"https:\/\/talkpal.ai\/wp-content\/uploads\/2025\/05\/3.png\" alt=\"Chat Topics Screenshot\"><\/div>\r\n                <h3>P\u0103stra\u021bi angajamentul<\/h3>\r\n                <p>Platforma combin\u0103 elemente gamificate, provoc\u0103ri captivante \u0219i \u00eentreb\u0103ri provocatoare pentru a men\u021bine elevii motiva\u021bi \u0219i consecven\u021bi. Cu Talkpal, \u00eenv\u0103\u021barea limbilor str\u0103ine devine un obicei zilnic distractiv &#8211; nu o sarcin\u0103.<\/p>\r\n            <\/div>\r\n\r\n        \r\n            <div class=\"smartFunCard\">\r\n                <div class=\"smartFunWrapper\"><img decoding=\"async\" src=\"https:\/\/talkpal.ai\/wp-content\/uploads\/2025\/05\/4.png\" alt=\"Dashboard Screenshot\"><\/div>\r\n                <h3>Bucura\u021bi-v\u0103 de \u00eenv\u0103\u021bare<\/h3>\r\n                <p>St\u0103p\u00e2nirea unei noi limbi nu trebuie s\u0103 fie plictisitoare. Talkpal ofer\u0103 exerci\u021bii interactive, personaje pline de via\u021b\u0103 \u0219i chiar conversa\u021bii umoristice AI pentru a face \u00eenv\u0103\u021barea o parte pl\u0103cut\u0103 \u0219i inspirat\u0103 a zilei fiec\u0103rui elev.<\/p>\r\n            <\/div>\r\n\r\n            \r\n<\/section>\r\n\r\n<section class=\"promotionalBanner\">\r\n    <p class=\"promotionalText\">Talkpal pentru studen\u021bi &#8211; \u00cencepe\u021bi s\u0103 \u00eenv\u0103\u021ba\u021bi cu un pre\u021b redus<\/p>\r\n                <a class=\"promotionalLink\" href=\"https:\/\/app.talkpal.ai\/signup?discount=50\">\r\n                Ob\u021bine\u021bi reducere            <\/a>\r\n            \r\n<\/section>","protected":false},"excerpt":{"rendered":"","protected":false},"author":10,"featured_media":0,"parent":0,"menu_order":0,"comment_status":"closed","ping_status":"closed","template":"LearningContentPage.php","meta":{"_acf_changed":false,"footnotes":""},"class_list":["post-1462058","page","type-page","status-publish","hentry"],"acf":[],"yoast_head":"<!-- This site is optimized with the Yoast SEO Premium plugin v27.2 (Yoast SEO v27.2) - https:\/\/yoast.com\/product\/yoast-seo-premium-wordpress\/ -->\n<title>Reducere Talkpal pentru studen\u021bi - Talkpal<\/title>\n<meta name=\"description\" content=\"Ob\u021bine o reducere exclusiv\u0103 de 79% pentru studen\u021bi pe Talkpal pentru a \u00eenv\u0103\u021ba limbile mai repede cu practica personalizat\u0103 a conversa\u021biei AI.\" \/>\n<meta name=\"robots\" content=\"index, follow, max-snippet:-1, max-image-preview:large, max-video-preview:-1\" \/>\n<link rel=\"canonical\" href=\"https:\/\/talkpal.ai\/ro\/reducere-talkpal-pentru-studenti\/\" \/>\n<meta property=\"og:locale\" content=\"ro_RO\" \/>\n<meta property=\"og:type\" content=\"article\" \/>\n<meta property=\"og:title\" content=\"Reducere Talkpal pentru studen\u021bi\" \/>\n<meta property=\"og:url\" content=\"https:\/\/talkpal.ai\/ro\/reducere-talkpal-pentru-studenti\/\" \/>\n<meta property=\"og:site_name\" content=\"Talkpal\" \/>\n<meta property=\"article:publisher\" content=\"https:\/\/www.facebook.com\/profile.php?id=100090733639311\" \/>\n<meta property=\"article:modified_time\" content=\"2026-01-22T14:59:28+00:00\" \/>\n<meta property=\"og:image\" content=\"https:\/\/talkpal.ai\/wp-content\/uploads\/2025\/02\/Progress-tab-16_9.png\" \/>\n\t<meta property=\"og:image:width\" content=\"2880\" \/>\n\t<meta property=\"og:image:height\" content=\"1620\" \/>\n\t<meta property=\"og:image:type\" content=\"image\/png\" \/>\n<meta name=\"twitter:card\" content=\"summary_large_image\" \/>\n<meta name=\"twitter:site\" content=\"@talkpalai\" \/>\n<script type=\"application\/ld+json\" class=\"yoast-schema-graph\">{\"@context\":\"https:\/\/schema.org\",\"@graph\":[{\"@type\":\"WebPage\",\"@id\":\"https:\/\/talkpal.ai\/ro\/reducere-talkpal-pentru-studenti\/\",\"url\":\"https:\/\/talkpal.ai\/ro\/reducere-talkpal-pentru-studenti\/\",\"name\":\"Reducere Talkpal pentru studen\u021bi - Talkpal\",\"isPartOf\":{\"@id\":\"https:\/\/talkpal.ai\/ro\/#website\"},\"datePublished\":\"2025-10-22T12:21:47+00:00\",\"dateModified\":\"2026-01-22T14:59:28+00:00\",\"description\":\"Ob\u021bine o reducere exclusiv\u0103 de 79% pentru studen\u021bi pe Talkpal pentru a \u00eenv\u0103\u021ba limbile mai repede cu practica personalizat\u0103 a conversa\u021biei AI.\",\"breadcrumb\":{\"@id\":\"https:\/\/talkpal.ai\/ro\/reducere-talkpal-pentru-studenti\/#breadcrumb\"},\"inLanguage\":\"ro-RO\",\"potentialAction\":[{\"@type\":\"ReadAction\",\"target\":[\"https:\/\/talkpal.ai\/ro\/reducere-talkpal-pentru-studenti\/\"]}]},{\"@type\":\"BreadcrumbList\",\"@id\":\"https:\/\/talkpal.ai\/ro\/reducere-talkpal-pentru-studenti\/#breadcrumb\",\"itemListElement\":[{\"@type\":\"ListItem\",\"position\":1,\"name\":\"Homepage\",\"item\":\"https:\/\/talkpal.ai\/ro\/\"},{\"@type\":\"ListItem\",\"position\":2,\"name\":\"Reducere Talkpal pentru studen\u021bi\"}]},{\"@type\":\"WebSite\",\"@id\":\"https:\/\/talkpal.ai\/ro\/#website\",\"url\":\"https:\/\/talkpal.ai\/ro\/\",\"name\":\"Talkpal\",\"description\":\"AI Language Learning\",\"publisher\":{\"@id\":\"https:\/\/talkpal.ai\/ro\/#organization\"},\"alternateName\":\"Talkpal AI\",\"potentialAction\":[{\"@type\":\"SearchAction\",\"target\":{\"@type\":\"EntryPoint\",\"urlTemplate\":\"https:\/\/talkpal.ai\/ro\/?s={search_term_string}\"},\"query-input\":{\"@type\":\"PropertyValueSpecification\",\"valueRequired\":true,\"valueName\":\"search_term_string\"}}],\"inLanguage\":\"ro-RO\"},{\"@type\":\"Organization\",\"@id\":\"https:\/\/talkpal.ai\/ro\/#organization\",\"name\":\"Talkpal, Inc.\",\"alternateName\":\"Talkpal AI\",\"url\":\"https:\/\/talkpal.ai\/ro\/\",\"logo\":{\"@type\":\"ImageObject\",\"inLanguage\":\"ro-RO\",\"@id\":\"https:\/\/talkpal.ai\/ro\/#\/schema\/logo\/image\/\",\"url\":\"https:\/\/talkpal.ai\/wp-content\/uploads\/2024\/03\/Talkpal-Logo-Icon.png\",\"contentUrl\":\"https:\/\/talkpal.ai\/wp-content\/uploads\/2024\/03\/Talkpal-Logo-Icon.png\",\"width\":2880,\"height\":2880,\"caption\":\"Talkpal, Inc.\"},\"image\":{\"@id\":\"https:\/\/talkpal.ai\/ro\/#\/schema\/logo\/image\/\"},\"sameAs\":[\"https:\/\/www.facebook.com\/profile.php?id=100090733639311\",\"https:\/\/x.com\/talkpalai\",\"https:\/\/www.linkedin.com\/company\/talkpal\/\",\"https:\/\/www.youtube.com\/@TalkPal\/\",\"https:\/\/www.tiktok.com\/@talkpal\",\"https:\/\/www.instagram.com\/talkpal_ai\/\",\"https:\/\/www.crunchbase.com\/organization\/talkpal-9cde\",\"https:\/\/www.g2.com\/products\/talkpal-for-business\/\",\"https:\/\/www.trustpilot.com\/review\/talkpal.ai\",\"https:\/\/www.capterra.com\/p\/10006800\/TalkPal\/\"],\"description\":\"Talkpal is a language learning web and mobile education app, powered by the latest AI technologies, that provides engaging experiences to its customers in many different languages to help them improve their language skills. Users can chat about unlimited amount of topics with the app and use other modes to practice their language learning.\",\"email\":\"support@talkpal.ai\",\"legalName\":\"Talkpal, Inc.\",\"foundingDate\":\"2023-04-03\",\"duns\":\"118989042\",\"numberOfEmployees\":{\"@type\":\"QuantitativeValue\",\"minValue\":\"11\",\"maxValue\":\"50\"},\"publishingPrinciples\":\"https:\/\/talkpal.ai\/publishing-principles\/\",\"actionableFeedbackPolicy\":\"https:\/\/talkpal.ai\/actionable-feedback-policy\/\",\"correctionsPolicy\":\"https:\/\/talkpal.ai\/corrections-policy\/\",\"ethicsPolicy\":\"https:\/\/talkpal.ai\/ethics-policy\/\",\"diversityPolicy\":\"https:\/\/talkpal.ai\/diversity-policy\/\",\"diversityStaffingReport\":\"https:\/\/talkpal.ai\/diversity-policy\/\"}]}<\/script>\n<!-- \/ Yoast SEO Premium plugin. -->","yoast_head_json":{"title":"Reducere Talkpal pentru studen\u021bi - Talkpal","description":"Ob\u021bine o reducere exclusiv\u0103 de 79% pentru studen\u021bi pe Talkpal pentru a \u00eenv\u0103\u021ba limbile mai repede cu practica personalizat\u0103 a conversa\u021biei AI.","robots":{"index":"index","follow":"follow","max-snippet":"max-snippet:-1","max-image-preview":"max-image-preview:large","max-video-preview":"max-video-preview:-1"},"canonical":"https:\/\/talkpal.ai\/ro\/reducere-talkpal-pentru-studenti\/","og_locale":"ro_RO","og_type":"article","og_title":"Reducere Talkpal pentru studen\u021bi","og_url":"https:\/\/talkpal.ai\/ro\/reducere-talkpal-pentru-studenti\/","og_site_name":"Talkpal","article_publisher":"https:\/\/www.facebook.com\/profile.php?id=100090733639311","article_modified_time":"2026-01-22T14:59:28+00:00","og_image":[{"width":2880,"height":1620,"url":"https:\/\/talkpal.ai\/wp-content\/uploads\/2025\/02\/Progress-tab-16_9.png","type":"image\/png"}],"twitter_card":"summary_large_image","twitter_site":"@talkpalai","schema":{"@context":"https:\/\/schema.org","@graph":[{"@type":"WebPage","@id":"https:\/\/talkpal.ai\/ro\/reducere-talkpal-pentru-studenti\/","url":"https:\/\/talkpal.ai\/ro\/reducere-talkpal-pentru-studenti\/","name":"Reducere Talkpal pentru studen\u021bi - Talkpal","isPartOf":{"@id":"https:\/\/talkpal.ai\/ro\/#website"},"datePublished":"2025-10-22T12:21:47+00:00","dateModified":"2026-01-22T14:59:28+00:00","description":"Ob\u021bine o reducere exclusiv\u0103 de 79% pentru studen\u021bi pe Talkpal pentru a \u00eenv\u0103\u021ba limbile mai repede cu practica personalizat\u0103 a conversa\u021biei AI.","breadcrumb":{"@id":"https:\/\/talkpal.ai\/ro\/reducere-talkpal-pentru-studenti\/#breadcrumb"},"inLanguage":"ro-RO","potentialAction":[{"@type":"ReadAction","target":["https:\/\/talkpal.ai\/ro\/reducere-talkpal-pentru-studenti\/"]}]},{"@type":"BreadcrumbList","@id":"https:\/\/talkpal.ai\/ro\/reducere-talkpal-pentru-studenti\/#breadcrumb","itemListElement":[{"@type":"ListItem","position":1,"name":"Homepage","item":"https:\/\/talkpal.ai\/ro\/"},{"@type":"ListItem","position":2,"name":"Reducere Talkpal pentru studen\u021bi"}]},{"@type":"WebSite","@id":"https:\/\/talkpal.ai\/ro\/#website","url":"https:\/\/talkpal.ai\/ro\/","name":"Talkpal","description":"AI Language Learning","publisher":{"@id":"https:\/\/talkpal.ai\/ro\/#organization"},"alternateName":"Talkpal AI","potentialAction":[{"@type":"SearchAction","target":{"@type":"EntryPoint","urlTemplate":"https:\/\/talkpal.ai\/ro\/?s={search_term_string}"},"query-input":{"@type":"PropertyValueSpecification","valueRequired":true,"valueName":"search_term_string"}}],"inLanguage":"ro-RO"},{"@type":"Organization","@id":"https:\/\/talkpal.ai\/ro\/#organization","name":"Talkpal, Inc.","alternateName":"Talkpal AI","url":"https:\/\/talkpal.ai\/ro\/","logo":{"@type":"ImageObject","inLanguage":"ro-RO","@id":"https:\/\/talkpal.ai\/ro\/#\/schema\/logo\/image\/","url":"https:\/\/talkpal.ai\/wp-content\/uploads\/2024\/03\/Talkpal-Logo-Icon.png","contentUrl":"https:\/\/talkpal.ai\/wp-content\/uploads\/2024\/03\/Talkpal-Logo-Icon.png","width":2880,"height":2880,"caption":"Talkpal, Inc."},"image":{"@id":"https:\/\/talkpal.ai\/ro\/#\/schema\/logo\/image\/"},"sameAs":["https:\/\/www.facebook.com\/profile.php?id=100090733639311","https:\/\/x.com\/talkpalai","https:\/\/www.linkedin.com\/company\/talkpal\/","https:\/\/www.youtube.com\/@TalkPal\/","https:\/\/www.tiktok.com\/@talkpal","https:\/\/www.instagram.com\/talkpal_ai\/","https:\/\/www.crunchbase.com\/organization\/talkpal-9cde","https:\/\/www.g2.com\/products\/talkpal-for-business\/","https:\/\/www.trustpilot.com\/review\/talkpal.ai","https:\/\/www.capterra.com\/p\/10006800\/TalkPal\/"],"description":"Talkpal is a language learning web and mobile education app, powered by the latest AI technologies, that provides engaging experiences to its customers in many different languages to help them improve their language skills. Users can chat about unlimited amount of topics with the app and use other modes to practice their language learning.","email":"support@talkpal.ai","legalName":"Talkpal, Inc.","foundingDate":"2023-04-03","duns":"118989042","numberOfEmployees":{"@type":"QuantitativeValue","minValue":"11","maxValue":"50"},"publishingPrinciples":"https:\/\/talkpal.ai\/publishing-principles\/","actionableFeedbackPolicy":"https:\/\/talkpal.ai\/actionable-feedback-policy\/","correctionsPolicy":"https:\/\/talkpal.ai\/corrections-policy\/","ethicsPolicy":"https:\/\/talkpal.ai\/ethics-policy\/","diversityPolicy":"https:\/\/talkpal.ai\/diversity-policy\/","diversityStaffingReport":"https:\/\/talkpal.ai\/diversity-policy\/"}]}},"_links":{"self":[{"href":"https:\/\/talkpal.ai\/ro\/wp-json\/wp\/v2\/pages\/1462058","targetHints":{"allow":["GET"]}}],"collection":[{"href":"https:\/\/talkpal.ai\/ro\/wp-json\/wp\/v2\/pages"}],"about":[{"href":"https:\/\/talkpal.ai\/ro\/wp-json\/wp\/v2\/types\/page"}],"author":[{"embeddable":true,"href":"https:\/\/talkpal.ai\/ro\/wp-json\/wp\/v2\/users\/10"}],"replies":[{"embeddable":true,"href":"https:\/\/talkpal.ai\/ro\/wp-json\/wp\/v2\/comments?post=1462058"}],"version-history":[{"count":0,"href":"https:\/\/talkpal.ai\/ro\/wp-json\/wp\/v2\/pages\/1462058\/revisions"}],"wp:attachment":[{"href":"https:\/\/talkpal.ai\/ro\/wp-json\/wp\/v2\/media?parent=1462058"}],"curies":[{"name":"wp","href":"https:\/\/api.w.org\/{rel}","templated":true}]}}