{"id":1462021,"date":"2025-10-22T19:55:16","date_gmt":"2025-10-22T19:55:16","guid":{"rendered":"https:\/\/talkpal.ai\/reducere-talkpal-pentru-profesori\/"},"modified":"2026-01-22T14:55:54","modified_gmt":"2026-01-22T14:55:54","slug":"reducere-talkpal-pentru-profesori","status":"publish","type":"page","link":"https:\/\/talkpal.ai\/ro\/reducere-talkpal-pentru-profesori\/","title":{"rendered":"Reducere Talkpal pentru profesori"},"content":{"rendered":"<section class=\"languageChallengeSection\">\r\n    <div class=\"languageInfoWrapper\">\r\n        \r\n        <h1>Reducere Talkpal pentru profesori<\/h1>\r\n        <p>E\u0219ti profesor care dore\u0219te s\u0103-\u021bi consolidezi propriile abilit\u0103\u021bi lingvistice? Talkpal ofer\u0103 o reducere exclusiv\u0103 de 79% pentru profesori, pentru a te ajuta s\u0103 \u00eenve\u021bi mai rapid \u0219i mai inteligent. Deblocheaz\u0103 toate func\u021biile premium, exerseaz\u0103 conversa\u021bii reale cu AI \u0219i construie\u0219te fluen\u021b\u0103 &#8211; la jum\u0103tate de pre\u021b.<\/p>\r\n\r\n                    <a class=\"getStartedHidden\" href=\"https:\/\/app.talkpal.ai\/signup?discount=50\">\r\n                Ob\u021bine\u021bi reducere            <\/a>\r\n            <\/div>\r\n\r\n            <figure>\r\n            <img decoding=\"async\" class=\"no-lazy\" src=\"https:\/\/talkpal.ai\/wp-content\/uploads\/2026\/01\/curly-girl-with-phone-yellow-background.webp\" alt=\"\" fetchpriority=\"high\" \/>\r\n        <\/figure>\r\n        \r\n                    <a class=\"getStartedVisible\" href=\"https:\/\/app.talkpal.ai\/signup?discount=50\">\r\n                Ob\u021bine\u021bi reducere            <\/a>\r\n        <\/section><section class=\"featureSection\">\r\n    <div class=\"featureIntroduce\">\r\n        <a class=\"introduceLink\" href=\"https:\/\/app.talkpal.ai\/ro\/signup?lng=\">\r\n            <img decoding=\"async\" src=\"https:\/\/talkpal.ai\/wp-content\/themes\/talkpal\/assets\/img\/Sparkle.svg\" alt=\"\" \/>Cel mai avansat\n  AI<\/a>\r\n        <h3 class=\"featureTitle\">Diferen\u021ba talkpal<\/h3>\r\n    <\/div>\r\n            <div class=\"introduceWrapper\">\r\n                            <a class=\"introducCard\" href=\"https:\/\/app.talkpal.ai\/ro\/signup?lng=\">\r\n\r\n                    \r\n                                                <img decoding=\"async\" src=\"https:\/\/talkpal.ai\/wp-content\/uploads\/2025\/05\/Immersive_conversations.png\" alt=\"Immersive Conversation Screenshot\" \/>\r\n                        <h4 class=\"introduceTitle\">Educa\u021bie personalizat\u0103<\/h4>\r\n                        <p class=\"cardText\">Fiecare profesor \u00eenva\u021b\u0103 diferit \u0219i fiecare c\u0103l\u0103torie de \u00eenv\u0103\u021bare este unic\u0103. Talkpal folose\u0219te inteligen\u021ba artificial\u0103 avansat\u0103 pentru a analiza modul \u00een care milioane de cursan\u021bi studiaz\u0103 limbile str\u0103ine \u0219i se adapteaz\u0103 stilului personal, obiectivelor \u0219i programului. Rezultatul: o experien\u021b\u0103 personalizat\u0103, eficient\u0103 \u0219i captivant\u0103 pentru profesorii ca tine.<\/p>\r\n                    \r\n                <\/a>\r\n                            <a class=\"introducCard\" href=\"https:\/\/app.talkpal.ai\/ro\/signup?lng=\">\r\n\r\n                    \r\n                                                <img decoding=\"async\" src=\"https:\/\/talkpal.ai\/wp-content\/uploads\/2025\/05\/Realtime_feedback.png\" alt=\"Feedback Screenshot\" \/>\r\n                        <h4 class=\"introduceTitle\">Tehnologie de ultim\u0103 genera\u021bie<\/h4>\r\n                        <p class=\"cardText\">Misiunea noastr\u0103 este de a face \u00eenv\u0103\u021barea personalizat\u0103 a limbilor str\u0103ine accesibil\u0103 educatorilor, combin\u00e2nd AI de ultim\u0103 or\u0103 cu metode de predare dovedite. Cu Talkpal, nu doar lua\u021bi lec\u021bii, ci urma\u021bi o cale personalizat\u0103 care se adapteaz\u0103 ritmului, preferin\u021belor \u0219i obiectivelor dvs.<\/p>\r\n                    \r\n                <\/a>\r\n                            <a class=\"introducCard\" href=\"https:\/\/app.talkpal.ai\/ro\/signup?lng=\">\r\n\r\n                    \r\n                                                <img decoding=\"async\" src=\"https:\/\/talkpal.ai\/wp-content\/uploads\/2025\/05\/Personalization.png\" alt=\"Personalization Screenshot\" \/>\r\n                        <h4 class=\"introduceTitle\">A face \u00eenv\u0103\u021barea distractiv\u0103<\/h4>\r\n                        <p class=\"cardText\">Credem c\u0103 \u00eenv\u0103\u021barea limbilor str\u0103ine ar trebui s\u0103 fie motivant\u0103 \u0219i pl\u0103cut\u0103. De aceea, Talkpal te men\u021bine implicat \u0219i inspirat &#8211; astfel \u00eenc\u00e2t practica ta s\u0103 se simt\u0103 ca o pauz\u0103 energizant\u0103, nu ca o corvoad\u0103. Al\u0103tura\u021bi-v\u0103 miilor de profesori care \u00ee\u0219i \u00eembun\u0103t\u0103\u021besc propriile abilit\u0103\u021bi lingvistice cu Talkpal.<\/p>\r\n                    \r\n                <\/a>\r\n                            <\/div>\r\n                     <a class=\"featureSectionLink\" href=\"https:\/\/app.talkpal.ai\/signup?discount=50\">\r\n                Ob\u021bine\u021bi reducere            <\/a>\r\n                \r\n<\/section>\r\n\r\n\r\n<section class=\"smartFunSection\">\r\n            \r\n            <div class=\"smartFunCard\">\r\n                <div class=\"smartFunWrapper\"><img decoding=\"async\" src=\"https:\/\/talkpal.ai\/wp-content\/uploads\/2025\/05\/1.png\" alt=\"Learning Stats Screenshot\"><\/div>\r\n                <h3>Adaptat pentru tine<\/h3>\r\n                <p>Talkpal ofer\u0103 sesiuni bazate pe inteligen\u021b\u0103 artificial\u0103, calibrate la nivelul \u0219i ritmul dvs. Fiecare lec\u021bie este conceput\u0103 \u00een func\u021bie de nevoile tale individuale, ajut\u00e2ndu-te s\u0103 faci progrese constante \u0219i m\u0103surabile &#8211; chiar \u0219i cu un program \u00eenc\u0103rcat.<\/p>\r\n            <\/div>\r\n\r\n        \r\n            <div class=\"smartFunCard\">\r\n                <div class=\"smartFunWrapper\"><img decoding=\"async\" src=\"https:\/\/talkpal.ai\/wp-content\/uploads\/2025\/05\/2.png\" alt=\"Pronunciation Score Screenshot\"><\/div>\r\n                <h3>Eficace \u0219i eficient<\/h3>\r\n                <p>\u00cembun\u0103t\u0103\u021bi\u021bi-v\u0103 eficient abilit\u0103\u021bile de citire, ascultare \u0219i vorbire. Instrumentele Talkpal fac studiul eficient \u0219i pl\u0103cut pentru educatorii din toate mediile, cu o practic\u0103 flexibil\u0103 pe care o pute\u021bi \u00eencadra \u00een orice zi.<\/p>\r\n            <\/div>\r\n\r\n        \r\n            <div class=\"smartFunCard\">\r\n                <div class=\"smartFunWrapper\"><img decoding=\"async\" src=\"https:\/\/talkpal.ai\/wp-content\/uploads\/2025\/05\/3.png\" alt=\"Chat Topics Screenshot\"><\/div>\r\n                <h3>P\u0103stra\u021bi angajamentul<\/h3>\r\n                <p>R\u0103m\u00e2ne\u021bi consecven\u021bi cu elementele gamificate, provoc\u0103rile captivante \u0219i solicit\u0103rile care provoac\u0103 g\u00e2ndirea. Cu Talkpal, practica limbii str\u0103ine devine un obicei zilnic distractiv &#8211; nu o alt\u0103 sarcin\u0103 pe lista ta de sarcini.<\/p>\r\n            <\/div>\r\n\r\n        \r\n            <div class=\"smartFunCard\">\r\n                <div class=\"smartFunWrapper\"><img decoding=\"async\" src=\"https:\/\/talkpal.ai\/wp-content\/uploads\/2025\/05\/4.png\" alt=\"Dashboard Screenshot\"><\/div>\r\n                <h3>Bucura\u021bi-v\u0103 de \u00eenv\u0103\u021bare<\/h3>\r\n                <p>St\u0103p\u00e2nirea unei noi limbi nu trebuie s\u0103 fie plictisitoare. Talkpal ofer\u0103 exerci\u021bii interactive, personaje pline de via\u021b\u0103 \u0219i chiar conversa\u021bii umoristice cu inteligen\u021b\u0103 artificial\u0103, f\u0103c\u00e2ndu-v\u0103 c\u0103l\u0103toria personal\u0103 de \u00eenv\u0103\u021bare pl\u0103cut\u0103 \u0219i inspirat\u0103.<\/p>\r\n            <\/div>\r\n\r\n            \r\n<\/section>\r\n\r\n<section class=\"promotionalBanner\">\r\n    <p class=\"promotionalText\">Talkpal pentru profesori &#8211; \u00cencepe\u021bi s\u0103 \u00eenv\u0103\u021ba\u021bi cu un pre\u021b redus<\/p>\r\n                <a class=\"promotionalLink\" href=\"https:\/\/app.talkpal.ai\/signup?discount=50\">\r\n                Ob\u021bine\u021bi reducere            <\/a>\r\n            \r\n<\/section>","protected":false},"excerpt":{"rendered":"","protected":false},"author":20,"featured_media":0,"parent":0,"menu_order":0,"comment_status":"closed","ping_status":"closed","template":"LearningContentPage.php","meta":{"_acf_changed":false,"footnotes":""},"class_list":["post-1462021","page","type-page","status-publish","hentry"],"acf":[],"yoast_head":"<!-- This site is optimized with the Yoast SEO Premium plugin v27.2 (Yoast SEO v27.2) - https:\/\/yoast.com\/product\/yoast-seo-premium-wordpress\/ -->\n<title>Reducere Talkpal pentru profesori - Talkpal<\/title>\n<meta name=\"description\" content=\"Deblocheaz\u0103 o reducere exclusiv\u0103 de 79% pentru profesori pe Talkpal Premium \u0219i st\u0103p\u00e2ne\u0219te limbile mai repede cu lec\u021bii personalizate de AI.\" \/>\n<meta name=\"robots\" content=\"index, follow, max-snippet:-1, max-image-preview:large, max-video-preview:-1\" \/>\n<link rel=\"canonical\" href=\"https:\/\/talkpal.ai\/ro\/reducere-talkpal-pentru-profesori\/\" \/>\n<meta property=\"og:locale\" content=\"ro_RO\" \/>\n<meta property=\"og:type\" content=\"article\" \/>\n<meta property=\"og:title\" content=\"Reducere Talkpal pentru profesori\" \/>\n<meta property=\"og:url\" content=\"https:\/\/talkpal.ai\/ro\/reducere-talkpal-pentru-profesori\/\" \/>\n<meta property=\"og:site_name\" content=\"Talkpal\" \/>\n<meta property=\"article:publisher\" content=\"https:\/\/www.facebook.com\/profile.php?id=100090733639311\" \/>\n<meta property=\"article:modified_time\" content=\"2026-01-22T14:55:54+00:00\" \/>\n<meta property=\"og:image\" content=\"https:\/\/talkpal.ai\/wp-content\/uploads\/2025\/02\/Progress-tab-16_9.png\" \/>\n\t<meta property=\"og:image:width\" content=\"2880\" \/>\n\t<meta property=\"og:image:height\" content=\"1620\" \/>\n\t<meta property=\"og:image:type\" content=\"image\/png\" \/>\n<meta name=\"twitter:card\" content=\"summary_large_image\" \/>\n<meta name=\"twitter:site\" content=\"@talkpalai\" \/>\n<script type=\"application\/ld+json\" class=\"yoast-schema-graph\">{\"@context\":\"https:\/\/schema.org\",\"@graph\":[{\"@type\":\"WebPage\",\"@id\":\"https:\/\/talkpal.ai\/ro\/reducere-talkpal-pentru-profesori\/\",\"url\":\"https:\/\/talkpal.ai\/ro\/reducere-talkpal-pentru-profesori\/\",\"name\":\"Reducere Talkpal pentru profesori - Talkpal\",\"isPartOf\":{\"@id\":\"https:\/\/talkpal.ai\/ro\/#website\"},\"datePublished\":\"2025-10-22T19:55:16+00:00\",\"dateModified\":\"2026-01-22T14:55:54+00:00\",\"description\":\"Deblocheaz\u0103 o reducere exclusiv\u0103 de 79% pentru profesori pe Talkpal Premium \u0219i st\u0103p\u00e2ne\u0219te limbile mai repede cu lec\u021bii personalizate de AI.\",\"breadcrumb\":{\"@id\":\"https:\/\/talkpal.ai\/ro\/reducere-talkpal-pentru-profesori\/#breadcrumb\"},\"inLanguage\":\"ro-RO\",\"potentialAction\":[{\"@type\":\"ReadAction\",\"target\":[\"https:\/\/talkpal.ai\/ro\/reducere-talkpal-pentru-profesori\/\"]}]},{\"@type\":\"BreadcrumbList\",\"@id\":\"https:\/\/talkpal.ai\/ro\/reducere-talkpal-pentru-profesori\/#breadcrumb\",\"itemListElement\":[{\"@type\":\"ListItem\",\"position\":1,\"name\":\"Homepage\",\"item\":\"https:\/\/talkpal.ai\/ro\/\"},{\"@type\":\"ListItem\",\"position\":2,\"name\":\"Reducere Talkpal pentru profesori\"}]},{\"@type\":\"WebSite\",\"@id\":\"https:\/\/talkpal.ai\/ro\/#website\",\"url\":\"https:\/\/talkpal.ai\/ro\/\",\"name\":\"Talkpal\",\"description\":\"AI Language Learning\",\"publisher\":{\"@id\":\"https:\/\/talkpal.ai\/ro\/#organization\"},\"alternateName\":\"Talkpal AI\",\"potentialAction\":[{\"@type\":\"SearchAction\",\"target\":{\"@type\":\"EntryPoint\",\"urlTemplate\":\"https:\/\/talkpal.ai\/ro\/?s={search_term_string}\"},\"query-input\":{\"@type\":\"PropertyValueSpecification\",\"valueRequired\":true,\"valueName\":\"search_term_string\"}}],\"inLanguage\":\"ro-RO\"},{\"@type\":\"Organization\",\"@id\":\"https:\/\/talkpal.ai\/ro\/#organization\",\"name\":\"Talkpal, Inc.\",\"alternateName\":\"Talkpal AI\",\"url\":\"https:\/\/talkpal.ai\/ro\/\",\"logo\":{\"@type\":\"ImageObject\",\"inLanguage\":\"ro-RO\",\"@id\":\"https:\/\/talkpal.ai\/ro\/#\/schema\/logo\/image\/\",\"url\":\"https:\/\/talkpal.ai\/wp-content\/uploads\/2024\/03\/Talkpal-Logo-Icon.png\",\"contentUrl\":\"https:\/\/talkpal.ai\/wp-content\/uploads\/2024\/03\/Talkpal-Logo-Icon.png\",\"width\":2880,\"height\":2880,\"caption\":\"Talkpal, Inc.\"},\"image\":{\"@id\":\"https:\/\/talkpal.ai\/ro\/#\/schema\/logo\/image\/\"},\"sameAs\":[\"https:\/\/www.facebook.com\/profile.php?id=100090733639311\",\"https:\/\/x.com\/talkpalai\",\"https:\/\/www.linkedin.com\/company\/talkpal\/\",\"https:\/\/www.youtube.com\/@TalkPal\/\",\"https:\/\/www.tiktok.com\/@talkpal\",\"https:\/\/www.instagram.com\/talkpal_ai\/\",\"https:\/\/www.crunchbase.com\/organization\/talkpal-9cde\",\"https:\/\/www.g2.com\/products\/talkpal-for-business\/\",\"https:\/\/www.trustpilot.com\/review\/talkpal.ai\",\"https:\/\/www.capterra.com\/p\/10006800\/TalkPal\/\"],\"description\":\"Talkpal is a language learning web and mobile education app, powered by the latest AI technologies, that provides engaging experiences to its customers in many different languages to help them improve their language skills. Users can chat about unlimited amount of topics with the app and use other modes to practice their language learning.\",\"email\":\"support@talkpal.ai\",\"legalName\":\"Talkpal, Inc.\",\"foundingDate\":\"2023-04-03\",\"duns\":\"118989042\",\"numberOfEmployees\":{\"@type\":\"QuantitativeValue\",\"minValue\":\"11\",\"maxValue\":\"50\"},\"publishingPrinciples\":\"https:\/\/talkpal.ai\/publishing-principles\/\",\"actionableFeedbackPolicy\":\"https:\/\/talkpal.ai\/actionable-feedback-policy\/\",\"correctionsPolicy\":\"https:\/\/talkpal.ai\/corrections-policy\/\",\"ethicsPolicy\":\"https:\/\/talkpal.ai\/ethics-policy\/\",\"diversityPolicy\":\"https:\/\/talkpal.ai\/diversity-policy\/\",\"diversityStaffingReport\":\"https:\/\/talkpal.ai\/diversity-policy\/\"}]}<\/script>\n<!-- \/ Yoast SEO Premium plugin. -->","yoast_head_json":{"title":"Reducere Talkpal pentru profesori - Talkpal","description":"Deblocheaz\u0103 o reducere exclusiv\u0103 de 79% pentru profesori pe Talkpal Premium \u0219i st\u0103p\u00e2ne\u0219te limbile mai repede cu lec\u021bii personalizate de AI.","robots":{"index":"index","follow":"follow","max-snippet":"max-snippet:-1","max-image-preview":"max-image-preview:large","max-video-preview":"max-video-preview:-1"},"canonical":"https:\/\/talkpal.ai\/ro\/reducere-talkpal-pentru-profesori\/","og_locale":"ro_RO","og_type":"article","og_title":"Reducere Talkpal pentru profesori","og_url":"https:\/\/talkpal.ai\/ro\/reducere-talkpal-pentru-profesori\/","og_site_name":"Talkpal","article_publisher":"https:\/\/www.facebook.com\/profile.php?id=100090733639311","article_modified_time":"2026-01-22T14:55:54+00:00","og_image":[{"width":2880,"height":1620,"url":"https:\/\/talkpal.ai\/wp-content\/uploads\/2025\/02\/Progress-tab-16_9.png","type":"image\/png"}],"twitter_card":"summary_large_image","twitter_site":"@talkpalai","schema":{"@context":"https:\/\/schema.org","@graph":[{"@type":"WebPage","@id":"https:\/\/talkpal.ai\/ro\/reducere-talkpal-pentru-profesori\/","url":"https:\/\/talkpal.ai\/ro\/reducere-talkpal-pentru-profesori\/","name":"Reducere Talkpal pentru profesori - Talkpal","isPartOf":{"@id":"https:\/\/talkpal.ai\/ro\/#website"},"datePublished":"2025-10-22T19:55:16+00:00","dateModified":"2026-01-22T14:55:54+00:00","description":"Deblocheaz\u0103 o reducere exclusiv\u0103 de 79% pentru profesori pe Talkpal Premium \u0219i st\u0103p\u00e2ne\u0219te limbile mai repede cu lec\u021bii personalizate de AI.","breadcrumb":{"@id":"https:\/\/talkpal.ai\/ro\/reducere-talkpal-pentru-profesori\/#breadcrumb"},"inLanguage":"ro-RO","potentialAction":[{"@type":"ReadAction","target":["https:\/\/talkpal.ai\/ro\/reducere-talkpal-pentru-profesori\/"]}]},{"@type":"BreadcrumbList","@id":"https:\/\/talkpal.ai\/ro\/reducere-talkpal-pentru-profesori\/#breadcrumb","itemListElement":[{"@type":"ListItem","position":1,"name":"Homepage","item":"https:\/\/talkpal.ai\/ro\/"},{"@type":"ListItem","position":2,"name":"Reducere Talkpal pentru profesori"}]},{"@type":"WebSite","@id":"https:\/\/talkpal.ai\/ro\/#website","url":"https:\/\/talkpal.ai\/ro\/","name":"Talkpal","description":"AI Language Learning","publisher":{"@id":"https:\/\/talkpal.ai\/ro\/#organization"},"alternateName":"Talkpal AI","potentialAction":[{"@type":"SearchAction","target":{"@type":"EntryPoint","urlTemplate":"https:\/\/talkpal.ai\/ro\/?s={search_term_string}"},"query-input":{"@type":"PropertyValueSpecification","valueRequired":true,"valueName":"search_term_string"}}],"inLanguage":"ro-RO"},{"@type":"Organization","@id":"https:\/\/talkpal.ai\/ro\/#organization","name":"Talkpal, Inc.","alternateName":"Talkpal AI","url":"https:\/\/talkpal.ai\/ro\/","logo":{"@type":"ImageObject","inLanguage":"ro-RO","@id":"https:\/\/talkpal.ai\/ro\/#\/schema\/logo\/image\/","url":"https:\/\/talkpal.ai\/wp-content\/uploads\/2024\/03\/Talkpal-Logo-Icon.png","contentUrl":"https:\/\/talkpal.ai\/wp-content\/uploads\/2024\/03\/Talkpal-Logo-Icon.png","width":2880,"height":2880,"caption":"Talkpal, Inc."},"image":{"@id":"https:\/\/talkpal.ai\/ro\/#\/schema\/logo\/image\/"},"sameAs":["https:\/\/www.facebook.com\/profile.php?id=100090733639311","https:\/\/x.com\/talkpalai","https:\/\/www.linkedin.com\/company\/talkpal\/","https:\/\/www.youtube.com\/@TalkPal\/","https:\/\/www.tiktok.com\/@talkpal","https:\/\/www.instagram.com\/talkpal_ai\/","https:\/\/www.crunchbase.com\/organization\/talkpal-9cde","https:\/\/www.g2.com\/products\/talkpal-for-business\/","https:\/\/www.trustpilot.com\/review\/talkpal.ai","https:\/\/www.capterra.com\/p\/10006800\/TalkPal\/"],"description":"Talkpal is a language learning web and mobile education app, powered by the latest AI technologies, that provides engaging experiences to its customers in many different languages to help them improve their language skills. Users can chat about unlimited amount of topics with the app and use other modes to practice their language learning.","email":"support@talkpal.ai","legalName":"Talkpal, Inc.","foundingDate":"2023-04-03","duns":"118989042","numberOfEmployees":{"@type":"QuantitativeValue","minValue":"11","maxValue":"50"},"publishingPrinciples":"https:\/\/talkpal.ai\/publishing-principles\/","actionableFeedbackPolicy":"https:\/\/talkpal.ai\/actionable-feedback-policy\/","correctionsPolicy":"https:\/\/talkpal.ai\/corrections-policy\/","ethicsPolicy":"https:\/\/talkpal.ai\/ethics-policy\/","diversityPolicy":"https:\/\/talkpal.ai\/diversity-policy\/","diversityStaffingReport":"https:\/\/talkpal.ai\/diversity-policy\/"}]}},"_links":{"self":[{"href":"https:\/\/talkpal.ai\/ro\/wp-json\/wp\/v2\/pages\/1462021","targetHints":{"allow":["GET"]}}],"collection":[{"href":"https:\/\/talkpal.ai\/ro\/wp-json\/wp\/v2\/pages"}],"about":[{"href":"https:\/\/talkpal.ai\/ro\/wp-json\/wp\/v2\/types\/page"}],"author":[{"embeddable":true,"href":"https:\/\/talkpal.ai\/ro\/wp-json\/wp\/v2\/users\/20"}],"replies":[{"embeddable":true,"href":"https:\/\/talkpal.ai\/ro\/wp-json\/wp\/v2\/comments?post=1462021"}],"version-history":[{"count":0,"href":"https:\/\/talkpal.ai\/ro\/wp-json\/wp\/v2\/pages\/1462021\/revisions"}],"wp:attachment":[{"href":"https:\/\/talkpal.ai\/ro\/wp-json\/wp\/v2\/media?parent=1462021"}],"curies":[{"name":"wp","href":"https:\/\/api.w.org\/{rel}","templated":true}]}}