{"id":146139,"date":"2023-05-14T14:10:42","date_gmt":"2023-05-14T14:10:42","guid":{"rendered":"http:\/\/talkpal.ai\/gramatica-lituaniana\/"},"modified":"2025-12-12T10:42:44","modified_gmt":"2025-12-12T10:42:44","slug":"gramatica-lituaniana","status":"publish","type":"page","link":"https:\/\/talkpal.ai\/ro\/gramatica-lituaniana\/","title":{"rendered":"Gramatica lituanian\u0103"},"content":{"rendered":"\r\n\r\n\r\n<section class=\"languageChallengeSection\">\r\n    <div class=\"languageInfoWrapper\">\r\n        \r\n        <h1>Gramatica lituanian\u0103<\/h1>\r\n        <p>\u00cencepe\u021bi c\u0103l\u0103toria dvs. \u00een <a href=\"https:\/\/talkpal.ai\/lithuanian-grammar\/\">gramatica lituanian\u0103<\/a> \u0219i descoperi\u021bi una dintre cele mai vechi \u0219i mai fascinante limbi din Europa. \u00cenv\u0103\u021ba\u021bi reguli \u0219i modele esen\u021biale pentru a construi o baz\u0103 lingvistic\u0103 solid\u0103. Intr\u0103 acum \u0219i \u00eencepe s\u0103 st\u0103p\u00e2ne\u0219ti lituaniana ast\u0103zi!<\/p>\r\n\r\n                            <a class=\"getStartedHidden\" href=\"https:\/\/app.talkpal.ai\/ro\/signup?lng=\">\u00cencepe<\/a>\r\n        \r\n    <\/div>\r\n\r\n    <figure>\r\n    <img decoding=\"async\" width=\"768\" height=\"768\" src=\"https:\/\/talkpal.ai\/wp-content\/uploads\/2023\/06\/lithuenian-768x768.png\" class=\"languageImage no-lazy\" alt=\"Language learning for boosting creativity\" fetchpriority=\"high\" sizes=\"(max-width: 768px) 150px, 768px\" srcset=\"https:\/\/talkpal.ai\/wp-content\/uploads\/2023\/06\/lithuenian-768x768.png 768w, https:\/\/talkpal.ai\/wp-content\/uploads\/2023\/06\/lithuenian-300x300.png 300w\" \/>\r\n    \r\n\r\n    <\/figure>\r\n\r\n            <a class=\"getStartedVisible\" href=\"https:\/\/app.talkpal.ai\/ro\/signup?lng=\">\u00cencepe<\/a>\r\n    \r\n<\/section>\r\n<section class=\"promotionalBanner\">\r\n    <p class=\"promotionalText\">Cel mai eficient mod de a \u00eenv\u0103\u021ba o limb\u0103<\/p>\r\n    <a class=\"promotionalLink\" href=\"https:\/\/app.talkpal.ai\/ro\/signup?lng=\">\u00cencerca\u021bi Talkpal gratuit<\/a>\r\n<\/section>\n<div class=\"wp-block-group pageContainerStyle\"><div class=\"wp-block-group__inner-container is-layout-constrained wp-block-group-is-layout-constrained\">\n<h2 class=\"wp-block-heading\" id=\"h-lithuanian-grammar-a-fascinating-journey-through-language\">Gramatica lituanian\u0103: o c\u0103l\u0103torie fascinant\u0103 prin limb\u0103<\/h2>\n\n\n\n<p>Te-ai g\u00e2ndit vreodat\u0103 s\u0103 \u00eenve\u021bi lituaniana sau pur \u0219i simplu te-ai trezit intrigat de gramatica sa unic\u0103? Ei bine, te a\u0219teapt\u0103 o surpriz\u0103! Gramatica lituanian\u0103 poate p\u0103rea ciudat\u0103 la \u00eenceput, dar nu v\u0103 \u00een\u0219ela\u021bi \u2013 prezint\u0103 o logic\u0103 lingvistic\u0103 rafinat\u0103. \u00cen acest articol, vom dezv\u0103lui diferitele aspecte ale gramaticii lituaniene, \u00eemputernicindu-v\u0103 s\u0103-i aprecia\u021bi farmecul.<\/p>\n\n\n\n<p>\u00cen primul r\u00e2nd, un scurt context: lituaniana este o limb\u0103 baltic\u0103 vorbit\u0103 \u00een principal \u00een Lituania, dar \u00eent\u00e2lnit\u0103 \u0219i \u00een \u021b\u0103rile vecine. Fiind una dintre cele mai vechi limbi indo-europene vii, ea p\u0103streaz\u0103 tr\u0103s\u0103turi arhaice, oferind o perspectiv\u0103 asupra dezvolt\u0103rii altor limbi din cadrul familiei lingvistice. Aceast\u0103 semnifica\u021bie istoric\u0103 face lituaniana deosebit de captivant\u0103 pentru iubitorii de limbi.<\/p>\n\n\n\n<p>S\u0103 aprofund\u0103m acum c\u00e2teva aspecte cheie ale gramaticii lituaniene.<\/p>\n\n\n\n<h3 class=\"wp-block-heading\" id=\"h-1-nouns-cases-and-declensions\">1. Substantive, cazuri \u0219i declin\u0103ri<\/h3>\n\n\n\n<p>Una dintre cele mai proeminente caracteristici ale gramaticii lituaniene este sistemul s\u0103u complex de cazuri. Substantivele adopt\u0103 forme diferite \u00een func\u021bie de func\u021bia lor \u00eentr-o propozi\u021bie \u0219i dac\u0103 reflect\u0103 subiectul, obiectul sau destinatarul unei ac\u021biuni. Lituaniana are \u0219apte cazuri: nominativ, genitiv, dativ, acuzativ, instrumental, locativ \u0219i vocativ.<\/p>\n\n\n\n<p>S\u0103 lu\u0103m ca exemplu substantivul &#8222;vaikas&#8221; (copil). Se poate transforma \u00een &#8222;vaiko&#8221;, &#8222;vaikui&#8221;, &#8222;vaik\u0105&#8221; \u0219i a\u0219a mai departe, \u00een func\u021bie de rolul <a href=\"https:\/\/talkpal.ai\/culture\/how-do-i-use-pe-care-correctly\/\">pe care<\/a> \u00eel joac\u0103 \u00een cadrul unei propozi\u021bii. \u00cen plus, termina\u021biile sunt influen\u021bate de genul substantivului (masculin sau feminin) \u0219i sunt \u00eemp\u0103r\u021bite \u00een declin\u0103ri, ceea ce face ca limba s\u0103 fie \u0219i mai versatil\u0103.<\/p>\n\n\n\n<h3 class=\"wp-block-heading\" id=\"h-2-verb-conjugation-and-tenses\">2. Conjugarea verbelor \u0219i timpurile<\/h3>\n\n\n\n<p>Verbele lituaniene \u00ee\u0219i schimb\u0103 termina\u021biile \u00een func\u021bie de persoana \u0219i num\u0103rul (singular sau plural) al subiectului. De exemplu, verbul &#8222;eiti&#8221; (to go) poate deveni &#8222;einu&#8221; (I go), &#8222;einate&#8221; (you -plural- go), &#8222;eina&#8221; (they go), printre alte forme.<\/p>\n\n\n\n<p>Lituaniana are patru timpuri principale: prezent, trecut, trecut iterativ \u0219i viitor. Interesant este c\u0103 limbajul are, de asemenea, markeri de aspect: perfectiv \u0219i imperfectiv. Ace\u0219ti marcatori ofer\u0103 informa\u021bii suplimentare despre finalizarea sau desf\u0103\u0219urarea unei ac\u021biuni. De exemplu, &#8222;ne\u0161ti&#8221; (to carry &#8211; imperfectiv) versus &#8222;nat&#8221; (to have carried &#8211; perfectiv).<\/p>\n\n\n\n<h3 class=\"wp-block-heading\" id=\"h-3-sentence-structure-and-word-order\">3. Structura propozi\u021biei \u0219i ordinea cuvintelor<\/h3>\n\n\n\n<p>De\u0219i lituaniana urmeaz\u0103 \u00een general ordinea cuvintelor SVO (subiect-verb-obiect), sistemul s\u0103u de cazuri permite o flexibilitate considerabil\u0103. Spre deosebire de limba <a href=\"https:\/\/talkpal.ai\/learn-english-with-ai\/\">englez\u0103<\/a>, unde ordinea cuvintelor define\u0219te de obicei sensul unei propozi\u021bii, mutarea cuvintelor \u00een lituanian\u0103 nu schimb\u0103 sensul. De exemplu, &#8222;kat\u0117 valgo \u017euv\u012f&#8221; (pisica m\u0103n\u00e2nc\u0103 pe\u0219tele) poate fi, de asemenea, &#8222;\u017euv\u012f valgo kat\u0117&#8221; f\u0103r\u0103 a-\u0219i pierde sau modifica sensul.<\/p>\n\n\n\n<p>Aceast\u0103 flexibilitate v\u0103 permite s\u0103 v\u0103 juca\u021bi cu structura propozi\u021biei, s\u0103 sublinia\u021bi anumite elemente sau s\u0103 genera\u021bi nuan\u021be pe m\u0103sur\u0103 ce deveni\u021bi mai competen\u021bi \u00een limb\u0103.<\/p>\n\n\n\n<h3 class=\"wp-block-heading\" id=\"h-4-adjectives-adverbs-and-agreement-rules\">4. Adjective, adverbe \u0219i reguli de acord<\/h3>\n\n\n\n<p>La fel ca multe limbi, adjectivele \u0219i adverbele din lituanian\u0103 descriu substantive \u0219i verbe, dar respect\u0103 \u0219i reguli specifice de acord. \u00cen special, adjectivele trebuie s\u0103 fie de acord cu substantivul pe care \u00eel modific\u0103 \u00een caz, gen \u0219i num\u0103r. Odat\u0103 ce \u00een\u021belege\u021bi cazurile substantivale \u0219i conjug\u0103rile verbelor, aceste reguli vor veni mai natural.<\/p>\n\n\n\n<p>Deci, e\u0219ti preg\u0103tit s\u0103 te scufunzi \u00een gramatica lituanian\u0103? Cu perseveren\u021b\u0103, dedicare \u0219i resurse adecvate, \u00eenv\u0103\u021barea limbii lituaniene &#8211; bogat\u0103 \u00een istorie \u0219i patrimoniu cultural &#8211; este o experien\u021b\u0103 extrem de plin\u0103 de satisfac\u021bii. Aborda\u021bi limba pas cu pas, exersa\u021bi \u00een mod consecvent \u0219i r\u0103m\u00e2ne\u021bi deschis s\u0103 \u00eenv\u0103\u021ba\u021bi din gre\u0219eli. S\u0117km\u0117s! (Mult noroc!)<\/p>\n<\/div><\/div>\n\r\n<section class=\"learnNavigationSection\">\r\n            \r\n        <a href=\"https:\/\/talkpal.ai\/ro\/invata-lituaniana\/\">\r\n            <div class=\"learnNavigationWrapper\">\r\n                <div class=\"learnNavigationContent\">\r\n                    <img decoding=\"async\" src=\"https:\/\/talkpal.ai\/wp-content\/uploads\/2024\/08\/Lithuanian.jpg\" alt=\"Lithuanian Flag\">\r\n                    <div>\r\n                        <h4>Despre \u00eenv\u0103\u021barea lituanian\u0103<\/h4>\r\n                        <p>Afla\u021bi totul despre gramatica lituanian\u0103 .<\/p>\r\n                    <\/div>\r\n                <\/div>\r\n            <\/div>\r\n        <\/a>\r\n\r\n        \r\n        <a href=\"https:\/\/talkpal.ai\/ro\/exercitii-de-gramatica-lituaniana\/\">\r\n            <div class=\"learnNavigationWrapper\">\r\n                <div class=\"learnNavigationContent\">\r\n                    <img decoding=\"async\" src=\"https:\/\/talkpal.ai\/wp-content\/uploads\/2024\/08\/Lithuanian.jpg\" alt=\"Lithuanian Flag\">\r\n                    <div>\r\n                        <h4>Exerci\u021biu de gramatic\u0103 lituanian\u0103<\/h4>\r\n                        <p>Exersa\u021bi gramatica lituanian\u0103.<\/p>\r\n                    <\/div>\r\n                <\/div>\r\n            <\/div>\r\n        <\/a>\r\n\r\n        \r\n        <a href=\"https:\/\/talkpal.ai\/vocabulary_language\/lithuanian\/\">\r\n            <div class=\"learnNavigationWrapper\">\r\n                <div class=\"learnNavigationContent\">\r\n                    <img decoding=\"async\" src=\"https:\/\/talkpal.ai\/wp-content\/uploads\/2024\/08\/Lithuanian.jpg\" alt=\"Lithuanian Flag\">\r\n                    <div>\r\n                        <h4>Vocabular lituanian<\/h4>\r\n                        <p>Extinde\u021bi-v\u0103 vocabularul lituanian.<\/p>\r\n                    <\/div>\r\n                <\/div>\r\n            <\/div>\r\n        <\/a>\r\n\r\n            <\/section>","protected":false},"excerpt":{"rendered":"<p>Gramatica lituanian\u0103: o c\u0103l\u0103torie fascinant\u0103 prin limb\u0103 Te-ai g\u00e2ndit vreodat\u0103 s\u0103 \u00eenve\u021bi lituaniana sau pur \u0219i simplu te-ai trezit intrigat de gramatica sa unic\u0103? Ei bine, te a\u0219teapt\u0103 o surpriz\u0103! Gramatica lituanian\u0103 poate p\u0103rea ciudat\u0103 la \u00eenceput, dar nu v\u0103 \u00een\u0219ela\u021bi \u2013 prezint\u0103 o logic\u0103 lingvistic\u0103 rafinat\u0103. \u00cen acest articol, vom dezv\u0103lui diferitele aspecte ale [&hellip;]<\/p>\n","protected":false},"author":1,"featured_media":146147,"parent":0,"menu_order":0,"comment_status":"closed","ping_status":"closed","template":"LearningContentPage.php","meta":{"_acf_changed":false,"footnotes":""},"class_list":["post-146139","page","type-page","status-publish","has-post-thumbnail","hentry"],"acf":[],"yoast_head":"<!-- This site is optimized with the Yoast SEO Premium plugin v27.2 (Yoast SEO v27.2) - https:\/\/yoast.com\/product\/yoast-seo-premium-wordpress\/ -->\n<title>Gramatica lituanian\u0103 - Talkpal<\/title>\n<meta name=\"description\" content=\"Descoperi\u021bi cum gramatica lituanian\u0103 reflect\u0103 bog\u0103\u021bia \u0219i logica istoric\u0103, fiind un studiu perfect pentru iubitorii de limbi str\u0103ine.\" \/>\n<meta name=\"robots\" content=\"index, follow, max-snippet:-1, max-image-preview:large, max-video-preview:-1\" \/>\n<link rel=\"canonical\" href=\"https:\/\/talkpal.ai\/ro\/gramatica-lituaniana\/\" \/>\n<meta property=\"og:locale\" content=\"ro_RO\" \/>\n<meta property=\"og:type\" content=\"article\" \/>\n<meta property=\"og:title\" content=\"Gramatica lituanian\u0103\" \/>\n<meta property=\"og:description\" content=\"Gramatica lituanian\u0103: o c\u0103l\u0103torie fascinant\u0103 prin limb\u0103 Te-ai g\u00e2ndit vreodat\u0103 s\u0103 \u00eenve\u021bi lituaniana sau pur \u0219i simplu te-ai trezit intrigat de gramatica sa\" \/>\n<meta property=\"og:url\" content=\"https:\/\/talkpal.ai\/ro\/gramatica-lituaniana\/\" \/>\n<meta property=\"og:site_name\" content=\"Talkpal\" \/>\n<meta property=\"article:publisher\" content=\"https:\/\/www.facebook.com\/profile.php?id=100090733639311\" \/>\n<meta property=\"article:modified_time\" content=\"2025-12-12T10:42:44+00:00\" \/>\n<meta property=\"og:image\" content=\"https:\/\/talkpal.ai\/wp-content\/uploads\/2023\/05\/Lithuanian.png\" \/>\n\t<meta property=\"og:image:width\" content=\"512\" \/>\n\t<meta property=\"og:image:height\" content=\"512\" \/>\n\t<meta property=\"og:image:type\" content=\"image\/png\" \/>\n<meta name=\"twitter:card\" content=\"summary_large_image\" \/>\n<meta name=\"twitter:site\" content=\"@talkpalai\" \/>\n<meta name=\"twitter:label1\" content=\"Timp estimat pentru citire\" \/>\n\t<meta name=\"twitter:data1\" content=\"3 minute\" \/>\n<script type=\"application\/ld+json\" class=\"yoast-schema-graph\">{\"@context\":\"https:\/\/schema.org\",\"@graph\":[{\"@type\":\"WebPage\",\"@id\":\"https:\/\/talkpal.ai\/ro\/gramatica-lituaniana\/\",\"url\":\"https:\/\/talkpal.ai\/ro\/gramatica-lituaniana\/\",\"name\":\"Gramatica lituanian\u0103 - Talkpal\",\"isPartOf\":{\"@id\":\"https:\/\/talkpal.ai\/ro\/#website\"},\"primaryImageOfPage\":{\"@id\":\"https:\/\/talkpal.ai\/ro\/gramatica-lituaniana\/#primaryimage\"},\"image\":{\"@id\":\"https:\/\/talkpal.ai\/ro\/gramatica-lituaniana\/#primaryimage\"},\"thumbnailUrl\":\"https:\/\/talkpal.ai\/wp-content\/uploads\/2023\/05\/Lithuanian.png\",\"datePublished\":\"2023-05-14T14:10:42+00:00\",\"dateModified\":\"2025-12-12T10:42:44+00:00\",\"description\":\"Descoperi\u021bi cum gramatica lituanian\u0103 reflect\u0103 bog\u0103\u021bia \u0219i logica istoric\u0103, fiind un studiu perfect pentru iubitorii de limbi str\u0103ine.\",\"breadcrumb\":{\"@id\":\"https:\/\/talkpal.ai\/ro\/gramatica-lituaniana\/#breadcrumb\"},\"inLanguage\":\"ro-RO\",\"potentialAction\":[{\"@type\":\"ReadAction\",\"target\":[\"https:\/\/talkpal.ai\/ro\/gramatica-lituaniana\/\"]}]},{\"@type\":\"ImageObject\",\"inLanguage\":\"ro-RO\",\"@id\":\"https:\/\/talkpal.ai\/ro\/gramatica-lituaniana\/#primaryimage\",\"url\":\"https:\/\/talkpal.ai\/wp-content\/uploads\/2023\/05\/Lithuanian.png\",\"contentUrl\":\"https:\/\/talkpal.ai\/wp-content\/uploads\/2023\/05\/Lithuanian.png\",\"width\":512,\"height\":512},{\"@type\":\"BreadcrumbList\",\"@id\":\"https:\/\/talkpal.ai\/ro\/gramatica-lituaniana\/#breadcrumb\",\"itemListElement\":[{\"@type\":\"ListItem\",\"position\":1,\"name\":\"Homepage\",\"item\":\"https:\/\/talkpal.ai\/ro\/\"},{\"@type\":\"ListItem\",\"position\":2,\"name\":\"Gramatica lituanian\u0103\"}]},{\"@type\":\"WebSite\",\"@id\":\"https:\/\/talkpal.ai\/ro\/#website\",\"url\":\"https:\/\/talkpal.ai\/ro\/\",\"name\":\"Talkpal\",\"description\":\"AI Language Learning\",\"publisher\":{\"@id\":\"https:\/\/talkpal.ai\/ro\/#organization\"},\"alternateName\":\"Talkpal AI\",\"potentialAction\":[{\"@type\":\"SearchAction\",\"target\":{\"@type\":\"EntryPoint\",\"urlTemplate\":\"https:\/\/talkpal.ai\/ro\/?s={search_term_string}\"},\"query-input\":{\"@type\":\"PropertyValueSpecification\",\"valueRequired\":true,\"valueName\":\"search_term_string\"}}],\"inLanguage\":\"ro-RO\"},{\"@type\":\"Organization\",\"@id\":\"https:\/\/talkpal.ai\/ro\/#organization\",\"name\":\"Talkpal, Inc.\",\"alternateName\":\"Talkpal AI\",\"url\":\"https:\/\/talkpal.ai\/ro\/\",\"logo\":{\"@type\":\"ImageObject\",\"inLanguage\":\"ro-RO\",\"@id\":\"https:\/\/talkpal.ai\/ro\/#\/schema\/logo\/image\/\",\"url\":\"https:\/\/talkpal.ai\/wp-content\/uploads\/2024\/03\/Talkpal-Logo-Icon.png\",\"contentUrl\":\"https:\/\/talkpal.ai\/wp-content\/uploads\/2024\/03\/Talkpal-Logo-Icon.png\",\"width\":2880,\"height\":2880,\"caption\":\"Talkpal, Inc.\"},\"image\":{\"@id\":\"https:\/\/talkpal.ai\/ro\/#\/schema\/logo\/image\/\"},\"sameAs\":[\"https:\/\/www.facebook.com\/profile.php?id=100090733639311\",\"https:\/\/x.com\/talkpalai\",\"https:\/\/www.linkedin.com\/company\/talkpal\/\",\"https:\/\/www.youtube.com\/@TalkPal\/\",\"https:\/\/www.tiktok.com\/@talkpal\",\"https:\/\/www.instagram.com\/talkpal_ai\/\",\"https:\/\/www.crunchbase.com\/organization\/talkpal-9cde\",\"https:\/\/www.g2.com\/products\/talkpal-for-business\/\",\"https:\/\/www.trustpilot.com\/review\/talkpal.ai\",\"https:\/\/www.capterra.com\/p\/10006800\/TalkPal\/\"],\"description\":\"Talkpal is a language learning web and mobile education app, powered by the latest AI technologies, that provides engaging experiences to its customers in many different languages to help them improve their language skills. Users can chat about unlimited amount of topics with the app and use other modes to practice their language learning.\",\"email\":\"support@talkpal.ai\",\"legalName\":\"Talkpal, Inc.\",\"foundingDate\":\"2023-04-03\",\"duns\":\"118989042\",\"numberOfEmployees\":{\"@type\":\"QuantitativeValue\",\"minValue\":\"11\",\"maxValue\":\"50\"},\"publishingPrinciples\":\"https:\/\/talkpal.ai\/publishing-principles\/\",\"actionableFeedbackPolicy\":\"https:\/\/talkpal.ai\/actionable-feedback-policy\/\",\"correctionsPolicy\":\"https:\/\/talkpal.ai\/corrections-policy\/\",\"ethicsPolicy\":\"https:\/\/talkpal.ai\/ethics-policy\/\",\"diversityPolicy\":\"https:\/\/talkpal.ai\/diversity-policy\/\",\"diversityStaffingReport\":\"https:\/\/talkpal.ai\/diversity-policy\/\"}]}<\/script>\n<!-- \/ Yoast SEO Premium plugin. -->","yoast_head_json":{"title":"Gramatica lituanian\u0103 - Talkpal","description":"Descoperi\u021bi cum gramatica lituanian\u0103 reflect\u0103 bog\u0103\u021bia \u0219i logica istoric\u0103, fiind un studiu perfect pentru iubitorii de limbi str\u0103ine.","robots":{"index":"index","follow":"follow","max-snippet":"max-snippet:-1","max-image-preview":"max-image-preview:large","max-video-preview":"max-video-preview:-1"},"canonical":"https:\/\/talkpal.ai\/ro\/gramatica-lituaniana\/","og_locale":"ro_RO","og_type":"article","og_title":"Gramatica lituanian\u0103","og_description":"Gramatica lituanian\u0103: o c\u0103l\u0103torie fascinant\u0103 prin limb\u0103 Te-ai g\u00e2ndit vreodat\u0103 s\u0103 \u00eenve\u021bi lituaniana sau pur \u0219i simplu te-ai trezit intrigat de gramatica sa","og_url":"https:\/\/talkpal.ai\/ro\/gramatica-lituaniana\/","og_site_name":"Talkpal","article_publisher":"https:\/\/www.facebook.com\/profile.php?id=100090733639311","article_modified_time":"2025-12-12T10:42:44+00:00","og_image":[{"width":512,"height":512,"url":"https:\/\/talkpal.ai\/wp-content\/uploads\/2023\/05\/Lithuanian.png","type":"image\/png"}],"twitter_card":"summary_large_image","twitter_site":"@talkpalai","twitter_misc":{"Timp estimat pentru citire":"3 minute"},"schema":{"@context":"https:\/\/schema.org","@graph":[{"@type":"WebPage","@id":"https:\/\/talkpal.ai\/ro\/gramatica-lituaniana\/","url":"https:\/\/talkpal.ai\/ro\/gramatica-lituaniana\/","name":"Gramatica lituanian\u0103 - Talkpal","isPartOf":{"@id":"https:\/\/talkpal.ai\/ro\/#website"},"primaryImageOfPage":{"@id":"https:\/\/talkpal.ai\/ro\/gramatica-lituaniana\/#primaryimage"},"image":{"@id":"https:\/\/talkpal.ai\/ro\/gramatica-lituaniana\/#primaryimage"},"thumbnailUrl":"https:\/\/talkpal.ai\/wp-content\/uploads\/2023\/05\/Lithuanian.png","datePublished":"2023-05-14T14:10:42+00:00","dateModified":"2025-12-12T10:42:44+00:00","description":"Descoperi\u021bi cum gramatica lituanian\u0103 reflect\u0103 bog\u0103\u021bia \u0219i logica istoric\u0103, fiind un studiu perfect pentru iubitorii de limbi str\u0103ine.","breadcrumb":{"@id":"https:\/\/talkpal.ai\/ro\/gramatica-lituaniana\/#breadcrumb"},"inLanguage":"ro-RO","potentialAction":[{"@type":"ReadAction","target":["https:\/\/talkpal.ai\/ro\/gramatica-lituaniana\/"]}]},{"@type":"ImageObject","inLanguage":"ro-RO","@id":"https:\/\/talkpal.ai\/ro\/gramatica-lituaniana\/#primaryimage","url":"https:\/\/talkpal.ai\/wp-content\/uploads\/2023\/05\/Lithuanian.png","contentUrl":"https:\/\/talkpal.ai\/wp-content\/uploads\/2023\/05\/Lithuanian.png","width":512,"height":512},{"@type":"BreadcrumbList","@id":"https:\/\/talkpal.ai\/ro\/gramatica-lituaniana\/#breadcrumb","itemListElement":[{"@type":"ListItem","position":1,"name":"Homepage","item":"https:\/\/talkpal.ai\/ro\/"},{"@type":"ListItem","position":2,"name":"Gramatica lituanian\u0103"}]},{"@type":"WebSite","@id":"https:\/\/talkpal.ai\/ro\/#website","url":"https:\/\/talkpal.ai\/ro\/","name":"Talkpal","description":"AI Language Learning","publisher":{"@id":"https:\/\/talkpal.ai\/ro\/#organization"},"alternateName":"Talkpal AI","potentialAction":[{"@type":"SearchAction","target":{"@type":"EntryPoint","urlTemplate":"https:\/\/talkpal.ai\/ro\/?s={search_term_string}"},"query-input":{"@type":"PropertyValueSpecification","valueRequired":true,"valueName":"search_term_string"}}],"inLanguage":"ro-RO"},{"@type":"Organization","@id":"https:\/\/talkpal.ai\/ro\/#organization","name":"Talkpal, Inc.","alternateName":"Talkpal AI","url":"https:\/\/talkpal.ai\/ro\/","logo":{"@type":"ImageObject","inLanguage":"ro-RO","@id":"https:\/\/talkpal.ai\/ro\/#\/schema\/logo\/image\/","url":"https:\/\/talkpal.ai\/wp-content\/uploads\/2024\/03\/Talkpal-Logo-Icon.png","contentUrl":"https:\/\/talkpal.ai\/wp-content\/uploads\/2024\/03\/Talkpal-Logo-Icon.png","width":2880,"height":2880,"caption":"Talkpal, Inc."},"image":{"@id":"https:\/\/talkpal.ai\/ro\/#\/schema\/logo\/image\/"},"sameAs":["https:\/\/www.facebook.com\/profile.php?id=100090733639311","https:\/\/x.com\/talkpalai","https:\/\/www.linkedin.com\/company\/talkpal\/","https:\/\/www.youtube.com\/@TalkPal\/","https:\/\/www.tiktok.com\/@talkpal","https:\/\/www.instagram.com\/talkpal_ai\/","https:\/\/www.crunchbase.com\/organization\/talkpal-9cde","https:\/\/www.g2.com\/products\/talkpal-for-business\/","https:\/\/www.trustpilot.com\/review\/talkpal.ai","https:\/\/www.capterra.com\/p\/10006800\/TalkPal\/"],"description":"Talkpal is a language learning web and mobile education app, powered by the latest AI technologies, that provides engaging experiences to its customers in many different languages to help them improve their language skills. Users can chat about unlimited amount of topics with the app and use other modes to practice their language learning.","email":"support@talkpal.ai","legalName":"Talkpal, Inc.","foundingDate":"2023-04-03","duns":"118989042","numberOfEmployees":{"@type":"QuantitativeValue","minValue":"11","maxValue":"50"},"publishingPrinciples":"https:\/\/talkpal.ai\/publishing-principles\/","actionableFeedbackPolicy":"https:\/\/talkpal.ai\/actionable-feedback-policy\/","correctionsPolicy":"https:\/\/talkpal.ai\/corrections-policy\/","ethicsPolicy":"https:\/\/talkpal.ai\/ethics-policy\/","diversityPolicy":"https:\/\/talkpal.ai\/diversity-policy\/","diversityStaffingReport":"https:\/\/talkpal.ai\/diversity-policy\/"}]}},"_links":{"self":[{"href":"https:\/\/talkpal.ai\/ro\/wp-json\/wp\/v2\/pages\/146139","targetHints":{"allow":["GET"]}}],"collection":[{"href":"https:\/\/talkpal.ai\/ro\/wp-json\/wp\/v2\/pages"}],"about":[{"href":"https:\/\/talkpal.ai\/ro\/wp-json\/wp\/v2\/types\/page"}],"author":[{"embeddable":true,"href":"https:\/\/talkpal.ai\/ro\/wp-json\/wp\/v2\/users\/1"}],"replies":[{"embeddable":true,"href":"https:\/\/talkpal.ai\/ro\/wp-json\/wp\/v2\/comments?post=146139"}],"version-history":[{"count":0,"href":"https:\/\/talkpal.ai\/ro\/wp-json\/wp\/v2\/pages\/146139\/revisions"}],"wp:featuredmedia":[{"embeddable":true,"href":"https:\/\/talkpal.ai\/ro\/wp-json\/wp\/v2\/media\/146147"}],"wp:attachment":[{"href":"https:\/\/talkpal.ai\/ro\/wp-json\/wp\/v2\/media?parent=146139"}],"curies":[{"name":"wp","href":"https:\/\/api.w.org\/{rel}","templated":true}]}}