{"id":145938,"date":"2023-05-14T14:10:24","date_gmt":"2023-05-14T14:10:24","guid":{"rendered":"http:\/\/talkpal.ai\/gramatica-letona\/"},"modified":"2025-12-17T17:11:14","modified_gmt":"2025-12-17T17:11:14","slug":"gramatica-letona","status":"publish","type":"page","link":"https:\/\/talkpal.ai\/ro\/gramatica-letona\/","title":{"rendered":"Gramatica leton\u0103"},"content":{"rendered":"\r\n\r\n\r\n<section class=\"languageChallengeSection\">\r\n    <div class=\"languageInfoWrapper\">\r\n        \r\n        <h1>Gramatica leton\u0103<\/h1>\r\n        <p>Explora\u021bi lumea unic\u0103 a gramaticii letone \u0219i descoperi\u021bi frumuse\u021bea uneia dintre cele mai vibrante limbi din regiunea baltic\u0103. \u00cen\u021beleg\u00e2ndu-i structura \u0219i regulile, v\u0103 ve\u021bi spori \u00eencrederea \u0219i abilit\u0103\u021bile de comunicare. \u00cencepe\u021bi ast\u0103zi s\u0103 \u00eenv\u0103\u021ba\u021bi <a href=\"https:\/\/talkpal.ai\/latvian-grammar\/\">gramatica leton\u0103<\/a> \u0219i face\u021bi primul pas spre fluen\u021b\u0103!\n\n<\/p>\r\n\r\n                            <a class=\"getStartedHidden\" href=\"https:\/\/app.talkpal.ai\/ro\/signup?lng=\">\u00cencepe<\/a>\r\n        \r\n    <\/div>\r\n\r\n    <figure>\r\n    <img decoding=\"async\" width=\"768\" height=\"768\" src=\"https:\/\/talkpal.ai\/wp-content\/uploads\/2023\/06\/latvian-768x768.png\" class=\"languageImage no-lazy\" alt=\"Language learning to access more cultures\" fetchpriority=\"high\" sizes=\"(max-width: 768px) 150px, 768px\" srcset=\"https:\/\/talkpal.ai\/wp-content\/uploads\/2023\/06\/latvian-768x768.png 768w, https:\/\/talkpal.ai\/wp-content\/uploads\/2023\/06\/latvian-300x300.png 300w\" \/>\r\n    \r\n\r\n    <\/figure>\r\n\r\n            <a class=\"getStartedVisible\" href=\"https:\/\/app.talkpal.ai\/ro\/signup?lng=\">\u00cencepe<\/a>\r\n    \r\n<\/section>\r\n<section class=\"promotionalBanner\">\r\n    <p class=\"promotionalText\">Cel mai eficient mod de a \u00eenv\u0103\u021ba o limb\u0103<\/p>\r\n    <a class=\"promotionalLink\" href=\"https:\/\/app.talkpal.ai\/ro\/signup?lng=\">\u00cencerca\u021bi Talkpal gratuit<\/a>\r\n<\/section>\n<div class=\"wp-block-group pageContainerStyle\"><div class=\"wp-block-group__inner-container is-layout-constrained wp-block-group-is-layout-constrained\">\n<h2 class=\"wp-block-heading\" id=\"h-the-ultimate-guide-to-latvian-grammar-navigating-the-intricacies-of-a-unique-language\">Ghidul final al gramaticii letone: navigarea \u00een complexitatea unei limbi unice<\/h2>\n\n\n\n<p><a href=\"https:\/\/talkpal.ai\/latvian-grammar\/\">Gramatica leton\u0103<\/a>, ca \u0219i limba \u00eens\u0103\u0219i, prezint\u0103 o tapiserie bogat\u0103 \u0219i fascinant\u0103 de elemente lingvistice. Ca limb\u0103 baltic\u0103, letona \u00eenc\u00e2nt\u0103 cursan\u021bii cu caracteristicile <a href=\"https:\/\/talkpal.ai\/locations\/learn-english-in-sale\/\">sale<\/a> diverse \u0219i provoac\u0103 chiar \u0219i cei mai competen\u021bi vorbitori. \u00cen acest ghid, vom explora principiile cheie ale gramaticii letonei, vom demistifica complexitatea acesteia \u0219i v\u0103 vom sprijini \u00een c\u0103l\u0103toria dumneavoastr\u0103 pentru a deveni fluent \u00een aceast\u0103 limb\u0103 captivant\u0103. S\u0103 \u00eencepem!<\/p>\n\n\n\n<h3 class=\"wp-block-heading\" id=\"h-the-nuts-and-bolts-latvian-sentence-structure\">Piuli\u021bele \u0219i \u0219uruburile: structura propozi\u021biei letone<\/h3>\n\n\n\n<p>\u00cen esen\u021b\u0103, gramatica <a href=\"https:\/\/talkpal.ai\/learn-latvian\/\">leton\u0103<\/a> este destul de simpl\u0103. Limba urmeaz\u0103, \u00een general, structura propozi\u021biei subiect-verb-obiect (SVO), similar\u0103 cu engleza \u0219i multe alte limbi. De exemplu, propozi\u021bia &#8222;I eat an apple&#8221; se traduce prin &#8222;Es \u0113du \u0101bolu&#8221; (Es \u0113du \u0101bolu). Simplu, nu? Cu toate acestea, pe m\u0103sur\u0103 ce vom aprofunda mai mult, ve\u021bi \u00eent\u00e2lni c\u00e2teva tr\u0103s\u0103turi intrigante \u0219i distinctive ale gramaticii letone.<\/p>\n\n\n\n<h3 class=\"wp-block-heading\" id=\"h-meet-the-family-latvian-nouns-and-their-cases\">Face\u021bi cuno\u0219tin\u021b\u0103 cu familia: substantive letone \u0219i cazurile lor<\/h3>\n\n\n\n<p>Una dintre cele mai uimitoare caracteristici ale gramaticii letone pentru vorbitorii de <a href=\"https:\/\/talkpal.ai\/learn-english-with-ai\/\">englez\u0103<\/a> este no\u021biunea de cazuri gramaticale. \u00cen leton\u0103, exist\u0103 \u0219apte cazuri: nominativ, genitiv, dativ, acuzativ, locativ, instrumental \u0219i vocativ. Fiecare caz are propria func\u021bie \u0219i influen\u021beaz\u0103 forma substantivelor, adjectivelor, pronumelor \u0219i, uneori, chiar verbelor.<\/p>\n\n\n\n<p>De exemplu, s\u0103 lu\u0103m cuv\u00e2ntul &#8222;\u0101bols&#8221; (\u0101bols), care \u00eenseamn\u0103 &#8222;m\u0103r&#8221;:<\/p>\n\n\n\n<p><strong>&#8211; Cazul nominativ (folosit pentru subiec\u021bi): \u0101bols<\/strong><\/p>\n\n\n\n<p><strong>&#8211; Caz genitiv (folosit pentru posesie): \u0101bola<\/strong><\/p>\n\n\n\n<p><strong>&#8211; Cazul dativ (folosit pentru obiectele indirecte): \u0101bolam<\/strong><\/p>\n\n\n\n<p><strong>&#8211; Cazul acuzativ (folosit pentru obiectele directe): \u0101bolu<\/strong><\/p>\n\n\n\n<p><strong>&#8211; Cazul locativ (folosit pentru localizare): \u0101bol\u0101<\/strong><\/p>\n\n\n\n<p><strong>&#8211; Caz instrumental (utilizat pentru mijloacele prin care se realizeaz\u0103 o ac\u021biune): \u0101bolu\/-iem<\/strong><\/p>\n\n\n\n<p><strong>&#8211; Cazul vocativ (folosit pentru a se adresa cuiva sau ceva): \u0101bol<\/strong><\/p>\n\n\n\n<p>Este important s\u0103 v\u0103 familiariza\u021bi cu aceste cazuri, deoarece ele pot schimba dramatic sensul propozi\u021biilor dumneavoastr\u0103.<\/p>\n\n\n\n<h3 class=\"wp-block-heading\" id=\"h-playing-with-numbers-latvian-plurals-and-genders\">Jocul cu numerele: plural \u0219i genuri letone<\/h3>\n\n\n\n<p>Atunci c\u00e2nd forma\u021bi pluralul \u00een leton\u0103, este esen\u021bial s\u0103 \u021bine\u021bi cont de genul substantivului. \u00cen leton\u0103, substantivele au dou\u0103 genuri \u2013 masculin \u0219i feminin. Genul afecteaz\u0103 termina\u021biile substantivelor, adjectivelor, numeralelor \u0219i anumitor forme verbale.<\/p>\n\n\n\n<p>\u00cen general, substantivele masculine \u00een cazul nominativ plural se termin\u0103 \u00een -i, \u00een timp ce substantivele feminine se termin\u0103 \u00een -as. De exemplu, &#8222;zirgs&#8221; (zirgs, un substantiv masculin care \u00eenseamn\u0103 &#8222;cal&#8221;) devine &#8222;zirgi&#8221; (zirgi, cai), iar &#8222;sieviete&#8221; (sieviete, un substantiv feminin care \u00eenseamn\u0103 &#8222;femeie&#8221;) devine &#8222;sievietes&#8221; (sievietes, femei).<\/p>\n\n\n\n<p>Desigur, exist\u0103 \u0219i unele excep\u021bii, motiv pentru care este esen\u021bial s\u0103 \u00eenve\u021bi substantivele \u00eempreun\u0103 cu genurile lor \u0219i s\u0103 fii con\u0219tient de orice plural neregulat.<\/p>\n\n\n\n<h3 class=\"wp-block-heading\" id=\"h-the-art-of-conjugation-latvian-verbs\">Arta conjug\u0103rii: verbe letone<\/h3>\n\n\n\n<p>Verbele letone pot p\u0103rea ini\u021bial descurajante din cauza numeroaselor lor timpuri, st\u0103ri \u0219i conjug\u0103ri. Cu toate acestea, cheia \u00een\u021belegerii lor este recunoa\u0219terea modelelor comune \u0219i practicarea \u00een mod regulat.<\/p>\n\n\n\n<p>\u00cen leton\u0103, verbele sunt \u00eemp\u0103r\u021bite \u00een trei grupe pe baza termina\u021biilor lor infinitive, -t, -ties \u0219i -ties\/-t. Fiecare grup are reguli specifice de conjugare. S\u0103 lu\u0103m ca exemplu verbul &#8222;las\u012bt&#8221; (las\u012bt, &#8222;a citi&#8221;):<\/p>\n\n\n\n<p><strong>La timpul prezent: Es lasu (Es lasu, &#8222;am citit&#8221;)<\/strong><\/p>\n\n\n\n<p><strong>La timpul trecut: Es las\u012bju (Es las\u012bju, &#8222;am citit&#8221;)<\/strong><\/p>\n\n\n\n<p><strong>La timpul viitor: Es las\u012b\u0161u (Es las\u012b\u0161u, &#8222;voi citi&#8221;)<\/strong><\/p>\n\n\n\n<p>Dup\u0103 cum pute\u021bi vedea, finalurile se schimb\u0103 \u00een func\u021bie de timp. \u0218i asta nici m\u0103car nu zg\u00e2rie suprafa\u021ba conjug\u0103rii verbelor letone! Cu toate acestea, nu v\u0103 l\u0103sa\u021bi descuraja\u021bi. Cu exerci\u021biu \u0219i r\u0103bdare, ve\u021bi \u00eencepe s\u0103 recunoa\u0219te\u021bi tiparele \u0219i ve\u021bi \u00eenvinge aceast\u0103 provocare.<\/p>\n\n\n\n<h3 class=\"wp-block-heading\" id=\"h-the-finishing-touches-latvian-adjectives-adverbs-and-more\">Retu\u0219urile finale: adjective letone, adverbe \u0219i multe altele<\/h3>\n\n\n\n<p>C\u00e2nd vine vorba de adjective \u0219i adverbe letone, acestea joac\u0103 un rol critic \u00een ad\u0103ugarea de profunzime \u0219i complexitate discursului t\u0103u. Adjectivele trebuie s\u0103 fie \u00een acord cu substantivele <a href=\"https:\/\/talkpal.ai\/culture\/how-do-i-use-pe-care-correctly\/\">pe care<\/a> le modific\u0103 \u00een termeni de gen \u0219i caz, cu termina\u021bii care variaz\u0103 \u00een consecin\u021b\u0103.<\/p>\n\n\n\n<p>De exemplu, &#8222;gar\u0161\u012bgs&#8221; (gar\u0161\u012bgs) \u00eenseamn\u0103 &#8222;delicios&#8221; \u0219i s-ar putea s\u0103 \u00eel vede\u021bi ca &#8222;gar\u0161\u012bgs \u0101bols&#8221; (gar\u0161\u012bgs \u0101bols, &#8222;m\u0103r delicios&#8221;) sau &#8222;gar\u0161\u012bga zupa&#8221; (gar\u0161\u012bga zupa, &#8222;sup\u0103 delicioas\u0103&#8221;), cu termina\u021bii diferite pentru substantive masculine \u0219i feminine.<\/p>\n\n\n\n<p>Adverbele urmeaz\u0103 de obicei modele similare, adesea derivate din adjective. \u00cen leton\u0103, majoritatea adverbelor se termin\u0103 \u00een -i, care este aceea\u0219i form\u0103 ca acuzativul masculin singular pentru adjective.<\/p>\n\n\n\n<p>\u00cen concluzie, complexitatea \u0219i particularit\u0103\u021bile gramaticii letone, de\u0219i reprezint\u0103 o provocare, confer\u0103 limbii frumuse\u021bea \u0219i caracterul s\u0103u captivant. Cu o combina\u021bie de perseveren\u021b\u0103, curiozitate \u0219i aplica\u021bii practice, ve\u021bi naviga \u00een cur\u00e2nd prin gramatica leton\u0103 cu u\u0219urin\u021b\u0103 \u0219i \u00eencredere. Spor la invatat!<\/p>\n<\/div><\/div>\n\r\n<section class=\"learnNavigationSection\">\r\n            \r\n        <a href=\"https:\/\/talkpal.ai\/ro\/invata-letona\/\">\r\n            <div class=\"learnNavigationWrapper\">\r\n                <div class=\"learnNavigationContent\">\r\n                    <img decoding=\"async\" src=\"https:\/\/talkpal.ai\/wp-content\/uploads\/2024\/08\/Latvian.jpg\" alt=\"Latvian Flag\">\r\n                    <div>\r\n                        <h4>Despre \u00eenv\u0103\u021barea limbii letone<\/h4>\r\n                        <p>Afla\u021bi totul despre gramatica leton\u0103 .<\/p>\r\n                    <\/div>\r\n                <\/div>\r\n            <\/div>\r\n        <\/a>\r\n\r\n        \r\n        <a href=\"https:\/\/talkpal.ai\/ro\/exercitii-de-gramatica-letona\/\">\r\n            <div class=\"learnNavigationWrapper\">\r\n                <div class=\"learnNavigationContent\">\r\n                    <img decoding=\"async\" src=\"https:\/\/talkpal.ai\/wp-content\/uploads\/2024\/08\/Latvian.jpg\" alt=\"Latvian Flag\">\r\n                    <div>\r\n                        <h4>Exerci\u021biu de gramatic\u0103 leton\u0103<\/h4>\r\n                        <p>Exersa\u021bi gramatica leton\u0103.<\/p>\r\n                    <\/div>\r\n                <\/div>\r\n            <\/div>\r\n        <\/a>\r\n\r\n        \r\n        <a href=\"https:\/\/talkpal.ai\/vocabulary_language\/latvian\/\">\r\n            <div class=\"learnNavigationWrapper\">\r\n                <div class=\"learnNavigationContent\">\r\n                    <img decoding=\"async\" src=\"https:\/\/talkpal.ai\/wp-content\/uploads\/2024\/08\/Latvian.jpg\" alt=\"Latvian Flag\">\r\n                    <div>\r\n                        <h4>Vocabular leton<\/h4>\r\n                        <p>Extinde\u021bi-v\u0103 vocabularul leton.<\/p>\r\n                    <\/div>\r\n                <\/div>\r\n            <\/div>\r\n        <\/a>\r\n\r\n            <\/section>","protected":false},"excerpt":{"rendered":"<p>Ghidul final al gramaticii letone: navigarea \u00een complexitatea unei limbi unice Gramatica leton\u0103, ca \u0219i limba \u00eens\u0103\u0219i, prezint\u0103 o tapiserie bogat\u0103 \u0219i fascinant\u0103 de elemente lingvistice. Ca limb\u0103 baltic\u0103, letona \u00eenc\u00e2nt\u0103 cursan\u021bii cu caracteristicile sale diverse \u0219i provoac\u0103 chiar \u0219i cei mai competen\u021bi vorbitori. \u00cen acest ghid, vom explora principiile cheie ale gramaticii letonei, vom [&hellip;]<\/p>\n","protected":false},"author":1,"featured_media":114428,"parent":0,"menu_order":0,"comment_status":"closed","ping_status":"closed","template":"LearningContentPage.php","meta":{"_acf_changed":false,"footnotes":""},"class_list":["post-145938","page","type-page","status-publish","has-post-thumbnail","hentry"],"acf":[],"yoast_head":"<!-- This site is optimized with the Yoast SEO Premium plugin v27.2 (Yoast SEO v27.2) - https:\/\/yoast.com\/product\/yoast-seo-premium-wordpress\/ -->\n<title>Gramatica leton\u0103 - Talkpal<\/title>\n<meta name=\"description\" content=\"St\u0103p\u00e2ni\u021bi gramatica leton\u0103 cu \u00eencredere - \u00eenv\u0103\u021ba\u021bi regulile, exersa\u021bi utilizarea \u0219i \u00eembun\u0103t\u0103\u021bi\u021bi acurate\u021bea limbii cu u\u0219urin\u021b\u0103 cu Talkpalcu ajutorul AI-ului personalizat.\" \/>\n<meta name=\"robots\" content=\"index, follow, max-snippet:-1, max-image-preview:large, max-video-preview:-1\" \/>\n<link rel=\"canonical\" href=\"https:\/\/talkpal.ai\/ro\/gramatica-letona\/\" \/>\n<meta property=\"og:locale\" content=\"ro_RO\" \/>\n<meta property=\"og:type\" content=\"article\" \/>\n<meta property=\"og:title\" content=\"Gramatica leton\u0103\" \/>\n<meta property=\"og:description\" content=\"Ghidul final al gramaticii letone: navigarea \u00een complexitatea unei limbi unice Gramatica leton\u0103, ca \u0219i limba \u00eens\u0103\u0219i, prezint\u0103 o tapiserie bogat\u0103 \u0219i\" \/>\n<meta property=\"og:url\" content=\"https:\/\/talkpal.ai\/ro\/gramatica-letona\/\" \/>\n<meta property=\"og:site_name\" content=\"Talkpal\" \/>\n<meta property=\"article:publisher\" content=\"https:\/\/www.facebook.com\/profile.php?id=100090733639311\" \/>\n<meta property=\"article:modified_time\" content=\"2025-12-17T17:11:14+00:00\" \/>\n<meta property=\"og:image\" content=\"https:\/\/talkpal.ai\/wp-content\/uploads\/2023\/05\/latvia.png\" \/>\n\t<meta property=\"og:image:width\" content=\"512\" \/>\n\t<meta property=\"og:image:height\" content=\"512\" \/>\n\t<meta property=\"og:image:type\" content=\"image\/png\" \/>\n<meta name=\"twitter:card\" content=\"summary_large_image\" \/>\n<meta name=\"twitter:site\" content=\"@talkpalai\" \/>\n<meta name=\"twitter:label1\" content=\"Timp estimat pentru citire\" \/>\n\t<meta name=\"twitter:data1\" content=\"4 minute\" \/>\n<script type=\"application\/ld+json\" class=\"yoast-schema-graph\">{\"@context\":\"https:\/\/schema.org\",\"@graph\":[{\"@type\":\"WebPage\",\"@id\":\"https:\/\/talkpal.ai\/ro\/gramatica-letona\/\",\"url\":\"https:\/\/talkpal.ai\/ro\/gramatica-letona\/\",\"name\":\"Gramatica leton\u0103 - Talkpal\",\"isPartOf\":{\"@id\":\"https:\/\/talkpal.ai\/ro\/#website\"},\"primaryImageOfPage\":{\"@id\":\"https:\/\/talkpal.ai\/ro\/gramatica-letona\/#primaryimage\"},\"image\":{\"@id\":\"https:\/\/talkpal.ai\/ro\/gramatica-letona\/#primaryimage\"},\"thumbnailUrl\":\"https:\/\/talkpal.ai\/wp-content\/uploads\/2023\/05\/latvia.png\",\"datePublished\":\"2023-05-14T14:10:24+00:00\",\"dateModified\":\"2025-12-17T17:11:14+00:00\",\"description\":\"St\u0103p\u00e2ni\u021bi gramatica leton\u0103 cu \u00eencredere - \u00eenv\u0103\u021ba\u021bi regulile, exersa\u021bi utilizarea \u0219i \u00eembun\u0103t\u0103\u021bi\u021bi acurate\u021bea limbii cu u\u0219urin\u021b\u0103 cu Talkpalcu ajutorul AI-ului personalizat.\",\"breadcrumb\":{\"@id\":\"https:\/\/talkpal.ai\/ro\/gramatica-letona\/#breadcrumb\"},\"inLanguage\":\"ro-RO\",\"potentialAction\":[{\"@type\":\"ReadAction\",\"target\":[\"https:\/\/talkpal.ai\/ro\/gramatica-letona\/\"]}]},{\"@type\":\"ImageObject\",\"inLanguage\":\"ro-RO\",\"@id\":\"https:\/\/talkpal.ai\/ro\/gramatica-letona\/#primaryimage\",\"url\":\"https:\/\/talkpal.ai\/wp-content\/uploads\/2023\/05\/latvia.png\",\"contentUrl\":\"https:\/\/talkpal.ai\/wp-content\/uploads\/2023\/05\/latvia.png\",\"width\":512,\"height\":512},{\"@type\":\"BreadcrumbList\",\"@id\":\"https:\/\/talkpal.ai\/ro\/gramatica-letona\/#breadcrumb\",\"itemListElement\":[{\"@type\":\"ListItem\",\"position\":1,\"name\":\"Homepage\",\"item\":\"https:\/\/talkpal.ai\/ro\/\"},{\"@type\":\"ListItem\",\"position\":2,\"name\":\"Gramatica leton\u0103\"}]},{\"@type\":\"WebSite\",\"@id\":\"https:\/\/talkpal.ai\/ro\/#website\",\"url\":\"https:\/\/talkpal.ai\/ro\/\",\"name\":\"Talkpal\",\"description\":\"AI Language Learning\",\"publisher\":{\"@id\":\"https:\/\/talkpal.ai\/ro\/#organization\"},\"alternateName\":\"Talkpal AI\",\"potentialAction\":[{\"@type\":\"SearchAction\",\"target\":{\"@type\":\"EntryPoint\",\"urlTemplate\":\"https:\/\/talkpal.ai\/ro\/?s={search_term_string}\"},\"query-input\":{\"@type\":\"PropertyValueSpecification\",\"valueRequired\":true,\"valueName\":\"search_term_string\"}}],\"inLanguage\":\"ro-RO\"},{\"@type\":\"Organization\",\"@id\":\"https:\/\/talkpal.ai\/ro\/#organization\",\"name\":\"Talkpal, Inc.\",\"alternateName\":\"Talkpal AI\",\"url\":\"https:\/\/talkpal.ai\/ro\/\",\"logo\":{\"@type\":\"ImageObject\",\"inLanguage\":\"ro-RO\",\"@id\":\"https:\/\/talkpal.ai\/ro\/#\/schema\/logo\/image\/\",\"url\":\"https:\/\/talkpal.ai\/wp-content\/uploads\/2024\/03\/Talkpal-Logo-Icon.png\",\"contentUrl\":\"https:\/\/talkpal.ai\/wp-content\/uploads\/2024\/03\/Talkpal-Logo-Icon.png\",\"width\":2880,\"height\":2880,\"caption\":\"Talkpal, Inc.\"},\"image\":{\"@id\":\"https:\/\/talkpal.ai\/ro\/#\/schema\/logo\/image\/\"},\"sameAs\":[\"https:\/\/www.facebook.com\/profile.php?id=100090733639311\",\"https:\/\/x.com\/talkpalai\",\"https:\/\/www.linkedin.com\/company\/talkpal\/\",\"https:\/\/www.youtube.com\/@TalkPal\/\",\"https:\/\/www.tiktok.com\/@talkpal\",\"https:\/\/www.instagram.com\/talkpal_ai\/\",\"https:\/\/www.crunchbase.com\/organization\/talkpal-9cde\",\"https:\/\/www.g2.com\/products\/talkpal-for-business\/\",\"https:\/\/www.trustpilot.com\/review\/talkpal.ai\",\"https:\/\/www.capterra.com\/p\/10006800\/TalkPal\/\"],\"description\":\"Talkpal is a language learning web and mobile education app, powered by the latest AI technologies, that provides engaging experiences to its customers in many different languages to help them improve their language skills. Users can chat about unlimited amount of topics with the app and use other modes to practice their language learning.\",\"email\":\"support@talkpal.ai\",\"legalName\":\"Talkpal, Inc.\",\"foundingDate\":\"2023-04-03\",\"duns\":\"118989042\",\"numberOfEmployees\":{\"@type\":\"QuantitativeValue\",\"minValue\":\"11\",\"maxValue\":\"50\"},\"publishingPrinciples\":\"https:\/\/talkpal.ai\/publishing-principles\/\",\"actionableFeedbackPolicy\":\"https:\/\/talkpal.ai\/actionable-feedback-policy\/\",\"correctionsPolicy\":\"https:\/\/talkpal.ai\/corrections-policy\/\",\"ethicsPolicy\":\"https:\/\/talkpal.ai\/ethics-policy\/\",\"diversityPolicy\":\"https:\/\/talkpal.ai\/diversity-policy\/\",\"diversityStaffingReport\":\"https:\/\/talkpal.ai\/diversity-policy\/\"}]}<\/script>\n<!-- \/ Yoast SEO Premium plugin. -->","yoast_head_json":{"title":"Gramatica leton\u0103 - Talkpal","description":"St\u0103p\u00e2ni\u021bi gramatica leton\u0103 cu \u00eencredere - \u00eenv\u0103\u021ba\u021bi regulile, exersa\u021bi utilizarea \u0219i \u00eembun\u0103t\u0103\u021bi\u021bi acurate\u021bea limbii cu u\u0219urin\u021b\u0103 cu Talkpalcu ajutorul AI-ului personalizat.","robots":{"index":"index","follow":"follow","max-snippet":"max-snippet:-1","max-image-preview":"max-image-preview:large","max-video-preview":"max-video-preview:-1"},"canonical":"https:\/\/talkpal.ai\/ro\/gramatica-letona\/","og_locale":"ro_RO","og_type":"article","og_title":"Gramatica leton\u0103","og_description":"Ghidul final al gramaticii letone: navigarea \u00een complexitatea unei limbi unice Gramatica leton\u0103, ca \u0219i limba \u00eens\u0103\u0219i, prezint\u0103 o tapiserie bogat\u0103 \u0219i","og_url":"https:\/\/talkpal.ai\/ro\/gramatica-letona\/","og_site_name":"Talkpal","article_publisher":"https:\/\/www.facebook.com\/profile.php?id=100090733639311","article_modified_time":"2025-12-17T17:11:14+00:00","og_image":[{"width":512,"height":512,"url":"https:\/\/talkpal.ai\/wp-content\/uploads\/2023\/05\/latvia.png","type":"image\/png"}],"twitter_card":"summary_large_image","twitter_site":"@talkpalai","twitter_misc":{"Timp estimat pentru citire":"4 minute"},"schema":{"@context":"https:\/\/schema.org","@graph":[{"@type":"WebPage","@id":"https:\/\/talkpal.ai\/ro\/gramatica-letona\/","url":"https:\/\/talkpal.ai\/ro\/gramatica-letona\/","name":"Gramatica leton\u0103 - Talkpal","isPartOf":{"@id":"https:\/\/talkpal.ai\/ro\/#website"},"primaryImageOfPage":{"@id":"https:\/\/talkpal.ai\/ro\/gramatica-letona\/#primaryimage"},"image":{"@id":"https:\/\/talkpal.ai\/ro\/gramatica-letona\/#primaryimage"},"thumbnailUrl":"https:\/\/talkpal.ai\/wp-content\/uploads\/2023\/05\/latvia.png","datePublished":"2023-05-14T14:10:24+00:00","dateModified":"2025-12-17T17:11:14+00:00","description":"St\u0103p\u00e2ni\u021bi gramatica leton\u0103 cu \u00eencredere - \u00eenv\u0103\u021ba\u021bi regulile, exersa\u021bi utilizarea \u0219i \u00eembun\u0103t\u0103\u021bi\u021bi acurate\u021bea limbii cu u\u0219urin\u021b\u0103 cu Talkpalcu ajutorul AI-ului personalizat.","breadcrumb":{"@id":"https:\/\/talkpal.ai\/ro\/gramatica-letona\/#breadcrumb"},"inLanguage":"ro-RO","potentialAction":[{"@type":"ReadAction","target":["https:\/\/talkpal.ai\/ro\/gramatica-letona\/"]}]},{"@type":"ImageObject","inLanguage":"ro-RO","@id":"https:\/\/talkpal.ai\/ro\/gramatica-letona\/#primaryimage","url":"https:\/\/talkpal.ai\/wp-content\/uploads\/2023\/05\/latvia.png","contentUrl":"https:\/\/talkpal.ai\/wp-content\/uploads\/2023\/05\/latvia.png","width":512,"height":512},{"@type":"BreadcrumbList","@id":"https:\/\/talkpal.ai\/ro\/gramatica-letona\/#breadcrumb","itemListElement":[{"@type":"ListItem","position":1,"name":"Homepage","item":"https:\/\/talkpal.ai\/ro\/"},{"@type":"ListItem","position":2,"name":"Gramatica leton\u0103"}]},{"@type":"WebSite","@id":"https:\/\/talkpal.ai\/ro\/#website","url":"https:\/\/talkpal.ai\/ro\/","name":"Talkpal","description":"AI Language Learning","publisher":{"@id":"https:\/\/talkpal.ai\/ro\/#organization"},"alternateName":"Talkpal AI","potentialAction":[{"@type":"SearchAction","target":{"@type":"EntryPoint","urlTemplate":"https:\/\/talkpal.ai\/ro\/?s={search_term_string}"},"query-input":{"@type":"PropertyValueSpecification","valueRequired":true,"valueName":"search_term_string"}}],"inLanguage":"ro-RO"},{"@type":"Organization","@id":"https:\/\/talkpal.ai\/ro\/#organization","name":"Talkpal, Inc.","alternateName":"Talkpal AI","url":"https:\/\/talkpal.ai\/ro\/","logo":{"@type":"ImageObject","inLanguage":"ro-RO","@id":"https:\/\/talkpal.ai\/ro\/#\/schema\/logo\/image\/","url":"https:\/\/talkpal.ai\/wp-content\/uploads\/2024\/03\/Talkpal-Logo-Icon.png","contentUrl":"https:\/\/talkpal.ai\/wp-content\/uploads\/2024\/03\/Talkpal-Logo-Icon.png","width":2880,"height":2880,"caption":"Talkpal, Inc."},"image":{"@id":"https:\/\/talkpal.ai\/ro\/#\/schema\/logo\/image\/"},"sameAs":["https:\/\/www.facebook.com\/profile.php?id=100090733639311","https:\/\/x.com\/talkpalai","https:\/\/www.linkedin.com\/company\/talkpal\/","https:\/\/www.youtube.com\/@TalkPal\/","https:\/\/www.tiktok.com\/@talkpal","https:\/\/www.instagram.com\/talkpal_ai\/","https:\/\/www.crunchbase.com\/organization\/talkpal-9cde","https:\/\/www.g2.com\/products\/talkpal-for-business\/","https:\/\/www.trustpilot.com\/review\/talkpal.ai","https:\/\/www.capterra.com\/p\/10006800\/TalkPal\/"],"description":"Talkpal is a language learning web and mobile education app, powered by the latest AI technologies, that provides engaging experiences to its customers in many different languages to help them improve their language skills. Users can chat about unlimited amount of topics with the app and use other modes to practice their language learning.","email":"support@talkpal.ai","legalName":"Talkpal, Inc.","foundingDate":"2023-04-03","duns":"118989042","numberOfEmployees":{"@type":"QuantitativeValue","minValue":"11","maxValue":"50"},"publishingPrinciples":"https:\/\/talkpal.ai\/publishing-principles\/","actionableFeedbackPolicy":"https:\/\/talkpal.ai\/actionable-feedback-policy\/","correctionsPolicy":"https:\/\/talkpal.ai\/corrections-policy\/","ethicsPolicy":"https:\/\/talkpal.ai\/ethics-policy\/","diversityPolicy":"https:\/\/talkpal.ai\/diversity-policy\/","diversityStaffingReport":"https:\/\/talkpal.ai\/diversity-policy\/"}]}},"_links":{"self":[{"href":"https:\/\/talkpal.ai\/ro\/wp-json\/wp\/v2\/pages\/145938","targetHints":{"allow":["GET"]}}],"collection":[{"href":"https:\/\/talkpal.ai\/ro\/wp-json\/wp\/v2\/pages"}],"about":[{"href":"https:\/\/talkpal.ai\/ro\/wp-json\/wp\/v2\/types\/page"}],"author":[{"embeddable":true,"href":"https:\/\/talkpal.ai\/ro\/wp-json\/wp\/v2\/users\/1"}],"replies":[{"embeddable":true,"href":"https:\/\/talkpal.ai\/ro\/wp-json\/wp\/v2\/comments?post=145938"}],"version-history":[{"count":0,"href":"https:\/\/talkpal.ai\/ro\/wp-json\/wp\/v2\/pages\/145938\/revisions"}],"wp:featuredmedia":[{"embeddable":true,"href":"https:\/\/talkpal.ai\/ro\/wp-json\/wp\/v2\/media\/114428"}],"wp:attachment":[{"href":"https:\/\/talkpal.ai\/ro\/wp-json\/wp\/v2\/media?parent=145938"}],"curies":[{"name":"wp","href":"https:\/\/api.w.org\/{rel}","templated":true}]}}