{"id":145557,"date":"2023-05-14T14:09:47","date_gmt":"2023-05-14T14:09:47","guid":{"rendered":"http:\/\/talkpal.ai\/gramatica-kannada\/"},"modified":"2025-12-11T16:21:22","modified_gmt":"2025-12-11T16:21:22","slug":"gramatica-kannada","status":"publish","type":"page","link":"https:\/\/talkpal.ai\/ro\/gramatica-kannada\/","title":{"rendered":"Gramatica Kannada"},"content":{"rendered":"\r\n\r\n\r\n<section class=\"languageChallengeSection\">\r\n    <div class=\"languageInfoWrapper\">\r\n        \r\n        <h1>Gramatica Kannada<\/h1>\r\n        <p>Sunte\u021bi ner\u0103bd\u0103tori s\u0103 explora\u021bi <a href=\"https:\/\/talkpal.ai\/learn-kannada\/\">Kannada<\/a>? P\u0103trunde\u021bi \u00een <a href=\"https:\/\/talkpal.ai\/kannada-grammar\/\">gramatica kannada<\/a>, care prezint\u0103 conjug\u0103ri bogate ale verbelor, substantive de gen \u0219i un sistem logic de cazuri care aduce limba la via\u021b\u0103. \u00cencepe\u021bi s\u0103 \u00eenv\u0103\u021ba\u021bi ast\u0103zi &#8211; st\u0103p\u00e2nirea gramaticii kannada v\u0103 va oferi instrumentele necesare pentru a v\u0103 conecta profund cu cultura vibrant\u0103 din Karnataka \u0219i pentru a comunica cu \u00eencredere \u00eentr-una dintre cele mai expresive limbi din sudul Indiei!<\/p>\r\n\r\n                            <a class=\"getStartedHidden\" href=\"https:\/\/app.talkpal.ai\/ro\/signup?lng=\">\u00cencepe<\/a>\r\n        \r\n    <\/div>\r\n\r\n    <figure>\r\n    <img decoding=\"async\" width=\"768\" height=\"768\" src=\"https:\/\/talkpal.ai\/wp-content\/uploads\/2023\/06\/Kannada-768x768.png\" class=\"languageImage no-lazy\" alt=\"Language learning for increased mental flexibility\" fetchpriority=\"high\" sizes=\"(max-width: 768px) 150px, 768px\" srcset=\"https:\/\/talkpal.ai\/wp-content\/uploads\/2023\/06\/Kannada-768x768.png 768w, https:\/\/talkpal.ai\/wp-content\/uploads\/2023\/06\/Kannada-300x300.png 300w\" \/>\r\n    \r\n\r\n    <\/figure>\r\n\r\n            <a class=\"getStartedVisible\" href=\"https:\/\/app.talkpal.ai\/ro\/signup?lng=\">\u00cencepe<\/a>\r\n    \r\n<\/section>\r\n<section class=\"promotionalBanner\">\r\n    <p class=\"promotionalText\">Cel mai eficient mod de a \u00eenv\u0103\u021ba o limb\u0103<\/p>\r\n    <a class=\"promotionalLink\" href=\"https:\/\/app.talkpal.ai\/ro\/signup?lng=\">\u00cencerca\u021bi Talkpal gratuit<\/a>\r\n<\/section>\n<div class=\"wp-block-group pageContainerStyle\"><div class=\"wp-block-group__inner-container is-layout-constrained wp-block-group-is-layout-constrained\">\n<h2 class=\"wp-block-heading\" id=\"h-kannada-grammar-an-insight-into-the-richness-of-the-dravidian-language\">Gramatica Kannada: O perspectiv\u0103 asupra bog\u0103\u021biei limbii dravidiene<\/h2>\n\n\n\n<p>V-a\u021bi \u00eentrebat vreodat\u0103 despre diversitatea lingvistic\u0103 a Indiei? Ca un entuziast de limb\u0103 sau un cursant curios, a\u021bi putea fi interesat s\u0103 arunca\u021bi o privire mai atent\u0103 \u00eentr-una dintre limbile clasice ale Indiei &#8211; Kannada. Kannada este o limb\u0103 dravidian\u0103 vorbit\u0103 predominant \u00een statul sudic Karnataka. Este limba nativ\u0103 a aproximativ 44 de milioane de oameni, ceea ce o face una dintre cele mai importante limbi indiene. Haide\u021bi s\u0103 ne scufund\u0103m \u00een lumea fascinant\u0103 a gramaticii kannada \u0219i s\u0103 afl\u0103m mai multe despre aceast\u0103 frumoas\u0103 limb\u0103.<\/p>\n\n\n\n<h3 class=\"wp-block-heading\" id=\"h-the-linguistic-alphabet-kannada-script\">Alfabetul lingvistic: Kannada Script<\/h3>\n\n\n\n<p>Scrierea kannada, cunoscut\u0103 \u0219i sub numele de &#8222;\u0c95\u0ca8\u0ccd\u0ca8\u0ca1 \u0cb2\u0cbf\u0caa\u0cbf&#8221; (Kannada Lipi), este o abugida &#8211; un sistem de scriere cu alfabete silabice. Fiecare liter\u0103 reprezint\u0103 o combina\u021bie diferit\u0103 consoan\u0103-vocal\u0103. Scenariul este format din 49 de caractere, inclusiv 34 de consoane \u0219i 13 vocale. Cu un aspect vizual distinct, alfabetul kannada este o modalitate unic\u0103 \u0219i minunat\u0103 de a transmite sunetele \u0219i \u00een\u021belesurile limbii.<\/p>\n\n\n\n<h3 class=\"wp-block-heading\" id=\"h-nouns-pronouns-and-cases-more-than-meets-the-eye\">Substantive, pronume \u0219i cazuri &#8211; mai mult dec\u00e2t se vede cu ochiul liber<\/h3>\n\n\n\n<p>Substantivele kannada sunt unice datorit\u0103 sistemului lor de declinare \u2013 ele urmeaz\u0103 un sistem de cazuri la fel ca alte limbi dravidiene. Exist\u0103 opt cazuri \u00een Kannada, care ajut\u0103 la definirea rela\u021biei dintre substantiv \u0219i celelalte cuvinte din propozi\u021bie: nominativ, acuzativ, instrumental, dativ, ablativ, genitiv, locativ \u0219i vocativ. Substantivele din kannada sunt, de asemenea, clasificate \u00een func\u021bie de gen (masculin, feminin \u0219i neutru) \u0219i num\u0103r (singular, plural \u0219i dual &#8211; o caracteristic\u0103 rar\u0103 printre limbile indiene).<\/p>\n\n\n\n<p>Pronumele din Kannada sunt, de asemenea, fascinante. Ele poart\u0103 distinc\u021bii pentru fiecare persoan\u0103 (prima, a doua \u0219i a treia), num\u0103rul (singular, plural \u0219i dual) \u0219i genul (masculin, feminin \u0219i neutru). \u00cen plus, kannada are mai multe forme onorifice de adresare, demonstr\u00e2nd aspectele culturale de respect \u0219i polite\u021be ale limbii.<\/p>\n\n\n\n<h3 class=\"wp-block-heading\" id=\"h-venturing-into-verbs-tenses-aspects-and-moods\">Aventurarea \u00een verbe: timpuri, aspecte \u0219i st\u0103ri de spirit<\/h3>\n\n\n\n<p>Verbele Kannada se caracterizeaz\u0103 printr-un sistem bogat de conjugare. Verbele sunt conjugate \u00een func\u021bie de timp (trecut, prezent \u0219i viitor), aspect (perfectiv sau imperfectiv) \u0219i dispozi\u021bie (indicativ, <a href=\"https:\/\/talkpal.ai\/ja\/grammar_exercises\/imperatif-%e3%83%95%e3%83%a9%e3%83%b3%e3%82%b9%e3%81%ae%e6%96%87%e6%b3%95%e3%81%ae%e3%81%9f%e3%82%81%e3%81%ae%e6%bc%94%e7%bf%92\/\">imperativ<\/a> \u0219i condi\u021bional). O complexitate suplimentar\u0103 se adaug\u0103 prin prezen\u021ba verbelor cauzale \u0219i a vocilor pasive \u0219i active. Conjugarea depinde de persoan\u0103, num\u0103r \u0219i sex, ceea ce face ca formele verbului Kannada s\u0103 fie foarte flexionate \u0219i complicate.<\/p>\n\n\n\n<h3 class=\"wp-block-heading\" id=\"h-adjectives-adverbs-and-more\">Adjective, adverbe \u0219i multe altele<\/h3>\n\n\n\n<p>Adjectivele \u0219i cifrele Kannada sunt de acord cu substantivele <a href=\"https:\/\/talkpal.ai\/culture\/how-do-i-use-pe-care-correctly\/\">pe care<\/a> le modific\u0103 \u00een termeni de gen, num\u0103r \u0219i caz. Adjectivele pot fi flexionate \u00een acela\u0219i mod ca substantivele \u0219i pot fi chiar combinate pentru a forma adverbe. Limbajul folose\u0219te, de asemenea, diferite conjunc\u021bii, particule \u0219i prepozi\u021bii pentru a reuni propozi\u021biile \u0219i componentele lor \u00eentr-un \u00eentreg coeziv \u0219i expresiv.<\/p>\n\n\n\n<h3 class=\"wp-block-heading\" id=\"h-embracing-the-beauty-of-kannada-grammar\">\u00cembr\u0103\u021bi\u0219\u00e2nd frumuse\u021bea gramaticii kannada<\/h3>\n\n\n\n<p>Lumea gramaticii Kannada este pe c\u00e2t de fascinant\u0103, pe at\u00e2t de complex\u0103. Sistemul complicat de cazuri, scrierea unic\u0103 \u0219i formele verbale foarte flexionate confer\u0103 Kannadei farmecul \u0219i bog\u0103\u021bia sa. Prin p\u0103trunderea \u00een t\u0103r\u00e2murile acestei limbi rafinate, ve\u021bi ob\u021bine o \u00een\u021belegere mai profund\u0103 a diversit\u0103\u021bii lingvistice \u0219i culturale a Indiei.<\/p>\n\n\n\n<p>Deci, de ce s\u0103 nu explora\u021bi frumuse\u021bea Kannada mai departe? Cu pasiune \u0219i curiozitate, s-ar putea s\u0103 v\u0103 bucura\u021bi \u00een cur\u00e2nd de splendida literatur\u0103, cinema \u0219i muzic\u0103 \u00een aceast\u0103 limb\u0103 maiestuoas\u0103. Spor la invatat!<\/p>\n<\/div><\/div>\n\r\n<section class=\"learnNavigationSection\">\r\n            \r\n        <a href=\"https:\/\/talkpal.ai\/ro\/invata-kannada\/\">\r\n            <div class=\"learnNavigationWrapper\">\r\n                <div class=\"learnNavigationContent\">\r\n                    <img decoding=\"async\" src=\"https:\/\/talkpal.ai\/wp-content\/uploads\/2024\/08\/Kannada.jpg\" alt=\"Indian Simplified Flag\">\r\n                    <div>\r\n                        <h4>Despre Kannada Learning<\/h4>\r\n                        <p>Afla\u021bi totul despre gramatica Kannada.<\/p>\r\n                    <\/div>\r\n                <\/div>\r\n            <\/div>\r\n        <\/a>\r\n\r\n        \r\n        <a href=\"https:\/\/talkpal.ai\/ro\/exercitii-de-gramatica-kannada\/\">\r\n            <div class=\"learnNavigationWrapper\">\r\n                <div class=\"learnNavigationContent\">\r\n                    <img decoding=\"async\" src=\"https:\/\/talkpal.ai\/wp-content\/uploads\/2024\/08\/Kannada.jpg\" alt=\"Indian Simplified Flag\">\r\n                    <div>\r\n                        <h4>Exerci\u021biu de gramatic\u0103 Kannada<\/h4>\r\n                        <p>Exersa\u021bi gramatica Kannada.<\/p>\r\n                    <\/div>\r\n                <\/div>\r\n            <\/div>\r\n        <\/a>\r\n\r\n        \r\n        <a href=\"https:\/\/talkpal.ai\/vocabulary_language\/kannada\/\">\r\n            <div class=\"learnNavigationWrapper\">\r\n                <div class=\"learnNavigationContent\">\r\n                    <img decoding=\"async\" src=\"https:\/\/talkpal.ai\/wp-content\/uploads\/2024\/08\/Kannada.jpg\" alt=\"Indian Simplified Flag\">\r\n                    <div>\r\n                        <h4>Kannada Vocabular<\/h4>\r\n                        <p>Extinde\u021bi-v\u0103 vocabularul Kannada.<\/p>\r\n                    <\/div>\r\n                <\/div>\r\n            <\/div>\r\n        <\/a>\r\n\r\n            <\/section>","protected":false},"excerpt":{"rendered":"<p>Gramatica Kannada: O perspectiv\u0103 asupra bog\u0103\u021biei limbii dravidiene V-a\u021bi \u00eentrebat vreodat\u0103 despre diversitatea lingvistic\u0103 a Indiei? Ca un entuziast de limb\u0103 sau un cursant curios, a\u021bi putea fi interesat s\u0103 arunca\u021bi o privire mai atent\u0103 \u00eentr-una dintre limbile clasice ale Indiei &#8211; Kannada. Kannada este o limb\u0103 dravidian\u0103 vorbit\u0103 predominant \u00een statul sudic Karnataka. Este [&hellip;]<\/p>\n","protected":false},"author":1,"featured_media":113863,"parent":0,"menu_order":0,"comment_status":"closed","ping_status":"closed","template":"LearningContentPage.php","meta":{"_acf_changed":false,"footnotes":""},"class_list":["post-145557","page","type-page","status-publish","has-post-thumbnail","hentry"],"acf":[],"yoast_head":"<!-- This site is optimized with the Yoast SEO Premium plugin v27.2 (Yoast SEO v27.2) - https:\/\/yoast.com\/product\/yoast-seo-premium-wordpress\/ -->\n<title>Gramatica Kannada - Talkpal<\/title>\n<meta name=\"description\" content=\"\u00cenv\u0103\u021ba\u021bi gramatica Kannada cu \u00eencredere - \u00een\u021belege\u021bi regulile cheie, perfec\u021biona\u021bi construc\u021bia propozi\u021biilor \u0219i stimula\u021bi fluen\u021ba\" \/>\n<meta name=\"robots\" content=\"index, follow, max-snippet:-1, max-image-preview:large, max-video-preview:-1\" \/>\n<link rel=\"canonical\" href=\"https:\/\/talkpal.ai\/ro\/gramatica-kannada\/\" \/>\n<meta property=\"og:locale\" content=\"ro_RO\" \/>\n<meta property=\"og:type\" content=\"article\" \/>\n<meta property=\"og:title\" content=\"Gramatica Kannada\" \/>\n<meta property=\"og:description\" content=\"Gramatica Kannada: O perspectiv\u0103 asupra bog\u0103\u021biei limbii dravidiene V-a\u021bi \u00eentrebat vreodat\u0103 despre diversitatea lingvistic\u0103 a Indiei? Ca un entuziast de\" \/>\n<meta property=\"og:url\" content=\"https:\/\/talkpal.ai\/ro\/gramatica-kannada\/\" \/>\n<meta property=\"og:site_name\" content=\"Talkpal\" \/>\n<meta property=\"article:publisher\" content=\"https:\/\/www.facebook.com\/profile.php?id=100090733639311\" \/>\n<meta property=\"article:modified_time\" content=\"2025-12-11T16:21:22+00:00\" \/>\n<meta property=\"og:image\" content=\"https:\/\/talkpal.ai\/wp-content\/uploads\/2023\/05\/Kannada-india.png\" \/>\n\t<meta property=\"og:image:width\" content=\"512\" \/>\n\t<meta property=\"og:image:height\" content=\"512\" \/>\n\t<meta property=\"og:image:type\" content=\"image\/png\" \/>\n<meta name=\"twitter:card\" content=\"summary_large_image\" \/>\n<meta name=\"twitter:site\" content=\"@talkpalai\" \/>\n<meta name=\"twitter:label1\" content=\"Timp estimat pentru citire\" \/>\n\t<meta name=\"twitter:data1\" content=\"3 minute\" \/>\n<script type=\"application\/ld+json\" class=\"yoast-schema-graph\">{\"@context\":\"https:\/\/schema.org\",\"@graph\":[{\"@type\":\"WebPage\",\"@id\":\"https:\/\/talkpal.ai\/ro\/gramatica-kannada\/\",\"url\":\"https:\/\/talkpal.ai\/ro\/gramatica-kannada\/\",\"name\":\"Gramatica Kannada - Talkpal\",\"isPartOf\":{\"@id\":\"https:\/\/talkpal.ai\/ro\/#website\"},\"primaryImageOfPage\":{\"@id\":\"https:\/\/talkpal.ai\/ro\/gramatica-kannada\/#primaryimage\"},\"image\":{\"@id\":\"https:\/\/talkpal.ai\/ro\/gramatica-kannada\/#primaryimage\"},\"thumbnailUrl\":\"https:\/\/talkpal.ai\/wp-content\/uploads\/2023\/05\/Kannada-india.png\",\"datePublished\":\"2023-05-14T14:09:47+00:00\",\"dateModified\":\"2025-12-11T16:21:22+00:00\",\"description\":\"\u00cenv\u0103\u021ba\u021bi gramatica Kannada cu \u00eencredere - \u00een\u021belege\u021bi regulile cheie, perfec\u021biona\u021bi construc\u021bia propozi\u021biilor \u0219i stimula\u021bi fluen\u021ba\",\"breadcrumb\":{\"@id\":\"https:\/\/talkpal.ai\/ro\/gramatica-kannada\/#breadcrumb\"},\"inLanguage\":\"ro-RO\",\"potentialAction\":[{\"@type\":\"ReadAction\",\"target\":[\"https:\/\/talkpal.ai\/ro\/gramatica-kannada\/\"]}]},{\"@type\":\"ImageObject\",\"inLanguage\":\"ro-RO\",\"@id\":\"https:\/\/talkpal.ai\/ro\/gramatica-kannada\/#primaryimage\",\"url\":\"https:\/\/talkpal.ai\/wp-content\/uploads\/2023\/05\/Kannada-india.png\",\"contentUrl\":\"https:\/\/talkpal.ai\/wp-content\/uploads\/2023\/05\/Kannada-india.png\",\"width\":512,\"height\":512},{\"@type\":\"BreadcrumbList\",\"@id\":\"https:\/\/talkpal.ai\/ro\/gramatica-kannada\/#breadcrumb\",\"itemListElement\":[{\"@type\":\"ListItem\",\"position\":1,\"name\":\"Homepage\",\"item\":\"https:\/\/talkpal.ai\/ro\/\"},{\"@type\":\"ListItem\",\"position\":2,\"name\":\"Gramatica Kannada\"}]},{\"@type\":\"WebSite\",\"@id\":\"https:\/\/talkpal.ai\/ro\/#website\",\"url\":\"https:\/\/talkpal.ai\/ro\/\",\"name\":\"Talkpal\",\"description\":\"AI Language Learning\",\"publisher\":{\"@id\":\"https:\/\/talkpal.ai\/ro\/#organization\"},\"alternateName\":\"Talkpal AI\",\"potentialAction\":[{\"@type\":\"SearchAction\",\"target\":{\"@type\":\"EntryPoint\",\"urlTemplate\":\"https:\/\/talkpal.ai\/ro\/?s={search_term_string}\"},\"query-input\":{\"@type\":\"PropertyValueSpecification\",\"valueRequired\":true,\"valueName\":\"search_term_string\"}}],\"inLanguage\":\"ro-RO\"},{\"@type\":\"Organization\",\"@id\":\"https:\/\/talkpal.ai\/ro\/#organization\",\"name\":\"Talkpal, Inc.\",\"alternateName\":\"Talkpal AI\",\"url\":\"https:\/\/talkpal.ai\/ro\/\",\"logo\":{\"@type\":\"ImageObject\",\"inLanguage\":\"ro-RO\",\"@id\":\"https:\/\/talkpal.ai\/ro\/#\/schema\/logo\/image\/\",\"url\":\"https:\/\/talkpal.ai\/wp-content\/uploads\/2024\/03\/Talkpal-Logo-Icon.png\",\"contentUrl\":\"https:\/\/talkpal.ai\/wp-content\/uploads\/2024\/03\/Talkpal-Logo-Icon.png\",\"width\":2880,\"height\":2880,\"caption\":\"Talkpal, Inc.\"},\"image\":{\"@id\":\"https:\/\/talkpal.ai\/ro\/#\/schema\/logo\/image\/\"},\"sameAs\":[\"https:\/\/www.facebook.com\/profile.php?id=100090733639311\",\"https:\/\/x.com\/talkpalai\",\"https:\/\/www.linkedin.com\/company\/talkpal\/\",\"https:\/\/www.youtube.com\/@TalkPal\/\",\"https:\/\/www.tiktok.com\/@talkpal\",\"https:\/\/www.instagram.com\/talkpal_ai\/\",\"https:\/\/www.crunchbase.com\/organization\/talkpal-9cde\",\"https:\/\/www.g2.com\/products\/talkpal-for-business\/\",\"https:\/\/www.trustpilot.com\/review\/talkpal.ai\",\"https:\/\/www.capterra.com\/p\/10006800\/TalkPal\/\"],\"description\":\"Talkpal is a language learning web and mobile education app, powered by the latest AI technologies, that provides engaging experiences to its customers in many different languages to help them improve their language skills. Users can chat about unlimited amount of topics with the app and use other modes to practice their language learning.\",\"email\":\"support@talkpal.ai\",\"legalName\":\"Talkpal, Inc.\",\"foundingDate\":\"2023-04-03\",\"duns\":\"118989042\",\"numberOfEmployees\":{\"@type\":\"QuantitativeValue\",\"minValue\":\"11\",\"maxValue\":\"50\"},\"publishingPrinciples\":\"https:\/\/talkpal.ai\/publishing-principles\/\",\"actionableFeedbackPolicy\":\"https:\/\/talkpal.ai\/actionable-feedback-policy\/\",\"correctionsPolicy\":\"https:\/\/talkpal.ai\/corrections-policy\/\",\"ethicsPolicy\":\"https:\/\/talkpal.ai\/ethics-policy\/\",\"diversityPolicy\":\"https:\/\/talkpal.ai\/diversity-policy\/\",\"diversityStaffingReport\":\"https:\/\/talkpal.ai\/diversity-policy\/\"}]}<\/script>\n<!-- \/ Yoast SEO Premium plugin. -->","yoast_head_json":{"title":"Gramatica Kannada - Talkpal","description":"\u00cenv\u0103\u021ba\u021bi gramatica Kannada cu \u00eencredere - \u00een\u021belege\u021bi regulile cheie, perfec\u021biona\u021bi construc\u021bia propozi\u021biilor \u0219i stimula\u021bi fluen\u021ba","robots":{"index":"index","follow":"follow","max-snippet":"max-snippet:-1","max-image-preview":"max-image-preview:large","max-video-preview":"max-video-preview:-1"},"canonical":"https:\/\/talkpal.ai\/ro\/gramatica-kannada\/","og_locale":"ro_RO","og_type":"article","og_title":"Gramatica Kannada","og_description":"Gramatica Kannada: O perspectiv\u0103 asupra bog\u0103\u021biei limbii dravidiene V-a\u021bi \u00eentrebat vreodat\u0103 despre diversitatea lingvistic\u0103 a Indiei? Ca un entuziast de","og_url":"https:\/\/talkpal.ai\/ro\/gramatica-kannada\/","og_site_name":"Talkpal","article_publisher":"https:\/\/www.facebook.com\/profile.php?id=100090733639311","article_modified_time":"2025-12-11T16:21:22+00:00","og_image":[{"width":512,"height":512,"url":"https:\/\/talkpal.ai\/wp-content\/uploads\/2023\/05\/Kannada-india.png","type":"image\/png"}],"twitter_card":"summary_large_image","twitter_site":"@talkpalai","twitter_misc":{"Timp estimat pentru citire":"3 minute"},"schema":{"@context":"https:\/\/schema.org","@graph":[{"@type":"WebPage","@id":"https:\/\/talkpal.ai\/ro\/gramatica-kannada\/","url":"https:\/\/talkpal.ai\/ro\/gramatica-kannada\/","name":"Gramatica Kannada - Talkpal","isPartOf":{"@id":"https:\/\/talkpal.ai\/ro\/#website"},"primaryImageOfPage":{"@id":"https:\/\/talkpal.ai\/ro\/gramatica-kannada\/#primaryimage"},"image":{"@id":"https:\/\/talkpal.ai\/ro\/gramatica-kannada\/#primaryimage"},"thumbnailUrl":"https:\/\/talkpal.ai\/wp-content\/uploads\/2023\/05\/Kannada-india.png","datePublished":"2023-05-14T14:09:47+00:00","dateModified":"2025-12-11T16:21:22+00:00","description":"\u00cenv\u0103\u021ba\u021bi gramatica Kannada cu \u00eencredere - \u00een\u021belege\u021bi regulile cheie, perfec\u021biona\u021bi construc\u021bia propozi\u021biilor \u0219i stimula\u021bi fluen\u021ba","breadcrumb":{"@id":"https:\/\/talkpal.ai\/ro\/gramatica-kannada\/#breadcrumb"},"inLanguage":"ro-RO","potentialAction":[{"@type":"ReadAction","target":["https:\/\/talkpal.ai\/ro\/gramatica-kannada\/"]}]},{"@type":"ImageObject","inLanguage":"ro-RO","@id":"https:\/\/talkpal.ai\/ro\/gramatica-kannada\/#primaryimage","url":"https:\/\/talkpal.ai\/wp-content\/uploads\/2023\/05\/Kannada-india.png","contentUrl":"https:\/\/talkpal.ai\/wp-content\/uploads\/2023\/05\/Kannada-india.png","width":512,"height":512},{"@type":"BreadcrumbList","@id":"https:\/\/talkpal.ai\/ro\/gramatica-kannada\/#breadcrumb","itemListElement":[{"@type":"ListItem","position":1,"name":"Homepage","item":"https:\/\/talkpal.ai\/ro\/"},{"@type":"ListItem","position":2,"name":"Gramatica Kannada"}]},{"@type":"WebSite","@id":"https:\/\/talkpal.ai\/ro\/#website","url":"https:\/\/talkpal.ai\/ro\/","name":"Talkpal","description":"AI Language Learning","publisher":{"@id":"https:\/\/talkpal.ai\/ro\/#organization"},"alternateName":"Talkpal AI","potentialAction":[{"@type":"SearchAction","target":{"@type":"EntryPoint","urlTemplate":"https:\/\/talkpal.ai\/ro\/?s={search_term_string}"},"query-input":{"@type":"PropertyValueSpecification","valueRequired":true,"valueName":"search_term_string"}}],"inLanguage":"ro-RO"},{"@type":"Organization","@id":"https:\/\/talkpal.ai\/ro\/#organization","name":"Talkpal, Inc.","alternateName":"Talkpal AI","url":"https:\/\/talkpal.ai\/ro\/","logo":{"@type":"ImageObject","inLanguage":"ro-RO","@id":"https:\/\/talkpal.ai\/ro\/#\/schema\/logo\/image\/","url":"https:\/\/talkpal.ai\/wp-content\/uploads\/2024\/03\/Talkpal-Logo-Icon.png","contentUrl":"https:\/\/talkpal.ai\/wp-content\/uploads\/2024\/03\/Talkpal-Logo-Icon.png","width":2880,"height":2880,"caption":"Talkpal, Inc."},"image":{"@id":"https:\/\/talkpal.ai\/ro\/#\/schema\/logo\/image\/"},"sameAs":["https:\/\/www.facebook.com\/profile.php?id=100090733639311","https:\/\/x.com\/talkpalai","https:\/\/www.linkedin.com\/company\/talkpal\/","https:\/\/www.youtube.com\/@TalkPal\/","https:\/\/www.tiktok.com\/@talkpal","https:\/\/www.instagram.com\/talkpal_ai\/","https:\/\/www.crunchbase.com\/organization\/talkpal-9cde","https:\/\/www.g2.com\/products\/talkpal-for-business\/","https:\/\/www.trustpilot.com\/review\/talkpal.ai","https:\/\/www.capterra.com\/p\/10006800\/TalkPal\/"],"description":"Talkpal is a language learning web and mobile education app, powered by the latest AI technologies, that provides engaging experiences to its customers in many different languages to help them improve their language skills. Users can chat about unlimited amount of topics with the app and use other modes to practice their language learning.","email":"support@talkpal.ai","legalName":"Talkpal, Inc.","foundingDate":"2023-04-03","duns":"118989042","numberOfEmployees":{"@type":"QuantitativeValue","minValue":"11","maxValue":"50"},"publishingPrinciples":"https:\/\/talkpal.ai\/publishing-principles\/","actionableFeedbackPolicy":"https:\/\/talkpal.ai\/actionable-feedback-policy\/","correctionsPolicy":"https:\/\/talkpal.ai\/corrections-policy\/","ethicsPolicy":"https:\/\/talkpal.ai\/ethics-policy\/","diversityPolicy":"https:\/\/talkpal.ai\/diversity-policy\/","diversityStaffingReport":"https:\/\/talkpal.ai\/diversity-policy\/"}]}},"_links":{"self":[{"href":"https:\/\/talkpal.ai\/ro\/wp-json\/wp\/v2\/pages\/145557","targetHints":{"allow":["GET"]}}],"collection":[{"href":"https:\/\/talkpal.ai\/ro\/wp-json\/wp\/v2\/pages"}],"about":[{"href":"https:\/\/talkpal.ai\/ro\/wp-json\/wp\/v2\/types\/page"}],"author":[{"embeddable":true,"href":"https:\/\/talkpal.ai\/ro\/wp-json\/wp\/v2\/users\/1"}],"replies":[{"embeddable":true,"href":"https:\/\/talkpal.ai\/ro\/wp-json\/wp\/v2\/comments?post=145557"}],"version-history":[{"count":0,"href":"https:\/\/talkpal.ai\/ro\/wp-json\/wp\/v2\/pages\/145557\/revisions"}],"wp:featuredmedia":[{"embeddable":true,"href":"https:\/\/talkpal.ai\/ro\/wp-json\/wp\/v2\/media\/113863"}],"wp:attachment":[{"href":"https:\/\/talkpal.ai\/ro\/wp-json\/wp\/v2\/media?parent=145557"}],"curies":[{"name":"wp","href":"https:\/\/api.w.org\/{rel}","templated":true}]}}