{"id":145165,"date":"2023-05-14T14:09:29","date_gmt":"2023-05-14T14:09:29","guid":{"rendered":"http:\/\/talkpal.ai\/gramatica-indoneziana\/"},"modified":"2025-12-13T15:41:56","modified_gmt":"2025-12-13T15:41:56","slug":"gramatica-indoneziana","status":"publish","type":"page","link":"https:\/\/talkpal.ai\/ro\/gramatica-indoneziana\/","title":{"rendered":"Gramatica indonezian\u0103"},"content":{"rendered":"\r\n\r\n\r\n<section class=\"languageChallengeSection\">\r\n    <div class=\"languageInfoWrapper\">\r\n        \r\n        <h1>Gramatica indonezian\u0103<\/h1>\r\n        <p>V\u0103 intereseaz\u0103 s\u0103 st\u0103p\u00e2ni\u021bi limba <a href=\"https:\/\/talkpal.ai\/learn-indonesian\/\">indonezian\u0103<\/a>? Datorit\u0103 gramaticii <a href=\"https:\/\/talkpal.ai\/locations\/learn-english-in-sale\/\">sale<\/a> simple &#8211; f\u0103r\u0103 conjug\u0103ri verbale, f\u0103r\u0103 genuri de substantive \u0219i cu o structur\u0103 simpl\u0103 a propozi\u021biilor &#8211; indoneziana este una dintre cele mai u\u0219or de \u00eenv\u0103\u021bat limbi. \u00cencepe\u021bi c\u0103l\u0103toria ast\u0103zi \u0219i vede\u021bi cum \u00een\u021belegerea gramaticii indoneziene poate deschide rapid o lume a comunic\u0103rii \u0219i a experien\u021belor culturale vibrante!<\/p>\r\n\r\n                            <a class=\"getStartedHidden\" href=\"https:\/\/app.talkpal.ai\/ro\/signup?lng=\">\u00cencepe<\/a>\r\n        \r\n    <\/div>\r\n\r\n    <figure>\r\n    <img decoding=\"async\" width=\"768\" height=\"768\" src=\"https:\/\/talkpal.ai\/wp-content\/uploads\/2023\/06\/indonesia-768x768.png\" class=\"languageImage no-lazy\" alt=\"Language learning for personal achievement\" fetchpriority=\"high\" sizes=\"(max-width: 768px) 150px, 768px\" srcset=\"https:\/\/talkpal.ai\/wp-content\/uploads\/2023\/06\/indonesia-768x768.png 768w, https:\/\/talkpal.ai\/wp-content\/uploads\/2023\/06\/indonesia-300x300.png 300w\" \/>\r\n    \r\n\r\n    <\/figure>\r\n\r\n            <a class=\"getStartedVisible\" href=\"https:\/\/app.talkpal.ai\/ro\/signup?lng=\">\u00cencepe<\/a>\r\n    \r\n<\/section>\r\n<section class=\"promotionalBanner\">\r\n    <p class=\"promotionalText\"><\/p>\r\n    <a class=\"promotionalLink\" href=\"https:\/\/app.talkpal.ai\/ro\/signup?lng=\"><\/a>\r\n<\/section>\n<div class=\"wp-block-group pageContainerStyle\"><div class=\"wp-block-group__inner-container is-layout-constrained wp-block-group-is-layout-constrained\">\n<h2 class=\"wp-block-heading\" id=\"h-the-wonders-of-indonesian-grammar-a-guide-for-language-learners\">Minunile gramaticii indoneziene: un ghid pentru cursan\u021bii de limbi str\u0103ine<\/h2>\n\n\n\n<p>Gramatica indonezian\u0103 &#8211; simpl\u0103, dar elegant\u0103, primitoare, dar atr\u0103g\u0103toare, accesibil\u0103, dar captivant\u0103. Pe m\u0103sur\u0103 ce v\u0103 \u00eembarca\u021bi \u00een c\u0103l\u0103toria dvs. pentru a \u00eenv\u0103\u021ba limba indonezian\u0103, fi\u021bi siguri c\u0103 \u00eembr\u0103\u021bi\u0219area gramaticii sale va fi o experien\u021b\u0103 pl\u0103cut\u0103. Cu acest articol, ne propunem s\u0103 v\u0103 oferim o \u00een\u021belegere a aspectelor cheie ale gramaticii indoneziene \u0219i s\u0103 v\u0103 ajut\u0103m s\u0103 \u00eembr\u0103\u021bi\u0219a\u021bi frumuse\u021bea acestei limbi din Asia de Sud-Est.<\/p>\n\n\n\n<p>Haide\u021bi s\u0103 aprofund\u0103m elementele fundamentale ale gramaticii indoneziene, cu explica\u021bii \u0219i exemple care fac regulile \u0219i conceptele s\u0103 fie clare \u0219i \u00eenc\u00e2nt\u0103toare. Deci, a\u0219eza\u021bi-v\u0103, relaxa\u021bi-v\u0103 \u0219i permite\u021bi-ne s\u0103 dezv\u0103luim secretele fascinante ale gramaticii indoneziene pentru dvs.<\/p>\n\n\n\n<h3 class=\"wp-block-heading\" id=\"h-1-nouns-no-genders-no-plurals-no-stress\">1. Substantive: F\u0103r\u0103 genuri, f\u0103r\u0103 plural, f\u0103r\u0103 stres!<\/h3>\n\n\n\n<p>Unul dintre cele mai revigorante aspecte ale gramaticii indoneziene este simplitatea sistemului s\u0103u de substantive. Substantivele indoneziene nu au forme de gen sau plural. Aceasta \u00eenseamn\u0103 c\u0103 se spune &#8222;anjing&#8221; (c\u00e2ine) indiferent dac\u0103 v\u0103 referi\u021bi la un c\u0103\u021belu\u0219 sau la un grup de c\u00e2ini adul\u021bi.<\/p>\n\n\n\n<p>Pentru a specifica o form\u0103 de plural, pute\u021bi repeta substantivul (de exemplu, &#8222;anak-anak&#8221; pentru &#8222;copii&#8221;) sau pute\u021bi folosi un termen de cantitate, cum ar fi &#8222;banyak&#8221; (mul\u021bi) sau &#8222;beberapa&#8221; (unii). Asta e! Nu-i a\u0219a c\u0103 este o gur\u0103 de aer proasp\u0103t \u00een compara\u021bie cu alte limbi?<\/p>\n\n\n\n<h3 class=\"wp-block-heading\" id=\"h-2-pronouns-staying-humble-and-respectful\">2. Pronume: R\u0103m\u00e2i umil \u0219i respectuos<\/h3>\n\n\n\n<p>Gramatica indonezian\u0103 folose\u0219te pronume diferite bazate pe diferite niveluri de formalitate. Folosirea pronumelui potrivit atunci c\u00e2nd se adreseaz\u0103 cuiva este esen\u021bial\u0103 pentru a ar\u0103ta respect \u0219i umilin\u021b\u0103. De exemplu, &#8222;aku&#8221; (eu\/me) este ocazional \u0219i intim, &#8222;saya&#8221; este politicos \u0219i neutru, iar &#8222;saya&#8221; este formal \u0219i umil. \u00cen mod similar, &#8222;kamu&#8221; (tu) este informal, &#8222;Anda&#8221; este politicos, iar &#8222;Bapak\/Ibu&#8221; (domnule\/doamn\u0103) este rezervat pentru situa\u021bii foarte formale.<\/p>\n\n\n\n<p>Nu uita\u021bi c\u0103 este \u00eentotdeauna o idee bun\u0103 s\u0103 fi\u021bi politicos \u00een situa\u021bii noi sau nesigure.<\/p>\n\n\n\n<h3 class=\"wp-block-heading\" id=\"h-3-verbs-no-conjugations-but-prefixes-and-suffixes-galore\">3. Verbe: F\u0103r\u0103 conjug\u0103ri, dar prefixe \u0219i sufixe din bel\u0219ug!<\/h3>\n\n\n\n<p>Verbele indoneziene r\u0103m\u00e2n neschimbate indiferent de timp, dispozi\u021bie sau subiect, f\u0103c\u00e2ndu-le mult mai simple dec\u00e2t verbele din multe alte limbi. Cu toate acestea, va trebui s\u0103 st\u0103p\u00e2ni\u021bi utilizarea prefixelor \u0219i sufixelor pentru a modifica sensul verbului.<\/p>\n\n\n\n<p>Printre prefixoanele comune se num\u0103r\u0103 &#8222;me-&#8221; (verbe active), &#8222;di-&#8221; (verbe pasive) \u0219i &#8222;ber-&#8221; (verbe stative). Sufixele comune includ &#8222;-kan&#8221; (verbe cauzale) \u0219i &#8222;-i&#8221; (verbe tranzitive). De exemplu, &#8222;makan&#8221; \u00eenseamn\u0103 &#8222;a m\u00e2nca&#8221;, &#8222;memakan&#8221; \u00eenseamn\u0103 &#8222;a consuma&#8221;, iar &#8222;dimakan&#8221; \u00eenseamn\u0103 &#8222;a fi m\u00e2ncat&#8221;.<\/p>\n\n\n\n<h3 class=\"wp-block-heading\" id=\"h-4-word-order-subject-verb-object-simplicity\">4. Ordinea cuvintelor: simplitatea subiect-verb-obiect!<\/h3>\n\n\n\n<p>Gramatica indonezian\u0103 urmeaz\u0103 o ordine simpl\u0103 a cuvintelor subiect-verb-obiect (SVO), similar\u0103 cu engleza. Acest lucru face ca construc\u021bia \u0219i \u00een\u021belegerea propozi\u021biilor s\u0103 fie mult mai u\u0219oare pentru vorbitorii de <a href=\"https:\/\/talkpal.ai\/learn-english-with-ai\/\">englez\u0103<\/a>. De exemplu, &#8222;Saya memakan pisang&#8221; se traduce direct prin &#8222;Eu (subiectul) m\u0103n\u00e2nc (verbul) banana (obiectul)&#8221;.<\/p>\n\n\n\n<h3 class=\"wp-block-heading\" id=\"h-5-immerse-yourself-in-indonesian-practice-makes-perfect\">5. Scufunda\u021bi-v\u0103 \u00een indonezian\u0103: practica face perfect<\/h3>\n\n\n\n<p>Frumuse\u021bea gramaticii indoneziene const\u0103 \u00een simplitatea \u0219i accesibilitatea sa. Practica regulat\u0103 prin citire, scriere, ascultare \u0219i vorbire v\u0103 va ajuta s\u0103 st\u0103p\u00e2ni\u021bi limba \u0219i gramatica acesteia. \u00cembr\u0103\u021bi\u0219eaz\u0103 provoc\u0103rile, cucere\u0219te complexit\u0103\u021bile \u0219i deblocheaz\u0103 adev\u0103ratul farmec al limbii indoneziene.<\/p>\n\n\n\n<p>Deci, sunte\u021bi gata s\u0103 v\u0103 ad\u00e2nci\u021bi \u00een minunile gramaticii indoneziene? Aborda\u021bi-l cu \u00eencredere \u0219i curiozitate \u0219i, cu angajament \u0219i entuziasm, pute\u021bi deveni \u00een cur\u00e2nd un vorbitor indonezian elocvent. Selamat belajar! (Spor la studiu!)<\/p>\n<\/div><\/div>\n\r\n<section class=\"learnNavigationSection\">\r\n            \r\n        <a href=\"https:\/\/talkpal.ai\/ro\/invata-indoneziana\/\">\r\n            <div class=\"learnNavigationWrapper\">\r\n                <div class=\"learnNavigationContent\">\r\n                    <img decoding=\"async\" src=\"https:\/\/talkpal.ai\/wp-content\/uploads\/2024\/08\/Indonesian.jpg\" alt=\"Indonesian Flag\">\r\n                    <div>\r\n                        <h4>Despre \u00eenv\u0103\u021barea indonezian\u0103<\/h4>\r\n                        <p>Afla\u021bi totul despre gramatica indonezian\u0103 .<\/p>\r\n                    <\/div>\r\n                <\/div>\r\n            <\/div>\r\n        <\/a>\r\n\r\n        \r\n        <a href=\"https:\/\/talkpal.ai\/ro\/exercitii-de-gramatica-indoneziana\/\">\r\n            <div class=\"learnNavigationWrapper\">\r\n                <div class=\"learnNavigationContent\">\r\n                    <img decoding=\"async\" src=\"https:\/\/talkpal.ai\/wp-content\/uploads\/2024\/08\/Indonesian.jpg\" alt=\"Indonesian Flag\">\r\n                    <div>\r\n                        <h4>Exerci\u021biu de gramatic\u0103 indonezian\u0103<\/h4>\r\n                        <p>Exersa\u021bi gramatica indonezian\u0103.<\/p>\r\n                    <\/div>\r\n                <\/div>\r\n            <\/div>\r\n        <\/a>\r\n\r\n        \r\n        <a href=\"https:\/\/talkpal.ai\/vocabulary_language\/indonesian\/\">\r\n            <div class=\"learnNavigationWrapper\">\r\n                <div class=\"learnNavigationContent\">\r\n                    <img decoding=\"async\" src=\"https:\/\/talkpal.ai\/wp-content\/uploads\/2024\/08\/Indonesian.jpg\" alt=\"Indonesian Flag\">\r\n                    <div>\r\n                        <h4>Vocabular indonezian<\/h4>\r\n                        <p>Extinde\u021bi-v\u0103 vocabularul indonezian.<\/p>\r\n                    <\/div>\r\n                <\/div>\r\n            <\/div>\r\n        <\/a>\r\n\r\n            <\/section>","protected":false},"excerpt":{"rendered":"<p>Minunile gramaticii indoneziene: un ghid pentru cursan\u021bii de limbi str\u0103ine Gramatica indonezian\u0103 &#8211; simpl\u0103, dar elegant\u0103, primitoare, dar atr\u0103g\u0103toare, accesibil\u0103, dar captivant\u0103. Pe m\u0103sur\u0103 ce v\u0103 \u00eembarca\u021bi \u00een c\u0103l\u0103toria dvs. pentru a \u00eenv\u0103\u021ba limba indonezian\u0103, fi\u021bi siguri c\u0103 \u00eembr\u0103\u021bi\u0219area gramaticii sale va fi o experien\u021b\u0103 pl\u0103cut\u0103. Cu acest articol, ne propunem s\u0103 v\u0103 oferim o [&hellip;]<\/p>\n","protected":false},"author":1,"featured_media":113990,"parent":0,"menu_order":0,"comment_status":"closed","ping_status":"closed","template":"LearningContentPage.php","meta":{"_acf_changed":false,"footnotes":""},"class_list":["post-145165","page","type-page","status-publish","has-post-thumbnail","hentry"],"acf":[],"yoast_head":"<!-- This site is optimized with the Yoast SEO Premium plugin v27.2 (Yoast SEO v27.2) - https:\/\/yoast.com\/product\/yoast-seo-premium-wordpress\/ -->\n<title>Gramatica indonezian\u0103 - Talkpal<\/title>\n<meta name=\"description\" content=\"\u00cenv\u0103\u021ba\u021bi gramatica indonezian\u0103 f\u0103r\u0103 efort cu aplica\u021bia de \u00eenv\u0103\u021bare a limbii AI Talkpal. Comunica\u021bi cu \u00eencredere folosind Talkpalcu ajutorul inteligen\u021bei artificiale.\" \/>\n<meta name=\"robots\" content=\"index, follow, max-snippet:-1, max-image-preview:large, max-video-preview:-1\" \/>\n<link rel=\"canonical\" href=\"https:\/\/talkpal.ai\/ro\/gramatica-indoneziana\/\" \/>\n<meta property=\"og:locale\" content=\"ro_RO\" \/>\n<meta property=\"og:type\" content=\"article\" \/>\n<meta property=\"og:title\" content=\"Gramatica indonezian\u0103\" \/>\n<meta property=\"og:description\" content=\"Minunile gramaticii indoneziene: un ghid pentru cursan\u021bii de limbi str\u0103ine Gramatica indonezian\u0103 - simpl\u0103, dar elegant\u0103, primitoare, dar atr\u0103g\u0103toare,\" \/>\n<meta property=\"og:url\" content=\"https:\/\/talkpal.ai\/ro\/gramatica-indoneziana\/\" \/>\n<meta property=\"og:site_name\" content=\"Talkpal\" \/>\n<meta property=\"article:publisher\" content=\"https:\/\/www.facebook.com\/profile.php?id=100090733639311\" \/>\n<meta property=\"article:modified_time\" content=\"2025-12-13T15:41:56+00:00\" \/>\n<meta property=\"og:image\" content=\"https:\/\/talkpal.ai\/wp-content\/uploads\/2023\/05\/indonesia.png\" \/>\n\t<meta property=\"og:image:width\" content=\"512\" \/>\n\t<meta property=\"og:image:height\" content=\"512\" \/>\n\t<meta property=\"og:image:type\" content=\"image\/png\" \/>\n<meta name=\"twitter:card\" content=\"summary_large_image\" \/>\n<meta name=\"twitter:site\" content=\"@talkpalai\" \/>\n<meta name=\"twitter:label1\" content=\"Timp estimat pentru citire\" \/>\n\t<meta name=\"twitter:data1\" content=\"3 minute\" \/>\n<script type=\"application\/ld+json\" class=\"yoast-schema-graph\">{\"@context\":\"https:\/\/schema.org\",\"@graph\":[{\"@type\":\"WebPage\",\"@id\":\"https:\/\/talkpal.ai\/ro\/gramatica-indoneziana\/\",\"url\":\"https:\/\/talkpal.ai\/ro\/gramatica-indoneziana\/\",\"name\":\"Gramatica indonezian\u0103 - Talkpal\",\"isPartOf\":{\"@id\":\"https:\/\/talkpal.ai\/ro\/#website\"},\"primaryImageOfPage\":{\"@id\":\"https:\/\/talkpal.ai\/ro\/gramatica-indoneziana\/#primaryimage\"},\"image\":{\"@id\":\"https:\/\/talkpal.ai\/ro\/gramatica-indoneziana\/#primaryimage\"},\"thumbnailUrl\":\"https:\/\/talkpal.ai\/wp-content\/uploads\/2023\/05\/indonesia.png\",\"datePublished\":\"2023-05-14T14:09:29+00:00\",\"dateModified\":\"2025-12-13T15:41:56+00:00\",\"description\":\"\u00cenv\u0103\u021ba\u021bi gramatica indonezian\u0103 f\u0103r\u0103 efort cu aplica\u021bia de \u00eenv\u0103\u021bare a limbii AI Talkpal. Comunica\u021bi cu \u00eencredere folosind Talkpalcu ajutorul inteligen\u021bei artificiale.\",\"breadcrumb\":{\"@id\":\"https:\/\/talkpal.ai\/ro\/gramatica-indoneziana\/#breadcrumb\"},\"inLanguage\":\"ro-RO\",\"potentialAction\":[{\"@type\":\"ReadAction\",\"target\":[\"https:\/\/talkpal.ai\/ro\/gramatica-indoneziana\/\"]}]},{\"@type\":\"ImageObject\",\"inLanguage\":\"ro-RO\",\"@id\":\"https:\/\/talkpal.ai\/ro\/gramatica-indoneziana\/#primaryimage\",\"url\":\"https:\/\/talkpal.ai\/wp-content\/uploads\/2023\/05\/indonesia.png\",\"contentUrl\":\"https:\/\/talkpal.ai\/wp-content\/uploads\/2023\/05\/indonesia.png\",\"width\":512,\"height\":512},{\"@type\":\"BreadcrumbList\",\"@id\":\"https:\/\/talkpal.ai\/ro\/gramatica-indoneziana\/#breadcrumb\",\"itemListElement\":[{\"@type\":\"ListItem\",\"position\":1,\"name\":\"Homepage\",\"item\":\"https:\/\/talkpal.ai\/ro\/\"},{\"@type\":\"ListItem\",\"position\":2,\"name\":\"Gramatica indonezian\u0103\"}]},{\"@type\":\"WebSite\",\"@id\":\"https:\/\/talkpal.ai\/ro\/#website\",\"url\":\"https:\/\/talkpal.ai\/ro\/\",\"name\":\"Talkpal\",\"description\":\"AI Language Learning\",\"publisher\":{\"@id\":\"https:\/\/talkpal.ai\/ro\/#organization\"},\"alternateName\":\"Talkpal AI\",\"potentialAction\":[{\"@type\":\"SearchAction\",\"target\":{\"@type\":\"EntryPoint\",\"urlTemplate\":\"https:\/\/talkpal.ai\/ro\/?s={search_term_string}\"},\"query-input\":{\"@type\":\"PropertyValueSpecification\",\"valueRequired\":true,\"valueName\":\"search_term_string\"}}],\"inLanguage\":\"ro-RO\"},{\"@type\":\"Organization\",\"@id\":\"https:\/\/talkpal.ai\/ro\/#organization\",\"name\":\"Talkpal, Inc.\",\"alternateName\":\"Talkpal AI\",\"url\":\"https:\/\/talkpal.ai\/ro\/\",\"logo\":{\"@type\":\"ImageObject\",\"inLanguage\":\"ro-RO\",\"@id\":\"https:\/\/talkpal.ai\/ro\/#\/schema\/logo\/image\/\",\"url\":\"https:\/\/talkpal.ai\/wp-content\/uploads\/2024\/03\/Talkpal-Logo-Icon.png\",\"contentUrl\":\"https:\/\/talkpal.ai\/wp-content\/uploads\/2024\/03\/Talkpal-Logo-Icon.png\",\"width\":2880,\"height\":2880,\"caption\":\"Talkpal, Inc.\"},\"image\":{\"@id\":\"https:\/\/talkpal.ai\/ro\/#\/schema\/logo\/image\/\"},\"sameAs\":[\"https:\/\/www.facebook.com\/profile.php?id=100090733639311\",\"https:\/\/x.com\/talkpalai\",\"https:\/\/www.linkedin.com\/company\/talkpal\/\",\"https:\/\/www.youtube.com\/@TalkPal\/\",\"https:\/\/www.tiktok.com\/@talkpal\",\"https:\/\/www.instagram.com\/talkpal_ai\/\",\"https:\/\/www.crunchbase.com\/organization\/talkpal-9cde\",\"https:\/\/www.g2.com\/products\/talkpal-for-business\/\",\"https:\/\/www.trustpilot.com\/review\/talkpal.ai\",\"https:\/\/www.capterra.com\/p\/10006800\/TalkPal\/\"],\"description\":\"Talkpal is a language learning web and mobile education app, powered by the latest AI technologies, that provides engaging experiences to its customers in many different languages to help them improve their language skills. Users can chat about unlimited amount of topics with the app and use other modes to practice their language learning.\",\"email\":\"support@talkpal.ai\",\"legalName\":\"Talkpal, Inc.\",\"foundingDate\":\"2023-04-03\",\"duns\":\"118989042\",\"numberOfEmployees\":{\"@type\":\"QuantitativeValue\",\"minValue\":\"11\",\"maxValue\":\"50\"},\"publishingPrinciples\":\"https:\/\/talkpal.ai\/publishing-principles\/\",\"actionableFeedbackPolicy\":\"https:\/\/talkpal.ai\/actionable-feedback-policy\/\",\"correctionsPolicy\":\"https:\/\/talkpal.ai\/corrections-policy\/\",\"ethicsPolicy\":\"https:\/\/talkpal.ai\/ethics-policy\/\",\"diversityPolicy\":\"https:\/\/talkpal.ai\/diversity-policy\/\",\"diversityStaffingReport\":\"https:\/\/talkpal.ai\/diversity-policy\/\"}]}<\/script>\n<!-- \/ Yoast SEO Premium plugin. -->","yoast_head_json":{"title":"Gramatica indonezian\u0103 - Talkpal","description":"\u00cenv\u0103\u021ba\u021bi gramatica indonezian\u0103 f\u0103r\u0103 efort cu aplica\u021bia de \u00eenv\u0103\u021bare a limbii AI Talkpal. Comunica\u021bi cu \u00eencredere folosind Talkpalcu ajutorul inteligen\u021bei artificiale.","robots":{"index":"index","follow":"follow","max-snippet":"max-snippet:-1","max-image-preview":"max-image-preview:large","max-video-preview":"max-video-preview:-1"},"canonical":"https:\/\/talkpal.ai\/ro\/gramatica-indoneziana\/","og_locale":"ro_RO","og_type":"article","og_title":"Gramatica indonezian\u0103","og_description":"Minunile gramaticii indoneziene: un ghid pentru cursan\u021bii de limbi str\u0103ine Gramatica indonezian\u0103 - simpl\u0103, dar elegant\u0103, primitoare, dar atr\u0103g\u0103toare,","og_url":"https:\/\/talkpal.ai\/ro\/gramatica-indoneziana\/","og_site_name":"Talkpal","article_publisher":"https:\/\/www.facebook.com\/profile.php?id=100090733639311","article_modified_time":"2025-12-13T15:41:56+00:00","og_image":[{"width":512,"height":512,"url":"https:\/\/talkpal.ai\/wp-content\/uploads\/2023\/05\/indonesia.png","type":"image\/png"}],"twitter_card":"summary_large_image","twitter_site":"@talkpalai","twitter_misc":{"Timp estimat pentru citire":"3 minute"},"schema":{"@context":"https:\/\/schema.org","@graph":[{"@type":"WebPage","@id":"https:\/\/talkpal.ai\/ro\/gramatica-indoneziana\/","url":"https:\/\/talkpal.ai\/ro\/gramatica-indoneziana\/","name":"Gramatica indonezian\u0103 - Talkpal","isPartOf":{"@id":"https:\/\/talkpal.ai\/ro\/#website"},"primaryImageOfPage":{"@id":"https:\/\/talkpal.ai\/ro\/gramatica-indoneziana\/#primaryimage"},"image":{"@id":"https:\/\/talkpal.ai\/ro\/gramatica-indoneziana\/#primaryimage"},"thumbnailUrl":"https:\/\/talkpal.ai\/wp-content\/uploads\/2023\/05\/indonesia.png","datePublished":"2023-05-14T14:09:29+00:00","dateModified":"2025-12-13T15:41:56+00:00","description":"\u00cenv\u0103\u021ba\u021bi gramatica indonezian\u0103 f\u0103r\u0103 efort cu aplica\u021bia de \u00eenv\u0103\u021bare a limbii AI Talkpal. Comunica\u021bi cu \u00eencredere folosind Talkpalcu ajutorul inteligen\u021bei artificiale.","breadcrumb":{"@id":"https:\/\/talkpal.ai\/ro\/gramatica-indoneziana\/#breadcrumb"},"inLanguage":"ro-RO","potentialAction":[{"@type":"ReadAction","target":["https:\/\/talkpal.ai\/ro\/gramatica-indoneziana\/"]}]},{"@type":"ImageObject","inLanguage":"ro-RO","@id":"https:\/\/talkpal.ai\/ro\/gramatica-indoneziana\/#primaryimage","url":"https:\/\/talkpal.ai\/wp-content\/uploads\/2023\/05\/indonesia.png","contentUrl":"https:\/\/talkpal.ai\/wp-content\/uploads\/2023\/05\/indonesia.png","width":512,"height":512},{"@type":"BreadcrumbList","@id":"https:\/\/talkpal.ai\/ro\/gramatica-indoneziana\/#breadcrumb","itemListElement":[{"@type":"ListItem","position":1,"name":"Homepage","item":"https:\/\/talkpal.ai\/ro\/"},{"@type":"ListItem","position":2,"name":"Gramatica indonezian\u0103"}]},{"@type":"WebSite","@id":"https:\/\/talkpal.ai\/ro\/#website","url":"https:\/\/talkpal.ai\/ro\/","name":"Talkpal","description":"AI Language Learning","publisher":{"@id":"https:\/\/talkpal.ai\/ro\/#organization"},"alternateName":"Talkpal AI","potentialAction":[{"@type":"SearchAction","target":{"@type":"EntryPoint","urlTemplate":"https:\/\/talkpal.ai\/ro\/?s={search_term_string}"},"query-input":{"@type":"PropertyValueSpecification","valueRequired":true,"valueName":"search_term_string"}}],"inLanguage":"ro-RO"},{"@type":"Organization","@id":"https:\/\/talkpal.ai\/ro\/#organization","name":"Talkpal, Inc.","alternateName":"Talkpal AI","url":"https:\/\/talkpal.ai\/ro\/","logo":{"@type":"ImageObject","inLanguage":"ro-RO","@id":"https:\/\/talkpal.ai\/ro\/#\/schema\/logo\/image\/","url":"https:\/\/talkpal.ai\/wp-content\/uploads\/2024\/03\/Talkpal-Logo-Icon.png","contentUrl":"https:\/\/talkpal.ai\/wp-content\/uploads\/2024\/03\/Talkpal-Logo-Icon.png","width":2880,"height":2880,"caption":"Talkpal, Inc."},"image":{"@id":"https:\/\/talkpal.ai\/ro\/#\/schema\/logo\/image\/"},"sameAs":["https:\/\/www.facebook.com\/profile.php?id=100090733639311","https:\/\/x.com\/talkpalai","https:\/\/www.linkedin.com\/company\/talkpal\/","https:\/\/www.youtube.com\/@TalkPal\/","https:\/\/www.tiktok.com\/@talkpal","https:\/\/www.instagram.com\/talkpal_ai\/","https:\/\/www.crunchbase.com\/organization\/talkpal-9cde","https:\/\/www.g2.com\/products\/talkpal-for-business\/","https:\/\/www.trustpilot.com\/review\/talkpal.ai","https:\/\/www.capterra.com\/p\/10006800\/TalkPal\/"],"description":"Talkpal is a language learning web and mobile education app, powered by the latest AI technologies, that provides engaging experiences to its customers in many different languages to help them improve their language skills. Users can chat about unlimited amount of topics with the app and use other modes to practice their language learning.","email":"support@talkpal.ai","legalName":"Talkpal, Inc.","foundingDate":"2023-04-03","duns":"118989042","numberOfEmployees":{"@type":"QuantitativeValue","minValue":"11","maxValue":"50"},"publishingPrinciples":"https:\/\/talkpal.ai\/publishing-principles\/","actionableFeedbackPolicy":"https:\/\/talkpal.ai\/actionable-feedback-policy\/","correctionsPolicy":"https:\/\/talkpal.ai\/corrections-policy\/","ethicsPolicy":"https:\/\/talkpal.ai\/ethics-policy\/","diversityPolicy":"https:\/\/talkpal.ai\/diversity-policy\/","diversityStaffingReport":"https:\/\/talkpal.ai\/diversity-policy\/"}]}},"_links":{"self":[{"href":"https:\/\/talkpal.ai\/ro\/wp-json\/wp\/v2\/pages\/145165","targetHints":{"allow":["GET"]}}],"collection":[{"href":"https:\/\/talkpal.ai\/ro\/wp-json\/wp\/v2\/pages"}],"about":[{"href":"https:\/\/talkpal.ai\/ro\/wp-json\/wp\/v2\/types\/page"}],"author":[{"embeddable":true,"href":"https:\/\/talkpal.ai\/ro\/wp-json\/wp\/v2\/users\/1"}],"replies":[{"embeddable":true,"href":"https:\/\/talkpal.ai\/ro\/wp-json\/wp\/v2\/comments?post=145165"}],"version-history":[{"count":0,"href":"https:\/\/talkpal.ai\/ro\/wp-json\/wp\/v2\/pages\/145165\/revisions"}],"wp:featuredmedia":[{"embeddable":true,"href":"https:\/\/talkpal.ai\/ro\/wp-json\/wp\/v2\/media\/113990"}],"wp:attachment":[{"href":"https:\/\/talkpal.ai\/ro\/wp-json\/wp\/v2\/media?parent=145165"}],"curies":[{"name":"wp","href":"https:\/\/api.w.org\/{rel}","templated":true}]}}