{"id":144868,"date":"2023-05-14T14:09:11","date_gmt":"2023-05-14T14:09:11","guid":{"rendered":"http:\/\/talkpal.ai\/gramatica-islandeza\/"},"modified":"2025-12-12T10:35:13","modified_gmt":"2025-12-12T10:35:13","slug":"gramatica-islandeza","status":"publish","type":"page","link":"https:\/\/talkpal.ai\/ro\/gramatica-islandeza\/","title":{"rendered":"Gramatica islandez\u0103"},"content":{"rendered":"\r\n\r\n\r\n<section class=\"languageChallengeSection\">\r\n    <div class=\"languageInfoWrapper\">\r\n        \r\n        <h1>Gramatica islandez\u0103<\/h1>\r\n        <p>Explora\u021bi structura fascinant\u0103 a limbii <a href=\"https:\/\/talkpal.ai\/learn-icelandic\/\">islandeze<\/a> prin \u00eenv\u0103\u021barea regulilor <a href=\"https:\/\/talkpal.ai\/locations\/learn-english-in-sale\/\">sale<\/a> gramaticale fundamentale. St\u0103p\u00e2nirea gramaticii islandeze v\u0103 va ajuta s\u0103 comunica\u021bi eficient \u0219i s\u0103 v\u0103 conecta\u021bi mai profund cu cultura \u0219i istoria unic\u0103 a Islandei. \u00cencepe\u021bi s\u0103 \u00eenv\u0103\u021ba\u021bi ast\u0103zi gramatica islandez\u0103 \u0219i face\u021bi primul pas spre fluen\u021b\u0103!<\/p>\r\n\r\n                            <a class=\"getStartedHidden\" href=\"https:\/\/app.talkpal.ai\/ro\/signup?lng=\">\u00cencepe<\/a>\r\n        \r\n    <\/div>\r\n\r\n    <figure>\r\n    <img decoding=\"async\" width=\"768\" height=\"768\" src=\"https:\/\/talkpal.ai\/wp-content\/uploads\/2023\/06\/Icelandic-768x768.png\" class=\"languageImage no-lazy\" alt=\"Language learning for better job opportunities\" fetchpriority=\"high\" sizes=\"(max-width: 768px) 150px, 768px\" srcset=\"https:\/\/talkpal.ai\/wp-content\/uploads\/2023\/06\/Icelandic-768x768.png 768w, https:\/\/talkpal.ai\/wp-content\/uploads\/2023\/06\/Icelandic-300x300.png 300w\" \/>\r\n    \r\n\r\n    <\/figure>\r\n\r\n            <a class=\"getStartedVisible\" href=\"https:\/\/app.talkpal.ai\/ro\/signup?lng=\">\u00cencepe<\/a>\r\n    \r\n<\/section>\r\n<section class=\"promotionalBanner\">\r\n    <p class=\"promotionalText\">Cel mai eficient mod de a \u00eenv\u0103\u021ba o limb\u0103<\/p>\r\n    <a class=\"promotionalLink\" href=\"https:\/\/app.talkpal.ai\/ro\/signup?lng=\">\u00cencerca\u021bi Talkpal gratuit<\/a>\r\n<\/section>\n<div class=\"wp-block-group pageContainerStyle\"><div class=\"wp-block-group__inner-container is-layout-constrained wp-block-group-is-layout-constrained\">\n<h2 class=\"wp-block-heading\" id=\"h-the-magic-of-icelandic-grammar-unlocking-the-secrets-of-the-viking-tongue\">Magia gramaticii islandeze: deblocarea secretelor limbii vikinge<\/h2>\n\n\n\n<h3 class=\"wp-block-heading\" id=\"h-introduction-icelandic-the-land-of-fire-and-ice\">Introducere: Islandeza, \u021bara focului \u0219i a ghe\u021bii<\/h3>\n\n\n\n<p>Limba islandez\u0103, vorbit\u0103 de oamenii din uimitoarea na\u021biune insular\u0103 Islanda, este renumit\u0103 pentru istoria sa bogat\u0103, tradi\u021bia poetic\u0103 captivant\u0103 \u0219i capacitatea excep\u021bional\u0103 de a se adapta \u0219i de a evolua odat\u0103 cu vremurile. Descendent\u0103 din nordica veche, islandeza are un farmec aparte care \u00eei \u00eenc\u00e2nt\u0103 pe iubitorii de <a href=\"https:\/\/talkpal.ai\/ro\/tutor-de-limbi-straine\/\">limbi str\u0103ine<\/a> \u0219i pe poliglo\u021bii aspiran\u021bi. Deci, fixa\u021bi-v\u0103 centurile de siguran\u021b\u0103, oameni buni! Suntem pe cale s\u0103 ne scufund\u0103m \u00een lumea frumoas\u0103 \u0219i complex\u0103 a gramaticii islandeze, dezleg\u00e2ndu-i misterele \u0219i descoperind comorile ascunse pe parcurs.<\/p>\n\n\n\n<h3 class=\"wp-block-heading\" id=\"h-1-runic-scripts-to-latin-alphabet-a-story-of-transformation\">1. Scripturi runice \u00een alfabetul latin: o poveste de transformare<\/h3>\n\n\n\n<p>Alfabetul islandez este o aventur\u0103 \u00een sine, format din 32 de caractere care provin din diferite r\u0103d\u0103cini istorice. De\u0219i se bazeaz\u0103 \u00een primul r\u00e2nd pe alfabetul latin, acesta p\u0103streaz\u0103 unele caractere distinctive din alfabetul runic al str\u0103mo\u0219ilor s\u0103i nordici. St\u0103p\u00e2nirea acestor caractere este primul obstacol \u00een \u00eenv\u0103\u021barea limbii, dar cu practic\u0103, ve\u021bi deveni un maestru \u00een cel mai scurt timp!<\/p>\n\n\n\n<h3 class=\"wp-block-heading\" id=\"h-2-noun-mastery-getting-to-the-roots-of-icelandic-grammar\">2. St\u0103p\u00e2nirea substantivelor: No\u021biuni de baz\u0103 la r\u0103d\u0103cinile gramaticii islandeze<\/h3>\n\n\n\n<p>Una dintre tr\u0103s\u0103turile de baz\u0103 ale gramaticii islandeze este flexiunea substantivelor dup\u0103 gen, num\u0103r \u0219i caz. Substantivele islandeze pot fi feminine, masculine sau neutre \u0219i fiecare gen vine cu setul s\u0103u unic de reguli pentru declin. De\u0219i acest lucru ar putea p\u0103rea o plimbare cu montagne <a href=\"https:\/\/talkpal.ai\/learn-russian\/\">russe<\/a> lingvistic\u0103, \u00een\u021belegerea acestor complica\u021bii este esen\u021bial\u0103 pentru \u00een\u021belegerea limbii \u00een ansamblu. Cuno\u0219tin\u021bele <a href=\"https:\/\/talkpal.ai\/culture\/how-do-i-use-pe-care-correctly\/\">pe care<\/a> le ve\u021bi dob\u00e2ndi v\u0103 vor deschide o lume de posibilit\u0103\u021bi de exprimare a unei game de \u00een\u021belesuri subtile \u0219i complexe &#8211; adev\u0103rata glorie a gramaticii islandeze!<\/p>\n\n\n\n<h3 class=\"wp-block-heading\" id=\"h-3-the-mighty-verb-icelandic-s-unsung-hero\">3. Puternicul verb: eroul necunoscut al islandezilor<\/h3>\n\n\n\n<p>La fel ca substantivele, verbele islandeze sufer\u0103 o transformare extensiv\u0103 \u00een func\u021bie de timpul, dispozi\u021bia, persoana \u0219i num\u0103rul subiectului. Acest sistem complicat poate fi descurajant la \u00eenceput, dar ave\u021bi r\u0103bdare cu mine! Pe m\u0103sur\u0103 ce \u00eenv\u0103\u021ba\u021bi modelele regulate \u0219i ciud\u0103\u021beniile neregulate, ve\u021bi \u00eencepe s\u0103 vede\u021bi c\u00e2t de elegant\u0103 \u0219i versatil\u0103 poate fi conjugarea verbelor islandeze. Cucerirea verbelor islandeze va debloca puterea de a exprima g\u00e2nduri, sentimente \u0219i ac\u021biuni cu precizie \u0219i creativitate.<\/p>\n\n\n\n<h3 class=\"wp-block-heading\" id=\"h-4-word-order-icelandic-s-flexible-backbone\">4. Ordinea cuvintelor: Coloana vertebral\u0103 flexibil\u0103 a limbii islandeze<\/h3>\n\n\n\n<p>Spre deosebire de rigiditatea unor elemente ale gramaticii islandeze, limba ofer\u0103 flexibilitate \u00een ordonarea cuvintelor. Acest lucru \u00eenseamn\u0103 c\u0103 po\u021bi pune subiectul, verbul \u0219i obiectul \u00een diverse aranjamente, at\u00e2ta timp c\u00e2t men\u021bii acordul de gen, num\u0103r, cazuri \u0219i multe altele &#8211; vei da fr\u00e2u liber artistului din tine! Adaptarea propozi\u021biilor \u00een aceast\u0103 manier\u0103 juc\u0103u\u0219\u0103 v\u0103 poate ajuta s\u0103 crea\u021bi accent, nuan\u021be \u0219i un ton conversa\u021bional, f\u0103c\u00e2nd discursul mai captivant \u0219i mai pl\u0103cut.<\/p>\n\n\n\n<h3 class=\"wp-block-heading\" id=\"h-5-embrace-the-culture-discover-the-pulse-of-the-icelandic-language\">5. \u00cembr\u0103\u021bi\u0219eaz\u0103 cultura: descoper\u0103 pulsul limbii islandeze<\/h3>\n\n\n\n<p>Limba islandez\u0103 nu poate fi desp\u0103r\u021bit\u0103 de r\u0103d\u0103cinile sale culturale, cu leg\u0103turile sale puternice cu sagas, Eddas, precum \u0219i cu istoria \u0219i viziunea unic\u0103 a na\u021biunii asupra lumii. Pentru a v\u0103 cufunda cu adev\u0103rat \u00een limb\u0103, \u00eembr\u0103\u021bi\u0219a\u021bi contextul s\u0103u din toat\u0103 inima. Scufunda\u021bi-v\u0103 \u00een folclorul s\u0103u, devora\u021bi-i comorile literare \u0219i interac\u021biona\u021bi cu vorbitori nativi. Aceast\u0103 abordare este esen\u021bial\u0103 at\u00e2t pentru ob\u021binerea competen\u021bei lingvistice, c\u00e2t \u0219i pentru o leg\u0103tur\u0103 mai profund\u0103 cu poporul islandez \u0219i cu bogatul s\u0103u patrimoniu cultural.<\/p>\n\n\n\n<h3 class=\"wp-block-heading\" id=\"h-conclusion-an-icelandic-grammar-journey-worth-taking\">Concluzie: O c\u0103l\u0103torie gramatical\u0103 islandez\u0103 care merit\u0103 f\u0103cut\u0103<\/h3>\n\n\n\n<p>De\u0219i gramatica islandez\u0103 poate p\u0103rea o provocare formidabil\u0103, recompensele sunt abundente pentru cei care fac pasul. Cu perseveren\u021b\u0103, un interes deosebit pentru cultur\u0103 \u0219i un strop generos de curiozitate, ve\u021bi fi captivat de complexitatea limbii islandeze. A\u0219adar, al\u0103tura\u021bi-v\u0103 nou\u0103 \u00een aceast\u0103 aventur\u0103 \u0219i descoperi\u021bi magia gramaticii islandeze, pas cu pas.<\/p>\n<\/div><\/div>\n\r\n<section class=\"learnNavigationSection\">\r\n            \r\n        <a href=\"https:\/\/talkpal.ai\/ro\/invata-islandeza\/\">\r\n            <div class=\"learnNavigationWrapper\">\r\n                <div class=\"learnNavigationContent\">\r\n                    <img decoding=\"async\" src=\"https:\/\/talkpal.ai\/wp-content\/uploads\/2024\/08\/Icelandic.jpg\" alt=\"Iceland Flag\">\r\n                    <div>\r\n                        <h4>Despre \u00eenv\u0103\u021barea islandez\u0103<\/h4>\r\n                        <p>Afla\u021bi totul despre gramatica islandez\u0103 .<\/p>\r\n                    <\/div>\r\n                <\/div>\r\n            <\/div>\r\n        <\/a>\r\n\r\n        \r\n        <a href=\"https:\/\/talkpal.ai\/ro\/exercitii-de-gramatica-islandeza\/\">\r\n            <div class=\"learnNavigationWrapper\">\r\n                <div class=\"learnNavigationContent\">\r\n                    <img decoding=\"async\" src=\"https:\/\/talkpal.ai\/wp-content\/uploads\/2024\/08\/Icelandic.jpg\" alt=\"Iceland Flag\">\r\n                    <div>\r\n                        <h4>Exerci\u021biu de gramatic\u0103 islandez\u0103<\/h4>\r\n                        <p>Exersa\u021bi gramatica islandez\u0103.<\/p>\r\n                    <\/div>\r\n                <\/div>\r\n            <\/div>\r\n        <\/a>\r\n\r\n        \r\n        <a href=\"https:\/\/talkpal.ai\/vocabulary_language\/icelandic\/\">\r\n            <div class=\"learnNavigationWrapper\">\r\n                <div class=\"learnNavigationContent\">\r\n                    <img decoding=\"async\" src=\"https:\/\/talkpal.ai\/wp-content\/uploads\/2024\/08\/Icelandic.jpg\" alt=\"Iceland Flag\">\r\n                    <div>\r\n                        <h4>Vocabular islandez<\/h4>\r\n                        <p>Extinde\u021bi-v\u0103 vocabularul islandez.<\/p>\r\n                    <\/div>\r\n                <\/div>\r\n            <\/div>\r\n        <\/a>\r\n\r\n            <\/section>","protected":false},"excerpt":{"rendered":"<p>Magia gramaticii islandeze: deblocarea secretelor limbii vikinge Introducere: Islandeza, \u021bara focului \u0219i a ghe\u021bii Limba islandez\u0103, vorbit\u0103 de oamenii din uimitoarea na\u021biune insular\u0103 Islanda, este renumit\u0103 pentru istoria sa bogat\u0103, tradi\u021bia poetic\u0103 captivant\u0103 \u0219i capacitatea excep\u021bional\u0103 de a se adapta \u0219i de a evolua odat\u0103 cu vremurile. Descendent\u0103 din nordica veche, islandeza are un farmec [&hellip;]<\/p>\n","protected":false},"author":1,"featured_media":113465,"parent":0,"menu_order":0,"comment_status":"closed","ping_status":"closed","template":"LearningContentPage.php","meta":{"_acf_changed":false,"footnotes":""},"class_list":["post-144868","page","type-page","status-publish","has-post-thumbnail","hentry"],"acf":[],"yoast_head":"<!-- This site is optimized with the Yoast SEO Premium plugin v27.2 (Yoast SEO v27.2) - https:\/\/yoast.com\/product\/yoast-seo-premium-wordpress\/ -->\n<title>Gramatica islandez\u0103 - Talkpal<\/title>\n<meta name=\"description\" content=\"\u00cenv\u0103\u021ba\u021bi clar gramatica islandez\u0103 - \u00een\u021belege\u021bi regulile gramaticale cheie, forma\u021bi propozi\u021bii corecte \u0219i cre\u0219te\u021bi rapid \u00eencrederea \u00een sine cu ajutorul Talkpallec\u021bii AI.\" \/>\n<meta name=\"robots\" content=\"index, follow, max-snippet:-1, max-image-preview:large, max-video-preview:-1\" \/>\n<link rel=\"canonical\" href=\"https:\/\/talkpal.ai\/ro\/gramatica-islandeza\/\" \/>\n<meta property=\"og:locale\" content=\"ro_RO\" \/>\n<meta property=\"og:type\" content=\"article\" \/>\n<meta property=\"og:title\" content=\"Gramatica islandez\u0103\" \/>\n<meta property=\"og:description\" content=\"Magia gramaticii islandeze: deblocarea secretelor limbii vikinge Introducere: Islandeza, \u021bara focului \u0219i a ghe\u021bii Limba islandez\u0103, vorbit\u0103 de oamenii din\" \/>\n<meta property=\"og:url\" content=\"https:\/\/talkpal.ai\/ro\/gramatica-islandeza\/\" \/>\n<meta property=\"og:site_name\" content=\"Talkpal\" \/>\n<meta property=\"article:publisher\" content=\"https:\/\/www.facebook.com\/profile.php?id=100090733639311\" \/>\n<meta property=\"article:modified_time\" content=\"2025-12-12T10:35:13+00:00\" \/>\n<meta property=\"og:image\" content=\"https:\/\/talkpal.ai\/wp-content\/uploads\/2023\/05\/iceland.png\" \/>\n\t<meta property=\"og:image:width\" content=\"512\" \/>\n\t<meta property=\"og:image:height\" content=\"512\" \/>\n\t<meta property=\"og:image:type\" content=\"image\/png\" \/>\n<meta name=\"twitter:card\" content=\"summary_large_image\" \/>\n<meta name=\"twitter:site\" content=\"@talkpalai\" \/>\n<meta name=\"twitter:label1\" content=\"Timp estimat pentru citire\" \/>\n\t<meta name=\"twitter:data1\" content=\"3 minute\" \/>\n<script type=\"application\/ld+json\" class=\"yoast-schema-graph\">{\"@context\":\"https:\/\/schema.org\",\"@graph\":[{\"@type\":\"WebPage\",\"@id\":\"https:\/\/talkpal.ai\/ro\/gramatica-islandeza\/\",\"url\":\"https:\/\/talkpal.ai\/ro\/gramatica-islandeza\/\",\"name\":\"Gramatica islandez\u0103 - Talkpal\",\"isPartOf\":{\"@id\":\"https:\/\/talkpal.ai\/ro\/#website\"},\"primaryImageOfPage\":{\"@id\":\"https:\/\/talkpal.ai\/ro\/gramatica-islandeza\/#primaryimage\"},\"image\":{\"@id\":\"https:\/\/talkpal.ai\/ro\/gramatica-islandeza\/#primaryimage\"},\"thumbnailUrl\":\"https:\/\/talkpal.ai\/wp-content\/uploads\/2023\/05\/iceland.png\",\"datePublished\":\"2023-05-14T14:09:11+00:00\",\"dateModified\":\"2025-12-12T10:35:13+00:00\",\"description\":\"\u00cenv\u0103\u021ba\u021bi clar gramatica islandez\u0103 - \u00een\u021belege\u021bi regulile gramaticale cheie, forma\u021bi propozi\u021bii corecte \u0219i cre\u0219te\u021bi rapid \u00eencrederea \u00een sine cu ajutorul Talkpallec\u021bii AI.\",\"breadcrumb\":{\"@id\":\"https:\/\/talkpal.ai\/ro\/gramatica-islandeza\/#breadcrumb\"},\"inLanguage\":\"ro-RO\",\"potentialAction\":[{\"@type\":\"ReadAction\",\"target\":[\"https:\/\/talkpal.ai\/ro\/gramatica-islandeza\/\"]}]},{\"@type\":\"ImageObject\",\"inLanguage\":\"ro-RO\",\"@id\":\"https:\/\/talkpal.ai\/ro\/gramatica-islandeza\/#primaryimage\",\"url\":\"https:\/\/talkpal.ai\/wp-content\/uploads\/2023\/05\/iceland.png\",\"contentUrl\":\"https:\/\/talkpal.ai\/wp-content\/uploads\/2023\/05\/iceland.png\",\"width\":512,\"height\":512},{\"@type\":\"BreadcrumbList\",\"@id\":\"https:\/\/talkpal.ai\/ro\/gramatica-islandeza\/#breadcrumb\",\"itemListElement\":[{\"@type\":\"ListItem\",\"position\":1,\"name\":\"Homepage\",\"item\":\"https:\/\/talkpal.ai\/ro\/\"},{\"@type\":\"ListItem\",\"position\":2,\"name\":\"Gramatica islandez\u0103\"}]},{\"@type\":\"WebSite\",\"@id\":\"https:\/\/talkpal.ai\/ro\/#website\",\"url\":\"https:\/\/talkpal.ai\/ro\/\",\"name\":\"Talkpal\",\"description\":\"AI Language Learning\",\"publisher\":{\"@id\":\"https:\/\/talkpal.ai\/ro\/#organization\"},\"alternateName\":\"Talkpal AI\",\"potentialAction\":[{\"@type\":\"SearchAction\",\"target\":{\"@type\":\"EntryPoint\",\"urlTemplate\":\"https:\/\/talkpal.ai\/ro\/?s={search_term_string}\"},\"query-input\":{\"@type\":\"PropertyValueSpecification\",\"valueRequired\":true,\"valueName\":\"search_term_string\"}}],\"inLanguage\":\"ro-RO\"},{\"@type\":\"Organization\",\"@id\":\"https:\/\/talkpal.ai\/ro\/#organization\",\"name\":\"Talkpal, Inc.\",\"alternateName\":\"Talkpal AI\",\"url\":\"https:\/\/talkpal.ai\/ro\/\",\"logo\":{\"@type\":\"ImageObject\",\"inLanguage\":\"ro-RO\",\"@id\":\"https:\/\/talkpal.ai\/ro\/#\/schema\/logo\/image\/\",\"url\":\"https:\/\/talkpal.ai\/wp-content\/uploads\/2024\/03\/Talkpal-Logo-Icon.png\",\"contentUrl\":\"https:\/\/talkpal.ai\/wp-content\/uploads\/2024\/03\/Talkpal-Logo-Icon.png\",\"width\":2880,\"height\":2880,\"caption\":\"Talkpal, Inc.\"},\"image\":{\"@id\":\"https:\/\/talkpal.ai\/ro\/#\/schema\/logo\/image\/\"},\"sameAs\":[\"https:\/\/www.facebook.com\/profile.php?id=100090733639311\",\"https:\/\/x.com\/talkpalai\",\"https:\/\/www.linkedin.com\/company\/talkpal\/\",\"https:\/\/www.youtube.com\/@TalkPal\/\",\"https:\/\/www.tiktok.com\/@talkpal\",\"https:\/\/www.instagram.com\/talkpal_ai\/\",\"https:\/\/www.crunchbase.com\/organization\/talkpal-9cde\",\"https:\/\/www.g2.com\/products\/talkpal-for-business\/\",\"https:\/\/www.trustpilot.com\/review\/talkpal.ai\",\"https:\/\/www.capterra.com\/p\/10006800\/TalkPal\/\"],\"description\":\"Talkpal is a language learning web and mobile education app, powered by the latest AI technologies, that provides engaging experiences to its customers in many different languages to help them improve their language skills. Users can chat about unlimited amount of topics with the app and use other modes to practice their language learning.\",\"email\":\"support@talkpal.ai\",\"legalName\":\"Talkpal, Inc.\",\"foundingDate\":\"2023-04-03\",\"duns\":\"118989042\",\"numberOfEmployees\":{\"@type\":\"QuantitativeValue\",\"minValue\":\"11\",\"maxValue\":\"50\"},\"publishingPrinciples\":\"https:\/\/talkpal.ai\/publishing-principles\/\",\"actionableFeedbackPolicy\":\"https:\/\/talkpal.ai\/actionable-feedback-policy\/\",\"correctionsPolicy\":\"https:\/\/talkpal.ai\/corrections-policy\/\",\"ethicsPolicy\":\"https:\/\/talkpal.ai\/ethics-policy\/\",\"diversityPolicy\":\"https:\/\/talkpal.ai\/diversity-policy\/\",\"diversityStaffingReport\":\"https:\/\/talkpal.ai\/diversity-policy\/\"}]}<\/script>\n<!-- \/ Yoast SEO Premium plugin. -->","yoast_head_json":{"title":"Gramatica islandez\u0103 - Talkpal","description":"\u00cenv\u0103\u021ba\u021bi clar gramatica islandez\u0103 - \u00een\u021belege\u021bi regulile gramaticale cheie, forma\u021bi propozi\u021bii corecte \u0219i cre\u0219te\u021bi rapid \u00eencrederea \u00een sine cu ajutorul Talkpallec\u021bii AI.","robots":{"index":"index","follow":"follow","max-snippet":"max-snippet:-1","max-image-preview":"max-image-preview:large","max-video-preview":"max-video-preview:-1"},"canonical":"https:\/\/talkpal.ai\/ro\/gramatica-islandeza\/","og_locale":"ro_RO","og_type":"article","og_title":"Gramatica islandez\u0103","og_description":"Magia gramaticii islandeze: deblocarea secretelor limbii vikinge Introducere: Islandeza, \u021bara focului \u0219i a ghe\u021bii Limba islandez\u0103, vorbit\u0103 de oamenii din","og_url":"https:\/\/talkpal.ai\/ro\/gramatica-islandeza\/","og_site_name":"Talkpal","article_publisher":"https:\/\/www.facebook.com\/profile.php?id=100090733639311","article_modified_time":"2025-12-12T10:35:13+00:00","og_image":[{"width":512,"height":512,"url":"https:\/\/talkpal.ai\/wp-content\/uploads\/2023\/05\/iceland.png","type":"image\/png"}],"twitter_card":"summary_large_image","twitter_site":"@talkpalai","twitter_misc":{"Timp estimat pentru citire":"3 minute"},"schema":{"@context":"https:\/\/schema.org","@graph":[{"@type":"WebPage","@id":"https:\/\/talkpal.ai\/ro\/gramatica-islandeza\/","url":"https:\/\/talkpal.ai\/ro\/gramatica-islandeza\/","name":"Gramatica islandez\u0103 - Talkpal","isPartOf":{"@id":"https:\/\/talkpal.ai\/ro\/#website"},"primaryImageOfPage":{"@id":"https:\/\/talkpal.ai\/ro\/gramatica-islandeza\/#primaryimage"},"image":{"@id":"https:\/\/talkpal.ai\/ro\/gramatica-islandeza\/#primaryimage"},"thumbnailUrl":"https:\/\/talkpal.ai\/wp-content\/uploads\/2023\/05\/iceland.png","datePublished":"2023-05-14T14:09:11+00:00","dateModified":"2025-12-12T10:35:13+00:00","description":"\u00cenv\u0103\u021ba\u021bi clar gramatica islandez\u0103 - \u00een\u021belege\u021bi regulile gramaticale cheie, forma\u021bi propozi\u021bii corecte \u0219i cre\u0219te\u021bi rapid \u00eencrederea \u00een sine cu ajutorul Talkpallec\u021bii AI.","breadcrumb":{"@id":"https:\/\/talkpal.ai\/ro\/gramatica-islandeza\/#breadcrumb"},"inLanguage":"ro-RO","potentialAction":[{"@type":"ReadAction","target":["https:\/\/talkpal.ai\/ro\/gramatica-islandeza\/"]}]},{"@type":"ImageObject","inLanguage":"ro-RO","@id":"https:\/\/talkpal.ai\/ro\/gramatica-islandeza\/#primaryimage","url":"https:\/\/talkpal.ai\/wp-content\/uploads\/2023\/05\/iceland.png","contentUrl":"https:\/\/talkpal.ai\/wp-content\/uploads\/2023\/05\/iceland.png","width":512,"height":512},{"@type":"BreadcrumbList","@id":"https:\/\/talkpal.ai\/ro\/gramatica-islandeza\/#breadcrumb","itemListElement":[{"@type":"ListItem","position":1,"name":"Homepage","item":"https:\/\/talkpal.ai\/ro\/"},{"@type":"ListItem","position":2,"name":"Gramatica islandez\u0103"}]},{"@type":"WebSite","@id":"https:\/\/talkpal.ai\/ro\/#website","url":"https:\/\/talkpal.ai\/ro\/","name":"Talkpal","description":"AI Language Learning","publisher":{"@id":"https:\/\/talkpal.ai\/ro\/#organization"},"alternateName":"Talkpal AI","potentialAction":[{"@type":"SearchAction","target":{"@type":"EntryPoint","urlTemplate":"https:\/\/talkpal.ai\/ro\/?s={search_term_string}"},"query-input":{"@type":"PropertyValueSpecification","valueRequired":true,"valueName":"search_term_string"}}],"inLanguage":"ro-RO"},{"@type":"Organization","@id":"https:\/\/talkpal.ai\/ro\/#organization","name":"Talkpal, Inc.","alternateName":"Talkpal AI","url":"https:\/\/talkpal.ai\/ro\/","logo":{"@type":"ImageObject","inLanguage":"ro-RO","@id":"https:\/\/talkpal.ai\/ro\/#\/schema\/logo\/image\/","url":"https:\/\/talkpal.ai\/wp-content\/uploads\/2024\/03\/Talkpal-Logo-Icon.png","contentUrl":"https:\/\/talkpal.ai\/wp-content\/uploads\/2024\/03\/Talkpal-Logo-Icon.png","width":2880,"height":2880,"caption":"Talkpal, Inc."},"image":{"@id":"https:\/\/talkpal.ai\/ro\/#\/schema\/logo\/image\/"},"sameAs":["https:\/\/www.facebook.com\/profile.php?id=100090733639311","https:\/\/x.com\/talkpalai","https:\/\/www.linkedin.com\/company\/talkpal\/","https:\/\/www.youtube.com\/@TalkPal\/","https:\/\/www.tiktok.com\/@talkpal","https:\/\/www.instagram.com\/talkpal_ai\/","https:\/\/www.crunchbase.com\/organization\/talkpal-9cde","https:\/\/www.g2.com\/products\/talkpal-for-business\/","https:\/\/www.trustpilot.com\/review\/talkpal.ai","https:\/\/www.capterra.com\/p\/10006800\/TalkPal\/"],"description":"Talkpal is a language learning web and mobile education app, powered by the latest AI technologies, that provides engaging experiences to its customers in many different languages to help them improve their language skills. Users can chat about unlimited amount of topics with the app and use other modes to practice their language learning.","email":"support@talkpal.ai","legalName":"Talkpal, Inc.","foundingDate":"2023-04-03","duns":"118989042","numberOfEmployees":{"@type":"QuantitativeValue","minValue":"11","maxValue":"50"},"publishingPrinciples":"https:\/\/talkpal.ai\/publishing-principles\/","actionableFeedbackPolicy":"https:\/\/talkpal.ai\/actionable-feedback-policy\/","correctionsPolicy":"https:\/\/talkpal.ai\/corrections-policy\/","ethicsPolicy":"https:\/\/talkpal.ai\/ethics-policy\/","diversityPolicy":"https:\/\/talkpal.ai\/diversity-policy\/","diversityStaffingReport":"https:\/\/talkpal.ai\/diversity-policy\/"}]}},"_links":{"self":[{"href":"https:\/\/talkpal.ai\/ro\/wp-json\/wp\/v2\/pages\/144868","targetHints":{"allow":["GET"]}}],"collection":[{"href":"https:\/\/talkpal.ai\/ro\/wp-json\/wp\/v2\/pages"}],"about":[{"href":"https:\/\/talkpal.ai\/ro\/wp-json\/wp\/v2\/types\/page"}],"author":[{"embeddable":true,"href":"https:\/\/talkpal.ai\/ro\/wp-json\/wp\/v2\/users\/1"}],"replies":[{"embeddable":true,"href":"https:\/\/talkpal.ai\/ro\/wp-json\/wp\/v2\/comments?post=144868"}],"version-history":[{"count":0,"href":"https:\/\/talkpal.ai\/ro\/wp-json\/wp\/v2\/pages\/144868\/revisions"}],"wp:featuredmedia":[{"embeddable":true,"href":"https:\/\/talkpal.ai\/ro\/wp-json\/wp\/v2\/media\/113465"}],"wp:attachment":[{"href":"https:\/\/talkpal.ai\/ro\/wp-json\/wp\/v2\/media?parent=144868"}],"curies":[{"name":"wp","href":"https:\/\/api.w.org\/{rel}","templated":true}]}}