{"id":144573,"date":"2023-05-14T14:08:53","date_gmt":"2023-05-14T14:08:53","guid":{"rendered":"http:\/\/talkpal.ai\/gramatica-limbii-maghiare\/"},"modified":"2025-12-12T10:34:20","modified_gmt":"2025-12-12T10:34:20","slug":"gramatica-limbii-maghiare","status":"publish","type":"page","link":"https:\/\/talkpal.ai\/ro\/gramatica-limbii-maghiare\/","title":{"rendered":"Gramatica limbii maghiare"},"content":{"rendered":"\r\n\r\n\r\n<section class=\"languageChallengeSection\">\r\n    <div class=\"languageInfoWrapper\">\r\n        \r\n        <h1>Gramatica limbii maghiare<\/h1>\r\n        <p>Sunte\u021bi gata s\u0103 accepta\u021bi o provocare lingvistic\u0103 cu adev\u0103rat unic\u0103? Scufunda\u021bi-v\u0103 \u00een gramatica <a href=\"https:\/\/talkpal.ai\/learn-hungarian\/\">maghiar\u0103<\/a> \u0219i descoperi\u021bi caracteristicile <a href=\"https:\/\/talkpal.ai\/locations\/learn-english-in-sale\/\">sale<\/a> remarcabile. \u00cencepe\u021bi s\u0103 \u00eenv\u0103\u021ba\u021bi ast\u0103zi \u0219i descoperi\u021bi cum st\u0103p\u00e2nirea gramaticii maghiare deschide u\u0219ile c\u0103tre conversa\u021bii semnificative \u0219i o apreciere profund\u0103 a patrimoniului lingvistic bogat al Ungariei!<\/p>\r\n\r\n                            <a class=\"getStartedHidden\" href=\"https:\/\/app.talkpal.ai\/ro\/signup?lng=\">\u00cencepe<\/a>\r\n        \r\n    <\/div>\r\n\r\n    <figure>\r\n    <img decoding=\"async\" width=\"768\" height=\"768\" src=\"https:\/\/talkpal.ai\/wp-content\/uploads\/2023\/06\/hungarian-768x768.png\" class=\"languageImage no-lazy\" alt=\"Language learning strategies for advanced learners\" fetchpriority=\"high\" sizes=\"(max-width: 768px) 150px, 768px\" srcset=\"https:\/\/talkpal.ai\/wp-content\/uploads\/2023\/06\/hungarian-768x768.png 768w, https:\/\/talkpal.ai\/wp-content\/uploads\/2023\/06\/hungarian-300x300.png 300w\" \/>\r\n    \r\n\r\n    <\/figure>\r\n\r\n            <a class=\"getStartedVisible\" href=\"https:\/\/app.talkpal.ai\/ro\/signup?lng=\">\u00cencepe<\/a>\r\n    \r\n<\/section>\r\n<section class=\"promotionalBanner\">\r\n    <p class=\"promotionalText\">Cel mai eficient mod de a \u00eenv\u0103\u021ba o limb\u0103<\/p>\r\n    <a class=\"promotionalLink\" href=\"https:\/\/app.talkpal.ai\/ro\/signup?lng=\">\u00cencerca\u021bi Talkpal gratuit<\/a>\r\n<\/section>\n<div class=\"wp-block-group pageContainerStyle\"><div class=\"wp-block-group__inner-container is-layout-constrained wp-block-group-is-layout-constrained\">\n<h2 class=\"wp-block-heading\" id=\"h-title-unlocking-the-secrets-of-hungarian-grammar\">Titlu: Deblocarea secretelor gramaticii maghiare<\/h2>\n\n\n\n<p>Maghiara, o limb\u0103 fino-ugric\u0103, iese \u00een eviden\u021b\u0103 prin sistemul s\u0103u gramatical unic, ceea ce o face o provocare captivant\u0103 pentru pasiona\u021bii de <a href=\"https:\/\/talkpal.ai\/ro\/tutor-de-limbi-straine\/\">limbi str\u0103ine<\/a>. \u00cenv\u0103\u021barea limbii maghiare nu numai c\u0103 v\u0103 l\u0103rge\u0219te cuno\u0219tin\u021bele lingvistice, ci v\u0103 permite, de asemenea, s\u0103 v\u0103 ad\u00e2nci\u021bi \u00een cultura \u0219i istoria captivant\u0103 a Ungariei. \u00cen timp ce gramatica maghiar\u0103 poate p\u0103rea ini\u021bial intimidant\u0103, descompunerea acesteia \u00een componente u\u0219or de gestionat face procesul de \u00eenv\u0103\u021bare mai accesibil. \u00cen acest articol, v\u0103 vom introduce \u00een lumea fascinant\u0103 a gramaticii maghiare \u0219i v\u0103 vom oferi \u00eendrum\u0103ri pentru a-i st\u0103p\u00e2ni complexitatea.<\/p>\n\n\n\n<h3 class=\"wp-block-heading\" id=\"h-1-word-order-a-flexible-feature\">1. Ordinea cuvintelor: o caracteristic\u0103 flexibil\u0103<\/h3>\n\n\n\n<p>Spre deosebire de multe alte limbi, maghiara are o ordine a cuvintelor relativ flexibil\u0103. \u00cen timp ce propozi\u021bia tipic\u0103 maghiar\u0103 urmeaz\u0103 modelul subiect-verb-obiect (SVO), alte ordine de cuvinte sunt, de asemenea, comune \u0219i folosite pentru a sublinia diferite p\u0103r\u021bi ale propozi\u021biei. Familiarizarea cu aceste varia\u021bii v\u0103 va permite s\u0103 \u00een\u021belege\u021bi \u0219i s\u0103 construi\u021bi propozi\u021bii maghiare mai eficient.<\/p>\n\n\n\n<h3 class=\"wp-block-heading\" id=\"h-2-nouns-and-cases-the-role-of-suffixes\">2. Substantive \u0219i cazuri: rolul sufixelor<\/h3>\n\n\n\n<p>Substantivele maghiare nu au gen gramatical, simplific\u00e2nd construc\u021bia propozi\u021biei. Cu toate acestea, substantivele \u0219i alte p\u0103r\u021bi de vorbire din gramatica maghiar\u0103 utilizeaz\u0103 o multitudine de sufixe pentru a indica cazurile, posesia \u0219i pluralitatea. \u00cenv\u0103\u021barea acestor sufixe \u0219i utilizarea lor v\u0103 va \u00eembun\u0103t\u0103\u021bi considerabil capacitatea de a comunica \u00een limba maghiar\u0103.<\/p>\n\n\n\n<p>Exemple:<\/p>\n\n\n\n<p><strong>&#8211; h\u00e1z (cas\u0103) &#8211; h\u00e1zak (case)<\/strong><\/p>\n\n\n\n<p><strong>&#8211; h\u00e1zban (\u00een cas\u0103) &#8211; h\u00e1zakban (\u00een case)<\/strong><\/p>\n\n\n\n<h3 class=\"wp-block-heading\" id=\"h-3-verbs-conjugation-and-tense\">3. Verbe: conjugare \u0219i timp<\/h3>\n\n\n\n<p>Verbele maghiare sunt conjugate \u00een func\u021bie de timp, dispozi\u021bie, subiect \u0219i defini\u021bie. De\u0219i exist\u0103 mai multe timpuri \u00een limba maghiar\u0103, \u00eenv\u0103\u021barea celor trei timpuri principale &#8211; prezent, trecut \u0219i viitor &#8211; este un bun punct de plecare. Familiariza\u021bi-v\u0103 cu modelele regulate de conjugare a verbelor \u0219i \u00eenv\u0103\u021ba\u021bi verbe neregulate comune pentru a v\u0103 \u00eembun\u0103t\u0103\u021bi abilit\u0103\u021bile de comunicare verbal\u0103.<\/p>\n\n\n\n<h3 class=\"wp-block-heading\" id=\"h-4-adjectives-agreement-and-placement\">4. Adjective: acord \u0219i plasare<\/h3>\n\n\n\n<p>\u00cen gramatica maghiar\u0103, adjectivele trebuie s\u0103 fie \u00een acord cu substantivul <a href=\"https:\/\/talkpal.ai\/culture\/how-do-i-use-pe-care-correctly\/\">pe care<\/a> \u00eel modific\u0103 \u00een termeni de num\u0103r (singular sau plural). Cu toate acestea, adjectivele nu trebuie s\u0103 se potriveasc\u0103 substantivului pentru cazul gramatical. Adjectivele preced de obicei substantivul, oferind context descriptiv pentru propozi\u021bie.<\/p>\n\n\n\n<p>Exemple:<\/p>\n\n\n\n<p><strong>&#8211; piros alma (m\u0103r ro\u0219u)<\/strong><\/p>\n\n\n\n<p><strong>&#8211; sz\u00e9p vir\u00e1gok (flori frumoase)<\/strong><\/p>\n\n\n\n<h3 class=\"wp-block-heading\" id=\"h-5-vowel-harmony-a-unique-feature\">5. Armonia vocalelor: o caracteristic\u0103 unic\u0103<\/h3>\n\n\n\n<p>Un aspect distinctiv al gramaticii maghiare este armonia vocalelor, care implic\u0103 acordul vocalelor \u00een cuvinte. Armonia vocalelor afecteaz\u0103 modul \u00een care sufixele sunt formate \u0219i ata\u0219ate cuvintelor. \u00cen\u021belegerea \u0219i practicarea armoniei vocalice va face ca maghiara scris\u0103 \u0219i vorbit\u0103 s\u0103 fie mai precis\u0103 \u0219i mai natural\u0103.<\/p>\n\n\n\n<h3 class=\"wp-block-heading\" id=\"h-6-engaging-with-the-language\">6. Interac\u021biunea cu limba<\/h3>\n\n\n\n<p>Cel mai eficient mod de a \u00een\u021belege \u0219i internaliza pe deplin gramatica limbii maghiare este de a interac\u021biona \u00een mod consecvent cu limba. Citind literatura maghiar\u0103, vizion\u00e2nd filme native sau convers\u00e2nd activ cu vorbitori nativi, v\u0103 ve\u021bi consolida \u00een\u021belegerea gramaticii \u00een timp ce v\u0103 extinde\u021bi vocabularul simultan.<\/p>\n\n\n\n<h3 class=\"wp-block-heading\" id=\"h-conclusion\">Concluzie<\/h3>\n\n\n\n<p>De\u0219i gramatica maghiar\u0103 poate p\u0103rea complex\u0103, abordarea ei pas cu pas \u0219i practicarea consecvent\u0103 v\u0103 va ajuta s\u0103 deveni\u021bi competen\u021bi \u00een aceast\u0103 limb\u0103 fascinant\u0103. Accepta\u021bi provocarea pe m\u0103sur\u0103 ce v\u0103 \u00eembarca\u021bi \u00een c\u0103l\u0103toria dumneavoastr\u0103 \u00een limba maghiar\u0103 \u0219i \u00een cur\u00e2nd v\u0103 ve\u021bi g\u0103si navig\u00e2nd cu \u00eencredere \u00een complexitatea gramaticii sale. Spor la studiu \u0219i bucura\u021bi-v\u0103 de explorarea minunilor gramaticii maghiare!<\/p>\n<\/div><\/div>\n\r\n<section class=\"learnNavigationSection\">\r\n            \r\n        <a href=\"https:\/\/talkpal.ai\/ro\/invata-maghiara\/\">\r\n            <div class=\"learnNavigationWrapper\">\r\n                <div class=\"learnNavigationContent\">\r\n                    <img decoding=\"async\" src=\"https:\/\/talkpal.ai\/wp-content\/uploads\/2024\/08\/Hungarian.jpg\" alt=\"Hungarian Flag\">\r\n                    <div>\r\n                        <h4>Despre \u00eenv\u0103\u021b\u0103m\u00e2ntul maghiar<\/h4>\r\n                        <p>Afla\u021bi totul despre gramatica limbii maghiare .<\/p>\r\n                    <\/div>\r\n                <\/div>\r\n            <\/div>\r\n        <\/a>\r\n\r\n        \r\n        <a href=\"https:\/\/talkpal.ai\/ro\/exercitii-de-gramatica-maghiara\/\">\r\n            <div class=\"learnNavigationWrapper\">\r\n                <div class=\"learnNavigationContent\">\r\n                    <img decoding=\"async\" src=\"https:\/\/talkpal.ai\/wp-content\/uploads\/2024\/08\/Hungarian.jpg\" alt=\"Hungarian Flag\">\r\n                    <div>\r\n                        <h4>Exerci\u021biu de gramatic\u0103 maghiar\u0103<\/h4>\r\n                        <p>Exersa\u021bi gramatica maghiar\u0103.<\/p>\r\n                    <\/div>\r\n                <\/div>\r\n            <\/div>\r\n        <\/a>\r\n\r\n        \r\n        <a href=\"https:\/\/talkpal.ai\/vocabulary_language\/hungarian\/\">\r\n            <div class=\"learnNavigationWrapper\">\r\n                <div class=\"learnNavigationContent\">\r\n                    <img decoding=\"async\" src=\"https:\/\/talkpal.ai\/wp-content\/uploads\/2024\/08\/Hungarian.jpg\" alt=\"Hungarian Flag\">\r\n                    <div>\r\n                        <h4>Vocabularul maghiar<\/h4>\r\n                        <p>Extinde\u021bi-v\u0103 vocabularul \u00een limba maghiar\u0103.<\/p>\r\n                    <\/div>\r\n                <\/div>\r\n            <\/div>\r\n        <\/a>\r\n\r\n            <\/section>","protected":false},"excerpt":{"rendered":"<p>Titlu: Deblocarea secretelor gramaticii maghiare Maghiara, o limb\u0103 fino-ugric\u0103, iese \u00een eviden\u021b\u0103 prin sistemul s\u0103u gramatical unic, ceea ce o face o provocare captivant\u0103 pentru pasiona\u021bii de limbi str\u0103ine. \u00cenv\u0103\u021barea limbii maghiare nu numai c\u0103 v\u0103 l\u0103rge\u0219te cuno\u0219tin\u021bele lingvistice, ci v\u0103 permite, de asemenea, s\u0103 v\u0103 ad\u00e2nci\u021bi \u00een cultura \u0219i istoria captivant\u0103 a Ungariei. \u00cen [&hellip;]<\/p>\n","protected":false},"author":1,"featured_media":113228,"parent":0,"menu_order":0,"comment_status":"closed","ping_status":"closed","template":"LearningContentPage.php","meta":{"_acf_changed":false,"footnotes":""},"class_list":["post-144573","page","type-page","status-publish","has-post-thumbnail","hentry"],"acf":[],"yoast_head":"<!-- This site is optimized with the Yoast SEO Premium plugin v27.2 (Yoast SEO v27.2) - https:\/\/yoast.com\/product\/yoast-seo-premium-wordpress\/ -->\n<title>Gramatica limbii maghiare - Talkpal<\/title>\n<meta name=\"description\" content=\"St\u0103p\u00e2ni\u021bi gramatica maghiar\u0103 - \u00eenv\u0103\u021ba\u021bi regulile gramaticale \u0219i exersa\u021bi formarea propozi\u021biilor. Primi\u021bi \u00eendrum\u0103ri utile de la Talkpal AI.\" \/>\n<meta name=\"robots\" content=\"index, follow, max-snippet:-1, max-image-preview:large, max-video-preview:-1\" \/>\n<link rel=\"canonical\" href=\"https:\/\/talkpal.ai\/ro\/gramatica-limbii-maghiare\/\" \/>\n<meta property=\"og:locale\" content=\"ro_RO\" \/>\n<meta property=\"og:type\" content=\"article\" \/>\n<meta property=\"og:title\" content=\"Gramatica limbii maghiare\" \/>\n<meta property=\"og:description\" content=\"Titlu: Deblocarea secretelor gramaticii maghiare Maghiara, o limb\u0103 fino-ugric\u0103, iese \u00een eviden\u021b\u0103 prin sistemul s\u0103u gramatical unic, ceea ce o face o\" \/>\n<meta property=\"og:url\" content=\"https:\/\/talkpal.ai\/ro\/gramatica-limbii-maghiare\/\" \/>\n<meta property=\"og:site_name\" content=\"Talkpal\" \/>\n<meta property=\"article:publisher\" content=\"https:\/\/www.facebook.com\/profile.php?id=100090733639311\" \/>\n<meta property=\"article:modified_time\" content=\"2025-12-12T10:34:20+00:00\" \/>\n<meta property=\"og:image\" content=\"https:\/\/talkpal.ai\/wp-content\/uploads\/2023\/05\/Hungarian.png\" \/>\n\t<meta property=\"og:image:width\" content=\"512\" \/>\n\t<meta property=\"og:image:height\" content=\"512\" \/>\n\t<meta property=\"og:image:type\" content=\"image\/png\" \/>\n<meta name=\"twitter:card\" content=\"summary_large_image\" \/>\n<meta name=\"twitter:site\" content=\"@talkpalai\" \/>\n<meta name=\"twitter:label1\" content=\"Timp estimat pentru citire\" \/>\n\t<meta name=\"twitter:data1\" content=\"3 minute\" \/>\n<script type=\"application\/ld+json\" class=\"yoast-schema-graph\">{\"@context\":\"https:\/\/schema.org\",\"@graph\":[{\"@type\":\"WebPage\",\"@id\":\"https:\/\/talkpal.ai\/ro\/gramatica-limbii-maghiare\/\",\"url\":\"https:\/\/talkpal.ai\/ro\/gramatica-limbii-maghiare\/\",\"name\":\"Gramatica limbii maghiare - Talkpal\",\"isPartOf\":{\"@id\":\"https:\/\/talkpal.ai\/ro\/#website\"},\"primaryImageOfPage\":{\"@id\":\"https:\/\/talkpal.ai\/ro\/gramatica-limbii-maghiare\/#primaryimage\"},\"image\":{\"@id\":\"https:\/\/talkpal.ai\/ro\/gramatica-limbii-maghiare\/#primaryimage\"},\"thumbnailUrl\":\"https:\/\/talkpal.ai\/wp-content\/uploads\/2023\/05\/Hungarian.png\",\"datePublished\":\"2023-05-14T14:08:53+00:00\",\"dateModified\":\"2025-12-12T10:34:20+00:00\",\"description\":\"St\u0103p\u00e2ni\u021bi gramatica maghiar\u0103 - \u00eenv\u0103\u021ba\u021bi regulile gramaticale \u0219i exersa\u021bi formarea propozi\u021biilor. Primi\u021bi \u00eendrum\u0103ri utile de la Talkpal AI.\",\"breadcrumb\":{\"@id\":\"https:\/\/talkpal.ai\/ro\/gramatica-limbii-maghiare\/#breadcrumb\"},\"inLanguage\":\"ro-RO\",\"potentialAction\":[{\"@type\":\"ReadAction\",\"target\":[\"https:\/\/talkpal.ai\/ro\/gramatica-limbii-maghiare\/\"]}]},{\"@type\":\"ImageObject\",\"inLanguage\":\"ro-RO\",\"@id\":\"https:\/\/talkpal.ai\/ro\/gramatica-limbii-maghiare\/#primaryimage\",\"url\":\"https:\/\/talkpal.ai\/wp-content\/uploads\/2023\/05\/Hungarian.png\",\"contentUrl\":\"https:\/\/talkpal.ai\/wp-content\/uploads\/2023\/05\/Hungarian.png\",\"width\":512,\"height\":512},{\"@type\":\"BreadcrumbList\",\"@id\":\"https:\/\/talkpal.ai\/ro\/gramatica-limbii-maghiare\/#breadcrumb\",\"itemListElement\":[{\"@type\":\"ListItem\",\"position\":1,\"name\":\"Homepage\",\"item\":\"https:\/\/talkpal.ai\/ro\/\"},{\"@type\":\"ListItem\",\"position\":2,\"name\":\"Gramatica limbii maghiare\"}]},{\"@type\":\"WebSite\",\"@id\":\"https:\/\/talkpal.ai\/ro\/#website\",\"url\":\"https:\/\/talkpal.ai\/ro\/\",\"name\":\"Talkpal\",\"description\":\"AI Language Learning\",\"publisher\":{\"@id\":\"https:\/\/talkpal.ai\/ro\/#organization\"},\"alternateName\":\"Talkpal AI\",\"potentialAction\":[{\"@type\":\"SearchAction\",\"target\":{\"@type\":\"EntryPoint\",\"urlTemplate\":\"https:\/\/talkpal.ai\/ro\/?s={search_term_string}\"},\"query-input\":{\"@type\":\"PropertyValueSpecification\",\"valueRequired\":true,\"valueName\":\"search_term_string\"}}],\"inLanguage\":\"ro-RO\"},{\"@type\":\"Organization\",\"@id\":\"https:\/\/talkpal.ai\/ro\/#organization\",\"name\":\"Talkpal, Inc.\",\"alternateName\":\"Talkpal AI\",\"url\":\"https:\/\/talkpal.ai\/ro\/\",\"logo\":{\"@type\":\"ImageObject\",\"inLanguage\":\"ro-RO\",\"@id\":\"https:\/\/talkpal.ai\/ro\/#\/schema\/logo\/image\/\",\"url\":\"https:\/\/talkpal.ai\/wp-content\/uploads\/2024\/03\/Talkpal-Logo-Icon.png\",\"contentUrl\":\"https:\/\/talkpal.ai\/wp-content\/uploads\/2024\/03\/Talkpal-Logo-Icon.png\",\"width\":2880,\"height\":2880,\"caption\":\"Talkpal, Inc.\"},\"image\":{\"@id\":\"https:\/\/talkpal.ai\/ro\/#\/schema\/logo\/image\/\"},\"sameAs\":[\"https:\/\/www.facebook.com\/profile.php?id=100090733639311\",\"https:\/\/x.com\/talkpalai\",\"https:\/\/www.linkedin.com\/company\/talkpal\/\",\"https:\/\/www.youtube.com\/@TalkPal\/\",\"https:\/\/www.tiktok.com\/@talkpal\",\"https:\/\/www.instagram.com\/talkpal_ai\/\",\"https:\/\/www.crunchbase.com\/organization\/talkpal-9cde\",\"https:\/\/www.g2.com\/products\/talkpal-for-business\/\",\"https:\/\/www.trustpilot.com\/review\/talkpal.ai\",\"https:\/\/www.capterra.com\/p\/10006800\/TalkPal\/\"],\"description\":\"Talkpal is a language learning web and mobile education app, powered by the latest AI technologies, that provides engaging experiences to its customers in many different languages to help them improve their language skills. Users can chat about unlimited amount of topics with the app and use other modes to practice their language learning.\",\"email\":\"support@talkpal.ai\",\"legalName\":\"Talkpal, Inc.\",\"foundingDate\":\"2023-04-03\",\"duns\":\"118989042\",\"numberOfEmployees\":{\"@type\":\"QuantitativeValue\",\"minValue\":\"11\",\"maxValue\":\"50\"},\"publishingPrinciples\":\"https:\/\/talkpal.ai\/publishing-principles\/\",\"actionableFeedbackPolicy\":\"https:\/\/talkpal.ai\/actionable-feedback-policy\/\",\"correctionsPolicy\":\"https:\/\/talkpal.ai\/corrections-policy\/\",\"ethicsPolicy\":\"https:\/\/talkpal.ai\/ethics-policy\/\",\"diversityPolicy\":\"https:\/\/talkpal.ai\/diversity-policy\/\",\"diversityStaffingReport\":\"https:\/\/talkpal.ai\/diversity-policy\/\"}]}<\/script>\n<!-- \/ Yoast SEO Premium plugin. -->","yoast_head_json":{"title":"Gramatica limbii maghiare - Talkpal","description":"St\u0103p\u00e2ni\u021bi gramatica maghiar\u0103 - \u00eenv\u0103\u021ba\u021bi regulile gramaticale \u0219i exersa\u021bi formarea propozi\u021biilor. Primi\u021bi \u00eendrum\u0103ri utile de la Talkpal AI.","robots":{"index":"index","follow":"follow","max-snippet":"max-snippet:-1","max-image-preview":"max-image-preview:large","max-video-preview":"max-video-preview:-1"},"canonical":"https:\/\/talkpal.ai\/ro\/gramatica-limbii-maghiare\/","og_locale":"ro_RO","og_type":"article","og_title":"Gramatica limbii maghiare","og_description":"Titlu: Deblocarea secretelor gramaticii maghiare Maghiara, o limb\u0103 fino-ugric\u0103, iese \u00een eviden\u021b\u0103 prin sistemul s\u0103u gramatical unic, ceea ce o face o","og_url":"https:\/\/talkpal.ai\/ro\/gramatica-limbii-maghiare\/","og_site_name":"Talkpal","article_publisher":"https:\/\/www.facebook.com\/profile.php?id=100090733639311","article_modified_time":"2025-12-12T10:34:20+00:00","og_image":[{"width":512,"height":512,"url":"https:\/\/talkpal.ai\/wp-content\/uploads\/2023\/05\/Hungarian.png","type":"image\/png"}],"twitter_card":"summary_large_image","twitter_site":"@talkpalai","twitter_misc":{"Timp estimat pentru citire":"3 minute"},"schema":{"@context":"https:\/\/schema.org","@graph":[{"@type":"WebPage","@id":"https:\/\/talkpal.ai\/ro\/gramatica-limbii-maghiare\/","url":"https:\/\/talkpal.ai\/ro\/gramatica-limbii-maghiare\/","name":"Gramatica limbii maghiare - Talkpal","isPartOf":{"@id":"https:\/\/talkpal.ai\/ro\/#website"},"primaryImageOfPage":{"@id":"https:\/\/talkpal.ai\/ro\/gramatica-limbii-maghiare\/#primaryimage"},"image":{"@id":"https:\/\/talkpal.ai\/ro\/gramatica-limbii-maghiare\/#primaryimage"},"thumbnailUrl":"https:\/\/talkpal.ai\/wp-content\/uploads\/2023\/05\/Hungarian.png","datePublished":"2023-05-14T14:08:53+00:00","dateModified":"2025-12-12T10:34:20+00:00","description":"St\u0103p\u00e2ni\u021bi gramatica maghiar\u0103 - \u00eenv\u0103\u021ba\u021bi regulile gramaticale \u0219i exersa\u021bi formarea propozi\u021biilor. Primi\u021bi \u00eendrum\u0103ri utile de la Talkpal AI.","breadcrumb":{"@id":"https:\/\/talkpal.ai\/ro\/gramatica-limbii-maghiare\/#breadcrumb"},"inLanguage":"ro-RO","potentialAction":[{"@type":"ReadAction","target":["https:\/\/talkpal.ai\/ro\/gramatica-limbii-maghiare\/"]}]},{"@type":"ImageObject","inLanguage":"ro-RO","@id":"https:\/\/talkpal.ai\/ro\/gramatica-limbii-maghiare\/#primaryimage","url":"https:\/\/talkpal.ai\/wp-content\/uploads\/2023\/05\/Hungarian.png","contentUrl":"https:\/\/talkpal.ai\/wp-content\/uploads\/2023\/05\/Hungarian.png","width":512,"height":512},{"@type":"BreadcrumbList","@id":"https:\/\/talkpal.ai\/ro\/gramatica-limbii-maghiare\/#breadcrumb","itemListElement":[{"@type":"ListItem","position":1,"name":"Homepage","item":"https:\/\/talkpal.ai\/ro\/"},{"@type":"ListItem","position":2,"name":"Gramatica limbii maghiare"}]},{"@type":"WebSite","@id":"https:\/\/talkpal.ai\/ro\/#website","url":"https:\/\/talkpal.ai\/ro\/","name":"Talkpal","description":"AI Language Learning","publisher":{"@id":"https:\/\/talkpal.ai\/ro\/#organization"},"alternateName":"Talkpal AI","potentialAction":[{"@type":"SearchAction","target":{"@type":"EntryPoint","urlTemplate":"https:\/\/talkpal.ai\/ro\/?s={search_term_string}"},"query-input":{"@type":"PropertyValueSpecification","valueRequired":true,"valueName":"search_term_string"}}],"inLanguage":"ro-RO"},{"@type":"Organization","@id":"https:\/\/talkpal.ai\/ro\/#organization","name":"Talkpal, Inc.","alternateName":"Talkpal AI","url":"https:\/\/talkpal.ai\/ro\/","logo":{"@type":"ImageObject","inLanguage":"ro-RO","@id":"https:\/\/talkpal.ai\/ro\/#\/schema\/logo\/image\/","url":"https:\/\/talkpal.ai\/wp-content\/uploads\/2024\/03\/Talkpal-Logo-Icon.png","contentUrl":"https:\/\/talkpal.ai\/wp-content\/uploads\/2024\/03\/Talkpal-Logo-Icon.png","width":2880,"height":2880,"caption":"Talkpal, Inc."},"image":{"@id":"https:\/\/talkpal.ai\/ro\/#\/schema\/logo\/image\/"},"sameAs":["https:\/\/www.facebook.com\/profile.php?id=100090733639311","https:\/\/x.com\/talkpalai","https:\/\/www.linkedin.com\/company\/talkpal\/","https:\/\/www.youtube.com\/@TalkPal\/","https:\/\/www.tiktok.com\/@talkpal","https:\/\/www.instagram.com\/talkpal_ai\/","https:\/\/www.crunchbase.com\/organization\/talkpal-9cde","https:\/\/www.g2.com\/products\/talkpal-for-business\/","https:\/\/www.trustpilot.com\/review\/talkpal.ai","https:\/\/www.capterra.com\/p\/10006800\/TalkPal\/"],"description":"Talkpal is a language learning web and mobile education app, powered by the latest AI technologies, that provides engaging experiences to its customers in many different languages to help them improve their language skills. Users can chat about unlimited amount of topics with the app and use other modes to practice their language learning.","email":"support@talkpal.ai","legalName":"Talkpal, Inc.","foundingDate":"2023-04-03","duns":"118989042","numberOfEmployees":{"@type":"QuantitativeValue","minValue":"11","maxValue":"50"},"publishingPrinciples":"https:\/\/talkpal.ai\/publishing-principles\/","actionableFeedbackPolicy":"https:\/\/talkpal.ai\/actionable-feedback-policy\/","correctionsPolicy":"https:\/\/talkpal.ai\/corrections-policy\/","ethicsPolicy":"https:\/\/talkpal.ai\/ethics-policy\/","diversityPolicy":"https:\/\/talkpal.ai\/diversity-policy\/","diversityStaffingReport":"https:\/\/talkpal.ai\/diversity-policy\/"}]}},"_links":{"self":[{"href":"https:\/\/talkpal.ai\/ro\/wp-json\/wp\/v2\/pages\/144573","targetHints":{"allow":["GET"]}}],"collection":[{"href":"https:\/\/talkpal.ai\/ro\/wp-json\/wp\/v2\/pages"}],"about":[{"href":"https:\/\/talkpal.ai\/ro\/wp-json\/wp\/v2\/types\/page"}],"author":[{"embeddable":true,"href":"https:\/\/talkpal.ai\/ro\/wp-json\/wp\/v2\/users\/1"}],"replies":[{"embeddable":true,"href":"https:\/\/talkpal.ai\/ro\/wp-json\/wp\/v2\/comments?post=144573"}],"version-history":[{"count":0,"href":"https:\/\/talkpal.ai\/ro\/wp-json\/wp\/v2\/pages\/144573\/revisions"}],"wp:featuredmedia":[{"embeddable":true,"href":"https:\/\/talkpal.ai\/ro\/wp-json\/wp\/v2\/media\/113228"}],"wp:attachment":[{"href":"https:\/\/talkpal.ai\/ro\/wp-json\/wp\/v2\/media?parent=144573"}],"curies":[{"name":"wp","href":"https:\/\/api.w.org\/{rel}","templated":true}]}}