{"id":144256,"date":"2023-05-14T14:04:48","date_gmt":"2023-05-14T14:04:48","guid":{"rendered":"http:\/\/talkpal.ai\/gramatica-ebraica\/"},"modified":"2025-12-13T15:37:54","modified_gmt":"2025-12-13T15:37:54","slug":"gramatica-ebraica","status":"publish","type":"page","link":"https:\/\/talkpal.ai\/ro\/gramatica-ebraica\/","title":{"rendered":"Gramatica ebraic\u0103"},"content":{"rendered":"\r\n\r\n\r\n<section class=\"languageChallengeSection\">\r\n    <div class=\"languageInfoWrapper\">\r\n        \r\n        <h1>Gramatica ebraic\u0103<\/h1>\r\n        <p>\u00cenv\u0103\u021ba\u021bi gramatica <a href=\"https:\/\/talkpal.ai\/learn-hebrew\/\">ebraic\u0103<\/a> \u0219i descifra\u021bi secretele unei limbi cu r\u0103d\u0103cini istorice ad\u00e2nci \u0219i relevan\u021b\u0103 modern\u0103. Accept\u0103 provocarea \u0219i conecteaz\u0103-te cu o cultur\u0103 vibrant\u0103 prin frumuse\u021bea gramaticii ebraice!<\/p>\r\n\r\n                            <a class=\"getStartedHidden\" href=\"https:\/\/app.talkpal.ai\/ro\/signup?lng=\">\u00cencepe<\/a>\r\n        \r\n    <\/div>\r\n\r\n    <figure>\r\n    <img decoding=\"async\" width=\"768\" height=\"768\" src=\"https:\/\/talkpal.ai\/wp-content\/uploads\/2023\/06\/hebrew-768x768.png\" class=\"languageImage no-lazy\" alt=\"Language learning for proficient communication\" fetchpriority=\"high\" sizes=\"(max-width: 768px) 150px, 768px\" srcset=\"https:\/\/talkpal.ai\/wp-content\/uploads\/2023\/06\/hebrew-768x768.png 768w, https:\/\/talkpal.ai\/wp-content\/uploads\/2023\/06\/hebrew-300x300.png 300w\" \/>\r\n    \r\n\r\n    <\/figure>\r\n\r\n            <a class=\"getStartedVisible\" href=\"https:\/\/app.talkpal.ai\/ro\/signup?lng=\">\u00cencepe<\/a>\r\n    \r\n<\/section>\r\n<section class=\"promotionalBanner\">\r\n    <p class=\"promotionalText\">Cel mai eficient mod de a \u00eenv\u0103\u021ba o limb\u0103<\/p>\r\n    <a class=\"promotionalLink\" href=\"https:\/\/app.talkpal.ai\/ro\/signup?lng=\">\u00cencerca\u021bi Talkpal gratuit<\/a>\r\n<\/section>\n<div class=\"wp-block-group pageContainerStyle\"><div class=\"wp-block-group__inner-container is-layout-constrained wp-block-group-is-layout-constrained\">\n<h2 class=\"wp-block-heading\" id=\"h-mastering-hebrew-grammar-your-ultimate-guide\">St\u0103p\u00e2nirea gramaticii ebraice: ghidul t\u0103u final<\/h2>\n\n\n\n<p>Shalom, <a href=\"https:\/\/talkpal.ai\/talkpal-discount-for-language-enthusiasts\/\">pasiona\u021bi de limbi str\u0103ine<\/a>! Sunte\u021bi gata s\u0103 v\u0103 scufunda\u021bi \u00een lumea fascinant\u0103 a gramaticii ebraice? A\u021bi venit la locul potrivit. Plin de informa\u021bii u\u0219or de \u00een\u021beles \u0219i un ton conversa\u021bional, acest articol v\u0103 va ghida prin t\u0103r\u00e2mul fascinant al gramaticii ebraice. \u00cen cur\u00e2nd, ve\u021bi putea s\u0103 construi\u021bi propozi\u021bii \u0219i s\u0103 v\u0103 angaja\u021bi \u00een conversa\u021bii semnificative cu vorbitori nativi. A\u0219adar, haide\u021bi s\u0103 \u00eencepem c\u0103l\u0103toria voastr\u0103 spre st\u0103p\u00e2nirea gramaticii ebraice!<\/p>\n\n\n\n<p><strong>Dar mai \u00eent\u00e2i, de ce gramatica ebraic\u0103?<\/strong><\/p>\n\n\n\n<p>Dac\u0103 \u00eenv\u0103\u021ba\u021bi ebraica, o baz\u0103 solid\u0103 \u00een <a href=\"https:\/\/talkpal.ai\/grammar\/\">gramatic\u0103<\/a> este esen\u021bial\u0103 pentru a vorbi, citi \u0219i scrie fluent. \u00cen timp ce gramatica ebraic\u0103 poate p\u0103rea ini\u021bial complex\u0103, ea devine mai accesibil\u0103 odat\u0103 ce este \u00eemp\u0103r\u021bit\u0103 \u00een buc\u0103\u021bi mai mici \u0219i mai u\u0219or de gestionat. A\u0219adar, haide\u021bi s\u0103 pornim \u00een aceast\u0103 c\u0103l\u0103torie interesant\u0103!<\/p>\n\n\n\n<h3 class=\"wp-block-heading\" id=\"h-1-nouns-gender-and-number\">1. Substantive, gen \u0219i num\u0103r<\/h3>\n\n\n\n<p>Substantivele ebraice au dou\u0103 genuri \u2013 masculin \u0219i feminin \u2013 \u0219i pot fi singulare sau <a href=\"https:\/\/talkpal.ai\/zh-hans\/grammar_exercises\/plurale-%e6%84%8f%e5%a4%a7%e5%88%a9%e8%af%ad%e6%b3%95%e7%bb%83%e4%b9%a0\/\">plurale<\/a>. Identificarea genului substantivului st\u0103 la baza construc\u021biei corecte a propozi\u021biei, deoarece afecteaz\u0103 alte p\u0103r\u021bi de vorbire, cum ar fi verbele \u0219i adjectivele.  <\/p>\n\n\n\n<p>O regul\u0103 general\u0103: dac\u0103 un substantiv se termin\u0103 \u00een &#8222;\u05d4&#8221; (hey) sau &#8222;\u05ea&#8221; (tav), este de obicei feminin. Cu toate acestea, exist\u0103 excep\u021bii, astfel \u00eenc\u00e2t memorarea genurilor substantivale \u00een timp ce \u00eenv\u0103\u021ba\u021bi vocabularul este esen\u021bial\u0103.<\/p>\n\n\n\n<p>\u00cen plus, substantivele ebraice iau forme diferite \u00een func\u021bie de num\u0103r. Substantivele masculine la plural se termin\u0103 de obicei \u00een &#8222;\u05d9\u05dd&#8221; (yim), \u00een timp ce substantivele feminine la plural se termin\u0103 \u00een &#8222;\u05d5\u05ea&#8221; (ot).<\/p>\n\n\n\n<h3 class=\"wp-block-heading\" id=\"h-2-adjectives-agreement-and-definite-articles\">2. Adjective, acord \u0219i articole hot\u0103r\u00e2te<\/h3>\n\n\n\n<p>Adjectivele \u00een ebraic\u0103 trebuie s\u0103 fie de acord \u00een gen \u0219i num\u0103r cu substantivul <a href=\"https:\/\/talkpal.ai\/culture\/how-do-i-use-pe-care-correctly\/\">pe care<\/a> \u00eel modific\u0103. Pentru ca un adjectiv s\u0103 devin\u0103 feminin, ad\u0103uga\u021bi un &#8222;\u05d4&#8221; (hei) la sf\u00e2r\u0219it, dac\u0103 nu are deja unul. Pentru a transforma un adjectiv \u00een plural, urma\u021bi acela\u0219i principiu ca \u0219i \u00een cazul substantivelor: ad\u0103uga\u021bi &#8222;\u05d9\u05dd&#8221; pentru masculin \u0219i &#8222;\u05d5\u05ea&#8221; pentru feminin.<\/p>\n\n\n\n<p>Articolul hot\u0103r\u00e2t &#8222;the&#8221; \u00een ebraic\u0103 este &#8222;\u05d4&#8221; (hey) \u0219i se adaug\u0103 ca prefix la substantiv sau adjectiv. De exemplu, &#8222;\u05d4\u05e1\u05e4\u05e8&#8221; (haSefer &#8211; cartea) sau &#8222;\u05d4\u05db\u05d3\u05d5\u05d5\u05e8 \u05d4\u05d2\u05d3\u05d5\u05dc&#8221; (hakadur hagadol &#8211; mingea mare).<\/p>\n\n\n\n<h3 class=\"wp-block-heading\" id=\"h-3-verbs-tense-and-conjugation\">3. Verbe, timp \u0219i conjugare<\/h3>\n\n\n\n<p>Verbele ebraice joac\u0103 un rol crucial \u00een gramatic\u0103 \u0219i sunt \u00eemp\u0103r\u021bite \u00een \u0219apte grupe de conjugare numite &#8222;binyanim&#8221;. Fiecare binyan are un impact asupra sensului \u0219i rolului verbului \u00eentr-o propozi\u021bie.<\/p>\n\n\n\n<p>Pentru a v\u0103 oferi o scurt\u0103 prezentare general\u0103, s\u0103 discut\u0103m despre timpul prezent al verbelor regulate:<\/p>\n\n\n\n<p><strong>&#8211; \u05d0\u05e0\u05d9 \u05e7\u05d5\u05e5\u05e8\u05d0\/\u05ea (ani kore\/et &#8211; I read, masc.\/fem.)<\/strong><\/p>\n\n\n\n<p><strong>&#8211; \u05d0\u05ea\/\u05d4 \u05e7\u05d5\u05e8\u05d0\/\u05ea (ata\/at kore\/et &#8211; cite\u0219ti, masc.\/fem.)<\/strong><\/p>\n\n\n\n<p><strong>&#8211; \u05d4\u05d5\u05d5\u05d0\/\u05d4\u05d9\u05d0 \u05e7\u05d5\u05e8\u05d0\/\u05ea (hu\/hi kore\/et &#8211; el\/ea cite\u0219te)<\/strong><\/p>\n\n\n\n<p>Aminti\u021bi-v\u0103, acesta este doar \u00eenceputul! Multe alte timpuri, verbe neregulate \u0219i complexit\u0103\u021bi binyane vor ap\u0103rea pe m\u0103sur\u0103 ce progresa\u021bi.<\/p>\n\n\n\n<h3 class=\"wp-block-heading\" id=\"h-4-pronouns-prepositions-and-more\">4. Pronume, prepozi\u021bii \u0219i multe altele!<\/h3>\n\n\n\n<p>Gramatica ebraic\u0103 presupune \u0219i alte componente, cum ar fi pronumele (\u05d0\u05e0\u05d9, \u05d0\u05ea\u05d4, \u05d4\u05d5\u05d0, \u05d4\u05d9\u05d0 \u0219i a\u0219a mai departe), prepozi\u021biile (\u05d1, \u05dc, \u05de, \u05e2\u05dc, etc.) \u0219i expresiile idiomatice. Abordarea fiec\u0103rui element este vital\u0103 pentru a ob\u021bine o fluen\u021b\u0103 complet\u0103 a limbii ebraice, a\u0219a c\u0103 lua\u021bi-o pas cu pas.<\/p>\n\n\n\n<p>\u00cen concluzie, nu exist\u0103 o scurt\u0103tur\u0103 pentru a st\u0103p\u00e2ni gramatica ebraic\u0103. Este nevoie de perseveren\u021b\u0103, practic\u0103 \u0219i r\u0103bdare. Cu toate acestea, odat\u0103 ce \u00eei ve\u021bi \u00een\u021belege complexitatea, ve\u021bi savura nuan\u021bele conversa\u021biei \u00een ebraic\u0103, ve\u021bi explora cultura \u0219i istoria bogat\u0103 \u0219i ve\u021bi aprofunda aprecierea pentru aceast\u0103 limb\u0103. \u05d1\u05d4\u05e6\u05dc\u05d7\u05d4 (behatzlacha &#8211; noroc)!<\/p>\n<\/div><\/div>\n\r\n<section class=\"learnNavigationSection\">\r\n            \r\n        <a href=\"https:\/\/talkpal.ai\/ro\/invata-ebraica\/\">\r\n            <div class=\"learnNavigationWrapper\">\r\n                <div class=\"learnNavigationContent\">\r\n                    <img decoding=\"async\" src=\"https:\/\/talkpal.ai\/wp-content\/uploads\/2024\/08\/Hebrew.jpg\" alt=\"Israel Flag\">\r\n                    <div>\r\n                        <h4>Despre \u00eenv\u0103\u021barea ebraic\u0103<\/h4>\r\n                        <p>Afla\u021bi totul despre gramatica ebraic\u0103.<\/p>\r\n                    <\/div>\r\n                <\/div>\r\n            <\/div>\r\n        <\/a>\r\n\r\n        \r\n        <a href=\"https:\/\/talkpal.ai\/ro\/exercitii-de-gramatica-ebraica\/\">\r\n            <div class=\"learnNavigationWrapper\">\r\n                <div class=\"learnNavigationContent\">\r\n                    <img decoding=\"async\" src=\"https:\/\/talkpal.ai\/wp-content\/uploads\/2024\/08\/Hebrew.jpg\" alt=\"Israel Flag\">\r\n                    <div>\r\n                        <h4>Exerci\u021biu de gramatic\u0103 ebraic\u0103<\/h4>\r\n                        <p>Exersa\u021bi gramatica ebraic\u0103.<\/p>\r\n                    <\/div>\r\n                <\/div>\r\n            <\/div>\r\n        <\/a>\r\n\r\n        \r\n        <a href=\"https:\/\/talkpal.ai\/vocabulary_language\/hebrew\/\">\r\n            <div class=\"learnNavigationWrapper\">\r\n                <div class=\"learnNavigationContent\">\r\n                    <img decoding=\"async\" src=\"https:\/\/talkpal.ai\/wp-content\/uploads\/2024\/08\/Hebrew.jpg\" alt=\"Israel Flag\">\r\n                    <div>\r\n                        <h4>Vocabular ebraic<\/h4>\r\n                        <p>Extinde\u021bi-v\u0103 vocabularul ebraic.<\/p>\r\n                    <\/div>\r\n                <\/div>\r\n            <\/div>\r\n        <\/a>\r\n\r\n            <\/section>","protected":false},"excerpt":{"rendered":"<p>St\u0103p\u00e2nirea gramaticii ebraice: ghidul t\u0103u final Shalom, pasiona\u021bi de limbi str\u0103ine! Sunte\u021bi gata s\u0103 v\u0103 scufunda\u021bi \u00een lumea fascinant\u0103 a gramaticii ebraice? A\u021bi venit la locul potrivit. Plin de informa\u021bii u\u0219or de \u00een\u021beles \u0219i un ton conversa\u021bional, acest articol v\u0103 va ghida prin t\u0103r\u00e2mul fascinant al gramaticii ebraice. \u00cen cur\u00e2nd, ve\u021bi putea s\u0103 construi\u021bi propozi\u021bii [&hellip;]<\/p>\n","protected":false},"author":1,"featured_media":113004,"parent":0,"menu_order":0,"comment_status":"closed","ping_status":"closed","template":"LearningContentPage.php","meta":{"_acf_changed":false,"footnotes":""},"class_list":["post-144256","page","type-page","status-publish","has-post-thumbnail","hentry"],"acf":[],"yoast_head":"<!-- This site is optimized with the Yoast SEO Premium plugin v27.2 (Yoast SEO v27.2) - https:\/\/yoast.com\/product\/yoast-seo-premium-wordpress\/ -->\n<title>Gramatica ebraic\u0103 - Talkpal<\/title>\n<meta name=\"description\" content=\"\u00cembun\u0103t\u0103\u021bi\u021bi-v\u0103 gramatica ebraic\u0103 cu \u00eencredere - \u00eenv\u0103\u021ba\u021bi regulile cheie, forma\u021bi propozi\u021bii corecte \u0219i comunica\u021bi clar cu Talkpalcu lec\u021biile simple de inteligen\u021b\u0103 artificial\u0103.\" \/>\n<meta name=\"robots\" content=\"index, follow, max-snippet:-1, max-image-preview:large, max-video-preview:-1\" \/>\n<link rel=\"canonical\" href=\"https:\/\/talkpal.ai\/ro\/gramatica-ebraica\/\" \/>\n<meta property=\"og:locale\" content=\"ro_RO\" \/>\n<meta property=\"og:type\" content=\"article\" \/>\n<meta property=\"og:title\" content=\"Gramatica ebraic\u0103\" \/>\n<meta property=\"og:description\" content=\"St\u0103p\u00e2nirea gramaticii ebraice: ghidul t\u0103u final Shalom, pasiona\u021bi de limbi str\u0103ine! Sunte\u021bi gata s\u0103 v\u0103 scufunda\u021bi \u00een lumea fascinant\u0103 a gramaticii\" \/>\n<meta property=\"og:url\" content=\"https:\/\/talkpal.ai\/ro\/gramatica-ebraica\/\" \/>\n<meta property=\"og:site_name\" content=\"Talkpal\" \/>\n<meta property=\"article:publisher\" content=\"https:\/\/www.facebook.com\/profile.php?id=100090733639311\" \/>\n<meta property=\"article:modified_time\" content=\"2025-12-13T15:37:54+00:00\" \/>\n<meta property=\"og:image\" content=\"https:\/\/talkpal.ai\/wp-content\/uploads\/2023\/05\/israel.png\" \/>\n\t<meta property=\"og:image:width\" content=\"512\" \/>\n\t<meta property=\"og:image:height\" content=\"512\" \/>\n\t<meta property=\"og:image:type\" content=\"image\/png\" \/>\n<meta name=\"twitter:card\" content=\"summary_large_image\" \/>\n<meta name=\"twitter:site\" content=\"@talkpalai\" \/>\n<meta name=\"twitter:label1\" content=\"Timp estimat pentru citire\" \/>\n\t<meta name=\"twitter:data1\" content=\"3 minute\" \/>\n<script type=\"application\/ld+json\" class=\"yoast-schema-graph\">{\"@context\":\"https:\/\/schema.org\",\"@graph\":[{\"@type\":\"WebPage\",\"@id\":\"https:\/\/talkpal.ai\/ro\/gramatica-ebraica\/\",\"url\":\"https:\/\/talkpal.ai\/ro\/gramatica-ebraica\/\",\"name\":\"Gramatica ebraic\u0103 - Talkpal\",\"isPartOf\":{\"@id\":\"https:\/\/talkpal.ai\/ro\/#website\"},\"primaryImageOfPage\":{\"@id\":\"https:\/\/talkpal.ai\/ro\/gramatica-ebraica\/#primaryimage\"},\"image\":{\"@id\":\"https:\/\/talkpal.ai\/ro\/gramatica-ebraica\/#primaryimage\"},\"thumbnailUrl\":\"https:\/\/talkpal.ai\/wp-content\/uploads\/2023\/05\/israel.png\",\"datePublished\":\"2023-05-14T14:04:48+00:00\",\"dateModified\":\"2025-12-13T15:37:54+00:00\",\"description\":\"\u00cembun\u0103t\u0103\u021bi\u021bi-v\u0103 gramatica ebraic\u0103 cu \u00eencredere - \u00eenv\u0103\u021ba\u021bi regulile cheie, forma\u021bi propozi\u021bii corecte \u0219i comunica\u021bi clar cu Talkpalcu lec\u021biile simple de inteligen\u021b\u0103 artificial\u0103.\",\"breadcrumb\":{\"@id\":\"https:\/\/talkpal.ai\/ro\/gramatica-ebraica\/#breadcrumb\"},\"inLanguage\":\"ro-RO\",\"potentialAction\":[{\"@type\":\"ReadAction\",\"target\":[\"https:\/\/talkpal.ai\/ro\/gramatica-ebraica\/\"]}]},{\"@type\":\"ImageObject\",\"inLanguage\":\"ro-RO\",\"@id\":\"https:\/\/talkpal.ai\/ro\/gramatica-ebraica\/#primaryimage\",\"url\":\"https:\/\/talkpal.ai\/wp-content\/uploads\/2023\/05\/israel.png\",\"contentUrl\":\"https:\/\/talkpal.ai\/wp-content\/uploads\/2023\/05\/israel.png\",\"width\":512,\"height\":512},{\"@type\":\"BreadcrumbList\",\"@id\":\"https:\/\/talkpal.ai\/ro\/gramatica-ebraica\/#breadcrumb\",\"itemListElement\":[{\"@type\":\"ListItem\",\"position\":1,\"name\":\"Homepage\",\"item\":\"https:\/\/talkpal.ai\/ro\/\"},{\"@type\":\"ListItem\",\"position\":2,\"name\":\"Gramatica ebraic\u0103\"}]},{\"@type\":\"WebSite\",\"@id\":\"https:\/\/talkpal.ai\/ro\/#website\",\"url\":\"https:\/\/talkpal.ai\/ro\/\",\"name\":\"Talkpal\",\"description\":\"AI Language Learning\",\"publisher\":{\"@id\":\"https:\/\/talkpal.ai\/ro\/#organization\"},\"alternateName\":\"Talkpal AI\",\"potentialAction\":[{\"@type\":\"SearchAction\",\"target\":{\"@type\":\"EntryPoint\",\"urlTemplate\":\"https:\/\/talkpal.ai\/ro\/?s={search_term_string}\"},\"query-input\":{\"@type\":\"PropertyValueSpecification\",\"valueRequired\":true,\"valueName\":\"search_term_string\"}}],\"inLanguage\":\"ro-RO\"},{\"@type\":\"Organization\",\"@id\":\"https:\/\/talkpal.ai\/ro\/#organization\",\"name\":\"Talkpal, Inc.\",\"alternateName\":\"Talkpal AI\",\"url\":\"https:\/\/talkpal.ai\/ro\/\",\"logo\":{\"@type\":\"ImageObject\",\"inLanguage\":\"ro-RO\",\"@id\":\"https:\/\/talkpal.ai\/ro\/#\/schema\/logo\/image\/\",\"url\":\"https:\/\/talkpal.ai\/wp-content\/uploads\/2024\/03\/Talkpal-Logo-Icon.png\",\"contentUrl\":\"https:\/\/talkpal.ai\/wp-content\/uploads\/2024\/03\/Talkpal-Logo-Icon.png\",\"width\":2880,\"height\":2880,\"caption\":\"Talkpal, Inc.\"},\"image\":{\"@id\":\"https:\/\/talkpal.ai\/ro\/#\/schema\/logo\/image\/\"},\"sameAs\":[\"https:\/\/www.facebook.com\/profile.php?id=100090733639311\",\"https:\/\/x.com\/talkpalai\",\"https:\/\/www.linkedin.com\/company\/talkpal\/\",\"https:\/\/www.youtube.com\/@TalkPal\/\",\"https:\/\/www.tiktok.com\/@talkpal\",\"https:\/\/www.instagram.com\/talkpal_ai\/\",\"https:\/\/www.crunchbase.com\/organization\/talkpal-9cde\",\"https:\/\/www.g2.com\/products\/talkpal-for-business\/\",\"https:\/\/www.trustpilot.com\/review\/talkpal.ai\",\"https:\/\/www.capterra.com\/p\/10006800\/TalkPal\/\"],\"description\":\"Talkpal is a language learning web and mobile education app, powered by the latest AI technologies, that provides engaging experiences to its customers in many different languages to help them improve their language skills. Users can chat about unlimited amount of topics with the app and use other modes to practice their language learning.\",\"email\":\"support@talkpal.ai\",\"legalName\":\"Talkpal, Inc.\",\"foundingDate\":\"2023-04-03\",\"duns\":\"118989042\",\"numberOfEmployees\":{\"@type\":\"QuantitativeValue\",\"minValue\":\"11\",\"maxValue\":\"50\"},\"publishingPrinciples\":\"https:\/\/talkpal.ai\/publishing-principles\/\",\"actionableFeedbackPolicy\":\"https:\/\/talkpal.ai\/actionable-feedback-policy\/\",\"correctionsPolicy\":\"https:\/\/talkpal.ai\/corrections-policy\/\",\"ethicsPolicy\":\"https:\/\/talkpal.ai\/ethics-policy\/\",\"diversityPolicy\":\"https:\/\/talkpal.ai\/diversity-policy\/\",\"diversityStaffingReport\":\"https:\/\/talkpal.ai\/diversity-policy\/\"}]}<\/script>\n<!-- \/ Yoast SEO Premium plugin. -->","yoast_head_json":{"title":"Gramatica ebraic\u0103 - Talkpal","description":"\u00cembun\u0103t\u0103\u021bi\u021bi-v\u0103 gramatica ebraic\u0103 cu \u00eencredere - \u00eenv\u0103\u021ba\u021bi regulile cheie, forma\u021bi propozi\u021bii corecte \u0219i comunica\u021bi clar cu Talkpalcu lec\u021biile simple de inteligen\u021b\u0103 artificial\u0103.","robots":{"index":"index","follow":"follow","max-snippet":"max-snippet:-1","max-image-preview":"max-image-preview:large","max-video-preview":"max-video-preview:-1"},"canonical":"https:\/\/talkpal.ai\/ro\/gramatica-ebraica\/","og_locale":"ro_RO","og_type":"article","og_title":"Gramatica ebraic\u0103","og_description":"St\u0103p\u00e2nirea gramaticii ebraice: ghidul t\u0103u final Shalom, pasiona\u021bi de limbi str\u0103ine! Sunte\u021bi gata s\u0103 v\u0103 scufunda\u021bi \u00een lumea fascinant\u0103 a gramaticii","og_url":"https:\/\/talkpal.ai\/ro\/gramatica-ebraica\/","og_site_name":"Talkpal","article_publisher":"https:\/\/www.facebook.com\/profile.php?id=100090733639311","article_modified_time":"2025-12-13T15:37:54+00:00","og_image":[{"width":512,"height":512,"url":"https:\/\/talkpal.ai\/wp-content\/uploads\/2023\/05\/israel.png","type":"image\/png"}],"twitter_card":"summary_large_image","twitter_site":"@talkpalai","twitter_misc":{"Timp estimat pentru citire":"3 minute"},"schema":{"@context":"https:\/\/schema.org","@graph":[{"@type":"WebPage","@id":"https:\/\/talkpal.ai\/ro\/gramatica-ebraica\/","url":"https:\/\/talkpal.ai\/ro\/gramatica-ebraica\/","name":"Gramatica ebraic\u0103 - Talkpal","isPartOf":{"@id":"https:\/\/talkpal.ai\/ro\/#website"},"primaryImageOfPage":{"@id":"https:\/\/talkpal.ai\/ro\/gramatica-ebraica\/#primaryimage"},"image":{"@id":"https:\/\/talkpal.ai\/ro\/gramatica-ebraica\/#primaryimage"},"thumbnailUrl":"https:\/\/talkpal.ai\/wp-content\/uploads\/2023\/05\/israel.png","datePublished":"2023-05-14T14:04:48+00:00","dateModified":"2025-12-13T15:37:54+00:00","description":"\u00cembun\u0103t\u0103\u021bi\u021bi-v\u0103 gramatica ebraic\u0103 cu \u00eencredere - \u00eenv\u0103\u021ba\u021bi regulile cheie, forma\u021bi propozi\u021bii corecte \u0219i comunica\u021bi clar cu Talkpalcu lec\u021biile simple de inteligen\u021b\u0103 artificial\u0103.","breadcrumb":{"@id":"https:\/\/talkpal.ai\/ro\/gramatica-ebraica\/#breadcrumb"},"inLanguage":"ro-RO","potentialAction":[{"@type":"ReadAction","target":["https:\/\/talkpal.ai\/ro\/gramatica-ebraica\/"]}]},{"@type":"ImageObject","inLanguage":"ro-RO","@id":"https:\/\/talkpal.ai\/ro\/gramatica-ebraica\/#primaryimage","url":"https:\/\/talkpal.ai\/wp-content\/uploads\/2023\/05\/israel.png","contentUrl":"https:\/\/talkpal.ai\/wp-content\/uploads\/2023\/05\/israel.png","width":512,"height":512},{"@type":"BreadcrumbList","@id":"https:\/\/talkpal.ai\/ro\/gramatica-ebraica\/#breadcrumb","itemListElement":[{"@type":"ListItem","position":1,"name":"Homepage","item":"https:\/\/talkpal.ai\/ro\/"},{"@type":"ListItem","position":2,"name":"Gramatica ebraic\u0103"}]},{"@type":"WebSite","@id":"https:\/\/talkpal.ai\/ro\/#website","url":"https:\/\/talkpal.ai\/ro\/","name":"Talkpal","description":"AI Language Learning","publisher":{"@id":"https:\/\/talkpal.ai\/ro\/#organization"},"alternateName":"Talkpal AI","potentialAction":[{"@type":"SearchAction","target":{"@type":"EntryPoint","urlTemplate":"https:\/\/talkpal.ai\/ro\/?s={search_term_string}"},"query-input":{"@type":"PropertyValueSpecification","valueRequired":true,"valueName":"search_term_string"}}],"inLanguage":"ro-RO"},{"@type":"Organization","@id":"https:\/\/talkpal.ai\/ro\/#organization","name":"Talkpal, Inc.","alternateName":"Talkpal AI","url":"https:\/\/talkpal.ai\/ro\/","logo":{"@type":"ImageObject","inLanguage":"ro-RO","@id":"https:\/\/talkpal.ai\/ro\/#\/schema\/logo\/image\/","url":"https:\/\/talkpal.ai\/wp-content\/uploads\/2024\/03\/Talkpal-Logo-Icon.png","contentUrl":"https:\/\/talkpal.ai\/wp-content\/uploads\/2024\/03\/Talkpal-Logo-Icon.png","width":2880,"height":2880,"caption":"Talkpal, Inc."},"image":{"@id":"https:\/\/talkpal.ai\/ro\/#\/schema\/logo\/image\/"},"sameAs":["https:\/\/www.facebook.com\/profile.php?id=100090733639311","https:\/\/x.com\/talkpalai","https:\/\/www.linkedin.com\/company\/talkpal\/","https:\/\/www.youtube.com\/@TalkPal\/","https:\/\/www.tiktok.com\/@talkpal","https:\/\/www.instagram.com\/talkpal_ai\/","https:\/\/www.crunchbase.com\/organization\/talkpal-9cde","https:\/\/www.g2.com\/products\/talkpal-for-business\/","https:\/\/www.trustpilot.com\/review\/talkpal.ai","https:\/\/www.capterra.com\/p\/10006800\/TalkPal\/"],"description":"Talkpal is a language learning web and mobile education app, powered by the latest AI technologies, that provides engaging experiences to its customers in many different languages to help them improve their language skills. Users can chat about unlimited amount of topics with the app and use other modes to practice their language learning.","email":"support@talkpal.ai","legalName":"Talkpal, Inc.","foundingDate":"2023-04-03","duns":"118989042","numberOfEmployees":{"@type":"QuantitativeValue","minValue":"11","maxValue":"50"},"publishingPrinciples":"https:\/\/talkpal.ai\/publishing-principles\/","actionableFeedbackPolicy":"https:\/\/talkpal.ai\/actionable-feedback-policy\/","correctionsPolicy":"https:\/\/talkpal.ai\/corrections-policy\/","ethicsPolicy":"https:\/\/talkpal.ai\/ethics-policy\/","diversityPolicy":"https:\/\/talkpal.ai\/diversity-policy\/","diversityStaffingReport":"https:\/\/talkpal.ai\/diversity-policy\/"}]}},"_links":{"self":[{"href":"https:\/\/talkpal.ai\/ro\/wp-json\/wp\/v2\/pages\/144256","targetHints":{"allow":["GET"]}}],"collection":[{"href":"https:\/\/talkpal.ai\/ro\/wp-json\/wp\/v2\/pages"}],"about":[{"href":"https:\/\/talkpal.ai\/ro\/wp-json\/wp\/v2\/types\/page"}],"author":[{"embeddable":true,"href":"https:\/\/talkpal.ai\/ro\/wp-json\/wp\/v2\/users\/1"}],"replies":[{"embeddable":true,"href":"https:\/\/talkpal.ai\/ro\/wp-json\/wp\/v2\/comments?post=144256"}],"version-history":[{"count":0,"href":"https:\/\/talkpal.ai\/ro\/wp-json\/wp\/v2\/pages\/144256\/revisions"}],"wp:featuredmedia":[{"embeddable":true,"href":"https:\/\/talkpal.ai\/ro\/wp-json\/wp\/v2\/media\/113004"}],"wp:attachment":[{"href":"https:\/\/talkpal.ai\/ro\/wp-json\/wp\/v2\/media?parent=144256"}],"curies":[{"name":"wp","href":"https:\/\/api.w.org\/{rel}","templated":true}]}}