{"id":143950,"date":"2023-05-14T14:03:43","date_gmt":"2023-05-14T14:03:43","guid":{"rendered":"http:\/\/talkpal.ai\/gramatica-galiciana\/"},"modified":"2025-12-13T15:29:22","modified_gmt":"2025-12-13T15:29:22","slug":"gramatica-galiciana","status":"publish","type":"page","link":"https:\/\/talkpal.ai\/ro\/gramatica-galiciana\/","title":{"rendered":"Gramatica galician\u0103"},"content":{"rendered":"\r\n\r\n\r\n<section class=\"languageChallengeSection\">\r\n    <div class=\"languageInfoWrapper\">\r\n        \r\n        <h1>Gramatica galician\u0103<\/h1>\r\n        <p>Descoperi\u021bi farmecul limbii galiciene prin \u00eensu\u0219irea regulilor <a href=\"https:\/\/talkpal.ai\/locations\/learn-english-in-sale\/\">sale<\/a> gramaticale fundamentale. \u00cen\u021belegerea gramaticii galiciene va deschide u\u0219ile c\u0103tre o comunicare semnificativ\u0103 \u0219i o apreciere mai profund\u0103 a culturii vibrante a Galiciei. \u00cencepe\u021bi ast\u0103zi s\u0103 \u00eenv\u0103\u021ba\u021bi <a href=\"https:\/\/talkpal.ai\/galician-grammar\/\">gramatica galician\u0103<\/a> \u0219i face\u021bi primul pas spre fluen\u021b\u0103!<\/p>\r\n\r\n                            <a class=\"getStartedHidden\" href=\"https:\/\/app.talkpal.ai\/ro\/signup?lng=\">\u00cencepe<\/a>\r\n        \r\n    <\/div>\r\n\r\n    <figure>\r\n    <img decoding=\"async\" width=\"768\" height=\"768\" src=\"https:\/\/talkpal.ai\/wp-content\/uploads\/2023\/06\/galician-768x768.png\" class=\"languageImage no-lazy\" alt=\"Language immersion powerful learning method\" fetchpriority=\"high\" sizes=\"(max-width: 768px) 150px, 768px\" srcset=\"https:\/\/talkpal.ai\/wp-content\/uploads\/2023\/06\/galician-768x768.png 768w, https:\/\/talkpal.ai\/wp-content\/uploads\/2023\/06\/galician-300x300.png 300w\" \/>\r\n    \r\n\r\n    <\/figure>\r\n\r\n            <a class=\"getStartedVisible\" href=\"https:\/\/app.talkpal.ai\/ro\/signup?lng=\">\u00cencepe<\/a>\r\n    \r\n<\/section>\r\n<section class=\"promotionalBanner\">\r\n    <p class=\"promotionalText\">Cel mai eficient mod de a \u00eenv\u0103\u021ba o limb\u0103<\/p>\r\n    <a class=\"promotionalLink\" href=\"https:\/\/app.talkpal.ai\/ro\/signup?lng=\">\u00cencerca\u021bi Talkpal gratuit<\/a>\r\n<\/section>\n<div class=\"wp-block-group pageContainerStyle\"><div class=\"wp-block-group__inner-container is-layout-constrained wp-block-group-is-layout-constrained\">\n<h2 class=\"wp-block-heading\" id=\"h-galician-grammar-unlocking-the-beauty-of-a-romance-language\">Gramatica galician\u0103: Deblocarea frumuse\u021bii unei limbi romanice<\/h2>\n\n\n\n<p>Galiciana, o limb\u0103 romanic\u0103 vorbit\u0103 de peste dou\u0103 milioane de oameni din nord-vestul Spaniei, este un dialect unic \u0219i captivant care \u00eemp\u0103rt\u0103\u0219e\u0219te asem\u0103n\u0103ri cu portugheza. Are o fonologie distinct\u0103, o istorie fascinant\u0103 \u0219i o tradi\u021bie poetic\u0103 vie. Pentru a st\u0103p\u00e2ni aceast\u0103 limb\u0103 \u00eenc\u00e2nt\u0103toare, este esen\u021bial s\u0103 \u00eei \u00een\u021belegem gramatica. \u00cen acest articol, vom explora aspectele esen\u021biale ale gramaticii galiciene \u0219i v\u0103 vom oferi sfaturi pentru a v\u0103 ajuta s\u0103 excela\u021bi \u00een aceast\u0103 c\u0103l\u0103torie lingvistic\u0103.<\/p>\n\n\n\n<h3 class=\"wp-block-heading\" id=\"h-key-components-of-galician-grammar\">Componentele cheie ale gramaticii galiciene:<\/h3>\n\n\n\n<p>Gramatica <a href=\"https:\/\/talkpal.ai\/learn-galician\/\">galician\u0103<\/a>, ca \u0219i alte limbi romanice, const\u0103 din diferite reguli \u0219i structuri care definesc utilizarea sa corect\u0103. Iat\u0103 c\u00e2teva aspecte fundamentale ale gramaticii galiciene <a href=\"https:\/\/talkpal.ai\/culture\/how-do-i-use-pe-care-correctly\/\">pe care<\/a> ar trebui s\u0103 le cunoa\u0219te\u021bi:<\/p>\n\n\n\n<p><strong>1. Substantive: Substantivele<\/strong> galiciene au dou\u0103 genuri gramaticale (masculin \u0219i feminin) \u0219i sunt flexionate pentru num\u0103r (singular \u0219i plural). Genul unui substantiv afecteaz\u0103 forma articolelor, adjectivelor \u0219i pronumelor care \u00eel \u00eenso\u021besc.<\/p>\n\n\n\n<p><strong>2. Articole:<\/strong> Galiciana are articole definite (o, os, a, as) \u0219i articole nehot\u0103r\u00e2te (un, uns, unha, unhas). Articolele definite sunt folosite pentru a se referi la obiecte sau persoane specifice, \u00een timp ce articolele nehot\u0103r\u00e2te sunt folosite pentru referin\u021be generale sau nespecifice.<\/p>\n\n\n\n<p><strong>3. Adjective \u0219i adverbe: Adjectivele<\/strong> din galician\u0103 sunt de obicei \u00een acord \u00een gen \u0219i num\u0103r cu substantivele pe care le modific\u0103. Adverbele, pe de alt\u0103 parte, sunt invariabile \u0219i nu se schimb\u0103 \u00een func\u021bie de genul sau num\u0103rul substantivului.<\/p>\n\n\n\n<p><strong>4. Verbe:<\/strong> Verbele galiciene sunt conjugate \u00een trei modele regulate (ar, er, ir) \u0219i diferite modele neregulate. Verbele sunt flexionate \u00een func\u021bie de timp (prezent, trecut, viitor etc.), dispozi\u021bie (indicativ, conjunctiv, <a href=\"https:\/\/talkpal.ai\/ja\/grammar_exercises\/imperatif-%e3%83%95%e3%83%a9%e3%83%b3%e3%82%b9%e3%81%ae%e6%96%87%e6%b3%95%e3%81%ae%e3%81%9f%e3%82%81%e3%81%ae%e6%bc%94%e7%bf%92\/\">imperativ<\/a>), aspect (perfectiv, imperfectiv) \u0219i voce (activ\u0103, pasiv\u0103). Pronumele sunt adesea omise \u00een conjugarea verbelor, deoarece forma verbului indic\u0103 de obicei subiectul.<\/p>\n\n\n\n<p><strong>5. Structura propozi\u021biei:<\/strong> Galiciana folose\u0219te de obicei ordinea cuvintelor Subiect-Verb-Obiect (SVO) sau Verb-Subiect-Obiect (VSO), \u00een func\u021bie de accent \u0219i context. Cu toate acestea, aceast\u0103 ordine a cuvintelor este flexibil\u0103.<\/p>\n\n\n\n<h3 class=\"wp-block-heading\" id=\"h-tips-for-learning-galician-grammar\">Sfaturi pentru \u00eenv\u0103\u021barea gramaticii galiciene:<\/h3>\n\n\n\n<p>Pentru a excela \u00een c\u0103l\u0103toria dvs. de \u00eenv\u0103\u021bare a gramaticii galiciene, lua\u021bi \u00een considerare aceste strategii utile:<\/p>\n\n\n\n<p><strong>1. Practica regulat\u0103:<\/strong> Consecven\u021ba este esen\u021bial\u0103. Dedica\u021bi momente specifice \u00een fiecare zi sau s\u0103pt\u0103m\u00e2n\u0103 pentru a exersa exerci\u021bii de <a href=\"https:\/\/talkpal.ai\/grammar\/\">gramatic\u0103<\/a>, citire \u0219i scriere \u00een galician\u0103.<\/p>\n\n\n\n<p><strong>2. Utiliza\u021bi resurse native:<\/strong> Scufunda\u021bi-v\u0103 \u00een materiale galiciene autentice, cum ar fi literatur\u0103, articole de \u0219tiri \u0219i filme. Acest lucru nu numai c\u0103 v\u0103 ajut\u0103 s\u0103 vede\u021bi gramatica galician\u0103 \u00een context, dar v\u0103 \u00eembun\u0103t\u0103\u021be\u0219te \u0219i abilit\u0103\u021bile de citire \u0219i ascultare.<\/p>\n\n\n\n<p><strong>3. Afla\u021bi genurile \u0219i articolele substantivale: Familiariza\u021bi-v\u0103 cu genurile substantivelor<\/strong> galiciene \u0219i utilizarea corect\u0103 a articolelor. Acest lucru este crucial pentru formarea unor propozi\u021bii exacte \u0219i coerente.<\/p>\n\n\n\n<p>4. Conecta\u021bi-v\u0103 cu vorbitori nativi: Interac\u021biona\u021bi <strong>cu vorbitori nativi<\/strong> galicieni prin programe de schimb lingvistic, re\u021bele sociale sau forumuri online. Acest lucru ofer\u0103 oportunit\u0103\u021bi de a practica gramatica \u00een conversa\u021biile din via\u021ba real\u0103 \u0219i de a primi feedback valoros.<\/p>\n\n\n\n<p><strong>5. R\u0103bdare \u0219i persisten\u021b\u0103: \u00cenv\u0103\u021barea<\/strong> unei noi limbi necesit\u0103 timp, determinare \u0219i r\u0103bdare. \u00cembr\u0103\u021bi\u0219eaz\u0103 provoc\u0103rile \u0219i s\u0103rb\u0103tore\u0219te-\u021bi progresul de-a lungul drumului.<\/p>\n\n\n\n<h2 class=\"wp-block-heading\" id=\"h-conclusion\">Concluzie:<\/h2>\n\n\n\n<p>Gramatica galician\u0103, cu caracteristicile sale unice \u0219i leg\u0103tura cu familia limbilor romanice, de\u021bine cheia st\u0103p\u00e2nirii acestui dialect captivant. \u00cen\u021beleg\u00e2nd componentele sale cheie \u0219i urm\u00e2nd strategiile noastre de \u00eenv\u0103\u021bare, ve\u021bi fi pe drumul cel bun c\u0103tre competen\u021ba lingvistic\u0103. A\u0219adar, porni\u021bi \u00een aceast\u0103 c\u0103l\u0103torie captivant\u0103 \u0219i debloca\u021bi minunile limbii galiciene!<\/p>\n<\/div><\/div>\n\r\n<section class=\"learnNavigationSection\">\r\n            \r\n        <a href=\"https:\/\/talkpal.ai\/ro\/invata-galeza\/\">\r\n            <div class=\"learnNavigationWrapper\">\r\n                <div class=\"learnNavigationContent\">\r\n                    <img decoding=\"async\" src=\"https:\/\/talkpal.ai\/wp-content\/uploads\/2024\/08\/Galician.jpg\" alt=\"Galicia Flag\">\r\n                    <div>\r\n                        <h4>Despre Galician Learning<\/h4>\r\n                        <p>Afla\u021bi totul despre gramatica galician\u0103 .<\/p>\r\n                    <\/div>\r\n                <\/div>\r\n            <\/div>\r\n        <\/a>\r\n\r\n        \r\n        <a href=\"https:\/\/talkpal.ai\/ro\/exercitii-de-gramatica-galiciana\/\">\r\n            <div class=\"learnNavigationWrapper\">\r\n                <div class=\"learnNavigationContent\">\r\n                    <img decoding=\"async\" src=\"https:\/\/talkpal.ai\/wp-content\/uploads\/2024\/08\/Galician.jpg\" alt=\"Galicia Flag\">\r\n                    <div>\r\n                        <h4>Exerci\u021biu de gramatic\u0103 galician\u0103<\/h4>\r\n                        <p>Exersa\u021bi gramatica galician\u0103.<\/p>\r\n                    <\/div>\r\n                <\/div>\r\n            <\/div>\r\n        <\/a>\r\n\r\n        \r\n        <a href=\"https:\/\/talkpal.ai\/vocabulary_language\/galician\/\">\r\n            <div class=\"learnNavigationWrapper\">\r\n                <div class=\"learnNavigationContent\">\r\n                    <img decoding=\"async\" src=\"https:\/\/talkpal.ai\/wp-content\/uploads\/2024\/08\/Galician.jpg\" alt=\"Galicia Flag\">\r\n                    <div>\r\n                        <h4>Vocabular \u00een galician\u0103<\/h4>\r\n                        <p>Extinde\u021bi-v\u0103 vocabularul \u00een galician\u0103.<\/p>\r\n                    <\/div>\r\n                <\/div>\r\n            <\/div>\r\n        <\/a>\r\n\r\n            <\/section>","protected":false},"excerpt":{"rendered":"<p>Gramatica galician\u0103: Deblocarea frumuse\u021bii unei limbi romanice Galiciana, o limb\u0103 romanic\u0103 vorbit\u0103 de peste dou\u0103 milioane de oameni din nord-vestul Spaniei, este un dialect unic \u0219i captivant care \u00eemp\u0103rt\u0103\u0219e\u0219te asem\u0103n\u0103ri cu portugheza. Are o fonologie distinct\u0103, o istorie fascinant\u0103 \u0219i o tradi\u021bie poetic\u0103 vie. Pentru a st\u0103p\u00e2ni aceast\u0103 limb\u0103 \u00eenc\u00e2nt\u0103toare, este esen\u021bial s\u0103 \u00eei \u00een\u021belegem [&hellip;]<\/p>\n","protected":false},"author":1,"featured_media":112038,"parent":0,"menu_order":0,"comment_status":"closed","ping_status":"closed","template":"LearningContentPage.php","meta":{"_acf_changed":false,"footnotes":""},"class_list":["post-143950","page","type-page","status-publish","has-post-thumbnail","hentry"],"acf":[],"yoast_head":"<!-- This site is optimized with the Yoast SEO Premium plugin v27.2 (Yoast SEO v27.2) - https:\/\/yoast.com\/product\/yoast-seo-premium-wordpress\/ -->\n<title>Gramatica galician\u0103 - Talkpal<\/title>\n<meta name=\"description\" content=\"St\u0103p\u00e2ni\u021bi gramatica galician\u0103 cu u\u0219urin\u021b\u0103 - \u00eenv\u0103\u021ba\u021bi regulile, construi\u021bi propozi\u021bii corecte \u0219i comunica\u021bi clar\" \/>\n<meta name=\"robots\" content=\"index, follow, max-snippet:-1, max-image-preview:large, max-video-preview:-1\" \/>\n<link rel=\"canonical\" href=\"https:\/\/talkpal.ai\/ro\/gramatica-galiciana\/\" \/>\n<meta property=\"og:locale\" content=\"ro_RO\" \/>\n<meta property=\"og:type\" content=\"article\" \/>\n<meta property=\"og:title\" content=\"Gramatica galician\u0103\" \/>\n<meta property=\"og:description\" content=\"Gramatica galician\u0103: Deblocarea frumuse\u021bii unei limbi romanice Galiciana, o limb\u0103 romanic\u0103 vorbit\u0103 de peste dou\u0103 milioane de oameni din nord-vestul\" \/>\n<meta property=\"og:url\" content=\"https:\/\/talkpal.ai\/ro\/gramatica-galiciana\/\" \/>\n<meta property=\"og:site_name\" content=\"Talkpal\" \/>\n<meta property=\"article:publisher\" content=\"https:\/\/www.facebook.com\/profile.php?id=100090733639311\" \/>\n<meta property=\"article:modified_time\" content=\"2025-12-13T15:29:22+00:00\" \/>\n<meta property=\"og:image\" content=\"https:\/\/talkpal.ai\/wp-content\/uploads\/2023\/05\/Galician-spain.png\" \/>\n\t<meta property=\"og:image:width\" content=\"512\" \/>\n\t<meta property=\"og:image:height\" content=\"512\" \/>\n\t<meta property=\"og:image:type\" content=\"image\/png\" \/>\n<meta name=\"twitter:card\" content=\"summary_large_image\" \/>\n<meta name=\"twitter:site\" content=\"@talkpalai\" \/>\n<meta name=\"twitter:label1\" content=\"Timp estimat pentru citire\" \/>\n\t<meta name=\"twitter:data1\" content=\"3 minute\" \/>\n<script type=\"application\/ld+json\" class=\"yoast-schema-graph\">{\"@context\":\"https:\/\/schema.org\",\"@graph\":[{\"@type\":\"WebPage\",\"@id\":\"https:\/\/talkpal.ai\/ro\/gramatica-galiciana\/\",\"url\":\"https:\/\/talkpal.ai\/ro\/gramatica-galiciana\/\",\"name\":\"Gramatica galician\u0103 - Talkpal\",\"isPartOf\":{\"@id\":\"https:\/\/talkpal.ai\/ro\/#website\"},\"primaryImageOfPage\":{\"@id\":\"https:\/\/talkpal.ai\/ro\/gramatica-galiciana\/#primaryimage\"},\"image\":{\"@id\":\"https:\/\/talkpal.ai\/ro\/gramatica-galiciana\/#primaryimage\"},\"thumbnailUrl\":\"https:\/\/talkpal.ai\/wp-content\/uploads\/2023\/05\/Galician-spain.png\",\"datePublished\":\"2023-05-14T14:03:43+00:00\",\"dateModified\":\"2025-12-13T15:29:22+00:00\",\"description\":\"St\u0103p\u00e2ni\u021bi gramatica galician\u0103 cu u\u0219urin\u021b\u0103 - \u00eenv\u0103\u021ba\u021bi regulile, construi\u021bi propozi\u021bii corecte \u0219i comunica\u021bi clar\",\"breadcrumb\":{\"@id\":\"https:\/\/talkpal.ai\/ro\/gramatica-galiciana\/#breadcrumb\"},\"inLanguage\":\"ro-RO\",\"potentialAction\":[{\"@type\":\"ReadAction\",\"target\":[\"https:\/\/talkpal.ai\/ro\/gramatica-galiciana\/\"]}]},{\"@type\":\"ImageObject\",\"inLanguage\":\"ro-RO\",\"@id\":\"https:\/\/talkpal.ai\/ro\/gramatica-galiciana\/#primaryimage\",\"url\":\"https:\/\/talkpal.ai\/wp-content\/uploads\/2023\/05\/Galician-spain.png\",\"contentUrl\":\"https:\/\/talkpal.ai\/wp-content\/uploads\/2023\/05\/Galician-spain.png\",\"width\":512,\"height\":512},{\"@type\":\"BreadcrumbList\",\"@id\":\"https:\/\/talkpal.ai\/ro\/gramatica-galiciana\/#breadcrumb\",\"itemListElement\":[{\"@type\":\"ListItem\",\"position\":1,\"name\":\"Homepage\",\"item\":\"https:\/\/talkpal.ai\/ro\/\"},{\"@type\":\"ListItem\",\"position\":2,\"name\":\"Gramatica galician\u0103\"}]},{\"@type\":\"WebSite\",\"@id\":\"https:\/\/talkpal.ai\/ro\/#website\",\"url\":\"https:\/\/talkpal.ai\/ro\/\",\"name\":\"Talkpal\",\"description\":\"AI Language Learning\",\"publisher\":{\"@id\":\"https:\/\/talkpal.ai\/ro\/#organization\"},\"alternateName\":\"Talkpal AI\",\"potentialAction\":[{\"@type\":\"SearchAction\",\"target\":{\"@type\":\"EntryPoint\",\"urlTemplate\":\"https:\/\/talkpal.ai\/ro\/?s={search_term_string}\"},\"query-input\":{\"@type\":\"PropertyValueSpecification\",\"valueRequired\":true,\"valueName\":\"search_term_string\"}}],\"inLanguage\":\"ro-RO\"},{\"@type\":\"Organization\",\"@id\":\"https:\/\/talkpal.ai\/ro\/#organization\",\"name\":\"Talkpal, Inc.\",\"alternateName\":\"Talkpal AI\",\"url\":\"https:\/\/talkpal.ai\/ro\/\",\"logo\":{\"@type\":\"ImageObject\",\"inLanguage\":\"ro-RO\",\"@id\":\"https:\/\/talkpal.ai\/ro\/#\/schema\/logo\/image\/\",\"url\":\"https:\/\/talkpal.ai\/wp-content\/uploads\/2024\/03\/Talkpal-Logo-Icon.png\",\"contentUrl\":\"https:\/\/talkpal.ai\/wp-content\/uploads\/2024\/03\/Talkpal-Logo-Icon.png\",\"width\":2880,\"height\":2880,\"caption\":\"Talkpal, Inc.\"},\"image\":{\"@id\":\"https:\/\/talkpal.ai\/ro\/#\/schema\/logo\/image\/\"},\"sameAs\":[\"https:\/\/www.facebook.com\/profile.php?id=100090733639311\",\"https:\/\/x.com\/talkpalai\",\"https:\/\/www.linkedin.com\/company\/talkpal\/\",\"https:\/\/www.youtube.com\/@TalkPal\/\",\"https:\/\/www.tiktok.com\/@talkpal\",\"https:\/\/www.instagram.com\/talkpal_ai\/\",\"https:\/\/www.crunchbase.com\/organization\/talkpal-9cde\",\"https:\/\/www.g2.com\/products\/talkpal-for-business\/\",\"https:\/\/www.trustpilot.com\/review\/talkpal.ai\",\"https:\/\/www.capterra.com\/p\/10006800\/TalkPal\/\"],\"description\":\"Talkpal is a language learning web and mobile education app, powered by the latest AI technologies, that provides engaging experiences to its customers in many different languages to help them improve their language skills. Users can chat about unlimited amount of topics with the app and use other modes to practice their language learning.\",\"email\":\"support@talkpal.ai\",\"legalName\":\"Talkpal, Inc.\",\"foundingDate\":\"2023-04-03\",\"duns\":\"118989042\",\"numberOfEmployees\":{\"@type\":\"QuantitativeValue\",\"minValue\":\"11\",\"maxValue\":\"50\"},\"publishingPrinciples\":\"https:\/\/talkpal.ai\/publishing-principles\/\",\"actionableFeedbackPolicy\":\"https:\/\/talkpal.ai\/actionable-feedback-policy\/\",\"correctionsPolicy\":\"https:\/\/talkpal.ai\/corrections-policy\/\",\"ethicsPolicy\":\"https:\/\/talkpal.ai\/ethics-policy\/\",\"diversityPolicy\":\"https:\/\/talkpal.ai\/diversity-policy\/\",\"diversityStaffingReport\":\"https:\/\/talkpal.ai\/diversity-policy\/\"}]}<\/script>\n<!-- \/ Yoast SEO Premium plugin. -->","yoast_head_json":{"title":"Gramatica galician\u0103 - Talkpal","description":"St\u0103p\u00e2ni\u021bi gramatica galician\u0103 cu u\u0219urin\u021b\u0103 - \u00eenv\u0103\u021ba\u021bi regulile, construi\u021bi propozi\u021bii corecte \u0219i comunica\u021bi clar","robots":{"index":"index","follow":"follow","max-snippet":"max-snippet:-1","max-image-preview":"max-image-preview:large","max-video-preview":"max-video-preview:-1"},"canonical":"https:\/\/talkpal.ai\/ro\/gramatica-galiciana\/","og_locale":"ro_RO","og_type":"article","og_title":"Gramatica galician\u0103","og_description":"Gramatica galician\u0103: Deblocarea frumuse\u021bii unei limbi romanice Galiciana, o limb\u0103 romanic\u0103 vorbit\u0103 de peste dou\u0103 milioane de oameni din nord-vestul","og_url":"https:\/\/talkpal.ai\/ro\/gramatica-galiciana\/","og_site_name":"Talkpal","article_publisher":"https:\/\/www.facebook.com\/profile.php?id=100090733639311","article_modified_time":"2025-12-13T15:29:22+00:00","og_image":[{"width":512,"height":512,"url":"https:\/\/talkpal.ai\/wp-content\/uploads\/2023\/05\/Galician-spain.png","type":"image\/png"}],"twitter_card":"summary_large_image","twitter_site":"@talkpalai","twitter_misc":{"Timp estimat pentru citire":"3 minute"},"schema":{"@context":"https:\/\/schema.org","@graph":[{"@type":"WebPage","@id":"https:\/\/talkpal.ai\/ro\/gramatica-galiciana\/","url":"https:\/\/talkpal.ai\/ro\/gramatica-galiciana\/","name":"Gramatica galician\u0103 - Talkpal","isPartOf":{"@id":"https:\/\/talkpal.ai\/ro\/#website"},"primaryImageOfPage":{"@id":"https:\/\/talkpal.ai\/ro\/gramatica-galiciana\/#primaryimage"},"image":{"@id":"https:\/\/talkpal.ai\/ro\/gramatica-galiciana\/#primaryimage"},"thumbnailUrl":"https:\/\/talkpal.ai\/wp-content\/uploads\/2023\/05\/Galician-spain.png","datePublished":"2023-05-14T14:03:43+00:00","dateModified":"2025-12-13T15:29:22+00:00","description":"St\u0103p\u00e2ni\u021bi gramatica galician\u0103 cu u\u0219urin\u021b\u0103 - \u00eenv\u0103\u021ba\u021bi regulile, construi\u021bi propozi\u021bii corecte \u0219i comunica\u021bi clar","breadcrumb":{"@id":"https:\/\/talkpal.ai\/ro\/gramatica-galiciana\/#breadcrumb"},"inLanguage":"ro-RO","potentialAction":[{"@type":"ReadAction","target":["https:\/\/talkpal.ai\/ro\/gramatica-galiciana\/"]}]},{"@type":"ImageObject","inLanguage":"ro-RO","@id":"https:\/\/talkpal.ai\/ro\/gramatica-galiciana\/#primaryimage","url":"https:\/\/talkpal.ai\/wp-content\/uploads\/2023\/05\/Galician-spain.png","contentUrl":"https:\/\/talkpal.ai\/wp-content\/uploads\/2023\/05\/Galician-spain.png","width":512,"height":512},{"@type":"BreadcrumbList","@id":"https:\/\/talkpal.ai\/ro\/gramatica-galiciana\/#breadcrumb","itemListElement":[{"@type":"ListItem","position":1,"name":"Homepage","item":"https:\/\/talkpal.ai\/ro\/"},{"@type":"ListItem","position":2,"name":"Gramatica galician\u0103"}]},{"@type":"WebSite","@id":"https:\/\/talkpal.ai\/ro\/#website","url":"https:\/\/talkpal.ai\/ro\/","name":"Talkpal","description":"AI Language Learning","publisher":{"@id":"https:\/\/talkpal.ai\/ro\/#organization"},"alternateName":"Talkpal AI","potentialAction":[{"@type":"SearchAction","target":{"@type":"EntryPoint","urlTemplate":"https:\/\/talkpal.ai\/ro\/?s={search_term_string}"},"query-input":{"@type":"PropertyValueSpecification","valueRequired":true,"valueName":"search_term_string"}}],"inLanguage":"ro-RO"},{"@type":"Organization","@id":"https:\/\/talkpal.ai\/ro\/#organization","name":"Talkpal, Inc.","alternateName":"Talkpal AI","url":"https:\/\/talkpal.ai\/ro\/","logo":{"@type":"ImageObject","inLanguage":"ro-RO","@id":"https:\/\/talkpal.ai\/ro\/#\/schema\/logo\/image\/","url":"https:\/\/talkpal.ai\/wp-content\/uploads\/2024\/03\/Talkpal-Logo-Icon.png","contentUrl":"https:\/\/talkpal.ai\/wp-content\/uploads\/2024\/03\/Talkpal-Logo-Icon.png","width":2880,"height":2880,"caption":"Talkpal, Inc."},"image":{"@id":"https:\/\/talkpal.ai\/ro\/#\/schema\/logo\/image\/"},"sameAs":["https:\/\/www.facebook.com\/profile.php?id=100090733639311","https:\/\/x.com\/talkpalai","https:\/\/www.linkedin.com\/company\/talkpal\/","https:\/\/www.youtube.com\/@TalkPal\/","https:\/\/www.tiktok.com\/@talkpal","https:\/\/www.instagram.com\/talkpal_ai\/","https:\/\/www.crunchbase.com\/organization\/talkpal-9cde","https:\/\/www.g2.com\/products\/talkpal-for-business\/","https:\/\/www.trustpilot.com\/review\/talkpal.ai","https:\/\/www.capterra.com\/p\/10006800\/TalkPal\/"],"description":"Talkpal is a language learning web and mobile education app, powered by the latest AI technologies, that provides engaging experiences to its customers in many different languages to help them improve their language skills. Users can chat about unlimited amount of topics with the app and use other modes to practice their language learning.","email":"support@talkpal.ai","legalName":"Talkpal, Inc.","foundingDate":"2023-04-03","duns":"118989042","numberOfEmployees":{"@type":"QuantitativeValue","minValue":"11","maxValue":"50"},"publishingPrinciples":"https:\/\/talkpal.ai\/publishing-principles\/","actionableFeedbackPolicy":"https:\/\/talkpal.ai\/actionable-feedback-policy\/","correctionsPolicy":"https:\/\/talkpal.ai\/corrections-policy\/","ethicsPolicy":"https:\/\/talkpal.ai\/ethics-policy\/","diversityPolicy":"https:\/\/talkpal.ai\/diversity-policy\/","diversityStaffingReport":"https:\/\/talkpal.ai\/diversity-policy\/"}]}},"_links":{"self":[{"href":"https:\/\/talkpal.ai\/ro\/wp-json\/wp\/v2\/pages\/143950","targetHints":{"allow":["GET"]}}],"collection":[{"href":"https:\/\/talkpal.ai\/ro\/wp-json\/wp\/v2\/pages"}],"about":[{"href":"https:\/\/talkpal.ai\/ro\/wp-json\/wp\/v2\/types\/page"}],"author":[{"embeddable":true,"href":"https:\/\/talkpal.ai\/ro\/wp-json\/wp\/v2\/users\/1"}],"replies":[{"embeddable":true,"href":"https:\/\/talkpal.ai\/ro\/wp-json\/wp\/v2\/comments?post=143950"}],"version-history":[{"count":0,"href":"https:\/\/talkpal.ai\/ro\/wp-json\/wp\/v2\/pages\/143950\/revisions"}],"wp:featuredmedia":[{"embeddable":true,"href":"https:\/\/talkpal.ai\/ro\/wp-json\/wp\/v2\/media\/112038"}],"wp:attachment":[{"href":"https:\/\/talkpal.ai\/ro\/wp-json\/wp\/v2\/media?parent=143950"}],"curies":[{"name":"wp","href":"https:\/\/api.w.org\/{rel}","templated":true}]}}